{"id":38448,"date":"2020-09-02T17:32:16","date_gmt":"2020-09-02T15:32:16","guid":{"rendered":"https:\/\/fit360.ee\/pood\/uncategorized\/lipo-6-black-nutrex\/"},"modified":"2025-08-13T07:38:04","modified_gmt":"2025-08-13T05:38:04","slug":"lipo-6-black-nutrex","status":"publish","type":"product","link":"https:\/\/fit360.ee\/en\/pood\/product-groups\/fat-burners-en\/lipo-6-black-nutrex\/","title":{"rendered":"NUTREX Lipo 6 BLACK Maximum Potency (120caps)"},"content":{"rendered":"<h1>LIPO 6 BLACK<\/h1>\n<p>Lipo 6 Black Nutrexi poolt on \u00fcks enim-ostetuid rasvap\u00f5letajaid maailmas<\/p>\n<p><strong>Lipo 6 sisaldab<\/strong>:<\/p>\n<ul>\n<li>Ultra kontsentreeritud rasvap\u00f5letaja<\/li>\n<li>Aktiviseerib ainevahetust ning aitab rohkem kaloreid p\u00f5letada<\/li>\n<li>Kiirelt imenduvad vedelik-kapslid (geelkapslid)<\/li>\n<li>\u00fche kuu varu<\/li>\n<\/ul>\n<p><strong>Kofeiin<\/strong> &#8211; stimuleerib rasvade p\u00f5letamist, muutes selle energia, samuti stimuleerib adrenaliini &#8211; hormoon, mis suurendab tungimist rasvhappeid veres, lihaste omakorda kasutavad neid rasvhappeid energiaallikana.<\/p>\n<p><strong>Forskoliin<\/strong> &#8211; mitte ainult rasva p\u00f5letamine m\u00f5ju, vaid suurendab meestel ka testosterooni taset. Forskoliini v\u00f5ime suurendada testosterooni on teaduslikult t\u00f5estatud, nii et see soodustab meestel ka lihasmassi kasvu<\/p>\n<table>\n<tbody>\n<tr>\n<td width=\"205\"><strong>Toimeaine<\/strong><\/td>\n<td width=\"205\"><strong>3 kapslit ( 1 serveering)<\/strong><\/td>\n<td width=\"205\"><strong>SPK %<\/strong><\/td>\n<\/tr>\n<tr>\n<td width=\"205\">Rohelise tee ekstrakt<\/td>\n<td width=\"205\">250mg<\/td>\n<td width=\"205\">*<\/td>\n<\/tr>\n<tr>\n<td width=\"205\">teobromakakao (uba)<\/td>\n<td width=\"205\">208,5mg<\/td>\n<td width=\"205\">*<\/td>\n<\/tr>\n<tr>\n<td width=\"205\">veevaba kofeiin<\/td>\n<td width=\"205\">200mg<\/td>\n<td width=\"205\">*<\/td>\n<\/tr>\n<tr>\n<td width=\"205\">N-atset\u00fc\u00fcl-L-t\u00fcrosiin<\/td>\n<td width=\"205\">150mg<\/td>\n<td width=\"205\">*<\/td>\n<\/tr>\n<tr>\n<td width=\"205\">Ingverijuure CO2 ekstrakt<\/td>\n<td width=\"205\">50mg<\/td>\n<td width=\"205\">*<\/td>\n<\/tr>\n<tr>\n<td width=\"205\"><em>Coleus forskohlii<\/em> (juur &#8211; sisaldab forskohiili)<\/td>\n<td width=\"205\"><\/td>\n<td width=\"205\"><\/td>\n<\/tr>\n<tr>\n<td width=\"205\"><em>Piper Nigrum<\/em><\/td>\n<td width=\"205\">5mg<\/td>\n<td width=\"205\">*<\/td>\n<\/tr>\n<\/tbody>\n<\/table>\n<p>SPK &#8211; soovitatud p\u00e4evane kogus * &#8211; p\u00e4evane kogus pole kindlaks tehtud<\/p>\n<p><strong>Teised koostisosad<\/strong>: Gl\u00fctseriin (E422), vege kapsel (E464), puhastatud vesi, Klorof\u00fcllin (E141)<\/p>\n<p><strong>Kasutamine<\/strong>: T\u00e4iskasvanu serveering on 3 geelkapslit hommikul ja 3 geelkapslit l\u00f5unas. \u00c4RGE \u00dcLETAGE SOOVITATUD KOGUST. V\u00f5tke v\u00e4hemalt tund aega enne s\u00f6\u00f6mist. \u00c4rge v\u00f5tke 6 tunni jooksul enne magama minekut. J\u00e4lgige neid juhiseid!<\/p>\n<p>Soovid kaupa osta suuremas koguses? Vaata antud toodet ka meie HULGI poest\u00a0<a href=\"https:\/\/toidulisandidhulgi.ee\/product\/lipo-6-black-nutrex\/\"><strong>SIIT<\/strong><\/a>!<\/p>\n","protected":false},"excerpt":{"rendered":"<h2>LIPO 6 Black Maximum Potency:<\/h2>\n<ul>\n<li>Ultra kontsentreeritud rasvap\u00f5letaja<\/li>\n<li>Aktiviseerib ainevahetust ning aitab rohkem kaloreid p\u00f5letada<\/li>\n<li>Kiirelt imenduvad vedelik-kapslid (geelkapslid)<\/li>\n<li>\u00fche kuu varu<\/li>\n<li>Maailma \u00fcks populaarsemaid ja efektiivsemaid rasvap\u00f5letajaid<\/li>\n<\/ul>\n<p>&nbsp;<\/p>\n","protected":false},"featured_media":38447,"comment_status":"open","ping_status":"closed","template":"","meta":[],"product_brand":[],"product_cat":[530,1977],"product_tag":[1990,1991,1992],"giftcard-category":[],"class_list":{"0":"post-38448","1":"product","2":"type-product","3":"status-publish","4":"has-post-thumbnail","6":"product_cat-fat-burners-en","7":"product_cat-nutrex-en","8":"product_tag-lipo-6-en","9":"product_tag-lipo-6-black-en","10":"product_tag-nutrex-en","11":"pa_toidulisand-branddd-nutrex","12":"pa_tootegruppp-weight-loss","14":"first","15":"instock","16":"sale","17":"taxable","18":"shipping-taxable","19":"purchasable","20":"product-type-simple"},"yoast_head":"<!-- This site is optimized with the Yoast SEO plugin v27.3 - https:\/\/yoast.com\/product\/yoast-seo-wordpress\/ -->\n<title>Lipo 6 Black (120caps) - Rasvap\u00f5letaja - Rasvap\u00f5letus - Kiire tarne - Fit360<\/title>\n<meta name=\"description\" content=\"Lipo 6 Black on ultra kontsentreeritud rasvap\u00f5letaja. Lipo 6 aktiveerib ainevahetust ja aitab kaloreid p\u00f5letada. H\u00e4sti imenduvad geelkapslid\" \/>\n<meta name=\"robots\" content=\"index, follow, max-snippet:-1, max-image-preview:large, max-video-preview:-1\" \/>\n<link rel=\"canonical\" href=\"https:\/\/fit360.ee\/en\/pood\/product-groups\/fat-burners-en\/lipo-6-black-nutrex\/\" \/>\n<meta property=\"og:locale\" content=\"en_US\" \/>\n<meta property=\"og:type\" content=\"article\" \/>\n<meta property=\"og:title\" content=\"Lipo 6 Black (120caps) - Rasvap\u00f5letaja - Rasvap\u00f5letus - Kiire tarne - Fit360\" \/>\n<meta property=\"og:description\" content=\"Lipo 6 Black on ultra kontsentreeritud rasvap\u00f5letaja. Lipo 6 aktiveerib ainevahetust ja aitab kaloreid p\u00f5letada. H\u00e4sti imenduvad geelkapslid\" \/>\n<meta property=\"og:url\" content=\"https:\/\/fit360.ee\/en\/pood\/product-groups\/fat-burners-en\/lipo-6-black-nutrex\/\" \/>\n<meta property=\"og:site_name\" content=\"Fit360\" \/>\n<meta property=\"article:modified_time\" content=\"2025-08-13T05:38:04+00:00\" \/>\n<meta property=\"og:image\" content=\"https:\/\/fit360.ee\/wp-content\/uploads\/2020\/09\/74854.png\" \/>\n\t<meta property=\"og:image:width\" content=\"600\" \/>\n\t<meta property=\"og:image:height\" content=\"600\" \/>\n\t<meta property=\"og:image:type\" content=\"image\/png\" \/>\n<meta name=\"twitter:card\" content=\"summary_large_image\" \/>\n<meta name=\"twitter:label1\" content=\"Est. reading time\" \/>\n\t<meta name=\"twitter:data1\" content=\"1 minute\" \/>\n<script type=\"application\/ld+json\" class=\"yoast-schema-graph\">{\"@context\":\"https:\\\/\\\/schema.org\",\"@graph\":[{\"@type\":\"WebPage\",\"@id\":\"https:\\\/\\\/fit360.ee\\\/en\\\/pood\\\/product-groups\\\/fat-burners-en\\\/lipo-6-black-nutrex\\\/\",\"url\":\"https:\\\/\\\/fit360.ee\\\/en\\\/pood\\\/product-groups\\\/fat-burners-en\\\/lipo-6-black-nutrex\\\/\",\"name\":\"Lipo 6 Black (120caps) - Rasvap\u00f5letaja - Rasvap\u00f5letus - Kiire tarne - Fit360\",\"isPartOf\":{\"@id\":\"https:\\\/\\\/fit360.ee\\\/en\\\/#website\"},\"primaryImageOfPage\":{\"@id\":\"https:\\\/\\\/fit360.ee\\\/en\\\/pood\\\/product-groups\\\/fat-burners-en\\\/lipo-6-black-nutrex\\\/#primaryimage\"},\"image\":{\"@id\":\"https:\\\/\\\/fit360.ee\\\/en\\\/pood\\\/product-groups\\\/fat-burners-en\\\/lipo-6-black-nutrex\\\/#primaryimage\"},\"thumbnailUrl\":\"https:\\\/\\\/fit360.ee\\\/wp-content\\\/uploads\\\/2020\\\/09\\\/74854.png\",\"datePublished\":\"2020-09-02T15:32:16+00:00\",\"dateModified\":\"2025-08-13T05:38:04+00:00\",\"description\":\"Lipo 6 Black on ultra kontsentreeritud rasvap\u00f5letaja. Lipo 6 aktiveerib ainevahetust ja aitab kaloreid p\u00f5letada. H\u00e4sti imenduvad geelkapslid\",\"breadcrumb\":{\"@id\":\"https:\\\/\\\/fit360.ee\\\/en\\\/pood\\\/product-groups\\\/fat-burners-en\\\/lipo-6-black-nutrex\\\/#breadcrumb\"},\"inLanguage\":\"en-US\",\"potentialAction\":[{\"@type\":\"ReadAction\",\"target\":[\"https:\\\/\\\/fit360.ee\\\/en\\\/pood\\\/product-groups\\\/fat-burners-en\\\/lipo-6-black-nutrex\\\/\"]}]},{\"@type\":\"ImageObject\",\"inLanguage\":\"en-US\",\"@id\":\"https:\\\/\\\/fit360.ee\\\/en\\\/pood\\\/product-groups\\\/fat-burners-en\\\/lipo-6-black-nutrex\\\/#primaryimage\",\"url\":\"https:\\\/\\\/fit360.ee\\\/wp-content\\\/uploads\\\/2020\\\/09\\\/74854.png\",\"contentUrl\":\"https:\\\/\\\/fit360.ee\\\/wp-content\\\/uploads\\\/2020\\\/09\\\/74854.png\",\"width\":600,\"height\":600,\"caption\":\"Lipo 6 Black rasvap\u00f5letaja - fit360.ee\"},{\"@type\":\"BreadcrumbList\",\"@id\":\"https:\\\/\\\/fit360.ee\\\/en\\\/pood\\\/product-groups\\\/fat-burners-en\\\/lipo-6-black-nutrex\\\/#breadcrumb\",\"itemListElement\":[{\"@type\":\"ListItem\",\"position\":1,\"name\":\"Home\",\"item\":\"https:\\\/\\\/fit360.ee\\\/en\\\/\"},{\"@type\":\"ListItem\",\"position\":2,\"name\":\"Shop\",\"item\":\"https:\\\/\\\/fit360.ee\\\/en\\\/shop\\\/\"},{\"@type\":\"ListItem\",\"position\":3,\"name\":\"NUTREX Lipo 6 BLACK Maximum Potency (120caps)\"}]},{\"@type\":\"WebSite\",\"@id\":\"https:\\\/\\\/fit360.ee\\\/en\\\/#website\",\"url\":\"https:\\\/\\\/fit360.ee\\\/en\\\/\",\"name\":\"Fit360\",\"description\":\"\",\"publisher\":{\"@id\":\"https:\\\/\\\/fit360.ee\\\/en\\\/#organization\"},\"potentialAction\":[{\"@type\":\"SearchAction\",\"target\":{\"@type\":\"EntryPoint\",\"urlTemplate\":\"https:\\\/\\\/fit360.ee\\\/en\\\/?s={search_term_string}\"},\"query-input\":{\"@type\":\"PropertyValueSpecification\",\"valueRequired\":true,\"valueName\":\"search_term_string\"}}],\"inLanguage\":\"en-US\"},{\"@type\":\"Organization\",\"@id\":\"https:\\\/\\\/fit360.ee\\\/en\\\/#organization\",\"name\":\"Fit360\",\"url\":\"https:\\\/\\\/fit360.ee\\\/en\\\/\",\"logo\":{\"@type\":\"ImageObject\",\"inLanguage\":\"en-US\",\"@id\":\"https:\\\/\\\/fit360.ee\\\/en\\\/#\\\/schema\\\/logo\\\/image\\\/\",\"url\":\"https:\\\/\\\/fit360.ee\\\/wp-content\\\/uploads\\\/2017\\\/01\\\/logo-fit360.png\",\"contentUrl\":\"https:\\\/\\\/fit360.ee\\\/wp-content\\\/uploads\\\/2017\\\/01\\\/logo-fit360.png\",\"width\":180,\"height\":66,\"caption\":\"Fit360\"},\"image\":{\"@id\":\"https:\\\/\\\/fit360.ee\\\/en\\\/#\\\/schema\\\/logo\\\/image\\\/\"}}]}<\/script>\n<!-- \/ Yoast SEO plugin. -->","yoast_head_json":{"title":"Lipo 6 Black (120caps) - Rasvap\u00f5letaja - Rasvap\u00f5letus - Kiire tarne - Fit360","description":"Lipo 6 Black on ultra kontsentreeritud rasvap\u00f5letaja. Lipo 6 aktiveerib ainevahetust ja aitab kaloreid p\u00f5letada. H\u00e4sti imenduvad geelkapslid","robots":{"index":"index","follow":"follow","max-snippet":"max-snippet:-1","max-image-preview":"max-image-preview:large","max-video-preview":"max-video-preview:-1"},"canonical":"https:\/\/fit360.ee\/en\/pood\/product-groups\/fat-burners-en\/lipo-6-black-nutrex\/","og_locale":"en_US","og_type":"article","og_title":"Lipo 6 Black (120caps) - Rasvap\u00f5letaja - Rasvap\u00f5letus - Kiire tarne - Fit360","og_description":"Lipo 6 Black on ultra kontsentreeritud rasvap\u00f5letaja. Lipo 6 aktiveerib ainevahetust ja aitab kaloreid p\u00f5letada. H\u00e4sti imenduvad geelkapslid","og_url":"https:\/\/fit360.ee\/en\/pood\/product-groups\/fat-burners-en\/lipo-6-black-nutrex\/","og_site_name":"Fit360","article_modified_time":"2025-08-13T05:38:04+00:00","og_image":[{"width":600,"height":600,"url":"https:\/\/fit360.ee\/wp-content\/uploads\/2020\/09\/74854.png","type":"image\/png"}],"twitter_card":"summary_large_image","twitter_misc":{"Est. reading time":"1 minute"},"schema":{"@context":"https:\/\/schema.org","@graph":[{"@type":"WebPage","@id":"https:\/\/fit360.ee\/en\/pood\/product-groups\/fat-burners-en\/lipo-6-black-nutrex\/","url":"https:\/\/fit360.ee\/en\/pood\/product-groups\/fat-burners-en\/lipo-6-black-nutrex\/","name":"Lipo 6 Black (120caps) - Rasvap\u00f5letaja - Rasvap\u00f5letus - Kiire tarne - Fit360","isPartOf":{"@id":"https:\/\/fit360.ee\/en\/#website"},"primaryImageOfPage":{"@id":"https:\/\/fit360.ee\/en\/pood\/product-groups\/fat-burners-en\/lipo-6-black-nutrex\/#primaryimage"},"image":{"@id":"https:\/\/fit360.ee\/en\/pood\/product-groups\/fat-burners-en\/lipo-6-black-nutrex\/#primaryimage"},"thumbnailUrl":"https:\/\/fit360.ee\/wp-content\/uploads\/2020\/09\/74854.png","datePublished":"2020-09-02T15:32:16+00:00","dateModified":"2025-08-13T05:38:04+00:00","description":"Lipo 6 Black on ultra kontsentreeritud rasvap\u00f5letaja. Lipo 6 aktiveerib ainevahetust ja aitab kaloreid p\u00f5letada. H\u00e4sti imenduvad geelkapslid","breadcrumb":{"@id":"https:\/\/fit360.ee\/en\/pood\/product-groups\/fat-burners-en\/lipo-6-black-nutrex\/#breadcrumb"},"inLanguage":"en-US","potentialAction":[{"@type":"ReadAction","target":["https:\/\/fit360.ee\/en\/pood\/product-groups\/fat-burners-en\/lipo-6-black-nutrex\/"]}]},{"@type":"ImageObject","inLanguage":"en-US","@id":"https:\/\/fit360.ee\/en\/pood\/product-groups\/fat-burners-en\/lipo-6-black-nutrex\/#primaryimage","url":"https:\/\/fit360.ee\/wp-content\/uploads\/2020\/09\/74854.png","contentUrl":"https:\/\/fit360.ee\/wp-content\/uploads\/2020\/09\/74854.png","width":600,"height":600,"caption":"Lipo 6 Black rasvap\u00f5letaja - fit360.ee"},{"@type":"BreadcrumbList","@id":"https:\/\/fit360.ee\/en\/pood\/product-groups\/fat-burners-en\/lipo-6-black-nutrex\/#breadcrumb","itemListElement":[{"@type":"ListItem","position":1,"name":"Home","item":"https:\/\/fit360.ee\/en\/"},{"@type":"ListItem","position":2,"name":"Shop","item":"https:\/\/fit360.ee\/en\/shop\/"},{"@type":"ListItem","position":3,"name":"NUTREX Lipo 6 BLACK Maximum Potency (120caps)"}]},{"@type":"WebSite","@id":"https:\/\/fit360.ee\/en\/#website","url":"https:\/\/fit360.ee\/en\/","name":"Fit360","description":"","publisher":{"@id":"https:\/\/fit360.ee\/en\/#organization"},"potentialAction":[{"@type":"SearchAction","target":{"@type":"EntryPoint","urlTemplate":"https:\/\/fit360.ee\/en\/?s={search_term_string}"},"query-input":{"@type":"PropertyValueSpecification","valueRequired":true,"valueName":"search_term_string"}}],"inLanguage":"en-US"},{"@type":"Organization","@id":"https:\/\/fit360.ee\/en\/#organization","name":"Fit360","url":"https:\/\/fit360.ee\/en\/","logo":{"@type":"ImageObject","inLanguage":"en-US","@id":"https:\/\/fit360.ee\/en\/#\/schema\/logo\/image\/","url":"https:\/\/fit360.ee\/wp-content\/uploads\/2017\/01\/logo-fit360.png","contentUrl":"https:\/\/fit360.ee\/wp-content\/uploads\/2017\/01\/logo-fit360.png","width":180,"height":66,"caption":"Fit360"},"image":{"@id":"https:\/\/fit360.ee\/en\/#\/schema\/logo\/image\/"}}]}},"_links":{"self":[{"href":"https:\/\/fit360.ee\/en\/wp-json\/wp\/v2\/product\/38448","targetHints":{"allow":["GET"]}}],"collection":[{"href":"https:\/\/fit360.ee\/en\/wp-json\/wp\/v2\/product"}],"about":[{"href":"https:\/\/fit360.ee\/en\/wp-json\/wp\/v2\/types\/product"}],"replies":[{"embeddable":true,"href":"https:\/\/fit360.ee\/en\/wp-json\/wp\/v2\/comments?post=38448"}],"wp:featuredmedia":[{"embeddable":true,"href":"https:\/\/fit360.ee\/en\/wp-json\/wp\/v2\/media\/38447"}],"wp:attachment":[{"href":"https:\/\/fit360.ee\/en\/wp-json\/wp\/v2\/media?parent=38448"}],"wp:term":[{"taxonomy":"product_brand","embeddable":true,"href":"https:\/\/fit360.ee\/en\/wp-json\/wp\/v2\/product_brand?post=38448"},{"taxonomy":"product_cat","embeddable":true,"href":"https:\/\/fit360.ee\/en\/wp-json\/wp\/v2\/product_cat?post=38448"},{"taxonomy":"product_tag","embeddable":true,"href":"https:\/\/fit360.ee\/en\/wp-json\/wp\/v2\/product_tag?post=38448"},{"taxonomy":"giftcard-category","embeddable":true,"href":"https:\/\/fit360.ee\/en\/wp-json\/wp\/v2\/giftcard-category?post=38448"}],"curies":[{"name":"wp","href":"https:\/\/api.w.org\/{rel}","templated":true}]}}