{"id":38482,"date":"2020-09-03T18:20:20","date_gmt":"2020-09-03T16:20:20","guid":{"rendered":"https:\/\/fit360.ee\/pood\/uncategorized\/acetyl-l-carnitine-green-tea-100caps\/"},"modified":"2026-04-09T15:27:19","modified_gmt":"2026-04-09T13:27:19","slug":"acetyl-l-carnitine-green-tea-100caps","status":"publish","type":"product","link":"https:\/\/fit360.ee\/en\/pood\/product-groups\/superfoods-health-foods-en\/green-tea-extract-en\/acetyl-l-carnitine-green-tea-100caps\/","title":{"rendered":"Acetyl L-Carnitine + Green Tea (100caps)"},"content":{"rendered":"<h2 style=\"text-align: left;\"><strong>ACETYL L-CARNITINE<\/strong><\/h2>\n<ul>\n<li>Stimuleerib ajut\u00f6\u00f6d<\/li>\n<li>Antioks\u00fcdandi valem<\/li>\n<li>Lisatud rohelise tee ekstrakt<\/li>\n<li>M\u00f5jub positiivselt lihaskasvtule<\/li>\n<li>Dopingu vaba<\/li>\n<\/ul>\n<p>Acetyl L-Carnitine (Atset\u00fc\u00fcl L-karnitiin) on L-karnitiini atset\u00fc\u00fclitud vorm, mis on t\u00e4htis rasvap\u00f5letaja, lisaks m\u00f5jub positiivselt lihaskasvule. See uuenduslik toidulisand aitab kaasa kaalu langetamisel ja rasvap\u00f5letusel.<br \/>\nALC soodustab n\u00e4rvis\u00fcsteemi (eriti aju) ja immuuns\u00fcsteemi tegevust. Lisaks aitab v\u00f5idelda\u00a0stressiga\u00a0ning v\u00e4hendab \u00fcletreeningu riski. ALC t\u00f5stab ketoonide ja teiste lipiidide kasutatavust aju poolt\u00a0 mis aitab dieedil olles v\u00e4hendada motivatsioonipuudust ning tujutust, aidates seega paremini dieeti taluda. ALC v\u00e4hendab lisaks ka kolesteroolitaset.<\/p>\n<p><strong>Rohelise tee lehtede ekstrakt<\/strong>\u00a0on soovitatav kasutada loomuliku ainevahetuse ja rasvap\u00f5letuse kiirendamiseks, mitte ainult f\u00fc\u00fcsiliselt aktiivsetele inimestel. T\u00e4iendavalt rikastab rohelise tee ekstrakt igap\u00e4evase toidu tugevate antioks\u00fcdantidega ja tagab keha loomuliku\u00a0<em>detox<\/em>i protsessi.<\/p>\n<p><strong>\u00dches serveeringus (2 kapslit):<\/strong><\/p>\n<ul>\n<li>600 mg L-karnitiini (atset\u00fc\u00fcl L-karnitiin h\u00fcdrokloriidist)<\/li>\n<li>200mg tsinki<\/li>\n<\/ul>\n<p><strong>Kellele ALCi soovitatakse?<\/strong><\/p>\n<ul>\n<li>Nii meestele kui naistele<\/li>\n<li>Neile, kes soovivad kaalu alandadam<\/li>\n<li>Regulaarsetele igap\u00e4evastele treenijatele<\/li>\n<li>Kofeiinitundlikele inimestele<\/li>\n<\/ul>\n<p><strong>Koostisosad<\/strong>: Atset\u00fc\u00fcl L-karnitiin H\u00fcdrokloriid, Rohelise Tee ekstrakt (<em>Camellia Sinensis)<\/em>, \u017eelatiin (kapsli \u00fcmbris)<\/p>\n<p><strong>Kasutamine<\/strong>: v\u00f5ta 1\u20132 kapslit \u00fcks kord p\u00e4evas, soovitavalt enne treeningut.<\/p>\n<p><strong>NB! Toode ei asenda mitmek\u00fclgset toitumist. Hoida lastele k\u00e4ttesaamatus kohas.<\/strong><\/p>\n<p><strong>Pakendi suurus<\/strong>: 100 kapslit \u2013 100 serveeringut.<\/p>\n<table width=\"300\">\n<tbody>\n<tr>\n<td width=\"168\"><strong>Anal\u00fc\u00fcs<\/strong><\/td>\n<td width=\"132\"><strong>1 kapsel:<\/strong><\/td>\n<\/tr>\n<tr>\n<td width=\"168\">Atset\u00fc\u00fcl L-karnitiin<\/td>\n<td width=\"132\">300mg<\/td>\n<\/tr>\n<tr>\n<td width=\"168\">Pol\u00fcfenool<\/td>\n<td width=\"132\">98mg<\/td>\n<\/tr>\n<tr>\n<td width=\"168\">Katehhiin<\/td>\n<td width=\"132\">80mg<\/td>\n<\/tr>\n<tr>\n<td width=\"168\">Kofeiin<\/td>\n<td width=\"132\">3mg<\/td>\n<\/tr>\n<tr>\n<td width=\"168\">Rohelise Tee Ekstrakt<\/td>\n<td width=\"132\">100mg<\/td>\n<\/tr>\n<\/tbody>\n<\/table>\n<p>Vaata meie Rasvap\u00f5letajaid <a href=\"https:\/\/fit360.ee\/en\/product-category\/product-groups\/fat-burners-en\/\"><strong>SIIT<\/strong><\/a> v\u00f5i L-Karnitiine <a href=\"https:\/\/fit360.ee\/en\/product-category\/product-groups\/fat-burners-en\/l-carnitine-en\/\"><strong>SIIT<\/strong><\/a>!<\/p>\n<p>Soovid teha suuremat tellimust? Vaata antud toodet meie HULGI lehelt\u00a0<a href=\"https:\/\/toidulisandidhulgi.ee\/product\/acetyl-l-carniti\u2026reen-tea-100caps\/\"><strong>SIIT<\/strong><\/a>!<\/p>\n","protected":false},"excerpt":{"rendered":"<ul>\n<li>Stimuleerib ajut\u00f6\u00f6d<\/li>\n<li>Antioks\u00fcdandi valem<\/li>\n<li>Lisatud rohelise tee ekstrakt<\/li>\n<li>M\u00f5jub positiivselt lihaskasvtule<\/li>\n<li>Dopingu vaba<\/li>\n<\/ul>\n<p>&nbsp;<\/p>\n","protected":false},"featured_media":85356,"comment_status":"open","ping_status":"closed","template":"","meta":[],"product_brand":[],"product_cat":[2485,1618,530,2371,2404,2408,1454],"product_tag":[1985,1986,1773],"giftcard-category":[],"class_list":{"0":"post-38482","1":"product","2":"type-product","3":"status-publish","4":"has-post-thumbnail","6":"product_cat-brain-support-nootropics-en","7":"product_cat-evolite-en","8":"product_cat-fat-burners-en","9":"product_cat-green-tea-extract-en","10":"product_cat-l-carnitine-en","11":"product_cat-stimulant-free-fat-burners-en","12":"product_cat-superfoods-health-foods-en","13":"product_tag-acetyl-l-carnitine-en","14":"product_tag-atsetuul-l-karnitiin-en","15":"product_tag-evolite-en","16":"pa_toidulisand-branddd-evolite","17":"pa_tootegruppp-aju-tegevus-nootropics-en","18":"pa_tootegruppp-l-karnitiin-en","19":"pa_tootegruppp-rohelise-tee-ekstrakt-en","20":"pa_tootegruppp-stimulandivaba-en","21":"pa_tootegruppp-supertoit-tervisetoit-en","22":"pa_tootegruppp-weight-loss","24":"first","25":"instock","26":"sale","27":"taxable","28":"shipping-taxable","29":"purchasable","30":"product-type-simple"},"yoast_head":"<!-- This site is optimized with the Yoast SEO plugin v27.3 - https:\/\/yoast.com\/product\/yoast-seo-wordpress\/ -->\n<title>Acetyl L-Carnitine + Green Tea (100caps) - Atset\u00fc\u00fcl L-karnitiin - Kiire tarne<\/title>\n<meta name=\"description\" content=\"Acetyl L-Carnitine soodustab n\u00e4rvis\u00fcsteemi (eriti aju) ja immuuns\u00fcsteemi tegevust. Lisaks on see t\u00f5hus rasvap\u00f5letaja ning leevendab stressi\" \/>\n<meta name=\"robots\" content=\"index, follow, max-snippet:-1, max-image-preview:large, max-video-preview:-1\" \/>\n<link rel=\"canonical\" href=\"https:\/\/fit360.ee\/en\/pood\/product-groups\/superfoods-health-foods-en\/green-tea-extract-en\/acetyl-l-carnitine-green-tea-100caps\/\" \/>\n<meta property=\"og:locale\" content=\"en_US\" \/>\n<meta property=\"og:type\" content=\"article\" \/>\n<meta property=\"og:title\" content=\"Acetyl L-Carnitine + Green Tea (100caps) - Atset\u00fc\u00fcl L-karnitiin - Kiire tarne\" \/>\n<meta property=\"og:description\" content=\"Acetyl L-Carnitine soodustab n\u00e4rvis\u00fcsteemi (eriti aju) ja immuuns\u00fcsteemi tegevust. Lisaks on see t\u00f5hus rasvap\u00f5letaja ning leevendab stressi\" \/>\n<meta property=\"og:url\" content=\"https:\/\/fit360.ee\/en\/pood\/product-groups\/superfoods-health-foods-en\/green-tea-extract-en\/acetyl-l-carnitine-green-tea-100caps\/\" \/>\n<meta property=\"og:site_name\" content=\"Fit360\" \/>\n<meta property=\"article:modified_time\" content=\"2026-04-09T13:27:19+00:00\" \/>\n<meta property=\"og:image\" content=\"https:\/\/fit360.ee\/wp-content\/uploads\/2020\/09\/acetyl-l-carnitine-fit360.ee_.jpg\" \/>\n\t<meta property=\"og:image:width\" content=\"1000\" \/>\n\t<meta property=\"og:image:height\" content=\"1000\" \/>\n\t<meta property=\"og:image:type\" content=\"image\/jpeg\" \/>\n<meta name=\"twitter:card\" content=\"summary_large_image\" \/>\n<meta name=\"twitter:label1\" content=\"Est. reading time\" \/>\n\t<meta name=\"twitter:data1\" content=\"1 minute\" \/>\n<script type=\"application\/ld+json\" class=\"yoast-schema-graph\">{\"@context\":\"https:\\\/\\\/schema.org\",\"@graph\":[{\"@type\":\"WebPage\",\"@id\":\"https:\\\/\\\/fit360.ee\\\/en\\\/pood\\\/product-groups\\\/superfoods-health-foods-en\\\/green-tea-extract-en\\\/acetyl-l-carnitine-green-tea-100caps\\\/\",\"url\":\"https:\\\/\\\/fit360.ee\\\/en\\\/pood\\\/product-groups\\\/superfoods-health-foods-en\\\/green-tea-extract-en\\\/acetyl-l-carnitine-green-tea-100caps\\\/\",\"name\":\"Acetyl L-Carnitine + Green Tea (100caps) - Atset\u00fc\u00fcl L-karnitiin - Kiire tarne\",\"isPartOf\":{\"@id\":\"https:\\\/\\\/fit360.ee\\\/en\\\/#website\"},\"primaryImageOfPage\":{\"@id\":\"https:\\\/\\\/fit360.ee\\\/en\\\/pood\\\/product-groups\\\/superfoods-health-foods-en\\\/green-tea-extract-en\\\/acetyl-l-carnitine-green-tea-100caps\\\/#primaryimage\"},\"image\":{\"@id\":\"https:\\\/\\\/fit360.ee\\\/en\\\/pood\\\/product-groups\\\/superfoods-health-foods-en\\\/green-tea-extract-en\\\/acetyl-l-carnitine-green-tea-100caps\\\/#primaryimage\"},\"thumbnailUrl\":\"https:\\\/\\\/fit360.ee\\\/wp-content\\\/uploads\\\/2020\\\/09\\\/acetyl-l-carnitine-fit360.ee_.jpg\",\"datePublished\":\"2020-09-03T16:20:20+00:00\",\"dateModified\":\"2026-04-09T13:27:19+00:00\",\"description\":\"Acetyl L-Carnitine soodustab n\u00e4rvis\u00fcsteemi (eriti aju) ja immuuns\u00fcsteemi tegevust. Lisaks on see t\u00f5hus rasvap\u00f5letaja ning leevendab stressi\",\"breadcrumb\":{\"@id\":\"https:\\\/\\\/fit360.ee\\\/en\\\/pood\\\/product-groups\\\/superfoods-health-foods-en\\\/green-tea-extract-en\\\/acetyl-l-carnitine-green-tea-100caps\\\/#breadcrumb\"},\"inLanguage\":\"en-US\",\"potentialAction\":[{\"@type\":\"ReadAction\",\"target\":[\"https:\\\/\\\/fit360.ee\\\/en\\\/pood\\\/product-groups\\\/superfoods-health-foods-en\\\/green-tea-extract-en\\\/acetyl-l-carnitine-green-tea-100caps\\\/\"]}]},{\"@type\":\"ImageObject\",\"inLanguage\":\"en-US\",\"@id\":\"https:\\\/\\\/fit360.ee\\\/en\\\/pood\\\/product-groups\\\/superfoods-health-foods-en\\\/green-tea-extract-en\\\/acetyl-l-carnitine-green-tea-100caps\\\/#primaryimage\",\"url\":\"https:\\\/\\\/fit360.ee\\\/wp-content\\\/uploads\\\/2020\\\/09\\\/acetyl-l-carnitine-fit360.ee_.jpg\",\"contentUrl\":\"https:\\\/\\\/fit360.ee\\\/wp-content\\\/uploads\\\/2020\\\/09\\\/acetyl-l-carnitine-fit360.ee_.jpg\",\"width\":1000,\"height\":1000,\"caption\":\"acetyl l-carnitine - fit360.ee\"},{\"@type\":\"BreadcrumbList\",\"@id\":\"https:\\\/\\\/fit360.ee\\\/en\\\/pood\\\/product-groups\\\/superfoods-health-foods-en\\\/green-tea-extract-en\\\/acetyl-l-carnitine-green-tea-100caps\\\/#breadcrumb\",\"itemListElement\":[{\"@type\":\"ListItem\",\"position\":1,\"name\":\"Home\",\"item\":\"https:\\\/\\\/fit360.ee\\\/en\\\/\"},{\"@type\":\"ListItem\",\"position\":2,\"name\":\"Shop\",\"item\":\"https:\\\/\\\/fit360.ee\\\/en\\\/shop\\\/\"},{\"@type\":\"ListItem\",\"position\":3,\"name\":\"Acetyl L-Carnitine + Green Tea (100caps)\"}]},{\"@type\":\"WebSite\",\"@id\":\"https:\\\/\\\/fit360.ee\\\/en\\\/#website\",\"url\":\"https:\\\/\\\/fit360.ee\\\/en\\\/\",\"name\":\"Fit360\",\"description\":\"\",\"publisher\":{\"@id\":\"https:\\\/\\\/fit360.ee\\\/en\\\/#organization\"},\"potentialAction\":[{\"@type\":\"SearchAction\",\"target\":{\"@type\":\"EntryPoint\",\"urlTemplate\":\"https:\\\/\\\/fit360.ee\\\/en\\\/?s={search_term_string}\"},\"query-input\":{\"@type\":\"PropertyValueSpecification\",\"valueRequired\":true,\"valueName\":\"search_term_string\"}}],\"inLanguage\":\"en-US\"},{\"@type\":\"Organization\",\"@id\":\"https:\\\/\\\/fit360.ee\\\/en\\\/#organization\",\"name\":\"Fit360\",\"url\":\"https:\\\/\\\/fit360.ee\\\/en\\\/\",\"logo\":{\"@type\":\"ImageObject\",\"inLanguage\":\"en-US\",\"@id\":\"https:\\\/\\\/fit360.ee\\\/en\\\/#\\\/schema\\\/logo\\\/image\\\/\",\"url\":\"https:\\\/\\\/fit360.ee\\\/wp-content\\\/uploads\\\/2017\\\/01\\\/logo-fit360.png\",\"contentUrl\":\"https:\\\/\\\/fit360.ee\\\/wp-content\\\/uploads\\\/2017\\\/01\\\/logo-fit360.png\",\"width\":180,\"height\":66,\"caption\":\"Fit360\"},\"image\":{\"@id\":\"https:\\\/\\\/fit360.ee\\\/en\\\/#\\\/schema\\\/logo\\\/image\\\/\"}}]}<\/script>\n<!-- \/ Yoast SEO plugin. -->","yoast_head_json":{"title":"Acetyl L-Carnitine + Green Tea (100caps) - Atset\u00fc\u00fcl L-karnitiin - Kiire tarne","description":"Acetyl L-Carnitine soodustab n\u00e4rvis\u00fcsteemi (eriti aju) ja immuuns\u00fcsteemi tegevust. Lisaks on see t\u00f5hus rasvap\u00f5letaja ning leevendab stressi","robots":{"index":"index","follow":"follow","max-snippet":"max-snippet:-1","max-image-preview":"max-image-preview:large","max-video-preview":"max-video-preview:-1"},"canonical":"https:\/\/fit360.ee\/en\/pood\/product-groups\/superfoods-health-foods-en\/green-tea-extract-en\/acetyl-l-carnitine-green-tea-100caps\/","og_locale":"en_US","og_type":"article","og_title":"Acetyl L-Carnitine + Green Tea (100caps) - Atset\u00fc\u00fcl L-karnitiin - Kiire tarne","og_description":"Acetyl L-Carnitine soodustab n\u00e4rvis\u00fcsteemi (eriti aju) ja immuuns\u00fcsteemi tegevust. Lisaks on see t\u00f5hus rasvap\u00f5letaja ning leevendab stressi","og_url":"https:\/\/fit360.ee\/en\/pood\/product-groups\/superfoods-health-foods-en\/green-tea-extract-en\/acetyl-l-carnitine-green-tea-100caps\/","og_site_name":"Fit360","article_modified_time":"2026-04-09T13:27:19+00:00","og_image":[{"width":1000,"height":1000,"url":"https:\/\/fit360.ee\/wp-content\/uploads\/2020\/09\/acetyl-l-carnitine-fit360.ee_.jpg","type":"image\/jpeg"}],"twitter_card":"summary_large_image","twitter_misc":{"Est. reading time":"1 minute"},"schema":{"@context":"https:\/\/schema.org","@graph":[{"@type":"WebPage","@id":"https:\/\/fit360.ee\/en\/pood\/product-groups\/superfoods-health-foods-en\/green-tea-extract-en\/acetyl-l-carnitine-green-tea-100caps\/","url":"https:\/\/fit360.ee\/en\/pood\/product-groups\/superfoods-health-foods-en\/green-tea-extract-en\/acetyl-l-carnitine-green-tea-100caps\/","name":"Acetyl L-Carnitine + Green Tea (100caps) - Atset\u00fc\u00fcl L-karnitiin - Kiire tarne","isPartOf":{"@id":"https:\/\/fit360.ee\/en\/#website"},"primaryImageOfPage":{"@id":"https:\/\/fit360.ee\/en\/pood\/product-groups\/superfoods-health-foods-en\/green-tea-extract-en\/acetyl-l-carnitine-green-tea-100caps\/#primaryimage"},"image":{"@id":"https:\/\/fit360.ee\/en\/pood\/product-groups\/superfoods-health-foods-en\/green-tea-extract-en\/acetyl-l-carnitine-green-tea-100caps\/#primaryimage"},"thumbnailUrl":"https:\/\/fit360.ee\/wp-content\/uploads\/2020\/09\/acetyl-l-carnitine-fit360.ee_.jpg","datePublished":"2020-09-03T16:20:20+00:00","dateModified":"2026-04-09T13:27:19+00:00","description":"Acetyl L-Carnitine soodustab n\u00e4rvis\u00fcsteemi (eriti aju) ja immuuns\u00fcsteemi tegevust. Lisaks on see t\u00f5hus rasvap\u00f5letaja ning leevendab stressi","breadcrumb":{"@id":"https:\/\/fit360.ee\/en\/pood\/product-groups\/superfoods-health-foods-en\/green-tea-extract-en\/acetyl-l-carnitine-green-tea-100caps\/#breadcrumb"},"inLanguage":"en-US","potentialAction":[{"@type":"ReadAction","target":["https:\/\/fit360.ee\/en\/pood\/product-groups\/superfoods-health-foods-en\/green-tea-extract-en\/acetyl-l-carnitine-green-tea-100caps\/"]}]},{"@type":"ImageObject","inLanguage":"en-US","@id":"https:\/\/fit360.ee\/en\/pood\/product-groups\/superfoods-health-foods-en\/green-tea-extract-en\/acetyl-l-carnitine-green-tea-100caps\/#primaryimage","url":"https:\/\/fit360.ee\/wp-content\/uploads\/2020\/09\/acetyl-l-carnitine-fit360.ee_.jpg","contentUrl":"https:\/\/fit360.ee\/wp-content\/uploads\/2020\/09\/acetyl-l-carnitine-fit360.ee_.jpg","width":1000,"height":1000,"caption":"acetyl l-carnitine - fit360.ee"},{"@type":"BreadcrumbList","@id":"https:\/\/fit360.ee\/en\/pood\/product-groups\/superfoods-health-foods-en\/green-tea-extract-en\/acetyl-l-carnitine-green-tea-100caps\/#breadcrumb","itemListElement":[{"@type":"ListItem","position":1,"name":"Home","item":"https:\/\/fit360.ee\/en\/"},{"@type":"ListItem","position":2,"name":"Shop","item":"https:\/\/fit360.ee\/en\/shop\/"},{"@type":"ListItem","position":3,"name":"Acetyl L-Carnitine + Green Tea (100caps)"}]},{"@type":"WebSite","@id":"https:\/\/fit360.ee\/en\/#website","url":"https:\/\/fit360.ee\/en\/","name":"Fit360","description":"","publisher":{"@id":"https:\/\/fit360.ee\/en\/#organization"},"potentialAction":[{"@type":"SearchAction","target":{"@type":"EntryPoint","urlTemplate":"https:\/\/fit360.ee\/en\/?s={search_term_string}"},"query-input":{"@type":"PropertyValueSpecification","valueRequired":true,"valueName":"search_term_string"}}],"inLanguage":"en-US"},{"@type":"Organization","@id":"https:\/\/fit360.ee\/en\/#organization","name":"Fit360","url":"https:\/\/fit360.ee\/en\/","logo":{"@type":"ImageObject","inLanguage":"en-US","@id":"https:\/\/fit360.ee\/en\/#\/schema\/logo\/image\/","url":"https:\/\/fit360.ee\/wp-content\/uploads\/2017\/01\/logo-fit360.png","contentUrl":"https:\/\/fit360.ee\/wp-content\/uploads\/2017\/01\/logo-fit360.png","width":180,"height":66,"caption":"Fit360"},"image":{"@id":"https:\/\/fit360.ee\/en\/#\/schema\/logo\/image\/"}}]}},"_links":{"self":[{"href":"https:\/\/fit360.ee\/en\/wp-json\/wp\/v2\/product\/38482","targetHints":{"allow":["GET"]}}],"collection":[{"href":"https:\/\/fit360.ee\/en\/wp-json\/wp\/v2\/product"}],"about":[{"href":"https:\/\/fit360.ee\/en\/wp-json\/wp\/v2\/types\/product"}],"replies":[{"embeddable":true,"href":"https:\/\/fit360.ee\/en\/wp-json\/wp\/v2\/comments?post=38482"}],"wp:featuredmedia":[{"embeddable":true,"href":"https:\/\/fit360.ee\/en\/wp-json\/wp\/v2\/media\/85356"}],"wp:attachment":[{"href":"https:\/\/fit360.ee\/en\/wp-json\/wp\/v2\/media?parent=38482"}],"wp:term":[{"taxonomy":"product_brand","embeddable":true,"href":"https:\/\/fit360.ee\/en\/wp-json\/wp\/v2\/product_brand?post=38482"},{"taxonomy":"product_cat","embeddable":true,"href":"https:\/\/fit360.ee\/en\/wp-json\/wp\/v2\/product_cat?post=38482"},{"taxonomy":"product_tag","embeddable":true,"href":"https:\/\/fit360.ee\/en\/wp-json\/wp\/v2\/product_tag?post=38482"},{"taxonomy":"giftcard-category","embeddable":true,"href":"https:\/\/fit360.ee\/en\/wp-json\/wp\/v2\/giftcard-category?post=38482"}],"curies":[{"name":"wp","href":"https:\/\/api.w.org\/{rel}","templated":true}]}}