{"id":38663,"date":"2020-09-13T15:27:55","date_gmt":"2020-09-13T13:27:55","guid":{"rendered":"https:\/\/fit360.ee\/pood\/uncategorized\/selenium-90tab\/"},"modified":"2025-08-13T07:39:36","modified_gmt":"2025-08-13T05:39:36","slug":"selenium-90tab","status":"publish","type":"product","link":"https:\/\/fit360.ee\/en\/pood\/product-groups\/vitamins-and-minerals-en\/selen-en\/selenium-90tab\/","title":{"rendered":"Selenium &#8211; Seleen (220tab)"},"content":{"rendered":"<h1><strong>OstroVit Selenium<\/strong> &#8211; Seleenium tableti kujul<\/h1>\n<p>Toidulisand Selenium, mis sisaldab h\u00e4sti omastatavat orgaanilist seleeni. Seleen on <strong>v\u00f5imas antioks\u00fcdant<\/strong>, mis kaitseb keharakke vabade radikaalide eest.\u00a0Seleen alandab p\u00f5letikelisi protsesse.\u00a0Seleen osaleb kilpn\u00e4\u00e4rme talituse reguleerimises ning stimuleerib raskemetallide v\u00e4ljutamist kehast. Seleen on vajalik kudede elastsuse s\u00e4ilitamiseks ja vananemise aeglustamiseks. Parandab meeleolu.<\/p>\n<p>OstroVit Selenium\u00a0toidulisandit soovitatakse\u00a0<strong>sportlastele<\/strong>, eriti algajatele, kuna seleen v\u00e4hendab \u00fclekoormuse ohtu ning alandab oks\u00fcdatiivset stressi, aidates<strong>\u00a0paremini taastuda.\u00a0<\/strong>Toode sobib ka menopausis naistele, sest see leevendab kuumahoogudega kaasnevaid terviseh\u00e4ired.<\/p>\n<p>&nbsp;<\/p>\n<p><strong>Koostisosad<\/strong>: L-selenometioon, t\u00e4iteained kaltsiumfosfaat, mikrokristallne tselluloos,r\u00e4nidioksiid<\/p>\n<p><strong>Kasutamine:<\/strong>\u00a01 tablett p\u00e4evas peale s\u00f6\u00f6ki. 1 portsjon: 1 tablett<\/p>\n<p><strong>Suurus:<\/strong> 220 tabletti<\/p>\n<table>\n<tbody>\n<tr>\n<td width=\"307\"><strong>Toimeained<\/strong><\/td>\n<td width=\"307\"><strong>1 tablett<\/strong><\/td>\n<\/tr>\n<tr>\n<td width=\"307\">Seleenium \/ Selen<\/td>\n<td width=\"307\">100 \u03bcg (182%*)<\/td>\n<\/tr>\n<\/tbody>\n<\/table>\n<p>* SPK &#8211; soovitatud p\u00e4evane kogus<\/p>\n<p>Vaata meie teisi Vitamiine ja Mineraale <a href=\"https:\/\/fit360.ee\/en\/product-category\/product-groups\/vitamins-and-minerals-en\/\"><strong>SIIT<\/strong><\/a> v\u00f5i Seleeniume <a href=\"https:\/\/fit360.ee\/en\/product-category\/product-groups\/vitamins-and-minerals-en\/selen-en\/\"><strong>SIIT<\/strong><\/a>!<\/p>\n<p>Soovid kaupa osta suuremas koguses? Vaata antud toodet ka meie HULGI poest\u00a0<a href=\"https:\/\/toidulisandidhulgi.ee\/product\/selenium-90tab\/\"><strong>SIIT<\/strong><\/a>!<\/p>\n","protected":false},"excerpt":{"rendered":"<h2>Seleenium:<\/h2>\n<ul>\n<li>V\u00f5imas antioks\u00fcdant<\/li>\n<li>Osaleb kilpn\u00e4\u00e4rme talituse reguleerimises<\/li>\n<li>S\u00e4ilitab kudede elastsust<\/li>\n<li>Parandab meeleolu<\/li>\n<\/ul>\n<p><strong>OstroVit Selenium<\/strong>\u00a0on toidulisand, mis sisaldab h\u00e4sti omastatavat orgaanilist seleeni. Seleen on\u00a0<strong>v\u00f5imas antioks\u00fcdant<\/strong>, mis kaitseb keharakke vabade radikaalide eest.\u00a0Seleen alandab p\u00f5letikelisi protsesse.\u00a0Seleen osaleb kilpn\u00e4\u00e4rme talituse reguleerimises ning stimuleerib raskemetallide v\u00e4ljutamist kehast. Seleen on vajalik kudede elastsuse s\u00e4ilitamiseks ja vananemise aeglustamiseks. Parandab meeleolu.<\/p>\n<p>OstroVit Selenium\u00a0toidulisandit soovitatakse\u00a0<strong>sportlastele<\/strong>, eriti algajatele, kuna seleen v\u00e4hendab \u00fclekoormuse ohtu ning alandab oks\u00fcdatiivset stressi, aidates<strong>\u00a0paremini taastuda.\u00a0<\/strong>Toode sobib ka menopausis naistele, sest see leevendab kuumahoogudega kaasnevaid terviseh\u00e4ired.<\/p>\n<p>&nbsp;<\/p>\n","protected":false},"featured_media":84359,"comment_status":"open","ping_status":"closed","template":"","meta":[],"product_brand":[],"product_cat":[5311,1329,2244,536],"product_tag":[1896,1924,2004,1933],"giftcard-category":[],"class_list":{"0":"post-38663","1":"product","2":"type-product","3":"status-publish","4":"has-post-thumbnail","6":"product_cat-antioxidants-en","7":"product_cat-ostrovit-en","8":"product_cat-selen-en","9":"product_cat-vitamins-and-minerals-en","10":"product_tag-mineraalid-en","11":"product_tag-ostrovit-en","12":"product_tag-seleenium-en","13":"product_tag-vitamiinid-en","14":"pa_toidulisand-branddd-ostrovit","15":"pa_tootegruppp-antioksudandid-en","16":"pa_tootegruppp-seleen-en","17":"pa_tootegruppp-vitamins-and-minerals","19":"first","20":"outofstock","21":"sale","22":"taxable","23":"shipping-taxable","24":"purchasable","25":"product-type-simple"},"yoast_head":"<!-- This site is optimized with the Yoast SEO plugin v27.3 - https:\/\/yoast.com\/product\/yoast-seo-wordpress\/ -->\n<title>Selenium (220tab) - Seleen - Seleenium - Kiire tarne - Vitamiinid - Fit360<\/title>\n<meta name=\"description\" content=\"Selenium on\u00a0v\u00f5imas antioks\u00fcdant, mis kaitseb keharakke vabade radikaalide eest.\u00a0Seleen alandab p\u00f5letikelisi protsesse.\u00a0Kasulik Teie kehale.\" \/>\n<meta name=\"robots\" content=\"index, follow, max-snippet:-1, max-image-preview:large, max-video-preview:-1\" \/>\n<link rel=\"canonical\" href=\"https:\/\/fit360.ee\/en\/pood\/product-groups\/vitamins-and-minerals-en\/selen-en\/selenium-90tab\/\" \/>\n<meta property=\"og:locale\" content=\"en_US\" \/>\n<meta property=\"og:type\" content=\"article\" \/>\n<meta property=\"og:title\" content=\"Selenium (220tab) - Seleen - Seleenium - Kiire tarne - Vitamiinid - Fit360\" \/>\n<meta property=\"og:description\" content=\"Selenium on\u00a0v\u00f5imas antioks\u00fcdant, mis kaitseb keharakke vabade radikaalide eest.\u00a0Seleen alandab p\u00f5letikelisi protsesse.\u00a0Kasulik Teie kehale.\" \/>\n<meta property=\"og:url\" content=\"https:\/\/fit360.ee\/en\/pood\/product-groups\/vitamins-and-minerals-en\/selen-en\/selenium-90tab\/\" \/>\n<meta property=\"og:site_name\" content=\"Fit360\" \/>\n<meta property=\"article:modified_time\" content=\"2025-08-13T05:39:36+00:00\" \/>\n<meta property=\"og:image\" content=\"https:\/\/fit360.ee\/wp-content\/uploads\/2020\/09\/selenium-seleen-fit360.ee-1.png\" \/>\n\t<meta property=\"og:image:width\" content=\"450\" \/>\n\t<meta property=\"og:image:height\" content=\"450\" \/>\n\t<meta property=\"og:image:type\" content=\"image\/png\" \/>\n<meta name=\"twitter:card\" content=\"summary_large_image\" \/>\n<meta name=\"twitter:label1\" content=\"Est. reading time\" \/>\n\t<meta name=\"twitter:data1\" content=\"1 minute\" \/>\n<script type=\"application\/ld+json\" class=\"yoast-schema-graph\">{\"@context\":\"https:\\\/\\\/schema.org\",\"@graph\":[{\"@type\":\"WebPage\",\"@id\":\"https:\\\/\\\/fit360.ee\\\/en\\\/pood\\\/product-groups\\\/vitamins-and-minerals-en\\\/selen-en\\\/selenium-90tab\\\/\",\"url\":\"https:\\\/\\\/fit360.ee\\\/en\\\/pood\\\/product-groups\\\/vitamins-and-minerals-en\\\/selen-en\\\/selenium-90tab\\\/\",\"name\":\"Selenium (220tab) - Seleen - Seleenium - Kiire tarne - Vitamiinid - Fit360\",\"isPartOf\":{\"@id\":\"https:\\\/\\\/fit360.ee\\\/en\\\/#website\"},\"primaryImageOfPage\":{\"@id\":\"https:\\\/\\\/fit360.ee\\\/en\\\/pood\\\/product-groups\\\/vitamins-and-minerals-en\\\/selen-en\\\/selenium-90tab\\\/#primaryimage\"},\"image\":{\"@id\":\"https:\\\/\\\/fit360.ee\\\/en\\\/pood\\\/product-groups\\\/vitamins-and-minerals-en\\\/selen-en\\\/selenium-90tab\\\/#primaryimage\"},\"thumbnailUrl\":\"https:\\\/\\\/fit360.ee\\\/wp-content\\\/uploads\\\/2020\\\/09\\\/selenium-seleen-fit360.ee-1.png\",\"datePublished\":\"2020-09-13T13:27:55+00:00\",\"dateModified\":\"2025-08-13T05:39:36+00:00\",\"description\":\"Selenium on\u00a0v\u00f5imas antioks\u00fcdant, mis kaitseb keharakke vabade radikaalide eest.\u00a0Seleen alandab p\u00f5letikelisi protsesse.\u00a0Kasulik Teie kehale.\",\"breadcrumb\":{\"@id\":\"https:\\\/\\\/fit360.ee\\\/en\\\/pood\\\/product-groups\\\/vitamins-and-minerals-en\\\/selen-en\\\/selenium-90tab\\\/#breadcrumb\"},\"inLanguage\":\"en-US\",\"potentialAction\":[{\"@type\":\"ReadAction\",\"target\":[\"https:\\\/\\\/fit360.ee\\\/en\\\/pood\\\/product-groups\\\/vitamins-and-minerals-en\\\/selen-en\\\/selenium-90tab\\\/\"]}]},{\"@type\":\"ImageObject\",\"inLanguage\":\"en-US\",\"@id\":\"https:\\\/\\\/fit360.ee\\\/en\\\/pood\\\/product-groups\\\/vitamins-and-minerals-en\\\/selen-en\\\/selenium-90tab\\\/#primaryimage\",\"url\":\"https:\\\/\\\/fit360.ee\\\/wp-content\\\/uploads\\\/2020\\\/09\\\/selenium-seleen-fit360.ee-1.png\",\"contentUrl\":\"https:\\\/\\\/fit360.ee\\\/wp-content\\\/uploads\\\/2020\\\/09\\\/selenium-seleen-fit360.ee-1.png\",\"width\":450,\"height\":450,\"caption\":\"selenium seleen - fit360.ee\"},{\"@type\":\"BreadcrumbList\",\"@id\":\"https:\\\/\\\/fit360.ee\\\/en\\\/pood\\\/product-groups\\\/vitamins-and-minerals-en\\\/selen-en\\\/selenium-90tab\\\/#breadcrumb\",\"itemListElement\":[{\"@type\":\"ListItem\",\"position\":1,\"name\":\"Home\",\"item\":\"https:\\\/\\\/fit360.ee\\\/en\\\/\"},{\"@type\":\"ListItem\",\"position\":2,\"name\":\"Shop\",\"item\":\"https:\\\/\\\/fit360.ee\\\/en\\\/shop\\\/\"},{\"@type\":\"ListItem\",\"position\":3,\"name\":\"Selenium &#8211; Seleen (220tab)\"}]},{\"@type\":\"WebSite\",\"@id\":\"https:\\\/\\\/fit360.ee\\\/en\\\/#website\",\"url\":\"https:\\\/\\\/fit360.ee\\\/en\\\/\",\"name\":\"Fit360\",\"description\":\"\",\"publisher\":{\"@id\":\"https:\\\/\\\/fit360.ee\\\/en\\\/#organization\"},\"potentialAction\":[{\"@type\":\"SearchAction\",\"target\":{\"@type\":\"EntryPoint\",\"urlTemplate\":\"https:\\\/\\\/fit360.ee\\\/en\\\/?s={search_term_string}\"},\"query-input\":{\"@type\":\"PropertyValueSpecification\",\"valueRequired\":true,\"valueName\":\"search_term_string\"}}],\"inLanguage\":\"en-US\"},{\"@type\":\"Organization\",\"@id\":\"https:\\\/\\\/fit360.ee\\\/en\\\/#organization\",\"name\":\"Fit360\",\"url\":\"https:\\\/\\\/fit360.ee\\\/en\\\/\",\"logo\":{\"@type\":\"ImageObject\",\"inLanguage\":\"en-US\",\"@id\":\"https:\\\/\\\/fit360.ee\\\/en\\\/#\\\/schema\\\/logo\\\/image\\\/\",\"url\":\"https:\\\/\\\/fit360.ee\\\/wp-content\\\/uploads\\\/2017\\\/01\\\/logo-fit360.png\",\"contentUrl\":\"https:\\\/\\\/fit360.ee\\\/wp-content\\\/uploads\\\/2017\\\/01\\\/logo-fit360.png\",\"width\":180,\"height\":66,\"caption\":\"Fit360\"},\"image\":{\"@id\":\"https:\\\/\\\/fit360.ee\\\/en\\\/#\\\/schema\\\/logo\\\/image\\\/\"}}]}<\/script>\n<!-- \/ Yoast SEO plugin. -->","yoast_head_json":{"title":"Selenium (220tab) - Seleen - Seleenium - Kiire tarne - Vitamiinid - Fit360","description":"Selenium on\u00a0v\u00f5imas antioks\u00fcdant, mis kaitseb keharakke vabade radikaalide eest.\u00a0Seleen alandab p\u00f5letikelisi protsesse.\u00a0Kasulik Teie kehale.","robots":{"index":"index","follow":"follow","max-snippet":"max-snippet:-1","max-image-preview":"max-image-preview:large","max-video-preview":"max-video-preview:-1"},"canonical":"https:\/\/fit360.ee\/en\/pood\/product-groups\/vitamins-and-minerals-en\/selen-en\/selenium-90tab\/","og_locale":"en_US","og_type":"article","og_title":"Selenium (220tab) - Seleen - Seleenium - Kiire tarne - Vitamiinid - Fit360","og_description":"Selenium on\u00a0v\u00f5imas antioks\u00fcdant, mis kaitseb keharakke vabade radikaalide eest.\u00a0Seleen alandab p\u00f5letikelisi protsesse.\u00a0Kasulik Teie kehale.","og_url":"https:\/\/fit360.ee\/en\/pood\/product-groups\/vitamins-and-minerals-en\/selen-en\/selenium-90tab\/","og_site_name":"Fit360","article_modified_time":"2025-08-13T05:39:36+00:00","og_image":[{"width":450,"height":450,"url":"https:\/\/fit360.ee\/wp-content\/uploads\/2020\/09\/selenium-seleen-fit360.ee-1.png","type":"image\/png"}],"twitter_card":"summary_large_image","twitter_misc":{"Est. reading time":"1 minute"},"schema":{"@context":"https:\/\/schema.org","@graph":[{"@type":"WebPage","@id":"https:\/\/fit360.ee\/en\/pood\/product-groups\/vitamins-and-minerals-en\/selen-en\/selenium-90tab\/","url":"https:\/\/fit360.ee\/en\/pood\/product-groups\/vitamins-and-minerals-en\/selen-en\/selenium-90tab\/","name":"Selenium (220tab) - Seleen - Seleenium - Kiire tarne - Vitamiinid - Fit360","isPartOf":{"@id":"https:\/\/fit360.ee\/en\/#website"},"primaryImageOfPage":{"@id":"https:\/\/fit360.ee\/en\/pood\/product-groups\/vitamins-and-minerals-en\/selen-en\/selenium-90tab\/#primaryimage"},"image":{"@id":"https:\/\/fit360.ee\/en\/pood\/product-groups\/vitamins-and-minerals-en\/selen-en\/selenium-90tab\/#primaryimage"},"thumbnailUrl":"https:\/\/fit360.ee\/wp-content\/uploads\/2020\/09\/selenium-seleen-fit360.ee-1.png","datePublished":"2020-09-13T13:27:55+00:00","dateModified":"2025-08-13T05:39:36+00:00","description":"Selenium on\u00a0v\u00f5imas antioks\u00fcdant, mis kaitseb keharakke vabade radikaalide eest.\u00a0Seleen alandab p\u00f5letikelisi protsesse.\u00a0Kasulik Teie kehale.","breadcrumb":{"@id":"https:\/\/fit360.ee\/en\/pood\/product-groups\/vitamins-and-minerals-en\/selen-en\/selenium-90tab\/#breadcrumb"},"inLanguage":"en-US","potentialAction":[{"@type":"ReadAction","target":["https:\/\/fit360.ee\/en\/pood\/product-groups\/vitamins-and-minerals-en\/selen-en\/selenium-90tab\/"]}]},{"@type":"ImageObject","inLanguage":"en-US","@id":"https:\/\/fit360.ee\/en\/pood\/product-groups\/vitamins-and-minerals-en\/selen-en\/selenium-90tab\/#primaryimage","url":"https:\/\/fit360.ee\/wp-content\/uploads\/2020\/09\/selenium-seleen-fit360.ee-1.png","contentUrl":"https:\/\/fit360.ee\/wp-content\/uploads\/2020\/09\/selenium-seleen-fit360.ee-1.png","width":450,"height":450,"caption":"selenium seleen - fit360.ee"},{"@type":"BreadcrumbList","@id":"https:\/\/fit360.ee\/en\/pood\/product-groups\/vitamins-and-minerals-en\/selen-en\/selenium-90tab\/#breadcrumb","itemListElement":[{"@type":"ListItem","position":1,"name":"Home","item":"https:\/\/fit360.ee\/en\/"},{"@type":"ListItem","position":2,"name":"Shop","item":"https:\/\/fit360.ee\/en\/shop\/"},{"@type":"ListItem","position":3,"name":"Selenium &#8211; Seleen (220tab)"}]},{"@type":"WebSite","@id":"https:\/\/fit360.ee\/en\/#website","url":"https:\/\/fit360.ee\/en\/","name":"Fit360","description":"","publisher":{"@id":"https:\/\/fit360.ee\/en\/#organization"},"potentialAction":[{"@type":"SearchAction","target":{"@type":"EntryPoint","urlTemplate":"https:\/\/fit360.ee\/en\/?s={search_term_string}"},"query-input":{"@type":"PropertyValueSpecification","valueRequired":true,"valueName":"search_term_string"}}],"inLanguage":"en-US"},{"@type":"Organization","@id":"https:\/\/fit360.ee\/en\/#organization","name":"Fit360","url":"https:\/\/fit360.ee\/en\/","logo":{"@type":"ImageObject","inLanguage":"en-US","@id":"https:\/\/fit360.ee\/en\/#\/schema\/logo\/image\/","url":"https:\/\/fit360.ee\/wp-content\/uploads\/2017\/01\/logo-fit360.png","contentUrl":"https:\/\/fit360.ee\/wp-content\/uploads\/2017\/01\/logo-fit360.png","width":180,"height":66,"caption":"Fit360"},"image":{"@id":"https:\/\/fit360.ee\/en\/#\/schema\/logo\/image\/"}}]}},"_links":{"self":[{"href":"https:\/\/fit360.ee\/en\/wp-json\/wp\/v2\/product\/38663","targetHints":{"allow":["GET"]}}],"collection":[{"href":"https:\/\/fit360.ee\/en\/wp-json\/wp\/v2\/product"}],"about":[{"href":"https:\/\/fit360.ee\/en\/wp-json\/wp\/v2\/types\/product"}],"replies":[{"embeddable":true,"href":"https:\/\/fit360.ee\/en\/wp-json\/wp\/v2\/comments?post=38663"}],"wp:featuredmedia":[{"embeddable":true,"href":"https:\/\/fit360.ee\/en\/wp-json\/wp\/v2\/media\/84359"}],"wp:attachment":[{"href":"https:\/\/fit360.ee\/en\/wp-json\/wp\/v2\/media?parent=38663"}],"wp:term":[{"taxonomy":"product_brand","embeddable":true,"href":"https:\/\/fit360.ee\/en\/wp-json\/wp\/v2\/product_brand?post=38663"},{"taxonomy":"product_cat","embeddable":true,"href":"https:\/\/fit360.ee\/en\/wp-json\/wp\/v2\/product_cat?post=38663"},{"taxonomy":"product_tag","embeddable":true,"href":"https:\/\/fit360.ee\/en\/wp-json\/wp\/v2\/product_tag?post=38663"},{"taxonomy":"giftcard-category","embeddable":true,"href":"https:\/\/fit360.ee\/en\/wp-json\/wp\/v2\/giftcard-category?post=38663"}],"curies":[{"name":"wp","href":"https:\/\/api.w.org\/{rel}","templated":true}]}}