{"id":38669,"date":"2020-09-13T15:31:03","date_gmt":"2020-09-13T13:31:03","guid":{"rendered":"https:\/\/fit360.ee\/pood\/uncategorized\/zma-melatonin-gaba-120caps\/"},"modified":"2026-01-12T13:19:12","modified_gmt":"2026-01-12T11:19:12","slug":"zma-melatonin-gaba-120caps","status":"publish","type":"product","link":"https:\/\/fit360.ee\/en\/pood\/product-groups\/sleep-enhancers-en\/melatonin-en\/zma-melatonin-gaba-120caps\/","title":{"rendered":"ZMA + GABA + Melatonin (120caps)"},"content":{"rendered":"<h1>ZMA + GABA + MELATONIIN<\/h1>\n<p><strong>ZMA <\/strong>avaldub rahustavana n\u00e4rvis\u00fcsteemile, vabastab uneh\u00e4iretest ja parandab selle kvaliteeti. ZMA suurendab testosterooni sekretsiooni, reguleerib rakkude metabolismi taset.\u00a0\u00a0<strong>ZMA <\/strong>\u00a0on toode, mis on eriti soovitatav treenivatele inimestele keha vastupidavust proovile paneval perioodil.<\/p>\n<p><strong>GABA (gammaaminobut\u00fc\u00fcrhape)<\/strong>\u00a0on naturaalne aminohape, mis esineb suurimas konsentratsioonis inimese ajus ja silmades. Tegemist on neurotransmitteriga, mis reguleerib aju- ja n\u00e4rvirakkude aktiivsust. GABA on tuntud kui \u201caju naturaalne rahustaja,\u201d sest p\u00e4rsib aju \u00fclestimuleerimist, mis toimub stressi, vihastamise jms tagaj\u00e4rjel. Arvukad kliinilised uuringud on n\u00e4idanud, et GABA manustamine soodustab kasvuhormoon eritumist.<\/p>\n<p>Lisaks \u00e4rrituse rahustamisele aitab\u00a0<strong>GABA<\/strong>\u00a0ka paremini magama j\u00e4\u00e4da, \u00e4revust ja stressi v\u00e4hendada, v\u00f5ib aidata depressiooni v\u00e4hendada ning parandab m\u00e4lu.<\/p>\n<ul>\n<li>V\u00e4hendab \u00e4revust<\/li>\n<li>Parandab und<\/li>\n<li>V\u00e4hendab depressioonis\u00fcmptomeid<\/li>\n<li>P\u00f5letikuvastane toime<\/li>\n<li>Parandab keskendumist<\/li>\n<li>Suurendab kasvuhormooni taset<\/li>\n<\/ul>\n<p><strong>Melatoniin<\/strong>:<\/p>\n<ul>\n<li>Aitab uinuda<\/li>\n<li>Parandab une kvaliteeti<\/li>\n<li>L\u00f5dvestab ja rahustab meeli<\/li>\n<li>Maandab pingeid ja stressi<\/li>\n<\/ul>\n<p><strong>MELATONIIN\u00a0<\/strong>on unehormoon, mille tase organismis s\u00f5ltub peamiselt \u00f6\u00f6p\u00e4evar\u00fctmist. Melatoniini keemiline struktuur on sarnane \u00f5nnehormoonile serotoniin, mille m\u00f5lema prekursor on aminohape tr\u00fcptofaan.<\/p>\n<p><strong>Melatoniini<\/strong>\u00a0toodab organismis ainult k\u00e4bin\u00e4\u00e4re ja seda enamasti p\u00e4evase valgusega, aga kui silmad valgust (eriti taevasinist) ei saa, toodab k\u00e4bin\u00e4\u00e4re melatoniini, mis soodustab uinumist.<\/p>\n<p>Lisaks on\u00a0<strong>melatoniin<\/strong>\u00a0tuntud kui v\u00f5imas antioks\u00fcdant \u2212 see on v\u00f5imeline eemaldama rohkem vabu radikaale, kui \u00fckski teine teadaolev antioks\u00fcdant v\u00f5i supertoit. Melatoniin taastab organismi, kui magame, hoiab rakud tervete ja funktsionaalsetena, keha noore ja tervislikuna, sealjuures parandab lihaste taastumist f\u00fc\u00fcsilisest koormusest ja hoiab \u00e4ra \u00fcletreenitust.<\/p>\n<p><strong>Koostisosad<\/strong>: magneesiumtsitraat, magneesiumoksiid, gamma-aminov\u00f5ihape GABA, tr\u00fcptofaan, N-atset\u00fc\u00fcl-L-ts\u00fcsteiin, kapsli koostisained: h\u00fcpromelloos, v\u00e4rvaine: kollane raudoksiid, must raudoksiid, lakksinine V., tsinktsitraat, vitamiin B6, melatoniin.<\/p>\n<p><strong>Kasutamine<\/strong>: V\u00f5ta 3 tabletti p\u00e4evas. Hoiustada kuivas ja jahedas kohas, eemal otsesest p\u00e4evavalgusest. NB! Toode ei asenda mitmek\u00fclgset toitumist. Hoida lastele k\u00e4ttesaamatus kohas.<\/p>\n<p><strong>Suurus<\/strong>: 120 kapslit<\/p>\n<p>&nbsp;<\/p>\n<table>\n<tbody>\n<tr>\n<td width=\"307\"><strong>Toimeained<\/strong><\/td>\n<td width=\"307\"><strong>1 tablett<\/strong><\/td>\n<\/tr>\n<tr>\n<td width=\"307\">Magneesiumoksiid ja magneesiumtsitraat<\/td>\n<td width=\"307\">501mg<\/td>\n<\/tr>\n<tr>\n<td width=\"307\"><em>millest<\/em> magneesium<\/td>\n<td width=\"307\">250mg\/67%*<\/td>\n<\/tr>\n<tr>\n<td width=\"307\">Gamma-aminov\u00f5ihape GABA<\/td>\n<td width=\"307\">650mg<\/td>\n<\/tr>\n<tr>\n<td width=\"307\">Tr\u00fcptofaan<\/td>\n<td width=\"307\">200mg<\/td>\n<\/tr>\n<tr>\n<td width=\"307\">N-atset\u00fc\u00fcl-L-ts\u00fcsteiin<\/td>\n<td width=\"307\">100mg<\/td>\n<\/tr>\n<tr>\n<td width=\"307\">Tsinktsitraat<\/td>\n<td width=\"307\">48mg<\/td>\n<\/tr>\n<tr>\n<td width=\"307\">millest Tsink<\/td>\n<td width=\"307\">15mg\/150%*<\/td>\n<\/tr>\n<tr>\n<td width=\"307\">Vitamiin B6<\/td>\n<td width=\"307\">1,4mg\/100%*<\/td>\n<\/tr>\n<tr>\n<td width=\"307\">Melatoniin<\/td>\n<td width=\"307\">1mg<\/td>\n<\/tr>\n<\/tbody>\n<\/table>\n<p>Soovid teha suuremat tellimust? Vaata antud toodet meie HULGI lehelt\u00a0<a href=\"https:\/\/toidulisandidhulgi.ee\/product\/zma-melatonin-gaba-120caps\/\"><strong>SIIT<\/strong><\/a>!<\/p>\n","protected":false},"excerpt":{"rendered":"<h2><b>ZMA koos GABA ja Melatoniiniga:<\/b><\/h2>\n<p><strong>ZMA <\/strong>\u00a0avaldub rahustavana n\u00e4rvis\u00fcsteemile, vabastab uneh\u00e4iretest ja parandab selle kvaliteeti. ZMA suurendab testosterooni sekretsiooni, reguleerib rakkude metabolismi taset.<\/p>\n<p><strong>GABA (gammaaminobut\u00fc\u00fcrhape)<\/strong>\u00a0on naturaalne aminohape, mis esineb suurimas konsentratsioonis inimese ajus ja silmades. Tegemist on neurotransmitteriga, mis reguleerib aju- ja n\u00e4rvirakkude aktiivsust. GABA on tuntud kui \u201caju naturaalne rahustaja,\u201d sest p\u00e4rsib aju \u00fclestimuleerimist, mis toimub stressi, vihastamise jms tagaj\u00e4rjel.<\/p>\n<p><strong>MELATONIIN\u00a0<\/strong>on unehormoon, mille tase organismis s\u00f5ltub peamiselt \u00f6\u00f6p\u00e4evar\u00fctmist. Melatoniini keemiline struktuur on sarnane \u00f5nnehormoonile serotoniin, mille m\u00f5lema prekursor on aminohape tr\u00fcptofaan.<\/p>\n<p><strong>Melatoniini<\/strong>\u00a0toodab organismis ainult k\u00e4bin\u00e4\u00e4re ja seda enamasti p\u00e4evase valgusega, aga kui silmad valgust (eriti taevasinist) ei saa, toodab k\u00e4bin\u00e4\u00e4re melatoniini, mis soodustab uinumist.<\/p>\n<p>&nbsp;<\/p>\n","protected":false},"featured_media":84796,"comment_status":"open","ping_status":"closed","template":"","meta":[],"product_brand":[],"product_cat":[1618,5320,2319,1915,2480,2476,532,536,2275,2295],"product_tag":[1773,1842,2007,2008],"giftcard-category":[],"class_list":{"0":"post-38669","1":"product","2":"type-product","3":"status-publish","4":"has-post-thumbnail","6":"product_cat-evolite-en","7":"product_cat-for-immunity-en","8":"product_cat-gaba-en","9":"product_cat-magnesium-en","10":"product_cat-melatonin-en","11":"product_cat-sleep-enhancers-en","12":"product_cat-testosterone-boosters-en","13":"product_cat-vitamins-and-minerals-en","14":"product_cat-zinc-en","15":"product_cat-zma-en","16":"product_tag-evolite-en","17":"product_tag-gaba-en","18":"product_tag-melatonin-en","19":"product_tag-zma-en","20":"pa_kogus-120-capsules","21":"pa_toidulisand-branddd-evolite","22":"pa_tootegruppp-gaba-en","23":"pa_tootegruppp-immuunsusteem-en","24":"pa_tootegruppp-magneesium-en","25":"pa_tootegruppp-melatoniin-en","26":"pa_tootegruppp-testosterone-enhancers","27":"pa_tootegruppp-tsink-en","28":"pa_tootegruppp-uni-en","29":"pa_tootegruppp-vitamins-and-minerals","30":"pa_tootegruppp-zma-en","32":"first","33":"instock","34":"sale","35":"taxable","36":"shipping-taxable","37":"purchasable","38":"product-type-simple"},"yoast_head":"<!-- This site is optimized with the Yoast SEO plugin v27.3 - https:\/\/yoast.com\/product\/yoast-seo-wordpress\/ -->\n<title>ZMA + GABA + Melatonin (120caps) - Tsink - Melatoniin - Kiire tarne<\/title>\n<meta name=\"description\" content=\"ZMA Melatonin ja GABA - ZMB Evolite (120caps) on toode, mis sisaldab k\u00f5ige olulisemaid koostisosasi, mis aitavad Teil paremini uinuda.\" \/>\n<meta name=\"robots\" content=\"index, follow, max-snippet:-1, max-image-preview:large, max-video-preview:-1\" \/>\n<link rel=\"canonical\" href=\"https:\/\/fit360.ee\/en\/pood\/product-groups\/sleep-enhancers-en\/melatonin-en\/zma-melatonin-gaba-120caps\/\" \/>\n<meta property=\"og:locale\" content=\"en_US\" \/>\n<meta property=\"og:type\" content=\"article\" \/>\n<meta property=\"og:title\" content=\"ZMA + GABA + Melatonin (120caps) - Tsink - Melatoniin - Kiire tarne\" \/>\n<meta property=\"og:description\" content=\"ZMA Melatonin ja GABA - ZMB Evolite (120caps) on toode, mis sisaldab k\u00f5ige olulisemaid koostisosasi, mis aitavad Teil paremini uinuda.\" \/>\n<meta property=\"og:url\" content=\"https:\/\/fit360.ee\/en\/pood\/product-groups\/sleep-enhancers-en\/melatonin-en\/zma-melatonin-gaba-120caps\/\" \/>\n<meta property=\"og:site_name\" content=\"Fit360\" \/>\n<meta property=\"article:modified_time\" content=\"2026-01-12T11:19:12+00:00\" \/>\n<meta property=\"og:image\" content=\"https:\/\/fit360.ee\/wp-content\/uploads\/2020\/09\/zma-melatoniin-fit360.ee_.jpg\" \/>\n\t<meta property=\"og:image:width\" content=\"1100\" \/>\n\t<meta property=\"og:image:height\" content=\"1422\" \/>\n\t<meta property=\"og:image:type\" content=\"image\/jpeg\" \/>\n<meta name=\"twitter:card\" content=\"summary_large_image\" \/>\n<meta name=\"twitter:label1\" content=\"Est. reading time\" \/>\n\t<meta name=\"twitter:data1\" content=\"2 minutes\" \/>\n<script type=\"application\/ld+json\" class=\"yoast-schema-graph\">{\"@context\":\"https:\\\/\\\/schema.org\",\"@graph\":[{\"@type\":\"WebPage\",\"@id\":\"https:\\\/\\\/fit360.ee\\\/en\\\/pood\\\/product-groups\\\/sleep-enhancers-en\\\/melatonin-en\\\/zma-melatonin-gaba-120caps\\\/\",\"url\":\"https:\\\/\\\/fit360.ee\\\/en\\\/pood\\\/product-groups\\\/sleep-enhancers-en\\\/melatonin-en\\\/zma-melatonin-gaba-120caps\\\/\",\"name\":\"ZMA + GABA + Melatonin (120caps) - Tsink - Melatoniin - Kiire tarne\",\"isPartOf\":{\"@id\":\"https:\\\/\\\/fit360.ee\\\/en\\\/#website\"},\"primaryImageOfPage\":{\"@id\":\"https:\\\/\\\/fit360.ee\\\/en\\\/pood\\\/product-groups\\\/sleep-enhancers-en\\\/melatonin-en\\\/zma-melatonin-gaba-120caps\\\/#primaryimage\"},\"image\":{\"@id\":\"https:\\\/\\\/fit360.ee\\\/en\\\/pood\\\/product-groups\\\/sleep-enhancers-en\\\/melatonin-en\\\/zma-melatonin-gaba-120caps\\\/#primaryimage\"},\"thumbnailUrl\":\"https:\\\/\\\/fit360.ee\\\/wp-content\\\/uploads\\\/2020\\\/09\\\/zma-melatoniin-fit360.ee_.jpg\",\"datePublished\":\"2020-09-13T13:31:03+00:00\",\"dateModified\":\"2026-01-12T11:19:12+00:00\",\"description\":\"ZMA Melatonin ja GABA - ZMB Evolite (120caps) on toode, mis sisaldab k\u00f5ige olulisemaid koostisosasi, mis aitavad Teil paremini uinuda.\",\"breadcrumb\":{\"@id\":\"https:\\\/\\\/fit360.ee\\\/en\\\/pood\\\/product-groups\\\/sleep-enhancers-en\\\/melatonin-en\\\/zma-melatonin-gaba-120caps\\\/#breadcrumb\"},\"inLanguage\":\"en-US\",\"potentialAction\":[{\"@type\":\"ReadAction\",\"target\":[\"https:\\\/\\\/fit360.ee\\\/en\\\/pood\\\/product-groups\\\/sleep-enhancers-en\\\/melatonin-en\\\/zma-melatonin-gaba-120caps\\\/\"]}]},{\"@type\":\"ImageObject\",\"inLanguage\":\"en-US\",\"@id\":\"https:\\\/\\\/fit360.ee\\\/en\\\/pood\\\/product-groups\\\/sleep-enhancers-en\\\/melatonin-en\\\/zma-melatonin-gaba-120caps\\\/#primaryimage\",\"url\":\"https:\\\/\\\/fit360.ee\\\/wp-content\\\/uploads\\\/2020\\\/09\\\/zma-melatoniin-fit360.ee_.jpg\",\"contentUrl\":\"https:\\\/\\\/fit360.ee\\\/wp-content\\\/uploads\\\/2020\\\/09\\\/zma-melatoniin-fit360.ee_.jpg\",\"width\":1100,\"height\":1422,\"caption\":\"zma melatoniin - fit360.ee\"},{\"@type\":\"BreadcrumbList\",\"@id\":\"https:\\\/\\\/fit360.ee\\\/en\\\/pood\\\/product-groups\\\/sleep-enhancers-en\\\/melatonin-en\\\/zma-melatonin-gaba-120caps\\\/#breadcrumb\",\"itemListElement\":[{\"@type\":\"ListItem\",\"position\":1,\"name\":\"Home\",\"item\":\"https:\\\/\\\/fit360.ee\\\/en\\\/\"},{\"@type\":\"ListItem\",\"position\":2,\"name\":\"Shop\",\"item\":\"https:\\\/\\\/fit360.ee\\\/en\\\/shop\\\/\"},{\"@type\":\"ListItem\",\"position\":3,\"name\":\"ZMA + GABA + Melatonin (120caps)\"}]},{\"@type\":\"WebSite\",\"@id\":\"https:\\\/\\\/fit360.ee\\\/en\\\/#website\",\"url\":\"https:\\\/\\\/fit360.ee\\\/en\\\/\",\"name\":\"Fit360\",\"description\":\"\",\"publisher\":{\"@id\":\"https:\\\/\\\/fit360.ee\\\/en\\\/#organization\"},\"potentialAction\":[{\"@type\":\"SearchAction\",\"target\":{\"@type\":\"EntryPoint\",\"urlTemplate\":\"https:\\\/\\\/fit360.ee\\\/en\\\/?s={search_term_string}\"},\"query-input\":{\"@type\":\"PropertyValueSpecification\",\"valueRequired\":true,\"valueName\":\"search_term_string\"}}],\"inLanguage\":\"en-US\"},{\"@type\":\"Organization\",\"@id\":\"https:\\\/\\\/fit360.ee\\\/en\\\/#organization\",\"name\":\"Fit360\",\"url\":\"https:\\\/\\\/fit360.ee\\\/en\\\/\",\"logo\":{\"@type\":\"ImageObject\",\"inLanguage\":\"en-US\",\"@id\":\"https:\\\/\\\/fit360.ee\\\/en\\\/#\\\/schema\\\/logo\\\/image\\\/\",\"url\":\"https:\\\/\\\/fit360.ee\\\/wp-content\\\/uploads\\\/2017\\\/01\\\/logo-fit360.png\",\"contentUrl\":\"https:\\\/\\\/fit360.ee\\\/wp-content\\\/uploads\\\/2017\\\/01\\\/logo-fit360.png\",\"width\":180,\"height\":66,\"caption\":\"Fit360\"},\"image\":{\"@id\":\"https:\\\/\\\/fit360.ee\\\/en\\\/#\\\/schema\\\/logo\\\/image\\\/\"}}]}<\/script>\n<!-- \/ Yoast SEO plugin. -->","yoast_head_json":{"title":"ZMA + GABA + Melatonin (120caps) - Tsink - Melatoniin - Kiire tarne","description":"ZMA Melatonin ja GABA - ZMB Evolite (120caps) on toode, mis sisaldab k\u00f5ige olulisemaid koostisosasi, mis aitavad Teil paremini uinuda.","robots":{"index":"index","follow":"follow","max-snippet":"max-snippet:-1","max-image-preview":"max-image-preview:large","max-video-preview":"max-video-preview:-1"},"canonical":"https:\/\/fit360.ee\/en\/pood\/product-groups\/sleep-enhancers-en\/melatonin-en\/zma-melatonin-gaba-120caps\/","og_locale":"en_US","og_type":"article","og_title":"ZMA + GABA + Melatonin (120caps) - Tsink - Melatoniin - Kiire tarne","og_description":"ZMA Melatonin ja GABA - ZMB Evolite (120caps) on toode, mis sisaldab k\u00f5ige olulisemaid koostisosasi, mis aitavad Teil paremini uinuda.","og_url":"https:\/\/fit360.ee\/en\/pood\/product-groups\/sleep-enhancers-en\/melatonin-en\/zma-melatonin-gaba-120caps\/","og_site_name":"Fit360","article_modified_time":"2026-01-12T11:19:12+00:00","og_image":[{"width":1100,"height":1422,"url":"https:\/\/fit360.ee\/wp-content\/uploads\/2020\/09\/zma-melatoniin-fit360.ee_.jpg","type":"image\/jpeg"}],"twitter_card":"summary_large_image","twitter_misc":{"Est. reading time":"2 minutes"},"schema":{"@context":"https:\/\/schema.org","@graph":[{"@type":"WebPage","@id":"https:\/\/fit360.ee\/en\/pood\/product-groups\/sleep-enhancers-en\/melatonin-en\/zma-melatonin-gaba-120caps\/","url":"https:\/\/fit360.ee\/en\/pood\/product-groups\/sleep-enhancers-en\/melatonin-en\/zma-melatonin-gaba-120caps\/","name":"ZMA + GABA + Melatonin (120caps) - Tsink - Melatoniin - Kiire tarne","isPartOf":{"@id":"https:\/\/fit360.ee\/en\/#website"},"primaryImageOfPage":{"@id":"https:\/\/fit360.ee\/en\/pood\/product-groups\/sleep-enhancers-en\/melatonin-en\/zma-melatonin-gaba-120caps\/#primaryimage"},"image":{"@id":"https:\/\/fit360.ee\/en\/pood\/product-groups\/sleep-enhancers-en\/melatonin-en\/zma-melatonin-gaba-120caps\/#primaryimage"},"thumbnailUrl":"https:\/\/fit360.ee\/wp-content\/uploads\/2020\/09\/zma-melatoniin-fit360.ee_.jpg","datePublished":"2020-09-13T13:31:03+00:00","dateModified":"2026-01-12T11:19:12+00:00","description":"ZMA Melatonin ja GABA - ZMB Evolite (120caps) on toode, mis sisaldab k\u00f5ige olulisemaid koostisosasi, mis aitavad Teil paremini uinuda.","breadcrumb":{"@id":"https:\/\/fit360.ee\/en\/pood\/product-groups\/sleep-enhancers-en\/melatonin-en\/zma-melatonin-gaba-120caps\/#breadcrumb"},"inLanguage":"en-US","potentialAction":[{"@type":"ReadAction","target":["https:\/\/fit360.ee\/en\/pood\/product-groups\/sleep-enhancers-en\/melatonin-en\/zma-melatonin-gaba-120caps\/"]}]},{"@type":"ImageObject","inLanguage":"en-US","@id":"https:\/\/fit360.ee\/en\/pood\/product-groups\/sleep-enhancers-en\/melatonin-en\/zma-melatonin-gaba-120caps\/#primaryimage","url":"https:\/\/fit360.ee\/wp-content\/uploads\/2020\/09\/zma-melatoniin-fit360.ee_.jpg","contentUrl":"https:\/\/fit360.ee\/wp-content\/uploads\/2020\/09\/zma-melatoniin-fit360.ee_.jpg","width":1100,"height":1422,"caption":"zma melatoniin - fit360.ee"},{"@type":"BreadcrumbList","@id":"https:\/\/fit360.ee\/en\/pood\/product-groups\/sleep-enhancers-en\/melatonin-en\/zma-melatonin-gaba-120caps\/#breadcrumb","itemListElement":[{"@type":"ListItem","position":1,"name":"Home","item":"https:\/\/fit360.ee\/en\/"},{"@type":"ListItem","position":2,"name":"Shop","item":"https:\/\/fit360.ee\/en\/shop\/"},{"@type":"ListItem","position":3,"name":"ZMA + GABA + Melatonin (120caps)"}]},{"@type":"WebSite","@id":"https:\/\/fit360.ee\/en\/#website","url":"https:\/\/fit360.ee\/en\/","name":"Fit360","description":"","publisher":{"@id":"https:\/\/fit360.ee\/en\/#organization"},"potentialAction":[{"@type":"SearchAction","target":{"@type":"EntryPoint","urlTemplate":"https:\/\/fit360.ee\/en\/?s={search_term_string}"},"query-input":{"@type":"PropertyValueSpecification","valueRequired":true,"valueName":"search_term_string"}}],"inLanguage":"en-US"},{"@type":"Organization","@id":"https:\/\/fit360.ee\/en\/#organization","name":"Fit360","url":"https:\/\/fit360.ee\/en\/","logo":{"@type":"ImageObject","inLanguage":"en-US","@id":"https:\/\/fit360.ee\/en\/#\/schema\/logo\/image\/","url":"https:\/\/fit360.ee\/wp-content\/uploads\/2017\/01\/logo-fit360.png","contentUrl":"https:\/\/fit360.ee\/wp-content\/uploads\/2017\/01\/logo-fit360.png","width":180,"height":66,"caption":"Fit360"},"image":{"@id":"https:\/\/fit360.ee\/en\/#\/schema\/logo\/image\/"}}]}},"_links":{"self":[{"href":"https:\/\/fit360.ee\/en\/wp-json\/wp\/v2\/product\/38669","targetHints":{"allow":["GET"]}}],"collection":[{"href":"https:\/\/fit360.ee\/en\/wp-json\/wp\/v2\/product"}],"about":[{"href":"https:\/\/fit360.ee\/en\/wp-json\/wp\/v2\/types\/product"}],"replies":[{"embeddable":true,"href":"https:\/\/fit360.ee\/en\/wp-json\/wp\/v2\/comments?post=38669"}],"wp:featuredmedia":[{"embeddable":true,"href":"https:\/\/fit360.ee\/en\/wp-json\/wp\/v2\/media\/84796"}],"wp:attachment":[{"href":"https:\/\/fit360.ee\/en\/wp-json\/wp\/v2\/media?parent=38669"}],"wp:term":[{"taxonomy":"product_brand","embeddable":true,"href":"https:\/\/fit360.ee\/en\/wp-json\/wp\/v2\/product_brand?post=38669"},{"taxonomy":"product_cat","embeddable":true,"href":"https:\/\/fit360.ee\/en\/wp-json\/wp\/v2\/product_cat?post=38669"},{"taxonomy":"product_tag","embeddable":true,"href":"https:\/\/fit360.ee\/en\/wp-json\/wp\/v2\/product_tag?post=38669"},{"taxonomy":"giftcard-category","embeddable":true,"href":"https:\/\/fit360.ee\/en\/wp-json\/wp\/v2\/giftcard-category?post=38669"}],"curies":[{"name":"wp","href":"https:\/\/api.w.org\/{rel}","templated":true}]}}