{"id":38807,"date":"2020-09-30T20:46:05","date_gmt":"2020-09-30T18:46:05","guid":{"rendered":"https:\/\/fit360.ee\/pood\/uncategorized\/monster-energy-black-cherry-500ml\/"},"modified":"2026-03-26T12:53:37","modified_gmt":"2026-03-26T10:53:37","slug":"monster-energy-black-cherry-500ml","status":"publish","type":"product","link":"https:\/\/fit360.ee\/en\/pood\/product-groups\/drinks-shots\/monster-energy-black-cherry-500ml\/","title":{"rendered":"Monster Energy Black (Cherry) (500ml)"},"content":{"rendered":"<h1>MONSTER ENERGY BLACK &#8211; CHERRY<\/h1>\n<p>Monster Energy Black on Ultra seeria (nullkaloraa\u017e) toode.<\/p>\n<p class=\"itemHeader\"><strong>Koositisosad<\/strong>: Karboniseeritud vesi, Sidrunhape, Hape (sidrunhape), Maitsetugevdaja (er\u00fctritool), Tauriin (0,4%), Happesuse regulaator (naatriumtsitraat), L\u00f5hna- ja maitseained, Panaxi \u017een\u0161enni juureekstrakt (0,08%), Kofeiin (0,03%), S\u00e4ilitusained (sorbiinhape, bensoehape), Porgandi ja mustika kontsentraat, Magusained (sukraloos, atsesulfaam K), V\u00e4rvained (E129, E133),<br \/>\nL-karnitiin-L-tartraat (0,015%), Vitamiinid (B3, B5, B6, B12), Naatriumkloriid, Inositool.<\/p>\n<p><strong>Suurus<\/strong>: 500ml<\/p>\n<p><strong>Maitse<\/strong>: Kirss<\/p>\n<p><a href=\"https:\/\/fit360.ee\/wp-content\/uploads\/2020\/09\/0070847020900_NF_hyvee_default_medium.jpeg\"><img loading=\"lazy\" decoding=\"async\" class=\"alignnone size-full wp-image-38803\" src=\"https:\/\/fit360.ee\/wp-content\/uploads\/2020\/09\/0070847020900_NF_hyvee_default_medium.jpeg\" alt=\"Monster Energy Eesti - fit360.ee\" width=\"188\" height=\"380\" \/><\/a><\/p>\n<p>&nbsp;<\/p>\n<p>&nbsp;<\/p>\n","protected":false},"excerpt":{"rendered":"<h2>MONSTER ENERGY BLACK:<\/h2>\n<ul>\n<li>Null suhkrut ja kalorit<\/li>\n<li>GMO-vaba<\/li>\n<li>gluteenivaba<\/li>\n<li>Allergeenivaba<\/li>\n<\/ul>\n<p>Gaseeritud energiajook koos tauriini, kofeiini, L-karnitiini ja magusainetega B-vitamiinidega.<\/p>\n","protected":false},"featured_media":38806,"comment_status":"open","ping_status":"closed","template":"","meta":[],"product_brand":[],"product_cat":[523,2013,2043],"product_tag":[2014,2015],"giftcard-category":[],"class_list":{"0":"post-38807","1":"product","2":"type-product","3":"status-publish","4":"has-post-thumbnail","6":"product_cat-drinks-shots","7":"product_cat-monster-energy-en","8":"product_cat-sugar-free-energy-drinks-en","9":"product_tag-monster-energy-en","10":"product_tag-monster-energy-black-en","11":"pa_kogus-500ml-en","12":"pa_maitse-cherry","13":"pa_toidulisand-branddd-monster-energy","14":"pa_tootegruppp-drinksshots","15":"pa_tootegruppp-suhkruvabad-energiajoogid-en","17":"first","18":"outofstock","19":"taxable","20":"shipping-taxable","21":"purchasable","22":"product-type-simple"},"yoast_head":"<!-- This site is optimized with the Yoast SEO plugin v27.3 - https:\/\/yoast.com\/product\/yoast-seo-wordpress\/ -->\n<title>Monster Energy Black (Cherry) (500ml) - 0g Suhkrut - 0 kaloraa\u017e - Kiire tarne<\/title>\n<meta name=\"description\" content=\"Monster Energy Black - Gaseeritud energiajook koos tauriini, kofeiini, L-karnitiini ja magusainetega B-vitamiinidega.\u00a0 Proovi j\u00e4rgi!\" \/>\n<meta name=\"robots\" content=\"index, follow, max-snippet:-1, max-image-preview:large, max-video-preview:-1\" \/>\n<link rel=\"canonical\" href=\"https:\/\/fit360.ee\/en\/pood\/product-groups\/drinks-shots\/monster-energy-black-cherry-500ml\/\" \/>\n<meta property=\"og:locale\" content=\"en_US\" \/>\n<meta property=\"og:type\" content=\"article\" \/>\n<meta property=\"og:title\" content=\"Monster Energy Black (Cherry) (500ml) - 0g Suhkrut - 0 kaloraa\u017e - Kiire tarne\" \/>\n<meta property=\"og:description\" content=\"Monster Energy Black - Gaseeritud energiajook koos tauriini, kofeiini, L-karnitiini ja magusainetega B-vitamiinidega.\u00a0 Proovi j\u00e4rgi!\" \/>\n<meta property=\"og:url\" content=\"https:\/\/fit360.ee\/en\/pood\/product-groups\/drinks-shots\/monster-energy-black-cherry-500ml\/\" \/>\n<meta property=\"og:site_name\" content=\"Fit360\" \/>\n<meta property=\"article:modified_time\" content=\"2026-03-26T10:53:37+00:00\" \/>\n<meta property=\"og:image\" content=\"https:\/\/fit360.ee\/wp-content\/uploads\/2020\/09\/image.jpg\" \/>\n\t<meta property=\"og:image:width\" content=\"300\" \/>\n\t<meta property=\"og:image:height\" content=\"300\" \/>\n\t<meta property=\"og:image:type\" content=\"image\/jpeg\" \/>\n<meta name=\"twitter:card\" content=\"summary_large_image\" \/>\n<meta name=\"twitter:label1\" content=\"Est. reading time\" \/>\n\t<meta name=\"twitter:data1\" content=\"1 minute\" \/>\n<script type=\"application\/ld+json\" class=\"yoast-schema-graph\">{\"@context\":\"https:\\\/\\\/schema.org\",\"@graph\":[{\"@type\":\"WebPage\",\"@id\":\"https:\\\/\\\/fit360.ee\\\/en\\\/pood\\\/product-groups\\\/drinks-shots\\\/monster-energy-black-cherry-500ml\\\/\",\"url\":\"https:\\\/\\\/fit360.ee\\\/en\\\/pood\\\/product-groups\\\/drinks-shots\\\/monster-energy-black-cherry-500ml\\\/\",\"name\":\"Monster Energy Black (Cherry) (500ml) - 0g Suhkrut - 0 kaloraa\u017e - Kiire tarne\",\"isPartOf\":{\"@id\":\"https:\\\/\\\/fit360.ee\\\/en\\\/#website\"},\"primaryImageOfPage\":{\"@id\":\"https:\\\/\\\/fit360.ee\\\/en\\\/pood\\\/product-groups\\\/drinks-shots\\\/monster-energy-black-cherry-500ml\\\/#primaryimage\"},\"image\":{\"@id\":\"https:\\\/\\\/fit360.ee\\\/en\\\/pood\\\/product-groups\\\/drinks-shots\\\/monster-energy-black-cherry-500ml\\\/#primaryimage\"},\"thumbnailUrl\":\"https:\\\/\\\/fit360.ee\\\/wp-content\\\/uploads\\\/2020\\\/09\\\/image.jpg\",\"datePublished\":\"2020-09-30T18:46:05+00:00\",\"dateModified\":\"2026-03-26T10:53:37+00:00\",\"description\":\"Monster Energy Black - Gaseeritud energiajook koos tauriini, kofeiini, L-karnitiini ja magusainetega B-vitamiinidega.\u00a0 Proovi j\u00e4rgi!\",\"breadcrumb\":{\"@id\":\"https:\\\/\\\/fit360.ee\\\/en\\\/pood\\\/product-groups\\\/drinks-shots\\\/monster-energy-black-cherry-500ml\\\/#breadcrumb\"},\"inLanguage\":\"en-US\",\"potentialAction\":[{\"@type\":\"ReadAction\",\"target\":[\"https:\\\/\\\/fit360.ee\\\/en\\\/pood\\\/product-groups\\\/drinks-shots\\\/monster-energy-black-cherry-500ml\\\/\"]}]},{\"@type\":\"ImageObject\",\"inLanguage\":\"en-US\",\"@id\":\"https:\\\/\\\/fit360.ee\\\/en\\\/pood\\\/product-groups\\\/drinks-shots\\\/monster-energy-black-cherry-500ml\\\/#primaryimage\",\"url\":\"https:\\\/\\\/fit360.ee\\\/wp-content\\\/uploads\\\/2020\\\/09\\\/image.jpg\",\"contentUrl\":\"https:\\\/\\\/fit360.ee\\\/wp-content\\\/uploads\\\/2020\\\/09\\\/image.jpg\",\"width\":300,\"height\":300,\"caption\":\"Monster Energy Black - kirss - fit360.ee\"},{\"@type\":\"BreadcrumbList\",\"@id\":\"https:\\\/\\\/fit360.ee\\\/en\\\/pood\\\/product-groups\\\/drinks-shots\\\/monster-energy-black-cherry-500ml\\\/#breadcrumb\",\"itemListElement\":[{\"@type\":\"ListItem\",\"position\":1,\"name\":\"Home\",\"item\":\"https:\\\/\\\/fit360.ee\\\/en\\\/\"},{\"@type\":\"ListItem\",\"position\":2,\"name\":\"Shop\",\"item\":\"https:\\\/\\\/fit360.ee\\\/en\\\/shop\\\/\"},{\"@type\":\"ListItem\",\"position\":3,\"name\":\"Monster Energy Black (Cherry) (500ml)\"}]},{\"@type\":\"WebSite\",\"@id\":\"https:\\\/\\\/fit360.ee\\\/en\\\/#website\",\"url\":\"https:\\\/\\\/fit360.ee\\\/en\\\/\",\"name\":\"Fit360\",\"description\":\"\",\"publisher\":{\"@id\":\"https:\\\/\\\/fit360.ee\\\/en\\\/#organization\"},\"potentialAction\":[{\"@type\":\"SearchAction\",\"target\":{\"@type\":\"EntryPoint\",\"urlTemplate\":\"https:\\\/\\\/fit360.ee\\\/en\\\/?s={search_term_string}\"},\"query-input\":{\"@type\":\"PropertyValueSpecification\",\"valueRequired\":true,\"valueName\":\"search_term_string\"}}],\"inLanguage\":\"en-US\"},{\"@type\":\"Organization\",\"@id\":\"https:\\\/\\\/fit360.ee\\\/en\\\/#organization\",\"name\":\"Fit360\",\"url\":\"https:\\\/\\\/fit360.ee\\\/en\\\/\",\"logo\":{\"@type\":\"ImageObject\",\"inLanguage\":\"en-US\",\"@id\":\"https:\\\/\\\/fit360.ee\\\/en\\\/#\\\/schema\\\/logo\\\/image\\\/\",\"url\":\"https:\\\/\\\/fit360.ee\\\/wp-content\\\/uploads\\\/2017\\\/01\\\/logo-fit360.png\",\"contentUrl\":\"https:\\\/\\\/fit360.ee\\\/wp-content\\\/uploads\\\/2017\\\/01\\\/logo-fit360.png\",\"width\":180,\"height\":66,\"caption\":\"Fit360\"},\"image\":{\"@id\":\"https:\\\/\\\/fit360.ee\\\/en\\\/#\\\/schema\\\/logo\\\/image\\\/\"}}]}<\/script>\n<!-- \/ Yoast SEO plugin. -->","yoast_head_json":{"title":"Monster Energy Black (Cherry) (500ml) - 0g Suhkrut - 0 kaloraa\u017e - Kiire tarne","description":"Monster Energy Black - Gaseeritud energiajook koos tauriini, kofeiini, L-karnitiini ja magusainetega B-vitamiinidega.\u00a0 Proovi j\u00e4rgi!","robots":{"index":"index","follow":"follow","max-snippet":"max-snippet:-1","max-image-preview":"max-image-preview:large","max-video-preview":"max-video-preview:-1"},"canonical":"https:\/\/fit360.ee\/en\/pood\/product-groups\/drinks-shots\/monster-energy-black-cherry-500ml\/","og_locale":"en_US","og_type":"article","og_title":"Monster Energy Black (Cherry) (500ml) - 0g Suhkrut - 0 kaloraa\u017e - Kiire tarne","og_description":"Monster Energy Black - Gaseeritud energiajook koos tauriini, kofeiini, L-karnitiini ja magusainetega B-vitamiinidega.\u00a0 Proovi j\u00e4rgi!","og_url":"https:\/\/fit360.ee\/en\/pood\/product-groups\/drinks-shots\/monster-energy-black-cherry-500ml\/","og_site_name":"Fit360","article_modified_time":"2026-03-26T10:53:37+00:00","og_image":[{"width":300,"height":300,"url":"https:\/\/fit360.ee\/wp-content\/uploads\/2020\/09\/image.jpg","type":"image\/jpeg"}],"twitter_card":"summary_large_image","twitter_misc":{"Est. reading time":"1 minute"},"schema":{"@context":"https:\/\/schema.org","@graph":[{"@type":"WebPage","@id":"https:\/\/fit360.ee\/en\/pood\/product-groups\/drinks-shots\/monster-energy-black-cherry-500ml\/","url":"https:\/\/fit360.ee\/en\/pood\/product-groups\/drinks-shots\/monster-energy-black-cherry-500ml\/","name":"Monster Energy Black (Cherry) (500ml) - 0g Suhkrut - 0 kaloraa\u017e - Kiire tarne","isPartOf":{"@id":"https:\/\/fit360.ee\/en\/#website"},"primaryImageOfPage":{"@id":"https:\/\/fit360.ee\/en\/pood\/product-groups\/drinks-shots\/monster-energy-black-cherry-500ml\/#primaryimage"},"image":{"@id":"https:\/\/fit360.ee\/en\/pood\/product-groups\/drinks-shots\/monster-energy-black-cherry-500ml\/#primaryimage"},"thumbnailUrl":"https:\/\/fit360.ee\/wp-content\/uploads\/2020\/09\/image.jpg","datePublished":"2020-09-30T18:46:05+00:00","dateModified":"2026-03-26T10:53:37+00:00","description":"Monster Energy Black - Gaseeritud energiajook koos tauriini, kofeiini, L-karnitiini ja magusainetega B-vitamiinidega.\u00a0 Proovi j\u00e4rgi!","breadcrumb":{"@id":"https:\/\/fit360.ee\/en\/pood\/product-groups\/drinks-shots\/monster-energy-black-cherry-500ml\/#breadcrumb"},"inLanguage":"en-US","potentialAction":[{"@type":"ReadAction","target":["https:\/\/fit360.ee\/en\/pood\/product-groups\/drinks-shots\/monster-energy-black-cherry-500ml\/"]}]},{"@type":"ImageObject","inLanguage":"en-US","@id":"https:\/\/fit360.ee\/en\/pood\/product-groups\/drinks-shots\/monster-energy-black-cherry-500ml\/#primaryimage","url":"https:\/\/fit360.ee\/wp-content\/uploads\/2020\/09\/image.jpg","contentUrl":"https:\/\/fit360.ee\/wp-content\/uploads\/2020\/09\/image.jpg","width":300,"height":300,"caption":"Monster Energy Black - kirss - fit360.ee"},{"@type":"BreadcrumbList","@id":"https:\/\/fit360.ee\/en\/pood\/product-groups\/drinks-shots\/monster-energy-black-cherry-500ml\/#breadcrumb","itemListElement":[{"@type":"ListItem","position":1,"name":"Home","item":"https:\/\/fit360.ee\/en\/"},{"@type":"ListItem","position":2,"name":"Shop","item":"https:\/\/fit360.ee\/en\/shop\/"},{"@type":"ListItem","position":3,"name":"Monster Energy Black (Cherry) (500ml)"}]},{"@type":"WebSite","@id":"https:\/\/fit360.ee\/en\/#website","url":"https:\/\/fit360.ee\/en\/","name":"Fit360","description":"","publisher":{"@id":"https:\/\/fit360.ee\/en\/#organization"},"potentialAction":[{"@type":"SearchAction","target":{"@type":"EntryPoint","urlTemplate":"https:\/\/fit360.ee\/en\/?s={search_term_string}"},"query-input":{"@type":"PropertyValueSpecification","valueRequired":true,"valueName":"search_term_string"}}],"inLanguage":"en-US"},{"@type":"Organization","@id":"https:\/\/fit360.ee\/en\/#organization","name":"Fit360","url":"https:\/\/fit360.ee\/en\/","logo":{"@type":"ImageObject","inLanguage":"en-US","@id":"https:\/\/fit360.ee\/en\/#\/schema\/logo\/image\/","url":"https:\/\/fit360.ee\/wp-content\/uploads\/2017\/01\/logo-fit360.png","contentUrl":"https:\/\/fit360.ee\/wp-content\/uploads\/2017\/01\/logo-fit360.png","width":180,"height":66,"caption":"Fit360"},"image":{"@id":"https:\/\/fit360.ee\/en\/#\/schema\/logo\/image\/"}}]}},"_links":{"self":[{"href":"https:\/\/fit360.ee\/en\/wp-json\/wp\/v2\/product\/38807","targetHints":{"allow":["GET"]}}],"collection":[{"href":"https:\/\/fit360.ee\/en\/wp-json\/wp\/v2\/product"}],"about":[{"href":"https:\/\/fit360.ee\/en\/wp-json\/wp\/v2\/types\/product"}],"replies":[{"embeddable":true,"href":"https:\/\/fit360.ee\/en\/wp-json\/wp\/v2\/comments?post=38807"}],"wp:featuredmedia":[{"embeddable":true,"href":"https:\/\/fit360.ee\/en\/wp-json\/wp\/v2\/media\/38806"}],"wp:attachment":[{"href":"https:\/\/fit360.ee\/en\/wp-json\/wp\/v2\/media?parent=38807"}],"wp:term":[{"taxonomy":"product_brand","embeddable":true,"href":"https:\/\/fit360.ee\/en\/wp-json\/wp\/v2\/product_brand?post=38807"},{"taxonomy":"product_cat","embeddable":true,"href":"https:\/\/fit360.ee\/en\/wp-json\/wp\/v2\/product_cat?post=38807"},{"taxonomy":"product_tag","embeddable":true,"href":"https:\/\/fit360.ee\/en\/wp-json\/wp\/v2\/product_tag?post=38807"},{"taxonomy":"giftcard-category","embeddable":true,"href":"https:\/\/fit360.ee\/en\/wp-json\/wp\/v2\/giftcard-category?post=38807"}],"curies":[{"name":"wp","href":"https:\/\/api.w.org\/{rel}","templated":true}]}}