{"id":39015,"date":"2020-10-15T21:23:45","date_gmt":"2020-10-15T19:23:45","guid":{"rendered":"https:\/\/fit360.ee\/pood\/uncategorized\/universal-animal-test-21-packs\/"},"modified":"2026-01-21T16:49:21","modified_gmt":"2026-01-21T14:49:21","slug":"universal-animal-test-21-packs","status":"publish","type":"product","link":"https:\/\/fit360.ee\/en\/pood\/product-groups\/testosterone-boosters-en\/universal-animal-test-21-packs\/","title":{"rendered":"UNIVERSAL Animal Test (21 packs)"},"content":{"rendered":"<h1>ANIMAL TEST &#8211; \u00dcLIM TESTOSTEROONI T\u00d5STEV KOMPLEKS<\/h1>\n<p><strong>Animal Test<\/strong> &#8211; parim legaalne turul olev testosterooni t\u00f5stja<\/p>\n<p>H\u00fcpertroofse, testosterooni toetava toidulisandi \u00fclim t\u00e4iendus. Kombineerides k\u00f5ige t\u00f5husamaid looduslikke ekstrakte \u00fche kuumimate, patenteeritud ja toimivate toidulisanditega, mis on viimastel aastatel t\u00f6\u00f6stusele silma paistnud.<br \/>\nLisand sisaldab looduslikke taimseid ektrakte, mis vallandavad keha enda testosterooni ja suruvad alla samal ajal \u00f6strogeeni.<\/p>\n<p>V\u00f5imsam element on \u00fclit\u00e4htis, toimiv ja patenditud h\u00fcpertroofilise aine Arachidonic Acid (AA) lisamine. Tuginedes \u00fclikooli teadusuuringutele ja reaalse maailma tunnistustele, on AA v\u00f5tnud kulturismimaailmas tormilise t\u00e4helepanuga &#8211; ja m\u00f5juval p\u00f5hjusel. Arahhidoonhappel on raske treenimisega kulturisti jaoks mitmeid eeliseid, millest k\u00f5ige t\u00e4htsam on selle v\u00f5ime suurendada androgeeniretseptori tundlikkust, mis omakorda suurendab h\u00fcpertroofiat.<\/p>\n<p><strong>Kasutamine<\/strong>: V\u00f5tke \u00fcks pakk p\u00e4evas koos toiduga. Treeningp\u00e4evadel v\u00f5tke enne trenni \u00fcks pakk koos toiduga.<br \/>\nParimate tulemuste saamiseks kasutage kaks j\u00e4rjestikust ts\u00fcklit &#8211; kokku 42 p\u00e4eva, p\u00e4rast seda v\u00f5tke 4 n\u00e4dalat vaba. Selle vaba aja jooksul soovitatame kasutada Animal M-Staki nimelist toodet, et s\u00e4ilitada tulemust ja rasvavaba lihast.<\/p>\n<p><strong>Kogus \u00fche portsjoni (paki) kohta<\/strong>:<br \/>\n<strong>Pro-androgeenide kompleks 2500 mg<\/strong><br \/>\nPatenteeritud segu: pro-androgeenikompleks: Urtica Dioica (3,4-Divanil\u00fc\u00fcltetrah\u00fcdrofuraan), Cissus Quadrangularis (Ketosterones), Polygonum Cuspidatum (Trans-3,5,4&#8242;-Trih\u00fcdroks\u00fcstilbene (Trans Resveratrol)), Agaricus Bisporus (Pol\u00fcsahhariidid), 3 &#8216;, 5,7-trih\u00fcdroks\u00fc-4&#8217;-metoks\u00fcflavoon (Hesperetin), Yohimbe kooreekstrakt.<\/p>\n<p><strong>H\u00fcpertroofiline reageerimiskompleks 1500 mg<\/strong><br \/>\nPatenteeritud segu: h\u00fcpertroofiline reageerimiskompleks: arahhidoonhape (40% patenteeritud rasvhapete \/ \u00f5lisegus), greip (6 &#8216;, 7&#8217;-dih\u00fcdroks\u00fcbergamottiin), Bioperine.<\/p>\n<p><strong>TOIDULISAND &#8211; <\/strong>Soovitatavat \u00f6\u00f6p\u00e4evast annust ei tohi \u00fcletada.<\/p>\n<p><a href=\"https:\/\/fit360.ee\/wp-content\/uploads\/2020\/10\/animal-test-fit360.ee_.gif\"><img loading=\"lazy\" decoding=\"async\" class=\"size-full wp-image-39010\" src=\"https:\/\/fit360.ee\/wp-content\/uploads\/2020\/10\/animal-test-fit360.ee_.gif\" alt=\"Animal Test - fit360.ee\" width=\"339\" height=\"344\" \/><\/a><\/p>\n<p>Soovid teha suuremat tellimust? Vaata antud toodet meie HULGI lehelt\u00a0<a href=\"https:\/\/toidulisandidhulgi.ee\/product\/universal-animal-test-21-packs\/\"><strong>SIIT<\/strong><\/a>!<\/p>\n","protected":false},"excerpt":{"rendered":"<h2><strong>UNIVERSAL Animal Test<\/strong>:<\/h2>\n<p>H\u00fcpertroofse, testosterooni toetava toidulisandi \u00fclim t\u00e4iendus. Kombineerides k\u00f5ige t\u00f5husamaid looduslikke ekstrakte \u00fche kuumimate, patenteeritud ja toimivate toidulisanditega, mis on viimastel aastatel t\u00f6\u00f6stuses silma paistnud.<br \/>\nLisand sisaldab looduslikke taimseid ektrakte, mis vallandavad keha enda testosterooni ja suruvad alla samal ajal \u00f6strogeeni.<\/p>\n<p>V\u00f5imsam element on \u00fclit\u00e4htis, toimiv ja patenditud h\u00fcpertroofilise aine <strong>Arahhidoonhape<\/strong> &#8211; <em>Arachidonic Acid<\/em> (AA) lisamine. Tuginedes \u00fclikooli teadusuuringutele ja reaalse maailma tunnistustele, on Arahhidoonhape v\u00f5tnud spordimaailma tormilise t\u00e4helepanuga &#8211; ja m\u00f5juval p\u00f5hjusel. <strong>Arahhidoonhappel<\/strong> on raske treenimisega kulturisti jaoks mitmeid eeliseid, millest k\u00f5ige t\u00e4htsam on selle v\u00f5ime suurendada androgeeniretseptori tundlikkust, mis omakorda suurendab h\u00fcpertroofiat. Lisaks Arahhidoonhappele on testosterooni kompleksis ka teised teaduslikult t\u00f5estatud testosterooni t\u00f5stvad koostisosad.<\/p>\n<p>&nbsp;<\/p>\n","protected":false},"featured_media":39014,"comment_status":"open","ping_status":"closed","template":"","meta":[],"product_brand":[],"product_cat":[532,1390],"product_tag":[2048,2049,2050],"giftcard-category":[],"class_list":{"0":"post-39015","1":"product","2":"type-product","3":"status-publish","4":"has-post-thumbnail","6":"product_cat-testosterone-boosters-en","7":"product_cat-universal-en","8":"product_tag-animal-test-en","9":"product_tag-universal-en","10":"product_tag-universal-animal-test-en","11":"pa_toidulisand-branddd-universal","12":"pa_tootegruppp-testosterone-enhancers","14":"first","15":"instock","16":"sale","17":"taxable","18":"shipping-taxable","19":"purchasable","20":"product-type-simple"},"yoast_head":"<!-- This site is optimized with the Yoast SEO plugin v27.3 - https:\/\/yoast.com\/product\/yoast-seo-wordpress\/ -->\n<title>Animal Test (21 packs) - Arahhidoonhape - Testosterooni t\u00f5stja - Kiire tarne<\/title>\n<meta name=\"description\" content=\"Universal Animal Test on \u00fclim testosterooni t\u00f5stev kompleks. Kompleksi hitt koostisosa on Arahhidoonhape - teaduslikult t\u00f5estatud ja uuritud\" \/>\n<meta name=\"robots\" content=\"index, follow, max-snippet:-1, max-image-preview:large, max-video-preview:-1\" \/>\n<link rel=\"canonical\" href=\"https:\/\/fit360.ee\/en\/pood\/product-groups\/testosterone-boosters-en\/universal-animal-test-21-packs\/\" \/>\n<meta property=\"og:locale\" content=\"en_US\" \/>\n<meta property=\"og:type\" content=\"article\" \/>\n<meta property=\"og:title\" content=\"Animal Test (21 packs) - Arahhidoonhape - Testosterooni t\u00f5stja - Kiire tarne\" \/>\n<meta property=\"og:description\" content=\"Universal Animal Test on \u00fclim testosterooni t\u00f5stev kompleks. Kompleksi hitt koostisosa on Arahhidoonhape - teaduslikult t\u00f5estatud ja uuritud\" \/>\n<meta property=\"og:url\" content=\"https:\/\/fit360.ee\/en\/pood\/product-groups\/testosterone-boosters-en\/universal-animal-test-21-packs\/\" \/>\n<meta property=\"og:site_name\" content=\"Fit360\" \/>\n<meta property=\"article:modified_time\" content=\"2026-01-21T14:49:21+00:00\" \/>\n<meta property=\"og:image\" content=\"https:\/\/fit360.ee\/wp-content\/uploads\/2020\/10\/Universal-Animal-Test-fit360.ee_.jpg\" \/>\n\t<meta property=\"og:image:width\" content=\"500\" \/>\n\t<meta property=\"og:image:height\" content=\"500\" \/>\n\t<meta property=\"og:image:type\" content=\"image\/jpeg\" \/>\n<meta name=\"twitter:card\" content=\"summary_large_image\" \/>\n<meta name=\"twitter:label1\" content=\"Est. reading time\" \/>\n\t<meta name=\"twitter:data1\" content=\"2 minutes\" \/>\n<script type=\"application\/ld+json\" class=\"yoast-schema-graph\">{\"@context\":\"https:\\\/\\\/schema.org\",\"@graph\":[{\"@type\":\"WebPage\",\"@id\":\"https:\\\/\\\/fit360.ee\\\/en\\\/pood\\\/product-groups\\\/testosterone-boosters-en\\\/universal-animal-test-21-packs\\\/\",\"url\":\"https:\\\/\\\/fit360.ee\\\/en\\\/pood\\\/product-groups\\\/testosterone-boosters-en\\\/universal-animal-test-21-packs\\\/\",\"name\":\"Animal Test (21 packs) - Arahhidoonhape - Testosterooni t\u00f5stja - Kiire tarne\",\"isPartOf\":{\"@id\":\"https:\\\/\\\/fit360.ee\\\/en\\\/#website\"},\"primaryImageOfPage\":{\"@id\":\"https:\\\/\\\/fit360.ee\\\/en\\\/pood\\\/product-groups\\\/testosterone-boosters-en\\\/universal-animal-test-21-packs\\\/#primaryimage\"},\"image\":{\"@id\":\"https:\\\/\\\/fit360.ee\\\/en\\\/pood\\\/product-groups\\\/testosterone-boosters-en\\\/universal-animal-test-21-packs\\\/#primaryimage\"},\"thumbnailUrl\":\"https:\\\/\\\/fit360.ee\\\/wp-content\\\/uploads\\\/2020\\\/10\\\/Universal-Animal-Test-fit360.ee_.jpg\",\"datePublished\":\"2020-10-15T19:23:45+00:00\",\"dateModified\":\"2026-01-21T14:49:21+00:00\",\"description\":\"Universal Animal Test on \u00fclim testosterooni t\u00f5stev kompleks. Kompleksi hitt koostisosa on Arahhidoonhape - teaduslikult t\u00f5estatud ja uuritud\",\"breadcrumb\":{\"@id\":\"https:\\\/\\\/fit360.ee\\\/en\\\/pood\\\/product-groups\\\/testosterone-boosters-en\\\/universal-animal-test-21-packs\\\/#breadcrumb\"},\"inLanguage\":\"en-US\",\"potentialAction\":[{\"@type\":\"ReadAction\",\"target\":[\"https:\\\/\\\/fit360.ee\\\/en\\\/pood\\\/product-groups\\\/testosterone-boosters-en\\\/universal-animal-test-21-packs\\\/\"]}]},{\"@type\":\"ImageObject\",\"inLanguage\":\"en-US\",\"@id\":\"https:\\\/\\\/fit360.ee\\\/en\\\/pood\\\/product-groups\\\/testosterone-boosters-en\\\/universal-animal-test-21-packs\\\/#primaryimage\",\"url\":\"https:\\\/\\\/fit360.ee\\\/wp-content\\\/uploads\\\/2020\\\/10\\\/Universal-Animal-Test-fit360.ee_.jpg\",\"contentUrl\":\"https:\\\/\\\/fit360.ee\\\/wp-content\\\/uploads\\\/2020\\\/10\\\/Universal-Animal-Test-fit360.ee_.jpg\",\"width\":500,\"height\":500,\"caption\":\"Universal Animal Test - fit360.ee\"},{\"@type\":\"BreadcrumbList\",\"@id\":\"https:\\\/\\\/fit360.ee\\\/en\\\/pood\\\/product-groups\\\/testosterone-boosters-en\\\/universal-animal-test-21-packs\\\/#breadcrumb\",\"itemListElement\":[{\"@type\":\"ListItem\",\"position\":1,\"name\":\"Home\",\"item\":\"https:\\\/\\\/fit360.ee\\\/en\\\/\"},{\"@type\":\"ListItem\",\"position\":2,\"name\":\"Shop\",\"item\":\"https:\\\/\\\/fit360.ee\\\/en\\\/shop\\\/\"},{\"@type\":\"ListItem\",\"position\":3,\"name\":\"UNIVERSAL Animal Test (21 packs)\"}]},{\"@type\":\"WebSite\",\"@id\":\"https:\\\/\\\/fit360.ee\\\/en\\\/#website\",\"url\":\"https:\\\/\\\/fit360.ee\\\/en\\\/\",\"name\":\"Fit360\",\"description\":\"\",\"publisher\":{\"@id\":\"https:\\\/\\\/fit360.ee\\\/en\\\/#organization\"},\"potentialAction\":[{\"@type\":\"SearchAction\",\"target\":{\"@type\":\"EntryPoint\",\"urlTemplate\":\"https:\\\/\\\/fit360.ee\\\/en\\\/?s={search_term_string}\"},\"query-input\":{\"@type\":\"PropertyValueSpecification\",\"valueRequired\":true,\"valueName\":\"search_term_string\"}}],\"inLanguage\":\"en-US\"},{\"@type\":\"Organization\",\"@id\":\"https:\\\/\\\/fit360.ee\\\/en\\\/#organization\",\"name\":\"Fit360\",\"url\":\"https:\\\/\\\/fit360.ee\\\/en\\\/\",\"logo\":{\"@type\":\"ImageObject\",\"inLanguage\":\"en-US\",\"@id\":\"https:\\\/\\\/fit360.ee\\\/en\\\/#\\\/schema\\\/logo\\\/image\\\/\",\"url\":\"https:\\\/\\\/fit360.ee\\\/wp-content\\\/uploads\\\/2017\\\/01\\\/logo-fit360.png\",\"contentUrl\":\"https:\\\/\\\/fit360.ee\\\/wp-content\\\/uploads\\\/2017\\\/01\\\/logo-fit360.png\",\"width\":180,\"height\":66,\"caption\":\"Fit360\"},\"image\":{\"@id\":\"https:\\\/\\\/fit360.ee\\\/en\\\/#\\\/schema\\\/logo\\\/image\\\/\"}}]}<\/script>\n<!-- \/ Yoast SEO plugin. -->","yoast_head_json":{"title":"Animal Test (21 packs) - Arahhidoonhape - Testosterooni t\u00f5stja - Kiire tarne","description":"Universal Animal Test on \u00fclim testosterooni t\u00f5stev kompleks. Kompleksi hitt koostisosa on Arahhidoonhape - teaduslikult t\u00f5estatud ja uuritud","robots":{"index":"index","follow":"follow","max-snippet":"max-snippet:-1","max-image-preview":"max-image-preview:large","max-video-preview":"max-video-preview:-1"},"canonical":"https:\/\/fit360.ee\/en\/pood\/product-groups\/testosterone-boosters-en\/universal-animal-test-21-packs\/","og_locale":"en_US","og_type":"article","og_title":"Animal Test (21 packs) - Arahhidoonhape - Testosterooni t\u00f5stja - Kiire tarne","og_description":"Universal Animal Test on \u00fclim testosterooni t\u00f5stev kompleks. Kompleksi hitt koostisosa on Arahhidoonhape - teaduslikult t\u00f5estatud ja uuritud","og_url":"https:\/\/fit360.ee\/en\/pood\/product-groups\/testosterone-boosters-en\/universal-animal-test-21-packs\/","og_site_name":"Fit360","article_modified_time":"2026-01-21T14:49:21+00:00","og_image":[{"width":500,"height":500,"url":"https:\/\/fit360.ee\/wp-content\/uploads\/2020\/10\/Universal-Animal-Test-fit360.ee_.jpg","type":"image\/jpeg"}],"twitter_card":"summary_large_image","twitter_misc":{"Est. reading time":"2 minutes"},"schema":{"@context":"https:\/\/schema.org","@graph":[{"@type":"WebPage","@id":"https:\/\/fit360.ee\/en\/pood\/product-groups\/testosterone-boosters-en\/universal-animal-test-21-packs\/","url":"https:\/\/fit360.ee\/en\/pood\/product-groups\/testosterone-boosters-en\/universal-animal-test-21-packs\/","name":"Animal Test (21 packs) - Arahhidoonhape - Testosterooni t\u00f5stja - Kiire tarne","isPartOf":{"@id":"https:\/\/fit360.ee\/en\/#website"},"primaryImageOfPage":{"@id":"https:\/\/fit360.ee\/en\/pood\/product-groups\/testosterone-boosters-en\/universal-animal-test-21-packs\/#primaryimage"},"image":{"@id":"https:\/\/fit360.ee\/en\/pood\/product-groups\/testosterone-boosters-en\/universal-animal-test-21-packs\/#primaryimage"},"thumbnailUrl":"https:\/\/fit360.ee\/wp-content\/uploads\/2020\/10\/Universal-Animal-Test-fit360.ee_.jpg","datePublished":"2020-10-15T19:23:45+00:00","dateModified":"2026-01-21T14:49:21+00:00","description":"Universal Animal Test on \u00fclim testosterooni t\u00f5stev kompleks. Kompleksi hitt koostisosa on Arahhidoonhape - teaduslikult t\u00f5estatud ja uuritud","breadcrumb":{"@id":"https:\/\/fit360.ee\/en\/pood\/product-groups\/testosterone-boosters-en\/universal-animal-test-21-packs\/#breadcrumb"},"inLanguage":"en-US","potentialAction":[{"@type":"ReadAction","target":["https:\/\/fit360.ee\/en\/pood\/product-groups\/testosterone-boosters-en\/universal-animal-test-21-packs\/"]}]},{"@type":"ImageObject","inLanguage":"en-US","@id":"https:\/\/fit360.ee\/en\/pood\/product-groups\/testosterone-boosters-en\/universal-animal-test-21-packs\/#primaryimage","url":"https:\/\/fit360.ee\/wp-content\/uploads\/2020\/10\/Universal-Animal-Test-fit360.ee_.jpg","contentUrl":"https:\/\/fit360.ee\/wp-content\/uploads\/2020\/10\/Universal-Animal-Test-fit360.ee_.jpg","width":500,"height":500,"caption":"Universal Animal Test - fit360.ee"},{"@type":"BreadcrumbList","@id":"https:\/\/fit360.ee\/en\/pood\/product-groups\/testosterone-boosters-en\/universal-animal-test-21-packs\/#breadcrumb","itemListElement":[{"@type":"ListItem","position":1,"name":"Home","item":"https:\/\/fit360.ee\/en\/"},{"@type":"ListItem","position":2,"name":"Shop","item":"https:\/\/fit360.ee\/en\/shop\/"},{"@type":"ListItem","position":3,"name":"UNIVERSAL Animal Test (21 packs)"}]},{"@type":"WebSite","@id":"https:\/\/fit360.ee\/en\/#website","url":"https:\/\/fit360.ee\/en\/","name":"Fit360","description":"","publisher":{"@id":"https:\/\/fit360.ee\/en\/#organization"},"potentialAction":[{"@type":"SearchAction","target":{"@type":"EntryPoint","urlTemplate":"https:\/\/fit360.ee\/en\/?s={search_term_string}"},"query-input":{"@type":"PropertyValueSpecification","valueRequired":true,"valueName":"search_term_string"}}],"inLanguage":"en-US"},{"@type":"Organization","@id":"https:\/\/fit360.ee\/en\/#organization","name":"Fit360","url":"https:\/\/fit360.ee\/en\/","logo":{"@type":"ImageObject","inLanguage":"en-US","@id":"https:\/\/fit360.ee\/en\/#\/schema\/logo\/image\/","url":"https:\/\/fit360.ee\/wp-content\/uploads\/2017\/01\/logo-fit360.png","contentUrl":"https:\/\/fit360.ee\/wp-content\/uploads\/2017\/01\/logo-fit360.png","width":180,"height":66,"caption":"Fit360"},"image":{"@id":"https:\/\/fit360.ee\/en\/#\/schema\/logo\/image\/"}}]}},"_links":{"self":[{"href":"https:\/\/fit360.ee\/en\/wp-json\/wp\/v2\/product\/39015","targetHints":{"allow":["GET"]}}],"collection":[{"href":"https:\/\/fit360.ee\/en\/wp-json\/wp\/v2\/product"}],"about":[{"href":"https:\/\/fit360.ee\/en\/wp-json\/wp\/v2\/types\/product"}],"replies":[{"embeddable":true,"href":"https:\/\/fit360.ee\/en\/wp-json\/wp\/v2\/comments?post=39015"}],"wp:featuredmedia":[{"embeddable":true,"href":"https:\/\/fit360.ee\/en\/wp-json\/wp\/v2\/media\/39014"}],"wp:attachment":[{"href":"https:\/\/fit360.ee\/en\/wp-json\/wp\/v2\/media?parent=39015"}],"wp:term":[{"taxonomy":"product_brand","embeddable":true,"href":"https:\/\/fit360.ee\/en\/wp-json\/wp\/v2\/product_brand?post=39015"},{"taxonomy":"product_cat","embeddable":true,"href":"https:\/\/fit360.ee\/en\/wp-json\/wp\/v2\/product_cat?post=39015"},{"taxonomy":"product_tag","embeddable":true,"href":"https:\/\/fit360.ee\/en\/wp-json\/wp\/v2\/product_tag?post=39015"},{"taxonomy":"giftcard-category","embeddable":true,"href":"https:\/\/fit360.ee\/en\/wp-json\/wp\/v2\/giftcard-category?post=39015"}],"curies":[{"name":"wp","href":"https:\/\/api.w.org\/{rel}","templated":true}]}}