{"id":39022,"date":"2020-10-15T22:06:40","date_gmt":"2020-10-15T20:06:40","guid":{"rendered":"https:\/\/fit360.ee\/pood\/uncategorized\/kroom-chromium-90tab\/"},"modified":"2025-08-19T08:44:30","modified_gmt":"2025-08-19T06:44:30","slug":"kroom-chromium-90tab","status":"publish","type":"product","link":"https:\/\/fit360.ee\/en\/pood\/product-groups\/vitamins-and-minerals-en\/chromium-en\/kroom-chromium-90tab\/","title":{"rendered":"Kroom (Chromium) 200tabs"},"content":{"rendered":"<h1>Kroom &#8211; t\u00f5hus abiline Teie organismile<\/h1>\n<p>OstroVit Kroom (<em>Chromium<\/em>) -See mineraal t\u00e4idab mitmeid olulisi funktsioone kehas. Kroomi peamine \u00fclesanne on h\u00f5lbustada gl\u00fckoosi imendumist vererakkudesse ja suhelda insuliiniga. See v\u00f5ib takistada II t\u00fc\u00fcbi diabeedi arengut. Kroom avaldab m\u00f5ju ainevahetusele ja selle elemendi puudus v\u00e4hendab maksas vabade rasvhapete kasutamist. Stabiilne veresuhkru tase t\u00e4hendab, et meil pole j\u00e4rsku n\u00e4ljastreikuid ja harva j\u00f5uab maiustuste k\u00e4tte. Lisaks aitab Chromium aeglustada ainevahetust ja aitab kaotada rasva.<\/p>\n<p><strong>Kasutamine<\/strong>: 1 tbl p\u00e4evas peale toidukorda.<\/p>\n<p><strong>Suurus<\/strong>: 200 tabletti<\/p>\n<table>\n<tbody>\n<tr>\n<td width=\"213\"><strong>Aktiivsed toimeained<\/strong><\/td>\n<td width=\"213\"><strong>1 serveering ( 1 tablett)<\/strong><\/td>\n<td width=\"213\"><strong>SPK%*<\/strong><\/td>\n<\/tr>\n<tr>\n<td width=\"213\">Kroom (<em>Chromium<\/em>)<\/td>\n<td width=\"213\">200 \u03bcg<\/td>\n<td width=\"213\">500%<\/td>\n<\/tr>\n<\/tbody>\n<\/table>\n<p>*SPK \u2013 Soovitatud p\u00e4evane kogus<\/p>\n<p>Vaata ka meie teisi Rasvap\u00f5letajaid <a href=\"https:\/\/fit360.ee\/en\/product-category\/product-groups\/fat-burners-en\/\"><strong>SIIT<\/strong><\/a> v\u00f5i Kroome <a href=\"https:\/\/fit360.ee\/en\/product-category\/product-groups\/vitamins-and-minerals-en\/chromium-en\/\"><strong>SIIT<\/strong><\/a>!<\/p>\n<p>Soovid kaupa osta suuremas koguses? Vaata antud toodet ka meie HULGI poest\u00a0<a href=\"https:\/\/toidulisandidhulgi.ee\/product\/kroom-chromium-90tab\/\"><strong>SIIT<\/strong><\/a>!<\/p>\n","protected":false},"excerpt":{"rendered":"<h2><strong>Kroom (Chromium) positiivsed m\u00f5jud<\/strong>:<\/h2>\n<ul>\n<li>aitab s\u00e4ilitada makrotoitainete \u00f5iget metabolismi<\/li>\n<li>aitab s\u00e4ilitada normaalset vere gl\u00fckoosisisaldust<\/li>\n<li>aitab v\u00e4hendada s\u00f6\u00f6giisu<\/li>\n<li>aitab kiirendada ainevahetust ja soodustab rasvap\u00f5letust<\/li>\n<\/ul>\n","protected":false},"featured_media":84361,"comment_status":"open","ping_status":"closed","template":"","meta":[],"product_brand":[],"product_cat":[2287,530,1329,2408,536],"product_tag":[2053,2054,1924],"giftcard-category":[],"class_list":{"0":"post-39022","1":"product","2":"type-product","3":"status-publish","4":"has-post-thumbnail","6":"product_cat-chromium-en","7":"product_cat-fat-burners-en","8":"product_cat-ostrovit-en","9":"product_cat-stimulant-free-fat-burners-en","10":"product_cat-vitamins-and-minerals-en","11":"product_tag-chromium-en","12":"product_tag-kroom-en","13":"product_tag-ostrovit-en","14":"pa_toidulisand-branddd-ostrovit","15":"pa_tootegruppp-kroom-en","16":"pa_tootegruppp-stimulandivaba-en","17":"pa_tootegruppp-vitamins-and-minerals","18":"pa_tootegruppp-weight-loss","20":"first","21":"outofstock","22":"sale","23":"taxable","24":"shipping-taxable","25":"purchasable","26":"product-type-simple"},"yoast_head":"<!-- This site is optimized with the Yoast SEO plugin v27.3 - https:\/\/yoast.com\/product\/yoast-seo-wordpress\/ -->\n<title>Kroom (90tab) - Chromium - Kroomi tabletid - Rasvap\u00f5letus - Kiire tarne<\/title>\n<meta name=\"description\" content=\"Kroom-i tabletid aitavad: s\u00f6\u00f6giisu v\u00e4hendada, toitainete \u00f5iget metabolismi s\u00e4ilitada, soodustavad rasvap\u00f5letust jpm. T\u00f5hus ja taskukohane.\" \/>\n<meta name=\"robots\" content=\"index, follow, max-snippet:-1, max-image-preview:large, max-video-preview:-1\" \/>\n<link rel=\"canonical\" href=\"https:\/\/fit360.ee\/en\/pood\/product-groups\/vitamins-and-minerals-en\/chromium-en\/kroom-chromium-90tab\/\" \/>\n<meta property=\"og:locale\" content=\"en_US\" \/>\n<meta property=\"og:type\" content=\"article\" \/>\n<meta property=\"og:title\" content=\"Kroom (90tab) - Chromium - Kroomi tabletid - Rasvap\u00f5letus - Kiire tarne\" \/>\n<meta property=\"og:description\" content=\"Kroom-i tabletid aitavad: s\u00f6\u00f6giisu v\u00e4hendada, toitainete \u00f5iget metabolismi s\u00e4ilitada, soodustavad rasvap\u00f5letust jpm. T\u00f5hus ja taskukohane.\" \/>\n<meta property=\"og:url\" content=\"https:\/\/fit360.ee\/en\/pood\/product-groups\/vitamins-and-minerals-en\/chromium-en\/kroom-chromium-90tab\/\" \/>\n<meta property=\"og:site_name\" content=\"Fit360\" \/>\n<meta property=\"article:modified_time\" content=\"2025-08-19T06:44:30+00:00\" \/>\n<meta property=\"og:image\" content=\"https:\/\/fit360.ee\/wp-content\/uploads\/2020\/10\/kroom-chromium-fit360.ee-1.png\" \/>\n\t<meta property=\"og:image:width\" content=\"450\" \/>\n\t<meta property=\"og:image:height\" content=\"450\" \/>\n\t<meta property=\"og:image:type\" content=\"image\/png\" \/>\n<meta name=\"twitter:card\" content=\"summary_large_image\" \/>\n<meta name=\"twitter:label1\" content=\"Est. reading time\" \/>\n\t<meta name=\"twitter:data1\" content=\"1 minute\" \/>\n<script type=\"application\/ld+json\" class=\"yoast-schema-graph\">{\"@context\":\"https:\\\/\\\/schema.org\",\"@graph\":[{\"@type\":\"WebPage\",\"@id\":\"https:\\\/\\\/fit360.ee\\\/en\\\/pood\\\/product-groups\\\/vitamins-and-minerals-en\\\/chromium-en\\\/kroom-chromium-90tab\\\/\",\"url\":\"https:\\\/\\\/fit360.ee\\\/en\\\/pood\\\/product-groups\\\/vitamins-and-minerals-en\\\/chromium-en\\\/kroom-chromium-90tab\\\/\",\"name\":\"Kroom (90tab) - Chromium - Kroomi tabletid - Rasvap\u00f5letus - Kiire tarne\",\"isPartOf\":{\"@id\":\"https:\\\/\\\/fit360.ee\\\/en\\\/#website\"},\"primaryImageOfPage\":{\"@id\":\"https:\\\/\\\/fit360.ee\\\/en\\\/pood\\\/product-groups\\\/vitamins-and-minerals-en\\\/chromium-en\\\/kroom-chromium-90tab\\\/#primaryimage\"},\"image\":{\"@id\":\"https:\\\/\\\/fit360.ee\\\/en\\\/pood\\\/product-groups\\\/vitamins-and-minerals-en\\\/chromium-en\\\/kroom-chromium-90tab\\\/#primaryimage\"},\"thumbnailUrl\":\"https:\\\/\\\/fit360.ee\\\/wp-content\\\/uploads\\\/2020\\\/10\\\/kroom-chromium-fit360.ee-1.png\",\"datePublished\":\"2020-10-15T20:06:40+00:00\",\"dateModified\":\"2025-08-19T06:44:30+00:00\",\"description\":\"Kroom-i tabletid aitavad: s\u00f6\u00f6giisu v\u00e4hendada, toitainete \u00f5iget metabolismi s\u00e4ilitada, soodustavad rasvap\u00f5letust jpm. T\u00f5hus ja taskukohane.\",\"breadcrumb\":{\"@id\":\"https:\\\/\\\/fit360.ee\\\/en\\\/pood\\\/product-groups\\\/vitamins-and-minerals-en\\\/chromium-en\\\/kroom-chromium-90tab\\\/#breadcrumb\"},\"inLanguage\":\"en-US\",\"potentialAction\":[{\"@type\":\"ReadAction\",\"target\":[\"https:\\\/\\\/fit360.ee\\\/en\\\/pood\\\/product-groups\\\/vitamins-and-minerals-en\\\/chromium-en\\\/kroom-chromium-90tab\\\/\"]}]},{\"@type\":\"ImageObject\",\"inLanguage\":\"en-US\",\"@id\":\"https:\\\/\\\/fit360.ee\\\/en\\\/pood\\\/product-groups\\\/vitamins-and-minerals-en\\\/chromium-en\\\/kroom-chromium-90tab\\\/#primaryimage\",\"url\":\"https:\\\/\\\/fit360.ee\\\/wp-content\\\/uploads\\\/2020\\\/10\\\/kroom-chromium-fit360.ee-1.png\",\"contentUrl\":\"https:\\\/\\\/fit360.ee\\\/wp-content\\\/uploads\\\/2020\\\/10\\\/kroom-chromium-fit360.ee-1.png\",\"width\":450,\"height\":450,\"caption\":\"kroom chromium - toidulisandidhulgi.ee\"},{\"@type\":\"BreadcrumbList\",\"@id\":\"https:\\\/\\\/fit360.ee\\\/en\\\/pood\\\/product-groups\\\/vitamins-and-minerals-en\\\/chromium-en\\\/kroom-chromium-90tab\\\/#breadcrumb\",\"itemListElement\":[{\"@type\":\"ListItem\",\"position\":1,\"name\":\"Home\",\"item\":\"https:\\\/\\\/fit360.ee\\\/en\\\/\"},{\"@type\":\"ListItem\",\"position\":2,\"name\":\"Shop\",\"item\":\"https:\\\/\\\/fit360.ee\\\/en\\\/shop\\\/\"},{\"@type\":\"ListItem\",\"position\":3,\"name\":\"Kroom (Chromium) 200tabs\"}]},{\"@type\":\"WebSite\",\"@id\":\"https:\\\/\\\/fit360.ee\\\/en\\\/#website\",\"url\":\"https:\\\/\\\/fit360.ee\\\/en\\\/\",\"name\":\"Fit360\",\"description\":\"\",\"publisher\":{\"@id\":\"https:\\\/\\\/fit360.ee\\\/en\\\/#organization\"},\"potentialAction\":[{\"@type\":\"SearchAction\",\"target\":{\"@type\":\"EntryPoint\",\"urlTemplate\":\"https:\\\/\\\/fit360.ee\\\/en\\\/?s={search_term_string}\"},\"query-input\":{\"@type\":\"PropertyValueSpecification\",\"valueRequired\":true,\"valueName\":\"search_term_string\"}}],\"inLanguage\":\"en-US\"},{\"@type\":\"Organization\",\"@id\":\"https:\\\/\\\/fit360.ee\\\/en\\\/#organization\",\"name\":\"Fit360\",\"url\":\"https:\\\/\\\/fit360.ee\\\/en\\\/\",\"logo\":{\"@type\":\"ImageObject\",\"inLanguage\":\"en-US\",\"@id\":\"https:\\\/\\\/fit360.ee\\\/en\\\/#\\\/schema\\\/logo\\\/image\\\/\",\"url\":\"https:\\\/\\\/fit360.ee\\\/wp-content\\\/uploads\\\/2017\\\/01\\\/logo-fit360.png\",\"contentUrl\":\"https:\\\/\\\/fit360.ee\\\/wp-content\\\/uploads\\\/2017\\\/01\\\/logo-fit360.png\",\"width\":180,\"height\":66,\"caption\":\"Fit360\"},\"image\":{\"@id\":\"https:\\\/\\\/fit360.ee\\\/en\\\/#\\\/schema\\\/logo\\\/image\\\/\"}}]}<\/script>\n<!-- \/ Yoast SEO plugin. -->","yoast_head_json":{"title":"Kroom (90tab) - Chromium - Kroomi tabletid - Rasvap\u00f5letus - Kiire tarne","description":"Kroom-i tabletid aitavad: s\u00f6\u00f6giisu v\u00e4hendada, toitainete \u00f5iget metabolismi s\u00e4ilitada, soodustavad rasvap\u00f5letust jpm. T\u00f5hus ja taskukohane.","robots":{"index":"index","follow":"follow","max-snippet":"max-snippet:-1","max-image-preview":"max-image-preview:large","max-video-preview":"max-video-preview:-1"},"canonical":"https:\/\/fit360.ee\/en\/pood\/product-groups\/vitamins-and-minerals-en\/chromium-en\/kroom-chromium-90tab\/","og_locale":"en_US","og_type":"article","og_title":"Kroom (90tab) - Chromium - Kroomi tabletid - Rasvap\u00f5letus - Kiire tarne","og_description":"Kroom-i tabletid aitavad: s\u00f6\u00f6giisu v\u00e4hendada, toitainete \u00f5iget metabolismi s\u00e4ilitada, soodustavad rasvap\u00f5letust jpm. T\u00f5hus ja taskukohane.","og_url":"https:\/\/fit360.ee\/en\/pood\/product-groups\/vitamins-and-minerals-en\/chromium-en\/kroom-chromium-90tab\/","og_site_name":"Fit360","article_modified_time":"2025-08-19T06:44:30+00:00","og_image":[{"width":450,"height":450,"url":"https:\/\/fit360.ee\/wp-content\/uploads\/2020\/10\/kroom-chromium-fit360.ee-1.png","type":"image\/png"}],"twitter_card":"summary_large_image","twitter_misc":{"Est. reading time":"1 minute"},"schema":{"@context":"https:\/\/schema.org","@graph":[{"@type":"WebPage","@id":"https:\/\/fit360.ee\/en\/pood\/product-groups\/vitamins-and-minerals-en\/chromium-en\/kroom-chromium-90tab\/","url":"https:\/\/fit360.ee\/en\/pood\/product-groups\/vitamins-and-minerals-en\/chromium-en\/kroom-chromium-90tab\/","name":"Kroom (90tab) - Chromium - Kroomi tabletid - Rasvap\u00f5letus - Kiire tarne","isPartOf":{"@id":"https:\/\/fit360.ee\/en\/#website"},"primaryImageOfPage":{"@id":"https:\/\/fit360.ee\/en\/pood\/product-groups\/vitamins-and-minerals-en\/chromium-en\/kroom-chromium-90tab\/#primaryimage"},"image":{"@id":"https:\/\/fit360.ee\/en\/pood\/product-groups\/vitamins-and-minerals-en\/chromium-en\/kroom-chromium-90tab\/#primaryimage"},"thumbnailUrl":"https:\/\/fit360.ee\/wp-content\/uploads\/2020\/10\/kroom-chromium-fit360.ee-1.png","datePublished":"2020-10-15T20:06:40+00:00","dateModified":"2025-08-19T06:44:30+00:00","description":"Kroom-i tabletid aitavad: s\u00f6\u00f6giisu v\u00e4hendada, toitainete \u00f5iget metabolismi s\u00e4ilitada, soodustavad rasvap\u00f5letust jpm. T\u00f5hus ja taskukohane.","breadcrumb":{"@id":"https:\/\/fit360.ee\/en\/pood\/product-groups\/vitamins-and-minerals-en\/chromium-en\/kroom-chromium-90tab\/#breadcrumb"},"inLanguage":"en-US","potentialAction":[{"@type":"ReadAction","target":["https:\/\/fit360.ee\/en\/pood\/product-groups\/vitamins-and-minerals-en\/chromium-en\/kroom-chromium-90tab\/"]}]},{"@type":"ImageObject","inLanguage":"en-US","@id":"https:\/\/fit360.ee\/en\/pood\/product-groups\/vitamins-and-minerals-en\/chromium-en\/kroom-chromium-90tab\/#primaryimage","url":"https:\/\/fit360.ee\/wp-content\/uploads\/2020\/10\/kroom-chromium-fit360.ee-1.png","contentUrl":"https:\/\/fit360.ee\/wp-content\/uploads\/2020\/10\/kroom-chromium-fit360.ee-1.png","width":450,"height":450,"caption":"kroom chromium - toidulisandidhulgi.ee"},{"@type":"BreadcrumbList","@id":"https:\/\/fit360.ee\/en\/pood\/product-groups\/vitamins-and-minerals-en\/chromium-en\/kroom-chromium-90tab\/#breadcrumb","itemListElement":[{"@type":"ListItem","position":1,"name":"Home","item":"https:\/\/fit360.ee\/en\/"},{"@type":"ListItem","position":2,"name":"Shop","item":"https:\/\/fit360.ee\/en\/shop\/"},{"@type":"ListItem","position":3,"name":"Kroom (Chromium) 200tabs"}]},{"@type":"WebSite","@id":"https:\/\/fit360.ee\/en\/#website","url":"https:\/\/fit360.ee\/en\/","name":"Fit360","description":"","publisher":{"@id":"https:\/\/fit360.ee\/en\/#organization"},"potentialAction":[{"@type":"SearchAction","target":{"@type":"EntryPoint","urlTemplate":"https:\/\/fit360.ee\/en\/?s={search_term_string}"},"query-input":{"@type":"PropertyValueSpecification","valueRequired":true,"valueName":"search_term_string"}}],"inLanguage":"en-US"},{"@type":"Organization","@id":"https:\/\/fit360.ee\/en\/#organization","name":"Fit360","url":"https:\/\/fit360.ee\/en\/","logo":{"@type":"ImageObject","inLanguage":"en-US","@id":"https:\/\/fit360.ee\/en\/#\/schema\/logo\/image\/","url":"https:\/\/fit360.ee\/wp-content\/uploads\/2017\/01\/logo-fit360.png","contentUrl":"https:\/\/fit360.ee\/wp-content\/uploads\/2017\/01\/logo-fit360.png","width":180,"height":66,"caption":"Fit360"},"image":{"@id":"https:\/\/fit360.ee\/en\/#\/schema\/logo\/image\/"}}]}},"_links":{"self":[{"href":"https:\/\/fit360.ee\/en\/wp-json\/wp\/v2\/product\/39022","targetHints":{"allow":["GET"]}}],"collection":[{"href":"https:\/\/fit360.ee\/en\/wp-json\/wp\/v2\/product"}],"about":[{"href":"https:\/\/fit360.ee\/en\/wp-json\/wp\/v2\/types\/product"}],"replies":[{"embeddable":true,"href":"https:\/\/fit360.ee\/en\/wp-json\/wp\/v2\/comments?post=39022"}],"wp:featuredmedia":[{"embeddable":true,"href":"https:\/\/fit360.ee\/en\/wp-json\/wp\/v2\/media\/84361"}],"wp:attachment":[{"href":"https:\/\/fit360.ee\/en\/wp-json\/wp\/v2\/media?parent=39022"}],"wp:term":[{"taxonomy":"product_brand","embeddable":true,"href":"https:\/\/fit360.ee\/en\/wp-json\/wp\/v2\/product_brand?post=39022"},{"taxonomy":"product_cat","embeddable":true,"href":"https:\/\/fit360.ee\/en\/wp-json\/wp\/v2\/product_cat?post=39022"},{"taxonomy":"product_tag","embeddable":true,"href":"https:\/\/fit360.ee\/en\/wp-json\/wp\/v2\/product_tag?post=39022"},{"taxonomy":"giftcard-category","embeddable":true,"href":"https:\/\/fit360.ee\/en\/wp-json\/wp\/v2\/giftcard-category?post=39022"}],"curies":[{"name":"wp","href":"https:\/\/api.w.org\/{rel}","templated":true}]}}