{"id":39040,"date":"2020-10-17T12:31:35","date_gmt":"2020-10-17T10:31:35","guid":{"rendered":"https:\/\/fit360.ee\/pood\/uncategorized\/maca-kapslid-60vcaps\/"},"modified":"2026-04-10T16:26:17","modified_gmt":"2026-04-10T14:26:17","slug":"maca-kapslid-60vcaps","status":"publish","type":"product","link":"https:\/\/fit360.ee\/en\/pood\/product-groups\/superfoods-health-foods-en\/maca-en\/maca-kapslid-60vcaps\/","title":{"rendered":"Maca (60 vCaps)"},"content":{"rendered":"<h2><strong>MACA kapslid<\/strong><\/h2>\n<p>Maca kapslid (vCaps) &#8211; t\u00f5hus ja efektiivne Maca juure vorm.<\/p>\n<p><strong>Maca juurt<\/strong> on kasutatud aastatuhandeid Andide p\u00f5liselanike poolt toidu ja ravimina ning maca on siiani \u00fcks maailma k\u00f5ige v\u00f5imsamad supertoite. Maca on k\u00f5ige k\u00f5rgemal kasvav s\u00f6\u00f6dav taim maakeral. Just oma kasvukoha t\u00f5ttu keerulistes ja rasketes tingimustes k\u00f5rgel Andides on see taim kujunenud vintskeks, vastupidavaks ja h\u00e4sti kohanevaks ja seda mitte vaid elluj\u00e4\u00e4mise tarbeks vaid ka h\u00e4sti ja j\u00f5udsalt kasvamiseks.<\/p>\n<table>\n<tbody>\n<tr>\n<td width=\"205\"><strong>Koostisosad<\/strong><\/td>\n<td width=\"205\"><strong>1 kapsel<\/strong><\/td>\n<td width=\"205\"><strong>2 kapslit<\/strong><\/td>\n<\/tr>\n<tr>\n<td width=\"205\">Maca<\/td>\n<td width=\"205\">600 mg<\/td>\n<td width=\"205\">1200 mg<\/td>\n<\/tr>\n<\/tbody>\n<\/table>\n<p><strong>Koostisosad: <\/strong>maca juureekstrakt (Lepidium meyenii) 10:1, kapsli \u00fcmbris: kattekiht (t\u00e4idisena: h\u00fcdroks\u00fcprop\u00fc\u00fclmet\u00fc\u00fcltselluloos; geelistav aine: gellaankumm; v\u00e4rvaine: er\u00fctrosiin, titaanoksiid, indigokarmiin).<\/p>\n<p><strong>Kasutamine: <\/strong>V\u00f5ta 1 kapsel p\u00e4evas.<\/p>\n<p><strong>Hoiustamine: <\/strong>Hoia eemal otsesest p\u00e4ikesevalgusest, kuivas ja jahedas kohas, Hoia lastele k\u00e4ttesaamatus kohas.<\/p>\n<p><strong>Suurus: <\/strong>60 <a href=\"https:\/\/fit360.ee\/en\/product-category\/product-groups\/%d0%b2%d0%b5%d0%b3%d0%b0%d0%bd\/vegan-capsules-en\/\"><strong>Vegan kapslit<\/strong><\/a><\/p>\n<p>Vaata ka meie teisi Supertoite <a href=\"https:\/\/fit360.ee\/en\/product-category\/product-groups\/superfoods-health-foods-en\/\"><strong>SIIT<\/strong><\/a> v\u00f5i Maca tooteid <a href=\"https:\/\/fit360.ee\/en\/product-category\/product-groups\/superfoods-health-foods-en\/maca-en\/\"><strong>SIIT<\/strong><\/a>!<\/p>\n<p>Soovid kaupa osta suuremas koguses? Vaata antud toodet ka meie HULGI poest\u00a0<a href=\"https:\/\/toidulisandidhulgi.ee\/product\/maca-kapslid-60vcaps\/\"><strong>SIIT<\/strong><\/a>!<\/p>\n","protected":false},"excerpt":{"rendered":"<h2><strong>Maca kasulikud omadused<\/strong>:<\/h2>\n<ul>\n<li>Maca sisaldab aminohapet nimega t\u00fcrosiin, mis aitab uuendada endokriins\u00fcsteemi nii naistel kui meestel. T\u00fcrosiini s\u00fcnteesitakse fen\u00fc\u00fclalaniinist inimkehas mis toetab ka n\u00e4rvis\u00fcsteemi t\u00f6\u00f6d.<\/li>\n<li>Aitab taastada neerupeliste t\u00f6\u00f6d, olles suureka abiks neerupeliste kurnatuse korral.<\/li>\n<li>T\u00f5stab efektiivselt libiidot ja viljakust nii naistel kui meestel.<\/li>\n<li>Parandab sportlikku v\u00f5imekust ja vastupidavust ning sisaldab taimseid steroole, olles seega asendamatu toitaine sportlaste men\u00fc\u00fcs.<\/li>\n<li>T\u00f5stab vitaalsust ja annab j\u00f5udu ka vanematele inimestele.<\/li>\n<li>Stimuleerib ja reguleerib endokriins\u00fcsteemi<\/li>\n<li>Toetab immuuns\u00fcsteemi.<\/li>\n<li>T\u00f5stab raua taset veres.<\/li>\n<li>Maca annab palju energiat, mis v\u00f5ib tuleneda tema v\u00f5imest t\u00f5sta kasvuhormooni taset seerumis.<\/li>\n<\/ul>\n<p><strong>Maca juurt<\/strong> on kasutatud aastatuhandeid Andide p\u00f5liselanike poolt toidu ja ravimina ning maca on siiani \u00fcks maailma k\u00f5ige v\u00f5imsamad supertoite. Maca on k\u00f5ige k\u00f5rgemal kasvav s\u00f6\u00f6dav taim maakeral. Just oma kasvukoha t\u00f5ttu keerulistes ja rasketes tingimustes k\u00f5rgel Andides on see taim kujunenud vintskeks, vastupidavaks ja h\u00e4sti kohanevaks ja seda mitte vaid elluj\u00e4\u00e4mise tarbeks vaid ka h\u00e4sti ja j\u00f5udsalt kasvamiseks.<\/p>\n<p>&nbsp;<\/p>\n","protected":false},"featured_media":84363,"comment_status":"open","ping_status":"closed","template":"","meta":[],"product_brand":[],"product_cat":[2358,1329,1454,532,2664,536,1201],"product_tag":[2057,1924],"giftcard-category":[],"class_list":{"0":"post-39040","1":"product","2":"type-product","3":"status-publish","4":"has-post-thumbnail","6":"product_cat-maca-en","7":"product_cat-ostrovit-en","8":"product_cat-superfoods-health-foods-en","9":"product_cat-testosterone-boosters-en","10":"product_cat-vegan-capsules-en","11":"product_cat-vitamins-and-minerals-en","12":"product_cat-1201","13":"product_tag-maca-en","14":"product_tag-ostrovit-en","15":"pa_toidulisand-branddd-ostrovit","16":"pa_tootegruppp-maca-en","17":"pa_tootegruppp-supertoit-tervisetoit-en","18":"pa_tootegruppp-testosterone-enhancers","19":"pa_tootegruppp-vcaps-vegan-kapslid-en","20":"pa_tootegruppp-vegan-en","21":"pa_tootegruppp-vitamins-and-minerals","23":"first","24":"instock","25":"sale","26":"taxable","27":"shipping-taxable","28":"purchasable","29":"product-type-simple"},"yoast_head":"<!-- This site is optimized with the Yoast SEO plugin v27.3 - https:\/\/yoast.com\/product\/yoast-seo-wordpress\/ -->\n<title>Maca kapslid (60 vCaps) - Maca - Maca juur - Kiire tarne - Fit360<\/title>\n<meta name=\"description\" content=\"Maca kapslid (vCaps) - T\u00f5stab vitaalsust ja annab j\u00f5udu ka vanematele inimestele. Samuti toetab immuuns\u00fcsteemi ja t\u00f5stab raua taset veres.\" \/>\n<meta name=\"robots\" content=\"index, follow, max-snippet:-1, max-image-preview:large, max-video-preview:-1\" \/>\n<link rel=\"canonical\" href=\"https:\/\/fit360.ee\/en\/pood\/product-groups\/superfoods-health-foods-en\/maca-en\/maca-kapslid-60vcaps\/\" \/>\n<meta property=\"og:locale\" content=\"en_US\" \/>\n<meta property=\"og:type\" content=\"article\" \/>\n<meta property=\"og:title\" content=\"Maca kapslid (60 vCaps) - Maca - Maca juur - Kiire tarne - Fit360\" \/>\n<meta property=\"og:description\" content=\"Maca kapslid (vCaps) - T\u00f5stab vitaalsust ja annab j\u00f5udu ka vanematele inimestele. Samuti toetab immuuns\u00fcsteemi ja t\u00f5stab raua taset veres.\" \/>\n<meta property=\"og:url\" content=\"https:\/\/fit360.ee\/en\/pood\/product-groups\/superfoods-health-foods-en\/maca-en\/maca-kapslid-60vcaps\/\" \/>\n<meta property=\"og:site_name\" content=\"Fit360\" \/>\n<meta property=\"article:modified_time\" content=\"2026-04-10T14:26:17+00:00\" \/>\n<meta property=\"og:image\" content=\"https:\/\/fit360.ee\/wp-content\/uploads\/2020\/10\/maca-kapslid-fit360.ee-1-2.png\" \/>\n\t<meta property=\"og:image:width\" content=\"450\" \/>\n\t<meta property=\"og:image:height\" content=\"450\" \/>\n\t<meta property=\"og:image:type\" content=\"image\/png\" \/>\n<meta name=\"twitter:card\" content=\"summary_large_image\" \/>\n<meta name=\"twitter:label1\" content=\"Est. reading time\" \/>\n\t<meta name=\"twitter:data1\" content=\"1 minute\" \/>\n<script type=\"application\/ld+json\" class=\"yoast-schema-graph\">{\"@context\":\"https:\\\/\\\/schema.org\",\"@graph\":[{\"@type\":\"WebPage\",\"@id\":\"https:\\\/\\\/fit360.ee\\\/en\\\/pood\\\/product-groups\\\/superfoods-health-foods-en\\\/maca-en\\\/maca-kapslid-60vcaps\\\/\",\"url\":\"https:\\\/\\\/fit360.ee\\\/en\\\/pood\\\/product-groups\\\/superfoods-health-foods-en\\\/maca-en\\\/maca-kapslid-60vcaps\\\/\",\"name\":\"Maca kapslid (60 vCaps) - Maca - Maca juur - Kiire tarne - Fit360\",\"isPartOf\":{\"@id\":\"https:\\\/\\\/fit360.ee\\\/en\\\/#website\"},\"primaryImageOfPage\":{\"@id\":\"https:\\\/\\\/fit360.ee\\\/en\\\/pood\\\/product-groups\\\/superfoods-health-foods-en\\\/maca-en\\\/maca-kapslid-60vcaps\\\/#primaryimage\"},\"image\":{\"@id\":\"https:\\\/\\\/fit360.ee\\\/en\\\/pood\\\/product-groups\\\/superfoods-health-foods-en\\\/maca-en\\\/maca-kapslid-60vcaps\\\/#primaryimage\"},\"thumbnailUrl\":\"https:\\\/\\\/fit360.ee\\\/wp-content\\\/uploads\\\/2020\\\/10\\\/maca-kapslid-fit360.ee-1-2.png\",\"datePublished\":\"2020-10-17T10:31:35+00:00\",\"dateModified\":\"2026-04-10T14:26:17+00:00\",\"description\":\"Maca kapslid (vCaps) - T\u00f5stab vitaalsust ja annab j\u00f5udu ka vanematele inimestele. Samuti toetab immuuns\u00fcsteemi ja t\u00f5stab raua taset veres.\",\"breadcrumb\":{\"@id\":\"https:\\\/\\\/fit360.ee\\\/en\\\/pood\\\/product-groups\\\/superfoods-health-foods-en\\\/maca-en\\\/maca-kapslid-60vcaps\\\/#breadcrumb\"},\"inLanguage\":\"en-US\",\"potentialAction\":[{\"@type\":\"ReadAction\",\"target\":[\"https:\\\/\\\/fit360.ee\\\/en\\\/pood\\\/product-groups\\\/superfoods-health-foods-en\\\/maca-en\\\/maca-kapslid-60vcaps\\\/\"]}]},{\"@type\":\"ImageObject\",\"inLanguage\":\"en-US\",\"@id\":\"https:\\\/\\\/fit360.ee\\\/en\\\/pood\\\/product-groups\\\/superfoods-health-foods-en\\\/maca-en\\\/maca-kapslid-60vcaps\\\/#primaryimage\",\"url\":\"https:\\\/\\\/fit360.ee\\\/wp-content\\\/uploads\\\/2020\\\/10\\\/maca-kapslid-fit360.ee-1-2.png\",\"contentUrl\":\"https:\\\/\\\/fit360.ee\\\/wp-content\\\/uploads\\\/2020\\\/10\\\/maca-kapslid-fit360.ee-1-2.png\",\"width\":450,\"height\":450,\"caption\":\"maca kapslid - fit360.ee\"},{\"@type\":\"BreadcrumbList\",\"@id\":\"https:\\\/\\\/fit360.ee\\\/en\\\/pood\\\/product-groups\\\/superfoods-health-foods-en\\\/maca-en\\\/maca-kapslid-60vcaps\\\/#breadcrumb\",\"itemListElement\":[{\"@type\":\"ListItem\",\"position\":1,\"name\":\"Home\",\"item\":\"https:\\\/\\\/fit360.ee\\\/en\\\/\"},{\"@type\":\"ListItem\",\"position\":2,\"name\":\"Shop\",\"item\":\"https:\\\/\\\/fit360.ee\\\/en\\\/shop\\\/\"},{\"@type\":\"ListItem\",\"position\":3,\"name\":\"Maca (60 vCaps)\"}]},{\"@type\":\"WebSite\",\"@id\":\"https:\\\/\\\/fit360.ee\\\/en\\\/#website\",\"url\":\"https:\\\/\\\/fit360.ee\\\/en\\\/\",\"name\":\"Fit360\",\"description\":\"\",\"publisher\":{\"@id\":\"https:\\\/\\\/fit360.ee\\\/en\\\/#organization\"},\"potentialAction\":[{\"@type\":\"SearchAction\",\"target\":{\"@type\":\"EntryPoint\",\"urlTemplate\":\"https:\\\/\\\/fit360.ee\\\/en\\\/?s={search_term_string}\"},\"query-input\":{\"@type\":\"PropertyValueSpecification\",\"valueRequired\":true,\"valueName\":\"search_term_string\"}}],\"inLanguage\":\"en-US\"},{\"@type\":\"Organization\",\"@id\":\"https:\\\/\\\/fit360.ee\\\/en\\\/#organization\",\"name\":\"Fit360\",\"url\":\"https:\\\/\\\/fit360.ee\\\/en\\\/\",\"logo\":{\"@type\":\"ImageObject\",\"inLanguage\":\"en-US\",\"@id\":\"https:\\\/\\\/fit360.ee\\\/en\\\/#\\\/schema\\\/logo\\\/image\\\/\",\"url\":\"https:\\\/\\\/fit360.ee\\\/wp-content\\\/uploads\\\/2017\\\/01\\\/logo-fit360.png\",\"contentUrl\":\"https:\\\/\\\/fit360.ee\\\/wp-content\\\/uploads\\\/2017\\\/01\\\/logo-fit360.png\",\"width\":180,\"height\":66,\"caption\":\"Fit360\"},\"image\":{\"@id\":\"https:\\\/\\\/fit360.ee\\\/en\\\/#\\\/schema\\\/logo\\\/image\\\/\"}}]}<\/script>\n<!-- \/ Yoast SEO plugin. -->","yoast_head_json":{"title":"Maca kapslid (60 vCaps) - Maca - Maca juur - Kiire tarne - Fit360","description":"Maca kapslid (vCaps) - T\u00f5stab vitaalsust ja annab j\u00f5udu ka vanematele inimestele. Samuti toetab immuuns\u00fcsteemi ja t\u00f5stab raua taset veres.","robots":{"index":"index","follow":"follow","max-snippet":"max-snippet:-1","max-image-preview":"max-image-preview:large","max-video-preview":"max-video-preview:-1"},"canonical":"https:\/\/fit360.ee\/en\/pood\/product-groups\/superfoods-health-foods-en\/maca-en\/maca-kapslid-60vcaps\/","og_locale":"en_US","og_type":"article","og_title":"Maca kapslid (60 vCaps) - Maca - Maca juur - Kiire tarne - Fit360","og_description":"Maca kapslid (vCaps) - T\u00f5stab vitaalsust ja annab j\u00f5udu ka vanematele inimestele. Samuti toetab immuuns\u00fcsteemi ja t\u00f5stab raua taset veres.","og_url":"https:\/\/fit360.ee\/en\/pood\/product-groups\/superfoods-health-foods-en\/maca-en\/maca-kapslid-60vcaps\/","og_site_name":"Fit360","article_modified_time":"2026-04-10T14:26:17+00:00","og_image":[{"width":450,"height":450,"url":"https:\/\/fit360.ee\/wp-content\/uploads\/2020\/10\/maca-kapslid-fit360.ee-1-2.png","type":"image\/png"}],"twitter_card":"summary_large_image","twitter_misc":{"Est. reading time":"1 minute"},"schema":{"@context":"https:\/\/schema.org","@graph":[{"@type":"WebPage","@id":"https:\/\/fit360.ee\/en\/pood\/product-groups\/superfoods-health-foods-en\/maca-en\/maca-kapslid-60vcaps\/","url":"https:\/\/fit360.ee\/en\/pood\/product-groups\/superfoods-health-foods-en\/maca-en\/maca-kapslid-60vcaps\/","name":"Maca kapslid (60 vCaps) - Maca - Maca juur - Kiire tarne - Fit360","isPartOf":{"@id":"https:\/\/fit360.ee\/en\/#website"},"primaryImageOfPage":{"@id":"https:\/\/fit360.ee\/en\/pood\/product-groups\/superfoods-health-foods-en\/maca-en\/maca-kapslid-60vcaps\/#primaryimage"},"image":{"@id":"https:\/\/fit360.ee\/en\/pood\/product-groups\/superfoods-health-foods-en\/maca-en\/maca-kapslid-60vcaps\/#primaryimage"},"thumbnailUrl":"https:\/\/fit360.ee\/wp-content\/uploads\/2020\/10\/maca-kapslid-fit360.ee-1-2.png","datePublished":"2020-10-17T10:31:35+00:00","dateModified":"2026-04-10T14:26:17+00:00","description":"Maca kapslid (vCaps) - T\u00f5stab vitaalsust ja annab j\u00f5udu ka vanematele inimestele. Samuti toetab immuuns\u00fcsteemi ja t\u00f5stab raua taset veres.","breadcrumb":{"@id":"https:\/\/fit360.ee\/en\/pood\/product-groups\/superfoods-health-foods-en\/maca-en\/maca-kapslid-60vcaps\/#breadcrumb"},"inLanguage":"en-US","potentialAction":[{"@type":"ReadAction","target":["https:\/\/fit360.ee\/en\/pood\/product-groups\/superfoods-health-foods-en\/maca-en\/maca-kapslid-60vcaps\/"]}]},{"@type":"ImageObject","inLanguage":"en-US","@id":"https:\/\/fit360.ee\/en\/pood\/product-groups\/superfoods-health-foods-en\/maca-en\/maca-kapslid-60vcaps\/#primaryimage","url":"https:\/\/fit360.ee\/wp-content\/uploads\/2020\/10\/maca-kapslid-fit360.ee-1-2.png","contentUrl":"https:\/\/fit360.ee\/wp-content\/uploads\/2020\/10\/maca-kapslid-fit360.ee-1-2.png","width":450,"height":450,"caption":"maca kapslid - fit360.ee"},{"@type":"BreadcrumbList","@id":"https:\/\/fit360.ee\/en\/pood\/product-groups\/superfoods-health-foods-en\/maca-en\/maca-kapslid-60vcaps\/#breadcrumb","itemListElement":[{"@type":"ListItem","position":1,"name":"Home","item":"https:\/\/fit360.ee\/en\/"},{"@type":"ListItem","position":2,"name":"Shop","item":"https:\/\/fit360.ee\/en\/shop\/"},{"@type":"ListItem","position":3,"name":"Maca (60 vCaps)"}]},{"@type":"WebSite","@id":"https:\/\/fit360.ee\/en\/#website","url":"https:\/\/fit360.ee\/en\/","name":"Fit360","description":"","publisher":{"@id":"https:\/\/fit360.ee\/en\/#organization"},"potentialAction":[{"@type":"SearchAction","target":{"@type":"EntryPoint","urlTemplate":"https:\/\/fit360.ee\/en\/?s={search_term_string}"},"query-input":{"@type":"PropertyValueSpecification","valueRequired":true,"valueName":"search_term_string"}}],"inLanguage":"en-US"},{"@type":"Organization","@id":"https:\/\/fit360.ee\/en\/#organization","name":"Fit360","url":"https:\/\/fit360.ee\/en\/","logo":{"@type":"ImageObject","inLanguage":"en-US","@id":"https:\/\/fit360.ee\/en\/#\/schema\/logo\/image\/","url":"https:\/\/fit360.ee\/wp-content\/uploads\/2017\/01\/logo-fit360.png","contentUrl":"https:\/\/fit360.ee\/wp-content\/uploads\/2017\/01\/logo-fit360.png","width":180,"height":66,"caption":"Fit360"},"image":{"@id":"https:\/\/fit360.ee\/en\/#\/schema\/logo\/image\/"}}]}},"_links":{"self":[{"href":"https:\/\/fit360.ee\/en\/wp-json\/wp\/v2\/product\/39040","targetHints":{"allow":["GET"]}}],"collection":[{"href":"https:\/\/fit360.ee\/en\/wp-json\/wp\/v2\/product"}],"about":[{"href":"https:\/\/fit360.ee\/en\/wp-json\/wp\/v2\/types\/product"}],"replies":[{"embeddable":true,"href":"https:\/\/fit360.ee\/en\/wp-json\/wp\/v2\/comments?post=39040"}],"wp:featuredmedia":[{"embeddable":true,"href":"https:\/\/fit360.ee\/en\/wp-json\/wp\/v2\/media\/84363"}],"wp:attachment":[{"href":"https:\/\/fit360.ee\/en\/wp-json\/wp\/v2\/media?parent=39040"}],"wp:term":[{"taxonomy":"product_brand","embeddable":true,"href":"https:\/\/fit360.ee\/en\/wp-json\/wp\/v2\/product_brand?post=39040"},{"taxonomy":"product_cat","embeddable":true,"href":"https:\/\/fit360.ee\/en\/wp-json\/wp\/v2\/product_cat?post=39040"},{"taxonomy":"product_tag","embeddable":true,"href":"https:\/\/fit360.ee\/en\/wp-json\/wp\/v2\/product_tag?post=39040"},{"taxonomy":"giftcard-category","embeddable":true,"href":"https:\/\/fit360.ee\/en\/wp-json\/wp\/v2\/giftcard-category?post=39040"}],"curies":[{"name":"wp","href":"https:\/\/api.w.org\/{rel}","templated":true}]}}