{"id":39060,"date":"2020-10-17T17:16:32","date_gmt":"2020-10-17T15:16:32","guid":{"rendered":"https:\/\/fit360.ee\/pood\/uncategorized\/universal-animal-cuts-42-pakki\/"},"modified":"2026-04-13T13:42:55","modified_gmt":"2026-04-13T11:42:55","slug":"universal-animal-cuts-42-pakki","status":"publish","type":"product","link":"https:\/\/fit360.ee\/en\/pood\/product-groups\/fat-burners-en\/universal-animal-cuts-42-pakki\/","title":{"rendered":"UNIVERSAL Animal Cuts (42 pakki)"},"content":{"rendered":"<h1>Animal Cuts &#8211; UNIVERSALI raudkindel garantii<\/h1>\n<p>Animal Cuts on t\u00f6\u00f6kindel, t\u00f5hus ja teaduslikult uuritud toimiv rasvap\u00f5letaja<\/p>\n<table>\n<tbody>\n<tr>\n<td width=\"319\"><strong>Koostisosad<\/strong><\/td>\n<td width=\"319\"><strong>1 pakk<\/strong><\/td>\n<\/tr>\n<tr>\n<td width=\"319\"><strong>Stimulandi Kompleks <\/strong>\u2013 veevaba kofeiin, Kola p\u00e4hkel (seemnest), Guaraana (seemnest), <em>Yerba Mate<\/em> (lehest), <em>Eleutherococcus senticosus<\/em> (taimest)<\/td>\n<td width=\"319\">750mg<\/td>\n<\/tr>\n<tr>\n<td width=\"319\"><strong>Ainevahetuse Kompleks<\/strong> \u2013 Rohelise Tee Lehe ekstrakt (pol\u00fcfenoolid \/ EGCG), Oolong Tee lehe ekstrakt (pol\u00fcfenoolid), Musta Tee Lehe ekstrakt (pol\u00fcfenoolid), Kohviuba Lehe ekstrakt (pol\u00fcfenoolid) Valge Tee Lehe ekstrakt (pol\u00fcfenoolid)<\/td>\n<td width=\"319\">750mg<\/td>\n<\/tr>\n<tr>\n<td width=\"319\"><strong>Kilpn\u00e4\u00e4rme Kompleks<\/strong> \u2013 L-T\u00fcrosiin, Oliivilehe ekstrakt (oleuropeiin), <em>Salvia Officinalis<\/em> (lehest)<\/td>\n<td width=\"319\">350mg<\/td>\n<\/tr>\n<tr>\n<td width=\"319\"><strong>Vee v\u00e4ljaviimise Kompleks <\/strong>\u2013 V\u00f5lille juur ( Taraksool, tarakserool), N\u00f5gesjuur, Takjajuur, <em>Uva Ursi<\/em> (lehest), Kadakamarja viljad, <strong>Selleri<\/strong> seeme<\/td>\n<td width=\"319\">800mg<\/td>\n<\/tr>\n<tr>\n<td width=\"319\"><strong>Nootroopne Kompleks<\/strong> \u2013 <em>Gotu Kola<\/em>, Koliin (<em>Bitartrate<\/em>), <em>Bacopa Monniera<\/em> (lehest)<\/td>\n<td width=\"319\">500mg<\/td>\n<\/tr>\n<tr>\n<td width=\"319\"><strong>Kortisooli p\u00e4rssiv Kompleks<\/strong> \u2013 Ashwagandha (withanoliidid), Panax \u017een\u0161enn (juurest), Fosfatid\u00fc\u00fclseriin, Magnoolia kooreekstrakt<\/td>\n<td width=\"319\">300mg<\/td>\n<\/tr>\n<tr>\n<td width=\"319\"><strong>Kolets\u00fcstokiniini suurendav kompleks (CCK Boosting Complex)<\/strong> \u2013 P\u00fcslliumi kest (seemnest), \u00d5unapektiin (puuviljast), Kaneel (koorest)<\/td>\n<td width=\"319\">300mg<\/td>\n<\/tr>\n<tr>\n<td width=\"319\"><strong>Biosaadavuse Kompleks <\/strong>\u2013 Ingverijuur (Ingverist, <em>shoagaols<\/em>), Cayenne (puuviljast) Greip (6,7- Dih\u00fcdroks\u00fcbergamottiin) (koorest), Kvertsetiin, Naringiin (tsitrusest), Piper Nigrumi ekstrakt<\/td>\n<td width=\"319\">500mg<\/td>\n<\/tr>\n<\/tbody>\n<\/table>\n<p><strong>Teised Koostisosad<\/strong>: \u017eelatiin, dikaltsiumfosfaat, mikrokristalne tselluloos, steariinape, titaan dioksiid, soja.<\/p>\n<p><strong>Kasutamine<\/strong>: V\u00f5ta 2 pakki p\u00e4evas 3 n\u00e4dalat j\u00e4rjest. Esimene pakk v\u00f5ta \u00e4rgates ning teine 4-6 tundi hiljem. J\u00e4rgi 3 n\u00e4dalat v\u00f5tan ning 1 n\u00e4dal puhkan reeglit. Peale puhken\u00e4dalat v\u00f5id uuesti toodet tarbida. Stimulandi kapsel on punane kapsel ja vee v\u00e4ljutamise kapsel on sinine.<\/p>\n<p><strong>Suurus<\/strong>: 42 pakki.<\/p>\n<p><a href=\"https:\/\/fit360.ee\/wp-content\/uploads\/2020\/10\/animal-cuts-fit360.ee-1-413x800.jpg\"><img loading=\"lazy\" decoding=\"async\" class=\"size-medium wp-image-39056\" src=\"https:\/\/fit360.ee\/wp-content\/uploads\/2020\/10\/animal-cuts-fit360.ee-1-413x800.jpg\" alt=\"animal cuts - fit360.ee \" width=\"413\" height=\"800\" srcset=\"https:\/\/fit360.ee\/wp-content\/uploads\/2020\/10\/animal-cuts-fit360.ee-1-413x800.jpg 413w, https:\/\/fit360.ee\/wp-content\/uploads\/2020\/10\/animal-cuts-fit360.ee-1-510x988.jpg 510w, https:\/\/fit360.ee\/wp-content\/uploads\/2020\/10\/animal-cuts-fit360.ee-1-826x1600.jpg 826w, https:\/\/fit360.ee\/wp-content\/uploads\/2020\/10\/animal-cuts-fit360.ee-1-768x1488.jpg 768w, https:\/\/fit360.ee\/wp-content\/uploads\/2020\/10\/animal-cuts-fit360.ee-1-793x1536.jpg 793w, https:\/\/fit360.ee\/wp-content\/uploads\/2020\/10\/animal-cuts-fit360.ee-1-1057x2048.jpg 1057w, https:\/\/fit360.ee\/wp-content\/uploads\/2020\/10\/animal-cuts-fit360.ee-1.jpg 1088w\" sizes=\"auto, (max-width: 413px) 100vw, 413px\" \/><\/a><\/p>\n<p>Soovid teha suuremat tellimust? Vaata antud toodet meie HULGI lehelt\u00a0<a href=\"https:\/\/toidulisandidhulgi.ee\/product\/universal-animal-cuts-42-pakki\/\"><strong>SIIT<\/strong><\/a>!<\/p>\n","protected":false},"excerpt":{"rendered":"<h2>ANIMAL CUTS:<\/h2>\n<ul>\n<li>K\u00f5ige v\u00f5imsam legaalsem rasvap\u00f5letaja<\/li>\n<li>Kindel retsept<\/li>\n<li>8 erinevat kapslit &#8211; igal kapslil oma kindel \u00fclesanne<\/li>\n<li>Teaduslikult t\u00f5estatud<\/li>\n<li>UNIVERSALi kvaliteet<\/li>\n<\/ul>\n<p>T\u00f5hus ja t\u00f6\u00f6kindel rasvap\u00f5letaja<\/p>\n<p>&nbsp;<\/p>\n","protected":false},"featured_media":39059,"comment_status":"open","ping_status":"closed","template":"","meta":[],"product_brand":[],"product_cat":[530,1390],"product_tag":[2073,1881,2049],"giftcard-category":[],"class_list":{"0":"post-39060","1":"product","2":"type-product","3":"status-publish","4":"has-post-thumbnail","6":"product_cat-fat-burners-en","7":"product_cat-universal-en","8":"product_tag-animal-cuts-en","9":"product_tag-rasvapoletus-en","10":"product_tag-universal-en","11":"pa_toidulisand-branddd-universal","12":"pa_tootegruppp-weight-loss","14":"first","15":"outofstock","16":"sale","17":"taxable","18":"shipping-taxable","19":"purchasable","20":"product-type-simple"},"yoast_head":"<!-- This site is optimized with the Yoast SEO plugin v27.3 - https:\/\/yoast.com\/product\/yoast-seo-wordpress\/ -->\n<title>Animal Cuts (42 pakki) - Rasvap\u00f5letus - UNIVERSAL - Kiire tarne - Fit360<\/title>\n<meta name=\"description\" content=\"Animal Cuts on t\u00f6\u00f6kindel, t\u00f5hus ja teaduslikult uuritud toimiv rasvap\u00f5letaja. Animal Cutsil on UNIVERSALI raudkindel garantii. Kiire tarne!\" \/>\n<meta name=\"robots\" content=\"index, follow, max-snippet:-1, max-image-preview:large, max-video-preview:-1\" \/>\n<link rel=\"canonical\" href=\"https:\/\/fit360.ee\/en\/pood\/product-groups\/fat-burners-en\/universal-animal-cuts-42-pakki\/\" \/>\n<meta property=\"og:locale\" content=\"en_US\" \/>\n<meta property=\"og:type\" content=\"article\" \/>\n<meta property=\"og:title\" content=\"Animal Cuts (42 pakki) - Rasvap\u00f5letus - UNIVERSAL - Kiire tarne - Fit360\" \/>\n<meta property=\"og:description\" content=\"Animal Cuts on t\u00f6\u00f6kindel, t\u00f5hus ja teaduslikult uuritud toimiv rasvap\u00f5letaja. Animal Cutsil on UNIVERSALI raudkindel garantii. Kiire tarne!\" \/>\n<meta property=\"og:url\" content=\"https:\/\/fit360.ee\/en\/pood\/product-groups\/fat-burners-en\/universal-animal-cuts-42-pakki\/\" \/>\n<meta property=\"og:site_name\" content=\"Fit360\" \/>\n<meta property=\"article:modified_time\" content=\"2026-04-13T11:42:55+00:00\" \/>\n<meta property=\"og:image\" content=\"https:\/\/fit360.ee\/wp-content\/uploads\/2020\/10\/Universal-Animal-Cuts-fit360.ee_.jpg\" \/>\n\t<meta property=\"og:image:width\" content=\"1324\" \/>\n\t<meta property=\"og:image:height\" content=\"1324\" \/>\n\t<meta property=\"og:image:type\" content=\"image\/jpeg\" \/>\n<meta name=\"twitter:card\" content=\"summary_large_image\" \/>\n<meta name=\"twitter:label1\" content=\"Est. reading time\" \/>\n\t<meta name=\"twitter:data1\" content=\"2 minutes\" \/>\n<script type=\"application\/ld+json\" class=\"yoast-schema-graph\">{\"@context\":\"https:\\\/\\\/schema.org\",\"@graph\":[{\"@type\":\"WebPage\",\"@id\":\"https:\\\/\\\/fit360.ee\\\/en\\\/pood\\\/product-groups\\\/fat-burners-en\\\/universal-animal-cuts-42-pakki\\\/\",\"url\":\"https:\\\/\\\/fit360.ee\\\/en\\\/pood\\\/product-groups\\\/fat-burners-en\\\/universal-animal-cuts-42-pakki\\\/\",\"name\":\"Animal Cuts (42 pakki) - Rasvap\u00f5letus - UNIVERSAL - Kiire tarne - Fit360\",\"isPartOf\":{\"@id\":\"https:\\\/\\\/fit360.ee\\\/en\\\/#website\"},\"primaryImageOfPage\":{\"@id\":\"https:\\\/\\\/fit360.ee\\\/en\\\/pood\\\/product-groups\\\/fat-burners-en\\\/universal-animal-cuts-42-pakki\\\/#primaryimage\"},\"image\":{\"@id\":\"https:\\\/\\\/fit360.ee\\\/en\\\/pood\\\/product-groups\\\/fat-burners-en\\\/universal-animal-cuts-42-pakki\\\/#primaryimage\"},\"thumbnailUrl\":\"https:\\\/\\\/fit360.ee\\\/wp-content\\\/uploads\\\/2020\\\/10\\\/Universal-Animal-Cuts-fit360.ee_.jpg\",\"datePublished\":\"2020-10-17T15:16:32+00:00\",\"dateModified\":\"2026-04-13T11:42:55+00:00\",\"description\":\"Animal Cuts on t\u00f6\u00f6kindel, t\u00f5hus ja teaduslikult uuritud toimiv rasvap\u00f5letaja. Animal Cutsil on UNIVERSALI raudkindel garantii. Kiire tarne!\",\"breadcrumb\":{\"@id\":\"https:\\\/\\\/fit360.ee\\\/en\\\/pood\\\/product-groups\\\/fat-burners-en\\\/universal-animal-cuts-42-pakki\\\/#breadcrumb\"},\"inLanguage\":\"en-US\",\"potentialAction\":[{\"@type\":\"ReadAction\",\"target\":[\"https:\\\/\\\/fit360.ee\\\/en\\\/pood\\\/product-groups\\\/fat-burners-en\\\/universal-animal-cuts-42-pakki\\\/\"]}]},{\"@type\":\"ImageObject\",\"inLanguage\":\"en-US\",\"@id\":\"https:\\\/\\\/fit360.ee\\\/en\\\/pood\\\/product-groups\\\/fat-burners-en\\\/universal-animal-cuts-42-pakki\\\/#primaryimage\",\"url\":\"https:\\\/\\\/fit360.ee\\\/wp-content\\\/uploads\\\/2020\\\/10\\\/Universal-Animal-Cuts-fit360.ee_.jpg\",\"contentUrl\":\"https:\\\/\\\/fit360.ee\\\/wp-content\\\/uploads\\\/2020\\\/10\\\/Universal-Animal-Cuts-fit360.ee_.jpg\",\"width\":1324,\"height\":1324,\"caption\":\"Universal Animal Cuts - fit360.ee\"},{\"@type\":\"BreadcrumbList\",\"@id\":\"https:\\\/\\\/fit360.ee\\\/en\\\/pood\\\/product-groups\\\/fat-burners-en\\\/universal-animal-cuts-42-pakki\\\/#breadcrumb\",\"itemListElement\":[{\"@type\":\"ListItem\",\"position\":1,\"name\":\"Home\",\"item\":\"https:\\\/\\\/fit360.ee\\\/en\\\/\"},{\"@type\":\"ListItem\",\"position\":2,\"name\":\"Shop\",\"item\":\"https:\\\/\\\/fit360.ee\\\/en\\\/shop\\\/\"},{\"@type\":\"ListItem\",\"position\":3,\"name\":\"UNIVERSAL Animal Cuts (42 pakki)\"}]},{\"@type\":\"WebSite\",\"@id\":\"https:\\\/\\\/fit360.ee\\\/en\\\/#website\",\"url\":\"https:\\\/\\\/fit360.ee\\\/en\\\/\",\"name\":\"Fit360\",\"description\":\"\",\"publisher\":{\"@id\":\"https:\\\/\\\/fit360.ee\\\/en\\\/#organization\"},\"potentialAction\":[{\"@type\":\"SearchAction\",\"target\":{\"@type\":\"EntryPoint\",\"urlTemplate\":\"https:\\\/\\\/fit360.ee\\\/en\\\/?s={search_term_string}\"},\"query-input\":{\"@type\":\"PropertyValueSpecification\",\"valueRequired\":true,\"valueName\":\"search_term_string\"}}],\"inLanguage\":\"en-US\"},{\"@type\":\"Organization\",\"@id\":\"https:\\\/\\\/fit360.ee\\\/en\\\/#organization\",\"name\":\"Fit360\",\"url\":\"https:\\\/\\\/fit360.ee\\\/en\\\/\",\"logo\":{\"@type\":\"ImageObject\",\"inLanguage\":\"en-US\",\"@id\":\"https:\\\/\\\/fit360.ee\\\/en\\\/#\\\/schema\\\/logo\\\/image\\\/\",\"url\":\"https:\\\/\\\/fit360.ee\\\/wp-content\\\/uploads\\\/2017\\\/01\\\/logo-fit360.png\",\"contentUrl\":\"https:\\\/\\\/fit360.ee\\\/wp-content\\\/uploads\\\/2017\\\/01\\\/logo-fit360.png\",\"width\":180,\"height\":66,\"caption\":\"Fit360\"},\"image\":{\"@id\":\"https:\\\/\\\/fit360.ee\\\/en\\\/#\\\/schema\\\/logo\\\/image\\\/\"}}]}<\/script>\n<!-- \/ Yoast SEO plugin. -->","yoast_head_json":{"title":"Animal Cuts (42 pakki) - Rasvap\u00f5letus - UNIVERSAL - Kiire tarne - Fit360","description":"Animal Cuts on t\u00f6\u00f6kindel, t\u00f5hus ja teaduslikult uuritud toimiv rasvap\u00f5letaja. Animal Cutsil on UNIVERSALI raudkindel garantii. Kiire tarne!","robots":{"index":"index","follow":"follow","max-snippet":"max-snippet:-1","max-image-preview":"max-image-preview:large","max-video-preview":"max-video-preview:-1"},"canonical":"https:\/\/fit360.ee\/en\/pood\/product-groups\/fat-burners-en\/universal-animal-cuts-42-pakki\/","og_locale":"en_US","og_type":"article","og_title":"Animal Cuts (42 pakki) - Rasvap\u00f5letus - UNIVERSAL - Kiire tarne - Fit360","og_description":"Animal Cuts on t\u00f6\u00f6kindel, t\u00f5hus ja teaduslikult uuritud toimiv rasvap\u00f5letaja. Animal Cutsil on UNIVERSALI raudkindel garantii. Kiire tarne!","og_url":"https:\/\/fit360.ee\/en\/pood\/product-groups\/fat-burners-en\/universal-animal-cuts-42-pakki\/","og_site_name":"Fit360","article_modified_time":"2026-04-13T11:42:55+00:00","og_image":[{"width":1324,"height":1324,"url":"https:\/\/fit360.ee\/wp-content\/uploads\/2020\/10\/Universal-Animal-Cuts-fit360.ee_.jpg","type":"image\/jpeg"}],"twitter_card":"summary_large_image","twitter_misc":{"Est. reading time":"2 minutes"},"schema":{"@context":"https:\/\/schema.org","@graph":[{"@type":"WebPage","@id":"https:\/\/fit360.ee\/en\/pood\/product-groups\/fat-burners-en\/universal-animal-cuts-42-pakki\/","url":"https:\/\/fit360.ee\/en\/pood\/product-groups\/fat-burners-en\/universal-animal-cuts-42-pakki\/","name":"Animal Cuts (42 pakki) - Rasvap\u00f5letus - UNIVERSAL - Kiire tarne - Fit360","isPartOf":{"@id":"https:\/\/fit360.ee\/en\/#website"},"primaryImageOfPage":{"@id":"https:\/\/fit360.ee\/en\/pood\/product-groups\/fat-burners-en\/universal-animal-cuts-42-pakki\/#primaryimage"},"image":{"@id":"https:\/\/fit360.ee\/en\/pood\/product-groups\/fat-burners-en\/universal-animal-cuts-42-pakki\/#primaryimage"},"thumbnailUrl":"https:\/\/fit360.ee\/wp-content\/uploads\/2020\/10\/Universal-Animal-Cuts-fit360.ee_.jpg","datePublished":"2020-10-17T15:16:32+00:00","dateModified":"2026-04-13T11:42:55+00:00","description":"Animal Cuts on t\u00f6\u00f6kindel, t\u00f5hus ja teaduslikult uuritud toimiv rasvap\u00f5letaja. Animal Cutsil on UNIVERSALI raudkindel garantii. Kiire tarne!","breadcrumb":{"@id":"https:\/\/fit360.ee\/en\/pood\/product-groups\/fat-burners-en\/universal-animal-cuts-42-pakki\/#breadcrumb"},"inLanguage":"en-US","potentialAction":[{"@type":"ReadAction","target":["https:\/\/fit360.ee\/en\/pood\/product-groups\/fat-burners-en\/universal-animal-cuts-42-pakki\/"]}]},{"@type":"ImageObject","inLanguage":"en-US","@id":"https:\/\/fit360.ee\/en\/pood\/product-groups\/fat-burners-en\/universal-animal-cuts-42-pakki\/#primaryimage","url":"https:\/\/fit360.ee\/wp-content\/uploads\/2020\/10\/Universal-Animal-Cuts-fit360.ee_.jpg","contentUrl":"https:\/\/fit360.ee\/wp-content\/uploads\/2020\/10\/Universal-Animal-Cuts-fit360.ee_.jpg","width":1324,"height":1324,"caption":"Universal Animal Cuts - fit360.ee"},{"@type":"BreadcrumbList","@id":"https:\/\/fit360.ee\/en\/pood\/product-groups\/fat-burners-en\/universal-animal-cuts-42-pakki\/#breadcrumb","itemListElement":[{"@type":"ListItem","position":1,"name":"Home","item":"https:\/\/fit360.ee\/en\/"},{"@type":"ListItem","position":2,"name":"Shop","item":"https:\/\/fit360.ee\/en\/shop\/"},{"@type":"ListItem","position":3,"name":"UNIVERSAL Animal Cuts (42 pakki)"}]},{"@type":"WebSite","@id":"https:\/\/fit360.ee\/en\/#website","url":"https:\/\/fit360.ee\/en\/","name":"Fit360","description":"","publisher":{"@id":"https:\/\/fit360.ee\/en\/#organization"},"potentialAction":[{"@type":"SearchAction","target":{"@type":"EntryPoint","urlTemplate":"https:\/\/fit360.ee\/en\/?s={search_term_string}"},"query-input":{"@type":"PropertyValueSpecification","valueRequired":true,"valueName":"search_term_string"}}],"inLanguage":"en-US"},{"@type":"Organization","@id":"https:\/\/fit360.ee\/en\/#organization","name":"Fit360","url":"https:\/\/fit360.ee\/en\/","logo":{"@type":"ImageObject","inLanguage":"en-US","@id":"https:\/\/fit360.ee\/en\/#\/schema\/logo\/image\/","url":"https:\/\/fit360.ee\/wp-content\/uploads\/2017\/01\/logo-fit360.png","contentUrl":"https:\/\/fit360.ee\/wp-content\/uploads\/2017\/01\/logo-fit360.png","width":180,"height":66,"caption":"Fit360"},"image":{"@id":"https:\/\/fit360.ee\/en\/#\/schema\/logo\/image\/"}}]}},"_links":{"self":[{"href":"https:\/\/fit360.ee\/en\/wp-json\/wp\/v2\/product\/39060","targetHints":{"allow":["GET"]}}],"collection":[{"href":"https:\/\/fit360.ee\/en\/wp-json\/wp\/v2\/product"}],"about":[{"href":"https:\/\/fit360.ee\/en\/wp-json\/wp\/v2\/types\/product"}],"replies":[{"embeddable":true,"href":"https:\/\/fit360.ee\/en\/wp-json\/wp\/v2\/comments?post=39060"}],"wp:featuredmedia":[{"embeddable":true,"href":"https:\/\/fit360.ee\/en\/wp-json\/wp\/v2\/media\/39059"}],"wp:attachment":[{"href":"https:\/\/fit360.ee\/en\/wp-json\/wp\/v2\/media?parent=39060"}],"wp:term":[{"taxonomy":"product_brand","embeddable":true,"href":"https:\/\/fit360.ee\/en\/wp-json\/wp\/v2\/product_brand?post=39060"},{"taxonomy":"product_cat","embeddable":true,"href":"https:\/\/fit360.ee\/en\/wp-json\/wp\/v2\/product_cat?post=39060"},{"taxonomy":"product_tag","embeddable":true,"href":"https:\/\/fit360.ee\/en\/wp-json\/wp\/v2\/product_tag?post=39060"},{"taxonomy":"giftcard-category","embeddable":true,"href":"https:\/\/fit360.ee\/en\/wp-json\/wp\/v2\/giftcard-category?post=39060"}],"curies":[{"name":"wp","href":"https:\/\/api.w.org\/{rel}","templated":true}]}}