{"id":39132,"date":"2020-10-23T15:51:01","date_gmt":"2020-10-23T13:51:01","guid":{"rendered":"https:\/\/fit360.ee\/pood\/uncategorized\/power-systems-gym-belt-power-beast-tostevoo\/"},"modified":"2025-08-13T07:35:03","modified_gmt":"2025-08-13T05:35:03","slug":"power-systems-gym-belt-power-beast-tostevoo","status":"publish","type":"product","link":"https:\/\/fit360.ee\/en\/pood\/training-equipment-en\/belts-en\/power-systems-gym-belt-power-beast-tostevoo\/","title":{"rendered":"Power Systems Gym Belt Power Beast T\u00f5stev\u00f6\u00f6"},"content":{"rendered":"<h1>POWER SYSTEMS Power Beast t\u00f5stev\u00f6\u00f6<\/h1>\n<p>100%\u00a0 NATURAALSEST P\u00fchvlinahast m\u00f5eldud raskete treeningute jaoks<\/p>\n<ul>\n<li style=\"font-weight: 400;\">Peen pehme vahtpolsterkahe tugeva nahakihi vahel<\/li>\n<li>Kiirlukustus tihedaks kinnitamiseks<\/li>\n<li>Kaherealine \u00f5mblus<\/li>\n<li>Regulleeritavad suurused<\/li>\n<li>Sobib ideaalselt t\u00f5stmisspordiks, crossfitiks ja teisteks j\u00f5usaali harjutusteks, kus on vaja seljatuge.<\/li>\n<\/ul>\n<p style=\"font-weight: 400;\"><strong>MATERJAL<\/strong>: 100% P\u00fchvlinahk<\/p>\n<p><strong>SUURUS<\/strong>: M,L,XL<\/p>\n<p><strong>V\u00c4RVUS<\/strong>: Punane\/must; Kollane\/must<\/p>\n<p>Soovid kaupa osta suuremas koguses? Vaata antud toodet ka meie HULGI poest\u00a0<a href=\"https:\/\/toidulisandidhulgi.ee\/product\/power-systems-gy\u2026r-beast-tostevoo\/\"><strong>SIIT<\/strong><\/a>!<\/p>\n","protected":false},"excerpt":{"rendered":"<h1>POWER SYSTEMS Power Beast t\u00f5stev\u00f6\u00f6<\/h1>\n<p>100%\u00a0 NATURAALSEST P\u00fchvlinahast m\u00f5eldud raskete treeningute jaoks<\/p>\n<ul>\n<li style=\"font-weight: 400;\">Peen pehme vahtpolsterkahe tugeva nahakihi vahel<\/li>\n<li>Kiirlukustus tihedaks kinnitamiseks<\/li>\n<li>Kaherealine \u00f5mblus<\/li>\n<li>Regulleeritavad suurused<\/li>\n<li>Sobib ideaalselt t\u00f5stmisspordiks, crossfitiks ja teisteks j\u00f5usaali harjutusteks, kus on vaja seljatuge.<\/li>\n<\/ul>\n<p style=\"font-weight: 400;\"><strong>MATERJAL<\/strong>: 100% P\u00fchvlinahk<\/p>\n<p><strong>SUURUS<\/strong>: M,L,XL<\/p>\n","protected":false},"featured_media":73398,"comment_status":"open","ping_status":"closed","template":"","meta":[],"product_brand":[],"product_cat":[550,538],"product_tag":[2081,2082],"giftcard-category":[],"class_list":{"0":"post-39132","1":"product","2":"type-product","3":"status-publish","4":"has-post-thumbnail","6":"product_cat-belts-en","7":"product_cat-training-equipment-en","8":"product_tag-power-systems-en","9":"product_tag-tostevoo-en","10":"pa_suurus-l","11":"pa_suurus-m","12":"pa_suurus-xl","14":"first","15":"instock","16":"sale","17":"taxable","18":"shipping-taxable","19":"purchasable","20":"product-type-variable"},"yoast_head":"<!-- This site is optimized with the Yoast SEO plugin v27.3 - https:\/\/yoast.com\/product\/yoast-seo-wordpress\/ -->\n<title>Power Systems Gym Belt Power Beast T\u00f5stev\u00f6\u00f6 - Fit360<\/title>\n<meta name=\"robots\" content=\"index, follow, max-snippet:-1, max-image-preview:large, max-video-preview:-1\" \/>\n<link rel=\"canonical\" href=\"https:\/\/fit360.ee\/en\/pood\/training-equipment-en\/belts-en\/power-systems-gym-belt-power-beast-tostevoo\/\" \/>\n<meta property=\"og:locale\" content=\"en_US\" \/>\n<meta property=\"og:type\" content=\"article\" \/>\n<meta property=\"og:title\" content=\"Power Systems Gym Belt Power Beast T\u00f5stev\u00f6\u00f6 - Fit360\" \/>\n<meta property=\"og:description\" content=\"POWER SYSTEMS Power Beast t\u00f5stev\u00f6\u00f6 100%\u00a0 NATURAALSEST P\u00fchvlinahast m\u00f5eldud raskete treeningute jaoks   Peen pehme vahtpolsterkahe tugeva nahakihi vahel  Kiirlukustus tihedaks kinnitamiseks  Kaherealine \u00f5mblus  Regulleeritavad suurused  Sobib ideaalselt t\u00f5stmisspordiks, crossfitiks ja teisteks j\u00f5usaali harjutusteks, kus on vaja seljatuge.  MATERJAL: 100% P\u00fchvlinahk SUURUS: M,L,XL\" \/>\n<meta property=\"og:url\" content=\"https:\/\/fit360.ee\/en\/pood\/training-equipment-en\/belts-en\/power-systems-gym-belt-power-beast-tostevoo\/\" \/>\n<meta property=\"og:site_name\" content=\"Fit360\" \/>\n<meta property=\"article:modified_time\" content=\"2025-08-13T05:35:03+00:00\" \/>\n<meta property=\"og:image\" content=\"https:\/\/fit360.ee\/wp-content\/uploads\/2020\/10\/powerlifting-belt-power-beast-fit360.ee_.jpg\" \/>\n\t<meta property=\"og:image:width\" content=\"1000\" \/>\n\t<meta property=\"og:image:height\" content=\"607\" \/>\n\t<meta property=\"og:image:type\" content=\"image\/jpeg\" \/>\n<meta name=\"twitter:card\" content=\"summary_large_image\" \/>\n<meta name=\"twitter:label1\" content=\"Est. reading time\" \/>\n\t<meta name=\"twitter:data1\" content=\"1 minute\" \/>\n<script type=\"application\/ld+json\" class=\"yoast-schema-graph\">{\"@context\":\"https:\\\/\\\/schema.org\",\"@graph\":[{\"@type\":\"WebPage\",\"@id\":\"https:\\\/\\\/fit360.ee\\\/en\\\/pood\\\/training-equipment-en\\\/belts-en\\\/power-systems-gym-belt-power-beast-tostevoo\\\/\",\"url\":\"https:\\\/\\\/fit360.ee\\\/en\\\/pood\\\/training-equipment-en\\\/belts-en\\\/power-systems-gym-belt-power-beast-tostevoo\\\/\",\"name\":\"Power Systems Gym Belt Power Beast T\u00f5stev\u00f6\u00f6 - Fit360\",\"isPartOf\":{\"@id\":\"https:\\\/\\\/fit360.ee\\\/en\\\/#website\"},\"primaryImageOfPage\":{\"@id\":\"https:\\\/\\\/fit360.ee\\\/en\\\/pood\\\/training-equipment-en\\\/belts-en\\\/power-systems-gym-belt-power-beast-tostevoo\\\/#primaryimage\"},\"image\":{\"@id\":\"https:\\\/\\\/fit360.ee\\\/en\\\/pood\\\/training-equipment-en\\\/belts-en\\\/power-systems-gym-belt-power-beast-tostevoo\\\/#primaryimage\"},\"thumbnailUrl\":\"https:\\\/\\\/fit360.ee\\\/wp-content\\\/uploads\\\/2020\\\/10\\\/powerlifting-belt-power-beast-fit360.ee_.jpg\",\"datePublished\":\"2020-10-23T13:51:01+00:00\",\"dateModified\":\"2025-08-13T05:35:03+00:00\",\"breadcrumb\":{\"@id\":\"https:\\\/\\\/fit360.ee\\\/en\\\/pood\\\/training-equipment-en\\\/belts-en\\\/power-systems-gym-belt-power-beast-tostevoo\\\/#breadcrumb\"},\"inLanguage\":\"en-US\",\"potentialAction\":[{\"@type\":\"ReadAction\",\"target\":[\"https:\\\/\\\/fit360.ee\\\/en\\\/pood\\\/training-equipment-en\\\/belts-en\\\/power-systems-gym-belt-power-beast-tostevoo\\\/\"]}]},{\"@type\":\"ImageObject\",\"inLanguage\":\"en-US\",\"@id\":\"https:\\\/\\\/fit360.ee\\\/en\\\/pood\\\/training-equipment-en\\\/belts-en\\\/power-systems-gym-belt-power-beast-tostevoo\\\/#primaryimage\",\"url\":\"https:\\\/\\\/fit360.ee\\\/wp-content\\\/uploads\\\/2020\\\/10\\\/powerlifting-belt-power-beast-fit360.ee_.jpg\",\"contentUrl\":\"https:\\\/\\\/fit360.ee\\\/wp-content\\\/uploads\\\/2020\\\/10\\\/powerlifting-belt-power-beast-fit360.ee_.jpg\",\"width\":1000,\"height\":607,\"caption\":\"powerlifting belt power beast - fit360.ee\"},{\"@type\":\"BreadcrumbList\",\"@id\":\"https:\\\/\\\/fit360.ee\\\/en\\\/pood\\\/training-equipment-en\\\/belts-en\\\/power-systems-gym-belt-power-beast-tostevoo\\\/#breadcrumb\",\"itemListElement\":[{\"@type\":\"ListItem\",\"position\":1,\"name\":\"Home\",\"item\":\"https:\\\/\\\/fit360.ee\\\/en\\\/\"},{\"@type\":\"ListItem\",\"position\":2,\"name\":\"Shop\",\"item\":\"https:\\\/\\\/fit360.ee\\\/en\\\/shop\\\/\"},{\"@type\":\"ListItem\",\"position\":3,\"name\":\"Power Systems Gym Belt Power Beast T\u00f5stev\u00f6\u00f6\"}]},{\"@type\":\"WebSite\",\"@id\":\"https:\\\/\\\/fit360.ee\\\/en\\\/#website\",\"url\":\"https:\\\/\\\/fit360.ee\\\/en\\\/\",\"name\":\"Fit360\",\"description\":\"\",\"publisher\":{\"@id\":\"https:\\\/\\\/fit360.ee\\\/en\\\/#organization\"},\"potentialAction\":[{\"@type\":\"SearchAction\",\"target\":{\"@type\":\"EntryPoint\",\"urlTemplate\":\"https:\\\/\\\/fit360.ee\\\/en\\\/?s={search_term_string}\"},\"query-input\":{\"@type\":\"PropertyValueSpecification\",\"valueRequired\":true,\"valueName\":\"search_term_string\"}}],\"inLanguage\":\"en-US\"},{\"@type\":\"Organization\",\"@id\":\"https:\\\/\\\/fit360.ee\\\/en\\\/#organization\",\"name\":\"Fit360\",\"url\":\"https:\\\/\\\/fit360.ee\\\/en\\\/\",\"logo\":{\"@type\":\"ImageObject\",\"inLanguage\":\"en-US\",\"@id\":\"https:\\\/\\\/fit360.ee\\\/en\\\/#\\\/schema\\\/logo\\\/image\\\/\",\"url\":\"https:\\\/\\\/fit360.ee\\\/wp-content\\\/uploads\\\/2017\\\/01\\\/logo-fit360.png\",\"contentUrl\":\"https:\\\/\\\/fit360.ee\\\/wp-content\\\/uploads\\\/2017\\\/01\\\/logo-fit360.png\",\"width\":180,\"height\":66,\"caption\":\"Fit360\"},\"image\":{\"@id\":\"https:\\\/\\\/fit360.ee\\\/en\\\/#\\\/schema\\\/logo\\\/image\\\/\"}}]}<\/script>\n<!-- \/ Yoast SEO plugin. -->","yoast_head_json":{"title":"Power Systems Gym Belt Power Beast T\u00f5stev\u00f6\u00f6 - Fit360","robots":{"index":"index","follow":"follow","max-snippet":"max-snippet:-1","max-image-preview":"max-image-preview:large","max-video-preview":"max-video-preview:-1"},"canonical":"https:\/\/fit360.ee\/en\/pood\/training-equipment-en\/belts-en\/power-systems-gym-belt-power-beast-tostevoo\/","og_locale":"en_US","og_type":"article","og_title":"Power Systems Gym Belt Power Beast T\u00f5stev\u00f6\u00f6 - Fit360","og_description":"POWER SYSTEMS Power Beast t\u00f5stev\u00f6\u00f6 100%\u00a0 NATURAALSEST P\u00fchvlinahast m\u00f5eldud raskete treeningute jaoks   Peen pehme vahtpolsterkahe tugeva nahakihi vahel  Kiirlukustus tihedaks kinnitamiseks  Kaherealine \u00f5mblus  Regulleeritavad suurused  Sobib ideaalselt t\u00f5stmisspordiks, crossfitiks ja teisteks j\u00f5usaali harjutusteks, kus on vaja seljatuge.  MATERJAL: 100% P\u00fchvlinahk SUURUS: M,L,XL","og_url":"https:\/\/fit360.ee\/en\/pood\/training-equipment-en\/belts-en\/power-systems-gym-belt-power-beast-tostevoo\/","og_site_name":"Fit360","article_modified_time":"2025-08-13T05:35:03+00:00","og_image":[{"width":1000,"height":607,"url":"https:\/\/fit360.ee\/wp-content\/uploads\/2020\/10\/powerlifting-belt-power-beast-fit360.ee_.jpg","type":"image\/jpeg"}],"twitter_card":"summary_large_image","twitter_misc":{"Est. reading time":"1 minute"},"schema":{"@context":"https:\/\/schema.org","@graph":[{"@type":"WebPage","@id":"https:\/\/fit360.ee\/en\/pood\/training-equipment-en\/belts-en\/power-systems-gym-belt-power-beast-tostevoo\/","url":"https:\/\/fit360.ee\/en\/pood\/training-equipment-en\/belts-en\/power-systems-gym-belt-power-beast-tostevoo\/","name":"Power Systems Gym Belt Power Beast T\u00f5stev\u00f6\u00f6 - Fit360","isPartOf":{"@id":"https:\/\/fit360.ee\/en\/#website"},"primaryImageOfPage":{"@id":"https:\/\/fit360.ee\/en\/pood\/training-equipment-en\/belts-en\/power-systems-gym-belt-power-beast-tostevoo\/#primaryimage"},"image":{"@id":"https:\/\/fit360.ee\/en\/pood\/training-equipment-en\/belts-en\/power-systems-gym-belt-power-beast-tostevoo\/#primaryimage"},"thumbnailUrl":"https:\/\/fit360.ee\/wp-content\/uploads\/2020\/10\/powerlifting-belt-power-beast-fit360.ee_.jpg","datePublished":"2020-10-23T13:51:01+00:00","dateModified":"2025-08-13T05:35:03+00:00","breadcrumb":{"@id":"https:\/\/fit360.ee\/en\/pood\/training-equipment-en\/belts-en\/power-systems-gym-belt-power-beast-tostevoo\/#breadcrumb"},"inLanguage":"en-US","potentialAction":[{"@type":"ReadAction","target":["https:\/\/fit360.ee\/en\/pood\/training-equipment-en\/belts-en\/power-systems-gym-belt-power-beast-tostevoo\/"]}]},{"@type":"ImageObject","inLanguage":"en-US","@id":"https:\/\/fit360.ee\/en\/pood\/training-equipment-en\/belts-en\/power-systems-gym-belt-power-beast-tostevoo\/#primaryimage","url":"https:\/\/fit360.ee\/wp-content\/uploads\/2020\/10\/powerlifting-belt-power-beast-fit360.ee_.jpg","contentUrl":"https:\/\/fit360.ee\/wp-content\/uploads\/2020\/10\/powerlifting-belt-power-beast-fit360.ee_.jpg","width":1000,"height":607,"caption":"powerlifting belt power beast - fit360.ee"},{"@type":"BreadcrumbList","@id":"https:\/\/fit360.ee\/en\/pood\/training-equipment-en\/belts-en\/power-systems-gym-belt-power-beast-tostevoo\/#breadcrumb","itemListElement":[{"@type":"ListItem","position":1,"name":"Home","item":"https:\/\/fit360.ee\/en\/"},{"@type":"ListItem","position":2,"name":"Shop","item":"https:\/\/fit360.ee\/en\/shop\/"},{"@type":"ListItem","position":3,"name":"Power Systems Gym Belt Power Beast T\u00f5stev\u00f6\u00f6"}]},{"@type":"WebSite","@id":"https:\/\/fit360.ee\/en\/#website","url":"https:\/\/fit360.ee\/en\/","name":"Fit360","description":"","publisher":{"@id":"https:\/\/fit360.ee\/en\/#organization"},"potentialAction":[{"@type":"SearchAction","target":{"@type":"EntryPoint","urlTemplate":"https:\/\/fit360.ee\/en\/?s={search_term_string}"},"query-input":{"@type":"PropertyValueSpecification","valueRequired":true,"valueName":"search_term_string"}}],"inLanguage":"en-US"},{"@type":"Organization","@id":"https:\/\/fit360.ee\/en\/#organization","name":"Fit360","url":"https:\/\/fit360.ee\/en\/","logo":{"@type":"ImageObject","inLanguage":"en-US","@id":"https:\/\/fit360.ee\/en\/#\/schema\/logo\/image\/","url":"https:\/\/fit360.ee\/wp-content\/uploads\/2017\/01\/logo-fit360.png","contentUrl":"https:\/\/fit360.ee\/wp-content\/uploads\/2017\/01\/logo-fit360.png","width":180,"height":66,"caption":"Fit360"},"image":{"@id":"https:\/\/fit360.ee\/en\/#\/schema\/logo\/image\/"}}]}},"_links":{"self":[{"href":"https:\/\/fit360.ee\/en\/wp-json\/wp\/v2\/product\/39132","targetHints":{"allow":["GET"]}}],"collection":[{"href":"https:\/\/fit360.ee\/en\/wp-json\/wp\/v2\/product"}],"about":[{"href":"https:\/\/fit360.ee\/en\/wp-json\/wp\/v2\/types\/product"}],"replies":[{"embeddable":true,"href":"https:\/\/fit360.ee\/en\/wp-json\/wp\/v2\/comments?post=39132"}],"wp:featuredmedia":[{"embeddable":true,"href":"https:\/\/fit360.ee\/en\/wp-json\/wp\/v2\/media\/73398"}],"wp:attachment":[{"href":"https:\/\/fit360.ee\/en\/wp-json\/wp\/v2\/media?parent=39132"}],"wp:term":[{"taxonomy":"product_brand","embeddable":true,"href":"https:\/\/fit360.ee\/en\/wp-json\/wp\/v2\/product_brand?post=39132"},{"taxonomy":"product_cat","embeddable":true,"href":"https:\/\/fit360.ee\/en\/wp-json\/wp\/v2\/product_cat?post=39132"},{"taxonomy":"product_tag","embeddable":true,"href":"https:\/\/fit360.ee\/en\/wp-json\/wp\/v2\/product_tag?post=39132"},{"taxonomy":"giftcard-category","embeddable":true,"href":"https:\/\/fit360.ee\/en\/wp-json\/wp\/v2\/giftcard-category?post=39132"}],"curies":[{"name":"wp","href":"https:\/\/api.w.org\/{rel}","templated":true}]}}