{"id":39137,"date":"2020-10-23T17:00:25","date_gmt":"2020-10-23T15:00:25","guid":{"rendered":"https:\/\/fit360.ee\/pood\/uncategorized\/on-creatine-634\/"},"modified":"2025-08-13T07:39:38","modified_gmt":"2025-08-13T05:39:38","slug":"on-creatine-634","status":"publish","type":"product","link":"https:\/\/fit360.ee\/en\/pood\/product-groups\/creatine-en\/creatine-monohydrate-en\/on-creatine-634\/","title":{"rendered":"ON Creatine (634g)"},"content":{"rendered":"<h1>ON Creatine &#8211; puhas kreatiinmonoh\u00fcdraat<\/h1>\n<p>ON Creatine on kreatiinmonoh\u00fcdraat, mis on toodetud Optimum Nutritioni poolt.<\/p>\n<p><strong>Kreatiinmonoh\u00fcdraat<\/strong>\u00a0on maailma \u00fcks populaarseimaid toidulisandeid, mis aitab lisada j\u00f5udu, v\u00f5imsust (plahvatuslikku j\u00f5udu) ja lihasmassi. Mitmed teadust\u00f6\u00f6d on n\u00e4idanud, et kreatiin v\u00e4hendab treeningul vajaminevat taastusaega. Kreatiinmonoh\u00fcdraat imendub k\u00f5ige paremini, kui seda tarbida koos s\u00fcsivesikurikka joogiga.<\/p>\n<p><strong>Koostisosad<\/strong>: kreatiinmonoh\u00fcdraat<\/p>\n<p><strong>Suurus<\/strong>: 634g &#8211; 176 serveeringut<\/p>\n<p><strong>Hoiatus<\/strong>: Ei ole ette n\u00e4htud kasutamiseks olemasolevate haigusseisundite v\u00f5i ravimite kasutajate, alla 18-aastaste v\u00f5i rasedate v\u00f5i rinnaga toitvate naiste puhul. Toidulisandeid ei tohi kasutada erineva dieedi asendamiseks. \u00c4rge \u00fcletage soovitatavat \u00f6\u00f6p\u00e4evast annust. Hoida lastele k\u00e4ttesaamatus kohas. Kasutage mitmek\u00fclgse ja tasakaalustatud toitumise ja tervislike eluviiside raamistikus.<\/p>\n<p>Soovid kaupa osta suuremas koguses? Vaata antud toodet ka meie HULGI poest\u00a0<a href=\"https:\/\/toidulisandidhulgi.ee\/product\/on-creatine-634\/\"><strong>SIIT<\/strong><\/a>!<\/p>\n","protected":false},"excerpt":{"rendered":"<h2><strong>Optimum<\/strong> <strong>Creatine:<\/strong><\/h2>\n<ul>\n<li>Suurendab sinu sooritusv\u00f5imet k\u00f5rgintensiivse treeningu ajal<\/li>\n<li>\u00dche serveeringu peale 3.4g puhast kreatiini monoh\u00fcdraati, suurendamaks lihasj\u00f5udu<\/li>\n<li>Seguneb kergelt<\/li>\n<li>Sega veega, mahlaga v\u00f5i valgujoogiga<\/li>\n<li>V\u00f5ib v\u00f5tta igal ajal<\/li>\n<\/ul>\n","protected":false},"featured_media":39136,"comment_status":"open","ping_status":"closed","template":"","meta":[],"product_brand":[],"product_cat":[526,2412,1294],"product_tag":[1779,2086,1806],"giftcard-category":[],"class_list":{"0":"post-39137","1":"product","2":"type-product","3":"status-publish","4":"has-post-thumbnail","6":"product_cat-creatine-en","7":"product_cat-creatine-monohydrate-en","8":"product_cat-optimum-nutrition-en","9":"product_tag-kreatiin-en","10":"product_tag-kreatiinmonohudraat-en","11":"product_tag-optimum-nutrition-en","12":"pa_toidulisand-branddd-optimum","13":"pa_tootegruppp-creatine","14":"pa_tootegruppp-kreatiin-monohudraat-en","16":"first","17":"outofstock","18":"sale","19":"taxable","20":"shipping-taxable","21":"purchasable","22":"product-type-simple"},"yoast_head":"<!-- This site is optimized with the Yoast SEO plugin v27.3 - https:\/\/yoast.com\/product\/yoast-seo-wordpress\/ -->\n<title>ON Creatine (634g) - Kreatiin - Kreatiinmonoh\u00fcdraat - Optimum Nutrition<\/title>\n<meta name=\"description\" content=\"ON Creatine suurendab sinu sooritusv\u00f5imet k\u00f5rgintensiivse treeningu ajal ning soodustab lihasmassi kasvu. Kiire tarne pakiautomaati!\" \/>\n<meta name=\"robots\" content=\"index, follow, max-snippet:-1, max-image-preview:large, max-video-preview:-1\" \/>\n<link rel=\"canonical\" href=\"https:\/\/fit360.ee\/en\/pood\/product-groups\/creatine-en\/creatine-monohydrate-en\/on-creatine-634\/\" \/>\n<meta property=\"og:locale\" content=\"en_US\" \/>\n<meta property=\"og:type\" content=\"article\" \/>\n<meta property=\"og:title\" content=\"ON Creatine (634g) - Kreatiin - Kreatiinmonoh\u00fcdraat - Optimum Nutrition\" \/>\n<meta property=\"og:description\" content=\"ON Creatine suurendab sinu sooritusv\u00f5imet k\u00f5rgintensiivse treeningu ajal ning soodustab lihasmassi kasvu. Kiire tarne pakiautomaati!\" \/>\n<meta property=\"og:url\" content=\"https:\/\/fit360.ee\/en\/pood\/product-groups\/creatine-en\/creatine-monohydrate-en\/on-creatine-634\/\" \/>\n<meta property=\"og:site_name\" content=\"Fit360\" \/>\n<meta property=\"article:modified_time\" content=\"2025-08-13T05:39:38+00:00\" \/>\n<meta property=\"og:image\" content=\"https:\/\/fit360.ee\/wp-content\/uploads\/2020\/10\/optimum-nutrition-creatine-fit360.ee_.jpg\" \/>\n\t<meta property=\"og:image:width\" content=\"500\" \/>\n\t<meta property=\"og:image:height\" content=\"500\" \/>\n\t<meta property=\"og:image:type\" content=\"image\/jpeg\" \/>\n<meta name=\"twitter:card\" content=\"summary_large_image\" \/>\n<meta name=\"twitter:label1\" content=\"Est. reading time\" \/>\n\t<meta name=\"twitter:data1\" content=\"1 minute\" \/>\n<script type=\"application\/ld+json\" class=\"yoast-schema-graph\">{\"@context\":\"https:\\\/\\\/schema.org\",\"@graph\":[{\"@type\":\"WebPage\",\"@id\":\"https:\\\/\\\/fit360.ee\\\/en\\\/pood\\\/product-groups\\\/creatine-en\\\/creatine-monohydrate-en\\\/on-creatine-634\\\/\",\"url\":\"https:\\\/\\\/fit360.ee\\\/en\\\/pood\\\/product-groups\\\/creatine-en\\\/creatine-monohydrate-en\\\/on-creatine-634\\\/\",\"name\":\"ON Creatine (634g) - Kreatiin - Kreatiinmonoh\u00fcdraat - Optimum Nutrition\",\"isPartOf\":{\"@id\":\"https:\\\/\\\/fit360.ee\\\/en\\\/#website\"},\"primaryImageOfPage\":{\"@id\":\"https:\\\/\\\/fit360.ee\\\/en\\\/pood\\\/product-groups\\\/creatine-en\\\/creatine-monohydrate-en\\\/on-creatine-634\\\/#primaryimage\"},\"image\":{\"@id\":\"https:\\\/\\\/fit360.ee\\\/en\\\/pood\\\/product-groups\\\/creatine-en\\\/creatine-monohydrate-en\\\/on-creatine-634\\\/#primaryimage\"},\"thumbnailUrl\":\"https:\\\/\\\/fit360.ee\\\/wp-content\\\/uploads\\\/2020\\\/10\\\/optimum-nutrition-creatine-fit360.ee_.jpg\",\"datePublished\":\"2020-10-23T15:00:25+00:00\",\"dateModified\":\"2025-08-13T05:39:38+00:00\",\"description\":\"ON Creatine suurendab sinu sooritusv\u00f5imet k\u00f5rgintensiivse treeningu ajal ning soodustab lihasmassi kasvu. Kiire tarne pakiautomaati!\",\"breadcrumb\":{\"@id\":\"https:\\\/\\\/fit360.ee\\\/en\\\/pood\\\/product-groups\\\/creatine-en\\\/creatine-monohydrate-en\\\/on-creatine-634\\\/#breadcrumb\"},\"inLanguage\":\"en-US\",\"potentialAction\":[{\"@type\":\"ReadAction\",\"target\":[\"https:\\\/\\\/fit360.ee\\\/en\\\/pood\\\/product-groups\\\/creatine-en\\\/creatine-monohydrate-en\\\/on-creatine-634\\\/\"]}]},{\"@type\":\"ImageObject\",\"inLanguage\":\"en-US\",\"@id\":\"https:\\\/\\\/fit360.ee\\\/en\\\/pood\\\/product-groups\\\/creatine-en\\\/creatine-monohydrate-en\\\/on-creatine-634\\\/#primaryimage\",\"url\":\"https:\\\/\\\/fit360.ee\\\/wp-content\\\/uploads\\\/2020\\\/10\\\/optimum-nutrition-creatine-fit360.ee_.jpg\",\"contentUrl\":\"https:\\\/\\\/fit360.ee\\\/wp-content\\\/uploads\\\/2020\\\/10\\\/optimum-nutrition-creatine-fit360.ee_.jpg\",\"width\":500,\"height\":500,\"caption\":\"optimum nutrition creatine - fit360.ee\"},{\"@type\":\"BreadcrumbList\",\"@id\":\"https:\\\/\\\/fit360.ee\\\/en\\\/pood\\\/product-groups\\\/creatine-en\\\/creatine-monohydrate-en\\\/on-creatine-634\\\/#breadcrumb\",\"itemListElement\":[{\"@type\":\"ListItem\",\"position\":1,\"name\":\"Home\",\"item\":\"https:\\\/\\\/fit360.ee\\\/en\\\/\"},{\"@type\":\"ListItem\",\"position\":2,\"name\":\"Shop\",\"item\":\"https:\\\/\\\/fit360.ee\\\/en\\\/shop\\\/\"},{\"@type\":\"ListItem\",\"position\":3,\"name\":\"ON Creatine (634g)\"}]},{\"@type\":\"WebSite\",\"@id\":\"https:\\\/\\\/fit360.ee\\\/en\\\/#website\",\"url\":\"https:\\\/\\\/fit360.ee\\\/en\\\/\",\"name\":\"Fit360\",\"description\":\"\",\"publisher\":{\"@id\":\"https:\\\/\\\/fit360.ee\\\/en\\\/#organization\"},\"potentialAction\":[{\"@type\":\"SearchAction\",\"target\":{\"@type\":\"EntryPoint\",\"urlTemplate\":\"https:\\\/\\\/fit360.ee\\\/en\\\/?s={search_term_string}\"},\"query-input\":{\"@type\":\"PropertyValueSpecification\",\"valueRequired\":true,\"valueName\":\"search_term_string\"}}],\"inLanguage\":\"en-US\"},{\"@type\":\"Organization\",\"@id\":\"https:\\\/\\\/fit360.ee\\\/en\\\/#organization\",\"name\":\"Fit360\",\"url\":\"https:\\\/\\\/fit360.ee\\\/en\\\/\",\"logo\":{\"@type\":\"ImageObject\",\"inLanguage\":\"en-US\",\"@id\":\"https:\\\/\\\/fit360.ee\\\/en\\\/#\\\/schema\\\/logo\\\/image\\\/\",\"url\":\"https:\\\/\\\/fit360.ee\\\/wp-content\\\/uploads\\\/2017\\\/01\\\/logo-fit360.png\",\"contentUrl\":\"https:\\\/\\\/fit360.ee\\\/wp-content\\\/uploads\\\/2017\\\/01\\\/logo-fit360.png\",\"width\":180,\"height\":66,\"caption\":\"Fit360\"},\"image\":{\"@id\":\"https:\\\/\\\/fit360.ee\\\/en\\\/#\\\/schema\\\/logo\\\/image\\\/\"}}]}<\/script>\n<!-- \/ Yoast SEO plugin. -->","yoast_head_json":{"title":"ON Creatine (634g) - Kreatiin - Kreatiinmonoh\u00fcdraat - Optimum Nutrition","description":"ON Creatine suurendab sinu sooritusv\u00f5imet k\u00f5rgintensiivse treeningu ajal ning soodustab lihasmassi kasvu. Kiire tarne pakiautomaati!","robots":{"index":"index","follow":"follow","max-snippet":"max-snippet:-1","max-image-preview":"max-image-preview:large","max-video-preview":"max-video-preview:-1"},"canonical":"https:\/\/fit360.ee\/en\/pood\/product-groups\/creatine-en\/creatine-monohydrate-en\/on-creatine-634\/","og_locale":"en_US","og_type":"article","og_title":"ON Creatine (634g) - Kreatiin - Kreatiinmonoh\u00fcdraat - Optimum Nutrition","og_description":"ON Creatine suurendab sinu sooritusv\u00f5imet k\u00f5rgintensiivse treeningu ajal ning soodustab lihasmassi kasvu. Kiire tarne pakiautomaati!","og_url":"https:\/\/fit360.ee\/en\/pood\/product-groups\/creatine-en\/creatine-monohydrate-en\/on-creatine-634\/","og_site_name":"Fit360","article_modified_time":"2025-08-13T05:39:38+00:00","og_image":[{"width":500,"height":500,"url":"https:\/\/fit360.ee\/wp-content\/uploads\/2020\/10\/optimum-nutrition-creatine-fit360.ee_.jpg","type":"image\/jpeg"}],"twitter_card":"summary_large_image","twitter_misc":{"Est. reading time":"1 minute"},"schema":{"@context":"https:\/\/schema.org","@graph":[{"@type":"WebPage","@id":"https:\/\/fit360.ee\/en\/pood\/product-groups\/creatine-en\/creatine-monohydrate-en\/on-creatine-634\/","url":"https:\/\/fit360.ee\/en\/pood\/product-groups\/creatine-en\/creatine-monohydrate-en\/on-creatine-634\/","name":"ON Creatine (634g) - Kreatiin - Kreatiinmonoh\u00fcdraat - Optimum Nutrition","isPartOf":{"@id":"https:\/\/fit360.ee\/en\/#website"},"primaryImageOfPage":{"@id":"https:\/\/fit360.ee\/en\/pood\/product-groups\/creatine-en\/creatine-monohydrate-en\/on-creatine-634\/#primaryimage"},"image":{"@id":"https:\/\/fit360.ee\/en\/pood\/product-groups\/creatine-en\/creatine-monohydrate-en\/on-creatine-634\/#primaryimage"},"thumbnailUrl":"https:\/\/fit360.ee\/wp-content\/uploads\/2020\/10\/optimum-nutrition-creatine-fit360.ee_.jpg","datePublished":"2020-10-23T15:00:25+00:00","dateModified":"2025-08-13T05:39:38+00:00","description":"ON Creatine suurendab sinu sooritusv\u00f5imet k\u00f5rgintensiivse treeningu ajal ning soodustab lihasmassi kasvu. Kiire tarne pakiautomaati!","breadcrumb":{"@id":"https:\/\/fit360.ee\/en\/pood\/product-groups\/creatine-en\/creatine-monohydrate-en\/on-creatine-634\/#breadcrumb"},"inLanguage":"en-US","potentialAction":[{"@type":"ReadAction","target":["https:\/\/fit360.ee\/en\/pood\/product-groups\/creatine-en\/creatine-monohydrate-en\/on-creatine-634\/"]}]},{"@type":"ImageObject","inLanguage":"en-US","@id":"https:\/\/fit360.ee\/en\/pood\/product-groups\/creatine-en\/creatine-monohydrate-en\/on-creatine-634\/#primaryimage","url":"https:\/\/fit360.ee\/wp-content\/uploads\/2020\/10\/optimum-nutrition-creatine-fit360.ee_.jpg","contentUrl":"https:\/\/fit360.ee\/wp-content\/uploads\/2020\/10\/optimum-nutrition-creatine-fit360.ee_.jpg","width":500,"height":500,"caption":"optimum nutrition creatine - fit360.ee"},{"@type":"BreadcrumbList","@id":"https:\/\/fit360.ee\/en\/pood\/product-groups\/creatine-en\/creatine-monohydrate-en\/on-creatine-634\/#breadcrumb","itemListElement":[{"@type":"ListItem","position":1,"name":"Home","item":"https:\/\/fit360.ee\/en\/"},{"@type":"ListItem","position":2,"name":"Shop","item":"https:\/\/fit360.ee\/en\/shop\/"},{"@type":"ListItem","position":3,"name":"ON Creatine (634g)"}]},{"@type":"WebSite","@id":"https:\/\/fit360.ee\/en\/#website","url":"https:\/\/fit360.ee\/en\/","name":"Fit360","description":"","publisher":{"@id":"https:\/\/fit360.ee\/en\/#organization"},"potentialAction":[{"@type":"SearchAction","target":{"@type":"EntryPoint","urlTemplate":"https:\/\/fit360.ee\/en\/?s={search_term_string}"},"query-input":{"@type":"PropertyValueSpecification","valueRequired":true,"valueName":"search_term_string"}}],"inLanguage":"en-US"},{"@type":"Organization","@id":"https:\/\/fit360.ee\/en\/#organization","name":"Fit360","url":"https:\/\/fit360.ee\/en\/","logo":{"@type":"ImageObject","inLanguage":"en-US","@id":"https:\/\/fit360.ee\/en\/#\/schema\/logo\/image\/","url":"https:\/\/fit360.ee\/wp-content\/uploads\/2017\/01\/logo-fit360.png","contentUrl":"https:\/\/fit360.ee\/wp-content\/uploads\/2017\/01\/logo-fit360.png","width":180,"height":66,"caption":"Fit360"},"image":{"@id":"https:\/\/fit360.ee\/en\/#\/schema\/logo\/image\/"}}]}},"_links":{"self":[{"href":"https:\/\/fit360.ee\/en\/wp-json\/wp\/v2\/product\/39137","targetHints":{"allow":["GET"]}}],"collection":[{"href":"https:\/\/fit360.ee\/en\/wp-json\/wp\/v2\/product"}],"about":[{"href":"https:\/\/fit360.ee\/en\/wp-json\/wp\/v2\/types\/product"}],"replies":[{"embeddable":true,"href":"https:\/\/fit360.ee\/en\/wp-json\/wp\/v2\/comments?post=39137"}],"wp:featuredmedia":[{"embeddable":true,"href":"https:\/\/fit360.ee\/en\/wp-json\/wp\/v2\/media\/39136"}],"wp:attachment":[{"href":"https:\/\/fit360.ee\/en\/wp-json\/wp\/v2\/media?parent=39137"}],"wp:term":[{"taxonomy":"product_brand","embeddable":true,"href":"https:\/\/fit360.ee\/en\/wp-json\/wp\/v2\/product_brand?post=39137"},{"taxonomy":"product_cat","embeddable":true,"href":"https:\/\/fit360.ee\/en\/wp-json\/wp\/v2\/product_cat?post=39137"},{"taxonomy":"product_tag","embeddable":true,"href":"https:\/\/fit360.ee\/en\/wp-json\/wp\/v2\/product_tag?post=39137"},{"taxonomy":"giftcard-category","embeddable":true,"href":"https:\/\/fit360.ee\/en\/wp-json\/wp\/v2\/giftcard-category?post=39137"}],"curies":[{"name":"wp","href":"https:\/\/api.w.org\/{rel}","templated":true}]}}