{"id":39256,"date":"2020-10-30T20:06:56","date_gmt":"2020-10-30T18:06:56","guid":{"rendered":"https:\/\/fit360.ee\/pood\/uncategorized\/cla-100geelkapslit\/"},"modified":"2026-04-11T10:42:25","modified_gmt":"2026-04-11T08:42:25","slug":"cla-100geelkapslit","status":"publish","type":"product","link":"https:\/\/fit360.ee\/en\/pood\/product-groups\/superfoods-health-foods-en\/cla-conjugated-linoleic-acid-en\/cla-100geelkapslit\/","title":{"rendered":"Evolite CLA (100 gelcaps)"},"content":{"rendered":"<h2><strong>CLA ehk Konjugeeritud linoolhape<\/strong><\/h2>\n<p><strong>CLA<\/strong> ehk konjugeeritud linoolhape &#8211; toidulisand kaalulangetajatele ja treenivatele inimestele. Toeta tervislikku kehakaalu kontsentreeritud linoolhappe preparaadiga! Kui seda tarvitada paralleelselt tervisliku toitumise ja treeningprogrammiga, v\u00f5ib see aidata alandada keha rasvaprotsenti ning luua trimmis ja sportilikuma v\u00e4limuse. Kontsentreeritud linoolhape on saadud looduslikust v\u00e4rvohaka\u00f5list, mis on Omega-6 rasvhapete allikas. Aitab kaasa ka immuuns\u00fcsteemi tervise s\u00e4ilitamisele ning \u00fcle\u00fcldisele paremale enesetundele.<\/p>\n<p class=\"cm__text\"><strong>CLA<\/strong>\u00a0\u2013 konjugeeritud linoolhape \u2013 loomset p\u00e4ritolu k\u00fcllastumata rasvhape, mille ahelas on 18 s\u00fcsinikuaatomit ja kaks konjugeeritud kaksiksidet. See erineb linoolhappest selle poolest, et selle kaksiksidemed on eraldatud ainult \u00fche \u00fcksiksidemega, mis on looduses harva esinev omadus.\u00a0<strong>CLA-hapet<\/strong>\u00a0tuleb organismi varustada v\u00e4ljastpoolt, sest organism ei ole suuteline looduslikult koostisainet s\u00fcnteesima \u2013 \u00fchendit saab organismi varustada muuhulgas toiduga. piima ja piimatoodetega, liha ja munadega, samuti toidulisandite kujul.<\/p>\n<p><strong>CLA<\/strong>\u00a0ehk Konjugeeritud linoolhape \u2013 toidulisand kaalulangetajatele ja treenivatele inimestele. Toeta tervislikku kehakaalu kontsentreeritud linoolhappe preparaadiga! Kui seda tarvitada paralleelselt tervisliku toitumise ja treeningprogrammiga, v\u00f5ib see aidata alandada keha rasvaprotsenti ning luua trimmis ja sportilikuma v\u00e4limuse. Kontsentreeritud linoolhape on saadud looduslikust v\u00e4rvohaka\u00f5list, mis on Omega-6 rasvhapete allikas. Aitab kaasa ka immuuns\u00fcsteemi tervise s\u00e4ilitamisele ning \u00fcle\u00fcldisele paremale enesetundele.<\/p>\n<p><strong>Konjugeeritud linoolhapet<\/strong>\u00a0on 28 erinevat vormi. Nende vormide erinevus seisneb selles, et nende kaksiksidemed on paigutatud mitmel viisil.\u00a0<strong>CLA<\/strong>\u00a0on p\u00f5hiliselt pol\u00fck\u00fcllastumata\u00a0<a href=\"https:\/\/fit360.ee\/en\/product-category\/product-groups\/essential-fats-en\/omega-3-6-9-en\/\">Omega-6<\/a>-rasvhapete t\u00fc\u00fcp. Teisis\u00f5nu, see on tehniliselt transrasv, kuid loomulik transrasv, mis esineb paljudes tervislikes toitudes. Seda on leitud taimsetes \u00f5lides, piimatooteedetes ja rohuga toidetud lihas, n\u00e4iteks veiselihas. Katsed on n\u00e4idanud, et sellel on toidulisandil on m\u00f5ju keharasva kaotamisele, suurenenud lihasmassile ja immuuns\u00fcsteemile.<\/p>\n<p>CLA kohta tehtud uuringud on kinnitanud j\u00e4rgmist: aitab kasvatada lihaseid, toimib\u00a0<a href=\"https:\/\/fit360.ee\/en\/product-category\/product-groups\/fat-burners-en\/\"><strong>rasvap\u00f5letajana<\/strong><\/a>\u00a0ning loob optimaalse rakukeskkonna, mis on hea tervise eelduseks.<\/p>\n<p>\u00dcks enim uuritud\u00a0<strong>CLA<\/strong>\u00a0eeliseid on selle potentsiaal toimida rasvap\u00f5letajana. Kuigi loomkatsetes v\u00f5ib olla t\u00f5endeid selle kohta, et CLA parandab rasva kadu, ei ole seda nii palju testitud inimeste peal. \u00dclevaates, milles v\u00f5rreldi erinevaid CLA-toidulisandite strateegiaid, j\u00f5uti j\u00e4reldusele, et 3g v\u00f5ib p\u00f5hjustada m\u00f5\u00f5<\/p>\n<p><strong>Koostisosad<\/strong>: konjugeeritud linoolhape (CLA), \u017eelatiin, vesi, niisutav aine: e422.<\/p>\n<p><strong>Kasutamine<\/strong>: 3 kapslit p\u00e4evas koos s\u00f6\u00f6gikordadega<\/p>\n<p><strong>Suurus<\/strong>: 100 geelkapslit<\/p>\n<table>\n<tbody>\n<tr>\n<td width=\"220\"><strong>Anal\u00fc\u00fcs<\/strong><\/td>\n<td width=\"206\"><strong>1 kapsel<\/strong><\/td>\n<\/tr>\n<tr>\n<td width=\"220\"><strong>CLA &#8211; <\/strong>konjugeeritud linoolhape<\/td>\n<td width=\"206\"><strong>780mg<\/strong><\/td>\n<\/tr>\n<\/tbody>\n<\/table>\n<p>Vaata ka meie teisi Rasvap\u00f5letajaid <a href=\"https:\/\/fit360.ee\/en\/product-category\/product-groups\/fat-burners-en\/\"><strong>SIIT<\/strong><\/a> v\u00f5i CLA tooteid <a href=\"https:\/\/fit360.ee\/en\/product-category\/product-groups\/superfoods-health-foods-en\/cla-conjugated-linoleic-acid-en\/\"><strong>SIIT<\/strong><\/a>!<\/p>\n<p>Soovid teha suuremat tellimust? Vaata antud toodet meie HULGI lehelt\u00a0<a href=\"https:\/\/toidulisandidhulgi.ee\/product\/cla-100geelkapslit\/\"><strong>SIIT<\/strong><\/a>!<\/p>\n","protected":false},"excerpt":{"rendered":"<ul>\n<li>Aitab s\u00e4ilitada lihasmassi<\/li>\n<li>T\u00f5hus rasvap\u00f5letaja<\/li>\n<li>V\u00f5ib v\u00f5tta aastaringselt ilma puhkeperioodideta<\/li>\n<\/ul>\n<p>&nbsp;<\/p>\n","protected":false},"featured_media":85359,"comment_status":"open","ping_status":"closed","template":"","meta":[],"product_brand":[],"product_cat":[2367,525,1618,530,1454],"product_tag":[2102,1773,2103],"giftcard-category":[],"class_list":{"0":"post-39256","1":"product","2":"type-product","3":"status-publish","4":"has-post-thumbnail","6":"product_cat-cla-conjugated-linoleic-acid-en","7":"product_cat-essential-fats-en","8":"product_cat-evolite-en","9":"product_cat-fat-burners-en","10":"product_cat-superfoods-health-foods-en","11":"product_tag-cla-en","12":"product_tag-evolite-en","13":"product_tag-konjugeeritud-linoolhape-en","14":"pa_toidulisand-branddd-evolite","15":"pa_tootegruppp-cla-konjugeeritud-linoolhape-en","16":"pa_tootegruppp-supertoit-tervisetoit-en","17":"pa_tootegruppp-useful-fatty-acids","18":"pa_tootegruppp-weight-loss","20":"first","21":"instock","22":"sale","23":"taxable","24":"shipping-taxable","25":"purchasable","26":"product-type-simple"},"yoast_head":"<!-- This site is optimized with the Yoast SEO plugin v27.3 - https:\/\/yoast.com\/product\/yoast-seo-wordpress\/ -->\n<title>CLA Evolite (100 geelkapslit) - Omega 6 - konjugeeritud linoolhape - Fit360<\/title>\n<meta name=\"description\" content=\"CLA on looduslik koostisosa.. CLA aitab p\u00f5letada rasva ning s\u00e4ilitada lihasmassi. Aitab kaasa ka immuuns\u00fcsteemi tugevdamisele.\" \/>\n<meta name=\"robots\" content=\"index, follow, max-snippet:-1, max-image-preview:large, max-video-preview:-1\" \/>\n<link rel=\"canonical\" href=\"https:\/\/fit360.ee\/en\/pood\/product-groups\/superfoods-health-foods-en\/cla-conjugated-linoleic-acid-en\/cla-100geelkapslit\/\" \/>\n<meta property=\"og:locale\" content=\"en_US\" \/>\n<meta property=\"og:type\" content=\"article\" \/>\n<meta property=\"og:title\" content=\"CLA Evolite (100 geelkapslit) - Omega 6 - konjugeeritud linoolhape - Fit360\" \/>\n<meta property=\"og:description\" content=\"CLA on looduslik koostisosa.. CLA aitab p\u00f5letada rasva ning s\u00e4ilitada lihasmassi. Aitab kaasa ka immuuns\u00fcsteemi tugevdamisele.\" \/>\n<meta property=\"og:url\" content=\"https:\/\/fit360.ee\/en\/pood\/product-groups\/superfoods-health-foods-en\/cla-conjugated-linoleic-acid-en\/cla-100geelkapslit\/\" \/>\n<meta property=\"og:site_name\" content=\"Fit360\" \/>\n<meta property=\"article:modified_time\" content=\"2026-04-11T08:42:25+00:00\" \/>\n<meta property=\"og:image\" content=\"https:\/\/fit360.ee\/wp-content\/uploads\/2020\/10\/evolite-CLA-fit360.ee_.jpg\" \/>\n\t<meta property=\"og:image:width\" content=\"1100\" \/>\n\t<meta property=\"og:image:height\" content=\"1422\" \/>\n\t<meta property=\"og:image:type\" content=\"image\/jpeg\" \/>\n<meta name=\"twitter:card\" content=\"summary_large_image\" \/>\n<meta name=\"twitter:label1\" content=\"Est. reading time\" \/>\n\t<meta name=\"twitter:data1\" content=\"2 minutes\" \/>\n<script type=\"application\/ld+json\" class=\"yoast-schema-graph\">{\"@context\":\"https:\\\/\\\/schema.org\",\"@graph\":[{\"@type\":\"WebPage\",\"@id\":\"https:\\\/\\\/fit360.ee\\\/en\\\/pood\\\/product-groups\\\/superfoods-health-foods-en\\\/cla-conjugated-linoleic-acid-en\\\/cla-100geelkapslit\\\/\",\"url\":\"https:\\\/\\\/fit360.ee\\\/en\\\/pood\\\/product-groups\\\/superfoods-health-foods-en\\\/cla-conjugated-linoleic-acid-en\\\/cla-100geelkapslit\\\/\",\"name\":\"CLA Evolite (100 geelkapslit) - Omega 6 - konjugeeritud linoolhape - Fit360\",\"isPartOf\":{\"@id\":\"https:\\\/\\\/fit360.ee\\\/en\\\/#website\"},\"primaryImageOfPage\":{\"@id\":\"https:\\\/\\\/fit360.ee\\\/en\\\/pood\\\/product-groups\\\/superfoods-health-foods-en\\\/cla-conjugated-linoleic-acid-en\\\/cla-100geelkapslit\\\/#primaryimage\"},\"image\":{\"@id\":\"https:\\\/\\\/fit360.ee\\\/en\\\/pood\\\/product-groups\\\/superfoods-health-foods-en\\\/cla-conjugated-linoleic-acid-en\\\/cla-100geelkapslit\\\/#primaryimage\"},\"thumbnailUrl\":\"https:\\\/\\\/fit360.ee\\\/wp-content\\\/uploads\\\/2020\\\/10\\\/evolite-CLA-fit360.ee_.jpg\",\"datePublished\":\"2020-10-30T18:06:56+00:00\",\"dateModified\":\"2026-04-11T08:42:25+00:00\",\"description\":\"CLA on looduslik koostisosa.. CLA aitab p\u00f5letada rasva ning s\u00e4ilitada lihasmassi. Aitab kaasa ka immuuns\u00fcsteemi tugevdamisele.\",\"breadcrumb\":{\"@id\":\"https:\\\/\\\/fit360.ee\\\/en\\\/pood\\\/product-groups\\\/superfoods-health-foods-en\\\/cla-conjugated-linoleic-acid-en\\\/cla-100geelkapslit\\\/#breadcrumb\"},\"inLanguage\":\"en-US\",\"potentialAction\":[{\"@type\":\"ReadAction\",\"target\":[\"https:\\\/\\\/fit360.ee\\\/en\\\/pood\\\/product-groups\\\/superfoods-health-foods-en\\\/cla-conjugated-linoleic-acid-en\\\/cla-100geelkapslit\\\/\"]}]},{\"@type\":\"ImageObject\",\"inLanguage\":\"en-US\",\"@id\":\"https:\\\/\\\/fit360.ee\\\/en\\\/pood\\\/product-groups\\\/superfoods-health-foods-en\\\/cla-conjugated-linoleic-acid-en\\\/cla-100geelkapslit\\\/#primaryimage\",\"url\":\"https:\\\/\\\/fit360.ee\\\/wp-content\\\/uploads\\\/2020\\\/10\\\/evolite-CLA-fit360.ee_.jpg\",\"contentUrl\":\"https:\\\/\\\/fit360.ee\\\/wp-content\\\/uploads\\\/2020\\\/10\\\/evolite-CLA-fit360.ee_.jpg\",\"width\":1100,\"height\":1422,\"caption\":\"evolite CLA - fit360.ee\"},{\"@type\":\"BreadcrumbList\",\"@id\":\"https:\\\/\\\/fit360.ee\\\/en\\\/pood\\\/product-groups\\\/superfoods-health-foods-en\\\/cla-conjugated-linoleic-acid-en\\\/cla-100geelkapslit\\\/#breadcrumb\",\"itemListElement\":[{\"@type\":\"ListItem\",\"position\":1,\"name\":\"Home\",\"item\":\"https:\\\/\\\/fit360.ee\\\/en\\\/\"},{\"@type\":\"ListItem\",\"position\":2,\"name\":\"Shop\",\"item\":\"https:\\\/\\\/fit360.ee\\\/en\\\/shop\\\/\"},{\"@type\":\"ListItem\",\"position\":3,\"name\":\"Evolite CLA (100 gelcaps)\"}]},{\"@type\":\"WebSite\",\"@id\":\"https:\\\/\\\/fit360.ee\\\/en\\\/#website\",\"url\":\"https:\\\/\\\/fit360.ee\\\/en\\\/\",\"name\":\"Fit360\",\"description\":\"\",\"publisher\":{\"@id\":\"https:\\\/\\\/fit360.ee\\\/en\\\/#organization\"},\"potentialAction\":[{\"@type\":\"SearchAction\",\"target\":{\"@type\":\"EntryPoint\",\"urlTemplate\":\"https:\\\/\\\/fit360.ee\\\/en\\\/?s={search_term_string}\"},\"query-input\":{\"@type\":\"PropertyValueSpecification\",\"valueRequired\":true,\"valueName\":\"search_term_string\"}}],\"inLanguage\":\"en-US\"},{\"@type\":\"Organization\",\"@id\":\"https:\\\/\\\/fit360.ee\\\/en\\\/#organization\",\"name\":\"Fit360\",\"url\":\"https:\\\/\\\/fit360.ee\\\/en\\\/\",\"logo\":{\"@type\":\"ImageObject\",\"inLanguage\":\"en-US\",\"@id\":\"https:\\\/\\\/fit360.ee\\\/en\\\/#\\\/schema\\\/logo\\\/image\\\/\",\"url\":\"https:\\\/\\\/fit360.ee\\\/wp-content\\\/uploads\\\/2017\\\/01\\\/logo-fit360.png\",\"contentUrl\":\"https:\\\/\\\/fit360.ee\\\/wp-content\\\/uploads\\\/2017\\\/01\\\/logo-fit360.png\",\"width\":180,\"height\":66,\"caption\":\"Fit360\"},\"image\":{\"@id\":\"https:\\\/\\\/fit360.ee\\\/en\\\/#\\\/schema\\\/logo\\\/image\\\/\"}}]}<\/script>\n<!-- \/ Yoast SEO plugin. -->","yoast_head_json":{"title":"CLA Evolite (100 geelkapslit) - Omega 6 - konjugeeritud linoolhape - Fit360","description":"CLA on looduslik koostisosa.. CLA aitab p\u00f5letada rasva ning s\u00e4ilitada lihasmassi. Aitab kaasa ka immuuns\u00fcsteemi tugevdamisele.","robots":{"index":"index","follow":"follow","max-snippet":"max-snippet:-1","max-image-preview":"max-image-preview:large","max-video-preview":"max-video-preview:-1"},"canonical":"https:\/\/fit360.ee\/en\/pood\/product-groups\/superfoods-health-foods-en\/cla-conjugated-linoleic-acid-en\/cla-100geelkapslit\/","og_locale":"en_US","og_type":"article","og_title":"CLA Evolite (100 geelkapslit) - Omega 6 - konjugeeritud linoolhape - Fit360","og_description":"CLA on looduslik koostisosa.. CLA aitab p\u00f5letada rasva ning s\u00e4ilitada lihasmassi. Aitab kaasa ka immuuns\u00fcsteemi tugevdamisele.","og_url":"https:\/\/fit360.ee\/en\/pood\/product-groups\/superfoods-health-foods-en\/cla-conjugated-linoleic-acid-en\/cla-100geelkapslit\/","og_site_name":"Fit360","article_modified_time":"2026-04-11T08:42:25+00:00","og_image":[{"width":1100,"height":1422,"url":"https:\/\/fit360.ee\/wp-content\/uploads\/2020\/10\/evolite-CLA-fit360.ee_.jpg","type":"image\/jpeg"}],"twitter_card":"summary_large_image","twitter_misc":{"Est. reading time":"2 minutes"},"schema":{"@context":"https:\/\/schema.org","@graph":[{"@type":"WebPage","@id":"https:\/\/fit360.ee\/en\/pood\/product-groups\/superfoods-health-foods-en\/cla-conjugated-linoleic-acid-en\/cla-100geelkapslit\/","url":"https:\/\/fit360.ee\/en\/pood\/product-groups\/superfoods-health-foods-en\/cla-conjugated-linoleic-acid-en\/cla-100geelkapslit\/","name":"CLA Evolite (100 geelkapslit) - Omega 6 - konjugeeritud linoolhape - Fit360","isPartOf":{"@id":"https:\/\/fit360.ee\/en\/#website"},"primaryImageOfPage":{"@id":"https:\/\/fit360.ee\/en\/pood\/product-groups\/superfoods-health-foods-en\/cla-conjugated-linoleic-acid-en\/cla-100geelkapslit\/#primaryimage"},"image":{"@id":"https:\/\/fit360.ee\/en\/pood\/product-groups\/superfoods-health-foods-en\/cla-conjugated-linoleic-acid-en\/cla-100geelkapslit\/#primaryimage"},"thumbnailUrl":"https:\/\/fit360.ee\/wp-content\/uploads\/2020\/10\/evolite-CLA-fit360.ee_.jpg","datePublished":"2020-10-30T18:06:56+00:00","dateModified":"2026-04-11T08:42:25+00:00","description":"CLA on looduslik koostisosa.. CLA aitab p\u00f5letada rasva ning s\u00e4ilitada lihasmassi. Aitab kaasa ka immuuns\u00fcsteemi tugevdamisele.","breadcrumb":{"@id":"https:\/\/fit360.ee\/en\/pood\/product-groups\/superfoods-health-foods-en\/cla-conjugated-linoleic-acid-en\/cla-100geelkapslit\/#breadcrumb"},"inLanguage":"en-US","potentialAction":[{"@type":"ReadAction","target":["https:\/\/fit360.ee\/en\/pood\/product-groups\/superfoods-health-foods-en\/cla-conjugated-linoleic-acid-en\/cla-100geelkapslit\/"]}]},{"@type":"ImageObject","inLanguage":"en-US","@id":"https:\/\/fit360.ee\/en\/pood\/product-groups\/superfoods-health-foods-en\/cla-conjugated-linoleic-acid-en\/cla-100geelkapslit\/#primaryimage","url":"https:\/\/fit360.ee\/wp-content\/uploads\/2020\/10\/evolite-CLA-fit360.ee_.jpg","contentUrl":"https:\/\/fit360.ee\/wp-content\/uploads\/2020\/10\/evolite-CLA-fit360.ee_.jpg","width":1100,"height":1422,"caption":"evolite CLA - fit360.ee"},{"@type":"BreadcrumbList","@id":"https:\/\/fit360.ee\/en\/pood\/product-groups\/superfoods-health-foods-en\/cla-conjugated-linoleic-acid-en\/cla-100geelkapslit\/#breadcrumb","itemListElement":[{"@type":"ListItem","position":1,"name":"Home","item":"https:\/\/fit360.ee\/en\/"},{"@type":"ListItem","position":2,"name":"Shop","item":"https:\/\/fit360.ee\/en\/shop\/"},{"@type":"ListItem","position":3,"name":"Evolite CLA (100 gelcaps)"}]},{"@type":"WebSite","@id":"https:\/\/fit360.ee\/en\/#website","url":"https:\/\/fit360.ee\/en\/","name":"Fit360","description":"","publisher":{"@id":"https:\/\/fit360.ee\/en\/#organization"},"potentialAction":[{"@type":"SearchAction","target":{"@type":"EntryPoint","urlTemplate":"https:\/\/fit360.ee\/en\/?s={search_term_string}"},"query-input":{"@type":"PropertyValueSpecification","valueRequired":true,"valueName":"search_term_string"}}],"inLanguage":"en-US"},{"@type":"Organization","@id":"https:\/\/fit360.ee\/en\/#organization","name":"Fit360","url":"https:\/\/fit360.ee\/en\/","logo":{"@type":"ImageObject","inLanguage":"en-US","@id":"https:\/\/fit360.ee\/en\/#\/schema\/logo\/image\/","url":"https:\/\/fit360.ee\/wp-content\/uploads\/2017\/01\/logo-fit360.png","contentUrl":"https:\/\/fit360.ee\/wp-content\/uploads\/2017\/01\/logo-fit360.png","width":180,"height":66,"caption":"Fit360"},"image":{"@id":"https:\/\/fit360.ee\/en\/#\/schema\/logo\/image\/"}}]}},"_links":{"self":[{"href":"https:\/\/fit360.ee\/en\/wp-json\/wp\/v2\/product\/39256","targetHints":{"allow":["GET"]}}],"collection":[{"href":"https:\/\/fit360.ee\/en\/wp-json\/wp\/v2\/product"}],"about":[{"href":"https:\/\/fit360.ee\/en\/wp-json\/wp\/v2\/types\/product"}],"replies":[{"embeddable":true,"href":"https:\/\/fit360.ee\/en\/wp-json\/wp\/v2\/comments?post=39256"}],"wp:featuredmedia":[{"embeddable":true,"href":"https:\/\/fit360.ee\/en\/wp-json\/wp\/v2\/media\/85359"}],"wp:attachment":[{"href":"https:\/\/fit360.ee\/en\/wp-json\/wp\/v2\/media?parent=39256"}],"wp:term":[{"taxonomy":"product_brand","embeddable":true,"href":"https:\/\/fit360.ee\/en\/wp-json\/wp\/v2\/product_brand?post=39256"},{"taxonomy":"product_cat","embeddable":true,"href":"https:\/\/fit360.ee\/en\/wp-json\/wp\/v2\/product_cat?post=39256"},{"taxonomy":"product_tag","embeddable":true,"href":"https:\/\/fit360.ee\/en\/wp-json\/wp\/v2\/product_tag?post=39256"},{"taxonomy":"giftcard-category","embeddable":true,"href":"https:\/\/fit360.ee\/en\/wp-json\/wp\/v2\/giftcard-category?post=39256"}],"curies":[{"name":"wp","href":"https:\/\/api.w.org\/{rel}","templated":true}]}}