{"id":39267,"date":"2020-10-31T11:49:01","date_gmt":"2020-10-31T09:49:01","guid":{"rendered":"https:\/\/fit360.ee\/pood\/uncategorized\/evolite-bcaa-kapslid\/"},"modified":"2025-08-13T07:39:44","modified_gmt":"2025-08-13T05:39:44","slug":"evolite-bcaa-kapslid","status":"publish","type":"product","link":"https:\/\/fit360.ee\/en\/pood\/product-groups\/amino-acids-bcaa\/bcaa-en\/evolite-bcaa-kapslid\/","title":{"rendered":"Evolite BCAA Mega Caps (60caps)"},"content":{"rendered":"<h2><strong>EVOLITE BCAA KAPSLID<\/strong><\/h2>\n<p><strong>EVOLITE BCAA kapslid<\/strong>\u00a0on m\u00e4rkimisv\u00e4\u00e4rselt kvaliteetsem, kui enamus v\u00e4lismaiseid konkurente, sisaldades 100g toote kohta rohkem BCAA\u2019d. Mitmetes konkureerivates toodetes on kulude kokkuhoiuks lisatud palju ebavajalikku seega v\u00f5rdle ka BCAA reaalset sisaldust toote 100g kohta.<\/p>\n<p>BCAA kaitseb dieedi ajal lihasmassi, et kaalulangus toimuks rasva ja mitte lihaste arvelt. \u00a0Treeningul tunnevad enamus treenijaid BCAA m\u00f5ju eriti trenni l\u00f5pupoole, kus lihased ei v\u00e4si nii \u00e4ra v\u00f5rreldes ilma BCAA kasutamiseta.<\/p>\n<p><strong>Evolite \u2013 BCAA 2:1:1 \u2013<\/strong>\u00a0 Kvaliteetne hargnenud ahelaga aminohapete kompleks, milles on konkureerivatest toodetest k\u00f5rgem aminohapete sisaldus.<\/p>\n<p>BCAA hargnenud ahelaga aminohapetesse kuuluvad L-Leutsiin (2 osa), L-Isoleutsiin (1 osa) ja L-Valiin (1 osa). Tegemist on asendamatute aminohapetega, mida organism ise ei tooda ning neid tuleb omandada toidust. EVOLITE BCAA 2:1:1 on parim ja puhtaim kontsentreeritud aminohapete allikas.<\/p>\n<p>BCAA aminohapped kuuluvad asendamatute aminohapete hulka. S.t. et organism ei ole neid v\u00f5imeline ise s\u00fcnteesima ning normaalseks kasvuks ja arenguks peab neid \u00fcliolulisi aminohappeid kindlasti toiduga saama. BCAA aminohapete kasulik m\u00f5ju sportlike tulemuste parandamisel on teaduslikult t\u00f5estatud: Raske treening kutsub esile valgus\u00fcnteesi(lihaskasvu) pidurdumist ja lihaste katabolismi(lagunemist) .<\/p>\n<p>Leutsiin on nii valgus\u00fcnteesi k\u00e4ivitaja kui ka ehitusmaterjal lihastele(Rennie et al. 2006). K\u00fcllaldase treeninguaegse BCAAdega varustatuse korral on organism v\u00f5imeline s\u00e4ilitama soodsamat anaboolsete hormoonide suhet, mille tulemusena v\u00f5imendub ka treeningefekt (Kraemer 1988). BCAA treeningueelne manustamine v\u00e4ldib testosterooni(\u00fcks p\u00f5hilisi lihaskasvu p\u00f5hjustajaid)taseme langust (Carli, Bonifazi, Lodi et al. 1992).<\/p>\n<p>Dieedi ajal aitab BCAA s\u00e4ilitada lihasmassi ja p\u00f5letada rasva, mitte lihast! BCAA manustamine enne trenni v\u00e4hendab treeninguj\u00e4rgset kurnatust ja hilisemat lihaste valulikkust (Shimomura,Yamamoto et al. 2006).BCAA-d v\u00e4hendavad valkude lammutamist nii vastupidavus- kui j\u00f5utreeningu korral (Blomstrand et al. 2006).BCAA-d aitavad edukalt v\u00f5idelda n\u00e4rvis\u00fcsteemi \u00fclev\u00e4simusega vastupidavustreeningutel (Blomstrand 2006) ning kiirendavad koos glutamiini ja arginiiniga taastumisprotsesse ja v\u00f5imendavad treeningefekti (Ohtani et al. 2006). Glutamiin on \u00fcks enimlevinud aminohappeid organismis. Organism suudab glutamiini ka ise toota, kuid suurenenud f\u00fc\u00fcsilise koormuse korral on keha glutamiinivajadus k\u00f5rgenenud. Glutamiin kiirendab taastumist, tugevdab immuuns\u00fcsteemi, hoiab \u00fcletreeningu eest ning kaitseb lihasmassi dieedi ja stressi ajal. Glutamiinile on omastatud ka selliseid positiivseid efekte nagu lihaste gl\u00fckogeenisisalduse t\u00f5us, valgus\u00fcnteesi stimulatsioon ja kasvuhormooni produktsiooni stimuleerimine.<\/p>\n<p><strong>Koostisosad:<\/strong> BCAA 2:1:1 hargnenud ahelaga aminohapete kompleks (L-Leutsiin, L-Isoleutsiin, L-Valiin), \u017eelatiin (kapsli \u00fcmbris), titaanvalge, must raudoksiid.<\/p>\n<table width=\"225\">\n<tbody>\n<tr>\n<td width=\"134\"><strong>Aminohappeid<\/strong><\/td>\n<td width=\"91\"><strong>5 kapslit<\/strong><\/td>\n<\/tr>\n<tr>\n<td width=\"134\">L-Leutsiin<\/td>\n<td width=\"91\">2500 mg<\/td>\n<\/tr>\n<tr>\n<td width=\"134\">L-Isoleutsiin<\/td>\n<td width=\"91\">1250 mg<\/td>\n<\/tr>\n<tr>\n<td width=\"134\">L-Valiin<\/td>\n<td width=\"91\">1250 mg<\/td>\n<\/tr>\n<tr>\n<td width=\"134\"><strong>Aminohappeid kokku<\/strong><\/td>\n<td width=\"91\"><strong>5000 mg<\/strong><\/td>\n<\/tr>\n<\/tbody>\n<\/table>\n<p><strong>Kasutamine:<\/strong> \u00dcks serveering on 5 kapslit = 5g BCAA-d. Tarbi koos veega 1 serveering p\u00e4evas.\u00a0 <strong>Hoiatus:<\/strong> \u00c4ra \u00fcleta soovitatavaid koguseid. S\u00e4ilita kuivas ja jahedas ning mitte otsese p\u00e4ikesevalguse k\u00e4es.<\/p>\n<p><strong><b>NB! Toode ei asenda mitmek\u00fclgset toitumist. Hoida lastele k\u00e4ttesaamatus kohas.<\/b><\/strong><\/p>\n<p><strong>Suurus<\/strong>: 60 kapslit<\/p>\n<p>Vaata ka meie Teisi Aminohappeid <a href=\"https:\/\/fit360.ee\/en\/product-category\/product-groups\/amino-acids-bcaa\/\"><strong>SIIT<\/strong><\/a> v\u00f5i BCAA Tooteid <a href=\"https:\/\/fit360.ee\/en\/product-category\/product-groups\/amino-acids-bcaa\/bcaa-en\/\"><strong>SIIT<\/strong><\/a>!<\/p>\n<p>Soovid teha suuremat tellimust? Vaata antud toodet meie HULGI lehelt\u00a0<a href=\"https:\/\/toidulisandidhulgi.ee\/product\/evolite-bcaa-kapslid\/\"><strong>SIIT<\/strong><\/a>!<\/p>\n","protected":false},"excerpt":{"rendered":"<ul>\n<li>Aitab kaasa lihaste arengule toites neid asendamatute aminohapetega<\/li>\n<li>V\u00e4hendab lihasv\u00e4simuse teket treeningul<\/li>\n<li>Mugav tarbida<\/li>\n<\/ul>\n<p>&nbsp;<\/p>\n","protected":false},"featured_media":85380,"comment_status":"open","ping_status":"closed","template":"","meta":[],"product_brand":[],"product_cat":[520,2299,3030,2331,1618,2335],"product_tag":[1787,2104,1773,2089],"giftcard-category":[],"class_list":{"0":"post-39267","1":"product","2":"type-product","3":"status-publish","4":"has-post-thumbnail","6":"product_cat-amino-acids-bcaa","7":"product_cat-bcaa-en","8":"product_cat-best-before-en","9":"product_cat-essential-amino-acids-eaa-en","10":"product_cat-evolite-en","11":"product_cat-leucine-en","12":"product_tag-aminohapped-en","13":"product_tag-bcaa-kapslid-en","14":"product_tag-evolite-en","15":"product_tag-evolite-bcaa-en","16":"pa_toidulisand-branddd-evolite","17":"pa_tootegruppp-amino-acidsbcaa","18":"pa_tootegruppp-asendamatud-aminohapped-eaa-en","19":"pa_tootegruppp-bcaa-en","20":"pa_tootegruppp-leutsiin-en","22":"first","23":"outofstock","24":"sale","25":"taxable","26":"shipping-taxable","27":"purchasable","28":"product-type-simple"},"yoast_head":"<!-- This site is optimized with the Yoast SEO plugin v27.3 - https:\/\/yoast.com\/product\/yoast-seo-wordpress\/ -->\n<title>Evolite BCAA kapslid (60caps) - BCAA - Aminohapped - Tarne 1-3 p\u00e4eva<\/title>\n<meta name=\"description\" content=\"Evolite BCAA kapslid - Kvaliteetne hargnenud ahelaga aminohappe kapslid. Parim taastumine. V\u00e4hendab lihasv\u00e4simuse teket treeningul.\" \/>\n<meta name=\"robots\" content=\"index, follow, max-snippet:-1, max-image-preview:large, max-video-preview:-1\" \/>\n<link rel=\"canonical\" href=\"https:\/\/fit360.ee\/en\/pood\/product-groups\/amino-acids-bcaa\/bcaa-en\/evolite-bcaa-kapslid\/\" \/>\n<meta property=\"og:locale\" content=\"en_US\" \/>\n<meta property=\"og:type\" content=\"article\" \/>\n<meta property=\"og:title\" content=\"Evolite BCAA kapslid (60caps) - BCAA - Aminohapped - Tarne 1-3 p\u00e4eva\" \/>\n<meta property=\"og:description\" content=\"Evolite BCAA kapslid - Kvaliteetne hargnenud ahelaga aminohappe kapslid. Parim taastumine. V\u00e4hendab lihasv\u00e4simuse teket treeningul.\" \/>\n<meta property=\"og:url\" content=\"https:\/\/fit360.ee\/en\/pood\/product-groups\/amino-acids-bcaa\/bcaa-en\/evolite-bcaa-kapslid\/\" \/>\n<meta property=\"og:site_name\" content=\"Fit360\" \/>\n<meta property=\"article:modified_time\" content=\"2025-08-13T05:39:44+00:00\" \/>\n<meta property=\"og:image\" content=\"https:\/\/fit360.ee\/wp-content\/uploads\/2020\/10\/evolite-bcaa-kapslid-fit360.ee-1.jpg\" \/>\n\t<meta property=\"og:image:width\" content=\"800\" \/>\n\t<meta property=\"og:image:height\" content=\"800\" \/>\n\t<meta property=\"og:image:type\" content=\"image\/jpeg\" \/>\n<meta name=\"twitter:card\" content=\"summary_large_image\" \/>\n<meta name=\"twitter:label1\" content=\"Est. reading time\" \/>\n\t<meta name=\"twitter:data1\" content=\"2 minutes\" \/>\n<script type=\"application\/ld+json\" class=\"yoast-schema-graph\">{\"@context\":\"https:\\\/\\\/schema.org\",\"@graph\":[{\"@type\":\"WebPage\",\"@id\":\"https:\\\/\\\/fit360.ee\\\/en\\\/pood\\\/product-groups\\\/amino-acids-bcaa\\\/bcaa-en\\\/evolite-bcaa-kapslid\\\/\",\"url\":\"https:\\\/\\\/fit360.ee\\\/en\\\/pood\\\/product-groups\\\/amino-acids-bcaa\\\/bcaa-en\\\/evolite-bcaa-kapslid\\\/\",\"name\":\"Evolite BCAA kapslid (60caps) - BCAA - Aminohapped - Tarne 1-3 p\u00e4eva\",\"isPartOf\":{\"@id\":\"https:\\\/\\\/fit360.ee\\\/en\\\/#website\"},\"primaryImageOfPage\":{\"@id\":\"https:\\\/\\\/fit360.ee\\\/en\\\/pood\\\/product-groups\\\/amino-acids-bcaa\\\/bcaa-en\\\/evolite-bcaa-kapslid\\\/#primaryimage\"},\"image\":{\"@id\":\"https:\\\/\\\/fit360.ee\\\/en\\\/pood\\\/product-groups\\\/amino-acids-bcaa\\\/bcaa-en\\\/evolite-bcaa-kapslid\\\/#primaryimage\"},\"thumbnailUrl\":\"https:\\\/\\\/fit360.ee\\\/wp-content\\\/uploads\\\/2020\\\/10\\\/evolite-bcaa-kapslid-fit360.ee-1.jpg\",\"datePublished\":\"2020-10-31T09:49:01+00:00\",\"dateModified\":\"2025-08-13T05:39:44+00:00\",\"description\":\"Evolite BCAA kapslid - Kvaliteetne hargnenud ahelaga aminohappe kapslid. Parim taastumine. V\u00e4hendab lihasv\u00e4simuse teket treeningul.\",\"breadcrumb\":{\"@id\":\"https:\\\/\\\/fit360.ee\\\/en\\\/pood\\\/product-groups\\\/amino-acids-bcaa\\\/bcaa-en\\\/evolite-bcaa-kapslid\\\/#breadcrumb\"},\"inLanguage\":\"en-US\",\"potentialAction\":[{\"@type\":\"ReadAction\",\"target\":[\"https:\\\/\\\/fit360.ee\\\/en\\\/pood\\\/product-groups\\\/amino-acids-bcaa\\\/bcaa-en\\\/evolite-bcaa-kapslid\\\/\"]}]},{\"@type\":\"ImageObject\",\"inLanguage\":\"en-US\",\"@id\":\"https:\\\/\\\/fit360.ee\\\/en\\\/pood\\\/product-groups\\\/amino-acids-bcaa\\\/bcaa-en\\\/evolite-bcaa-kapslid\\\/#primaryimage\",\"url\":\"https:\\\/\\\/fit360.ee\\\/wp-content\\\/uploads\\\/2020\\\/10\\\/evolite-bcaa-kapslid-fit360.ee-1.jpg\",\"contentUrl\":\"https:\\\/\\\/fit360.ee\\\/wp-content\\\/uploads\\\/2020\\\/10\\\/evolite-bcaa-kapslid-fit360.ee-1.jpg\",\"width\":800,\"height\":800,\"caption\":\"evolite bcaa kapslid - fit360.ee\"},{\"@type\":\"BreadcrumbList\",\"@id\":\"https:\\\/\\\/fit360.ee\\\/en\\\/pood\\\/product-groups\\\/amino-acids-bcaa\\\/bcaa-en\\\/evolite-bcaa-kapslid\\\/#breadcrumb\",\"itemListElement\":[{\"@type\":\"ListItem\",\"position\":1,\"name\":\"Home\",\"item\":\"https:\\\/\\\/fit360.ee\\\/en\\\/\"},{\"@type\":\"ListItem\",\"position\":2,\"name\":\"Shop\",\"item\":\"https:\\\/\\\/fit360.ee\\\/en\\\/shop\\\/\"},{\"@type\":\"ListItem\",\"position\":3,\"name\":\"Evolite BCAA Mega Caps (60caps)\"}]},{\"@type\":\"WebSite\",\"@id\":\"https:\\\/\\\/fit360.ee\\\/en\\\/#website\",\"url\":\"https:\\\/\\\/fit360.ee\\\/en\\\/\",\"name\":\"Fit360\",\"description\":\"\",\"publisher\":{\"@id\":\"https:\\\/\\\/fit360.ee\\\/en\\\/#organization\"},\"potentialAction\":[{\"@type\":\"SearchAction\",\"target\":{\"@type\":\"EntryPoint\",\"urlTemplate\":\"https:\\\/\\\/fit360.ee\\\/en\\\/?s={search_term_string}\"},\"query-input\":{\"@type\":\"PropertyValueSpecification\",\"valueRequired\":true,\"valueName\":\"search_term_string\"}}],\"inLanguage\":\"en-US\"},{\"@type\":\"Organization\",\"@id\":\"https:\\\/\\\/fit360.ee\\\/en\\\/#organization\",\"name\":\"Fit360\",\"url\":\"https:\\\/\\\/fit360.ee\\\/en\\\/\",\"logo\":{\"@type\":\"ImageObject\",\"inLanguage\":\"en-US\",\"@id\":\"https:\\\/\\\/fit360.ee\\\/en\\\/#\\\/schema\\\/logo\\\/image\\\/\",\"url\":\"https:\\\/\\\/fit360.ee\\\/wp-content\\\/uploads\\\/2017\\\/01\\\/logo-fit360.png\",\"contentUrl\":\"https:\\\/\\\/fit360.ee\\\/wp-content\\\/uploads\\\/2017\\\/01\\\/logo-fit360.png\",\"width\":180,\"height\":66,\"caption\":\"Fit360\"},\"image\":{\"@id\":\"https:\\\/\\\/fit360.ee\\\/en\\\/#\\\/schema\\\/logo\\\/image\\\/\"}}]}<\/script>\n<!-- \/ Yoast SEO plugin. -->","yoast_head_json":{"title":"Evolite BCAA kapslid (60caps) - BCAA - Aminohapped - Tarne 1-3 p\u00e4eva","description":"Evolite BCAA kapslid - Kvaliteetne hargnenud ahelaga aminohappe kapslid. Parim taastumine. V\u00e4hendab lihasv\u00e4simuse teket treeningul.","robots":{"index":"index","follow":"follow","max-snippet":"max-snippet:-1","max-image-preview":"max-image-preview:large","max-video-preview":"max-video-preview:-1"},"canonical":"https:\/\/fit360.ee\/en\/pood\/product-groups\/amino-acids-bcaa\/bcaa-en\/evolite-bcaa-kapslid\/","og_locale":"en_US","og_type":"article","og_title":"Evolite BCAA kapslid (60caps) - BCAA - Aminohapped - Tarne 1-3 p\u00e4eva","og_description":"Evolite BCAA kapslid - Kvaliteetne hargnenud ahelaga aminohappe kapslid. Parim taastumine. V\u00e4hendab lihasv\u00e4simuse teket treeningul.","og_url":"https:\/\/fit360.ee\/en\/pood\/product-groups\/amino-acids-bcaa\/bcaa-en\/evolite-bcaa-kapslid\/","og_site_name":"Fit360","article_modified_time":"2025-08-13T05:39:44+00:00","og_image":[{"width":800,"height":800,"url":"https:\/\/fit360.ee\/wp-content\/uploads\/2020\/10\/evolite-bcaa-kapslid-fit360.ee-1.jpg","type":"image\/jpeg"}],"twitter_card":"summary_large_image","twitter_misc":{"Est. reading time":"2 minutes"},"schema":{"@context":"https:\/\/schema.org","@graph":[{"@type":"WebPage","@id":"https:\/\/fit360.ee\/en\/pood\/product-groups\/amino-acids-bcaa\/bcaa-en\/evolite-bcaa-kapslid\/","url":"https:\/\/fit360.ee\/en\/pood\/product-groups\/amino-acids-bcaa\/bcaa-en\/evolite-bcaa-kapslid\/","name":"Evolite BCAA kapslid (60caps) - BCAA - Aminohapped - Tarne 1-3 p\u00e4eva","isPartOf":{"@id":"https:\/\/fit360.ee\/en\/#website"},"primaryImageOfPage":{"@id":"https:\/\/fit360.ee\/en\/pood\/product-groups\/amino-acids-bcaa\/bcaa-en\/evolite-bcaa-kapslid\/#primaryimage"},"image":{"@id":"https:\/\/fit360.ee\/en\/pood\/product-groups\/amino-acids-bcaa\/bcaa-en\/evolite-bcaa-kapslid\/#primaryimage"},"thumbnailUrl":"https:\/\/fit360.ee\/wp-content\/uploads\/2020\/10\/evolite-bcaa-kapslid-fit360.ee-1.jpg","datePublished":"2020-10-31T09:49:01+00:00","dateModified":"2025-08-13T05:39:44+00:00","description":"Evolite BCAA kapslid - Kvaliteetne hargnenud ahelaga aminohappe kapslid. Parim taastumine. V\u00e4hendab lihasv\u00e4simuse teket treeningul.","breadcrumb":{"@id":"https:\/\/fit360.ee\/en\/pood\/product-groups\/amino-acids-bcaa\/bcaa-en\/evolite-bcaa-kapslid\/#breadcrumb"},"inLanguage":"en-US","potentialAction":[{"@type":"ReadAction","target":["https:\/\/fit360.ee\/en\/pood\/product-groups\/amino-acids-bcaa\/bcaa-en\/evolite-bcaa-kapslid\/"]}]},{"@type":"ImageObject","inLanguage":"en-US","@id":"https:\/\/fit360.ee\/en\/pood\/product-groups\/amino-acids-bcaa\/bcaa-en\/evolite-bcaa-kapslid\/#primaryimage","url":"https:\/\/fit360.ee\/wp-content\/uploads\/2020\/10\/evolite-bcaa-kapslid-fit360.ee-1.jpg","contentUrl":"https:\/\/fit360.ee\/wp-content\/uploads\/2020\/10\/evolite-bcaa-kapslid-fit360.ee-1.jpg","width":800,"height":800,"caption":"evolite bcaa kapslid - fit360.ee"},{"@type":"BreadcrumbList","@id":"https:\/\/fit360.ee\/en\/pood\/product-groups\/amino-acids-bcaa\/bcaa-en\/evolite-bcaa-kapslid\/#breadcrumb","itemListElement":[{"@type":"ListItem","position":1,"name":"Home","item":"https:\/\/fit360.ee\/en\/"},{"@type":"ListItem","position":2,"name":"Shop","item":"https:\/\/fit360.ee\/en\/shop\/"},{"@type":"ListItem","position":3,"name":"Evolite BCAA Mega Caps (60caps)"}]},{"@type":"WebSite","@id":"https:\/\/fit360.ee\/en\/#website","url":"https:\/\/fit360.ee\/en\/","name":"Fit360","description":"","publisher":{"@id":"https:\/\/fit360.ee\/en\/#organization"},"potentialAction":[{"@type":"SearchAction","target":{"@type":"EntryPoint","urlTemplate":"https:\/\/fit360.ee\/en\/?s={search_term_string}"},"query-input":{"@type":"PropertyValueSpecification","valueRequired":true,"valueName":"search_term_string"}}],"inLanguage":"en-US"},{"@type":"Organization","@id":"https:\/\/fit360.ee\/en\/#organization","name":"Fit360","url":"https:\/\/fit360.ee\/en\/","logo":{"@type":"ImageObject","inLanguage":"en-US","@id":"https:\/\/fit360.ee\/en\/#\/schema\/logo\/image\/","url":"https:\/\/fit360.ee\/wp-content\/uploads\/2017\/01\/logo-fit360.png","contentUrl":"https:\/\/fit360.ee\/wp-content\/uploads\/2017\/01\/logo-fit360.png","width":180,"height":66,"caption":"Fit360"},"image":{"@id":"https:\/\/fit360.ee\/en\/#\/schema\/logo\/image\/"}}]}},"_links":{"self":[{"href":"https:\/\/fit360.ee\/en\/wp-json\/wp\/v2\/product\/39267","targetHints":{"allow":["GET"]}}],"collection":[{"href":"https:\/\/fit360.ee\/en\/wp-json\/wp\/v2\/product"}],"about":[{"href":"https:\/\/fit360.ee\/en\/wp-json\/wp\/v2\/types\/product"}],"replies":[{"embeddable":true,"href":"https:\/\/fit360.ee\/en\/wp-json\/wp\/v2\/comments?post=39267"}],"wp:featuredmedia":[{"embeddable":true,"href":"https:\/\/fit360.ee\/en\/wp-json\/wp\/v2\/media\/85380"}],"wp:attachment":[{"href":"https:\/\/fit360.ee\/en\/wp-json\/wp\/v2\/media?parent=39267"}],"wp:term":[{"taxonomy":"product_brand","embeddable":true,"href":"https:\/\/fit360.ee\/en\/wp-json\/wp\/v2\/product_brand?post=39267"},{"taxonomy":"product_cat","embeddable":true,"href":"https:\/\/fit360.ee\/en\/wp-json\/wp\/v2\/product_cat?post=39267"},{"taxonomy":"product_tag","embeddable":true,"href":"https:\/\/fit360.ee\/en\/wp-json\/wp\/v2\/product_tag?post=39267"},{"taxonomy":"giftcard-category","embeddable":true,"href":"https:\/\/fit360.ee\/en\/wp-json\/wp\/v2\/giftcard-category?post=39267"}],"curies":[{"name":"wp","href":"https:\/\/api.w.org\/{rel}","templated":true}]}}