{"id":39378,"date":"2020-11-06T18:15:15","date_gmt":"2020-11-06T16:15:15","guid":{"rendered":"https:\/\/fit360.ee\/pood\/uncategorized\/glucosamine-msm-chondroitin-90tab\/"},"modified":"2026-03-08T13:37:47","modified_gmt":"2026-03-08T11:37:47","slug":"glucosamine-msm-chondroitin-90tab","status":"publish","type":"product","link":"https:\/\/fit360.ee\/en\/pood\/product-groups\/superfoods-health-foods-en\/glucosamine-en\/glucosamine-msm-chondroitin-90tab\/","title":{"rendered":"Glucosamine + MSM + Chondroitin (90tab)"},"content":{"rendered":"<h1>Glucosamine + MSM + Chondroitin &#8211; v\u00f5imas kompleks<\/h1>\n<p><em>Glucosamine + MSM + Chondroitin<\/em> ehk Gl\u00fckoosamiin,\u00a0 kondroitiin ja MSM \u2013 efektiivne kombinatsioon tervete liigeste jaoks.<\/p>\n<p><strong>Kas sa muretsed oma liigeste p\u00e4rast?<\/strong><\/p>\n<p>MSM, Gl\u00fckoosamiin ja kondroitiin on populaarne kombinatsioon aktiivsetele inimestele, kes soovivad endale tugevaid liigeseid.<\/p>\n<p><strong>Miks kasutada Ostrovit Gl\u00fckoosamiini, MSM ja kondroitiini?<\/strong><\/p>\n<p>Gl\u00fckoosamiin on naturaalne \u00fchend, mida leidub liigeseid \u00fcmbritsevas s\u00fcnoviaalvedelikus.\u00a0See kemikaal on proteogl\u00fckaani ja gl\u00fckoosaminogl\u00fckaanide eel\u00fchend, mis osaleb k\u00f5hre moodustumises.\u00a0Vanemaks saades l\u00e4heb kehal k\u00f5hre taastamiseks gl\u00fckoosamiini vaja.<\/p>\n<p><b>OstroVit<\/b> on kombineerinud omavahel kaks peamist k\u00f5hre koostisosa, gl\u00fckoosamiini msm ja kondroitiini, et aidata parandada liigeste liikuvust. Gl\u00fckoosamiini, kondroitiini ja msm puhul on need kolm tugevat toimeainet kombineeritud \u00fcheks p\u00e4evaseks doosiks, et pakkuda sulle maksimaalseid tulemusi. Toode sobib ka niisama aktiivsetele inimestele, et ennetada liigesevigastusi.<\/p>\n<p><strong>Suurus<\/strong>: 90 tabletti &#8211; 45 serveeringut<\/p>\n<table width=\"415\">\n<tbody>\n<tr>\n<td width=\"205\"><strong>Aktiivsed toimeained<\/strong><\/td>\n<td width=\"204\"><strong>\u00a01 serveering &#8211; 2 tabletti<\/strong><\/td>\n<\/tr>\n<tr>\n<td width=\"205\">Gl\u00fckosamiin sulfaat 2kcl<\/td>\n<td width=\"204\">1000mg<\/td>\n<\/tr>\n<tr>\n<td width=\"205\"><em>millest<\/em> Gl\u00fckosamiin<\/td>\n<td width=\"204\">590mg<\/td>\n<\/tr>\n<tr>\n<td width=\"205\">Met\u00fc\u00fclsulfon\u00fc\u00fclmetaan (MSM)<\/td>\n<td width=\"204\">600mg<\/td>\n<\/tr>\n<tr>\n<td width=\"205\">Kondroitiinsulfaat<\/td>\n<td width=\"204\">400mg<\/td>\n<\/tr>\n<tr>\n<td width=\"205\">millest Kondroitiin<\/td>\n<td width=\"204\">360mg<\/td>\n<\/tr>\n<\/tbody>\n<\/table>\n<p>Vaata ka meie teisi Toidulisandeid Liigestele <a href=\"https:\/\/fit360.ee\/en\/product-category\/product-groups\/joint-support-en\/\"><strong>SIIT<\/strong><\/a>!<\/p>\n<p>Soovid kaupa osta suuremas koguses? Vaata antud toodet ka meie HULGI poest\u00a0<a href=\"https:\/\/toidulisandidhulgi.ee\/product\/glucosamine-msm-chondroitin-90tab\/\"><strong>SIIT<\/strong><\/a>!<\/p>\n","protected":false},"excerpt":{"rendered":"<h2>Ostrovit Glucosamine + MSM + Chondroitin:<\/h2>\n<ul>\n<li>Suurep\u00e4rane koostisosade kombinatsioon<\/li>\n<li>Aitab tugevdada liigeseid, k\u00f5\u00f5luseid, k\u00f5hresid ja sidemeid<\/li>\n<li>Liigeste igap\u00e4evane kaitse<\/li>\n<li>Aitab kaasa vigastusej\u00e4rgsele taastumisele<\/li>\n<\/ul>\n<p>Gl\u00fckoosamiin, Kondroitiin ja MSM kujutab endast kombinatsiooni k\u00f5ige populaarsemast terveid ja tugevaid liigeseid toetavast toimeainetest.<\/p>\n<p><b>OstroVit<\/b> on kombineerinud omavahel kaks peamist k\u00f5hre koostisosa, gl\u00fckoosamiini msm ja kondroitiini, et aidata parandada liigeste liikuvust. Gl\u00fckoosamiini, kondroitiini ja msm puhul on need kolm tugevat toimeainet kombineeritud \u00fcheks p\u00e4evaseks doosiks, et pakkuda sulle maksimaalseid tulemusi. Toode sobib ka niisama aktiivsetele inimestele, et ennetada liigesevigastusi.<\/p>\n","protected":false},"featured_media":84366,"comment_status":"open","ping_status":"closed","template":"","meta":[],"product_brand":[],"product_cat":[2341,527,2342,1329,1454],"product_tag":[2113,1924],"giftcard-category":[],"class_list":{"0":"post-39378","1":"product","2":"type-product","3":"status-publish","4":"has-post-thumbnail","6":"product_cat-glucosamine-en","7":"product_cat-joint-support-en","8":"product_cat-msm-en","9":"product_cat-ostrovit-en","10":"product_cat-superfoods-health-foods-en","11":"product_tag-glucosamine-msm-chondroitin-en","12":"product_tag-ostrovit-en","13":"pa_kogus-90-tablets","14":"pa_toidulisand-branddd-ostrovit","15":"pa_tootegruppp-for-joints","16":"pa_tootegruppp-glukosamiin-en","17":"pa_tootegruppp-msm-en","18":"pa_tootegruppp-supertoit-tervisetoit-en","20":"first","21":"instock","22":"sale","23":"taxable","24":"shipping-taxable","25":"purchasable","26":"product-type-simple"},"yoast_head":"<!-- This site is optimized with the Yoast SEO plugin v27.3 - https:\/\/yoast.com\/product\/yoast-seo-wordpress\/ -->\n<title>Glucosamine + MSM + Chondroitin 90tab - Gl\u00fckosamiin - MSM - Kondroitiin<\/title>\n<meta name=\"description\" content=\"Glucosamine + MSM + Chondroitin kujutab endast kombinatsiooni k\u00f5ige populaarsemast terveid ja tugevaid liigeseid toetavast toimeainetest.\" \/>\n<meta name=\"robots\" content=\"index, follow, max-snippet:-1, max-image-preview:large, max-video-preview:-1\" \/>\n<link rel=\"canonical\" href=\"https:\/\/fit360.ee\/en\/pood\/product-groups\/superfoods-health-foods-en\/glucosamine-en\/glucosamine-msm-chondroitin-90tab\/\" \/>\n<meta property=\"og:locale\" content=\"en_US\" \/>\n<meta property=\"og:type\" content=\"article\" \/>\n<meta property=\"og:title\" content=\"Glucosamine + MSM + Chondroitin 90tab - Gl\u00fckosamiin - MSM - Kondroitiin\" \/>\n<meta property=\"og:description\" content=\"Glucosamine + MSM + Chondroitin kujutab endast kombinatsiooni k\u00f5ige populaarsemast terveid ja tugevaid liigeseid toetavast toimeainetest.\" \/>\n<meta property=\"og:url\" content=\"https:\/\/fit360.ee\/en\/pood\/product-groups\/superfoods-health-foods-en\/glucosamine-en\/glucosamine-msm-chondroitin-90tab\/\" \/>\n<meta property=\"og:site_name\" content=\"Fit360\" \/>\n<meta property=\"article:modified_time\" content=\"2026-03-08T11:37:47+00:00\" \/>\n<meta property=\"og:image\" content=\"https:\/\/fit360.ee\/wp-content\/uploads\/2020\/11\/Glucosamine-MSM-Chondroitin-fit360.ee-1.png\" \/>\n\t<meta property=\"og:image:width\" content=\"450\" \/>\n\t<meta property=\"og:image:height\" content=\"450\" \/>\n\t<meta property=\"og:image:type\" content=\"image\/png\" \/>\n<meta name=\"twitter:card\" content=\"summary_large_image\" \/>\n<meta name=\"twitter:label1\" content=\"Est. reading time\" \/>\n\t<meta name=\"twitter:data1\" content=\"1 minute\" \/>\n<script type=\"application\/ld+json\" class=\"yoast-schema-graph\">{\"@context\":\"https:\\\/\\\/schema.org\",\"@graph\":[{\"@type\":\"WebPage\",\"@id\":\"https:\\\/\\\/fit360.ee\\\/en\\\/pood\\\/product-groups\\\/superfoods-health-foods-en\\\/glucosamine-en\\\/glucosamine-msm-chondroitin-90tab\\\/\",\"url\":\"https:\\\/\\\/fit360.ee\\\/en\\\/pood\\\/product-groups\\\/superfoods-health-foods-en\\\/glucosamine-en\\\/glucosamine-msm-chondroitin-90tab\\\/\",\"name\":\"Glucosamine + MSM + Chondroitin 90tab - Gl\u00fckosamiin - MSM - Kondroitiin\",\"isPartOf\":{\"@id\":\"https:\\\/\\\/fit360.ee\\\/en\\\/#website\"},\"primaryImageOfPage\":{\"@id\":\"https:\\\/\\\/fit360.ee\\\/en\\\/pood\\\/product-groups\\\/superfoods-health-foods-en\\\/glucosamine-en\\\/glucosamine-msm-chondroitin-90tab\\\/#primaryimage\"},\"image\":{\"@id\":\"https:\\\/\\\/fit360.ee\\\/en\\\/pood\\\/product-groups\\\/superfoods-health-foods-en\\\/glucosamine-en\\\/glucosamine-msm-chondroitin-90tab\\\/#primaryimage\"},\"thumbnailUrl\":\"https:\\\/\\\/fit360.ee\\\/wp-content\\\/uploads\\\/2020\\\/11\\\/Glucosamine-MSM-Chondroitin-fit360.ee-1.png\",\"datePublished\":\"2020-11-06T16:15:15+00:00\",\"dateModified\":\"2026-03-08T11:37:47+00:00\",\"description\":\"Glucosamine + MSM + Chondroitin kujutab endast kombinatsiooni k\u00f5ige populaarsemast terveid ja tugevaid liigeseid toetavast toimeainetest.\",\"breadcrumb\":{\"@id\":\"https:\\\/\\\/fit360.ee\\\/en\\\/pood\\\/product-groups\\\/superfoods-health-foods-en\\\/glucosamine-en\\\/glucosamine-msm-chondroitin-90tab\\\/#breadcrumb\"},\"inLanguage\":\"en-US\",\"potentialAction\":[{\"@type\":\"ReadAction\",\"target\":[\"https:\\\/\\\/fit360.ee\\\/en\\\/pood\\\/product-groups\\\/superfoods-health-foods-en\\\/glucosamine-en\\\/glucosamine-msm-chondroitin-90tab\\\/\"]}]},{\"@type\":\"ImageObject\",\"inLanguage\":\"en-US\",\"@id\":\"https:\\\/\\\/fit360.ee\\\/en\\\/pood\\\/product-groups\\\/superfoods-health-foods-en\\\/glucosamine-en\\\/glucosamine-msm-chondroitin-90tab\\\/#primaryimage\",\"url\":\"https:\\\/\\\/fit360.ee\\\/wp-content\\\/uploads\\\/2020\\\/11\\\/Glucosamine-MSM-Chondroitin-fit360.ee-1.png\",\"contentUrl\":\"https:\\\/\\\/fit360.ee\\\/wp-content\\\/uploads\\\/2020\\\/11\\\/Glucosamine-MSM-Chondroitin-fit360.ee-1.png\",\"width\":450,\"height\":450,\"caption\":\"Glucosamine + MSM + Chondroitin - fit360.ee\"},{\"@type\":\"BreadcrumbList\",\"@id\":\"https:\\\/\\\/fit360.ee\\\/en\\\/pood\\\/product-groups\\\/superfoods-health-foods-en\\\/glucosamine-en\\\/glucosamine-msm-chondroitin-90tab\\\/#breadcrumb\",\"itemListElement\":[{\"@type\":\"ListItem\",\"position\":1,\"name\":\"Home\",\"item\":\"https:\\\/\\\/fit360.ee\\\/en\\\/\"},{\"@type\":\"ListItem\",\"position\":2,\"name\":\"Shop\",\"item\":\"https:\\\/\\\/fit360.ee\\\/en\\\/shop\\\/\"},{\"@type\":\"ListItem\",\"position\":3,\"name\":\"Glucosamine + MSM + Chondroitin (90tab)\"}]},{\"@type\":\"WebSite\",\"@id\":\"https:\\\/\\\/fit360.ee\\\/en\\\/#website\",\"url\":\"https:\\\/\\\/fit360.ee\\\/en\\\/\",\"name\":\"Fit360\",\"description\":\"\",\"publisher\":{\"@id\":\"https:\\\/\\\/fit360.ee\\\/en\\\/#organization\"},\"potentialAction\":[{\"@type\":\"SearchAction\",\"target\":{\"@type\":\"EntryPoint\",\"urlTemplate\":\"https:\\\/\\\/fit360.ee\\\/en\\\/?s={search_term_string}\"},\"query-input\":{\"@type\":\"PropertyValueSpecification\",\"valueRequired\":true,\"valueName\":\"search_term_string\"}}],\"inLanguage\":\"en-US\"},{\"@type\":\"Organization\",\"@id\":\"https:\\\/\\\/fit360.ee\\\/en\\\/#organization\",\"name\":\"Fit360\",\"url\":\"https:\\\/\\\/fit360.ee\\\/en\\\/\",\"logo\":{\"@type\":\"ImageObject\",\"inLanguage\":\"en-US\",\"@id\":\"https:\\\/\\\/fit360.ee\\\/en\\\/#\\\/schema\\\/logo\\\/image\\\/\",\"url\":\"https:\\\/\\\/fit360.ee\\\/wp-content\\\/uploads\\\/2017\\\/01\\\/logo-fit360.png\",\"contentUrl\":\"https:\\\/\\\/fit360.ee\\\/wp-content\\\/uploads\\\/2017\\\/01\\\/logo-fit360.png\",\"width\":180,\"height\":66,\"caption\":\"Fit360\"},\"image\":{\"@id\":\"https:\\\/\\\/fit360.ee\\\/en\\\/#\\\/schema\\\/logo\\\/image\\\/\"}}]}<\/script>\n<!-- \/ Yoast SEO plugin. -->","yoast_head_json":{"title":"Glucosamine + MSM + Chondroitin 90tab - Gl\u00fckosamiin - MSM - Kondroitiin","description":"Glucosamine + MSM + Chondroitin kujutab endast kombinatsiooni k\u00f5ige populaarsemast terveid ja tugevaid liigeseid toetavast toimeainetest.","robots":{"index":"index","follow":"follow","max-snippet":"max-snippet:-1","max-image-preview":"max-image-preview:large","max-video-preview":"max-video-preview:-1"},"canonical":"https:\/\/fit360.ee\/en\/pood\/product-groups\/superfoods-health-foods-en\/glucosamine-en\/glucosamine-msm-chondroitin-90tab\/","og_locale":"en_US","og_type":"article","og_title":"Glucosamine + MSM + Chondroitin 90tab - Gl\u00fckosamiin - MSM - Kondroitiin","og_description":"Glucosamine + MSM + Chondroitin kujutab endast kombinatsiooni k\u00f5ige populaarsemast terveid ja tugevaid liigeseid toetavast toimeainetest.","og_url":"https:\/\/fit360.ee\/en\/pood\/product-groups\/superfoods-health-foods-en\/glucosamine-en\/glucosamine-msm-chondroitin-90tab\/","og_site_name":"Fit360","article_modified_time":"2026-03-08T11:37:47+00:00","og_image":[{"width":450,"height":450,"url":"https:\/\/fit360.ee\/wp-content\/uploads\/2020\/11\/Glucosamine-MSM-Chondroitin-fit360.ee-1.png","type":"image\/png"}],"twitter_card":"summary_large_image","twitter_misc":{"Est. reading time":"1 minute"},"schema":{"@context":"https:\/\/schema.org","@graph":[{"@type":"WebPage","@id":"https:\/\/fit360.ee\/en\/pood\/product-groups\/superfoods-health-foods-en\/glucosamine-en\/glucosamine-msm-chondroitin-90tab\/","url":"https:\/\/fit360.ee\/en\/pood\/product-groups\/superfoods-health-foods-en\/glucosamine-en\/glucosamine-msm-chondroitin-90tab\/","name":"Glucosamine + MSM + Chondroitin 90tab - Gl\u00fckosamiin - MSM - Kondroitiin","isPartOf":{"@id":"https:\/\/fit360.ee\/en\/#website"},"primaryImageOfPage":{"@id":"https:\/\/fit360.ee\/en\/pood\/product-groups\/superfoods-health-foods-en\/glucosamine-en\/glucosamine-msm-chondroitin-90tab\/#primaryimage"},"image":{"@id":"https:\/\/fit360.ee\/en\/pood\/product-groups\/superfoods-health-foods-en\/glucosamine-en\/glucosamine-msm-chondroitin-90tab\/#primaryimage"},"thumbnailUrl":"https:\/\/fit360.ee\/wp-content\/uploads\/2020\/11\/Glucosamine-MSM-Chondroitin-fit360.ee-1.png","datePublished":"2020-11-06T16:15:15+00:00","dateModified":"2026-03-08T11:37:47+00:00","description":"Glucosamine + MSM + Chondroitin kujutab endast kombinatsiooni k\u00f5ige populaarsemast terveid ja tugevaid liigeseid toetavast toimeainetest.","breadcrumb":{"@id":"https:\/\/fit360.ee\/en\/pood\/product-groups\/superfoods-health-foods-en\/glucosamine-en\/glucosamine-msm-chondroitin-90tab\/#breadcrumb"},"inLanguage":"en-US","potentialAction":[{"@type":"ReadAction","target":["https:\/\/fit360.ee\/en\/pood\/product-groups\/superfoods-health-foods-en\/glucosamine-en\/glucosamine-msm-chondroitin-90tab\/"]}]},{"@type":"ImageObject","inLanguage":"en-US","@id":"https:\/\/fit360.ee\/en\/pood\/product-groups\/superfoods-health-foods-en\/glucosamine-en\/glucosamine-msm-chondroitin-90tab\/#primaryimage","url":"https:\/\/fit360.ee\/wp-content\/uploads\/2020\/11\/Glucosamine-MSM-Chondroitin-fit360.ee-1.png","contentUrl":"https:\/\/fit360.ee\/wp-content\/uploads\/2020\/11\/Glucosamine-MSM-Chondroitin-fit360.ee-1.png","width":450,"height":450,"caption":"Glucosamine + MSM + Chondroitin - fit360.ee"},{"@type":"BreadcrumbList","@id":"https:\/\/fit360.ee\/en\/pood\/product-groups\/superfoods-health-foods-en\/glucosamine-en\/glucosamine-msm-chondroitin-90tab\/#breadcrumb","itemListElement":[{"@type":"ListItem","position":1,"name":"Home","item":"https:\/\/fit360.ee\/en\/"},{"@type":"ListItem","position":2,"name":"Shop","item":"https:\/\/fit360.ee\/en\/shop\/"},{"@type":"ListItem","position":3,"name":"Glucosamine + MSM + Chondroitin (90tab)"}]},{"@type":"WebSite","@id":"https:\/\/fit360.ee\/en\/#website","url":"https:\/\/fit360.ee\/en\/","name":"Fit360","description":"","publisher":{"@id":"https:\/\/fit360.ee\/en\/#organization"},"potentialAction":[{"@type":"SearchAction","target":{"@type":"EntryPoint","urlTemplate":"https:\/\/fit360.ee\/en\/?s={search_term_string}"},"query-input":{"@type":"PropertyValueSpecification","valueRequired":true,"valueName":"search_term_string"}}],"inLanguage":"en-US"},{"@type":"Organization","@id":"https:\/\/fit360.ee\/en\/#organization","name":"Fit360","url":"https:\/\/fit360.ee\/en\/","logo":{"@type":"ImageObject","inLanguage":"en-US","@id":"https:\/\/fit360.ee\/en\/#\/schema\/logo\/image\/","url":"https:\/\/fit360.ee\/wp-content\/uploads\/2017\/01\/logo-fit360.png","contentUrl":"https:\/\/fit360.ee\/wp-content\/uploads\/2017\/01\/logo-fit360.png","width":180,"height":66,"caption":"Fit360"},"image":{"@id":"https:\/\/fit360.ee\/en\/#\/schema\/logo\/image\/"}}]}},"_links":{"self":[{"href":"https:\/\/fit360.ee\/en\/wp-json\/wp\/v2\/product\/39378","targetHints":{"allow":["GET"]}}],"collection":[{"href":"https:\/\/fit360.ee\/en\/wp-json\/wp\/v2\/product"}],"about":[{"href":"https:\/\/fit360.ee\/en\/wp-json\/wp\/v2\/types\/product"}],"replies":[{"embeddable":true,"href":"https:\/\/fit360.ee\/en\/wp-json\/wp\/v2\/comments?post=39378"}],"wp:featuredmedia":[{"embeddable":true,"href":"https:\/\/fit360.ee\/en\/wp-json\/wp\/v2\/media\/84366"}],"wp:attachment":[{"href":"https:\/\/fit360.ee\/en\/wp-json\/wp\/v2\/media?parent=39378"}],"wp:term":[{"taxonomy":"product_brand","embeddable":true,"href":"https:\/\/fit360.ee\/en\/wp-json\/wp\/v2\/product_brand?post=39378"},{"taxonomy":"product_cat","embeddable":true,"href":"https:\/\/fit360.ee\/en\/wp-json\/wp\/v2\/product_cat?post=39378"},{"taxonomy":"product_tag","embeddable":true,"href":"https:\/\/fit360.ee\/en\/wp-json\/wp\/v2\/product_tag?post=39378"},{"taxonomy":"giftcard-category","embeddable":true,"href":"https:\/\/fit360.ee\/en\/wp-json\/wp\/v2\/giftcard-category?post=39378"}],"curies":[{"name":"wp","href":"https:\/\/api.w.org\/{rel}","templated":true}]}}