{"id":39600,"date":"2020-11-19T20:54:20","date_gmt":"2020-11-19T18:54:20","guid":{"rendered":"https:\/\/fit360.ee\/pood\/uncategorized\/foolhape-folic-acid-90tabs\/"},"modified":"2025-08-19T09:11:21","modified_gmt":"2025-08-19T07:11:21","slug":"foolhape-folic-acid-90tabs","status":"publish","type":"product","link":"https:\/\/fit360.ee\/en\/pood\/product-groups\/vitamins-and-minerals-en\/b-vitamin-en\/foolhape-folic-acid-90tabs\/","title":{"rendered":"Foolhape (Folic Acid) 90tabs"},"content":{"rendered":"<h1>Foolhape<\/h1>\n<p><strong>Foolhape <\/strong>on vitamiin B9 s\u00fcnteetiline vorm ja folaat on vitamiin B9 naturaalne vorm. Folaati saab naturaalsetest toitudest nagu rohelistest lehtedest ja p\u00e4hklitest ning foolhapet saame toidulisanditest ja rikastatud teraviljatoidust. Me saame \u00fcksnes toidust piisavalt folaati, v\u00e4ljaarvatud juhul, kui meil on krooniline vaegus v\u00f5i erivajadus nagu n\u00e4iteks raseduse ajal. Kui folaat kaitseb v\u00e4hi eest, siis \u00fclem\u00e4\u00e4rase foolhappe tarbimist seostatakse v\u00e4hi tekke ohu suurenemisega.<\/p>\n<p><strong>Foolhape<\/strong> m\u00e4ngib olulist rolli organismi kasvuprotsessis ja uute rakkude ehituses. Lisaks sellele vajab inimkeha foolhapet ka n\u00e4rvis\u00fcsteemi normaalseks toimimiseks, punaste vereliblede moodustamiseks, vere kolesteroolitaseme alandamiseks, maksa t\u00f6\u00f6 turgutamiseks ja valkude, rasvade ning s\u00fcsivesikute ainevahetuseks. Toitumisn\u00f5ustajad soovitavad toidust saadavatele foolhappe kogustele erilist t\u00e4helepanu p\u00f6\u00f6rata just pingelistel eluperioodidel, mil stressitase organismis kasvab ja toitumisharjumused halvenevad.<\/p>\n<p><strong>Suurus<\/strong>: 90 tabletti<\/p>\n<p><strong>Kasutamine<\/strong>: V\u00f5ta 1 tablett p\u00e4evas enne toidukorda.<\/p>\n<table>\n<tbody>\n<tr>\n<td width=\"319\"><strong>Aktiivsed toimeained<\/strong><\/td>\n<td width=\"319\"><strong>1 tablett \u2013 1 serveering<\/strong><\/td>\n<\/tr>\n<tr>\n<td width=\"319\">Foolhape<\/td>\n<td width=\"319\">400\u03bcg (200% SPK*)<\/td>\n<\/tr>\n<\/tbody>\n<\/table>\n<p>SPK* &#8211; soovitatud p\u00e4evane kogus.<\/p>\n<p><strong>Teised koostisosad<\/strong>: t\u00e4iteaine &#8211; mikrokristalne tselluloos, kaltsiumfosfaat, t\u00e4rklis; paakumisvastased ained: rasvhapete magneesiumisoolad, r\u00e4nidioksiid.<\/p>\n<p>Vaata meie teisi Vitamiine <a href=\"https:\/\/fit360.ee\/en\/product-category\/product-groups\/vitamins-and-minerals-en\/\"><strong>SIIT<\/strong><\/a> v\u00f5i Foolhappeid <a href=\"https:\/\/fit360.ee\/en\/product-category\/product-groups\/vitamins-and-minerals-en\/folic-acid-en\/\"><strong>SIIT<\/strong><\/a>!<\/p>\n<p>Soovid kaupa osta suuremas koguses? Vaata antud toodet ka meie HULGI poest\u00a0<a href=\"https:\/\/toidulisandidhulgi.ee\/product\/foolhape-folic-acid-90tabs\/\"><strong>SIIT<\/strong><\/a>!<\/p>\n","protected":false},"excerpt":{"rendered":"<h2>Foolhape:<\/h2>\n<ul>\n<li>Aitab kaasa n\u00e4rvis\u00fcsteemi normaalsele toimimisele<\/li>\n<li>Soodustab makrotoitainete normaalset ainevahetust<\/li>\n<li>Aitab vere kolesteroolitaset alandada<\/li>\n<\/ul>\n<p><strong>Foolhape<\/strong> m\u00e4ngib olulist rolli organismi kasvuprotsessis ja uute rakkude ehituses. Lisaks sellele vajab inimkeha foolhapet ka n\u00e4rvis\u00fcsteemi normaalseks toimimiseks, punaste vereliblede moodustamiseks, vere kolesteroolitaseme alandamiseks, maksa t\u00f6\u00f6 turgutamiseks ja valkude, rasvade ning s\u00fcsivesikute ainevahetuseks. Toitumisn\u00f5ustajad soovitavad toidust saadavatele foolhappe kogustele erilist t\u00e4helepanu p\u00f6\u00f6rata just pingelistel eluperioodidel, mil stressitase organismis kasvab ja toitumisharjumused halvenevad.<\/p>\n","protected":false},"featured_media":71956,"comment_status":"open","ping_status":"closed","template":"","meta":[],"product_brand":[],"product_cat":[2251,2259,1329,1454,536],"product_tag":[2173,2174,1924],"giftcard-category":[],"class_list":{"0":"post-39600","1":"product","2":"type-product","3":"status-publish","4":"has-post-thumbnail","6":"product_cat-b-vitamin-en","7":"product_cat-folic-acid-en","8":"product_cat-ostrovit-en","9":"product_cat-superfoods-health-foods-en","10":"product_cat-vitamins-and-minerals-en","11":"product_tag-folic-acid-en","12":"product_tag-foolhape-en","13":"product_tag-ostrovit-en","14":"pa_toidulisand-branddd-ostrovit","15":"pa_tootegruppp-b-vitamiin-en","16":"pa_tootegruppp-foolhape-en","17":"pa_tootegruppp-supertoit-tervisetoit-en","18":"pa_tootegruppp-vitamins-and-minerals","20":"first","21":"instock","22":"sale","23":"taxable","24":"shipping-taxable","25":"purchasable","26":"product-type-simple"},"yoast_head":"<!-- This site is optimized with the Yoast SEO plugin v27.3 - https:\/\/yoast.com\/product\/yoast-seo-wordpress\/ -->\n<title>Foolhape (90tabs) - Folic Acid - Vitamiin B9 - Kiire tarne: 1-3 p\u00e4eva - Fit360<\/title>\n<meta name=\"description\" content=\"Foolhape m\u00e4ngib olulist rolli organismi kasvuprotsessis ja uute rakkude ehituses. Aitab kaasa n\u00e4rvis\u00fcsteemi normaalsele toimimisele\" \/>\n<meta name=\"robots\" content=\"index, follow, max-snippet:-1, max-image-preview:large, max-video-preview:-1\" \/>\n<link rel=\"canonical\" href=\"https:\/\/fit360.ee\/en\/pood\/product-groups\/vitamins-and-minerals-en\/b-vitamin-en\/foolhape-folic-acid-90tabs\/\" \/>\n<meta property=\"og:locale\" content=\"en_US\" \/>\n<meta property=\"og:type\" content=\"article\" \/>\n<meta property=\"og:title\" content=\"Foolhape (90tabs) - Folic Acid - Vitamiin B9 - Kiire tarne: 1-3 p\u00e4eva - Fit360\" \/>\n<meta property=\"og:description\" content=\"Foolhape m\u00e4ngib olulist rolli organismi kasvuprotsessis ja uute rakkude ehituses. Aitab kaasa n\u00e4rvis\u00fcsteemi normaalsele toimimisele\" \/>\n<meta property=\"og:url\" content=\"https:\/\/fit360.ee\/en\/pood\/product-groups\/vitamins-and-minerals-en\/b-vitamin-en\/foolhape-folic-acid-90tabs\/\" \/>\n<meta property=\"og:site_name\" content=\"Fit360\" \/>\n<meta property=\"article:modified_time\" content=\"2025-08-19T07:11:21+00:00\" \/>\n<meta property=\"og:image\" content=\"https:\/\/fit360.ee\/wp-content\/uploads\/2020\/11\/Foolhape-Folic-Acid-Ostrovit-fit360.ee-1.png\" \/>\n\t<meta property=\"og:image:width\" content=\"450\" \/>\n\t<meta property=\"og:image:height\" content=\"450\" \/>\n\t<meta property=\"og:image:type\" content=\"image\/png\" \/>\n<meta name=\"twitter:card\" content=\"summary_large_image\" \/>\n<meta name=\"twitter:label1\" content=\"Est. reading time\" \/>\n\t<meta name=\"twitter:data1\" content=\"1 minute\" \/>\n<script type=\"application\/ld+json\" class=\"yoast-schema-graph\">{\"@context\":\"https:\\\/\\\/schema.org\",\"@graph\":[{\"@type\":\"WebPage\",\"@id\":\"https:\\\/\\\/fit360.ee\\\/en\\\/pood\\\/product-groups\\\/vitamins-and-minerals-en\\\/b-vitamin-en\\\/foolhape-folic-acid-90tabs\\\/\",\"url\":\"https:\\\/\\\/fit360.ee\\\/en\\\/pood\\\/product-groups\\\/vitamins-and-minerals-en\\\/b-vitamin-en\\\/foolhape-folic-acid-90tabs\\\/\",\"name\":\"Foolhape (90tabs) - Folic Acid - Vitamiin B9 - Kiire tarne: 1-3 p\u00e4eva - Fit360\",\"isPartOf\":{\"@id\":\"https:\\\/\\\/fit360.ee\\\/en\\\/#website\"},\"primaryImageOfPage\":{\"@id\":\"https:\\\/\\\/fit360.ee\\\/en\\\/pood\\\/product-groups\\\/vitamins-and-minerals-en\\\/b-vitamin-en\\\/foolhape-folic-acid-90tabs\\\/#primaryimage\"},\"image\":{\"@id\":\"https:\\\/\\\/fit360.ee\\\/en\\\/pood\\\/product-groups\\\/vitamins-and-minerals-en\\\/b-vitamin-en\\\/foolhape-folic-acid-90tabs\\\/#primaryimage\"},\"thumbnailUrl\":\"https:\\\/\\\/fit360.ee\\\/wp-content\\\/uploads\\\/2020\\\/11\\\/Foolhape-Folic-Acid-Ostrovit-fit360.ee-1.png\",\"datePublished\":\"2020-11-19T18:54:20+00:00\",\"dateModified\":\"2025-08-19T07:11:21+00:00\",\"description\":\"Foolhape m\u00e4ngib olulist rolli organismi kasvuprotsessis ja uute rakkude ehituses. Aitab kaasa n\u00e4rvis\u00fcsteemi normaalsele toimimisele\",\"breadcrumb\":{\"@id\":\"https:\\\/\\\/fit360.ee\\\/en\\\/pood\\\/product-groups\\\/vitamins-and-minerals-en\\\/b-vitamin-en\\\/foolhape-folic-acid-90tabs\\\/#breadcrumb\"},\"inLanguage\":\"en-US\",\"potentialAction\":[{\"@type\":\"ReadAction\",\"target\":[\"https:\\\/\\\/fit360.ee\\\/en\\\/pood\\\/product-groups\\\/vitamins-and-minerals-en\\\/b-vitamin-en\\\/foolhape-folic-acid-90tabs\\\/\"]}]},{\"@type\":\"ImageObject\",\"inLanguage\":\"en-US\",\"@id\":\"https:\\\/\\\/fit360.ee\\\/en\\\/pood\\\/product-groups\\\/vitamins-and-minerals-en\\\/b-vitamin-en\\\/foolhape-folic-acid-90tabs\\\/#primaryimage\",\"url\":\"https:\\\/\\\/fit360.ee\\\/wp-content\\\/uploads\\\/2020\\\/11\\\/Foolhape-Folic-Acid-Ostrovit-fit360.ee-1.png\",\"contentUrl\":\"https:\\\/\\\/fit360.ee\\\/wp-content\\\/uploads\\\/2020\\\/11\\\/Foolhape-Folic-Acid-Ostrovit-fit360.ee-1.png\",\"width\":450,\"height\":450,\"caption\":\"Foolhape Folic Acid Ostrovit - fit360.ee\"},{\"@type\":\"BreadcrumbList\",\"@id\":\"https:\\\/\\\/fit360.ee\\\/en\\\/pood\\\/product-groups\\\/vitamins-and-minerals-en\\\/b-vitamin-en\\\/foolhape-folic-acid-90tabs\\\/#breadcrumb\",\"itemListElement\":[{\"@type\":\"ListItem\",\"position\":1,\"name\":\"Home\",\"item\":\"https:\\\/\\\/fit360.ee\\\/en\\\/\"},{\"@type\":\"ListItem\",\"position\":2,\"name\":\"Shop\",\"item\":\"https:\\\/\\\/fit360.ee\\\/en\\\/shop\\\/\"},{\"@type\":\"ListItem\",\"position\":3,\"name\":\"Foolhape (Folic Acid) 90tabs\"}]},{\"@type\":\"WebSite\",\"@id\":\"https:\\\/\\\/fit360.ee\\\/en\\\/#website\",\"url\":\"https:\\\/\\\/fit360.ee\\\/en\\\/\",\"name\":\"Fit360\",\"description\":\"\",\"publisher\":{\"@id\":\"https:\\\/\\\/fit360.ee\\\/en\\\/#organization\"},\"potentialAction\":[{\"@type\":\"SearchAction\",\"target\":{\"@type\":\"EntryPoint\",\"urlTemplate\":\"https:\\\/\\\/fit360.ee\\\/en\\\/?s={search_term_string}\"},\"query-input\":{\"@type\":\"PropertyValueSpecification\",\"valueRequired\":true,\"valueName\":\"search_term_string\"}}],\"inLanguage\":\"en-US\"},{\"@type\":\"Organization\",\"@id\":\"https:\\\/\\\/fit360.ee\\\/en\\\/#organization\",\"name\":\"Fit360\",\"url\":\"https:\\\/\\\/fit360.ee\\\/en\\\/\",\"logo\":{\"@type\":\"ImageObject\",\"inLanguage\":\"en-US\",\"@id\":\"https:\\\/\\\/fit360.ee\\\/en\\\/#\\\/schema\\\/logo\\\/image\\\/\",\"url\":\"https:\\\/\\\/fit360.ee\\\/wp-content\\\/uploads\\\/2017\\\/01\\\/logo-fit360.png\",\"contentUrl\":\"https:\\\/\\\/fit360.ee\\\/wp-content\\\/uploads\\\/2017\\\/01\\\/logo-fit360.png\",\"width\":180,\"height\":66,\"caption\":\"Fit360\"},\"image\":{\"@id\":\"https:\\\/\\\/fit360.ee\\\/en\\\/#\\\/schema\\\/logo\\\/image\\\/\"}}]}<\/script>\n<!-- \/ Yoast SEO plugin. -->","yoast_head_json":{"title":"Foolhape (90tabs) - Folic Acid - Vitamiin B9 - Kiire tarne: 1-3 p\u00e4eva - Fit360","description":"Foolhape m\u00e4ngib olulist rolli organismi kasvuprotsessis ja uute rakkude ehituses. Aitab kaasa n\u00e4rvis\u00fcsteemi normaalsele toimimisele","robots":{"index":"index","follow":"follow","max-snippet":"max-snippet:-1","max-image-preview":"max-image-preview:large","max-video-preview":"max-video-preview:-1"},"canonical":"https:\/\/fit360.ee\/en\/pood\/product-groups\/vitamins-and-minerals-en\/b-vitamin-en\/foolhape-folic-acid-90tabs\/","og_locale":"en_US","og_type":"article","og_title":"Foolhape (90tabs) - Folic Acid - Vitamiin B9 - Kiire tarne: 1-3 p\u00e4eva - Fit360","og_description":"Foolhape m\u00e4ngib olulist rolli organismi kasvuprotsessis ja uute rakkude ehituses. Aitab kaasa n\u00e4rvis\u00fcsteemi normaalsele toimimisele","og_url":"https:\/\/fit360.ee\/en\/pood\/product-groups\/vitamins-and-minerals-en\/b-vitamin-en\/foolhape-folic-acid-90tabs\/","og_site_name":"Fit360","article_modified_time":"2025-08-19T07:11:21+00:00","og_image":[{"width":450,"height":450,"url":"https:\/\/fit360.ee\/wp-content\/uploads\/2020\/11\/Foolhape-Folic-Acid-Ostrovit-fit360.ee-1.png","type":"image\/png"}],"twitter_card":"summary_large_image","twitter_misc":{"Est. reading time":"1 minute"},"schema":{"@context":"https:\/\/schema.org","@graph":[{"@type":"WebPage","@id":"https:\/\/fit360.ee\/en\/pood\/product-groups\/vitamins-and-minerals-en\/b-vitamin-en\/foolhape-folic-acid-90tabs\/","url":"https:\/\/fit360.ee\/en\/pood\/product-groups\/vitamins-and-minerals-en\/b-vitamin-en\/foolhape-folic-acid-90tabs\/","name":"Foolhape (90tabs) - Folic Acid - Vitamiin B9 - Kiire tarne: 1-3 p\u00e4eva - Fit360","isPartOf":{"@id":"https:\/\/fit360.ee\/en\/#website"},"primaryImageOfPage":{"@id":"https:\/\/fit360.ee\/en\/pood\/product-groups\/vitamins-and-minerals-en\/b-vitamin-en\/foolhape-folic-acid-90tabs\/#primaryimage"},"image":{"@id":"https:\/\/fit360.ee\/en\/pood\/product-groups\/vitamins-and-minerals-en\/b-vitamin-en\/foolhape-folic-acid-90tabs\/#primaryimage"},"thumbnailUrl":"https:\/\/fit360.ee\/wp-content\/uploads\/2020\/11\/Foolhape-Folic-Acid-Ostrovit-fit360.ee-1.png","datePublished":"2020-11-19T18:54:20+00:00","dateModified":"2025-08-19T07:11:21+00:00","description":"Foolhape m\u00e4ngib olulist rolli organismi kasvuprotsessis ja uute rakkude ehituses. Aitab kaasa n\u00e4rvis\u00fcsteemi normaalsele toimimisele","breadcrumb":{"@id":"https:\/\/fit360.ee\/en\/pood\/product-groups\/vitamins-and-minerals-en\/b-vitamin-en\/foolhape-folic-acid-90tabs\/#breadcrumb"},"inLanguage":"en-US","potentialAction":[{"@type":"ReadAction","target":["https:\/\/fit360.ee\/en\/pood\/product-groups\/vitamins-and-minerals-en\/b-vitamin-en\/foolhape-folic-acid-90tabs\/"]}]},{"@type":"ImageObject","inLanguage":"en-US","@id":"https:\/\/fit360.ee\/en\/pood\/product-groups\/vitamins-and-minerals-en\/b-vitamin-en\/foolhape-folic-acid-90tabs\/#primaryimage","url":"https:\/\/fit360.ee\/wp-content\/uploads\/2020\/11\/Foolhape-Folic-Acid-Ostrovit-fit360.ee-1.png","contentUrl":"https:\/\/fit360.ee\/wp-content\/uploads\/2020\/11\/Foolhape-Folic-Acid-Ostrovit-fit360.ee-1.png","width":450,"height":450,"caption":"Foolhape Folic Acid Ostrovit - fit360.ee"},{"@type":"BreadcrumbList","@id":"https:\/\/fit360.ee\/en\/pood\/product-groups\/vitamins-and-minerals-en\/b-vitamin-en\/foolhape-folic-acid-90tabs\/#breadcrumb","itemListElement":[{"@type":"ListItem","position":1,"name":"Home","item":"https:\/\/fit360.ee\/en\/"},{"@type":"ListItem","position":2,"name":"Shop","item":"https:\/\/fit360.ee\/en\/shop\/"},{"@type":"ListItem","position":3,"name":"Foolhape (Folic Acid) 90tabs"}]},{"@type":"WebSite","@id":"https:\/\/fit360.ee\/en\/#website","url":"https:\/\/fit360.ee\/en\/","name":"Fit360","description":"","publisher":{"@id":"https:\/\/fit360.ee\/en\/#organization"},"potentialAction":[{"@type":"SearchAction","target":{"@type":"EntryPoint","urlTemplate":"https:\/\/fit360.ee\/en\/?s={search_term_string}"},"query-input":{"@type":"PropertyValueSpecification","valueRequired":true,"valueName":"search_term_string"}}],"inLanguage":"en-US"},{"@type":"Organization","@id":"https:\/\/fit360.ee\/en\/#organization","name":"Fit360","url":"https:\/\/fit360.ee\/en\/","logo":{"@type":"ImageObject","inLanguage":"en-US","@id":"https:\/\/fit360.ee\/en\/#\/schema\/logo\/image\/","url":"https:\/\/fit360.ee\/wp-content\/uploads\/2017\/01\/logo-fit360.png","contentUrl":"https:\/\/fit360.ee\/wp-content\/uploads\/2017\/01\/logo-fit360.png","width":180,"height":66,"caption":"Fit360"},"image":{"@id":"https:\/\/fit360.ee\/en\/#\/schema\/logo\/image\/"}}]}},"_links":{"self":[{"href":"https:\/\/fit360.ee\/en\/wp-json\/wp\/v2\/product\/39600","targetHints":{"allow":["GET"]}}],"collection":[{"href":"https:\/\/fit360.ee\/en\/wp-json\/wp\/v2\/product"}],"about":[{"href":"https:\/\/fit360.ee\/en\/wp-json\/wp\/v2\/types\/product"}],"replies":[{"embeddable":true,"href":"https:\/\/fit360.ee\/en\/wp-json\/wp\/v2\/comments?post=39600"}],"wp:featuredmedia":[{"embeddable":true,"href":"https:\/\/fit360.ee\/en\/wp-json\/wp\/v2\/media\/71956"}],"wp:attachment":[{"href":"https:\/\/fit360.ee\/en\/wp-json\/wp\/v2\/media?parent=39600"}],"wp:term":[{"taxonomy":"product_brand","embeddable":true,"href":"https:\/\/fit360.ee\/en\/wp-json\/wp\/v2\/product_brand?post=39600"},{"taxonomy":"product_cat","embeddable":true,"href":"https:\/\/fit360.ee\/en\/wp-json\/wp\/v2\/product_cat?post=39600"},{"taxonomy":"product_tag","embeddable":true,"href":"https:\/\/fit360.ee\/en\/wp-json\/wp\/v2\/product_tag?post=39600"},{"taxonomy":"giftcard-category","embeddable":true,"href":"https:\/\/fit360.ee\/en\/wp-json\/wp\/v2\/giftcard-category?post=39600"}],"curies":[{"name":"wp","href":"https:\/\/api.w.org\/{rel}","templated":true}]}}