{"id":40111,"date":"2020-12-02T22:52:38","date_gmt":"2020-12-02T20:52:38","guid":{"rendered":"https:\/\/fit360.ee\/?post_type=product&#038;p=40111"},"modified":"2026-01-21T14:30:28","modified_gmt":"2026-01-21T12:30:28","slug":"liquid-kaltsium-magneesium-100softgels","status":"publish","type":"product","link":"https:\/\/fit360.ee\/en\/pood\/product-groups\/vitamins-and-minerals-en\/magnesium-en\/liquid-kaltsium-magneesium-100softgels\/","title":{"rendered":"Swanson Liquid Kaltsium &amp; Magneesium (100 softgels)"},"content":{"rendered":"<h1>Kaltsium Magneesium geelkapslid<\/h1>\n<p>Kaltsium Magneesium on vajalik luude ja hammaste toetuseks ning n\u00e4rvide ja lihaste normaalseks funktsioneerimiseks.\u00a0Lisaks aitab v\u00e4hendada v\u00e4simust ja kurnatust ning hoida hambaid ja luid normaalsetena. \u00dchena elektrol\u00fc\u00fctilistest mineraalainetest toetab magneesium organismis elektrol\u00fc\u00fctide tasakaalu s\u00e4ilitamist f\u00fc\u00fcsilise koormuse ja liigse vedelikukaotuse korral.<\/p>\n<p>Kaltsiumi toidulisandite kasutamine on soovitatav, kui p\u00e4evases toidusedelis puuduvad piimatooted v\u00f5i tarbitakse neid v\u00e4hesel m\u00e4\u00e4ral. Piisava koguse kaltsiumi ja magneesiumi saamine on oluline eriti eakatele, rasedatele ja imetavatele emadele ning neile, kellel esineb lihaspingeid.<\/p>\n<p>V\u00e4hene magneesium organismis toob kaasa palju ebameeldivaid s\u00fcmptomeid ja ka kroonilisi haigusi. Eriti t\u00e4htis on\u00a0<strong>organismis kaltsiumi ja magneesiumi tasakaal.<\/strong>\u00a0Liiga v\u00e4he magneesiumit ei v\u00f5imalda luudel kaltsiumit omastada. Magneesiumi vajadus suureneb vaimse ja f\u00fc\u00fcsilise stressi korral, samuti sportimise puhul ja rasedatel. Magneesium on vajalik iga raku jaoks alustades soolestikust ning l\u00f5petades ajuga.<\/p>\n<p><strong>Teised koostisosad: <\/strong>soja\u00f5li, \u017eelatiin, gl\u00fctseriin, puhastatud vesi, sojaletsitiin,kollane mesilasvaha, titaan dioksiid.<\/p>\n<p><strong>Kasutamine: <\/strong>\u00a0v\u00f5ta 2 geelkapslit p\u00e4evas koos s\u00f6\u00f6giga.<\/p>\n<p><strong>Suurus<\/strong>: 100 kapslit<\/p>\n<table>\n<tbody>\n<tr>\n<td width=\"213\"><strong>Aktiivsed toimeained<\/strong><\/td>\n<td width=\"213\"><strong>2 geelkapslit<\/strong><\/td>\n<td width=\"213\"><strong>SPK%<\/strong><\/td>\n<\/tr>\n<tr>\n<td width=\"213\">Kalorid<\/td>\n<td width=\"213\">20kcal<\/td>\n<td width=\"213\"><\/td>\n<\/tr>\n<tr>\n<td width=\"213\">Rasvad<\/td>\n<td width=\"213\">1,5g<\/td>\n<td width=\"213\">2%<\/td>\n<\/tr>\n<tr>\n<td width=\"213\"><strong>Kaltsium (Kaltsiumkarbonaadist)<\/strong><\/td>\n<td width=\"213\"><strong>600mg<\/strong><\/td>\n<td width=\"213\"><strong>46%<\/strong><\/td>\n<\/tr>\n<tr>\n<td width=\"213\"><strong>Magneesium (Magneesiumoksiidist)<\/strong><\/td>\n<td width=\"213\"><strong>300mg<\/strong><\/td>\n<td width=\"213\"><strong>71%<\/strong><\/td>\n<\/tr>\n<\/tbody>\n<\/table>\n<p><strong style=\"font-size: 14.4px;\"><br \/>\n* &#8211; SPK (Soovitatud p\u00e4evane kogus)<\/strong><\/p>\n<p><a href=\"https:\/\/fit360.ee\/wp-content\/uploads\/2020\/12\/Kaltsium-Magneesium-fit360.ee-1-800x800.jpg\"><img loading=\"lazy\" decoding=\"async\" class=\"size-medium wp-image-40116\" src=\"https:\/\/fit360.ee\/wp-content\/uploads\/2020\/12\/Kaltsium-Magneesium-fit360.ee-1-800x800.jpg\" alt=\"Kaltsium Magneesium - fit360.ee \" width=\"800\" height=\"800\" srcset=\"https:\/\/fit360.ee\/wp-content\/uploads\/2020\/12\/Kaltsium-Magneesium-fit360.ee-1-800x800.jpg 800w, https:\/\/fit360.ee\/wp-content\/uploads\/2020\/12\/Kaltsium-Magneesium-fit360.ee-1-247x247.jpg 247w, https:\/\/fit360.ee\/wp-content\/uploads\/2020\/12\/Kaltsium-Magneesium-fit360.ee-1-100x100.jpg 100w, https:\/\/fit360.ee\/wp-content\/uploads\/2020\/12\/Kaltsium-Magneesium-fit360.ee-1-510x510.jpg 510w, https:\/\/fit360.ee\/wp-content\/uploads\/2020\/12\/Kaltsium-Magneesium-fit360.ee-1-340x340.jpg 340w, https:\/\/fit360.ee\/wp-content\/uploads\/2020\/12\/Kaltsium-Magneesium-fit360.ee-1-768x768.jpg 768w, https:\/\/fit360.ee\/wp-content\/uploads\/2020\/12\/Kaltsium-Magneesium-fit360.ee-1-80x80.jpg 80w, https:\/\/fit360.ee\/wp-content\/uploads\/2020\/12\/Kaltsium-Magneesium-fit360.ee-1.jpg 1200w\" sizes=\"auto, (max-width: 800px) 100vw, 800px\" \/><\/a><\/p>\n<p>Soovid kaupa osta suuremas koguses? Vaata antud toodet ka meie HULGI poest\u00a0<a href=\"https:\/\/toidulisandidhulgi.ee\/product\/liquid-kaltsium-\u2026sium-100softgels\/\"><strong>SIIT<\/strong><\/a>!<\/p>\n","protected":false},"excerpt":{"rendered":"<h2><strong>Liquid Kaltsium &amp; Magneesium:<\/strong><\/h2>\n<ul>\n<li>Aitab s\u00e4ilitada tervislikku luustruktuuri<\/li>\n<li>hooldab vere h\u00fc\u00fcbimist ja n\u00e4rvide t\u00f6\u00f6d<\/li>\n<li>h\u00e4davajalik ens\u00fc\u00fcmide t\u00f6\u00f6ks.<\/li>\n<li>Positiivne m\u00f5ju immuuns\u00fcsteemile.<\/li>\n<li>Osaleb valkude, rasvade ja s\u00fcsivesikute metabolismis.<\/li>\n<li>Kiirendab haavade paranemist ja leevendab naha\u00e4rritusi.<\/li>\n<li>2:1 Kaltsium &#8211; Magneesium suhtega<\/li>\n<\/ul>\n<p><strong>Kaltsium<\/strong> ja <strong>magneesium<\/strong> panustavad luustruktuuri hooldusesse. Sobib keha ja luustruktuuri tugevdamiseks peale intensiivset treeningut.<\/p>\n<p>Mitmed teadusuuringud on leidnud, et Kaltsium ja Magneesium koos imenduvad k\u00f5ige efektiivsemalt.<\/p>\n<p>&nbsp;<\/p>\n","protected":false},"featured_media":40115,"comment_status":"open","ping_status":"closed","template":"","meta":[],"product_brand":[],"product_cat":[2267,1915,1651,536],"product_tag":[2208,2209,1848],"giftcard-category":[],"class_list":{"0":"post-40111","1":"product","2":"type-product","3":"status-publish","4":"has-post-thumbnail","6":"product_cat-calcium-en","7":"product_cat-magnesium-en","8":"product_cat-swanson-en","9":"product_cat-vitamins-and-minerals-en","10":"product_tag-calcium-magnesium-en","11":"product_tag-kaltsium-magneesium-en","12":"product_tag-swanson-en","13":"pa_toidulisand-branddd-swanson","14":"pa_tootegruppp-kaltsium-en","15":"pa_tootegruppp-magneesium-en","16":"pa_tootegruppp-vitamins-and-minerals","18":"first","19":"instock","20":"sale","21":"taxable","22":"shipping-taxable","23":"purchasable","24":"product-type-simple"},"yoast_head":"<!-- This site is optimized with the Yoast SEO plugin v27.3 - https:\/\/yoast.com\/product\/yoast-seo-wordpress\/ -->\n<title>Swanson Liquid Kaltsium &amp; Magneesium (100 softgels) - Kiire tarne<\/title>\n<meta name=\"description\" content=\"Kaltsium Magneesium panustavad luustruktuuri hooldusesse. Sobib keha ja luustruktuuri tugevdamiseks.\u00a0Lisaks aitab v\u00e4hendada v\u00e4simust.\" \/>\n<meta name=\"robots\" content=\"index, follow, max-snippet:-1, max-image-preview:large, max-video-preview:-1\" \/>\n<link rel=\"canonical\" href=\"https:\/\/fit360.ee\/en\/pood\/product-groups\/vitamins-and-minerals-en\/magnesium-en\/liquid-kaltsium-magneesium-100softgels\/\" \/>\n<meta property=\"og:locale\" content=\"en_US\" \/>\n<meta property=\"og:type\" content=\"article\" \/>\n<meta property=\"og:title\" content=\"Swanson Liquid Kaltsium &amp; Magneesium (100 softgels) - Kiire tarne\" \/>\n<meta property=\"og:description\" content=\"Kaltsium Magneesium panustavad luustruktuuri hooldusesse. Sobib keha ja luustruktuuri tugevdamiseks.\u00a0Lisaks aitab v\u00e4hendada v\u00e4simust.\" \/>\n<meta property=\"og:url\" content=\"https:\/\/fit360.ee\/en\/pood\/product-groups\/vitamins-and-minerals-en\/magnesium-en\/liquid-kaltsium-magneesium-100softgels\/\" \/>\n<meta property=\"og:site_name\" content=\"Fit360\" \/>\n<meta property=\"article:modified_time\" content=\"2026-01-21T12:30:28+00:00\" \/>\n<meta property=\"og:image\" content=\"https:\/\/fit360.ee\/wp-content\/uploads\/2020\/12\/Kaltsium-Magneesium-geelkapslid-Swanson-fit360.ee_.jpg\" \/>\n\t<meta property=\"og:image:width\" content=\"564\" \/>\n\t<meta property=\"og:image:height\" content=\"994\" \/>\n\t<meta property=\"og:image:type\" content=\"image\/jpeg\" \/>\n<meta name=\"twitter:card\" content=\"summary_large_image\" \/>\n<meta name=\"twitter:label1\" content=\"Est. reading time\" \/>\n\t<meta name=\"twitter:data1\" content=\"1 minute\" \/>\n<script type=\"application\/ld+json\" class=\"yoast-schema-graph\">{\"@context\":\"https:\\\/\\\/schema.org\",\"@graph\":[{\"@type\":\"WebPage\",\"@id\":\"https:\\\/\\\/fit360.ee\\\/en\\\/pood\\\/product-groups\\\/vitamins-and-minerals-en\\\/magnesium-en\\\/liquid-kaltsium-magneesium-100softgels\\\/\",\"url\":\"https:\\\/\\\/fit360.ee\\\/en\\\/pood\\\/product-groups\\\/vitamins-and-minerals-en\\\/magnesium-en\\\/liquid-kaltsium-magneesium-100softgels\\\/\",\"name\":\"Swanson Liquid Kaltsium &amp; Magneesium (100 softgels) - Kiire tarne\",\"isPartOf\":{\"@id\":\"https:\\\/\\\/fit360.ee\\\/en\\\/#website\"},\"primaryImageOfPage\":{\"@id\":\"https:\\\/\\\/fit360.ee\\\/en\\\/pood\\\/product-groups\\\/vitamins-and-minerals-en\\\/magnesium-en\\\/liquid-kaltsium-magneesium-100softgels\\\/#primaryimage\"},\"image\":{\"@id\":\"https:\\\/\\\/fit360.ee\\\/en\\\/pood\\\/product-groups\\\/vitamins-and-minerals-en\\\/magnesium-en\\\/liquid-kaltsium-magneesium-100softgels\\\/#primaryimage\"},\"thumbnailUrl\":\"https:\\\/\\\/fit360.ee\\\/wp-content\\\/uploads\\\/2020\\\/12\\\/Kaltsium-Magneesium-geelkapslid-Swanson-fit360.ee_.jpg\",\"datePublished\":\"2020-12-02T20:52:38+00:00\",\"dateModified\":\"2026-01-21T12:30:28+00:00\",\"description\":\"Kaltsium Magneesium panustavad luustruktuuri hooldusesse. Sobib keha ja luustruktuuri tugevdamiseks.\u00a0Lisaks aitab v\u00e4hendada v\u00e4simust.\",\"breadcrumb\":{\"@id\":\"https:\\\/\\\/fit360.ee\\\/en\\\/pood\\\/product-groups\\\/vitamins-and-minerals-en\\\/magnesium-en\\\/liquid-kaltsium-magneesium-100softgels\\\/#breadcrumb\"},\"inLanguage\":\"en-US\",\"potentialAction\":[{\"@type\":\"ReadAction\",\"target\":[\"https:\\\/\\\/fit360.ee\\\/en\\\/pood\\\/product-groups\\\/vitamins-and-minerals-en\\\/magnesium-en\\\/liquid-kaltsium-magneesium-100softgels\\\/\"]}]},{\"@type\":\"ImageObject\",\"inLanguage\":\"en-US\",\"@id\":\"https:\\\/\\\/fit360.ee\\\/en\\\/pood\\\/product-groups\\\/vitamins-and-minerals-en\\\/magnesium-en\\\/liquid-kaltsium-magneesium-100softgels\\\/#primaryimage\",\"url\":\"https:\\\/\\\/fit360.ee\\\/wp-content\\\/uploads\\\/2020\\\/12\\\/Kaltsium-Magneesium-geelkapslid-Swanson-fit360.ee_.jpg\",\"contentUrl\":\"https:\\\/\\\/fit360.ee\\\/wp-content\\\/uploads\\\/2020\\\/12\\\/Kaltsium-Magneesium-geelkapslid-Swanson-fit360.ee_.jpg\",\"width\":564,\"height\":994,\"caption\":\"Kaltsium Magneesium geelkapslid Swanson - fit360.ee\"},{\"@type\":\"BreadcrumbList\",\"@id\":\"https:\\\/\\\/fit360.ee\\\/en\\\/pood\\\/product-groups\\\/vitamins-and-minerals-en\\\/magnesium-en\\\/liquid-kaltsium-magneesium-100softgels\\\/#breadcrumb\",\"itemListElement\":[{\"@type\":\"ListItem\",\"position\":1,\"name\":\"Home\",\"item\":\"https:\\\/\\\/fit360.ee\\\/en\\\/\"},{\"@type\":\"ListItem\",\"position\":2,\"name\":\"Shop\",\"item\":\"https:\\\/\\\/fit360.ee\\\/en\\\/shop\\\/\"},{\"@type\":\"ListItem\",\"position\":3,\"name\":\"Swanson Liquid Kaltsium &amp; Magneesium (100 softgels)\"}]},{\"@type\":\"WebSite\",\"@id\":\"https:\\\/\\\/fit360.ee\\\/en\\\/#website\",\"url\":\"https:\\\/\\\/fit360.ee\\\/en\\\/\",\"name\":\"Fit360\",\"description\":\"\",\"publisher\":{\"@id\":\"https:\\\/\\\/fit360.ee\\\/en\\\/#organization\"},\"potentialAction\":[{\"@type\":\"SearchAction\",\"target\":{\"@type\":\"EntryPoint\",\"urlTemplate\":\"https:\\\/\\\/fit360.ee\\\/en\\\/?s={search_term_string}\"},\"query-input\":{\"@type\":\"PropertyValueSpecification\",\"valueRequired\":true,\"valueName\":\"search_term_string\"}}],\"inLanguage\":\"en-US\"},{\"@type\":\"Organization\",\"@id\":\"https:\\\/\\\/fit360.ee\\\/en\\\/#organization\",\"name\":\"Fit360\",\"url\":\"https:\\\/\\\/fit360.ee\\\/en\\\/\",\"logo\":{\"@type\":\"ImageObject\",\"inLanguage\":\"en-US\",\"@id\":\"https:\\\/\\\/fit360.ee\\\/en\\\/#\\\/schema\\\/logo\\\/image\\\/\",\"url\":\"https:\\\/\\\/fit360.ee\\\/wp-content\\\/uploads\\\/2017\\\/01\\\/logo-fit360.png\",\"contentUrl\":\"https:\\\/\\\/fit360.ee\\\/wp-content\\\/uploads\\\/2017\\\/01\\\/logo-fit360.png\",\"width\":180,\"height\":66,\"caption\":\"Fit360\"},\"image\":{\"@id\":\"https:\\\/\\\/fit360.ee\\\/en\\\/#\\\/schema\\\/logo\\\/image\\\/\"}}]}<\/script>\n<!-- \/ Yoast SEO plugin. -->","yoast_head_json":{"title":"Swanson Liquid Kaltsium &amp; Magneesium (100 softgels) - Kiire tarne","description":"Kaltsium Magneesium panustavad luustruktuuri hooldusesse. Sobib keha ja luustruktuuri tugevdamiseks.\u00a0Lisaks aitab v\u00e4hendada v\u00e4simust.","robots":{"index":"index","follow":"follow","max-snippet":"max-snippet:-1","max-image-preview":"max-image-preview:large","max-video-preview":"max-video-preview:-1"},"canonical":"https:\/\/fit360.ee\/en\/pood\/product-groups\/vitamins-and-minerals-en\/magnesium-en\/liquid-kaltsium-magneesium-100softgels\/","og_locale":"en_US","og_type":"article","og_title":"Swanson Liquid Kaltsium &amp; Magneesium (100 softgels) - Kiire tarne","og_description":"Kaltsium Magneesium panustavad luustruktuuri hooldusesse. Sobib keha ja luustruktuuri tugevdamiseks.\u00a0Lisaks aitab v\u00e4hendada v\u00e4simust.","og_url":"https:\/\/fit360.ee\/en\/pood\/product-groups\/vitamins-and-minerals-en\/magnesium-en\/liquid-kaltsium-magneesium-100softgels\/","og_site_name":"Fit360","article_modified_time":"2026-01-21T12:30:28+00:00","og_image":[{"width":564,"height":994,"url":"https:\/\/fit360.ee\/wp-content\/uploads\/2020\/12\/Kaltsium-Magneesium-geelkapslid-Swanson-fit360.ee_.jpg","type":"image\/jpeg"}],"twitter_card":"summary_large_image","twitter_misc":{"Est. reading time":"1 minute"},"schema":{"@context":"https:\/\/schema.org","@graph":[{"@type":"WebPage","@id":"https:\/\/fit360.ee\/en\/pood\/product-groups\/vitamins-and-minerals-en\/magnesium-en\/liquid-kaltsium-magneesium-100softgels\/","url":"https:\/\/fit360.ee\/en\/pood\/product-groups\/vitamins-and-minerals-en\/magnesium-en\/liquid-kaltsium-magneesium-100softgels\/","name":"Swanson Liquid Kaltsium &amp; Magneesium (100 softgels) - Kiire tarne","isPartOf":{"@id":"https:\/\/fit360.ee\/en\/#website"},"primaryImageOfPage":{"@id":"https:\/\/fit360.ee\/en\/pood\/product-groups\/vitamins-and-minerals-en\/magnesium-en\/liquid-kaltsium-magneesium-100softgels\/#primaryimage"},"image":{"@id":"https:\/\/fit360.ee\/en\/pood\/product-groups\/vitamins-and-minerals-en\/magnesium-en\/liquid-kaltsium-magneesium-100softgels\/#primaryimage"},"thumbnailUrl":"https:\/\/fit360.ee\/wp-content\/uploads\/2020\/12\/Kaltsium-Magneesium-geelkapslid-Swanson-fit360.ee_.jpg","datePublished":"2020-12-02T20:52:38+00:00","dateModified":"2026-01-21T12:30:28+00:00","description":"Kaltsium Magneesium panustavad luustruktuuri hooldusesse. Sobib keha ja luustruktuuri tugevdamiseks.\u00a0Lisaks aitab v\u00e4hendada v\u00e4simust.","breadcrumb":{"@id":"https:\/\/fit360.ee\/en\/pood\/product-groups\/vitamins-and-minerals-en\/magnesium-en\/liquid-kaltsium-magneesium-100softgels\/#breadcrumb"},"inLanguage":"en-US","potentialAction":[{"@type":"ReadAction","target":["https:\/\/fit360.ee\/en\/pood\/product-groups\/vitamins-and-minerals-en\/magnesium-en\/liquid-kaltsium-magneesium-100softgels\/"]}]},{"@type":"ImageObject","inLanguage":"en-US","@id":"https:\/\/fit360.ee\/en\/pood\/product-groups\/vitamins-and-minerals-en\/magnesium-en\/liquid-kaltsium-magneesium-100softgels\/#primaryimage","url":"https:\/\/fit360.ee\/wp-content\/uploads\/2020\/12\/Kaltsium-Magneesium-geelkapslid-Swanson-fit360.ee_.jpg","contentUrl":"https:\/\/fit360.ee\/wp-content\/uploads\/2020\/12\/Kaltsium-Magneesium-geelkapslid-Swanson-fit360.ee_.jpg","width":564,"height":994,"caption":"Kaltsium Magneesium geelkapslid Swanson - fit360.ee"},{"@type":"BreadcrumbList","@id":"https:\/\/fit360.ee\/en\/pood\/product-groups\/vitamins-and-minerals-en\/magnesium-en\/liquid-kaltsium-magneesium-100softgels\/#breadcrumb","itemListElement":[{"@type":"ListItem","position":1,"name":"Home","item":"https:\/\/fit360.ee\/en\/"},{"@type":"ListItem","position":2,"name":"Shop","item":"https:\/\/fit360.ee\/en\/shop\/"},{"@type":"ListItem","position":3,"name":"Swanson Liquid Kaltsium &amp; Magneesium (100 softgels)"}]},{"@type":"WebSite","@id":"https:\/\/fit360.ee\/en\/#website","url":"https:\/\/fit360.ee\/en\/","name":"Fit360","description":"","publisher":{"@id":"https:\/\/fit360.ee\/en\/#organization"},"potentialAction":[{"@type":"SearchAction","target":{"@type":"EntryPoint","urlTemplate":"https:\/\/fit360.ee\/en\/?s={search_term_string}"},"query-input":{"@type":"PropertyValueSpecification","valueRequired":true,"valueName":"search_term_string"}}],"inLanguage":"en-US"},{"@type":"Organization","@id":"https:\/\/fit360.ee\/en\/#organization","name":"Fit360","url":"https:\/\/fit360.ee\/en\/","logo":{"@type":"ImageObject","inLanguage":"en-US","@id":"https:\/\/fit360.ee\/en\/#\/schema\/logo\/image\/","url":"https:\/\/fit360.ee\/wp-content\/uploads\/2017\/01\/logo-fit360.png","contentUrl":"https:\/\/fit360.ee\/wp-content\/uploads\/2017\/01\/logo-fit360.png","width":180,"height":66,"caption":"Fit360"},"image":{"@id":"https:\/\/fit360.ee\/en\/#\/schema\/logo\/image\/"}}]}},"_links":{"self":[{"href":"https:\/\/fit360.ee\/en\/wp-json\/wp\/v2\/product\/40111","targetHints":{"allow":["GET"]}}],"collection":[{"href":"https:\/\/fit360.ee\/en\/wp-json\/wp\/v2\/product"}],"about":[{"href":"https:\/\/fit360.ee\/en\/wp-json\/wp\/v2\/types\/product"}],"replies":[{"embeddable":true,"href":"https:\/\/fit360.ee\/en\/wp-json\/wp\/v2\/comments?post=40111"}],"wp:featuredmedia":[{"embeddable":true,"href":"https:\/\/fit360.ee\/en\/wp-json\/wp\/v2\/media\/40115"}],"wp:attachment":[{"href":"https:\/\/fit360.ee\/en\/wp-json\/wp\/v2\/media?parent=40111"}],"wp:term":[{"taxonomy":"product_brand","embeddable":true,"href":"https:\/\/fit360.ee\/en\/wp-json\/wp\/v2\/product_brand?post=40111"},{"taxonomy":"product_cat","embeddable":true,"href":"https:\/\/fit360.ee\/en\/wp-json\/wp\/v2\/product_cat?post=40111"},{"taxonomy":"product_tag","embeddable":true,"href":"https:\/\/fit360.ee\/en\/wp-json\/wp\/v2\/product_tag?post=40111"},{"taxonomy":"giftcard-category","embeddable":true,"href":"https:\/\/fit360.ee\/en\/wp-json\/wp\/v2\/giftcard-category?post=40111"}],"curies":[{"name":"wp","href":"https:\/\/api.w.org\/{rel}","templated":true}]}}