{"id":40120,"date":"2020-12-02T23:21:39","date_gmt":"2020-12-02T21:21:39","guid":{"rendered":"https:\/\/fit360.ee\/?post_type=product&#038;p=40120"},"modified":"2024-05-26T14:18:28","modified_gmt":"2024-05-26T12:18:28","slug":"swanson-tsinkglukonaat-zinc-gluconate-250tabs","status":"publish","type":"product","link":"https:\/\/fit360.ee\/en\/pood\/product-groups\/vitamins-and-minerals-en\/zinc-en\/swanson-tsinkglukonaat-zinc-gluconate-250tabs\/","title":{"rendered":"Swanson Tsinkgl\u00fckonaat &#8211; Zinc Gluconate (250tabs)"},"content":{"rendered":"<h1>Tsingi tabletid<\/h1>\n<p>Swanson tsinkgl\u00fckonaat on nutikas valik neile, kes soovivad selle mineraalaine eeliseid t\u00e4ielikult \u00e4ra kasutada. Kuna tsingi biosaadavus taimsetes toiduainetes on madal, kui olete vegan- v\u00f5i taimetoitu v\u00f5tnud, siis veenduge, et varustate oma keha piisavas koguses selle toitainega.<\/p>\n<p>Tsink on mineraalaine, mis v\u00f5tab osa paljudest bioloogilistes protsessides ning tagab \u00fcle 300 erineva ens\u00fc\u00fcmi funktsionaalsuse. Terves kehas on umbes 2 g tsinki. Lihastes on sellest umbes 60% ja luudes 30%. Vereplasmas leiduv tsink moodustab kogu tsingi hulgast umbes 0,1%.<\/p>\n<p>Inimese organism ei suuda tsinki toota ega kaua s\u00e4ilitada, mist\u00f5ttu on vaja seda saada toidust v\u00f5i toidulisanditest. Tsingi imendumine toimub kaksteists\u00f5rmiksooles ning v\u00e4ljutatakse tsink neerude ja soolte kaudu.<\/p>\n<p>Tsinkgl\u00fckonaat ja tema kasulik m\u00f5ju on teada v\u00e4ga paljude erinevate haiguste ravimisel. N\u00e4iteks kasutatakse tsinki kasvuprobleemide ja laste k\u00f5hulahtisuse ravimiseks. Samuti immuuns\u00fcsteemi tugevdamiseks, k\u00fclmetuse raviks, k\u00f5rvainfektsioonide ja alumiste hingamisteede haigustel korral. Tsingi preparaate on kasutatud malaaria ravis, haavakreemides akne ja psoriaasi korral, p\u00e4iksep\u00f5letuste, villide ja muude nahainfektsioonide taviks.<\/p>\n<p><strong>Teised Koostisosad<\/strong>: mikrokristalne tselluloos (Taimsest kiduainest), steariinhape, magneesiumstearaat.<\/p>\n<p><strong>Kasutamine<\/strong>: V\u00f5ta 1\u20132 kapslit p\u00e4evas. Toode pole m\u00f5eldud rasedatele ja imetavatele emadele.<\/p>\n<p><strong>Suurus<\/strong>: 250 tabletti<\/p>\n<p>Tableti netokaal: 450mg<\/p>\n<table width=\"581\">\n<tbody>\n<tr>\n<td width=\"251\"><strong>Toimeained<\/strong><\/td>\n<td width=\"180\"><strong>1 tablett<\/strong><\/td>\n<td width=\"151\"><strong>SPK%<\/strong><\/td>\n<\/tr>\n<tr>\n<td width=\"251\">Tsink (Tsinkg\u00f6konaadist)<\/td>\n<td width=\"180\">30mg<\/td>\n<td width=\"151\">273%<\/td>\n<\/tr>\n<\/tbody>\n<\/table>\n<p>SPK &#8211; soovitatud p\u00e4evane kogus<\/p>\n","protected":false},"excerpt":{"rendered":"<h2><strong>Tsinkgl\u00fckonaat:<\/strong><\/h2>\n<ul>\n<li>Positiivne m\u00f5ju immuuns\u00fcsteemile.<\/li>\n<li>Positiivne m\u00f5ju viljakusele.<\/li>\n<li>Aitab s\u00e4ilitada ja parandada testosteroonitaset.<\/li>\n<li>Osaleb valkude, rasvade ja s\u00fcsivesikute metabolismis.<\/li>\n<li>Kiirendab haavade paranemist ja leevendab naha\u00e4rritusi.<\/li>\n<\/ul>\n<p>&nbsp;<\/p>\n","protected":false},"featured_media":40124,"comment_status":"open","ping_status":"closed","template":"","meta":[],"product_brand":[],"product_cat":[3030,3195,1651,532,536,2275],"product_tag":[1848,2143,2575,2145,2576],"giftcard-category":[],"class_list":{"0":"post-40120","1":"product","2":"type-product","3":"status-publish","4":"has-post-thumbnail","6":"product_cat-best-before-en","7":"product_cat-last-in-stock-en","8":"product_cat-swanson-en","9":"product_cat-testosterone-boosters-en","10":"product_cat-vitamins-and-minerals-en","11":"product_cat-zinc-en","12":"product_tag-swanson-en","13":"product_tag-tsink-en","14":"product_tag-tsinkglukonaat-en","15":"product_tag-zinc-en","16":"product_tag-zinc-gluconate-en","17":"pa_kogus-250-tablets","18":"pa_toidulisand-branddd-swanson","19":"pa_tootegruppp-testosterone-enhancers","20":"pa_tootegruppp-tsink-en","21":"pa_tootegruppp-vitamins-and-minerals","23":"first","24":"outofstock","25":"sale","26":"taxable","27":"shipping-taxable","28":"purchasable","29":"product-type-simple"},"yoast_head":"<!-- This site is optimized with the Yoast SEO plugin v27.3 - https:\/\/yoast.com\/product\/yoast-seo-wordpress\/ -->\n<title>Tsinkgl\u00fckonaat (250tabs) - Zing Gluconate - Tsink - Swanson - Kiire tarne<\/title>\n<meta name=\"description\" content=\"Tsinkgl\u00fckonaat - Positiivne m\u00f5ju immuuns\u00fcsteemile. Aitab s\u00e4ilitada ja parandada testosteroonitaset. Samuti osaleb toitainete metabolismis.\" \/>\n<meta name=\"robots\" content=\"index, follow, max-snippet:-1, max-image-preview:large, max-video-preview:-1\" \/>\n<link rel=\"canonical\" href=\"https:\/\/fit360.ee\/en\/pood\/product-groups\/vitamins-and-minerals-en\/zinc-en\/swanson-tsinkglukonaat-zinc-gluconate-250tabs\/\" \/>\n<meta property=\"og:locale\" content=\"en_US\" \/>\n<meta property=\"og:type\" content=\"article\" \/>\n<meta property=\"og:title\" content=\"Tsinkgl\u00fckonaat (250tabs) - Zing Gluconate - Tsink - Swanson - Kiire tarne\" \/>\n<meta property=\"og:description\" content=\"Tsinkgl\u00fckonaat - Positiivne m\u00f5ju immuuns\u00fcsteemile. Aitab s\u00e4ilitada ja parandada testosteroonitaset. Samuti osaleb toitainete metabolismis.\" \/>\n<meta property=\"og:url\" content=\"https:\/\/fit360.ee\/en\/pood\/product-groups\/vitamins-and-minerals-en\/zinc-en\/swanson-tsinkglukonaat-zinc-gluconate-250tabs\/\" \/>\n<meta property=\"og:site_name\" content=\"Fit360\" \/>\n<meta property=\"article:modified_time\" content=\"2024-05-26T12:18:28+00:00\" \/>\n<meta property=\"og:image\" content=\"https:\/\/fit360.ee\/wp-content\/uploads\/2020\/12\/Tsinkglukonaat-Zinc-Gluconate-fit360.ee_.jpg\" \/>\n\t<meta property=\"og:image:width\" content=\"1000\" \/>\n\t<meta property=\"og:image:height\" content=\"1000\" \/>\n\t<meta property=\"og:image:type\" content=\"image\/jpeg\" \/>\n<meta name=\"twitter:card\" content=\"summary_large_image\" \/>\n<meta name=\"twitter:label1\" content=\"Est. reading time\" \/>\n\t<meta name=\"twitter:data1\" content=\"1 minute\" \/>\n<script type=\"application\/ld+json\" class=\"yoast-schema-graph\">{\"@context\":\"https:\\\/\\\/schema.org\",\"@graph\":[{\"@type\":\"WebPage\",\"@id\":\"https:\\\/\\\/fit360.ee\\\/en\\\/pood\\\/product-groups\\\/vitamins-and-minerals-en\\\/zinc-en\\\/swanson-tsinkglukonaat-zinc-gluconate-250tabs\\\/\",\"url\":\"https:\\\/\\\/fit360.ee\\\/en\\\/pood\\\/product-groups\\\/vitamins-and-minerals-en\\\/zinc-en\\\/swanson-tsinkglukonaat-zinc-gluconate-250tabs\\\/\",\"name\":\"Tsinkgl\u00fckonaat (250tabs) - Zing Gluconate - Tsink - Swanson - Kiire tarne\",\"isPartOf\":{\"@id\":\"https:\\\/\\\/fit360.ee\\\/en\\\/#website\"},\"primaryImageOfPage\":{\"@id\":\"https:\\\/\\\/fit360.ee\\\/en\\\/pood\\\/product-groups\\\/vitamins-and-minerals-en\\\/zinc-en\\\/swanson-tsinkglukonaat-zinc-gluconate-250tabs\\\/#primaryimage\"},\"image\":{\"@id\":\"https:\\\/\\\/fit360.ee\\\/en\\\/pood\\\/product-groups\\\/vitamins-and-minerals-en\\\/zinc-en\\\/swanson-tsinkglukonaat-zinc-gluconate-250tabs\\\/#primaryimage\"},\"thumbnailUrl\":\"https:\\\/\\\/fit360.ee\\\/wp-content\\\/uploads\\\/2020\\\/12\\\/Tsinkglukonaat-Zinc-Gluconate-fit360.ee_.jpg\",\"datePublished\":\"2020-12-02T21:21:39+00:00\",\"dateModified\":\"2024-05-26T12:18:28+00:00\",\"description\":\"Tsinkgl\u00fckonaat - Positiivne m\u00f5ju immuuns\u00fcsteemile. Aitab s\u00e4ilitada ja parandada testosteroonitaset. Samuti osaleb toitainete metabolismis.\",\"breadcrumb\":{\"@id\":\"https:\\\/\\\/fit360.ee\\\/en\\\/pood\\\/product-groups\\\/vitamins-and-minerals-en\\\/zinc-en\\\/swanson-tsinkglukonaat-zinc-gluconate-250tabs\\\/#breadcrumb\"},\"inLanguage\":\"en-US\",\"potentialAction\":[{\"@type\":\"ReadAction\",\"target\":[\"https:\\\/\\\/fit360.ee\\\/en\\\/pood\\\/product-groups\\\/vitamins-and-minerals-en\\\/zinc-en\\\/swanson-tsinkglukonaat-zinc-gluconate-250tabs\\\/\"]}]},{\"@type\":\"ImageObject\",\"inLanguage\":\"en-US\",\"@id\":\"https:\\\/\\\/fit360.ee\\\/en\\\/pood\\\/product-groups\\\/vitamins-and-minerals-en\\\/zinc-en\\\/swanson-tsinkglukonaat-zinc-gluconate-250tabs\\\/#primaryimage\",\"url\":\"https:\\\/\\\/fit360.ee\\\/wp-content\\\/uploads\\\/2020\\\/12\\\/Tsinkglukonaat-Zinc-Gluconate-fit360.ee_.jpg\",\"contentUrl\":\"https:\\\/\\\/fit360.ee\\\/wp-content\\\/uploads\\\/2020\\\/12\\\/Tsinkglukonaat-Zinc-Gluconate-fit360.ee_.jpg\",\"width\":1000,\"height\":1000,\"caption\":\"Tsinkgl\u00fckonaat Zinc Gluconate - fit360.ee\"},{\"@type\":\"BreadcrumbList\",\"@id\":\"https:\\\/\\\/fit360.ee\\\/en\\\/pood\\\/product-groups\\\/vitamins-and-minerals-en\\\/zinc-en\\\/swanson-tsinkglukonaat-zinc-gluconate-250tabs\\\/#breadcrumb\",\"itemListElement\":[{\"@type\":\"ListItem\",\"position\":1,\"name\":\"Home\",\"item\":\"https:\\\/\\\/fit360.ee\\\/en\\\/\"},{\"@type\":\"ListItem\",\"position\":2,\"name\":\"Shop\",\"item\":\"https:\\\/\\\/fit360.ee\\\/en\\\/shop\\\/\"},{\"@type\":\"ListItem\",\"position\":3,\"name\":\"Swanson Tsinkgl\u00fckonaat &#8211; Zinc Gluconate (250tabs)\"}]},{\"@type\":\"WebSite\",\"@id\":\"https:\\\/\\\/fit360.ee\\\/en\\\/#website\",\"url\":\"https:\\\/\\\/fit360.ee\\\/en\\\/\",\"name\":\"Fit360\",\"description\":\"\",\"publisher\":{\"@id\":\"https:\\\/\\\/fit360.ee\\\/en\\\/#organization\"},\"potentialAction\":[{\"@type\":\"SearchAction\",\"target\":{\"@type\":\"EntryPoint\",\"urlTemplate\":\"https:\\\/\\\/fit360.ee\\\/en\\\/?s={search_term_string}\"},\"query-input\":{\"@type\":\"PropertyValueSpecification\",\"valueRequired\":true,\"valueName\":\"search_term_string\"}}],\"inLanguage\":\"en-US\"},{\"@type\":\"Organization\",\"@id\":\"https:\\\/\\\/fit360.ee\\\/en\\\/#organization\",\"name\":\"Fit360\",\"url\":\"https:\\\/\\\/fit360.ee\\\/en\\\/\",\"logo\":{\"@type\":\"ImageObject\",\"inLanguage\":\"en-US\",\"@id\":\"https:\\\/\\\/fit360.ee\\\/en\\\/#\\\/schema\\\/logo\\\/image\\\/\",\"url\":\"https:\\\/\\\/fit360.ee\\\/wp-content\\\/uploads\\\/2017\\\/01\\\/logo-fit360.png\",\"contentUrl\":\"https:\\\/\\\/fit360.ee\\\/wp-content\\\/uploads\\\/2017\\\/01\\\/logo-fit360.png\",\"width\":180,\"height\":66,\"caption\":\"Fit360\"},\"image\":{\"@id\":\"https:\\\/\\\/fit360.ee\\\/en\\\/#\\\/schema\\\/logo\\\/image\\\/\"}}]}<\/script>\n<!-- \/ Yoast SEO plugin. -->","yoast_head_json":{"title":"Tsinkgl\u00fckonaat (250tabs) - Zing Gluconate - Tsink - Swanson - Kiire tarne","description":"Tsinkgl\u00fckonaat - Positiivne m\u00f5ju immuuns\u00fcsteemile. Aitab s\u00e4ilitada ja parandada testosteroonitaset. Samuti osaleb toitainete metabolismis.","robots":{"index":"index","follow":"follow","max-snippet":"max-snippet:-1","max-image-preview":"max-image-preview:large","max-video-preview":"max-video-preview:-1"},"canonical":"https:\/\/fit360.ee\/en\/pood\/product-groups\/vitamins-and-minerals-en\/zinc-en\/swanson-tsinkglukonaat-zinc-gluconate-250tabs\/","og_locale":"en_US","og_type":"article","og_title":"Tsinkgl\u00fckonaat (250tabs) - Zing Gluconate - Tsink - Swanson - Kiire tarne","og_description":"Tsinkgl\u00fckonaat - Positiivne m\u00f5ju immuuns\u00fcsteemile. Aitab s\u00e4ilitada ja parandada testosteroonitaset. Samuti osaleb toitainete metabolismis.","og_url":"https:\/\/fit360.ee\/en\/pood\/product-groups\/vitamins-and-minerals-en\/zinc-en\/swanson-tsinkglukonaat-zinc-gluconate-250tabs\/","og_site_name":"Fit360","article_modified_time":"2024-05-26T12:18:28+00:00","og_image":[{"width":1000,"height":1000,"url":"https:\/\/fit360.ee\/wp-content\/uploads\/2020\/12\/Tsinkglukonaat-Zinc-Gluconate-fit360.ee_.jpg","type":"image\/jpeg"}],"twitter_card":"summary_large_image","twitter_misc":{"Est. reading time":"1 minute"},"schema":{"@context":"https:\/\/schema.org","@graph":[{"@type":"WebPage","@id":"https:\/\/fit360.ee\/en\/pood\/product-groups\/vitamins-and-minerals-en\/zinc-en\/swanson-tsinkglukonaat-zinc-gluconate-250tabs\/","url":"https:\/\/fit360.ee\/en\/pood\/product-groups\/vitamins-and-minerals-en\/zinc-en\/swanson-tsinkglukonaat-zinc-gluconate-250tabs\/","name":"Tsinkgl\u00fckonaat (250tabs) - Zing Gluconate - Tsink - Swanson - Kiire tarne","isPartOf":{"@id":"https:\/\/fit360.ee\/en\/#website"},"primaryImageOfPage":{"@id":"https:\/\/fit360.ee\/en\/pood\/product-groups\/vitamins-and-minerals-en\/zinc-en\/swanson-tsinkglukonaat-zinc-gluconate-250tabs\/#primaryimage"},"image":{"@id":"https:\/\/fit360.ee\/en\/pood\/product-groups\/vitamins-and-minerals-en\/zinc-en\/swanson-tsinkglukonaat-zinc-gluconate-250tabs\/#primaryimage"},"thumbnailUrl":"https:\/\/fit360.ee\/wp-content\/uploads\/2020\/12\/Tsinkglukonaat-Zinc-Gluconate-fit360.ee_.jpg","datePublished":"2020-12-02T21:21:39+00:00","dateModified":"2024-05-26T12:18:28+00:00","description":"Tsinkgl\u00fckonaat - Positiivne m\u00f5ju immuuns\u00fcsteemile. Aitab s\u00e4ilitada ja parandada testosteroonitaset. Samuti osaleb toitainete metabolismis.","breadcrumb":{"@id":"https:\/\/fit360.ee\/en\/pood\/product-groups\/vitamins-and-minerals-en\/zinc-en\/swanson-tsinkglukonaat-zinc-gluconate-250tabs\/#breadcrumb"},"inLanguage":"en-US","potentialAction":[{"@type":"ReadAction","target":["https:\/\/fit360.ee\/en\/pood\/product-groups\/vitamins-and-minerals-en\/zinc-en\/swanson-tsinkglukonaat-zinc-gluconate-250tabs\/"]}]},{"@type":"ImageObject","inLanguage":"en-US","@id":"https:\/\/fit360.ee\/en\/pood\/product-groups\/vitamins-and-minerals-en\/zinc-en\/swanson-tsinkglukonaat-zinc-gluconate-250tabs\/#primaryimage","url":"https:\/\/fit360.ee\/wp-content\/uploads\/2020\/12\/Tsinkglukonaat-Zinc-Gluconate-fit360.ee_.jpg","contentUrl":"https:\/\/fit360.ee\/wp-content\/uploads\/2020\/12\/Tsinkglukonaat-Zinc-Gluconate-fit360.ee_.jpg","width":1000,"height":1000,"caption":"Tsinkgl\u00fckonaat Zinc Gluconate - fit360.ee"},{"@type":"BreadcrumbList","@id":"https:\/\/fit360.ee\/en\/pood\/product-groups\/vitamins-and-minerals-en\/zinc-en\/swanson-tsinkglukonaat-zinc-gluconate-250tabs\/#breadcrumb","itemListElement":[{"@type":"ListItem","position":1,"name":"Home","item":"https:\/\/fit360.ee\/en\/"},{"@type":"ListItem","position":2,"name":"Shop","item":"https:\/\/fit360.ee\/en\/shop\/"},{"@type":"ListItem","position":3,"name":"Swanson Tsinkgl\u00fckonaat &#8211; Zinc Gluconate (250tabs)"}]},{"@type":"WebSite","@id":"https:\/\/fit360.ee\/en\/#website","url":"https:\/\/fit360.ee\/en\/","name":"Fit360","description":"","publisher":{"@id":"https:\/\/fit360.ee\/en\/#organization"},"potentialAction":[{"@type":"SearchAction","target":{"@type":"EntryPoint","urlTemplate":"https:\/\/fit360.ee\/en\/?s={search_term_string}"},"query-input":{"@type":"PropertyValueSpecification","valueRequired":true,"valueName":"search_term_string"}}],"inLanguage":"en-US"},{"@type":"Organization","@id":"https:\/\/fit360.ee\/en\/#organization","name":"Fit360","url":"https:\/\/fit360.ee\/en\/","logo":{"@type":"ImageObject","inLanguage":"en-US","@id":"https:\/\/fit360.ee\/en\/#\/schema\/logo\/image\/","url":"https:\/\/fit360.ee\/wp-content\/uploads\/2017\/01\/logo-fit360.png","contentUrl":"https:\/\/fit360.ee\/wp-content\/uploads\/2017\/01\/logo-fit360.png","width":180,"height":66,"caption":"Fit360"},"image":{"@id":"https:\/\/fit360.ee\/en\/#\/schema\/logo\/image\/"}}]}},"_links":{"self":[{"href":"https:\/\/fit360.ee\/en\/wp-json\/wp\/v2\/product\/40120","targetHints":{"allow":["GET"]}}],"collection":[{"href":"https:\/\/fit360.ee\/en\/wp-json\/wp\/v2\/product"}],"about":[{"href":"https:\/\/fit360.ee\/en\/wp-json\/wp\/v2\/types\/product"}],"replies":[{"embeddable":true,"href":"https:\/\/fit360.ee\/en\/wp-json\/wp\/v2\/comments?post=40120"}],"wp:featuredmedia":[{"embeddable":true,"href":"https:\/\/fit360.ee\/en\/wp-json\/wp\/v2\/media\/40124"}],"wp:attachment":[{"href":"https:\/\/fit360.ee\/en\/wp-json\/wp\/v2\/media?parent=40120"}],"wp:term":[{"taxonomy":"product_brand","embeddable":true,"href":"https:\/\/fit360.ee\/en\/wp-json\/wp\/v2\/product_brand?post=40120"},{"taxonomy":"product_cat","embeddable":true,"href":"https:\/\/fit360.ee\/en\/wp-json\/wp\/v2\/product_cat?post=40120"},{"taxonomy":"product_tag","embeddable":true,"href":"https:\/\/fit360.ee\/en\/wp-json\/wp\/v2\/product_tag?post=40120"},{"taxonomy":"giftcard-category","embeddable":true,"href":"https:\/\/fit360.ee\/en\/wp-json\/wp\/v2\/giftcard-category?post=40120"}],"curies":[{"name":"wp","href":"https:\/\/api.w.org\/{rel}","templated":true}]}}