{"id":40190,"date":"2020-12-03T21:03:27","date_gmt":"2020-12-03T19:03:27","guid":{"rendered":"https:\/\/fit360.ee\/pood\/uncategorized\/piperine-95-vege-100-vcaps\/"},"modified":"2025-08-13T07:36:05","modified_gmt":"2025-08-13T05:36:05","slug":"piperine-95-vege-100-vcaps","status":"publish","type":"product","link":"https:\/\/fit360.ee\/en\/pood\/product-groups\/%d0%b2%d0%b5%d0%b3%d0%b0%d0%bd\/vegan-capsules-en\/piperine-95-vege-100-vcaps\/","title":{"rendered":"Piperine 95 Vege (100 vCaps)"},"content":{"rendered":"<h1>Piperiin<\/h1>\n<p>OstroVit Piperine 95 VEGE on k\u00f5rgekvaliteediline toidulisand kapslites, mis sisaldavad musta pipra puuviljaekstrakti, mis sisaldab piperiini &#8211; pipraga looduslikult esinevat alkaloidi, mis mitte ainult ei anna sellele teravat, p\u00f5letavat maitset, vaid ka iseloomulikku aroomi, t\u00f5husat rasvap\u00f5letust ja tuge tegevuses muud ained.<\/p>\n<ul>\n<li>95% piperiini standardimine<\/li>\n<li>100 vegankapslit<\/li>\n<li>Veganitele ja taimetoitlastele p\u00fchendatud toode<\/li>\n<li>1 portsjon = 1 kapsel<\/li>\n<li>Toetab t\u00f5husalt lipol\u00fc\u00fcsi<\/li>\n<\/ul>\n<div class=\"h3\"><strong>OSTROVIT PIPERIIN 95 VEGE<\/strong><\/div>\n<p>Must pipar on v\u00fcrts, mida kasutatakse praktiliselt kogu maailmas, et anda roogadele omap\u00e4rane maitse ja v\u00fcrtsikus. Selles sisalduv alkaloid &#8211; piperiin kiirendab \u00fcksikute ainete metabolismi. Musta pipra viljades sisalduv piperiin v\u00f5imendab termogeneesi protsessi &#8211; s.o soojuse tootmist, mille k\u00e4igus keha p\u00f5letab kaloreid, samuti lipol\u00fc\u00fcsi protsessi adrenergiliste retseptorite kaudu, st rasvkoe oks\u00fcdeerumist. Piperine stimuleerib seedeelundite sensoorseid l\u00f5ppu, suurendades seel\u00e4bi maomahla eritust ja see aitab parandada seedimist. Piperine aitab kaasa ka m\u00f5nede vitamiinide ja mineraalide, nt n\u00e4o, imendumise intensiivistamisele. seleen, B-vitamiinid ja beetakaroteen. Lisaks h\u00f5lbustab see koens\u00fc\u00fcmi Q10 imendumist ja suurendab resveratrooli v\u00f5i kurkumiini imendumist. Piperine v\u00f5ib suurendada ka m\u00f5nede ravimite imendumist.<\/p>\n<div class=\"h3\"><strong>OSTROVIT PIPERINE 95 VEGE OMADUSED<\/strong>:<\/div>\n<ul>\n<li>See v\u00f5ib aidata kiirendada ainevahetust<\/li>\n<li>See toetab t\u00f5husalt termogeneesi protsessi<\/li>\n<li>Soodustab teatud toidulisandite ja ravimite imendumist<\/li>\n<li>Aitab reguleerida soolestikku<\/li>\n<li>Kiirendab ja toetab lipol\u00fc\u00fcsi protsessi<\/li>\n<li>See parandab keha f\u00fc\u00fcsilist vormi<\/li>\n<\/ul>\n<p><strong>Koostisosad<\/strong>: Maltodekstriin, musta pipra puuviljaekstrakt (Piper nigrum L.), standardiseeritud 95% piperiiniga, kapsli kest (mahuaine: h\u00fcdroks\u00fcprop\u00fc\u00fclmet\u00fc\u00fcltselluloos).<\/p>\n<p><strong>Kasutamine<\/strong>: V\u00f5ta 1 kapsel p\u00e4evas koos veega.<\/p>\n<p><strong>Suurus<\/strong>: 100 kapslit &#8211; 100 serveeringut<\/p>\n<table>\n<tbody>\n<tr>\n<td width=\"319\"><strong>Aktiivsed toimeained<\/strong><\/td>\n<td width=\"319\"><strong>1 kapsel<\/strong><\/td>\n<\/tr>\n<tr>\n<td width=\"319\">Musta Pipra puuviljaekstrakt<\/td>\n<td width=\"319\">10,55mg<\/td>\n<\/tr>\n<tr>\n<td width=\"319\"><em>millest<\/em> Piperiin 95%<\/td>\n<td width=\"319\">10mg<\/td>\n<\/tr>\n<\/tbody>\n<\/table>\n<p>Vaata ka meie teisi Rasvap\u00f5letajaid <a href=\"https:\/\/fit360.ee\/en\/product-category\/product-groups\/fat-burners-en\/\"><strong>SIIT<\/strong><\/a>!<\/p>\n<p>Soovid kaupa osta suuremas koguses? Vaata antud toodet ka meie HULGI poest\u00a0<a href=\"https:\/\/toidulisandidhulgi.ee\/product\/piperine-95-vege-100-vcaps\/\"><strong>SIIT<\/strong><\/a>!<\/p>\n","protected":false},"excerpt":{"rendered":"<div class=\"h3\"><strong>PIPERINE 95 VEGE OMADUSED<\/strong>:<\/div>\n<ul>\n<li>See v\u00f5ib aidata kiirendada ainevahetust<\/li>\n<li>See toetab t\u00f5husalt termogeneesi protsessi<\/li>\n<li>Soodustab teatud toidulisandite ja ravimite imendumist<\/li>\n<li>Aitab reguleerida soolestikku<\/li>\n<li>Kiirendab ja toetab lipol\u00fc\u00fcsi protsessi<\/li>\n<li>See parandab keha f\u00fc\u00fcsilist vormi<\/li>\n<\/ul>\n<p>&nbsp;<\/p>\n","protected":false},"featured_media":84368,"comment_status":"open","ping_status":"closed","template":"","meta":[],"product_brand":[],"product_cat":[530,1329,2408,2664,536,1201],"product_tag":[1924,2221,2222],"giftcard-category":[],"class_list":{"0":"post-40190","1":"product","2":"type-product","3":"status-publish","4":"has-post-thumbnail","6":"product_cat-fat-burners-en","7":"product_cat-ostrovit-en","8":"product_cat-stimulant-free-fat-burners-en","9":"product_cat-vegan-capsules-en","10":"product_cat-vitamins-and-minerals-en","11":"product_cat-1201","12":"product_tag-ostrovit-en","13":"product_tag-piperiin-en","14":"product_tag-piperine-95-en","15":"pa_toidulisand-branddd-ostrovit","16":"pa_tootegruppp-stimulandivaba-en","17":"pa_tootegruppp-vcaps-vegan-kapslid-en","18":"pa_tootegruppp-vegan-en","19":"pa_tootegruppp-vitamins-and-minerals","20":"pa_tootegruppp-weight-loss","22":"first","23":"outofstock","24":"sale","25":"taxable","26":"shipping-taxable","27":"purchasable","28":"product-type-simple"},"yoast_head":"<!-- This site is optimized with the Yoast SEO plugin v27.3 - https:\/\/yoast.com\/product\/yoast-seo-wordpress\/ -->\n<title>Piperine 95 Vege (100 vCaps) - Piperiin - Kiire tarne - Parim hind - Fit360<\/title>\n<meta name=\"description\" content=\"Piperine 95 sisaldab musta pipra puuviljaekstrakti, mis sisaldab piperiini - v\u00f5imendab termogeneesi protsessi ehk aitab langetada kaalu.\" \/>\n<meta name=\"robots\" content=\"index, follow, max-snippet:-1, max-image-preview:large, max-video-preview:-1\" \/>\n<link rel=\"canonical\" href=\"https:\/\/fit360.ee\/en\/pood\/product-groups\/\u0432\u0435\u0433\u0430\u043d\/vegan-capsules-en\/piperine-95-vege-100-vcaps\/\" \/>\n<meta property=\"og:locale\" content=\"en_US\" \/>\n<meta property=\"og:type\" content=\"article\" \/>\n<meta property=\"og:title\" content=\"Piperine 95 Vege (100 vCaps) - Piperiin - Kiire tarne - Parim hind - Fit360\" \/>\n<meta property=\"og:description\" content=\"Piperine 95 sisaldab musta pipra puuviljaekstrakti, mis sisaldab piperiini - v\u00f5imendab termogeneesi protsessi ehk aitab langetada kaalu.\" \/>\n<meta property=\"og:url\" content=\"https:\/\/fit360.ee\/en\/pood\/product-groups\/\u0432\u0435\u0433\u0430\u043d\/vegan-capsules-en\/piperine-95-vege-100-vcaps\/\" \/>\n<meta property=\"og:site_name\" content=\"Fit360\" \/>\n<meta property=\"article:modified_time\" content=\"2025-08-13T05:36:05+00:00\" \/>\n<meta property=\"og:image\" content=\"https:\/\/fit360.ee\/wp-content\/uploads\/2020\/12\/piperine-95-musta-pipra-ekstrakt-fit360.ee-1.png\" \/>\n\t<meta property=\"og:image:width\" content=\"450\" \/>\n\t<meta property=\"og:image:height\" content=\"450\" \/>\n\t<meta property=\"og:image:type\" content=\"image\/png\" \/>\n<meta name=\"twitter:card\" content=\"summary_large_image\" \/>\n<meta name=\"twitter:label1\" content=\"Est. reading time\" \/>\n\t<meta name=\"twitter:data1\" content=\"2 minutes\" \/>\n<script type=\"application\/ld+json\" class=\"yoast-schema-graph\">{\"@context\":\"https:\\\/\\\/schema.org\",\"@graph\":[{\"@type\":\"WebPage\",\"@id\":\"https:\\\/\\\/fit360.ee\\\/en\\\/pood\\\/product-groups\\\/%d0%b2%d0%b5%d0%b3%d0%b0%d0%bd\\\/vegan-capsules-en\\\/piperine-95-vege-100-vcaps\\\/\",\"url\":\"https:\\\/\\\/fit360.ee\\\/en\\\/pood\\\/product-groups\\\/%d0%b2%d0%b5%d0%b3%d0%b0%d0%bd\\\/vegan-capsules-en\\\/piperine-95-vege-100-vcaps\\\/\",\"name\":\"Piperine 95 Vege (100 vCaps) - Piperiin - Kiire tarne - Parim hind - Fit360\",\"isPartOf\":{\"@id\":\"https:\\\/\\\/fit360.ee\\\/en\\\/#website\"},\"primaryImageOfPage\":{\"@id\":\"https:\\\/\\\/fit360.ee\\\/en\\\/pood\\\/product-groups\\\/%d0%b2%d0%b5%d0%b3%d0%b0%d0%bd\\\/vegan-capsules-en\\\/piperine-95-vege-100-vcaps\\\/#primaryimage\"},\"image\":{\"@id\":\"https:\\\/\\\/fit360.ee\\\/en\\\/pood\\\/product-groups\\\/%d0%b2%d0%b5%d0%b3%d0%b0%d0%bd\\\/vegan-capsules-en\\\/piperine-95-vege-100-vcaps\\\/#primaryimage\"},\"thumbnailUrl\":\"https:\\\/\\\/fit360.ee\\\/wp-content\\\/uploads\\\/2020\\\/12\\\/piperine-95-musta-pipra-ekstrakt-fit360.ee-1.png\",\"datePublished\":\"2020-12-03T19:03:27+00:00\",\"dateModified\":\"2025-08-13T05:36:05+00:00\",\"description\":\"Piperine 95 sisaldab musta pipra puuviljaekstrakti, mis sisaldab piperiini - v\u00f5imendab termogeneesi protsessi ehk aitab langetada kaalu.\",\"breadcrumb\":{\"@id\":\"https:\\\/\\\/fit360.ee\\\/en\\\/pood\\\/product-groups\\\/%d0%b2%d0%b5%d0%b3%d0%b0%d0%bd\\\/vegan-capsules-en\\\/piperine-95-vege-100-vcaps\\\/#breadcrumb\"},\"inLanguage\":\"en-US\",\"potentialAction\":[{\"@type\":\"ReadAction\",\"target\":[\"https:\\\/\\\/fit360.ee\\\/en\\\/pood\\\/product-groups\\\/%d0%b2%d0%b5%d0%b3%d0%b0%d0%bd\\\/vegan-capsules-en\\\/piperine-95-vege-100-vcaps\\\/\"]}]},{\"@type\":\"ImageObject\",\"inLanguage\":\"en-US\",\"@id\":\"https:\\\/\\\/fit360.ee\\\/en\\\/pood\\\/product-groups\\\/%d0%b2%d0%b5%d0%b3%d0%b0%d0%bd\\\/vegan-capsules-en\\\/piperine-95-vege-100-vcaps\\\/#primaryimage\",\"url\":\"https:\\\/\\\/fit360.ee\\\/wp-content\\\/uploads\\\/2020\\\/12\\\/piperine-95-musta-pipra-ekstrakt-fit360.ee-1.png\",\"contentUrl\":\"https:\\\/\\\/fit360.ee\\\/wp-content\\\/uploads\\\/2020\\\/12\\\/piperine-95-musta-pipra-ekstrakt-fit360.ee-1.png\",\"width\":450,\"height\":450,\"caption\":\"piperine 95 musta pipra ekstrakt - fit360.ee\"},{\"@type\":\"BreadcrumbList\",\"@id\":\"https:\\\/\\\/fit360.ee\\\/en\\\/pood\\\/product-groups\\\/%d0%b2%d0%b5%d0%b3%d0%b0%d0%bd\\\/vegan-capsules-en\\\/piperine-95-vege-100-vcaps\\\/#breadcrumb\",\"itemListElement\":[{\"@type\":\"ListItem\",\"position\":1,\"name\":\"Home\",\"item\":\"https:\\\/\\\/fit360.ee\\\/en\\\/\"},{\"@type\":\"ListItem\",\"position\":2,\"name\":\"Shop\",\"item\":\"https:\\\/\\\/fit360.ee\\\/en\\\/shop\\\/\"},{\"@type\":\"ListItem\",\"position\":3,\"name\":\"Piperine 95 Vege (100 vCaps)\"}]},{\"@type\":\"WebSite\",\"@id\":\"https:\\\/\\\/fit360.ee\\\/en\\\/#website\",\"url\":\"https:\\\/\\\/fit360.ee\\\/en\\\/\",\"name\":\"Fit360\",\"description\":\"\",\"publisher\":{\"@id\":\"https:\\\/\\\/fit360.ee\\\/en\\\/#organization\"},\"potentialAction\":[{\"@type\":\"SearchAction\",\"target\":{\"@type\":\"EntryPoint\",\"urlTemplate\":\"https:\\\/\\\/fit360.ee\\\/en\\\/?s={search_term_string}\"},\"query-input\":{\"@type\":\"PropertyValueSpecification\",\"valueRequired\":true,\"valueName\":\"search_term_string\"}}],\"inLanguage\":\"en-US\"},{\"@type\":\"Organization\",\"@id\":\"https:\\\/\\\/fit360.ee\\\/en\\\/#organization\",\"name\":\"Fit360\",\"url\":\"https:\\\/\\\/fit360.ee\\\/en\\\/\",\"logo\":{\"@type\":\"ImageObject\",\"inLanguage\":\"en-US\",\"@id\":\"https:\\\/\\\/fit360.ee\\\/en\\\/#\\\/schema\\\/logo\\\/image\\\/\",\"url\":\"https:\\\/\\\/fit360.ee\\\/wp-content\\\/uploads\\\/2017\\\/01\\\/logo-fit360.png\",\"contentUrl\":\"https:\\\/\\\/fit360.ee\\\/wp-content\\\/uploads\\\/2017\\\/01\\\/logo-fit360.png\",\"width\":180,\"height\":66,\"caption\":\"Fit360\"},\"image\":{\"@id\":\"https:\\\/\\\/fit360.ee\\\/en\\\/#\\\/schema\\\/logo\\\/image\\\/\"}}]}<\/script>\n<!-- \/ Yoast SEO plugin. -->","yoast_head_json":{"title":"Piperine 95 Vege (100 vCaps) - Piperiin - Kiire tarne - Parim hind - Fit360","description":"Piperine 95 sisaldab musta pipra puuviljaekstrakti, mis sisaldab piperiini - v\u00f5imendab termogeneesi protsessi ehk aitab langetada kaalu.","robots":{"index":"index","follow":"follow","max-snippet":"max-snippet:-1","max-image-preview":"max-image-preview:large","max-video-preview":"max-video-preview:-1"},"canonical":"https:\/\/fit360.ee\/en\/pood\/product-groups\/\u0432\u0435\u0433\u0430\u043d\/vegan-capsules-en\/piperine-95-vege-100-vcaps\/","og_locale":"en_US","og_type":"article","og_title":"Piperine 95 Vege (100 vCaps) - Piperiin - Kiire tarne - Parim hind - Fit360","og_description":"Piperine 95 sisaldab musta pipra puuviljaekstrakti, mis sisaldab piperiini - v\u00f5imendab termogeneesi protsessi ehk aitab langetada kaalu.","og_url":"https:\/\/fit360.ee\/en\/pood\/product-groups\/\u0432\u0435\u0433\u0430\u043d\/vegan-capsules-en\/piperine-95-vege-100-vcaps\/","og_site_name":"Fit360","article_modified_time":"2025-08-13T05:36:05+00:00","og_image":[{"width":450,"height":450,"url":"https:\/\/fit360.ee\/wp-content\/uploads\/2020\/12\/piperine-95-musta-pipra-ekstrakt-fit360.ee-1.png","type":"image\/png"}],"twitter_card":"summary_large_image","twitter_misc":{"Est. reading time":"2 minutes"},"schema":{"@context":"https:\/\/schema.org","@graph":[{"@type":"WebPage","@id":"https:\/\/fit360.ee\/en\/pood\/product-groups\/%d0%b2%d0%b5%d0%b3%d0%b0%d0%bd\/vegan-capsules-en\/piperine-95-vege-100-vcaps\/","url":"https:\/\/fit360.ee\/en\/pood\/product-groups\/%d0%b2%d0%b5%d0%b3%d0%b0%d0%bd\/vegan-capsules-en\/piperine-95-vege-100-vcaps\/","name":"Piperine 95 Vege (100 vCaps) - Piperiin - Kiire tarne - Parim hind - Fit360","isPartOf":{"@id":"https:\/\/fit360.ee\/en\/#website"},"primaryImageOfPage":{"@id":"https:\/\/fit360.ee\/en\/pood\/product-groups\/%d0%b2%d0%b5%d0%b3%d0%b0%d0%bd\/vegan-capsules-en\/piperine-95-vege-100-vcaps\/#primaryimage"},"image":{"@id":"https:\/\/fit360.ee\/en\/pood\/product-groups\/%d0%b2%d0%b5%d0%b3%d0%b0%d0%bd\/vegan-capsules-en\/piperine-95-vege-100-vcaps\/#primaryimage"},"thumbnailUrl":"https:\/\/fit360.ee\/wp-content\/uploads\/2020\/12\/piperine-95-musta-pipra-ekstrakt-fit360.ee-1.png","datePublished":"2020-12-03T19:03:27+00:00","dateModified":"2025-08-13T05:36:05+00:00","description":"Piperine 95 sisaldab musta pipra puuviljaekstrakti, mis sisaldab piperiini - v\u00f5imendab termogeneesi protsessi ehk aitab langetada kaalu.","breadcrumb":{"@id":"https:\/\/fit360.ee\/en\/pood\/product-groups\/%d0%b2%d0%b5%d0%b3%d0%b0%d0%bd\/vegan-capsules-en\/piperine-95-vege-100-vcaps\/#breadcrumb"},"inLanguage":"en-US","potentialAction":[{"@type":"ReadAction","target":["https:\/\/fit360.ee\/en\/pood\/product-groups\/%d0%b2%d0%b5%d0%b3%d0%b0%d0%bd\/vegan-capsules-en\/piperine-95-vege-100-vcaps\/"]}]},{"@type":"ImageObject","inLanguage":"en-US","@id":"https:\/\/fit360.ee\/en\/pood\/product-groups\/%d0%b2%d0%b5%d0%b3%d0%b0%d0%bd\/vegan-capsules-en\/piperine-95-vege-100-vcaps\/#primaryimage","url":"https:\/\/fit360.ee\/wp-content\/uploads\/2020\/12\/piperine-95-musta-pipra-ekstrakt-fit360.ee-1.png","contentUrl":"https:\/\/fit360.ee\/wp-content\/uploads\/2020\/12\/piperine-95-musta-pipra-ekstrakt-fit360.ee-1.png","width":450,"height":450,"caption":"piperine 95 musta pipra ekstrakt - fit360.ee"},{"@type":"BreadcrumbList","@id":"https:\/\/fit360.ee\/en\/pood\/product-groups\/%d0%b2%d0%b5%d0%b3%d0%b0%d0%bd\/vegan-capsules-en\/piperine-95-vege-100-vcaps\/#breadcrumb","itemListElement":[{"@type":"ListItem","position":1,"name":"Home","item":"https:\/\/fit360.ee\/en\/"},{"@type":"ListItem","position":2,"name":"Shop","item":"https:\/\/fit360.ee\/en\/shop\/"},{"@type":"ListItem","position":3,"name":"Piperine 95 Vege (100 vCaps)"}]},{"@type":"WebSite","@id":"https:\/\/fit360.ee\/en\/#website","url":"https:\/\/fit360.ee\/en\/","name":"Fit360","description":"","publisher":{"@id":"https:\/\/fit360.ee\/en\/#organization"},"potentialAction":[{"@type":"SearchAction","target":{"@type":"EntryPoint","urlTemplate":"https:\/\/fit360.ee\/en\/?s={search_term_string}"},"query-input":{"@type":"PropertyValueSpecification","valueRequired":true,"valueName":"search_term_string"}}],"inLanguage":"en-US"},{"@type":"Organization","@id":"https:\/\/fit360.ee\/en\/#organization","name":"Fit360","url":"https:\/\/fit360.ee\/en\/","logo":{"@type":"ImageObject","inLanguage":"en-US","@id":"https:\/\/fit360.ee\/en\/#\/schema\/logo\/image\/","url":"https:\/\/fit360.ee\/wp-content\/uploads\/2017\/01\/logo-fit360.png","contentUrl":"https:\/\/fit360.ee\/wp-content\/uploads\/2017\/01\/logo-fit360.png","width":180,"height":66,"caption":"Fit360"},"image":{"@id":"https:\/\/fit360.ee\/en\/#\/schema\/logo\/image\/"}}]}},"_links":{"self":[{"href":"https:\/\/fit360.ee\/en\/wp-json\/wp\/v2\/product\/40190","targetHints":{"allow":["GET"]}}],"collection":[{"href":"https:\/\/fit360.ee\/en\/wp-json\/wp\/v2\/product"}],"about":[{"href":"https:\/\/fit360.ee\/en\/wp-json\/wp\/v2\/types\/product"}],"replies":[{"embeddable":true,"href":"https:\/\/fit360.ee\/en\/wp-json\/wp\/v2\/comments?post=40190"}],"wp:featuredmedia":[{"embeddable":true,"href":"https:\/\/fit360.ee\/en\/wp-json\/wp\/v2\/media\/84368"}],"wp:attachment":[{"href":"https:\/\/fit360.ee\/en\/wp-json\/wp\/v2\/media?parent=40190"}],"wp:term":[{"taxonomy":"product_brand","embeddable":true,"href":"https:\/\/fit360.ee\/en\/wp-json\/wp\/v2\/product_brand?post=40190"},{"taxonomy":"product_cat","embeddable":true,"href":"https:\/\/fit360.ee\/en\/wp-json\/wp\/v2\/product_cat?post=40190"},{"taxonomy":"product_tag","embeddable":true,"href":"https:\/\/fit360.ee\/en\/wp-json\/wp\/v2\/product_tag?post=40190"},{"taxonomy":"giftcard-category","embeddable":true,"href":"https:\/\/fit360.ee\/en\/wp-json\/wp\/v2\/giftcard-category?post=40190"}],"curies":[{"name":"wp","href":"https:\/\/api.w.org\/{rel}","templated":true}]}}