{"id":40195,"date":"2020-11-23T16:22:38","date_gmt":"2020-11-23T14:22:38","guid":{"rendered":"https:\/\/fit360.ee\/pood\/uncategorized\/liverpool-fc-naomask-facemask\/"},"modified":"2025-08-13T07:35:46","modified_gmt":"2025-08-13T05:35:46","slug":"liverpool-fc-naomask-facemask","status":"publish","type":"product","link":"https:\/\/fit360.ee\/en\/pood\/training-equipment-en\/other-products-en\/liverpool-fc-naomask-facemask\/","title":{"rendered":"Liverpool FC n\u00e4omask (facemask)"},"content":{"rendered":"<p>Liverpool FC n\u00e4omask &#8211; Liverpool FC facemask<\/p>\n<p>Liverpool FC n\u00e4omask riidest ,reguleeritava suurusega.<\/p>\n<p>NB! Tegemist ei ole kirurgilise n\u00e4omaskiga.<\/p>\n<p><a href=\"https:\/\/fit360.ee\/wp-content\/uploads\/2020\/11\/liverpool-fc-naomask-facemask-2-fit360.ee-1-640x800.png\"><img loading=\"lazy\" decoding=\"async\" class=\"alignnone size-medium wp-image-39757\" src=\"https:\/\/fit360.ee\/wp-content\/uploads\/2020\/11\/liverpool-fc-naomask-facemask-2-fit360.ee-1-640x800.png\" alt=\"\" width=\"640\" height=\"800\" srcset=\"https:\/\/fit360.ee\/wp-content\/uploads\/2020\/11\/liverpool-fc-naomask-facemask-2-fit360.ee-1-640x800.png 640w, https:\/\/fit360.ee\/wp-content\/uploads\/2020\/11\/liverpool-fc-naomask-facemask-2-fit360.ee-1-510x638.png 510w, https:\/\/fit360.ee\/wp-content\/uploads\/2020\/11\/liverpool-fc-naomask-facemask-2-fit360.ee-1.png 768w\" sizes=\"auto, (max-width: 640px) 100vw, 640px\" \/><\/a> <a href=\"https:\/\/fit360.ee\/wp-content\/uploads\/2020\/11\/liverpool-fc-naomask-facemask-fit360.ee-1-640x800.png\"><img loading=\"lazy\" decoding=\"async\" class=\"alignnone size-medium wp-image-39759\" src=\"https:\/\/fit360.ee\/wp-content\/uploads\/2020\/11\/liverpool-fc-naomask-facemask-fit360.ee-1-640x800.png\" alt=\"\" width=\"640\" height=\"800\" srcset=\"https:\/\/fit360.ee\/wp-content\/uploads\/2020\/11\/liverpool-fc-naomask-facemask-fit360.ee-1-640x800.png 640w, https:\/\/fit360.ee\/wp-content\/uploads\/2020\/11\/liverpool-fc-naomask-facemask-fit360.ee-1-510x638.png 510w, https:\/\/fit360.ee\/wp-content\/uploads\/2020\/11\/liverpool-fc-naomask-facemask-fit360.ee-1.png 768w\" sizes=\"auto, (max-width: 640px) 100vw, 640px\" \/><\/a><\/p>\n","protected":false},"excerpt":{"rendered":"<h2>Liverpool FC n\u00e4omask &#8211; Liverpool FC facemask<\/h2>\n<p>Liverpool FC n\u00e4omask riidest ,reguleeritava suurusega.<\/p>\n<p>NB! Tegemist ei ole meditsiinilise n\u00e4omaskiga.<\/p>\n","protected":false},"featured_media":39758,"comment_status":"open","ping_status":"closed","template":"","meta":[],"product_brand":[],"product_cat":[506,2236,1204],"product_tag":[2226,2227,2228],"giftcard-category":[],"class_list":{"0":"post-40195","1":"product","2":"type-product","3":"status-publish","4":"has-post-thumbnail","6":"product_cat-accessories","7":"product_cat-face-masks-en","8":"product_cat-other-products-en","9":"product_tag-facemask-en","10":"product_tag-liverpool-fc-en","11":"product_tag-naomask-en","12":"pa_brand-fit360-ee-en","13":"pa_varustus-muu-en","14":"pa_varustus-naomaskid-en","15":"pa_varvus-black","17":"first","18":"instock","19":"taxable","20":"shipping-taxable","21":"purchasable","22":"product-type-simple"},"yoast_head":"<!-- This site is optimized with the Yoast SEO plugin v27.3 - https:\/\/yoast.com\/product\/yoast-seo-wordpress\/ -->\n<title>Liverpool FC n\u00e4omask (facemask) - Fit360<\/title>\n<meta name=\"robots\" content=\"index, follow, max-snippet:-1, max-image-preview:large, max-video-preview:-1\" \/>\n<link rel=\"canonical\" href=\"https:\/\/fit360.ee\/en\/pood\/training-equipment-en\/other-products-en\/liverpool-fc-naomask-facemask\/\" \/>\n<meta property=\"og:locale\" content=\"en_US\" \/>\n<meta property=\"og:type\" content=\"article\" \/>\n<meta property=\"og:title\" content=\"Liverpool FC n\u00e4omask (facemask) - Fit360\" \/>\n<meta property=\"og:description\" content=\"Liverpool FC n\u00e4omask - Liverpool FC facemask Liverpool FC n\u00e4omask riidest ,reguleeritava suurusega.  NB! Tegemist ei ole meditsiinilise n\u00e4omaskiga.\" \/>\n<meta property=\"og:url\" content=\"https:\/\/fit360.ee\/en\/pood\/training-equipment-en\/other-products-en\/liverpool-fc-naomask-facemask\/\" \/>\n<meta property=\"og:site_name\" content=\"Fit360\" \/>\n<meta property=\"article:modified_time\" content=\"2025-08-13T05:35:46+00:00\" \/>\n<meta property=\"og:image\" content=\"https:\/\/fit360.ee\/wp-content\/uploads\/2020\/11\/liverpool-fc-naomask-facemask-2-fit360.ee-1.png\" \/>\n\t<meta property=\"og:image:width\" content=\"768\" \/>\n\t<meta property=\"og:image:height\" content=\"960\" \/>\n\t<meta property=\"og:image:type\" content=\"image\/png\" \/>\n<meta name=\"twitter:card\" content=\"summary_large_image\" \/>\n<script type=\"application\/ld+json\" class=\"yoast-schema-graph\">{\"@context\":\"https:\\\/\\\/schema.org\",\"@graph\":[{\"@type\":\"WebPage\",\"@id\":\"https:\\\/\\\/fit360.ee\\\/en\\\/pood\\\/training-equipment-en\\\/other-products-en\\\/liverpool-fc-naomask-facemask\\\/\",\"url\":\"https:\\\/\\\/fit360.ee\\\/en\\\/pood\\\/training-equipment-en\\\/other-products-en\\\/liverpool-fc-naomask-facemask\\\/\",\"name\":\"Liverpool FC n\u00e4omask (facemask) - Fit360\",\"isPartOf\":{\"@id\":\"https:\\\/\\\/fit360.ee\\\/en\\\/#website\"},\"primaryImageOfPage\":{\"@id\":\"https:\\\/\\\/fit360.ee\\\/en\\\/pood\\\/training-equipment-en\\\/other-products-en\\\/liverpool-fc-naomask-facemask\\\/#primaryimage\"},\"image\":{\"@id\":\"https:\\\/\\\/fit360.ee\\\/en\\\/pood\\\/training-equipment-en\\\/other-products-en\\\/liverpool-fc-naomask-facemask\\\/#primaryimage\"},\"thumbnailUrl\":\"https:\\\/\\\/fit360.ee\\\/wp-content\\\/uploads\\\/2020\\\/11\\\/liverpool-fc-naomask-facemask-2-fit360.ee-1.png\",\"datePublished\":\"2020-11-23T14:22:38+00:00\",\"dateModified\":\"2025-08-13T05:35:46+00:00\",\"breadcrumb\":{\"@id\":\"https:\\\/\\\/fit360.ee\\\/en\\\/pood\\\/training-equipment-en\\\/other-products-en\\\/liverpool-fc-naomask-facemask\\\/#breadcrumb\"},\"inLanguage\":\"en-US\",\"potentialAction\":[{\"@type\":\"ReadAction\",\"target\":[\"https:\\\/\\\/fit360.ee\\\/en\\\/pood\\\/training-equipment-en\\\/other-products-en\\\/liverpool-fc-naomask-facemask\\\/\"]}]},{\"@type\":\"ImageObject\",\"inLanguage\":\"en-US\",\"@id\":\"https:\\\/\\\/fit360.ee\\\/en\\\/pood\\\/training-equipment-en\\\/other-products-en\\\/liverpool-fc-naomask-facemask\\\/#primaryimage\",\"url\":\"https:\\\/\\\/fit360.ee\\\/wp-content\\\/uploads\\\/2020\\\/11\\\/liverpool-fc-naomask-facemask-2-fit360.ee-1.png\",\"contentUrl\":\"https:\\\/\\\/fit360.ee\\\/wp-content\\\/uploads\\\/2020\\\/11\\\/liverpool-fc-naomask-facemask-2-fit360.ee-1.png\",\"width\":768,\"height\":960,\"caption\":\"liverpool fc n\u00e4omask facemask 2 - fit360.ee\"},{\"@type\":\"BreadcrumbList\",\"@id\":\"https:\\\/\\\/fit360.ee\\\/en\\\/pood\\\/training-equipment-en\\\/other-products-en\\\/liverpool-fc-naomask-facemask\\\/#breadcrumb\",\"itemListElement\":[{\"@type\":\"ListItem\",\"position\":1,\"name\":\"Home\",\"item\":\"https:\\\/\\\/fit360.ee\\\/en\\\/\"},{\"@type\":\"ListItem\",\"position\":2,\"name\":\"Shop\",\"item\":\"https:\\\/\\\/fit360.ee\\\/en\\\/shop\\\/\"},{\"@type\":\"ListItem\",\"position\":3,\"name\":\"Liverpool FC n\u00e4omask (facemask)\"}]},{\"@type\":\"WebSite\",\"@id\":\"https:\\\/\\\/fit360.ee\\\/en\\\/#website\",\"url\":\"https:\\\/\\\/fit360.ee\\\/en\\\/\",\"name\":\"Fit360\",\"description\":\"\",\"publisher\":{\"@id\":\"https:\\\/\\\/fit360.ee\\\/en\\\/#organization\"},\"potentialAction\":[{\"@type\":\"SearchAction\",\"target\":{\"@type\":\"EntryPoint\",\"urlTemplate\":\"https:\\\/\\\/fit360.ee\\\/en\\\/?s={search_term_string}\"},\"query-input\":{\"@type\":\"PropertyValueSpecification\",\"valueRequired\":true,\"valueName\":\"search_term_string\"}}],\"inLanguage\":\"en-US\"},{\"@type\":\"Organization\",\"@id\":\"https:\\\/\\\/fit360.ee\\\/en\\\/#organization\",\"name\":\"Fit360\",\"url\":\"https:\\\/\\\/fit360.ee\\\/en\\\/\",\"logo\":{\"@type\":\"ImageObject\",\"inLanguage\":\"en-US\",\"@id\":\"https:\\\/\\\/fit360.ee\\\/en\\\/#\\\/schema\\\/logo\\\/image\\\/\",\"url\":\"https:\\\/\\\/fit360.ee\\\/wp-content\\\/uploads\\\/2017\\\/01\\\/logo-fit360.png\",\"contentUrl\":\"https:\\\/\\\/fit360.ee\\\/wp-content\\\/uploads\\\/2017\\\/01\\\/logo-fit360.png\",\"width\":180,\"height\":66,\"caption\":\"Fit360\"},\"image\":{\"@id\":\"https:\\\/\\\/fit360.ee\\\/en\\\/#\\\/schema\\\/logo\\\/image\\\/\"}}]}<\/script>\n<!-- \/ Yoast SEO plugin. -->","yoast_head_json":{"title":"Liverpool FC n\u00e4omask (facemask) - Fit360","robots":{"index":"index","follow":"follow","max-snippet":"max-snippet:-1","max-image-preview":"max-image-preview:large","max-video-preview":"max-video-preview:-1"},"canonical":"https:\/\/fit360.ee\/en\/pood\/training-equipment-en\/other-products-en\/liverpool-fc-naomask-facemask\/","og_locale":"en_US","og_type":"article","og_title":"Liverpool FC n\u00e4omask (facemask) - Fit360","og_description":"Liverpool FC n\u00e4omask - Liverpool FC facemask Liverpool FC n\u00e4omask riidest ,reguleeritava suurusega.  NB! Tegemist ei ole meditsiinilise n\u00e4omaskiga.","og_url":"https:\/\/fit360.ee\/en\/pood\/training-equipment-en\/other-products-en\/liverpool-fc-naomask-facemask\/","og_site_name":"Fit360","article_modified_time":"2025-08-13T05:35:46+00:00","og_image":[{"width":768,"height":960,"url":"https:\/\/fit360.ee\/wp-content\/uploads\/2020\/11\/liverpool-fc-naomask-facemask-2-fit360.ee-1.png","type":"image\/png"}],"twitter_card":"summary_large_image","schema":{"@context":"https:\/\/schema.org","@graph":[{"@type":"WebPage","@id":"https:\/\/fit360.ee\/en\/pood\/training-equipment-en\/other-products-en\/liverpool-fc-naomask-facemask\/","url":"https:\/\/fit360.ee\/en\/pood\/training-equipment-en\/other-products-en\/liverpool-fc-naomask-facemask\/","name":"Liverpool FC n\u00e4omask (facemask) - Fit360","isPartOf":{"@id":"https:\/\/fit360.ee\/en\/#website"},"primaryImageOfPage":{"@id":"https:\/\/fit360.ee\/en\/pood\/training-equipment-en\/other-products-en\/liverpool-fc-naomask-facemask\/#primaryimage"},"image":{"@id":"https:\/\/fit360.ee\/en\/pood\/training-equipment-en\/other-products-en\/liverpool-fc-naomask-facemask\/#primaryimage"},"thumbnailUrl":"https:\/\/fit360.ee\/wp-content\/uploads\/2020\/11\/liverpool-fc-naomask-facemask-2-fit360.ee-1.png","datePublished":"2020-11-23T14:22:38+00:00","dateModified":"2025-08-13T05:35:46+00:00","breadcrumb":{"@id":"https:\/\/fit360.ee\/en\/pood\/training-equipment-en\/other-products-en\/liverpool-fc-naomask-facemask\/#breadcrumb"},"inLanguage":"en-US","potentialAction":[{"@type":"ReadAction","target":["https:\/\/fit360.ee\/en\/pood\/training-equipment-en\/other-products-en\/liverpool-fc-naomask-facemask\/"]}]},{"@type":"ImageObject","inLanguage":"en-US","@id":"https:\/\/fit360.ee\/en\/pood\/training-equipment-en\/other-products-en\/liverpool-fc-naomask-facemask\/#primaryimage","url":"https:\/\/fit360.ee\/wp-content\/uploads\/2020\/11\/liverpool-fc-naomask-facemask-2-fit360.ee-1.png","contentUrl":"https:\/\/fit360.ee\/wp-content\/uploads\/2020\/11\/liverpool-fc-naomask-facemask-2-fit360.ee-1.png","width":768,"height":960,"caption":"liverpool fc n\u00e4omask facemask 2 - fit360.ee"},{"@type":"BreadcrumbList","@id":"https:\/\/fit360.ee\/en\/pood\/training-equipment-en\/other-products-en\/liverpool-fc-naomask-facemask\/#breadcrumb","itemListElement":[{"@type":"ListItem","position":1,"name":"Home","item":"https:\/\/fit360.ee\/en\/"},{"@type":"ListItem","position":2,"name":"Shop","item":"https:\/\/fit360.ee\/en\/shop\/"},{"@type":"ListItem","position":3,"name":"Liverpool FC n\u00e4omask (facemask)"}]},{"@type":"WebSite","@id":"https:\/\/fit360.ee\/en\/#website","url":"https:\/\/fit360.ee\/en\/","name":"Fit360","description":"","publisher":{"@id":"https:\/\/fit360.ee\/en\/#organization"},"potentialAction":[{"@type":"SearchAction","target":{"@type":"EntryPoint","urlTemplate":"https:\/\/fit360.ee\/en\/?s={search_term_string}"},"query-input":{"@type":"PropertyValueSpecification","valueRequired":true,"valueName":"search_term_string"}}],"inLanguage":"en-US"},{"@type":"Organization","@id":"https:\/\/fit360.ee\/en\/#organization","name":"Fit360","url":"https:\/\/fit360.ee\/en\/","logo":{"@type":"ImageObject","inLanguage":"en-US","@id":"https:\/\/fit360.ee\/en\/#\/schema\/logo\/image\/","url":"https:\/\/fit360.ee\/wp-content\/uploads\/2017\/01\/logo-fit360.png","contentUrl":"https:\/\/fit360.ee\/wp-content\/uploads\/2017\/01\/logo-fit360.png","width":180,"height":66,"caption":"Fit360"},"image":{"@id":"https:\/\/fit360.ee\/en\/#\/schema\/logo\/image\/"}}]}},"_links":{"self":[{"href":"https:\/\/fit360.ee\/en\/wp-json\/wp\/v2\/product\/40195","targetHints":{"allow":["GET"]}}],"collection":[{"href":"https:\/\/fit360.ee\/en\/wp-json\/wp\/v2\/product"}],"about":[{"href":"https:\/\/fit360.ee\/en\/wp-json\/wp\/v2\/types\/product"}],"replies":[{"embeddable":true,"href":"https:\/\/fit360.ee\/en\/wp-json\/wp\/v2\/comments?post=40195"}],"wp:featuredmedia":[{"embeddable":true,"href":"https:\/\/fit360.ee\/en\/wp-json\/wp\/v2\/media\/39758"}],"wp:attachment":[{"href":"https:\/\/fit360.ee\/en\/wp-json\/wp\/v2\/media?parent=40195"}],"wp:term":[{"taxonomy":"product_brand","embeddable":true,"href":"https:\/\/fit360.ee\/en\/wp-json\/wp\/v2\/product_brand?post=40195"},{"taxonomy":"product_cat","embeddable":true,"href":"https:\/\/fit360.ee\/en\/wp-json\/wp\/v2\/product_cat?post=40195"},{"taxonomy":"product_tag","embeddable":true,"href":"https:\/\/fit360.ee\/en\/wp-json\/wp\/v2\/product_tag?post=40195"},{"taxonomy":"giftcard-category","embeddable":true,"href":"https:\/\/fit360.ee\/en\/wp-json\/wp\/v2\/giftcard-category?post=40195"}],"curies":[{"name":"wp","href":"https:\/\/api.w.org\/{rel}","templated":true}]}}