{"id":40264,"date":"2020-12-06T22:11:41","date_gmt":"2020-12-06T20:11:41","guid":{"rendered":"https:\/\/fit360.ee\/?post_type=product&#038;p=40264"},"modified":"2022-09-15T04:02:01","modified_gmt":"2022-09-15T02:02:01","slug":"seleen-200mcg-swanson-90caps","status":"publish","type":"product","link":"https:\/\/fit360.ee\/en\/pood\/product-groups\/vitamins-and-minerals-en\/selen-en\/seleen-200mcg-swanson-90caps\/","title":{"rendered":"Swanson Seleen &#8211; Selenium complex 200mcg (90caps)"},"content":{"rendered":"<h1><strong>Swanson Seleen<\/strong> &#8211; kapsli kujul<\/h1>\n<p>Toidulisand Selenium, mis sisaldab h\u00e4sti omastatavat orgaanilist seleeni. Seleenium on <strong>v\u00f5imas antioks\u00fcdant<\/strong>, mis kaitseb keharakke vabade radikaalide eest. Seleenium alandab p\u00f5letikelisi protsesse. Seleenium osaleb kilpn\u00e4\u00e4rme talituse reguleerimises ning stimuleerib raskemetallide v\u00e4ljutamist kehast. Seleen on vajalik kudede elastsuse s\u00e4ilitamiseks ja vananemise aeglustamiseks. Parandab meeleolu.<\/p>\n<p>Swanson Seleenium toidulisandit soovitatakse <strong>f\u00fc\u00fcsiliselt aktiivsetele<\/strong>, eriti algajatele, kuna seleen v\u00e4hendab \u00fclekoormuse ohtu ning alandab oks\u00fcdatiivset stressi, aidates<strong>\u00a0paremini taastuda.\u00a0<\/strong>Toode sobib ka menopausis naistele, sest see leevendab kuumahoogudega kaasnevaid terviseh\u00e4ired.<\/p>\n<p><strong>Teised Koostisosad<\/strong>: riisijahu, \u017eelatiin, maltodekstriin,\u00a0 mikrokristallne tselluloos (taimsest kiudainest)<\/p>\n<p><strong>Kasutamine:<\/strong> 1 kapsel p\u00e4evas peale s\u00f6\u00f6ki. 1 portsjon: 1kapsel<\/p>\n<p><strong>Suurus:<\/strong> 90 tabletti<\/p>\n<table>\n<tbody>\n<tr>\n<td width=\"307\"><strong>Toimeained<\/strong><\/td>\n<td width=\"307\"><strong>1 kapsel<\/strong><\/td>\n<\/tr>\n<tr>\n<td width=\"307\">Seleenium \/ Selen<\/td>\n<td width=\"307\">200 \u03bcg (364%*)<\/td>\n<\/tr>\n<\/tbody>\n<\/table>\n<p>* SPK &#8211; soovitatud p\u00e4evane kogus<\/p>\n","protected":false},"excerpt":{"rendered":"<h2>Seleen:<\/h2>\n<ul>\n<li>V\u00f5imas antioks\u00fcdant<\/li>\n<li>Osaleb kilpn\u00e4\u00e4rme talituse reguleerimises<\/li>\n<li>S\u00e4ilitab kudede elastsust<\/li>\n<li>Parandab meeleolu<\/li>\n<\/ul>\n<p><strong>Swanson Seleenium<\/strong>\u00a0on toidulisand, mis sisaldab h\u00e4sti omastatavat orgaanilist seleeni. Seleen on\u00a0<strong>v\u00f5imas antioks\u00fcdant<\/strong>, mis kaitseb keharakke vabade radikaalide eest.\u00a0Seleen alandab p\u00f5letikelisi protsesse.\u00a0Seleen osaleb kilpn\u00e4\u00e4rme talituse reguleerimises ning stimuleerib raskemetallide v\u00e4ljutamist kehast. Seleen on vajalik kudede elastsuse s\u00e4ilitamiseks ja vananemise aeglustamiseks. Parandab meeleolu.<\/p>\n<p>Swanson Seleenium toidulisandit soovitatakse <strong>f\u00fc\u00fcsiliselt aktiivsetele inimestele<\/strong>, eriti algajatele, kuna seleen v\u00e4hendab \u00fclekoormuse ohtu ning alandab oks\u00fcdatiivset stressi, aidates<strong>\u00a0paremini taastuda.\u00a0<\/strong>Toode sobib ka menopausis naistele, sest see leevendab kuumahoogudega kaasnevaid terviseh\u00e4ired.<\/p>\n<p>&nbsp;<\/p>\n","protected":false},"featured_media":40268,"comment_status":"open","ping_status":"closed","template":"","meta":[],"product_brand":[],"product_cat":[5311,2244,1651,536],"product_tag":[1896,2245,2004,1848,1933],"giftcard-category":[],"class_list":{"0":"post-40264","1":"product","2":"type-product","3":"status-publish","4":"has-post-thumbnail","6":"product_cat-antioxidants-en","7":"product_cat-selen-en","8":"product_cat-swanson-en","9":"product_cat-vitamins-and-minerals-en","10":"product_tag-mineraalid-en","11":"product_tag-seleen-en","12":"product_tag-seleenium-en","13":"product_tag-swanson-en","14":"product_tag-vitamiinid-en","15":"pa_toidulisand-branddd-swanson","16":"pa_tootegruppp-antioksudandid-en","17":"pa_tootegruppp-seleen-en","18":"pa_tootegruppp-vitamins-and-minerals","20":"first","21":"instock","22":"sale","23":"taxable","24":"shipping-taxable","25":"purchasable","26":"product-type-simple"},"yoast_head":"<!-- This site is optimized with the Yoast SEO plugin v27.3 - https:\/\/yoast.com\/product\/yoast-seo-wordpress\/ -->\n<title>Seleen 200mcg (90caps) - Selen - Seleenium - Kiire tarne - Fit360<\/title>\n<meta name=\"description\" content=\"Seleen on\u00a0v\u00f5imas antioks\u00fcdant, mis kaitseb keharakke vabade radikaalide eest.\u00a0Seleen alandab p\u00f5letikelisi protsesse.\u00a0Kasulik Teie kehale.\" \/>\n<meta name=\"robots\" content=\"index, follow, max-snippet:-1, max-image-preview:large, max-video-preview:-1\" \/>\n<link rel=\"canonical\" href=\"https:\/\/fit360.ee\/en\/pood\/product-groups\/vitamins-and-minerals-en\/selen-en\/seleen-200mcg-swanson-90caps\/\" \/>\n<meta property=\"og:locale\" content=\"en_US\" \/>\n<meta property=\"og:type\" content=\"article\" \/>\n<meta property=\"og:title\" content=\"Seleen 200mcg (90caps) - Selen - Seleenium - Kiire tarne - Fit360\" \/>\n<meta property=\"og:description\" content=\"Seleen on\u00a0v\u00f5imas antioks\u00fcdant, mis kaitseb keharakke vabade radikaalide eest.\u00a0Seleen alandab p\u00f5letikelisi protsesse.\u00a0Kasulik Teie kehale.\" \/>\n<meta property=\"og:url\" content=\"https:\/\/fit360.ee\/en\/pood\/product-groups\/vitamins-and-minerals-en\/selen-en\/seleen-200mcg-swanson-90caps\/\" \/>\n<meta property=\"og:site_name\" content=\"Fit360\" \/>\n<meta property=\"article:modified_time\" content=\"2022-09-15T02:02:01+00:00\" \/>\n<meta property=\"og:image\" content=\"https:\/\/fit360.ee\/wp-content\/uploads\/2020\/12\/Swanson-Seleen-Selenium-fit360.ee_.jpg\" \/>\n\t<meta property=\"og:image:width\" content=\"500\" \/>\n\t<meta property=\"og:image:height\" content=\"500\" \/>\n\t<meta property=\"og:image:type\" content=\"image\/jpeg\" \/>\n<meta name=\"twitter:card\" content=\"summary_large_image\" \/>\n<meta name=\"twitter:label1\" content=\"Est. reading time\" \/>\n\t<meta name=\"twitter:data1\" content=\"1 minute\" \/>\n<script type=\"application\/ld+json\" class=\"yoast-schema-graph\">{\"@context\":\"https:\\\/\\\/schema.org\",\"@graph\":[{\"@type\":\"WebPage\",\"@id\":\"https:\\\/\\\/fit360.ee\\\/en\\\/pood\\\/product-groups\\\/vitamins-and-minerals-en\\\/selen-en\\\/seleen-200mcg-swanson-90caps\\\/\",\"url\":\"https:\\\/\\\/fit360.ee\\\/en\\\/pood\\\/product-groups\\\/vitamins-and-minerals-en\\\/selen-en\\\/seleen-200mcg-swanson-90caps\\\/\",\"name\":\"Seleen 200mcg (90caps) - Selen - Seleenium - Kiire tarne - Fit360\",\"isPartOf\":{\"@id\":\"https:\\\/\\\/fit360.ee\\\/en\\\/#website\"},\"primaryImageOfPage\":{\"@id\":\"https:\\\/\\\/fit360.ee\\\/en\\\/pood\\\/product-groups\\\/vitamins-and-minerals-en\\\/selen-en\\\/seleen-200mcg-swanson-90caps\\\/#primaryimage\"},\"image\":{\"@id\":\"https:\\\/\\\/fit360.ee\\\/en\\\/pood\\\/product-groups\\\/vitamins-and-minerals-en\\\/selen-en\\\/seleen-200mcg-swanson-90caps\\\/#primaryimage\"},\"thumbnailUrl\":\"https:\\\/\\\/fit360.ee\\\/wp-content\\\/uploads\\\/2020\\\/12\\\/Swanson-Seleen-Selenium-fit360.ee_.jpg\",\"datePublished\":\"2020-12-06T20:11:41+00:00\",\"dateModified\":\"2022-09-15T02:02:01+00:00\",\"description\":\"Seleen on\u00a0v\u00f5imas antioks\u00fcdant, mis kaitseb keharakke vabade radikaalide eest.\u00a0Seleen alandab p\u00f5letikelisi protsesse.\u00a0Kasulik Teie kehale.\",\"breadcrumb\":{\"@id\":\"https:\\\/\\\/fit360.ee\\\/en\\\/pood\\\/product-groups\\\/vitamins-and-minerals-en\\\/selen-en\\\/seleen-200mcg-swanson-90caps\\\/#breadcrumb\"},\"inLanguage\":\"en-US\",\"potentialAction\":[{\"@type\":\"ReadAction\",\"target\":[\"https:\\\/\\\/fit360.ee\\\/en\\\/pood\\\/product-groups\\\/vitamins-and-minerals-en\\\/selen-en\\\/seleen-200mcg-swanson-90caps\\\/\"]}]},{\"@type\":\"ImageObject\",\"inLanguage\":\"en-US\",\"@id\":\"https:\\\/\\\/fit360.ee\\\/en\\\/pood\\\/product-groups\\\/vitamins-and-minerals-en\\\/selen-en\\\/seleen-200mcg-swanson-90caps\\\/#primaryimage\",\"url\":\"https:\\\/\\\/fit360.ee\\\/wp-content\\\/uploads\\\/2020\\\/12\\\/Swanson-Seleen-Selenium-fit360.ee_.jpg\",\"contentUrl\":\"https:\\\/\\\/fit360.ee\\\/wp-content\\\/uploads\\\/2020\\\/12\\\/Swanson-Seleen-Selenium-fit360.ee_.jpg\",\"width\":500,\"height\":500,\"caption\":\"Swanson Seleen Selenium - fit360.ee\"},{\"@type\":\"BreadcrumbList\",\"@id\":\"https:\\\/\\\/fit360.ee\\\/en\\\/pood\\\/product-groups\\\/vitamins-and-minerals-en\\\/selen-en\\\/seleen-200mcg-swanson-90caps\\\/#breadcrumb\",\"itemListElement\":[{\"@type\":\"ListItem\",\"position\":1,\"name\":\"Home\",\"item\":\"https:\\\/\\\/fit360.ee\\\/en\\\/\"},{\"@type\":\"ListItem\",\"position\":2,\"name\":\"Shop\",\"item\":\"https:\\\/\\\/fit360.ee\\\/en\\\/shop\\\/\"},{\"@type\":\"ListItem\",\"position\":3,\"name\":\"Swanson Seleen &#8211; Selenium complex 200mcg (90caps)\"}]},{\"@type\":\"WebSite\",\"@id\":\"https:\\\/\\\/fit360.ee\\\/en\\\/#website\",\"url\":\"https:\\\/\\\/fit360.ee\\\/en\\\/\",\"name\":\"Fit360\",\"description\":\"\",\"publisher\":{\"@id\":\"https:\\\/\\\/fit360.ee\\\/en\\\/#organization\"},\"potentialAction\":[{\"@type\":\"SearchAction\",\"target\":{\"@type\":\"EntryPoint\",\"urlTemplate\":\"https:\\\/\\\/fit360.ee\\\/en\\\/?s={search_term_string}\"},\"query-input\":{\"@type\":\"PropertyValueSpecification\",\"valueRequired\":true,\"valueName\":\"search_term_string\"}}],\"inLanguage\":\"en-US\"},{\"@type\":\"Organization\",\"@id\":\"https:\\\/\\\/fit360.ee\\\/en\\\/#organization\",\"name\":\"Fit360\",\"url\":\"https:\\\/\\\/fit360.ee\\\/en\\\/\",\"logo\":{\"@type\":\"ImageObject\",\"inLanguage\":\"en-US\",\"@id\":\"https:\\\/\\\/fit360.ee\\\/en\\\/#\\\/schema\\\/logo\\\/image\\\/\",\"url\":\"https:\\\/\\\/fit360.ee\\\/wp-content\\\/uploads\\\/2017\\\/01\\\/logo-fit360.png\",\"contentUrl\":\"https:\\\/\\\/fit360.ee\\\/wp-content\\\/uploads\\\/2017\\\/01\\\/logo-fit360.png\",\"width\":180,\"height\":66,\"caption\":\"Fit360\"},\"image\":{\"@id\":\"https:\\\/\\\/fit360.ee\\\/en\\\/#\\\/schema\\\/logo\\\/image\\\/\"}}]}<\/script>\n<!-- \/ Yoast SEO plugin. -->","yoast_head_json":{"title":"Seleen 200mcg (90caps) - Selen - Seleenium - Kiire tarne - Fit360","description":"Seleen on\u00a0v\u00f5imas antioks\u00fcdant, mis kaitseb keharakke vabade radikaalide eest.\u00a0Seleen alandab p\u00f5letikelisi protsesse.\u00a0Kasulik Teie kehale.","robots":{"index":"index","follow":"follow","max-snippet":"max-snippet:-1","max-image-preview":"max-image-preview:large","max-video-preview":"max-video-preview:-1"},"canonical":"https:\/\/fit360.ee\/en\/pood\/product-groups\/vitamins-and-minerals-en\/selen-en\/seleen-200mcg-swanson-90caps\/","og_locale":"en_US","og_type":"article","og_title":"Seleen 200mcg (90caps) - Selen - Seleenium - Kiire tarne - Fit360","og_description":"Seleen on\u00a0v\u00f5imas antioks\u00fcdant, mis kaitseb keharakke vabade radikaalide eest.\u00a0Seleen alandab p\u00f5letikelisi protsesse.\u00a0Kasulik Teie kehale.","og_url":"https:\/\/fit360.ee\/en\/pood\/product-groups\/vitamins-and-minerals-en\/selen-en\/seleen-200mcg-swanson-90caps\/","og_site_name":"Fit360","article_modified_time":"2022-09-15T02:02:01+00:00","og_image":[{"width":500,"height":500,"url":"https:\/\/fit360.ee\/wp-content\/uploads\/2020\/12\/Swanson-Seleen-Selenium-fit360.ee_.jpg","type":"image\/jpeg"}],"twitter_card":"summary_large_image","twitter_misc":{"Est. reading time":"1 minute"},"schema":{"@context":"https:\/\/schema.org","@graph":[{"@type":"WebPage","@id":"https:\/\/fit360.ee\/en\/pood\/product-groups\/vitamins-and-minerals-en\/selen-en\/seleen-200mcg-swanson-90caps\/","url":"https:\/\/fit360.ee\/en\/pood\/product-groups\/vitamins-and-minerals-en\/selen-en\/seleen-200mcg-swanson-90caps\/","name":"Seleen 200mcg (90caps) - Selen - Seleenium - Kiire tarne - Fit360","isPartOf":{"@id":"https:\/\/fit360.ee\/en\/#website"},"primaryImageOfPage":{"@id":"https:\/\/fit360.ee\/en\/pood\/product-groups\/vitamins-and-minerals-en\/selen-en\/seleen-200mcg-swanson-90caps\/#primaryimage"},"image":{"@id":"https:\/\/fit360.ee\/en\/pood\/product-groups\/vitamins-and-minerals-en\/selen-en\/seleen-200mcg-swanson-90caps\/#primaryimage"},"thumbnailUrl":"https:\/\/fit360.ee\/wp-content\/uploads\/2020\/12\/Swanson-Seleen-Selenium-fit360.ee_.jpg","datePublished":"2020-12-06T20:11:41+00:00","dateModified":"2022-09-15T02:02:01+00:00","description":"Seleen on\u00a0v\u00f5imas antioks\u00fcdant, mis kaitseb keharakke vabade radikaalide eest.\u00a0Seleen alandab p\u00f5letikelisi protsesse.\u00a0Kasulik Teie kehale.","breadcrumb":{"@id":"https:\/\/fit360.ee\/en\/pood\/product-groups\/vitamins-and-minerals-en\/selen-en\/seleen-200mcg-swanson-90caps\/#breadcrumb"},"inLanguage":"en-US","potentialAction":[{"@type":"ReadAction","target":["https:\/\/fit360.ee\/en\/pood\/product-groups\/vitamins-and-minerals-en\/selen-en\/seleen-200mcg-swanson-90caps\/"]}]},{"@type":"ImageObject","inLanguage":"en-US","@id":"https:\/\/fit360.ee\/en\/pood\/product-groups\/vitamins-and-minerals-en\/selen-en\/seleen-200mcg-swanson-90caps\/#primaryimage","url":"https:\/\/fit360.ee\/wp-content\/uploads\/2020\/12\/Swanson-Seleen-Selenium-fit360.ee_.jpg","contentUrl":"https:\/\/fit360.ee\/wp-content\/uploads\/2020\/12\/Swanson-Seleen-Selenium-fit360.ee_.jpg","width":500,"height":500,"caption":"Swanson Seleen Selenium - fit360.ee"},{"@type":"BreadcrumbList","@id":"https:\/\/fit360.ee\/en\/pood\/product-groups\/vitamins-and-minerals-en\/selen-en\/seleen-200mcg-swanson-90caps\/#breadcrumb","itemListElement":[{"@type":"ListItem","position":1,"name":"Home","item":"https:\/\/fit360.ee\/en\/"},{"@type":"ListItem","position":2,"name":"Shop","item":"https:\/\/fit360.ee\/en\/shop\/"},{"@type":"ListItem","position":3,"name":"Swanson Seleen &#8211; Selenium complex 200mcg (90caps)"}]},{"@type":"WebSite","@id":"https:\/\/fit360.ee\/en\/#website","url":"https:\/\/fit360.ee\/en\/","name":"Fit360","description":"","publisher":{"@id":"https:\/\/fit360.ee\/en\/#organization"},"potentialAction":[{"@type":"SearchAction","target":{"@type":"EntryPoint","urlTemplate":"https:\/\/fit360.ee\/en\/?s={search_term_string}"},"query-input":{"@type":"PropertyValueSpecification","valueRequired":true,"valueName":"search_term_string"}}],"inLanguage":"en-US"},{"@type":"Organization","@id":"https:\/\/fit360.ee\/en\/#organization","name":"Fit360","url":"https:\/\/fit360.ee\/en\/","logo":{"@type":"ImageObject","inLanguage":"en-US","@id":"https:\/\/fit360.ee\/en\/#\/schema\/logo\/image\/","url":"https:\/\/fit360.ee\/wp-content\/uploads\/2017\/01\/logo-fit360.png","contentUrl":"https:\/\/fit360.ee\/wp-content\/uploads\/2017\/01\/logo-fit360.png","width":180,"height":66,"caption":"Fit360"},"image":{"@id":"https:\/\/fit360.ee\/en\/#\/schema\/logo\/image\/"}}]}},"_links":{"self":[{"href":"https:\/\/fit360.ee\/en\/wp-json\/wp\/v2\/product\/40264","targetHints":{"allow":["GET"]}}],"collection":[{"href":"https:\/\/fit360.ee\/en\/wp-json\/wp\/v2\/product"}],"about":[{"href":"https:\/\/fit360.ee\/en\/wp-json\/wp\/v2\/types\/product"}],"replies":[{"embeddable":true,"href":"https:\/\/fit360.ee\/en\/wp-json\/wp\/v2\/comments?post=40264"}],"wp:featuredmedia":[{"embeddable":true,"href":"https:\/\/fit360.ee\/en\/wp-json\/wp\/v2\/media\/40268"}],"wp:attachment":[{"href":"https:\/\/fit360.ee\/en\/wp-json\/wp\/v2\/media?parent=40264"}],"wp:term":[{"taxonomy":"product_brand","embeddable":true,"href":"https:\/\/fit360.ee\/en\/wp-json\/wp\/v2\/product_brand?post=40264"},{"taxonomy":"product_cat","embeddable":true,"href":"https:\/\/fit360.ee\/en\/wp-json\/wp\/v2\/product_cat?post=40264"},{"taxonomy":"product_tag","embeddable":true,"href":"https:\/\/fit360.ee\/en\/wp-json\/wp\/v2\/product_tag?post=40264"},{"taxonomy":"giftcard-category","embeddable":true,"href":"https:\/\/fit360.ee\/en\/wp-json\/wp\/v2\/giftcard-category?post=40264"}],"curies":[{"name":"wp","href":"https:\/\/api.w.org\/{rel}","templated":true}]}}