{"id":40316,"date":"2020-06-03T17:05:41","date_gmt":"2020-06-03T15:05:41","guid":{"rendered":"https:\/\/fit360.ee\/pood\/uncategorized\/evolite-omega-3-d3-k2-e-60-caps\/"},"modified":"2025-08-13T07:35:41","modified_gmt":"2025-08-13T05:35:41","slug":"evolite-omega-3-d3-k2-e-60-caps","status":"publish","type":"product","link":"https:\/\/fit360.ee\/en\/pood\/product-groups\/vitamins-and-minerals-en\/d-vitamin-en\/evolite-omega-3-d3-k2-e-60-caps\/","title":{"rendered":"Evolite Omega 3 + D3 + K2 + E (60 caps)"},"content":{"rendered":"<h2><strong>Omega 3 + D3 + K2 + E<\/strong><\/h2>\n<p><strong>Omega 3 + D3 + K2 + E<\/strong> on erinevate vitamiinide- ja ooomega rasvhapete kompleks toode, mis t\u00e4iustab Teie igap\u00e4evast toitumist vajalike vitamiinidega. Omega 3 + D3 + K2 + E kompleksis on olemas k\u00f5ik h\u00e4davajalikud toitained.<\/p>\n<p class=\"cm__text\">Omega-3 rasvhapped on vajalikud optimaalse heaolu ja tervise s\u00e4ilitamiseks.\u00a0Omega-3 rasvhapped on vajalikud optimaalse heaolu ja tervise s\u00e4ilitamiseks.\u00a0Neid leidub rasvaste k\u00fclmaveekalade ja koorikloomade, taime\u00f5lide ja p\u00e4hklite kihtides.\u00a0Need pakuvad v\u00e4\u00e4rtuslikku eikosapentaeenhapet (EPA) ja dokosaheksaeenhapet (DHA), mida k\u00f5ige sagedamini soodustatakse normaalse s\u00fcdamefunktsiooni toetamiseks.\u00a0Sellel on positiivne m\u00f5ju s\u00fcdamele, ajule ja veresoontele.\u00a0Omega 3 toetab igak\u00fclgselt organismi t\u00f6\u00f6d.\u00a0V\u00e4ga kontsentreeritud kala\u00f5li leidub mugavates geelkapslites.<\/p>\n<h4 class=\"cm__heading\"><strong>OstroVit Omega-3 koostisainete omadused<\/strong>:<\/h4>\n<ul class=\"cm__list\">\n<li>Positiivne m\u00f5ju s\u00fcdame-veresoonkonna s\u00fcsteemi toimimisele<\/li>\n<li>V\u00f5ib alandada homots\u00fcsteiini taset<\/li>\n<li>Meie rakumembraanide peamine ehitusmaterjal<\/li>\n<li>Varustage rakumembraane hapniku ja toitainetega<\/li>\n<\/ul>\n<p><strong>D3 + K2 on vitamiinide kompleks,<\/strong>\u00a0mis on toodetud looduslikest toorainetest. K2 vitamiini tootmisel kasutatakse Jaapani traditsioonilist sojaubade k\u00e4\u00e4ritatamiseprotsessi. K vitamiini puudus ei lase kaltsiumit luudesse ladestuda.\u00a0Vitamiini K2 kasutatakse kaltsiumi luumaatriksisse kinnitamiseks, hoides \u00e4ra veresoonte lupjumise. K2 on k\u00f5rgelt biok\u00e4ttesaadav ja bioaktiivne ning p\u00fcsib veres kauem kui K1.<\/p>\n<p>Vitamiin D3 (kolekaltsiferool) tugevdab luid ja liigeseid ning omab olulist rolli rakkude ainevahetuses. Samuti kaitseb ja toidab D3 vitamiin eluskudet ning muudab naha kaunimaks ja nooremaks. Vitamiin D3 regulaarne kasutamine parandab kaltsiumi ja magneesiumi ainevahetust ja imendumist.<\/p>\n<ul>\n<li>Soodustab kaltsiumi ja magneesiumi imendumist.<\/li>\n<li>On kasulik luude ja liigeste ainevahetusele.<\/li>\n<li>On oluline eluskoe funktsioneerimisel.<\/li>\n<li>Annab eluj\u00f5udu juustele ja nahale.<\/li>\n<\/ul>\n<p><strong>OstroVit vitamiin D3 + K2 kompleksi eelised:<\/strong><\/p>\n<ul>\n<li>suurendab kaltsiumi imendusmist,<\/li>\n<li>tugevdab luid ja hambaid;<\/li>\n<li>p\u00e4rsib osteoporoosi arengut;<\/li>\n<li>aitab kaalul alandamisel, soodustades rasvade p\u00f5letamist (eriti k\u00f5hu\u00f5\u00f5nerasva);<\/li>\n<li>suurendab lihaskasvu ja lihaste tugevust;<\/li>\n<li>toetab n\u00e4rvis\u00fcsteemi toimimist ja parandab meeleolu.<\/li>\n<\/ul>\n<p><strong>Koostisosad<\/strong>: Kala\u00f5li (mis sisaldab eikosapentaeenhape (EPA) 32%, dokosaheksaeenhape (DHA) 22%, Vitamiin E (12IU), Vitamiin D3 (2000IU), Vitamiin K2 (MK7)\u00a0 \u00a0\u017eelatiin (kapsel).<\/p>\n<p><strong>Kasutamine<\/strong>: Tarbida 1\u20132 kapslit p\u00e4evas. Mitte \u00fcletada soovitatud p\u00e4evast annust. Toode on m\u00f5eldud t\u00e4iskasvanutele. Hoiustada kuivas ja jahedas kohas. NB! Toode ei ole soovitatav rasedatele v\u00f5i imetavale emale.<\/p>\n<p><strong>Suurus<\/strong>: 60 kapslit \u2013 30\u201360 serveeringut.<\/p>\n<table width=\"307\">\n<tbody>\n<tr>\n<td width=\"106\"><strong>Anal\u00fc\u00fcs<\/strong><\/td>\n<td width=\"137\"><strong>1 portsjon (1 kapsel)<\/strong><\/td>\n<td width=\"57\"><strong>SPK%<\/strong><\/td>\n<\/tr>\n<tr>\n<td width=\"106\">Kala\u00f5li (sh):<\/td>\n<td width=\"137\">1030 mg<\/td>\n<td width=\"57\">**<\/td>\n<\/tr>\n<tr>\n<td width=\"106\">EPA 18%<\/td>\n<td width=\"137\">334 mg<\/td>\n<td width=\"57\">**<\/td>\n<\/tr>\n<tr>\n<td width=\"106\">DHA 12%<\/td>\n<td width=\"137\">227 mg<\/td>\n<td width=\"57\">**<\/td>\n<\/tr>\n<tr>\n<td width=\"106\">DPA 3%<\/td>\n<td width=\"137\">30 mg<\/td>\n<td width=\"57\">**<\/td>\n<\/tr>\n<tr>\n<td width=\"106\">E-vitamiin<\/td>\n<td width=\"137\">12 IU<\/td>\n<td width=\"57\">67%<\/td>\n<\/tr>\n<tr>\n<td width=\"106\">Vitamiin D3<\/td>\n<td width=\"137\">2000IU<\/td>\n<td width=\"57\">1000%<\/td>\n<\/tr>\n<tr>\n<td width=\"106\">Vitamiin K2 (MK7)<\/td>\n<td width=\"137\">20 \u03bcg<\/td>\n<td width=\"57\">67%<\/td>\n<\/tr>\n<\/tbody>\n<\/table>\n<p>% SPK \u2013 p\u00e4evasest soovitatavast kogusest, ** \u2013 SPK ei ole kindlaks tehtud.<\/p>\n<p>Vaata ka meie teisi Kasulikke Rasvhappeid <a href=\"https:\/\/fit360.ee\/en\/product-category\/product-groups\/essential-fats-en\/\"><strong>SIIT<\/strong><\/a> v\u00f5i kompleks vitamiine <a href=\"https:\/\/fit360.ee\/en\/product-category\/product-groups\/vitamins-and-minerals-en\/multivitamins-en\/\"><strong>SIIT<\/strong><\/a>!<\/p>\n<p>Soovid teha suuremat tellimust? Vaata antud toodet meie HULGI lehelt\u00a0<a href=\"https:\/\/toidulisandidhulgi.ee\/product\/evolite-omega-3-d3-k2-e-60-caps\/\"><strong>SIIT<\/strong><\/a>!<\/p>\n","protected":false},"excerpt":{"rendered":"<p><strong>Omega 3:<\/strong><\/p>\n<ul>\n<li>Suurendavad rasvap\u00f5letust.<\/li>\n<li>Asendamatud rasvhapped organismile.<\/li>\n<li>T\u00f5stavad immuunsust.<\/li>\n<li>Aitavad stressi vastu.<\/li>\n<\/ul>\n<p><strong>VITAMIN D3<\/strong>:<\/p>\n<ul>\n<li>Aitab s\u00e4ilitada tugevat luustiku<\/li>\n<li>Tugevdab immuuns\u00fcsteemi<\/li>\n<li>Annab lisaenergiat<\/li>\n<li>Geelkapsli vorm \u2013 parim imendumine<\/li>\n<\/ul>\n<p><strong>E Vitamiini kasulikud omadused:<\/strong><\/p>\n<ul>\n<li>rakkude vananemise pidurdamine<\/li>\n<li>aitab hemoglobiini hoida normaalse taseme juures<\/li>\n<li>muudab kapillaaride seinad tugevamaks<\/li>\n<li>l\u00fcmfots\u00fc\u00fctide, puna- ja valgeliblede kaitsmine, mist\u00f5ttu paraneb organismi varustatus hapnikuga ja \u00fcldine kaitsev\u00f5ime,<\/li>\n<li>vereh\u00fc\u00fcbimise ja s\u00fcdamelihase t\u00f6\u00f6ks<\/li>\n<li>n\u00e4rvikoe talituseks ja immuunfunktsiooniks.<\/li>\n<li>j\u00e4rglaste saamiseks, fertiilsuse s\u00e4ilitamiseks.<\/li>\n<\/ul>\n<p><strong>Vitamiin K positiivne m\u00f5ju:<\/strong><\/p>\n<ul>\n<li>Kaitseb luustiku.<\/li>\n<li>Parandab vere h\u00fc\u00fcbimist.<\/li>\n<\/ul>\n<p><strong>Suurep\u00e4rane kompleks-kapsel, mis tugevdab Teie tervist!<\/strong><\/p>\n","protected":false},"featured_media":85346,"comment_status":"open","ping_status":"closed","template":"","meta":[],"product_brand":[],"product_cat":[1913,2283,525,1618,5320,527,2263,2438,536],"product_tag":[1773,5447],"giftcard-category":[],"class_list":{"0":"post-40316","1":"product","2":"type-product","3":"status-publish","4":"has-post-thumbnail","6":"product_cat-d-vitamin-en","7":"product_cat-e-vitamin-en","8":"product_cat-essential-fats-en","9":"product_cat-evolite-en","10":"product_cat-for-immunity-en","11":"product_cat-joint-support-en","12":"product_cat-k-vitamin-en","13":"product_cat-omega-3-en","14":"product_cat-vitamins-and-minerals-en","15":"product_tag-evolite-en","16":"product_tag-omega-3-d3-k2-e-en","17":"pa_toidulisand-branddd-evolite","18":"pa_tootegruppp-d-vitamiin-en","19":"pa_tootegruppp-e-vitamiin-en","20":"pa_tootegruppp-for-joints","21":"pa_tootegruppp-immuunsusteem-en","22":"pa_tootegruppp-k-vitamiin-en","23":"pa_tootegruppp-omega-3-en","24":"pa_tootegruppp-useful-fatty-acids","25":"pa_tootegruppp-vitamins-and-minerals","27":"first","28":"outofstock","29":"sale","30":"taxable","31":"shipping-taxable","32":"purchasable","33":"product-type-simple"},"yoast_head":"<!-- This site is optimized with the Yoast SEO plugin v27.3 - https:\/\/yoast.com\/product\/yoast-seo-wordpress\/ -->\n<title>Evolite Omega 3 + D3 + K2 + E (60 caps) - Parim Hind - Kiire Tarne - Fit360<\/title>\n<meta name=\"description\" content=\"Omega 3 + D3 + K2 + E on erinevate vitamiinide- ja ooomega rasvhapete kompleks toode, mis t\u00e4iustab Teie igap\u00e4evast toitumist vajalike vitamiinidega...\" \/>\n<meta name=\"robots\" content=\"index, follow, max-snippet:-1, max-image-preview:large, max-video-preview:-1\" \/>\n<link rel=\"canonical\" href=\"https:\/\/fit360.ee\/en\/pood\/product-groups\/vitamins-and-minerals-en\/d-vitamin-en\/evolite-omega-3-d3-k2-e-60-caps\/\" \/>\n<meta property=\"og:locale\" content=\"en_US\" \/>\n<meta property=\"og:type\" content=\"article\" \/>\n<meta property=\"og:title\" content=\"Evolite Omega 3 + D3 + K2 + E (60 caps) - Parim Hind - Kiire Tarne - Fit360\" \/>\n<meta property=\"og:description\" content=\"Omega 3 + D3 + K2 + E on erinevate vitamiinide- ja ooomega rasvhapete kompleks toode, mis t\u00e4iustab Teie igap\u00e4evast toitumist vajalike vitamiinidega...\" \/>\n<meta property=\"og:url\" content=\"https:\/\/fit360.ee\/en\/pood\/product-groups\/vitamins-and-minerals-en\/d-vitamin-en\/evolite-omega-3-d3-k2-e-60-caps\/\" \/>\n<meta property=\"og:site_name\" content=\"Fit360\" \/>\n<meta property=\"article:modified_time\" content=\"2025-08-13T05:35:41+00:00\" \/>\n<meta property=\"og:image\" content=\"https:\/\/fit360.ee\/wp-content\/uploads\/2020\/06\/evolite-omega-d3-k2-e-fit360.ee_.jpg\" \/>\n\t<meta property=\"og:image:width\" content=\"500\" \/>\n\t<meta property=\"og:image:height\" content=\"500\" \/>\n\t<meta property=\"og:image:type\" content=\"image\/jpeg\" \/>\n<meta name=\"twitter:card\" content=\"summary_large_image\" \/>\n<meta name=\"twitter:label1\" content=\"Est. reading time\" \/>\n\t<meta name=\"twitter:data1\" content=\"1 minute\" \/>\n<script type=\"application\/ld+json\" class=\"yoast-schema-graph\">{\"@context\":\"https:\\\/\\\/schema.org\",\"@graph\":[{\"@type\":\"WebPage\",\"@id\":\"https:\\\/\\\/fit360.ee\\\/en\\\/pood\\\/product-groups\\\/vitamins-and-minerals-en\\\/d-vitamin-en\\\/evolite-omega-3-d3-k2-e-60-caps\\\/\",\"url\":\"https:\\\/\\\/fit360.ee\\\/en\\\/pood\\\/product-groups\\\/vitamins-and-minerals-en\\\/d-vitamin-en\\\/evolite-omega-3-d3-k2-e-60-caps\\\/\",\"name\":\"Evolite Omega 3 + D3 + K2 + E (60 caps) - Parim Hind - Kiire Tarne - Fit360\",\"isPartOf\":{\"@id\":\"https:\\\/\\\/fit360.ee\\\/en\\\/#website\"},\"primaryImageOfPage\":{\"@id\":\"https:\\\/\\\/fit360.ee\\\/en\\\/pood\\\/product-groups\\\/vitamins-and-minerals-en\\\/d-vitamin-en\\\/evolite-omega-3-d3-k2-e-60-caps\\\/#primaryimage\"},\"image\":{\"@id\":\"https:\\\/\\\/fit360.ee\\\/en\\\/pood\\\/product-groups\\\/vitamins-and-minerals-en\\\/d-vitamin-en\\\/evolite-omega-3-d3-k2-e-60-caps\\\/#primaryimage\"},\"thumbnailUrl\":\"https:\\\/\\\/fit360.ee\\\/wp-content\\\/uploads\\\/2020\\\/06\\\/evolite-omega-d3-k2-e-fit360.ee_.jpg\",\"datePublished\":\"2020-06-03T15:05:41+00:00\",\"dateModified\":\"2025-08-13T05:35:41+00:00\",\"description\":\"Omega 3 + D3 + K2 + E on erinevate vitamiinide- ja ooomega rasvhapete kompleks toode, mis t\u00e4iustab Teie igap\u00e4evast toitumist vajalike vitamiinidega...\",\"breadcrumb\":{\"@id\":\"https:\\\/\\\/fit360.ee\\\/en\\\/pood\\\/product-groups\\\/vitamins-and-minerals-en\\\/d-vitamin-en\\\/evolite-omega-3-d3-k2-e-60-caps\\\/#breadcrumb\"},\"inLanguage\":\"en-US\",\"potentialAction\":[{\"@type\":\"ReadAction\",\"target\":[\"https:\\\/\\\/fit360.ee\\\/en\\\/pood\\\/product-groups\\\/vitamins-and-minerals-en\\\/d-vitamin-en\\\/evolite-omega-3-d3-k2-e-60-caps\\\/\"]}]},{\"@type\":\"ImageObject\",\"inLanguage\":\"en-US\",\"@id\":\"https:\\\/\\\/fit360.ee\\\/en\\\/pood\\\/product-groups\\\/vitamins-and-minerals-en\\\/d-vitamin-en\\\/evolite-omega-3-d3-k2-e-60-caps\\\/#primaryimage\",\"url\":\"https:\\\/\\\/fit360.ee\\\/wp-content\\\/uploads\\\/2020\\\/06\\\/evolite-omega-d3-k2-e-fit360.ee_.jpg\",\"contentUrl\":\"https:\\\/\\\/fit360.ee\\\/wp-content\\\/uploads\\\/2020\\\/06\\\/evolite-omega-d3-k2-e-fit360.ee_.jpg\",\"width\":500,\"height\":500,\"caption\":\"evolite omega + d3 + k2 + e - fit360.ee\"},{\"@type\":\"BreadcrumbList\",\"@id\":\"https:\\\/\\\/fit360.ee\\\/en\\\/pood\\\/product-groups\\\/vitamins-and-minerals-en\\\/d-vitamin-en\\\/evolite-omega-3-d3-k2-e-60-caps\\\/#breadcrumb\",\"itemListElement\":[{\"@type\":\"ListItem\",\"position\":1,\"name\":\"Home\",\"item\":\"https:\\\/\\\/fit360.ee\\\/en\\\/\"},{\"@type\":\"ListItem\",\"position\":2,\"name\":\"Shop\",\"item\":\"https:\\\/\\\/fit360.ee\\\/en\\\/shop\\\/\"},{\"@type\":\"ListItem\",\"position\":3,\"name\":\"Evolite Omega 3 + D3 + K2 + E (60 caps)\"}]},{\"@type\":\"WebSite\",\"@id\":\"https:\\\/\\\/fit360.ee\\\/en\\\/#website\",\"url\":\"https:\\\/\\\/fit360.ee\\\/en\\\/\",\"name\":\"Fit360\",\"description\":\"\",\"publisher\":{\"@id\":\"https:\\\/\\\/fit360.ee\\\/en\\\/#organization\"},\"potentialAction\":[{\"@type\":\"SearchAction\",\"target\":{\"@type\":\"EntryPoint\",\"urlTemplate\":\"https:\\\/\\\/fit360.ee\\\/en\\\/?s={search_term_string}\"},\"query-input\":{\"@type\":\"PropertyValueSpecification\",\"valueRequired\":true,\"valueName\":\"search_term_string\"}}],\"inLanguage\":\"en-US\"},{\"@type\":\"Organization\",\"@id\":\"https:\\\/\\\/fit360.ee\\\/en\\\/#organization\",\"name\":\"Fit360\",\"url\":\"https:\\\/\\\/fit360.ee\\\/en\\\/\",\"logo\":{\"@type\":\"ImageObject\",\"inLanguage\":\"en-US\",\"@id\":\"https:\\\/\\\/fit360.ee\\\/en\\\/#\\\/schema\\\/logo\\\/image\\\/\",\"url\":\"https:\\\/\\\/fit360.ee\\\/wp-content\\\/uploads\\\/2017\\\/01\\\/logo-fit360.png\",\"contentUrl\":\"https:\\\/\\\/fit360.ee\\\/wp-content\\\/uploads\\\/2017\\\/01\\\/logo-fit360.png\",\"width\":180,\"height\":66,\"caption\":\"Fit360\"},\"image\":{\"@id\":\"https:\\\/\\\/fit360.ee\\\/en\\\/#\\\/schema\\\/logo\\\/image\\\/\"}}]}<\/script>\n<!-- \/ Yoast SEO plugin. -->","yoast_head_json":{"title":"Evolite Omega 3 + D3 + K2 + E (60 caps) - Parim Hind - Kiire Tarne - Fit360","description":"Omega 3 + D3 + K2 + E on erinevate vitamiinide- ja ooomega rasvhapete kompleks toode, mis t\u00e4iustab Teie igap\u00e4evast toitumist vajalike vitamiinidega...","robots":{"index":"index","follow":"follow","max-snippet":"max-snippet:-1","max-image-preview":"max-image-preview:large","max-video-preview":"max-video-preview:-1"},"canonical":"https:\/\/fit360.ee\/en\/pood\/product-groups\/vitamins-and-minerals-en\/d-vitamin-en\/evolite-omega-3-d3-k2-e-60-caps\/","og_locale":"en_US","og_type":"article","og_title":"Evolite Omega 3 + D3 + K2 + E (60 caps) - Parim Hind - Kiire Tarne - Fit360","og_description":"Omega 3 + D3 + K2 + E on erinevate vitamiinide- ja ooomega rasvhapete kompleks toode, mis t\u00e4iustab Teie igap\u00e4evast toitumist vajalike vitamiinidega...","og_url":"https:\/\/fit360.ee\/en\/pood\/product-groups\/vitamins-and-minerals-en\/d-vitamin-en\/evolite-omega-3-d3-k2-e-60-caps\/","og_site_name":"Fit360","article_modified_time":"2025-08-13T05:35:41+00:00","og_image":[{"width":500,"height":500,"url":"https:\/\/fit360.ee\/wp-content\/uploads\/2020\/06\/evolite-omega-d3-k2-e-fit360.ee_.jpg","type":"image\/jpeg"}],"twitter_card":"summary_large_image","twitter_misc":{"Est. reading time":"1 minute"},"schema":{"@context":"https:\/\/schema.org","@graph":[{"@type":"WebPage","@id":"https:\/\/fit360.ee\/en\/pood\/product-groups\/vitamins-and-minerals-en\/d-vitamin-en\/evolite-omega-3-d3-k2-e-60-caps\/","url":"https:\/\/fit360.ee\/en\/pood\/product-groups\/vitamins-and-minerals-en\/d-vitamin-en\/evolite-omega-3-d3-k2-e-60-caps\/","name":"Evolite Omega 3 + D3 + K2 + E (60 caps) - Parim Hind - Kiire Tarne - Fit360","isPartOf":{"@id":"https:\/\/fit360.ee\/en\/#website"},"primaryImageOfPage":{"@id":"https:\/\/fit360.ee\/en\/pood\/product-groups\/vitamins-and-minerals-en\/d-vitamin-en\/evolite-omega-3-d3-k2-e-60-caps\/#primaryimage"},"image":{"@id":"https:\/\/fit360.ee\/en\/pood\/product-groups\/vitamins-and-minerals-en\/d-vitamin-en\/evolite-omega-3-d3-k2-e-60-caps\/#primaryimage"},"thumbnailUrl":"https:\/\/fit360.ee\/wp-content\/uploads\/2020\/06\/evolite-omega-d3-k2-e-fit360.ee_.jpg","datePublished":"2020-06-03T15:05:41+00:00","dateModified":"2025-08-13T05:35:41+00:00","description":"Omega 3 + D3 + K2 + E on erinevate vitamiinide- ja ooomega rasvhapete kompleks toode, mis t\u00e4iustab Teie igap\u00e4evast toitumist vajalike vitamiinidega...","breadcrumb":{"@id":"https:\/\/fit360.ee\/en\/pood\/product-groups\/vitamins-and-minerals-en\/d-vitamin-en\/evolite-omega-3-d3-k2-e-60-caps\/#breadcrumb"},"inLanguage":"en-US","potentialAction":[{"@type":"ReadAction","target":["https:\/\/fit360.ee\/en\/pood\/product-groups\/vitamins-and-minerals-en\/d-vitamin-en\/evolite-omega-3-d3-k2-e-60-caps\/"]}]},{"@type":"ImageObject","inLanguage":"en-US","@id":"https:\/\/fit360.ee\/en\/pood\/product-groups\/vitamins-and-minerals-en\/d-vitamin-en\/evolite-omega-3-d3-k2-e-60-caps\/#primaryimage","url":"https:\/\/fit360.ee\/wp-content\/uploads\/2020\/06\/evolite-omega-d3-k2-e-fit360.ee_.jpg","contentUrl":"https:\/\/fit360.ee\/wp-content\/uploads\/2020\/06\/evolite-omega-d3-k2-e-fit360.ee_.jpg","width":500,"height":500,"caption":"evolite omega + d3 + k2 + e - fit360.ee"},{"@type":"BreadcrumbList","@id":"https:\/\/fit360.ee\/en\/pood\/product-groups\/vitamins-and-minerals-en\/d-vitamin-en\/evolite-omega-3-d3-k2-e-60-caps\/#breadcrumb","itemListElement":[{"@type":"ListItem","position":1,"name":"Home","item":"https:\/\/fit360.ee\/en\/"},{"@type":"ListItem","position":2,"name":"Shop","item":"https:\/\/fit360.ee\/en\/shop\/"},{"@type":"ListItem","position":3,"name":"Evolite Omega 3 + D3 + K2 + E (60 caps)"}]},{"@type":"WebSite","@id":"https:\/\/fit360.ee\/en\/#website","url":"https:\/\/fit360.ee\/en\/","name":"Fit360","description":"","publisher":{"@id":"https:\/\/fit360.ee\/en\/#organization"},"potentialAction":[{"@type":"SearchAction","target":{"@type":"EntryPoint","urlTemplate":"https:\/\/fit360.ee\/en\/?s={search_term_string}"},"query-input":{"@type":"PropertyValueSpecification","valueRequired":true,"valueName":"search_term_string"}}],"inLanguage":"en-US"},{"@type":"Organization","@id":"https:\/\/fit360.ee\/en\/#organization","name":"Fit360","url":"https:\/\/fit360.ee\/en\/","logo":{"@type":"ImageObject","inLanguage":"en-US","@id":"https:\/\/fit360.ee\/en\/#\/schema\/logo\/image\/","url":"https:\/\/fit360.ee\/wp-content\/uploads\/2017\/01\/logo-fit360.png","contentUrl":"https:\/\/fit360.ee\/wp-content\/uploads\/2017\/01\/logo-fit360.png","width":180,"height":66,"caption":"Fit360"},"image":{"@id":"https:\/\/fit360.ee\/en\/#\/schema\/logo\/image\/"}}]}},"_links":{"self":[{"href":"https:\/\/fit360.ee\/en\/wp-json\/wp\/v2\/product\/40316","targetHints":{"allow":["GET"]}}],"collection":[{"href":"https:\/\/fit360.ee\/en\/wp-json\/wp\/v2\/product"}],"about":[{"href":"https:\/\/fit360.ee\/en\/wp-json\/wp\/v2\/types\/product"}],"replies":[{"embeddable":true,"href":"https:\/\/fit360.ee\/en\/wp-json\/wp\/v2\/comments?post=40316"}],"wp:featuredmedia":[{"embeddable":true,"href":"https:\/\/fit360.ee\/en\/wp-json\/wp\/v2\/media\/85346"}],"wp:attachment":[{"href":"https:\/\/fit360.ee\/en\/wp-json\/wp\/v2\/media?parent=40316"}],"wp:term":[{"taxonomy":"product_brand","embeddable":true,"href":"https:\/\/fit360.ee\/en\/wp-json\/wp\/v2\/product_brand?post=40316"},{"taxonomy":"product_cat","embeddable":true,"href":"https:\/\/fit360.ee\/en\/wp-json\/wp\/v2\/product_cat?post=40316"},{"taxonomy":"product_tag","embeddable":true,"href":"https:\/\/fit360.ee\/en\/wp-json\/wp\/v2\/product_tag?post=40316"},{"taxonomy":"giftcard-category","embeddable":true,"href":"https:\/\/fit360.ee\/en\/wp-json\/wp\/v2\/giftcard-category?post=40316"}],"curies":[{"name":"wp","href":"https:\/\/api.w.org\/{rel}","templated":true}]}}