{"id":40586,"date":"2020-12-16T16:34:15","date_gmt":"2020-12-16T14:34:15","guid":{"rendered":"https:\/\/fit360.ee\/?post_type=product&#038;p=40586"},"modified":"2022-09-16T13:42:35","modified_gmt":"2022-09-16T11:42:35","slug":"beeta-alaniin-mega-caps-60caps","status":"publish","type":"product","link":"https:\/\/fit360.ee\/en\/pood\/product-groups\/amino-acids-bcaa\/beta-alanine-en\/beeta-alaniin-mega-caps-60caps\/","title":{"rendered":"Beeta-Alaniin Mega Caps (60 caps)"},"content":{"rendered":"<h1>Beta Alanine kapslid N60 &#8211; 800mg Beeta Alaniini kapsli kohta<\/h1>\n<p>Evolite Beeta-Alaniin kapslid N60 &#8211; puhtaima kvaliteediga Beeta Alaniin.<\/p>\n<p><strong>Koostisosad<\/strong>: beeta-alaniin, \u017eelatiin<\/p>\n<p><strong>Kasutamine<\/strong>: 4 kapslit enne ja p\u00e4rast\u00a0treeningut. Hoiustada kuivas ja jahedas kohas, eemal otsest p\u00e4evavalgusest.<\/p>\n<p><strong>Suurus<\/strong>: 60 kapslit \u2013 20 serveeringut<\/p>\n<table width=\"289\">\n<tbody>\n<tr>\n<td width=\"90\"><strong>Anal\u00fc\u00fcs<\/strong><\/td>\n<td width=\"132\"><strong>1 portsjon (3 kapslit)<\/strong><\/td>\n<td width=\"66\"><b>SPK%<\/b><\/td>\n<\/tr>\n<tr>\n<td width=\"90\">Beeta- alaniin<\/td>\n<td width=\"132\">2400 mg<\/td>\n<td width=\"66\">**<\/td>\n<\/tr>\n<\/tbody>\n<\/table>\n<p>SPK% \u2013 Soovitatav p\u00e4evane kogus (8400 kJ \/ 2000kcal), ** \u2013 SPK% \u00a0ei ole kindlaks tehtud.<\/p>\n","protected":false},"excerpt":{"rendered":"<h2><strong>Beeta-alaniin:<\/strong><\/h2>\n<ul>\n<li>V\u00e4hendab lihaste v\u00e4simust treeningu ajal ja kiirendab taastumist.<\/li>\n<li>V\u00f5imaldab rohkem karosiini lihastes.<\/li>\n<li>V\u00f5ib kasutada nii tugevus- kui ka vastupidavusspordialadel.<\/li>\n<li>Suurendab lihaste kasvu.<\/li>\n<li>Laboratoorselt testitud ja ohutu.<\/li>\n<\/ul>\n<p><strong>Beta Alanine<\/strong> sisaldab puhtaima kvaliteediga beeta-alaniini.\u00a0Toote peamine eesm\u00e4rk on hoida \u00e4ra enneaegset v\u00e4simust ja abistada lihasmassi ehitamisel.\u00a0Samuti suurendab toode vastupidavust, treeningu efektiivsust ja kiirendab taastumist.<\/p>\n<p>On leitud, et beeta-alaniin suurendab oluliselt karosiini hulka lihastes. Uuringud on n\u00e4idanud, et lihastesisese karosiini hulga suurenemine ainult beeta-alaniini tarbimisega parandab sooritusv\u00f5imet (Smith, 2009).<\/p>\n<p>&nbsp;<\/p>\n","protected":false},"featured_media":85390,"comment_status":"open","ping_status":"closed","template":"","meta":[],"product_brand":[],"product_cat":[520,2303,1618,533],"product_tag":[1787,1788,1789,1773],"giftcard-category":[],"class_list":{"0":"post-40586","1":"product","2":"type-product","3":"status-publish","4":"has-post-thumbnail","6":"product_cat-amino-acids-bcaa","7":"product_cat-beta-alanine-en","8":"product_cat-evolite-en","9":"product_cat-pre-workout-en","10":"product_tag-aminohapped-en","11":"product_tag-beeta-alaniin-en","12":"product_tag-beta-alanine-en","13":"product_tag-evolite-en","14":"pa_toidulisand-branddd-evolite","15":"pa_tootegruppp-amino-acidsbcaa","16":"pa_tootegruppp-beeta-alaniin-en","17":"pa_tootegruppp-pre-workout","19":"first","20":"instock","21":"sale","22":"taxable","23":"shipping-taxable","24":"purchasable","25":"product-type-simple"},"yoast_head":"<!-- This site is optimized with the Yoast SEO plugin v27.3 - https:\/\/yoast.com\/product\/yoast-seo-wordpress\/ -->\n<title>Beeta-Alaniin kapslid (300caps) - Aminohapped - Beeta-Alaniin - Fit360<\/title>\n<meta name=\"description\" content=\"Beeta-Alaniin kapslid sisaldavad puhtaima kvaliteediga beeta-alaniini. Beeta Alaniin suurendab vastupidavust ja treeningu efektiivsust.\" \/>\n<meta name=\"robots\" content=\"index, follow, max-snippet:-1, max-image-preview:large, max-video-preview:-1\" \/>\n<link rel=\"canonical\" href=\"https:\/\/fit360.ee\/en\/pood\/product-groups\/amino-acids-bcaa\/beta-alanine-en\/beeta-alaniin-mega-caps-60caps\/\" \/>\n<meta property=\"og:locale\" content=\"en_US\" \/>\n<meta property=\"og:type\" content=\"article\" \/>\n<meta property=\"og:title\" content=\"Beeta-Alaniin kapslid (300caps) - Aminohapped - Beeta-Alaniin - Fit360\" \/>\n<meta property=\"og:description\" content=\"Beeta-Alaniin kapslid sisaldavad puhtaima kvaliteediga beeta-alaniini. Beeta Alaniin suurendab vastupidavust ja treeningu efektiivsust.\" \/>\n<meta property=\"og:url\" content=\"https:\/\/fit360.ee\/en\/pood\/product-groups\/amino-acids-bcaa\/beta-alanine-en\/beeta-alaniin-mega-caps-60caps\/\" \/>\n<meta property=\"og:site_name\" content=\"Fit360\" \/>\n<meta property=\"article:modified_time\" content=\"2022-09-16T11:42:35+00:00\" \/>\n<meta property=\"og:image\" content=\"https:\/\/fit360.ee\/wp-content\/uploads\/2020\/12\/beeta-alaniin-kapslid-n60-fit360.ee-1.jpg\" \/>\n\t<meta property=\"og:image:width\" content=\"800\" \/>\n\t<meta property=\"og:image:height\" content=\"800\" \/>\n\t<meta property=\"og:image:type\" content=\"image\/jpeg\" \/>\n<meta name=\"twitter:card\" content=\"summary_large_image\" \/>\n<script type=\"application\/ld+json\" class=\"yoast-schema-graph\">{\"@context\":\"https:\\\/\\\/schema.org\",\"@graph\":[{\"@type\":\"WebPage\",\"@id\":\"https:\\\/\\\/fit360.ee\\\/en\\\/pood\\\/product-groups\\\/amino-acids-bcaa\\\/beta-alanine-en\\\/beeta-alaniin-mega-caps-60caps\\\/\",\"url\":\"https:\\\/\\\/fit360.ee\\\/en\\\/pood\\\/product-groups\\\/amino-acids-bcaa\\\/beta-alanine-en\\\/beeta-alaniin-mega-caps-60caps\\\/\",\"name\":\"Beeta-Alaniin kapslid (300caps) - Aminohapped - Beeta-Alaniin - Fit360\",\"isPartOf\":{\"@id\":\"https:\\\/\\\/fit360.ee\\\/en\\\/#website\"},\"primaryImageOfPage\":{\"@id\":\"https:\\\/\\\/fit360.ee\\\/en\\\/pood\\\/product-groups\\\/amino-acids-bcaa\\\/beta-alanine-en\\\/beeta-alaniin-mega-caps-60caps\\\/#primaryimage\"},\"image\":{\"@id\":\"https:\\\/\\\/fit360.ee\\\/en\\\/pood\\\/product-groups\\\/amino-acids-bcaa\\\/beta-alanine-en\\\/beeta-alaniin-mega-caps-60caps\\\/#primaryimage\"},\"thumbnailUrl\":\"https:\\\/\\\/fit360.ee\\\/wp-content\\\/uploads\\\/2020\\\/12\\\/beeta-alaniin-kapslid-n60-fit360.ee-1.jpg\",\"datePublished\":\"2020-12-16T14:34:15+00:00\",\"dateModified\":\"2022-09-16T11:42:35+00:00\",\"description\":\"Beeta-Alaniin kapslid sisaldavad puhtaima kvaliteediga beeta-alaniini. Beeta Alaniin suurendab vastupidavust ja treeningu efektiivsust.\",\"breadcrumb\":{\"@id\":\"https:\\\/\\\/fit360.ee\\\/en\\\/pood\\\/product-groups\\\/amino-acids-bcaa\\\/beta-alanine-en\\\/beeta-alaniin-mega-caps-60caps\\\/#breadcrumb\"},\"inLanguage\":\"en-US\",\"potentialAction\":[{\"@type\":\"ReadAction\",\"target\":[\"https:\\\/\\\/fit360.ee\\\/en\\\/pood\\\/product-groups\\\/amino-acids-bcaa\\\/beta-alanine-en\\\/beeta-alaniin-mega-caps-60caps\\\/\"]}]},{\"@type\":\"ImageObject\",\"inLanguage\":\"en-US\",\"@id\":\"https:\\\/\\\/fit360.ee\\\/en\\\/pood\\\/product-groups\\\/amino-acids-bcaa\\\/beta-alanine-en\\\/beeta-alaniin-mega-caps-60caps\\\/#primaryimage\",\"url\":\"https:\\\/\\\/fit360.ee\\\/wp-content\\\/uploads\\\/2020\\\/12\\\/beeta-alaniin-kapslid-n60-fit360.ee-1.jpg\",\"contentUrl\":\"https:\\\/\\\/fit360.ee\\\/wp-content\\\/uploads\\\/2020\\\/12\\\/beeta-alaniin-kapslid-n60-fit360.ee-1.jpg\",\"width\":800,\"height\":800,\"caption\":\"beeta-alaniin kapslid n60 - fit360.ee\"},{\"@type\":\"BreadcrumbList\",\"@id\":\"https:\\\/\\\/fit360.ee\\\/en\\\/pood\\\/product-groups\\\/amino-acids-bcaa\\\/beta-alanine-en\\\/beeta-alaniin-mega-caps-60caps\\\/#breadcrumb\",\"itemListElement\":[{\"@type\":\"ListItem\",\"position\":1,\"name\":\"Home\",\"item\":\"https:\\\/\\\/fit360.ee\\\/en\\\/\"},{\"@type\":\"ListItem\",\"position\":2,\"name\":\"Shop\",\"item\":\"https:\\\/\\\/fit360.ee\\\/en\\\/shop\\\/\"},{\"@type\":\"ListItem\",\"position\":3,\"name\":\"Beeta-Alaniin Mega Caps (60 caps)\"}]},{\"@type\":\"WebSite\",\"@id\":\"https:\\\/\\\/fit360.ee\\\/en\\\/#website\",\"url\":\"https:\\\/\\\/fit360.ee\\\/en\\\/\",\"name\":\"Fit360\",\"description\":\"\",\"publisher\":{\"@id\":\"https:\\\/\\\/fit360.ee\\\/en\\\/#organization\"},\"potentialAction\":[{\"@type\":\"SearchAction\",\"target\":{\"@type\":\"EntryPoint\",\"urlTemplate\":\"https:\\\/\\\/fit360.ee\\\/en\\\/?s={search_term_string}\"},\"query-input\":{\"@type\":\"PropertyValueSpecification\",\"valueRequired\":true,\"valueName\":\"search_term_string\"}}],\"inLanguage\":\"en-US\"},{\"@type\":\"Organization\",\"@id\":\"https:\\\/\\\/fit360.ee\\\/en\\\/#organization\",\"name\":\"Fit360\",\"url\":\"https:\\\/\\\/fit360.ee\\\/en\\\/\",\"logo\":{\"@type\":\"ImageObject\",\"inLanguage\":\"en-US\",\"@id\":\"https:\\\/\\\/fit360.ee\\\/en\\\/#\\\/schema\\\/logo\\\/image\\\/\",\"url\":\"https:\\\/\\\/fit360.ee\\\/wp-content\\\/uploads\\\/2017\\\/01\\\/logo-fit360.png\",\"contentUrl\":\"https:\\\/\\\/fit360.ee\\\/wp-content\\\/uploads\\\/2017\\\/01\\\/logo-fit360.png\",\"width\":180,\"height\":66,\"caption\":\"Fit360\"},\"image\":{\"@id\":\"https:\\\/\\\/fit360.ee\\\/en\\\/#\\\/schema\\\/logo\\\/image\\\/\"}}]}<\/script>\n<!-- \/ Yoast SEO plugin. -->","yoast_head_json":{"title":"Beeta-Alaniin kapslid (300caps) - Aminohapped - Beeta-Alaniin - Fit360","description":"Beeta-Alaniin kapslid sisaldavad puhtaima kvaliteediga beeta-alaniini. Beeta Alaniin suurendab vastupidavust ja treeningu efektiivsust.","robots":{"index":"index","follow":"follow","max-snippet":"max-snippet:-1","max-image-preview":"max-image-preview:large","max-video-preview":"max-video-preview:-1"},"canonical":"https:\/\/fit360.ee\/en\/pood\/product-groups\/amino-acids-bcaa\/beta-alanine-en\/beeta-alaniin-mega-caps-60caps\/","og_locale":"en_US","og_type":"article","og_title":"Beeta-Alaniin kapslid (300caps) - Aminohapped - Beeta-Alaniin - Fit360","og_description":"Beeta-Alaniin kapslid sisaldavad puhtaima kvaliteediga beeta-alaniini. Beeta Alaniin suurendab vastupidavust ja treeningu efektiivsust.","og_url":"https:\/\/fit360.ee\/en\/pood\/product-groups\/amino-acids-bcaa\/beta-alanine-en\/beeta-alaniin-mega-caps-60caps\/","og_site_name":"Fit360","article_modified_time":"2022-09-16T11:42:35+00:00","og_image":[{"width":800,"height":800,"url":"https:\/\/fit360.ee\/wp-content\/uploads\/2020\/12\/beeta-alaniin-kapslid-n60-fit360.ee-1.jpg","type":"image\/jpeg"}],"twitter_card":"summary_large_image","schema":{"@context":"https:\/\/schema.org","@graph":[{"@type":"WebPage","@id":"https:\/\/fit360.ee\/en\/pood\/product-groups\/amino-acids-bcaa\/beta-alanine-en\/beeta-alaniin-mega-caps-60caps\/","url":"https:\/\/fit360.ee\/en\/pood\/product-groups\/amino-acids-bcaa\/beta-alanine-en\/beeta-alaniin-mega-caps-60caps\/","name":"Beeta-Alaniin kapslid (300caps) - Aminohapped - Beeta-Alaniin - Fit360","isPartOf":{"@id":"https:\/\/fit360.ee\/en\/#website"},"primaryImageOfPage":{"@id":"https:\/\/fit360.ee\/en\/pood\/product-groups\/amino-acids-bcaa\/beta-alanine-en\/beeta-alaniin-mega-caps-60caps\/#primaryimage"},"image":{"@id":"https:\/\/fit360.ee\/en\/pood\/product-groups\/amino-acids-bcaa\/beta-alanine-en\/beeta-alaniin-mega-caps-60caps\/#primaryimage"},"thumbnailUrl":"https:\/\/fit360.ee\/wp-content\/uploads\/2020\/12\/beeta-alaniin-kapslid-n60-fit360.ee-1.jpg","datePublished":"2020-12-16T14:34:15+00:00","dateModified":"2022-09-16T11:42:35+00:00","description":"Beeta-Alaniin kapslid sisaldavad puhtaima kvaliteediga beeta-alaniini. Beeta Alaniin suurendab vastupidavust ja treeningu efektiivsust.","breadcrumb":{"@id":"https:\/\/fit360.ee\/en\/pood\/product-groups\/amino-acids-bcaa\/beta-alanine-en\/beeta-alaniin-mega-caps-60caps\/#breadcrumb"},"inLanguage":"en-US","potentialAction":[{"@type":"ReadAction","target":["https:\/\/fit360.ee\/en\/pood\/product-groups\/amino-acids-bcaa\/beta-alanine-en\/beeta-alaniin-mega-caps-60caps\/"]}]},{"@type":"ImageObject","inLanguage":"en-US","@id":"https:\/\/fit360.ee\/en\/pood\/product-groups\/amino-acids-bcaa\/beta-alanine-en\/beeta-alaniin-mega-caps-60caps\/#primaryimage","url":"https:\/\/fit360.ee\/wp-content\/uploads\/2020\/12\/beeta-alaniin-kapslid-n60-fit360.ee-1.jpg","contentUrl":"https:\/\/fit360.ee\/wp-content\/uploads\/2020\/12\/beeta-alaniin-kapslid-n60-fit360.ee-1.jpg","width":800,"height":800,"caption":"beeta-alaniin kapslid n60 - fit360.ee"},{"@type":"BreadcrumbList","@id":"https:\/\/fit360.ee\/en\/pood\/product-groups\/amino-acids-bcaa\/beta-alanine-en\/beeta-alaniin-mega-caps-60caps\/#breadcrumb","itemListElement":[{"@type":"ListItem","position":1,"name":"Home","item":"https:\/\/fit360.ee\/en\/"},{"@type":"ListItem","position":2,"name":"Shop","item":"https:\/\/fit360.ee\/en\/shop\/"},{"@type":"ListItem","position":3,"name":"Beeta-Alaniin Mega Caps (60 caps)"}]},{"@type":"WebSite","@id":"https:\/\/fit360.ee\/en\/#website","url":"https:\/\/fit360.ee\/en\/","name":"Fit360","description":"","publisher":{"@id":"https:\/\/fit360.ee\/en\/#organization"},"potentialAction":[{"@type":"SearchAction","target":{"@type":"EntryPoint","urlTemplate":"https:\/\/fit360.ee\/en\/?s={search_term_string}"},"query-input":{"@type":"PropertyValueSpecification","valueRequired":true,"valueName":"search_term_string"}}],"inLanguage":"en-US"},{"@type":"Organization","@id":"https:\/\/fit360.ee\/en\/#organization","name":"Fit360","url":"https:\/\/fit360.ee\/en\/","logo":{"@type":"ImageObject","inLanguage":"en-US","@id":"https:\/\/fit360.ee\/en\/#\/schema\/logo\/image\/","url":"https:\/\/fit360.ee\/wp-content\/uploads\/2017\/01\/logo-fit360.png","contentUrl":"https:\/\/fit360.ee\/wp-content\/uploads\/2017\/01\/logo-fit360.png","width":180,"height":66,"caption":"Fit360"},"image":{"@id":"https:\/\/fit360.ee\/en\/#\/schema\/logo\/image\/"}}]}},"_links":{"self":[{"href":"https:\/\/fit360.ee\/en\/wp-json\/wp\/v2\/product\/40586","targetHints":{"allow":["GET"]}}],"collection":[{"href":"https:\/\/fit360.ee\/en\/wp-json\/wp\/v2\/product"}],"about":[{"href":"https:\/\/fit360.ee\/en\/wp-json\/wp\/v2\/types\/product"}],"replies":[{"embeddable":true,"href":"https:\/\/fit360.ee\/en\/wp-json\/wp\/v2\/comments?post=40586"}],"wp:featuredmedia":[{"embeddable":true,"href":"https:\/\/fit360.ee\/en\/wp-json\/wp\/v2\/media\/85390"}],"wp:attachment":[{"href":"https:\/\/fit360.ee\/en\/wp-json\/wp\/v2\/media?parent=40586"}],"wp:term":[{"taxonomy":"product_brand","embeddable":true,"href":"https:\/\/fit360.ee\/en\/wp-json\/wp\/v2\/product_brand?post=40586"},{"taxonomy":"product_cat","embeddable":true,"href":"https:\/\/fit360.ee\/en\/wp-json\/wp\/v2\/product_cat?post=40586"},{"taxonomy":"product_tag","embeddable":true,"href":"https:\/\/fit360.ee\/en\/wp-json\/wp\/v2\/product_tag?post=40586"},{"taxonomy":"giftcard-category","embeddable":true,"href":"https:\/\/fit360.ee\/en\/wp-json\/wp\/v2\/giftcard-category?post=40586"}],"curies":[{"name":"wp","href":"https:\/\/api.w.org\/{rel}","templated":true}]}}