{"id":40610,"date":"2020-12-16T18:04:22","date_gmt":"2020-12-16T16:04:22","guid":{"rendered":"https:\/\/fit360.ee\/?post_type=product&#038;p=40610"},"modified":"2022-09-17T13:54:15","modified_gmt":"2022-09-17T11:54:15","slug":"evolite-kofeiini-kapslid-200mg-caffeine-10ocaps","status":"publish","type":"product","link":"https:\/\/fit360.ee\/en\/pood\/product-groups\/pre-workout-en\/evolite-kofeiini-kapslid-200mg-caffeine-10ocaps\/","title":{"rendered":"Evolite Kofeiini kapslid 200mg &#8211; Caffeine (100caps)"},"content":{"rendered":"<h1>Kofeiini kapslid 200mg<\/h1>\n<p>Kofeiini kapslid on kiire ja lihtne alternatiiv kohvi valmistamisele.<\/p>\n<p>Kofeiin peletab ajutiselt v\u00e4simuse, on erguti. Kofeiin tugevdab ja kiirendab s\u00fcdametegevust, teravdab t\u00e4helepanuv\u00f5imet, aitab keskenduda ja t\u00f5stab t\u00f6\u00f6 efektiivsust.<\/p>\n<p><strong>Koostisosad: <\/strong>veevaba kofeiin, t\u00e4iteaine &#8211; mikrokristalne tselluloos, \u017eelatiin.<\/p>\n<p><strong>Kasutamine: <\/strong>tarbi kuni 2 kapslit p\u00e4evas, 1 kapsel korraga. Tarbi tund aega enne f\u00fc\u00fcsilist koormust. Toode on m\u00f5eldud inimestele, kes tegelevad spordiga mis n\u00f5uab kestvust. \u00c4ra \u00fcleta soovitatud p\u00e4evast kogust.<\/p>\n<p><strong>Hoiatus: <\/strong>\u00e4ra tarbi kui oled m\u00f5ne koostisosa vastu allergiline. Toidulisandeid ei tohi tarbida asendusena varieeruvale ja rikastatud dieedile. Hoida lastele k\u00e4ttesaamatus kohas. Toode on m\u00f5eldud t\u00e4iskasvanutele.<\/p>\n<p><strong>Pakendi suurus: <\/strong>100 kapslit<\/p>\n<p><strong>Hoiustamine: <\/strong>hoia kuivas ja jahedas kohas. Eemal p\u00e4ikesevalgusest.<\/p>\n<p>&nbsp;<\/p>\n<table>\n<tbody>\n<tr>\n<td width=\"205\"><strong>Toimeaine<\/strong><\/td>\n<td width=\"205\"><strong>1 kapsel<\/strong><\/td>\n<td width=\"205\"><strong>2 kapslit<\/strong><\/td>\n<\/tr>\n<tr>\n<td width=\"205\">Kofeiin<\/td>\n<td width=\"205\">200mg<\/td>\n<td width=\"205\">400mg<\/td>\n<\/tr>\n<\/tbody>\n<\/table>\n","protected":false},"excerpt":{"rendered":"<h2><strong>Kofeiini kapslite positiivne m\u00f5ju:<\/strong><\/h2>\n<ul>\n<li>Suurem pingetaluvus.<\/li>\n<li>Rohkem energiat.<\/li>\n<li>Parandab t\u00e4helepanu ja valvsust.<\/li>\n<\/ul>\n<p><b>Kofeiin<\/b> on eriti efektiivne toode sportlaste v\u00f5i treenijate jaoks f\u00fc\u00fcsiliselt v\u00f5i mentaalselt koormava tegevuse ajal. T\u00f5stab m\u00e4rgatavalt energia taset organismis.<\/p>\n","protected":false},"featured_media":40614,"comment_status":"open","ping_status":"closed","template":"","meta":[],"product_brand":[],"product_cat":[2485,1618,533,536],"product_tag":[2193,1773,2512],"giftcard-category":[],"class_list":{"0":"post-40610","1":"product","2":"type-product","3":"status-publish","4":"has-post-thumbnail","6":"product_cat-brain-support-nootropics-en","7":"product_cat-evolite-en","8":"product_cat-pre-workout-en","9":"product_cat-vitamins-and-minerals-en","10":"product_tag-caffeine-en","11":"product_tag-evolite-en","12":"product_tag-kofeiini-kapslid-en","13":"pa_toidulisand-branddd-evolite","14":"pa_tootegruppp-aju-tegevus-nootropics-en","15":"pa_tootegruppp-pre-workout","16":"pa_tootegruppp-vitamins-and-minerals","18":"first","19":"outofstock","20":"sale","21":"taxable","22":"shipping-taxable","23":"purchasable","24":"product-type-simple"},"yoast_head":"<!-- This site is optimized with the Yoast SEO plugin v27.3 - https:\/\/yoast.com\/product\/yoast-seo-wordpress\/ -->\n<title>Kofeiini kapslid 200mg (100tk) - Kofeiin - Kiire tarne - Parim hind - Fit360<\/title>\n<meta name=\"description\" content=\"Kofeiini kapslid peletavad ajutiselt v\u00e4simuse, olles erguti. Kofeiin tugevdab ja kiirendab s\u00fcdametegevust ning t\u00f5stab t\u00f6\u00f6 efektiivsust.\" \/>\n<meta name=\"robots\" content=\"index, follow, max-snippet:-1, max-image-preview:large, max-video-preview:-1\" \/>\n<link rel=\"canonical\" href=\"https:\/\/fit360.ee\/en\/pood\/product-groups\/pre-workout-en\/evolite-kofeiini-kapslid-200mg-caffeine-10ocaps\/\" \/>\n<meta property=\"og:locale\" content=\"en_US\" \/>\n<meta property=\"og:type\" content=\"article\" \/>\n<meta property=\"og:title\" content=\"Kofeiini kapslid 200mg (100tk) - Kofeiin - Kiire tarne - Parim hind - Fit360\" \/>\n<meta property=\"og:description\" content=\"Kofeiini kapslid peletavad ajutiselt v\u00e4simuse, olles erguti. Kofeiin tugevdab ja kiirendab s\u00fcdametegevust ning t\u00f5stab t\u00f6\u00f6 efektiivsust.\" \/>\n<meta property=\"og:url\" content=\"https:\/\/fit360.ee\/en\/pood\/product-groups\/pre-workout-en\/evolite-kofeiini-kapslid-200mg-caffeine-10ocaps\/\" \/>\n<meta property=\"og:site_name\" content=\"Fit360\" \/>\n<meta property=\"article:modified_time\" content=\"2022-09-17T11:54:15+00:00\" \/>\n<meta property=\"og:image\" content=\"https:\/\/fit360.ee\/wp-content\/uploads\/2020\/12\/kofeiini-tabletid-Evolite-fit360.ee_.png\" \/>\n\t<meta property=\"og:image:width\" content=\"500\" \/>\n\t<meta property=\"og:image:height\" content=\"500\" \/>\n\t<meta property=\"og:image:type\" content=\"image\/png\" \/>\n<meta name=\"twitter:card\" content=\"summary_large_image\" \/>\n<meta name=\"twitter:label1\" content=\"Est. reading time\" \/>\n\t<meta name=\"twitter:data1\" content=\"1 minute\" \/>\n<script type=\"application\/ld+json\" class=\"yoast-schema-graph\">{\"@context\":\"https:\\\/\\\/schema.org\",\"@graph\":[{\"@type\":\"WebPage\",\"@id\":\"https:\\\/\\\/fit360.ee\\\/en\\\/pood\\\/product-groups\\\/pre-workout-en\\\/evolite-kofeiini-kapslid-200mg-caffeine-10ocaps\\\/\",\"url\":\"https:\\\/\\\/fit360.ee\\\/en\\\/pood\\\/product-groups\\\/pre-workout-en\\\/evolite-kofeiini-kapslid-200mg-caffeine-10ocaps\\\/\",\"name\":\"Kofeiini kapslid 200mg (100tk) - Kofeiin - Kiire tarne - Parim hind - Fit360\",\"isPartOf\":{\"@id\":\"https:\\\/\\\/fit360.ee\\\/en\\\/#website\"},\"primaryImageOfPage\":{\"@id\":\"https:\\\/\\\/fit360.ee\\\/en\\\/pood\\\/product-groups\\\/pre-workout-en\\\/evolite-kofeiini-kapslid-200mg-caffeine-10ocaps\\\/#primaryimage\"},\"image\":{\"@id\":\"https:\\\/\\\/fit360.ee\\\/en\\\/pood\\\/product-groups\\\/pre-workout-en\\\/evolite-kofeiini-kapslid-200mg-caffeine-10ocaps\\\/#primaryimage\"},\"thumbnailUrl\":\"https:\\\/\\\/fit360.ee\\\/wp-content\\\/uploads\\\/2020\\\/12\\\/kofeiini-tabletid-Evolite-fit360.ee_.png\",\"datePublished\":\"2020-12-16T16:04:22+00:00\",\"dateModified\":\"2022-09-17T11:54:15+00:00\",\"description\":\"Kofeiini kapslid peletavad ajutiselt v\u00e4simuse, olles erguti. Kofeiin tugevdab ja kiirendab s\u00fcdametegevust ning t\u00f5stab t\u00f6\u00f6 efektiivsust.\",\"breadcrumb\":{\"@id\":\"https:\\\/\\\/fit360.ee\\\/en\\\/pood\\\/product-groups\\\/pre-workout-en\\\/evolite-kofeiini-kapslid-200mg-caffeine-10ocaps\\\/#breadcrumb\"},\"inLanguage\":\"en-US\",\"potentialAction\":[{\"@type\":\"ReadAction\",\"target\":[\"https:\\\/\\\/fit360.ee\\\/en\\\/pood\\\/product-groups\\\/pre-workout-en\\\/evolite-kofeiini-kapslid-200mg-caffeine-10ocaps\\\/\"]}]},{\"@type\":\"ImageObject\",\"inLanguage\":\"en-US\",\"@id\":\"https:\\\/\\\/fit360.ee\\\/en\\\/pood\\\/product-groups\\\/pre-workout-en\\\/evolite-kofeiini-kapslid-200mg-caffeine-10ocaps\\\/#primaryimage\",\"url\":\"https:\\\/\\\/fit360.ee\\\/wp-content\\\/uploads\\\/2020\\\/12\\\/kofeiini-tabletid-Evolite-fit360.ee_.png\",\"contentUrl\":\"https:\\\/\\\/fit360.ee\\\/wp-content\\\/uploads\\\/2020\\\/12\\\/kofeiini-tabletid-Evolite-fit360.ee_.png\",\"width\":500,\"height\":500,\"caption\":\"kofeiini tabletid Evolite - fit360.ee\"},{\"@type\":\"BreadcrumbList\",\"@id\":\"https:\\\/\\\/fit360.ee\\\/en\\\/pood\\\/product-groups\\\/pre-workout-en\\\/evolite-kofeiini-kapslid-200mg-caffeine-10ocaps\\\/#breadcrumb\",\"itemListElement\":[{\"@type\":\"ListItem\",\"position\":1,\"name\":\"Home\",\"item\":\"https:\\\/\\\/fit360.ee\\\/en\\\/\"},{\"@type\":\"ListItem\",\"position\":2,\"name\":\"Shop\",\"item\":\"https:\\\/\\\/fit360.ee\\\/en\\\/shop\\\/\"},{\"@type\":\"ListItem\",\"position\":3,\"name\":\"Evolite Kofeiini kapslid 200mg &#8211; Caffeine (100caps)\"}]},{\"@type\":\"WebSite\",\"@id\":\"https:\\\/\\\/fit360.ee\\\/en\\\/#website\",\"url\":\"https:\\\/\\\/fit360.ee\\\/en\\\/\",\"name\":\"Fit360\",\"description\":\"\",\"publisher\":{\"@id\":\"https:\\\/\\\/fit360.ee\\\/en\\\/#organization\"},\"potentialAction\":[{\"@type\":\"SearchAction\",\"target\":{\"@type\":\"EntryPoint\",\"urlTemplate\":\"https:\\\/\\\/fit360.ee\\\/en\\\/?s={search_term_string}\"},\"query-input\":{\"@type\":\"PropertyValueSpecification\",\"valueRequired\":true,\"valueName\":\"search_term_string\"}}],\"inLanguage\":\"en-US\"},{\"@type\":\"Organization\",\"@id\":\"https:\\\/\\\/fit360.ee\\\/en\\\/#organization\",\"name\":\"Fit360\",\"url\":\"https:\\\/\\\/fit360.ee\\\/en\\\/\",\"logo\":{\"@type\":\"ImageObject\",\"inLanguage\":\"en-US\",\"@id\":\"https:\\\/\\\/fit360.ee\\\/en\\\/#\\\/schema\\\/logo\\\/image\\\/\",\"url\":\"https:\\\/\\\/fit360.ee\\\/wp-content\\\/uploads\\\/2017\\\/01\\\/logo-fit360.png\",\"contentUrl\":\"https:\\\/\\\/fit360.ee\\\/wp-content\\\/uploads\\\/2017\\\/01\\\/logo-fit360.png\",\"width\":180,\"height\":66,\"caption\":\"Fit360\"},\"image\":{\"@id\":\"https:\\\/\\\/fit360.ee\\\/en\\\/#\\\/schema\\\/logo\\\/image\\\/\"}}]}<\/script>\n<!-- \/ Yoast SEO plugin. -->","yoast_head_json":{"title":"Kofeiini kapslid 200mg (100tk) - Kofeiin - Kiire tarne - Parim hind - Fit360","description":"Kofeiini kapslid peletavad ajutiselt v\u00e4simuse, olles erguti. Kofeiin tugevdab ja kiirendab s\u00fcdametegevust ning t\u00f5stab t\u00f6\u00f6 efektiivsust.","robots":{"index":"index","follow":"follow","max-snippet":"max-snippet:-1","max-image-preview":"max-image-preview:large","max-video-preview":"max-video-preview:-1"},"canonical":"https:\/\/fit360.ee\/en\/pood\/product-groups\/pre-workout-en\/evolite-kofeiini-kapslid-200mg-caffeine-10ocaps\/","og_locale":"en_US","og_type":"article","og_title":"Kofeiini kapslid 200mg (100tk) - Kofeiin - Kiire tarne - Parim hind - Fit360","og_description":"Kofeiini kapslid peletavad ajutiselt v\u00e4simuse, olles erguti. Kofeiin tugevdab ja kiirendab s\u00fcdametegevust ning t\u00f5stab t\u00f6\u00f6 efektiivsust.","og_url":"https:\/\/fit360.ee\/en\/pood\/product-groups\/pre-workout-en\/evolite-kofeiini-kapslid-200mg-caffeine-10ocaps\/","og_site_name":"Fit360","article_modified_time":"2022-09-17T11:54:15+00:00","og_image":[{"width":500,"height":500,"url":"https:\/\/fit360.ee\/wp-content\/uploads\/2020\/12\/kofeiini-tabletid-Evolite-fit360.ee_.png","type":"image\/png"}],"twitter_card":"summary_large_image","twitter_misc":{"Est. reading time":"1 minute"},"schema":{"@context":"https:\/\/schema.org","@graph":[{"@type":"WebPage","@id":"https:\/\/fit360.ee\/en\/pood\/product-groups\/pre-workout-en\/evolite-kofeiini-kapslid-200mg-caffeine-10ocaps\/","url":"https:\/\/fit360.ee\/en\/pood\/product-groups\/pre-workout-en\/evolite-kofeiini-kapslid-200mg-caffeine-10ocaps\/","name":"Kofeiini kapslid 200mg (100tk) - Kofeiin - Kiire tarne - Parim hind - Fit360","isPartOf":{"@id":"https:\/\/fit360.ee\/en\/#website"},"primaryImageOfPage":{"@id":"https:\/\/fit360.ee\/en\/pood\/product-groups\/pre-workout-en\/evolite-kofeiini-kapslid-200mg-caffeine-10ocaps\/#primaryimage"},"image":{"@id":"https:\/\/fit360.ee\/en\/pood\/product-groups\/pre-workout-en\/evolite-kofeiini-kapslid-200mg-caffeine-10ocaps\/#primaryimage"},"thumbnailUrl":"https:\/\/fit360.ee\/wp-content\/uploads\/2020\/12\/kofeiini-tabletid-Evolite-fit360.ee_.png","datePublished":"2020-12-16T16:04:22+00:00","dateModified":"2022-09-17T11:54:15+00:00","description":"Kofeiini kapslid peletavad ajutiselt v\u00e4simuse, olles erguti. Kofeiin tugevdab ja kiirendab s\u00fcdametegevust ning t\u00f5stab t\u00f6\u00f6 efektiivsust.","breadcrumb":{"@id":"https:\/\/fit360.ee\/en\/pood\/product-groups\/pre-workout-en\/evolite-kofeiini-kapslid-200mg-caffeine-10ocaps\/#breadcrumb"},"inLanguage":"en-US","potentialAction":[{"@type":"ReadAction","target":["https:\/\/fit360.ee\/en\/pood\/product-groups\/pre-workout-en\/evolite-kofeiini-kapslid-200mg-caffeine-10ocaps\/"]}]},{"@type":"ImageObject","inLanguage":"en-US","@id":"https:\/\/fit360.ee\/en\/pood\/product-groups\/pre-workout-en\/evolite-kofeiini-kapslid-200mg-caffeine-10ocaps\/#primaryimage","url":"https:\/\/fit360.ee\/wp-content\/uploads\/2020\/12\/kofeiini-tabletid-Evolite-fit360.ee_.png","contentUrl":"https:\/\/fit360.ee\/wp-content\/uploads\/2020\/12\/kofeiini-tabletid-Evolite-fit360.ee_.png","width":500,"height":500,"caption":"kofeiini tabletid Evolite - fit360.ee"},{"@type":"BreadcrumbList","@id":"https:\/\/fit360.ee\/en\/pood\/product-groups\/pre-workout-en\/evolite-kofeiini-kapslid-200mg-caffeine-10ocaps\/#breadcrumb","itemListElement":[{"@type":"ListItem","position":1,"name":"Home","item":"https:\/\/fit360.ee\/en\/"},{"@type":"ListItem","position":2,"name":"Shop","item":"https:\/\/fit360.ee\/en\/shop\/"},{"@type":"ListItem","position":3,"name":"Evolite Kofeiini kapslid 200mg &#8211; Caffeine (100caps)"}]},{"@type":"WebSite","@id":"https:\/\/fit360.ee\/en\/#website","url":"https:\/\/fit360.ee\/en\/","name":"Fit360","description":"","publisher":{"@id":"https:\/\/fit360.ee\/en\/#organization"},"potentialAction":[{"@type":"SearchAction","target":{"@type":"EntryPoint","urlTemplate":"https:\/\/fit360.ee\/en\/?s={search_term_string}"},"query-input":{"@type":"PropertyValueSpecification","valueRequired":true,"valueName":"search_term_string"}}],"inLanguage":"en-US"},{"@type":"Organization","@id":"https:\/\/fit360.ee\/en\/#organization","name":"Fit360","url":"https:\/\/fit360.ee\/en\/","logo":{"@type":"ImageObject","inLanguage":"en-US","@id":"https:\/\/fit360.ee\/en\/#\/schema\/logo\/image\/","url":"https:\/\/fit360.ee\/wp-content\/uploads\/2017\/01\/logo-fit360.png","contentUrl":"https:\/\/fit360.ee\/wp-content\/uploads\/2017\/01\/logo-fit360.png","width":180,"height":66,"caption":"Fit360"},"image":{"@id":"https:\/\/fit360.ee\/en\/#\/schema\/logo\/image\/"}}]}},"_links":{"self":[{"href":"https:\/\/fit360.ee\/en\/wp-json\/wp\/v2\/product\/40610","targetHints":{"allow":["GET"]}}],"collection":[{"href":"https:\/\/fit360.ee\/en\/wp-json\/wp\/v2\/product"}],"about":[{"href":"https:\/\/fit360.ee\/en\/wp-json\/wp\/v2\/types\/product"}],"replies":[{"embeddable":true,"href":"https:\/\/fit360.ee\/en\/wp-json\/wp\/v2\/comments?post=40610"}],"wp:featuredmedia":[{"embeddable":true,"href":"https:\/\/fit360.ee\/en\/wp-json\/wp\/v2\/media\/40614"}],"wp:attachment":[{"href":"https:\/\/fit360.ee\/en\/wp-json\/wp\/v2\/media?parent=40610"}],"wp:term":[{"taxonomy":"product_brand","embeddable":true,"href":"https:\/\/fit360.ee\/en\/wp-json\/wp\/v2\/product_brand?post=40610"},{"taxonomy":"product_cat","embeddable":true,"href":"https:\/\/fit360.ee\/en\/wp-json\/wp\/v2\/product_cat?post=40610"},{"taxonomy":"product_tag","embeddable":true,"href":"https:\/\/fit360.ee\/en\/wp-json\/wp\/v2\/product_tag?post=40610"},{"taxonomy":"giftcard-category","embeddable":true,"href":"https:\/\/fit360.ee\/en\/wp-json\/wp\/v2\/giftcard-category?post=40610"}],"curies":[{"name":"wp","href":"https:\/\/api.w.org\/{rel}","templated":true}]}}