{"id":40828,"date":"2020-12-21T18:48:49","date_gmt":"2020-12-21T16:48:49","guid":{"rendered":"https:\/\/fit360.ee\/pood\/uncategorized\/ops-edition-tee\/"},"modified":"2022-09-07T18:13:19","modified_gmt":"2022-09-07T16:13:19","slug":"ops-edition-tee","status":"publish","type":"product","link":"https:\/\/fit360.ee\/en\/pood\/training-equipment-en\/fitness-clothing-en\/ops-edition-tee\/","title":{"rendered":"Ops edition Tee"},"content":{"rendered":"<p><strong>SUURUSED CM<\/strong>:<\/p>\n<table class=\"Tables__sizeTable\">\n<thead>\n<tr>\n<th><\/th>\n<th>S<\/th>\n<th>M<\/th>\n<th>L<\/th>\n<th>XL<\/th>\n<th>XXL<\/th>\n<th>3XL<\/th>\n<\/tr>\n<\/thead>\n<tbody>\n<tr>\n<td class=\"Tables__columnCategory\">Rind<\/td>\n<td>107<\/td>\n<td>113<\/td>\n<td>119<\/td>\n<td>125<\/td>\n<td>131<\/td>\n<td>137<\/td>\n<\/tr>\n<tr>\n<td class=\"Tables__columnCategory\">V\u00f6\u00f6koht<\/td>\n<td>77<\/td>\n<td>83<\/td>\n<td>89<\/td>\n<td>95<\/td>\n<td>101<\/td>\n<td>107<\/td>\n<\/tr>\n<\/tbody>\n<\/table>\n<div class=\"product__sizeChartPoints\">\n<div class=\"product__sizeChartPoint\">\n<h1 class=\"product__sizeChartPointHeader\">RIND<\/h1>\n<p class=\"product__sizeChartPointDescription\">M\u00f5\u00f5da rinna suurima \u00fcmberm\u00f5\u00f5du kohalt, hoides m\u00f5\u00f5tevahendit horisontaalselt.<\/p>\n<\/div>\n<div class=\"product__sizeChartPoint\">\n<h1 class=\"product__sizeChartPointHeader\">V\u00d6\u00d6KOHT<\/h1>\n<p class=\"product__sizeChartPointDescription\">M\u00f5\u00f5da k\u00f5ige kitsam koht oma v\u00f6\u00f6kohast, hoides m\u00f5\u00f5tevahendit horisontaalselt.<\/p>\n<\/div>\n<div class=\"product__sizeChartPoint\">\n<h1 class=\"product__sizeChartPointHeader\">NB<\/h1>\n<p class=\"product__sizeChartPointDescription\">Kui oled kahe suuruse vahel, siis soovitame v\u00f5tta see kumb on l\u00e4hemalt Teie \u00f5igele suurusele.<\/p>\n<\/div>\n<\/div>\n","protected":false},"excerpt":{"rendered":"<h2>Ops edition Tee:<\/h2>\n<p>100% pol\u00fcester h\u00fcdropoolse viimistlusega, mis soodustab niiskuse eemaldamist.<br \/>\nRegulaarne varruka pikkus.<\/p>\n<p><strong>MATERJAL:<\/strong>100% Pol\u00fcester<\/p>\n<p><strong>Fit: <\/strong><em>Fitted<\/em><\/p>\n<p><strong>V\u00c4RVUS<\/strong>: Hall; Dark Navy<\/p>\n<p><strong>SUURUS:<\/strong>M-XXL<\/p>\n<p><strong>NB!\u00a0<\/strong>Soovid tellida teistsugust suurust v\u00f5i v\u00e4rvi? V\u00f5tame vastu <strong>BETTER BODIES<\/strong> ja <strong>GASP<\/strong> treeningr\u00f5ivaste tellimusi. Tellimine toimub 2 korda kuus. Soovi korral kirjuta:<strong>info@fit360.ee<\/strong><\/p>\n","protected":false},"featured_media":40810,"comment_status":"open","ping_status":"closed","template":"","meta":[],"product_brand":[],"product_cat":[547],"product_tag":[2515,2519],"giftcard-category":[],"class_list":{"0":"post-40828","1":"product","2":"type-product","3":"status-publish","4":"has-post-thumbnail","6":"product_cat-fitness-clothing-en","7":"product_tag-gasp-en","8":"product_tag-ops-edition-tee-en","9":"pa_suurus-l","10":"pa_suurus-m","11":"pa_varvus-dark-navy-en","12":"pa_varvus-gray","14":"first","15":"outofstock","16":"taxable","17":"shipping-taxable","18":"product-type-simple"},"yoast_head":"<!-- This site is optimized with the Yoast SEO plugin v27.3 - https:\/\/yoast.com\/product\/yoast-seo-wordpress\/ -->\n<title>Ops edition Tee - Treeningvarustus - Treening T-s\u00e4rk - Kiire tarne - Fit360<\/title>\n<meta name=\"description\" content=\"Ops edition Tee: 100% pol\u00fcester h\u00fcdropoolse viimistlusega, mis soodustab niiskuse eemaldamist .Regulaarne varruka pikkus. Kiire tarne\" \/>\n<meta name=\"robots\" content=\"index, follow, max-snippet:-1, max-image-preview:large, max-video-preview:-1\" \/>\n<link rel=\"canonical\" href=\"https:\/\/fit360.ee\/en\/pood\/training-equipment-en\/fitness-clothing-en\/ops-edition-tee\/\" \/>\n<meta property=\"og:locale\" content=\"en_US\" \/>\n<meta property=\"og:type\" content=\"article\" \/>\n<meta property=\"og:title\" content=\"Ops edition Tee - Treeningvarustus - Treening T-s\u00e4rk - Kiire tarne - Fit360\" \/>\n<meta property=\"og:description\" content=\"Ops edition Tee: 100% pol\u00fcester h\u00fcdropoolse viimistlusega, mis soodustab niiskuse eemaldamist .Regulaarne varruka pikkus. Kiire tarne\" \/>\n<meta property=\"og:url\" content=\"https:\/\/fit360.ee\/en\/pood\/training-equipment-en\/fitness-clothing-en\/ops-edition-tee\/\" \/>\n<meta property=\"og:site_name\" content=\"Fit360\" \/>\n<meta property=\"article:modified_time\" content=\"2022-09-07T16:13:19+00:00\" \/>\n<meta property=\"og:image\" content=\"https:\/\/fit360.ee\/wp-content\/uploads\/2020\/12\/ezgif.com-gif-maker-1.jpg\" \/>\n\t<meta property=\"og:image:width\" content=\"1000\" \/>\n\t<meta property=\"og:image:height\" content=\"1000\" \/>\n\t<meta property=\"og:image:type\" content=\"image\/jpeg\" \/>\n<meta name=\"twitter:card\" content=\"summary_large_image\" \/>\n<script type=\"application\/ld+json\" class=\"yoast-schema-graph\">{\"@context\":\"https:\\\/\\\/schema.org\",\"@graph\":[{\"@type\":\"WebPage\",\"@id\":\"https:\\\/\\\/fit360.ee\\\/en\\\/pood\\\/training-equipment-en\\\/fitness-clothing-en\\\/ops-edition-tee\\\/\",\"url\":\"https:\\\/\\\/fit360.ee\\\/en\\\/pood\\\/training-equipment-en\\\/fitness-clothing-en\\\/ops-edition-tee\\\/\",\"name\":\"Ops edition Tee - Treeningvarustus - Treening T-s\u00e4rk - Kiire tarne - Fit360\",\"isPartOf\":{\"@id\":\"https:\\\/\\\/fit360.ee\\\/en\\\/#website\"},\"primaryImageOfPage\":{\"@id\":\"https:\\\/\\\/fit360.ee\\\/en\\\/pood\\\/training-equipment-en\\\/fitness-clothing-en\\\/ops-edition-tee\\\/#primaryimage\"},\"image\":{\"@id\":\"https:\\\/\\\/fit360.ee\\\/en\\\/pood\\\/training-equipment-en\\\/fitness-clothing-en\\\/ops-edition-tee\\\/#primaryimage\"},\"thumbnailUrl\":\"https:\\\/\\\/fit360.ee\\\/wp-content\\\/uploads\\\/2020\\\/12\\\/ezgif.com-gif-maker-1.jpg\",\"datePublished\":\"2020-12-21T16:48:49+00:00\",\"dateModified\":\"2022-09-07T16:13:19+00:00\",\"description\":\"Ops edition Tee: 100% pol\u00fcester h\u00fcdropoolse viimistlusega, mis soodustab niiskuse eemaldamist .Regulaarne varruka pikkus. Kiire tarne\",\"breadcrumb\":{\"@id\":\"https:\\\/\\\/fit360.ee\\\/en\\\/pood\\\/training-equipment-en\\\/fitness-clothing-en\\\/ops-edition-tee\\\/#breadcrumb\"},\"inLanguage\":\"en-US\",\"potentialAction\":[{\"@type\":\"ReadAction\",\"target\":[\"https:\\\/\\\/fit360.ee\\\/en\\\/pood\\\/training-equipment-en\\\/fitness-clothing-en\\\/ops-edition-tee\\\/\"]}]},{\"@type\":\"ImageObject\",\"inLanguage\":\"en-US\",\"@id\":\"https:\\\/\\\/fit360.ee\\\/en\\\/pood\\\/training-equipment-en\\\/fitness-clothing-en\\\/ops-edition-tee\\\/#primaryimage\",\"url\":\"https:\\\/\\\/fit360.ee\\\/wp-content\\\/uploads\\\/2020\\\/12\\\/ezgif.com-gif-maker-1.jpg\",\"contentUrl\":\"https:\\\/\\\/fit360.ee\\\/wp-content\\\/uploads\\\/2020\\\/12\\\/ezgif.com-gif-maker-1.jpg\",\"width\":1000,\"height\":1000,\"caption\":\"Ops edition tee sinine - fit360.ee\"},{\"@type\":\"BreadcrumbList\",\"@id\":\"https:\\\/\\\/fit360.ee\\\/en\\\/pood\\\/training-equipment-en\\\/fitness-clothing-en\\\/ops-edition-tee\\\/#breadcrumb\",\"itemListElement\":[{\"@type\":\"ListItem\",\"position\":1,\"name\":\"Home\",\"item\":\"https:\\\/\\\/fit360.ee\\\/en\\\/\"},{\"@type\":\"ListItem\",\"position\":2,\"name\":\"Shop\",\"item\":\"https:\\\/\\\/fit360.ee\\\/en\\\/shop\\\/\"},{\"@type\":\"ListItem\",\"position\":3,\"name\":\"Ops edition Tee\"}]},{\"@type\":\"WebSite\",\"@id\":\"https:\\\/\\\/fit360.ee\\\/en\\\/#website\",\"url\":\"https:\\\/\\\/fit360.ee\\\/en\\\/\",\"name\":\"Fit360\",\"description\":\"\",\"publisher\":{\"@id\":\"https:\\\/\\\/fit360.ee\\\/en\\\/#organization\"},\"potentialAction\":[{\"@type\":\"SearchAction\",\"target\":{\"@type\":\"EntryPoint\",\"urlTemplate\":\"https:\\\/\\\/fit360.ee\\\/en\\\/?s={search_term_string}\"},\"query-input\":{\"@type\":\"PropertyValueSpecification\",\"valueRequired\":true,\"valueName\":\"search_term_string\"}}],\"inLanguage\":\"en-US\"},{\"@type\":\"Organization\",\"@id\":\"https:\\\/\\\/fit360.ee\\\/en\\\/#organization\",\"name\":\"Fit360\",\"url\":\"https:\\\/\\\/fit360.ee\\\/en\\\/\",\"logo\":{\"@type\":\"ImageObject\",\"inLanguage\":\"en-US\",\"@id\":\"https:\\\/\\\/fit360.ee\\\/en\\\/#\\\/schema\\\/logo\\\/image\\\/\",\"url\":\"https:\\\/\\\/fit360.ee\\\/wp-content\\\/uploads\\\/2017\\\/01\\\/logo-fit360.png\",\"contentUrl\":\"https:\\\/\\\/fit360.ee\\\/wp-content\\\/uploads\\\/2017\\\/01\\\/logo-fit360.png\",\"width\":180,\"height\":66,\"caption\":\"Fit360\"},\"image\":{\"@id\":\"https:\\\/\\\/fit360.ee\\\/en\\\/#\\\/schema\\\/logo\\\/image\\\/\"}}]}<\/script>\n<!-- \/ Yoast SEO plugin. -->","yoast_head_json":{"title":"Ops edition Tee - Treeningvarustus - Treening T-s\u00e4rk - Kiire tarne - Fit360","description":"Ops edition Tee: 100% pol\u00fcester h\u00fcdropoolse viimistlusega, mis soodustab niiskuse eemaldamist .Regulaarne varruka pikkus. Kiire tarne","robots":{"index":"index","follow":"follow","max-snippet":"max-snippet:-1","max-image-preview":"max-image-preview:large","max-video-preview":"max-video-preview:-1"},"canonical":"https:\/\/fit360.ee\/en\/pood\/training-equipment-en\/fitness-clothing-en\/ops-edition-tee\/","og_locale":"en_US","og_type":"article","og_title":"Ops edition Tee - Treeningvarustus - Treening T-s\u00e4rk - Kiire tarne - Fit360","og_description":"Ops edition Tee: 100% pol\u00fcester h\u00fcdropoolse viimistlusega, mis soodustab niiskuse eemaldamist .Regulaarne varruka pikkus. Kiire tarne","og_url":"https:\/\/fit360.ee\/en\/pood\/training-equipment-en\/fitness-clothing-en\/ops-edition-tee\/","og_site_name":"Fit360","article_modified_time":"2022-09-07T16:13:19+00:00","og_image":[{"width":1000,"height":1000,"url":"https:\/\/fit360.ee\/wp-content\/uploads\/2020\/12\/ezgif.com-gif-maker-1.jpg","type":"image\/jpeg"}],"twitter_card":"summary_large_image","schema":{"@context":"https:\/\/schema.org","@graph":[{"@type":"WebPage","@id":"https:\/\/fit360.ee\/en\/pood\/training-equipment-en\/fitness-clothing-en\/ops-edition-tee\/","url":"https:\/\/fit360.ee\/en\/pood\/training-equipment-en\/fitness-clothing-en\/ops-edition-tee\/","name":"Ops edition Tee - Treeningvarustus - Treening T-s\u00e4rk - Kiire tarne - Fit360","isPartOf":{"@id":"https:\/\/fit360.ee\/en\/#website"},"primaryImageOfPage":{"@id":"https:\/\/fit360.ee\/en\/pood\/training-equipment-en\/fitness-clothing-en\/ops-edition-tee\/#primaryimage"},"image":{"@id":"https:\/\/fit360.ee\/en\/pood\/training-equipment-en\/fitness-clothing-en\/ops-edition-tee\/#primaryimage"},"thumbnailUrl":"https:\/\/fit360.ee\/wp-content\/uploads\/2020\/12\/ezgif.com-gif-maker-1.jpg","datePublished":"2020-12-21T16:48:49+00:00","dateModified":"2022-09-07T16:13:19+00:00","description":"Ops edition Tee: 100% pol\u00fcester h\u00fcdropoolse viimistlusega, mis soodustab niiskuse eemaldamist .Regulaarne varruka pikkus. Kiire tarne","breadcrumb":{"@id":"https:\/\/fit360.ee\/en\/pood\/training-equipment-en\/fitness-clothing-en\/ops-edition-tee\/#breadcrumb"},"inLanguage":"en-US","potentialAction":[{"@type":"ReadAction","target":["https:\/\/fit360.ee\/en\/pood\/training-equipment-en\/fitness-clothing-en\/ops-edition-tee\/"]}]},{"@type":"ImageObject","inLanguage":"en-US","@id":"https:\/\/fit360.ee\/en\/pood\/training-equipment-en\/fitness-clothing-en\/ops-edition-tee\/#primaryimage","url":"https:\/\/fit360.ee\/wp-content\/uploads\/2020\/12\/ezgif.com-gif-maker-1.jpg","contentUrl":"https:\/\/fit360.ee\/wp-content\/uploads\/2020\/12\/ezgif.com-gif-maker-1.jpg","width":1000,"height":1000,"caption":"Ops edition tee sinine - fit360.ee"},{"@type":"BreadcrumbList","@id":"https:\/\/fit360.ee\/en\/pood\/training-equipment-en\/fitness-clothing-en\/ops-edition-tee\/#breadcrumb","itemListElement":[{"@type":"ListItem","position":1,"name":"Home","item":"https:\/\/fit360.ee\/en\/"},{"@type":"ListItem","position":2,"name":"Shop","item":"https:\/\/fit360.ee\/en\/shop\/"},{"@type":"ListItem","position":3,"name":"Ops edition Tee"}]},{"@type":"WebSite","@id":"https:\/\/fit360.ee\/en\/#website","url":"https:\/\/fit360.ee\/en\/","name":"Fit360","description":"","publisher":{"@id":"https:\/\/fit360.ee\/en\/#organization"},"potentialAction":[{"@type":"SearchAction","target":{"@type":"EntryPoint","urlTemplate":"https:\/\/fit360.ee\/en\/?s={search_term_string}"},"query-input":{"@type":"PropertyValueSpecification","valueRequired":true,"valueName":"search_term_string"}}],"inLanguage":"en-US"},{"@type":"Organization","@id":"https:\/\/fit360.ee\/en\/#organization","name":"Fit360","url":"https:\/\/fit360.ee\/en\/","logo":{"@type":"ImageObject","inLanguage":"en-US","@id":"https:\/\/fit360.ee\/en\/#\/schema\/logo\/image\/","url":"https:\/\/fit360.ee\/wp-content\/uploads\/2017\/01\/logo-fit360.png","contentUrl":"https:\/\/fit360.ee\/wp-content\/uploads\/2017\/01\/logo-fit360.png","width":180,"height":66,"caption":"Fit360"},"image":{"@id":"https:\/\/fit360.ee\/en\/#\/schema\/logo\/image\/"}}]}},"_links":{"self":[{"href":"https:\/\/fit360.ee\/en\/wp-json\/wp\/v2\/product\/40828","targetHints":{"allow":["GET"]}}],"collection":[{"href":"https:\/\/fit360.ee\/en\/wp-json\/wp\/v2\/product"}],"about":[{"href":"https:\/\/fit360.ee\/en\/wp-json\/wp\/v2\/types\/product"}],"replies":[{"embeddable":true,"href":"https:\/\/fit360.ee\/en\/wp-json\/wp\/v2\/comments?post=40828"}],"wp:featuredmedia":[{"embeddable":true,"href":"https:\/\/fit360.ee\/en\/wp-json\/wp\/v2\/media\/40810"}],"wp:attachment":[{"href":"https:\/\/fit360.ee\/en\/wp-json\/wp\/v2\/media?parent=40828"}],"wp:term":[{"taxonomy":"product_brand","embeddable":true,"href":"https:\/\/fit360.ee\/en\/wp-json\/wp\/v2\/product_brand?post=40828"},{"taxonomy":"product_cat","embeddable":true,"href":"https:\/\/fit360.ee\/en\/wp-json\/wp\/v2\/product_cat?post=40828"},{"taxonomy":"product_tag","embeddable":true,"href":"https:\/\/fit360.ee\/en\/wp-json\/wp\/v2\/product_tag?post=40828"},{"taxonomy":"giftcard-category","embeddable":true,"href":"https:\/\/fit360.ee\/en\/wp-json\/wp\/v2\/giftcard-category?post=40828"}],"curies":[{"name":"wp","href":"https:\/\/api.w.org\/{rel}","templated":true}]}}