{"id":40988,"date":"2020-12-23T22:15:39","date_gmt":"2020-12-23T20:15:39","guid":{"rendered":"https:\/\/fit360.ee\/?post_type=product&#038;p=40988"},"modified":"2024-03-27T23:16:44","modified_gmt":"2024-03-27T21:16:44","slug":"monster-energy-absolutely-zero-500ml","status":"publish","type":"product","link":"https:\/\/fit360.ee\/en\/pood\/product-groups\/drinks-shots\/monster-energy-absolutely-zero-500ml\/","title":{"rendered":"Monster Energy Absolutely Zero 500ml"},"content":{"rendered":"<h1>MONSTER ENERGY ABSOLUTELY ZERO<\/h1>\n<p>Monster Energy Absolutely Zero on Ultra seeria (nullkaloraa\u017e) toode.<\/p>\n<p class=\"itemHeader\"><strong>Koositisosad<\/strong>: Karboniseeritud vesi, Sidrunhape, Hape (sidrunhape), Maitsetugevdaja (er\u00fctritool), Tauriin (0,4%), Happesuse regulaator (naatriumtsitraat), L\u00f5hna- ja maitseained, Panaxi \u017een\u0161enni juureekstrakt (0,08%), Kofeiin (0,03%), S\u00e4ilitusained (sorbiinhape, bensoehape), Porgandi ja mustika kontsentraat, Magusained (sukraloos, atsesulfaam K), V\u00e4rvained (E129, E133),<br \/>\nL-karnitiin-L-tartraat (0,015%), Vitamiinid (B3, B5, B6, B12), Naatriumkloriid, Inositool.<\/p>\n<p><strong>Suurus<\/strong>: 500ml<\/p>\n<p><strong>Maitse<\/strong>: Absolutely Zero<\/p>\n<p>&nbsp;<\/p>\n<p>&nbsp;<\/p>\n<p>&nbsp;<\/p>\n","protected":false},"excerpt":{"rendered":"<h2>MONSTER ENERGY ABSOLUTELY ZERO:<\/h2>\n<ul>\n<li>Null suhkrut ja kalorit<\/li>\n<li>GMO-vaba<\/li>\n<li>gluteenivaba<\/li>\n<li>Allergeenivaba<\/li>\n<\/ul>\n<p>Gaseeritud energiajook koos tauriini, kofeiini, L-karnitiini ja magusainetega B-vitamiinidega.<\/p>\n","protected":false},"featured_media":40990,"comment_status":"open","ping_status":"closed","template":"","meta":[],"product_brand":[],"product_cat":[523,2013,2043],"product_tag":[2014],"giftcard-category":[],"class_list":{"0":"post-40988","1":"product","2":"type-product","3":"status-publish","4":"has-post-thumbnail","6":"product_cat-drinks-shots","7":"product_cat-monster-energy-en","8":"product_cat-sugar-free-energy-drinks-en","9":"product_tag-monster-energy-en","10":"pa_kogus-500ml-en","11":"pa_toidulisand-branddd-monster-energy","12":"pa_tootegruppp-drinksshots","13":"pa_tootegruppp-suhkruvabad-energiajoogid-en","15":"first","16":"outofstock","17":"taxable","18":"shipping-taxable","19":"purchasable","20":"product-type-simple"},"yoast_head":"<!-- This site is optimized with the Yoast SEO plugin v27.3 - https:\/\/yoast.com\/product\/yoast-seo-wordpress\/ -->\n<title>Monster Energy Absolutely Zero (500ml) - 0g Suhkrut - 0 kaloraa\u017e - Fit360<\/title>\n<meta name=\"description\" content=\"Monster Energy Absolutely Zero - Gaseeritud energiajook koos tauriini, kofeiini, L-karnitiini ja magusainetega B-vitamiinidega.\u00a0 Kiire tarne\" \/>\n<meta name=\"robots\" content=\"index, follow, max-snippet:-1, max-image-preview:large, max-video-preview:-1\" \/>\n<link rel=\"canonical\" href=\"https:\/\/fit360.ee\/en\/pood\/product-groups\/drinks-shots\/monster-energy-absolutely-zero-500ml\/\" \/>\n<meta property=\"og:locale\" content=\"en_US\" \/>\n<meta property=\"og:type\" content=\"article\" \/>\n<meta property=\"og:title\" content=\"Monster Energy Absolutely Zero (500ml) - 0g Suhkrut - 0 kaloraa\u017e - Fit360\" \/>\n<meta property=\"og:description\" content=\"Monster Energy Absolutely Zero - Gaseeritud energiajook koos tauriini, kofeiini, L-karnitiini ja magusainetega B-vitamiinidega.\u00a0 Kiire tarne\" \/>\n<meta property=\"og:url\" content=\"https:\/\/fit360.ee\/en\/pood\/product-groups\/drinks-shots\/monster-energy-absolutely-zero-500ml\/\" \/>\n<meta property=\"og:site_name\" content=\"Fit360\" \/>\n<meta property=\"article:modified_time\" content=\"2024-03-27T21:16:44+00:00\" \/>\n<meta property=\"og:image\" content=\"https:\/\/fit360.ee\/wp-content\/uploads\/2020\/12\/monster-energy-absolutely-zero-fit360.ee_.jpg\" \/>\n\t<meta property=\"og:image:width\" content=\"500\" \/>\n\t<meta property=\"og:image:height\" content=\"500\" \/>\n\t<meta property=\"og:image:type\" content=\"image\/jpeg\" \/>\n<meta name=\"twitter:card\" content=\"summary_large_image\" \/>\n<script type=\"application\/ld+json\" class=\"yoast-schema-graph\">{\"@context\":\"https:\\\/\\\/schema.org\",\"@graph\":[{\"@type\":\"WebPage\",\"@id\":\"https:\\\/\\\/fit360.ee\\\/en\\\/pood\\\/product-groups\\\/drinks-shots\\\/monster-energy-absolutely-zero-500ml\\\/\",\"url\":\"https:\\\/\\\/fit360.ee\\\/en\\\/pood\\\/product-groups\\\/drinks-shots\\\/monster-energy-absolutely-zero-500ml\\\/\",\"name\":\"Monster Energy Absolutely Zero (500ml) - 0g Suhkrut - 0 kaloraa\u017e - Fit360\",\"isPartOf\":{\"@id\":\"https:\\\/\\\/fit360.ee\\\/en\\\/#website\"},\"primaryImageOfPage\":{\"@id\":\"https:\\\/\\\/fit360.ee\\\/en\\\/pood\\\/product-groups\\\/drinks-shots\\\/monster-energy-absolutely-zero-500ml\\\/#primaryimage\"},\"image\":{\"@id\":\"https:\\\/\\\/fit360.ee\\\/en\\\/pood\\\/product-groups\\\/drinks-shots\\\/monster-energy-absolutely-zero-500ml\\\/#primaryimage\"},\"thumbnailUrl\":\"https:\\\/\\\/fit360.ee\\\/wp-content\\\/uploads\\\/2020\\\/12\\\/monster-energy-absolutely-zero-fit360.ee_.jpg\",\"datePublished\":\"2020-12-23T20:15:39+00:00\",\"dateModified\":\"2024-03-27T21:16:44+00:00\",\"description\":\"Monster Energy Absolutely Zero - Gaseeritud energiajook koos tauriini, kofeiini, L-karnitiini ja magusainetega B-vitamiinidega.\u00a0 Kiire tarne\",\"breadcrumb\":{\"@id\":\"https:\\\/\\\/fit360.ee\\\/en\\\/pood\\\/product-groups\\\/drinks-shots\\\/monster-energy-absolutely-zero-500ml\\\/#breadcrumb\"},\"inLanguage\":\"en-US\",\"potentialAction\":[{\"@type\":\"ReadAction\",\"target\":[\"https:\\\/\\\/fit360.ee\\\/en\\\/pood\\\/product-groups\\\/drinks-shots\\\/monster-energy-absolutely-zero-500ml\\\/\"]}]},{\"@type\":\"ImageObject\",\"inLanguage\":\"en-US\",\"@id\":\"https:\\\/\\\/fit360.ee\\\/en\\\/pood\\\/product-groups\\\/drinks-shots\\\/monster-energy-absolutely-zero-500ml\\\/#primaryimage\",\"url\":\"https:\\\/\\\/fit360.ee\\\/wp-content\\\/uploads\\\/2020\\\/12\\\/monster-energy-absolutely-zero-fit360.ee_.jpg\",\"contentUrl\":\"https:\\\/\\\/fit360.ee\\\/wp-content\\\/uploads\\\/2020\\\/12\\\/monster-energy-absolutely-zero-fit360.ee_.jpg\",\"width\":500,\"height\":500,\"caption\":\"monster energy absolutely zero - fit360.ee\"},{\"@type\":\"BreadcrumbList\",\"@id\":\"https:\\\/\\\/fit360.ee\\\/en\\\/pood\\\/product-groups\\\/drinks-shots\\\/monster-energy-absolutely-zero-500ml\\\/#breadcrumb\",\"itemListElement\":[{\"@type\":\"ListItem\",\"position\":1,\"name\":\"Home\",\"item\":\"https:\\\/\\\/fit360.ee\\\/en\\\/\"},{\"@type\":\"ListItem\",\"position\":2,\"name\":\"Shop\",\"item\":\"https:\\\/\\\/fit360.ee\\\/en\\\/shop\\\/\"},{\"@type\":\"ListItem\",\"position\":3,\"name\":\"Monster Energy Absolutely Zero 500ml\"}]},{\"@type\":\"WebSite\",\"@id\":\"https:\\\/\\\/fit360.ee\\\/en\\\/#website\",\"url\":\"https:\\\/\\\/fit360.ee\\\/en\\\/\",\"name\":\"Fit360\",\"description\":\"\",\"publisher\":{\"@id\":\"https:\\\/\\\/fit360.ee\\\/en\\\/#organization\"},\"potentialAction\":[{\"@type\":\"SearchAction\",\"target\":{\"@type\":\"EntryPoint\",\"urlTemplate\":\"https:\\\/\\\/fit360.ee\\\/en\\\/?s={search_term_string}\"},\"query-input\":{\"@type\":\"PropertyValueSpecification\",\"valueRequired\":true,\"valueName\":\"search_term_string\"}}],\"inLanguage\":\"en-US\"},{\"@type\":\"Organization\",\"@id\":\"https:\\\/\\\/fit360.ee\\\/en\\\/#organization\",\"name\":\"Fit360\",\"url\":\"https:\\\/\\\/fit360.ee\\\/en\\\/\",\"logo\":{\"@type\":\"ImageObject\",\"inLanguage\":\"en-US\",\"@id\":\"https:\\\/\\\/fit360.ee\\\/en\\\/#\\\/schema\\\/logo\\\/image\\\/\",\"url\":\"https:\\\/\\\/fit360.ee\\\/wp-content\\\/uploads\\\/2017\\\/01\\\/logo-fit360.png\",\"contentUrl\":\"https:\\\/\\\/fit360.ee\\\/wp-content\\\/uploads\\\/2017\\\/01\\\/logo-fit360.png\",\"width\":180,\"height\":66,\"caption\":\"Fit360\"},\"image\":{\"@id\":\"https:\\\/\\\/fit360.ee\\\/en\\\/#\\\/schema\\\/logo\\\/image\\\/\"}}]}<\/script>\n<!-- \/ Yoast SEO plugin. -->","yoast_head_json":{"title":"Monster Energy Absolutely Zero (500ml) - 0g Suhkrut - 0 kaloraa\u017e - Fit360","description":"Monster Energy Absolutely Zero - Gaseeritud energiajook koos tauriini, kofeiini, L-karnitiini ja magusainetega B-vitamiinidega.\u00a0 Kiire tarne","robots":{"index":"index","follow":"follow","max-snippet":"max-snippet:-1","max-image-preview":"max-image-preview:large","max-video-preview":"max-video-preview:-1"},"canonical":"https:\/\/fit360.ee\/en\/pood\/product-groups\/drinks-shots\/monster-energy-absolutely-zero-500ml\/","og_locale":"en_US","og_type":"article","og_title":"Monster Energy Absolutely Zero (500ml) - 0g Suhkrut - 0 kaloraa\u017e - Fit360","og_description":"Monster Energy Absolutely Zero - Gaseeritud energiajook koos tauriini, kofeiini, L-karnitiini ja magusainetega B-vitamiinidega.\u00a0 Kiire tarne","og_url":"https:\/\/fit360.ee\/en\/pood\/product-groups\/drinks-shots\/monster-energy-absolutely-zero-500ml\/","og_site_name":"Fit360","article_modified_time":"2024-03-27T21:16:44+00:00","og_image":[{"width":500,"height":500,"url":"https:\/\/fit360.ee\/wp-content\/uploads\/2020\/12\/monster-energy-absolutely-zero-fit360.ee_.jpg","type":"image\/jpeg"}],"twitter_card":"summary_large_image","schema":{"@context":"https:\/\/schema.org","@graph":[{"@type":"WebPage","@id":"https:\/\/fit360.ee\/en\/pood\/product-groups\/drinks-shots\/monster-energy-absolutely-zero-500ml\/","url":"https:\/\/fit360.ee\/en\/pood\/product-groups\/drinks-shots\/monster-energy-absolutely-zero-500ml\/","name":"Monster Energy Absolutely Zero (500ml) - 0g Suhkrut - 0 kaloraa\u017e - Fit360","isPartOf":{"@id":"https:\/\/fit360.ee\/en\/#website"},"primaryImageOfPage":{"@id":"https:\/\/fit360.ee\/en\/pood\/product-groups\/drinks-shots\/monster-energy-absolutely-zero-500ml\/#primaryimage"},"image":{"@id":"https:\/\/fit360.ee\/en\/pood\/product-groups\/drinks-shots\/monster-energy-absolutely-zero-500ml\/#primaryimage"},"thumbnailUrl":"https:\/\/fit360.ee\/wp-content\/uploads\/2020\/12\/monster-energy-absolutely-zero-fit360.ee_.jpg","datePublished":"2020-12-23T20:15:39+00:00","dateModified":"2024-03-27T21:16:44+00:00","description":"Monster Energy Absolutely Zero - Gaseeritud energiajook koos tauriini, kofeiini, L-karnitiini ja magusainetega B-vitamiinidega.\u00a0 Kiire tarne","breadcrumb":{"@id":"https:\/\/fit360.ee\/en\/pood\/product-groups\/drinks-shots\/monster-energy-absolutely-zero-500ml\/#breadcrumb"},"inLanguage":"en-US","potentialAction":[{"@type":"ReadAction","target":["https:\/\/fit360.ee\/en\/pood\/product-groups\/drinks-shots\/monster-energy-absolutely-zero-500ml\/"]}]},{"@type":"ImageObject","inLanguage":"en-US","@id":"https:\/\/fit360.ee\/en\/pood\/product-groups\/drinks-shots\/monster-energy-absolutely-zero-500ml\/#primaryimage","url":"https:\/\/fit360.ee\/wp-content\/uploads\/2020\/12\/monster-energy-absolutely-zero-fit360.ee_.jpg","contentUrl":"https:\/\/fit360.ee\/wp-content\/uploads\/2020\/12\/monster-energy-absolutely-zero-fit360.ee_.jpg","width":500,"height":500,"caption":"monster energy absolutely zero - fit360.ee"},{"@type":"BreadcrumbList","@id":"https:\/\/fit360.ee\/en\/pood\/product-groups\/drinks-shots\/monster-energy-absolutely-zero-500ml\/#breadcrumb","itemListElement":[{"@type":"ListItem","position":1,"name":"Home","item":"https:\/\/fit360.ee\/en\/"},{"@type":"ListItem","position":2,"name":"Shop","item":"https:\/\/fit360.ee\/en\/shop\/"},{"@type":"ListItem","position":3,"name":"Monster Energy Absolutely Zero 500ml"}]},{"@type":"WebSite","@id":"https:\/\/fit360.ee\/en\/#website","url":"https:\/\/fit360.ee\/en\/","name":"Fit360","description":"","publisher":{"@id":"https:\/\/fit360.ee\/en\/#organization"},"potentialAction":[{"@type":"SearchAction","target":{"@type":"EntryPoint","urlTemplate":"https:\/\/fit360.ee\/en\/?s={search_term_string}"},"query-input":{"@type":"PropertyValueSpecification","valueRequired":true,"valueName":"search_term_string"}}],"inLanguage":"en-US"},{"@type":"Organization","@id":"https:\/\/fit360.ee\/en\/#organization","name":"Fit360","url":"https:\/\/fit360.ee\/en\/","logo":{"@type":"ImageObject","inLanguage":"en-US","@id":"https:\/\/fit360.ee\/en\/#\/schema\/logo\/image\/","url":"https:\/\/fit360.ee\/wp-content\/uploads\/2017\/01\/logo-fit360.png","contentUrl":"https:\/\/fit360.ee\/wp-content\/uploads\/2017\/01\/logo-fit360.png","width":180,"height":66,"caption":"Fit360"},"image":{"@id":"https:\/\/fit360.ee\/en\/#\/schema\/logo\/image\/"}}]}},"_links":{"self":[{"href":"https:\/\/fit360.ee\/en\/wp-json\/wp\/v2\/product\/40988","targetHints":{"allow":["GET"]}}],"collection":[{"href":"https:\/\/fit360.ee\/en\/wp-json\/wp\/v2\/product"}],"about":[{"href":"https:\/\/fit360.ee\/en\/wp-json\/wp\/v2\/types\/product"}],"replies":[{"embeddable":true,"href":"https:\/\/fit360.ee\/en\/wp-json\/wp\/v2\/comments?post=40988"}],"wp:featuredmedia":[{"embeddable":true,"href":"https:\/\/fit360.ee\/en\/wp-json\/wp\/v2\/media\/40990"}],"wp:attachment":[{"href":"https:\/\/fit360.ee\/en\/wp-json\/wp\/v2\/media?parent=40988"}],"wp:term":[{"taxonomy":"product_brand","embeddable":true,"href":"https:\/\/fit360.ee\/en\/wp-json\/wp\/v2\/product_brand?post=40988"},{"taxonomy":"product_cat","embeddable":true,"href":"https:\/\/fit360.ee\/en\/wp-json\/wp\/v2\/product_cat?post=40988"},{"taxonomy":"product_tag","embeddable":true,"href":"https:\/\/fit360.ee\/en\/wp-json\/wp\/v2\/product_tag?post=40988"},{"taxonomy":"giftcard-category","embeddable":true,"href":"https:\/\/fit360.ee\/en\/wp-json\/wp\/v2\/giftcard-category?post=40988"}],"curies":[{"name":"wp","href":"https:\/\/api.w.org\/{rel}","templated":true}]}}