{"id":40994,"date":"2020-12-23T22:29:03","date_gmt":"2020-12-23T20:29:03","guid":{"rendered":"https:\/\/fit360.ee\/?post_type=product&#038;p=40994"},"modified":"2024-02-16T16:14:56","modified_gmt":"2024-02-16T14:14:56","slug":"monster-energy-lewis-hamilton-44-500ml","status":"publish","type":"product","link":"https:\/\/fit360.ee\/en\/pood\/product-groups\/drinks-shots\/monster-energy-lewis-hamilton-44-500ml\/","title":{"rendered":"Monster Energy Lewis Hamilton 44 (500ml)"},"content":{"rendered":"<h1>MONSTER ENERGY Lewis Hamilton 44<\/h1>\n<p>Monster Energy Lewis Hamilton 44 on energiajook, mis on loodud koost\u00f6\u00f6s rallit\u0161empioni Lewis Hamiltoniga<\/p>\n<p class=\"itemHeader\"><strong>Koositisosad<\/strong>: Karboniseeritud vesi, Sidrunhape, Hape (sidrunhape), Maitsetugevdaja (er\u00fctritool), Tauriin (0,4%), Happesuse regulaator (naatriumtsitraat), L\u00f5hna- ja maitseained, Panaxi \u017een\u0161enni juureekstrakt (0,08%), Kofeiin (0,03%), S\u00e4ilitusained (sorbiinhape, bensoehape), Porgandi ja mustika kontsentraat, Magusained (sukraloos, atsesulfaam K), V\u00e4rvained (E129, E133),<br \/>\nL-karnitiin-L-tartraat (0,015%), Vitamiinid (B3, B5, B6, B12), Naatriumkloriid, Inositool.<\/p>\n<p><strong>Suurus<\/strong>: 500ml<\/p>\n<p><strong>Maitse<\/strong>: Lewis Hamilton<\/p>\n<p><a href=\"https:\/\/fit360.ee\/wp-content\/uploads\/2020\/12\/monster-energy-lewis-hamilton-44-fit360.ee_-800x400.jpg\"><img loading=\"lazy\" decoding=\"async\" class=\"size-medium wp-image-40998\" src=\"https:\/\/fit360.ee\/wp-content\/uploads\/2020\/12\/monster-energy-lewis-hamilton-44-fit360.ee_-800x400.jpg\" alt=\"monster energy lewis hamilton 44 - fit360.ee\" width=\"800\" height=\"400\" srcset=\"https:\/\/fit360.ee\/wp-content\/uploads\/2020\/12\/monster-energy-lewis-hamilton-44-fit360.ee_-800x400.jpg 800w, https:\/\/fit360.ee\/wp-content\/uploads\/2020\/12\/monster-energy-lewis-hamilton-44-fit360.ee_-510x255.jpg 510w, https:\/\/fit360.ee\/wp-content\/uploads\/2020\/12\/monster-energy-lewis-hamilton-44-fit360.ee_-768x384.jpg 768w, https:\/\/fit360.ee\/wp-content\/uploads\/2020\/12\/monster-energy-lewis-hamilton-44-fit360.ee_-1536x768.jpg 1536w, https:\/\/fit360.ee\/wp-content\/uploads\/2020\/12\/monster-energy-lewis-hamilton-44-fit360.ee_.jpg 1600w\" sizes=\"auto, (max-width: 800px) 100vw, 800px\" \/><\/a><\/p>\n<p>&nbsp;<\/p>\n<p>&nbsp;<\/p>\n","protected":false},"excerpt":{"rendered":"<h2>MONSTER ENERGY Lewis Hamilton 44:<\/h2>\n<ul>\n<li>GMO-vaba<\/li>\n<li>gluteenivaba<\/li>\n<li>Allergeenivaba<\/li>\n<\/ul>\n<p>Gaseeritud energiajook koos tauriini, kofeiini, L-karnitiini ja B-vitamiinidega.<\/p>\n<p><strong>NB! Toode sisaldab suhkrut (4,2g 100ml kohta)<\/strong><\/p>\n","protected":false},"featured_media":40996,"comment_status":"open","ping_status":"closed","template":"","meta":[],"product_brand":[],"product_cat":[523,2013,2043],"product_tag":[2014,2531],"giftcard-category":[],"class_list":{"0":"post-40994","1":"product","2":"type-product","3":"status-publish","4":"has-post-thumbnail","6":"product_cat-drinks-shots","7":"product_cat-monster-energy-en","8":"product_cat-sugar-free-energy-drinks-en","9":"product_tag-monster-energy-en","10":"product_tag-monster-energy-lewis-hamilton-en","11":"pa_kogus-500ml-en","12":"pa_toidulisand-branddd-monster-energy","13":"pa_tootegruppp-drinksshots","14":"pa_tootegruppp-suhkruvabad-energiajoogid-en","16":"first","17":"outofstock","18":"taxable","19":"shipping-taxable","20":"purchasable","21":"product-type-simple"},"yoast_head":"<!-- This site is optimized with the Yoast SEO plugin v27.3 - https:\/\/yoast.com\/product\/yoast-seo-wordpress\/ -->\n<title>Monster Energy Lewis Hamilton (500ml) - Madal Suhkrusisaldus - Fit360<\/title>\n<meta name=\"description\" content=\"Monster Energy Lewis Hamilton - Gaseeritud energiajook koos tauriini, kofeiini, L-karnitiini ja B-vitamiinidega.\u00a0\u00dclikiire tarne\" \/>\n<meta name=\"robots\" content=\"index, follow, max-snippet:-1, max-image-preview:large, max-video-preview:-1\" \/>\n<link rel=\"canonical\" href=\"https:\/\/fit360.ee\/en\/pood\/product-groups\/drinks-shots\/monster-energy-lewis-hamilton-44-500ml\/\" \/>\n<meta property=\"og:locale\" content=\"en_US\" \/>\n<meta property=\"og:type\" content=\"article\" \/>\n<meta property=\"og:title\" content=\"Monster Energy Lewis Hamilton (500ml) - Madal Suhkrusisaldus - Fit360\" \/>\n<meta property=\"og:description\" content=\"Monster Energy Lewis Hamilton - Gaseeritud energiajook koos tauriini, kofeiini, L-karnitiini ja B-vitamiinidega.\u00a0\u00dclikiire tarne\" \/>\n<meta property=\"og:url\" content=\"https:\/\/fit360.ee\/en\/pood\/product-groups\/drinks-shots\/monster-energy-lewis-hamilton-44-500ml\/\" \/>\n<meta property=\"og:site_name\" content=\"Fit360\" \/>\n<meta property=\"article:modified_time\" content=\"2024-02-16T14:14:56+00:00\" \/>\n<meta property=\"og:image\" content=\"https:\/\/fit360.ee\/wp-content\/uploads\/2020\/12\/monster-energy-lewis-hamilton-fit360.ee-1.jpg\" \/>\n\t<meta property=\"og:image:width\" content=\"1500\" \/>\n\t<meta property=\"og:image:height\" content=\"1500\" \/>\n\t<meta property=\"og:image:type\" content=\"image\/jpeg\" \/>\n<meta name=\"twitter:card\" content=\"summary_large_image\" \/>\n<script type=\"application\/ld+json\" class=\"yoast-schema-graph\">{\"@context\":\"https:\\\/\\\/schema.org\",\"@graph\":[{\"@type\":\"WebPage\",\"@id\":\"https:\\\/\\\/fit360.ee\\\/en\\\/pood\\\/product-groups\\\/drinks-shots\\\/monster-energy-lewis-hamilton-44-500ml\\\/\",\"url\":\"https:\\\/\\\/fit360.ee\\\/en\\\/pood\\\/product-groups\\\/drinks-shots\\\/monster-energy-lewis-hamilton-44-500ml\\\/\",\"name\":\"Monster Energy Lewis Hamilton (500ml) - Madal Suhkrusisaldus - Fit360\",\"isPartOf\":{\"@id\":\"https:\\\/\\\/fit360.ee\\\/en\\\/#website\"},\"primaryImageOfPage\":{\"@id\":\"https:\\\/\\\/fit360.ee\\\/en\\\/pood\\\/product-groups\\\/drinks-shots\\\/monster-energy-lewis-hamilton-44-500ml\\\/#primaryimage\"},\"image\":{\"@id\":\"https:\\\/\\\/fit360.ee\\\/en\\\/pood\\\/product-groups\\\/drinks-shots\\\/monster-energy-lewis-hamilton-44-500ml\\\/#primaryimage\"},\"thumbnailUrl\":\"https:\\\/\\\/fit360.ee\\\/wp-content\\\/uploads\\\/2020\\\/12\\\/monster-energy-lewis-hamilton-fit360.ee-1.jpg\",\"datePublished\":\"2020-12-23T20:29:03+00:00\",\"dateModified\":\"2024-02-16T14:14:56+00:00\",\"description\":\"Monster Energy Lewis Hamilton - Gaseeritud energiajook koos tauriini, kofeiini, L-karnitiini ja B-vitamiinidega.\u00a0\u00dclikiire tarne\",\"breadcrumb\":{\"@id\":\"https:\\\/\\\/fit360.ee\\\/en\\\/pood\\\/product-groups\\\/drinks-shots\\\/monster-energy-lewis-hamilton-44-500ml\\\/#breadcrumb\"},\"inLanguage\":\"en-US\",\"potentialAction\":[{\"@type\":\"ReadAction\",\"target\":[\"https:\\\/\\\/fit360.ee\\\/en\\\/pood\\\/product-groups\\\/drinks-shots\\\/monster-energy-lewis-hamilton-44-500ml\\\/\"]}]},{\"@type\":\"ImageObject\",\"inLanguage\":\"en-US\",\"@id\":\"https:\\\/\\\/fit360.ee\\\/en\\\/pood\\\/product-groups\\\/drinks-shots\\\/monster-energy-lewis-hamilton-44-500ml\\\/#primaryimage\",\"url\":\"https:\\\/\\\/fit360.ee\\\/wp-content\\\/uploads\\\/2020\\\/12\\\/monster-energy-lewis-hamilton-fit360.ee-1.jpg\",\"contentUrl\":\"https:\\\/\\\/fit360.ee\\\/wp-content\\\/uploads\\\/2020\\\/12\\\/monster-energy-lewis-hamilton-fit360.ee-1.jpg\",\"width\":1500,\"height\":1500,\"caption\":\"monster energy lewis hamilton - fit360.ee\"},{\"@type\":\"BreadcrumbList\",\"@id\":\"https:\\\/\\\/fit360.ee\\\/en\\\/pood\\\/product-groups\\\/drinks-shots\\\/monster-energy-lewis-hamilton-44-500ml\\\/#breadcrumb\",\"itemListElement\":[{\"@type\":\"ListItem\",\"position\":1,\"name\":\"Home\",\"item\":\"https:\\\/\\\/fit360.ee\\\/en\\\/\"},{\"@type\":\"ListItem\",\"position\":2,\"name\":\"Shop\",\"item\":\"https:\\\/\\\/fit360.ee\\\/en\\\/shop\\\/\"},{\"@type\":\"ListItem\",\"position\":3,\"name\":\"Monster Energy Lewis Hamilton 44 (500ml)\"}]},{\"@type\":\"WebSite\",\"@id\":\"https:\\\/\\\/fit360.ee\\\/en\\\/#website\",\"url\":\"https:\\\/\\\/fit360.ee\\\/en\\\/\",\"name\":\"Fit360\",\"description\":\"\",\"publisher\":{\"@id\":\"https:\\\/\\\/fit360.ee\\\/en\\\/#organization\"},\"potentialAction\":[{\"@type\":\"SearchAction\",\"target\":{\"@type\":\"EntryPoint\",\"urlTemplate\":\"https:\\\/\\\/fit360.ee\\\/en\\\/?s={search_term_string}\"},\"query-input\":{\"@type\":\"PropertyValueSpecification\",\"valueRequired\":true,\"valueName\":\"search_term_string\"}}],\"inLanguage\":\"en-US\"},{\"@type\":\"Organization\",\"@id\":\"https:\\\/\\\/fit360.ee\\\/en\\\/#organization\",\"name\":\"Fit360\",\"url\":\"https:\\\/\\\/fit360.ee\\\/en\\\/\",\"logo\":{\"@type\":\"ImageObject\",\"inLanguage\":\"en-US\",\"@id\":\"https:\\\/\\\/fit360.ee\\\/en\\\/#\\\/schema\\\/logo\\\/image\\\/\",\"url\":\"https:\\\/\\\/fit360.ee\\\/wp-content\\\/uploads\\\/2017\\\/01\\\/logo-fit360.png\",\"contentUrl\":\"https:\\\/\\\/fit360.ee\\\/wp-content\\\/uploads\\\/2017\\\/01\\\/logo-fit360.png\",\"width\":180,\"height\":66,\"caption\":\"Fit360\"},\"image\":{\"@id\":\"https:\\\/\\\/fit360.ee\\\/en\\\/#\\\/schema\\\/logo\\\/image\\\/\"}}]}<\/script>\n<!-- \/ Yoast SEO plugin. -->","yoast_head_json":{"title":"Monster Energy Lewis Hamilton (500ml) - Madal Suhkrusisaldus - Fit360","description":"Monster Energy Lewis Hamilton - Gaseeritud energiajook koos tauriini, kofeiini, L-karnitiini ja B-vitamiinidega.\u00a0\u00dclikiire tarne","robots":{"index":"index","follow":"follow","max-snippet":"max-snippet:-1","max-image-preview":"max-image-preview:large","max-video-preview":"max-video-preview:-1"},"canonical":"https:\/\/fit360.ee\/en\/pood\/product-groups\/drinks-shots\/monster-energy-lewis-hamilton-44-500ml\/","og_locale":"en_US","og_type":"article","og_title":"Monster Energy Lewis Hamilton (500ml) - Madal Suhkrusisaldus - Fit360","og_description":"Monster Energy Lewis Hamilton - Gaseeritud energiajook koos tauriini, kofeiini, L-karnitiini ja B-vitamiinidega.\u00a0\u00dclikiire tarne","og_url":"https:\/\/fit360.ee\/en\/pood\/product-groups\/drinks-shots\/monster-energy-lewis-hamilton-44-500ml\/","og_site_name":"Fit360","article_modified_time":"2024-02-16T14:14:56+00:00","og_image":[{"width":1500,"height":1500,"url":"https:\/\/fit360.ee\/wp-content\/uploads\/2020\/12\/monster-energy-lewis-hamilton-fit360.ee-1.jpg","type":"image\/jpeg"}],"twitter_card":"summary_large_image","schema":{"@context":"https:\/\/schema.org","@graph":[{"@type":"WebPage","@id":"https:\/\/fit360.ee\/en\/pood\/product-groups\/drinks-shots\/monster-energy-lewis-hamilton-44-500ml\/","url":"https:\/\/fit360.ee\/en\/pood\/product-groups\/drinks-shots\/monster-energy-lewis-hamilton-44-500ml\/","name":"Monster Energy Lewis Hamilton (500ml) - Madal Suhkrusisaldus - Fit360","isPartOf":{"@id":"https:\/\/fit360.ee\/en\/#website"},"primaryImageOfPage":{"@id":"https:\/\/fit360.ee\/en\/pood\/product-groups\/drinks-shots\/monster-energy-lewis-hamilton-44-500ml\/#primaryimage"},"image":{"@id":"https:\/\/fit360.ee\/en\/pood\/product-groups\/drinks-shots\/monster-energy-lewis-hamilton-44-500ml\/#primaryimage"},"thumbnailUrl":"https:\/\/fit360.ee\/wp-content\/uploads\/2020\/12\/monster-energy-lewis-hamilton-fit360.ee-1.jpg","datePublished":"2020-12-23T20:29:03+00:00","dateModified":"2024-02-16T14:14:56+00:00","description":"Monster Energy Lewis Hamilton - Gaseeritud energiajook koos tauriini, kofeiini, L-karnitiini ja B-vitamiinidega.\u00a0\u00dclikiire tarne","breadcrumb":{"@id":"https:\/\/fit360.ee\/en\/pood\/product-groups\/drinks-shots\/monster-energy-lewis-hamilton-44-500ml\/#breadcrumb"},"inLanguage":"en-US","potentialAction":[{"@type":"ReadAction","target":["https:\/\/fit360.ee\/en\/pood\/product-groups\/drinks-shots\/monster-energy-lewis-hamilton-44-500ml\/"]}]},{"@type":"ImageObject","inLanguage":"en-US","@id":"https:\/\/fit360.ee\/en\/pood\/product-groups\/drinks-shots\/monster-energy-lewis-hamilton-44-500ml\/#primaryimage","url":"https:\/\/fit360.ee\/wp-content\/uploads\/2020\/12\/monster-energy-lewis-hamilton-fit360.ee-1.jpg","contentUrl":"https:\/\/fit360.ee\/wp-content\/uploads\/2020\/12\/monster-energy-lewis-hamilton-fit360.ee-1.jpg","width":1500,"height":1500,"caption":"monster energy lewis hamilton - fit360.ee"},{"@type":"BreadcrumbList","@id":"https:\/\/fit360.ee\/en\/pood\/product-groups\/drinks-shots\/monster-energy-lewis-hamilton-44-500ml\/#breadcrumb","itemListElement":[{"@type":"ListItem","position":1,"name":"Home","item":"https:\/\/fit360.ee\/en\/"},{"@type":"ListItem","position":2,"name":"Shop","item":"https:\/\/fit360.ee\/en\/shop\/"},{"@type":"ListItem","position":3,"name":"Monster Energy Lewis Hamilton 44 (500ml)"}]},{"@type":"WebSite","@id":"https:\/\/fit360.ee\/en\/#website","url":"https:\/\/fit360.ee\/en\/","name":"Fit360","description":"","publisher":{"@id":"https:\/\/fit360.ee\/en\/#organization"},"potentialAction":[{"@type":"SearchAction","target":{"@type":"EntryPoint","urlTemplate":"https:\/\/fit360.ee\/en\/?s={search_term_string}"},"query-input":{"@type":"PropertyValueSpecification","valueRequired":true,"valueName":"search_term_string"}}],"inLanguage":"en-US"},{"@type":"Organization","@id":"https:\/\/fit360.ee\/en\/#organization","name":"Fit360","url":"https:\/\/fit360.ee\/en\/","logo":{"@type":"ImageObject","inLanguage":"en-US","@id":"https:\/\/fit360.ee\/en\/#\/schema\/logo\/image\/","url":"https:\/\/fit360.ee\/wp-content\/uploads\/2017\/01\/logo-fit360.png","contentUrl":"https:\/\/fit360.ee\/wp-content\/uploads\/2017\/01\/logo-fit360.png","width":180,"height":66,"caption":"Fit360"},"image":{"@id":"https:\/\/fit360.ee\/en\/#\/schema\/logo\/image\/"}}]}},"_links":{"self":[{"href":"https:\/\/fit360.ee\/en\/wp-json\/wp\/v2\/product\/40994","targetHints":{"allow":["GET"]}}],"collection":[{"href":"https:\/\/fit360.ee\/en\/wp-json\/wp\/v2\/product"}],"about":[{"href":"https:\/\/fit360.ee\/en\/wp-json\/wp\/v2\/types\/product"}],"replies":[{"embeddable":true,"href":"https:\/\/fit360.ee\/en\/wp-json\/wp\/v2\/comments?post=40994"}],"wp:featuredmedia":[{"embeddable":true,"href":"https:\/\/fit360.ee\/en\/wp-json\/wp\/v2\/media\/40996"}],"wp:attachment":[{"href":"https:\/\/fit360.ee\/en\/wp-json\/wp\/v2\/media?parent=40994"}],"wp:term":[{"taxonomy":"product_brand","embeddable":true,"href":"https:\/\/fit360.ee\/en\/wp-json\/wp\/v2\/product_brand?post=40994"},{"taxonomy":"product_cat","embeddable":true,"href":"https:\/\/fit360.ee\/en\/wp-json\/wp\/v2\/product_cat?post=40994"},{"taxonomy":"product_tag","embeddable":true,"href":"https:\/\/fit360.ee\/en\/wp-json\/wp\/v2\/product_tag?post=40994"},{"taxonomy":"giftcard-category","embeddable":true,"href":"https:\/\/fit360.ee\/en\/wp-json\/wp\/v2\/giftcard-category?post=40994"}],"curies":[{"name":"wp","href":"https:\/\/api.w.org\/{rel}","templated":true}]}}