{"id":41089,"date":"2020-12-29T20:27:00","date_gmt":"2020-12-29T18:27:00","guid":{"rendered":"https:\/\/fit360.ee\/?post_type=product&#038;p=41089"},"modified":"2022-09-15T07:06:32","modified_gmt":"2022-09-15T05:06:32","slug":"ostrovit-tribulus-terrestris-90-60caps","status":"publish","type":"product","link":"https:\/\/fit360.ee\/en\/pood\/product-groups\/testosterone-boosters-en\/tribulus-en\/ostrovit-tribulus-terrestris-90-60caps\/","title":{"rendered":"Tribulus Terrestris 90 (60caps)"},"content":{"rendered":"<h1>Tribulus Terrestris 90<\/h1>\n<p>Ostrovit Tribulus Terrestris standardiseeritud 90% saponiini tasemele. Tribulus Terrestris on taim mis kasvab peamiselt Hiina ja Kaug-Ida aladel. Selle taime juuri ja viljasid on meditsiinis kasutatud sajandeid ning on tuntud tervist toetavate omaduste poolest. Eriti aga just meeste libiido ja testosterooni osas. T\u00e4nap\u00e4eval on Tribulus ka v\u00e4ga paljude aktiivsete inimeste men\u00fc\u00fcs populaarse toidulisandina.<\/p>\n<p><strong>Koostisosad<\/strong>: Tribulus Terrestris puuviljaekstrakt standardiseeritud 90% saponiini tasemele, kapsli \u00fcmbris &#8211; \u017eelatiin.<\/p>\n<p><strong>Kasutamine<\/strong>: 1-2 kapslit p\u00e4evas<\/p>\n<p><strong>Suurus<\/strong>: 60 kapslit<\/p>\n<table>\n<tbody>\n<tr>\n<td width=\"319\"><strong>Aktiivne toimeaine<\/strong><\/td>\n<td width=\"319\"><strong>1 kapsel<\/strong><\/td>\n<\/tr>\n<tr>\n<td width=\"319\">Tribulus Terrestris<\/td>\n<td width=\"319\">1000mg<\/td>\n<\/tr>\n<tr>\n<td width=\"319\">millest Saponiiid (90%)<\/td>\n<td width=\"319\">900mg<\/td>\n<\/tr>\n<\/tbody>\n<\/table>\n<p>&nbsp;<\/p>\n<p>&nbsp;<\/p>\n","protected":false},"excerpt":{"rendered":"<h2>Ostrovit Tribulus Terrestris:<\/h2>\n<p>Ostrovit Tribulus Terrestris standardiseeritud 90% saponiini tasemele. Tribulus Terrestris on taim mis kasvab peamiselt Hiina ja Kaug-Ida aladel. Selle taime juuri ja viljasid on meditsiinis kasutatud sajandeid ning on tuntud tervist toetavate omaduste poolest. Eriti aga just meeste libiido ja testosterooni osas. T\u00e4nap\u00e4eval on Tribulus ka v\u00e4ga paljude aktiivsete inimeste men\u00fc\u00fcs populaarse toidulisandina.<\/p>\n<ul>\n<li>T\u00f5stab testosteroonitaset.<\/li>\n<li>Muudab seksuaalselt aktiivsemaks ja parandab seksuaalv\u00f5imekust.<\/li>\n<li>Soodustab lihasmassi kasvu.<\/li>\n<li>Aitab parandada meeleolu<\/li>\n<\/ul>\n","protected":false},"featured_media":84383,"comment_status":"open","ping_status":"closed","template":"","meta":[],"product_brand":[],"product_cat":[1329,532,2450],"product_tag":[1924,2167,2168],"giftcard-category":[],"class_list":{"0":"post-41089","1":"product","2":"type-product","3":"status-publish","4":"has-post-thumbnail","6":"product_cat-ostrovit-en","7":"product_cat-testosterone-boosters-en","8":"product_cat-tribulus-en","9":"product_tag-ostrovit-en","10":"product_tag-tribulus-en","11":"product_tag-tribulus-terrestris-en","12":"pa_toidulisand-branddd-ostrovit","13":"pa_tootegruppp-testosterone-enhancers","14":"pa_tootegruppp-tribulus-en","16":"first","17":"instock","18":"sale","19":"taxable","20":"shipping-taxable","21":"purchasable","22":"product-type-simple"},"yoast_head":"<!-- This site is optimized with the Yoast SEO plugin v27.3 - https:\/\/yoast.com\/product\/yoast-seo-wordpress\/ -->\n<title>Ostrovit Tribulus Terrestris 90 (N60) - Tribulus - Testosterone - Fast delivery<\/title>\n<meta name=\"description\" content=\"Ostrovit Tribulus Terrestris aitab T\u00f5stab testosteroonitaset, muudab seksuaalselt aktiivsemaks ning soodustab lihasmassi kasvu. Kiire tarne\" \/>\n<meta name=\"robots\" content=\"index, follow, max-snippet:-1, max-image-preview:large, max-video-preview:-1\" \/>\n<link rel=\"canonical\" href=\"https:\/\/fit360.ee\/en\/pood\/product-groups\/testosterone-boosters-en\/tribulus-en\/ostrovit-tribulus-terrestris-90-60caps\/\" \/>\n<meta property=\"og:locale\" content=\"en_US\" \/>\n<meta property=\"og:type\" content=\"article\" \/>\n<meta property=\"og:title\" content=\"Ostrovit Tribulus Terrestris 90 (N60) - Tribulus - Testosterone - Fast delivery\" \/>\n<meta property=\"og:description\" content=\"Ostrovit Tribulus Terrestris aitab T\u00f5stab testosteroonitaset, muudab seksuaalselt aktiivsemaks ning soodustab lihasmassi kasvu. Kiire tarne\" \/>\n<meta property=\"og:url\" content=\"https:\/\/fit360.ee\/en\/pood\/product-groups\/testosterone-boosters-en\/tribulus-en\/ostrovit-tribulus-terrestris-90-60caps\/\" \/>\n<meta property=\"og:site_name\" content=\"Fit360\" \/>\n<meta property=\"article:modified_time\" content=\"2022-09-15T05:06:32+00:00\" \/>\n<meta property=\"og:image\" content=\"https:\/\/fit360.ee\/wp-content\/uploads\/2020\/12\/Ostrovit-Tribulus-Terrestris-fit360.ee_.jpg\" \/>\n\t<meta property=\"og:image:width\" content=\"700\" \/>\n\t<meta property=\"og:image:height\" content=\"560\" \/>\n\t<meta property=\"og:image:type\" content=\"image\/jpeg\" \/>\n<meta name=\"twitter:card\" content=\"summary_large_image\" \/>\n<script type=\"application\/ld+json\" class=\"yoast-schema-graph\">{\"@context\":\"https:\\\/\\\/schema.org\",\"@graph\":[{\"@type\":\"WebPage\",\"@id\":\"https:\\\/\\\/fit360.ee\\\/en\\\/pood\\\/product-groups\\\/testosterone-boosters-en\\\/tribulus-en\\\/ostrovit-tribulus-terrestris-90-60caps\\\/\",\"url\":\"https:\\\/\\\/fit360.ee\\\/en\\\/pood\\\/product-groups\\\/testosterone-boosters-en\\\/tribulus-en\\\/ostrovit-tribulus-terrestris-90-60caps\\\/\",\"name\":\"Ostrovit Tribulus Terrestris 90 (N60) - Tribulus - Testosterone - Fast delivery\",\"isPartOf\":{\"@id\":\"https:\\\/\\\/fit360.ee\\\/en\\\/#website\"},\"primaryImageOfPage\":{\"@id\":\"https:\\\/\\\/fit360.ee\\\/en\\\/pood\\\/product-groups\\\/testosterone-boosters-en\\\/tribulus-en\\\/ostrovit-tribulus-terrestris-90-60caps\\\/#primaryimage\"},\"image\":{\"@id\":\"https:\\\/\\\/fit360.ee\\\/en\\\/pood\\\/product-groups\\\/testosterone-boosters-en\\\/tribulus-en\\\/ostrovit-tribulus-terrestris-90-60caps\\\/#primaryimage\"},\"thumbnailUrl\":\"https:\\\/\\\/fit360.ee\\\/wp-content\\\/uploads\\\/2020\\\/12\\\/Ostrovit-Tribulus-Terrestris-fit360.ee_.jpg\",\"datePublished\":\"2020-12-29T18:27:00+00:00\",\"dateModified\":\"2022-09-15T05:06:32+00:00\",\"description\":\"Ostrovit Tribulus Terrestris aitab T\u00f5stab testosteroonitaset, muudab seksuaalselt aktiivsemaks ning soodustab lihasmassi kasvu. Kiire tarne\",\"breadcrumb\":{\"@id\":\"https:\\\/\\\/fit360.ee\\\/en\\\/pood\\\/product-groups\\\/testosterone-boosters-en\\\/tribulus-en\\\/ostrovit-tribulus-terrestris-90-60caps\\\/#breadcrumb\"},\"inLanguage\":\"en-US\",\"potentialAction\":[{\"@type\":\"ReadAction\",\"target\":[\"https:\\\/\\\/fit360.ee\\\/en\\\/pood\\\/product-groups\\\/testosterone-boosters-en\\\/tribulus-en\\\/ostrovit-tribulus-terrestris-90-60caps\\\/\"]}]},{\"@type\":\"ImageObject\",\"inLanguage\":\"en-US\",\"@id\":\"https:\\\/\\\/fit360.ee\\\/en\\\/pood\\\/product-groups\\\/testosterone-boosters-en\\\/tribulus-en\\\/ostrovit-tribulus-terrestris-90-60caps\\\/#primaryimage\",\"url\":\"https:\\\/\\\/fit360.ee\\\/wp-content\\\/uploads\\\/2020\\\/12\\\/Ostrovit-Tribulus-Terrestris-fit360.ee_.jpg\",\"contentUrl\":\"https:\\\/\\\/fit360.ee\\\/wp-content\\\/uploads\\\/2020\\\/12\\\/Ostrovit-Tribulus-Terrestris-fit360.ee_.jpg\",\"width\":700,\"height\":560,\"caption\":\"Ostrovit Tribulus Terrestris - fit360.ee\"},{\"@type\":\"BreadcrumbList\",\"@id\":\"https:\\\/\\\/fit360.ee\\\/en\\\/pood\\\/product-groups\\\/testosterone-boosters-en\\\/tribulus-en\\\/ostrovit-tribulus-terrestris-90-60caps\\\/#breadcrumb\",\"itemListElement\":[{\"@type\":\"ListItem\",\"position\":1,\"name\":\"Home\",\"item\":\"https:\\\/\\\/fit360.ee\\\/en\\\/\"},{\"@type\":\"ListItem\",\"position\":2,\"name\":\"Shop\",\"item\":\"https:\\\/\\\/fit360.ee\\\/en\\\/shop\\\/\"},{\"@type\":\"ListItem\",\"position\":3,\"name\":\"Tribulus Terrestris 90 (60caps)\"}]},{\"@type\":\"WebSite\",\"@id\":\"https:\\\/\\\/fit360.ee\\\/en\\\/#website\",\"url\":\"https:\\\/\\\/fit360.ee\\\/en\\\/\",\"name\":\"Fit360\",\"description\":\"\",\"publisher\":{\"@id\":\"https:\\\/\\\/fit360.ee\\\/en\\\/#organization\"},\"potentialAction\":[{\"@type\":\"SearchAction\",\"target\":{\"@type\":\"EntryPoint\",\"urlTemplate\":\"https:\\\/\\\/fit360.ee\\\/en\\\/?s={search_term_string}\"},\"query-input\":{\"@type\":\"PropertyValueSpecification\",\"valueRequired\":true,\"valueName\":\"search_term_string\"}}],\"inLanguage\":\"en-US\"},{\"@type\":\"Organization\",\"@id\":\"https:\\\/\\\/fit360.ee\\\/en\\\/#organization\",\"name\":\"Fit360\",\"url\":\"https:\\\/\\\/fit360.ee\\\/en\\\/\",\"logo\":{\"@type\":\"ImageObject\",\"inLanguage\":\"en-US\",\"@id\":\"https:\\\/\\\/fit360.ee\\\/en\\\/#\\\/schema\\\/logo\\\/image\\\/\",\"url\":\"https:\\\/\\\/fit360.ee\\\/wp-content\\\/uploads\\\/2017\\\/01\\\/logo-fit360.png\",\"contentUrl\":\"https:\\\/\\\/fit360.ee\\\/wp-content\\\/uploads\\\/2017\\\/01\\\/logo-fit360.png\",\"width\":180,\"height\":66,\"caption\":\"Fit360\"},\"image\":{\"@id\":\"https:\\\/\\\/fit360.ee\\\/en\\\/#\\\/schema\\\/logo\\\/image\\\/\"}}]}<\/script>\n<!-- \/ Yoast SEO plugin. -->","yoast_head_json":{"title":"Ostrovit Tribulus Terrestris 90 (N60) - Tribulus - Testosterone - Fast delivery","description":"Ostrovit Tribulus Terrestris aitab T\u00f5stab testosteroonitaset, muudab seksuaalselt aktiivsemaks ning soodustab lihasmassi kasvu. Kiire tarne","robots":{"index":"index","follow":"follow","max-snippet":"max-snippet:-1","max-image-preview":"max-image-preview:large","max-video-preview":"max-video-preview:-1"},"canonical":"https:\/\/fit360.ee\/en\/pood\/product-groups\/testosterone-boosters-en\/tribulus-en\/ostrovit-tribulus-terrestris-90-60caps\/","og_locale":"en_US","og_type":"article","og_title":"Ostrovit Tribulus Terrestris 90 (N60) - Tribulus - Testosterone - Fast delivery","og_description":"Ostrovit Tribulus Terrestris aitab T\u00f5stab testosteroonitaset, muudab seksuaalselt aktiivsemaks ning soodustab lihasmassi kasvu. Kiire tarne","og_url":"https:\/\/fit360.ee\/en\/pood\/product-groups\/testosterone-boosters-en\/tribulus-en\/ostrovit-tribulus-terrestris-90-60caps\/","og_site_name":"Fit360","article_modified_time":"2022-09-15T05:06:32+00:00","og_image":[{"width":700,"height":560,"url":"https:\/\/fit360.ee\/wp-content\/uploads\/2020\/12\/Ostrovit-Tribulus-Terrestris-fit360.ee_.jpg","type":"image\/jpeg"}],"twitter_card":"summary_large_image","schema":{"@context":"https:\/\/schema.org","@graph":[{"@type":"WebPage","@id":"https:\/\/fit360.ee\/en\/pood\/product-groups\/testosterone-boosters-en\/tribulus-en\/ostrovit-tribulus-terrestris-90-60caps\/","url":"https:\/\/fit360.ee\/en\/pood\/product-groups\/testosterone-boosters-en\/tribulus-en\/ostrovit-tribulus-terrestris-90-60caps\/","name":"Ostrovit Tribulus Terrestris 90 (N60) - Tribulus - Testosterone - Fast delivery","isPartOf":{"@id":"https:\/\/fit360.ee\/en\/#website"},"primaryImageOfPage":{"@id":"https:\/\/fit360.ee\/en\/pood\/product-groups\/testosterone-boosters-en\/tribulus-en\/ostrovit-tribulus-terrestris-90-60caps\/#primaryimage"},"image":{"@id":"https:\/\/fit360.ee\/en\/pood\/product-groups\/testosterone-boosters-en\/tribulus-en\/ostrovit-tribulus-terrestris-90-60caps\/#primaryimage"},"thumbnailUrl":"https:\/\/fit360.ee\/wp-content\/uploads\/2020\/12\/Ostrovit-Tribulus-Terrestris-fit360.ee_.jpg","datePublished":"2020-12-29T18:27:00+00:00","dateModified":"2022-09-15T05:06:32+00:00","description":"Ostrovit Tribulus Terrestris aitab T\u00f5stab testosteroonitaset, muudab seksuaalselt aktiivsemaks ning soodustab lihasmassi kasvu. Kiire tarne","breadcrumb":{"@id":"https:\/\/fit360.ee\/en\/pood\/product-groups\/testosterone-boosters-en\/tribulus-en\/ostrovit-tribulus-terrestris-90-60caps\/#breadcrumb"},"inLanguage":"en-US","potentialAction":[{"@type":"ReadAction","target":["https:\/\/fit360.ee\/en\/pood\/product-groups\/testosterone-boosters-en\/tribulus-en\/ostrovit-tribulus-terrestris-90-60caps\/"]}]},{"@type":"ImageObject","inLanguage":"en-US","@id":"https:\/\/fit360.ee\/en\/pood\/product-groups\/testosterone-boosters-en\/tribulus-en\/ostrovit-tribulus-terrestris-90-60caps\/#primaryimage","url":"https:\/\/fit360.ee\/wp-content\/uploads\/2020\/12\/Ostrovit-Tribulus-Terrestris-fit360.ee_.jpg","contentUrl":"https:\/\/fit360.ee\/wp-content\/uploads\/2020\/12\/Ostrovit-Tribulus-Terrestris-fit360.ee_.jpg","width":700,"height":560,"caption":"Ostrovit Tribulus Terrestris - fit360.ee"},{"@type":"BreadcrumbList","@id":"https:\/\/fit360.ee\/en\/pood\/product-groups\/testosterone-boosters-en\/tribulus-en\/ostrovit-tribulus-terrestris-90-60caps\/#breadcrumb","itemListElement":[{"@type":"ListItem","position":1,"name":"Home","item":"https:\/\/fit360.ee\/en\/"},{"@type":"ListItem","position":2,"name":"Shop","item":"https:\/\/fit360.ee\/en\/shop\/"},{"@type":"ListItem","position":3,"name":"Tribulus Terrestris 90 (60caps)"}]},{"@type":"WebSite","@id":"https:\/\/fit360.ee\/en\/#website","url":"https:\/\/fit360.ee\/en\/","name":"Fit360","description":"","publisher":{"@id":"https:\/\/fit360.ee\/en\/#organization"},"potentialAction":[{"@type":"SearchAction","target":{"@type":"EntryPoint","urlTemplate":"https:\/\/fit360.ee\/en\/?s={search_term_string}"},"query-input":{"@type":"PropertyValueSpecification","valueRequired":true,"valueName":"search_term_string"}}],"inLanguage":"en-US"},{"@type":"Organization","@id":"https:\/\/fit360.ee\/en\/#organization","name":"Fit360","url":"https:\/\/fit360.ee\/en\/","logo":{"@type":"ImageObject","inLanguage":"en-US","@id":"https:\/\/fit360.ee\/en\/#\/schema\/logo\/image\/","url":"https:\/\/fit360.ee\/wp-content\/uploads\/2017\/01\/logo-fit360.png","contentUrl":"https:\/\/fit360.ee\/wp-content\/uploads\/2017\/01\/logo-fit360.png","width":180,"height":66,"caption":"Fit360"},"image":{"@id":"https:\/\/fit360.ee\/en\/#\/schema\/logo\/image\/"}}]}},"_links":{"self":[{"href":"https:\/\/fit360.ee\/en\/wp-json\/wp\/v2\/product\/41089","targetHints":{"allow":["GET"]}}],"collection":[{"href":"https:\/\/fit360.ee\/en\/wp-json\/wp\/v2\/product"}],"about":[{"href":"https:\/\/fit360.ee\/en\/wp-json\/wp\/v2\/types\/product"}],"replies":[{"embeddable":true,"href":"https:\/\/fit360.ee\/en\/wp-json\/wp\/v2\/comments?post=41089"}],"wp:featuredmedia":[{"embeddable":true,"href":"https:\/\/fit360.ee\/en\/wp-json\/wp\/v2\/media\/84383"}],"wp:attachment":[{"href":"https:\/\/fit360.ee\/en\/wp-json\/wp\/v2\/media?parent=41089"}],"wp:term":[{"taxonomy":"product_brand","embeddable":true,"href":"https:\/\/fit360.ee\/en\/wp-json\/wp\/v2\/product_brand?post=41089"},{"taxonomy":"product_cat","embeddable":true,"href":"https:\/\/fit360.ee\/en\/wp-json\/wp\/v2\/product_cat?post=41089"},{"taxonomy":"product_tag","embeddable":true,"href":"https:\/\/fit360.ee\/en\/wp-json\/wp\/v2\/product_tag?post=41089"},{"taxonomy":"giftcard-category","embeddable":true,"href":"https:\/\/fit360.ee\/en\/wp-json\/wp\/v2\/giftcard-category?post=41089"}],"curies":[{"name":"wp","href":"https:\/\/api.w.org\/{rel}","templated":true}]}}