{"id":41108,"date":"2020-12-30T13:21:41","date_gmt":"2020-12-30T11:21:41","guid":{"rendered":"https:\/\/fit360.ee\/?post_type=product&#038;p=41108"},"modified":"2024-09-30T14:30:19","modified_gmt":"2024-09-30T12:30:19","slug":"swanson-k2-vitamiin-100mcg-30geelkapslit","status":"publish","type":"product","link":"https:\/\/fit360.ee\/en\/pood\/product-groups\/vitamins-and-minerals-en\/k-vitamin-en\/swanson-k2-vitamiin-100mcg-30geelkapslit\/","title":{"rendered":"Swanson K2 Vitamiin 100mcg (30 geelkapslit)"},"content":{"rendered":"<h1>K2 Vitamiin 100mcg<\/h1>\n<p><strong>Vitamiin K2 \u00fclesanne ja vajalikkus luu loomisel<\/strong><\/p>\n<p>Vitamiin K2 on oluline vitamiin kaltsiumi imendumisel, mis hoiab korras nii luude kui s\u00fcdame seisukorra. Nimelt aitab vitamiin K-2 kaltsiumil verest j\u00f5uda luumassideni, kus seda kasutatakse luude ehituseks ja tugevdamiseks. Kliinilised uuringud on kinnitanud, et vitamiin K on v\u00f5tmet\u00e4htsusega luustiku optimaalse tervise hoidmises. Madal vitamiin K tase ohustab kogu s\u00fcdameveresoonkonda, sest veres ringleva kaltsiumi transport luudesse on kehv, mis p\u00e4\u00e4dib kaltsiumi kinnitumisega veresoonte seintele p\u00f5hjustades veresoonte lupjumist ja sellest tulenevaid kardiovaskulaarseid ehk s\u00fcdame- ja veresoonkonnahaiguseid. K-vitamiini keskne funktsioon on seotud ka vere h\u00fc\u00fcbimisega. See on vajalik koens\u00fc\u00fcm mitmete valguliste vere h\u00fc\u00fcbimisfaktorite s\u00fcnteesiks ja aktiveerumiseks.<\/p>\n<p><strong>Mis on vitamiin K2 (MK-7)?<\/strong><\/p>\n<p>Vitamiin K esineb mitmes erinevas vormis. Vitamiin K2 on meie tervisele oluliselt kriitilisema t\u00e4htsusega kui n\u00e4iteks K1 ning imendub see oluliselt paremini kui vitamiin K1. MK-4 (menakvinoon-4) on j\u00e4lle K2 k\u00f5ige tugevam ja efektiivsemini imenduv vorm ning seda kasutatakse meditsiiniliselt ja eraviisiliselt \u00fcle maailma arenenud riikides tervise edendamiseks. Ent siiski MK-4 on aktiivne k\u00f5igest m\u00f5ned tunnid, erinevalt MK-7st (menakvinoon-7), mis \u201cteeb t\u00f6\u00f6d\u201d 24 tundi. MK-7 on seega parim K-vitamiin, mis imendub kiiresti j\u00f5udes kergesti igasse keha ossa ja p\u00fcsides seal k\u00f5ige pikemat aega. K- vitamiin on rasvlahustuv, mis t\u00e4hendab seda, et teda tuleb v\u00f5tta koos m\u00f5ne puhta \u00f5li v\u00f5i toiduga, milles sisaldub rasvu. Imendunud vitamiini s\u00e4ilitatakse maksas.<\/p>\n<p><strong>Menukiin-7<\/strong> ehk K2-vitamiin on K-vitamiini aktiivne vorm, mis aitab kaasa vere normaalsele h\u00fc\u00fcbivusele ning toetab luustruktuuri moodustumist. Swanson K-2 vitamiin on valmistatud nattost e. fermenteeritud sojaubadest. K vitamiin aitab kaasa vere normaalsele h\u00fc\u00fcbivusele ja aitab hoida luid tugevana. K2-vitamiini soovitatakse luude tugevuse s\u00e4ilitamiseks, eelk\u00f5ige postmenopausis naistele. Enamike l\u00e4\u00e4ne inimese toidusedelist j\u00e4\u00e4b K2-vitamiinist tavaliselt puudu. K2-vitamiin aga on v\u00e4ga oluline normaalse vereh\u00fc\u00fcbivuse tagamiseks.Uuringud n\u00e4itavad, et optimaalne annus on 45\u00b5g K2- vitamiini p\u00e4evas.<\/p>\n<p><strong>Kes v\u00f5iksid K2 Vitamiini tarvitada:<\/strong><\/p>\n<ul>\n<li>inimesed, kes on pikemat aega tarbinud antibiootikume;<\/li>\n<li>inimesed, kes toituvad ebatervislikult;<\/li>\n<li>inimesed, kes on v\u00e4ga madala rasvasisaldusega dieedil;<\/li>\n<li>inimesed, kellel esineb pankrease d\u00fcsfunktsiooni;<\/li>\n<li>inimesed, kellel esineb sapiteede haigusi;<\/li>\n<li>inimesed, kellel on peensoole limaskesta atroofia;<\/li>\n<li>inimesed, kellel tekivad v\u00e4ga kergesti sinikad;<\/li>\n<li>inimesed, kellel esineb vere h\u00fc\u00fcbimish\u00e4ireid;<\/li>\n<li>inimesed, kellel esineb sagedasi ninaverejookse.<\/li>\n<\/ul>\n<p><strong>Teised Koostisosad<\/strong>: P\u00e4evalilleseemne\u00f5li, \u017eelatiin, gl\u00fctseriin, mesilasvaha, kahealuseline kaltsiumfosfaat, p\u00e4evalilleletsitiin, kaarobiv\u00e4rv (jaanileiv gl\u00fctseriinis koos karamelliga), puhastatud vesi.<\/p>\n<p><strong>Kasutamine<\/strong>: 1 geelkapsel p\u00e4evas koos veega<\/p>\n<p><strong>Suurus<\/strong>: 30 geelkapslit &#8211; 30 serveeringut<\/p>\n<table>\n<tbody>\n<tr>\n<td width=\"213\"><strong>Aktiivne toimeaine<\/strong><\/td>\n<td width=\"213\"><strong>1 geelkapsel<\/strong><\/td>\n<td width=\"213\"><strong>SPK %*<\/strong><\/td>\n<\/tr>\n<tr>\n<td width=\"213\">Vitamiin K2<\/td>\n<td width=\"213\">100mcg<\/td>\n<td width=\"213\">**<\/td>\n<\/tr>\n<\/tbody>\n<\/table>\n<p>SPK%* &#8211; Soovituslik P\u00e4evane Kogus<\/p>\n<p>** SPK pole kindlaks tehtud<\/p>\n","protected":false},"excerpt":{"rendered":"<h2>K2 Vitamiin:<\/h2>\n<ul>\n<li>Ilu, naha ja nooruse s\u00e4ilitamiseks<\/li>\n<li>V\u00e4hihaiguse ennetamiseks<\/li>\n<li>Aitab ennetada osteoporoosi ja s\u00fcdame-veresoonkonnahaigusi<\/li>\n<\/ul>\n<p><strong>Menukiin-7<\/strong> ehk K2-vitamiin on K-vitamiini aktiivne vorm, mis aitab kaasa vere normaalsele h\u00fc\u00fcbivusele ning toetab luustruktuuri moodustumist. Swanson K2 vitamiin on valmistatud nattost e. fermenteeritud sojaubadest. <strong>K2-vitamiini<\/strong> soovitatakse luude tugevuse s\u00e4ilitamiseks, eelk\u00f5ige postmenopausis naistele. Enamike l\u00e4\u00e4ne inimese toidusedelist j\u00e4\u00e4b K2-vitamiinist tavaliselt puudu. K2-vitamiin aga on v\u00e4ga oluline normaalse vereh\u00fc\u00fcbivuse tagamiseks.<br \/>\nUuringud n\u00e4itavad, et optimaalne annus on 45\u00b5g K2- vitamiini p\u00e4evas.<\/p>\n","protected":false},"featured_media":41113,"comment_status":"open","ping_status":"closed","template":"","meta":[],"product_brand":[],"product_cat":[2263,1454,1651,536],"product_tag":[2537,2540,1848],"giftcard-category":[],"class_list":{"0":"post-41108","1":"product","2":"type-product","3":"status-publish","4":"has-post-thumbnail","6":"product_cat-k-vitamin-en","7":"product_cat-superfoods-health-foods-en","8":"product_cat-swanson-en","9":"product_cat-vitamins-and-minerals-en","10":"product_tag-k-vitamiin-en","11":"product_tag-k2-vitamiin-en","12":"product_tag-swanson-en","13":"pa_toidulisand-branddd-swanson","14":"pa_tootegruppp-k-vitamiin-en","15":"pa_tootegruppp-supertoit-tervisetoit-en","16":"pa_tootegruppp-vitamins-and-minerals","18":"first","19":"outofstock","20":"sale","21":"taxable","22":"shipping-taxable","23":"purchasable","24":"product-type-simple"},"yoast_head":"<!-- This site is optimized with the Yoast SEO plugin v27.3 - https:\/\/yoast.com\/product\/yoast-seo-wordpress\/ -->\n<title>Swanson K2 Vitamiin 100mcg (30 geelkapslit) - Vitamin K2 - K Vitamin<\/title>\n<meta name=\"description\" content=\"K2 Vitamiin aitab kaasa vere normaalsele h\u00fc\u00fcbivusele ning toetab luustruktuuri moodustumist. Aitab ennetada s\u00fcdame-veresoonkonnahaigusi.\" \/>\n<meta name=\"robots\" content=\"index, follow, max-snippet:-1, max-image-preview:large, max-video-preview:-1\" \/>\n<link rel=\"canonical\" href=\"https:\/\/fit360.ee\/en\/pood\/product-groups\/vitamins-and-minerals-en\/k-vitamin-en\/swanson-k2-vitamiin-100mcg-30geelkapslit\/\" \/>\n<meta property=\"og:locale\" content=\"en_US\" \/>\n<meta property=\"og:type\" content=\"article\" \/>\n<meta property=\"og:title\" content=\"Swanson K2 Vitamiin 100mcg (30 geelkapslit) - Vitamin K2 - K Vitamin\" \/>\n<meta property=\"og:description\" content=\"K2 Vitamiin aitab kaasa vere normaalsele h\u00fc\u00fcbivusele ning toetab luustruktuuri moodustumist. Aitab ennetada s\u00fcdame-veresoonkonnahaigusi.\" \/>\n<meta property=\"og:url\" content=\"https:\/\/fit360.ee\/en\/pood\/product-groups\/vitamins-and-minerals-en\/k-vitamin-en\/swanson-k2-vitamiin-100mcg-30geelkapslit\/\" \/>\n<meta property=\"og:site_name\" content=\"Fit360\" \/>\n<meta property=\"article:modified_time\" content=\"2024-09-30T12:30:19+00:00\" \/>\n<meta property=\"og:image\" content=\"https:\/\/fit360.ee\/wp-content\/uploads\/2020\/12\/ezgif.com-gif-maker-2-1.jpg\" \/>\n\t<meta property=\"og:image:width\" content=\"650\" \/>\n\t<meta property=\"og:image:height\" content=\"650\" \/>\n\t<meta property=\"og:image:type\" content=\"image\/jpeg\" \/>\n<meta name=\"twitter:card\" content=\"summary_large_image\" \/>\n<meta name=\"twitter:label1\" content=\"Est. reading time\" \/>\n\t<meta name=\"twitter:data1\" content=\"2 minutes\" \/>\n<script type=\"application\/ld+json\" class=\"yoast-schema-graph\">{\"@context\":\"https:\\\/\\\/schema.org\",\"@graph\":[{\"@type\":\"WebPage\",\"@id\":\"https:\\\/\\\/fit360.ee\\\/en\\\/pood\\\/product-groups\\\/vitamins-and-minerals-en\\\/k-vitamin-en\\\/swanson-k2-vitamiin-100mcg-30geelkapslit\\\/\",\"url\":\"https:\\\/\\\/fit360.ee\\\/en\\\/pood\\\/product-groups\\\/vitamins-and-minerals-en\\\/k-vitamin-en\\\/swanson-k2-vitamiin-100mcg-30geelkapslit\\\/\",\"name\":\"Swanson K2 Vitamiin 100mcg (30 geelkapslit) - Vitamin K2 - K Vitamin\",\"isPartOf\":{\"@id\":\"https:\\\/\\\/fit360.ee\\\/en\\\/#website\"},\"primaryImageOfPage\":{\"@id\":\"https:\\\/\\\/fit360.ee\\\/en\\\/pood\\\/product-groups\\\/vitamins-and-minerals-en\\\/k-vitamin-en\\\/swanson-k2-vitamiin-100mcg-30geelkapslit\\\/#primaryimage\"},\"image\":{\"@id\":\"https:\\\/\\\/fit360.ee\\\/en\\\/pood\\\/product-groups\\\/vitamins-and-minerals-en\\\/k-vitamin-en\\\/swanson-k2-vitamiin-100mcg-30geelkapslit\\\/#primaryimage\"},\"thumbnailUrl\":\"https:\\\/\\\/fit360.ee\\\/wp-content\\\/uploads\\\/2020\\\/12\\\/ezgif.com-gif-maker-2-1.jpg\",\"datePublished\":\"2020-12-30T11:21:41+00:00\",\"dateModified\":\"2024-09-30T12:30:19+00:00\",\"description\":\"K2 Vitamiin aitab kaasa vere normaalsele h\u00fc\u00fcbivusele ning toetab luustruktuuri moodustumist. Aitab ennetada s\u00fcdame-veresoonkonnahaigusi.\",\"breadcrumb\":{\"@id\":\"https:\\\/\\\/fit360.ee\\\/en\\\/pood\\\/product-groups\\\/vitamins-and-minerals-en\\\/k-vitamin-en\\\/swanson-k2-vitamiin-100mcg-30geelkapslit\\\/#breadcrumb\"},\"inLanguage\":\"en-US\",\"potentialAction\":[{\"@type\":\"ReadAction\",\"target\":[\"https:\\\/\\\/fit360.ee\\\/en\\\/pood\\\/product-groups\\\/vitamins-and-minerals-en\\\/k-vitamin-en\\\/swanson-k2-vitamiin-100mcg-30geelkapslit\\\/\"]}]},{\"@type\":\"ImageObject\",\"inLanguage\":\"en-US\",\"@id\":\"https:\\\/\\\/fit360.ee\\\/en\\\/pood\\\/product-groups\\\/vitamins-and-minerals-en\\\/k-vitamin-en\\\/swanson-k2-vitamiin-100mcg-30geelkapslit\\\/#primaryimage\",\"url\":\"https:\\\/\\\/fit360.ee\\\/wp-content\\\/uploads\\\/2020\\\/12\\\/ezgif.com-gif-maker-2-1.jpg\",\"contentUrl\":\"https:\\\/\\\/fit360.ee\\\/wp-content\\\/uploads\\\/2020\\\/12\\\/ezgif.com-gif-maker-2-1.jpg\",\"width\":650,\"height\":650,\"caption\":\"K2 Vitamiin - fit360.ee\"},{\"@type\":\"BreadcrumbList\",\"@id\":\"https:\\\/\\\/fit360.ee\\\/en\\\/pood\\\/product-groups\\\/vitamins-and-minerals-en\\\/k-vitamin-en\\\/swanson-k2-vitamiin-100mcg-30geelkapslit\\\/#breadcrumb\",\"itemListElement\":[{\"@type\":\"ListItem\",\"position\":1,\"name\":\"Home\",\"item\":\"https:\\\/\\\/fit360.ee\\\/en\\\/\"},{\"@type\":\"ListItem\",\"position\":2,\"name\":\"Shop\",\"item\":\"https:\\\/\\\/fit360.ee\\\/en\\\/shop\\\/\"},{\"@type\":\"ListItem\",\"position\":3,\"name\":\"Swanson K2 Vitamiin 100mcg (30 geelkapslit)\"}]},{\"@type\":\"WebSite\",\"@id\":\"https:\\\/\\\/fit360.ee\\\/en\\\/#website\",\"url\":\"https:\\\/\\\/fit360.ee\\\/en\\\/\",\"name\":\"Fit360\",\"description\":\"\",\"publisher\":{\"@id\":\"https:\\\/\\\/fit360.ee\\\/en\\\/#organization\"},\"potentialAction\":[{\"@type\":\"SearchAction\",\"target\":{\"@type\":\"EntryPoint\",\"urlTemplate\":\"https:\\\/\\\/fit360.ee\\\/en\\\/?s={search_term_string}\"},\"query-input\":{\"@type\":\"PropertyValueSpecification\",\"valueRequired\":true,\"valueName\":\"search_term_string\"}}],\"inLanguage\":\"en-US\"},{\"@type\":\"Organization\",\"@id\":\"https:\\\/\\\/fit360.ee\\\/en\\\/#organization\",\"name\":\"Fit360\",\"url\":\"https:\\\/\\\/fit360.ee\\\/en\\\/\",\"logo\":{\"@type\":\"ImageObject\",\"inLanguage\":\"en-US\",\"@id\":\"https:\\\/\\\/fit360.ee\\\/en\\\/#\\\/schema\\\/logo\\\/image\\\/\",\"url\":\"https:\\\/\\\/fit360.ee\\\/wp-content\\\/uploads\\\/2017\\\/01\\\/logo-fit360.png\",\"contentUrl\":\"https:\\\/\\\/fit360.ee\\\/wp-content\\\/uploads\\\/2017\\\/01\\\/logo-fit360.png\",\"width\":180,\"height\":66,\"caption\":\"Fit360\"},\"image\":{\"@id\":\"https:\\\/\\\/fit360.ee\\\/en\\\/#\\\/schema\\\/logo\\\/image\\\/\"}}]}<\/script>\n<!-- \/ Yoast SEO plugin. -->","yoast_head_json":{"title":"Swanson K2 Vitamiin 100mcg (30 geelkapslit) - Vitamin K2 - K Vitamin","description":"K2 Vitamiin aitab kaasa vere normaalsele h\u00fc\u00fcbivusele ning toetab luustruktuuri moodustumist. Aitab ennetada s\u00fcdame-veresoonkonnahaigusi.","robots":{"index":"index","follow":"follow","max-snippet":"max-snippet:-1","max-image-preview":"max-image-preview:large","max-video-preview":"max-video-preview:-1"},"canonical":"https:\/\/fit360.ee\/en\/pood\/product-groups\/vitamins-and-minerals-en\/k-vitamin-en\/swanson-k2-vitamiin-100mcg-30geelkapslit\/","og_locale":"en_US","og_type":"article","og_title":"Swanson K2 Vitamiin 100mcg (30 geelkapslit) - Vitamin K2 - K Vitamin","og_description":"K2 Vitamiin aitab kaasa vere normaalsele h\u00fc\u00fcbivusele ning toetab luustruktuuri moodustumist. Aitab ennetada s\u00fcdame-veresoonkonnahaigusi.","og_url":"https:\/\/fit360.ee\/en\/pood\/product-groups\/vitamins-and-minerals-en\/k-vitamin-en\/swanson-k2-vitamiin-100mcg-30geelkapslit\/","og_site_name":"Fit360","article_modified_time":"2024-09-30T12:30:19+00:00","og_image":[{"width":650,"height":650,"url":"https:\/\/fit360.ee\/wp-content\/uploads\/2020\/12\/ezgif.com-gif-maker-2-1.jpg","type":"image\/jpeg"}],"twitter_card":"summary_large_image","twitter_misc":{"Est. reading time":"2 minutes"},"schema":{"@context":"https:\/\/schema.org","@graph":[{"@type":"WebPage","@id":"https:\/\/fit360.ee\/en\/pood\/product-groups\/vitamins-and-minerals-en\/k-vitamin-en\/swanson-k2-vitamiin-100mcg-30geelkapslit\/","url":"https:\/\/fit360.ee\/en\/pood\/product-groups\/vitamins-and-minerals-en\/k-vitamin-en\/swanson-k2-vitamiin-100mcg-30geelkapslit\/","name":"Swanson K2 Vitamiin 100mcg (30 geelkapslit) - Vitamin K2 - K Vitamin","isPartOf":{"@id":"https:\/\/fit360.ee\/en\/#website"},"primaryImageOfPage":{"@id":"https:\/\/fit360.ee\/en\/pood\/product-groups\/vitamins-and-minerals-en\/k-vitamin-en\/swanson-k2-vitamiin-100mcg-30geelkapslit\/#primaryimage"},"image":{"@id":"https:\/\/fit360.ee\/en\/pood\/product-groups\/vitamins-and-minerals-en\/k-vitamin-en\/swanson-k2-vitamiin-100mcg-30geelkapslit\/#primaryimage"},"thumbnailUrl":"https:\/\/fit360.ee\/wp-content\/uploads\/2020\/12\/ezgif.com-gif-maker-2-1.jpg","datePublished":"2020-12-30T11:21:41+00:00","dateModified":"2024-09-30T12:30:19+00:00","description":"K2 Vitamiin aitab kaasa vere normaalsele h\u00fc\u00fcbivusele ning toetab luustruktuuri moodustumist. Aitab ennetada s\u00fcdame-veresoonkonnahaigusi.","breadcrumb":{"@id":"https:\/\/fit360.ee\/en\/pood\/product-groups\/vitamins-and-minerals-en\/k-vitamin-en\/swanson-k2-vitamiin-100mcg-30geelkapslit\/#breadcrumb"},"inLanguage":"en-US","potentialAction":[{"@type":"ReadAction","target":["https:\/\/fit360.ee\/en\/pood\/product-groups\/vitamins-and-minerals-en\/k-vitamin-en\/swanson-k2-vitamiin-100mcg-30geelkapslit\/"]}]},{"@type":"ImageObject","inLanguage":"en-US","@id":"https:\/\/fit360.ee\/en\/pood\/product-groups\/vitamins-and-minerals-en\/k-vitamin-en\/swanson-k2-vitamiin-100mcg-30geelkapslit\/#primaryimage","url":"https:\/\/fit360.ee\/wp-content\/uploads\/2020\/12\/ezgif.com-gif-maker-2-1.jpg","contentUrl":"https:\/\/fit360.ee\/wp-content\/uploads\/2020\/12\/ezgif.com-gif-maker-2-1.jpg","width":650,"height":650,"caption":"K2 Vitamiin - fit360.ee"},{"@type":"BreadcrumbList","@id":"https:\/\/fit360.ee\/en\/pood\/product-groups\/vitamins-and-minerals-en\/k-vitamin-en\/swanson-k2-vitamiin-100mcg-30geelkapslit\/#breadcrumb","itemListElement":[{"@type":"ListItem","position":1,"name":"Home","item":"https:\/\/fit360.ee\/en\/"},{"@type":"ListItem","position":2,"name":"Shop","item":"https:\/\/fit360.ee\/en\/shop\/"},{"@type":"ListItem","position":3,"name":"Swanson K2 Vitamiin 100mcg (30 geelkapslit)"}]},{"@type":"WebSite","@id":"https:\/\/fit360.ee\/en\/#website","url":"https:\/\/fit360.ee\/en\/","name":"Fit360","description":"","publisher":{"@id":"https:\/\/fit360.ee\/en\/#organization"},"potentialAction":[{"@type":"SearchAction","target":{"@type":"EntryPoint","urlTemplate":"https:\/\/fit360.ee\/en\/?s={search_term_string}"},"query-input":{"@type":"PropertyValueSpecification","valueRequired":true,"valueName":"search_term_string"}}],"inLanguage":"en-US"},{"@type":"Organization","@id":"https:\/\/fit360.ee\/en\/#organization","name":"Fit360","url":"https:\/\/fit360.ee\/en\/","logo":{"@type":"ImageObject","inLanguage":"en-US","@id":"https:\/\/fit360.ee\/en\/#\/schema\/logo\/image\/","url":"https:\/\/fit360.ee\/wp-content\/uploads\/2017\/01\/logo-fit360.png","contentUrl":"https:\/\/fit360.ee\/wp-content\/uploads\/2017\/01\/logo-fit360.png","width":180,"height":66,"caption":"Fit360"},"image":{"@id":"https:\/\/fit360.ee\/en\/#\/schema\/logo\/image\/"}}]}},"_links":{"self":[{"href":"https:\/\/fit360.ee\/en\/wp-json\/wp\/v2\/product\/41108","targetHints":{"allow":["GET"]}}],"collection":[{"href":"https:\/\/fit360.ee\/en\/wp-json\/wp\/v2\/product"}],"about":[{"href":"https:\/\/fit360.ee\/en\/wp-json\/wp\/v2\/types\/product"}],"replies":[{"embeddable":true,"href":"https:\/\/fit360.ee\/en\/wp-json\/wp\/v2\/comments?post=41108"}],"wp:featuredmedia":[{"embeddable":true,"href":"https:\/\/fit360.ee\/en\/wp-json\/wp\/v2\/media\/41113"}],"wp:attachment":[{"href":"https:\/\/fit360.ee\/en\/wp-json\/wp\/v2\/media?parent=41108"}],"wp:term":[{"taxonomy":"product_brand","embeddable":true,"href":"https:\/\/fit360.ee\/en\/wp-json\/wp\/v2\/product_brand?post=41108"},{"taxonomy":"product_cat","embeddable":true,"href":"https:\/\/fit360.ee\/en\/wp-json\/wp\/v2\/product_cat?post=41108"},{"taxonomy":"product_tag","embeddable":true,"href":"https:\/\/fit360.ee\/en\/wp-json\/wp\/v2\/product_tag?post=41108"},{"taxonomy":"giftcard-category","embeddable":true,"href":"https:\/\/fit360.ee\/en\/wp-json\/wp\/v2\/giftcard-category?post=41108"}],"curies":[{"name":"wp","href":"https:\/\/api.w.org\/{rel}","templated":true}]}}