{"id":41148,"date":"2020-12-31T13:57:03","date_gmt":"2020-12-31T11:57:03","guid":{"rendered":"https:\/\/fit360.ee\/?post_type=product&#038;p=41148"},"modified":"2022-09-17T03:56:24","modified_gmt":"2022-09-17T01:56:24","slug":"chromium-picolinate-kroom-100caps","status":"publish","type":"product","link":"https:\/\/fit360.ee\/en\/pood\/product-groups\/vitamins-and-minerals-en\/chromium-en\/chromium-picolinate-kroom-100caps\/","title":{"rendered":"Swanson Chromium Picolinate &#8211; Kroom (100caps)"},"content":{"rendered":"<h1>Kroom &#8211; t\u00f5hus abiline Teie organismile<\/h1>\n<p>Swanson Kroom (Chromium Picolinate) -See mineraal t\u00e4idab mitmeid olulisi funktsioone kehas. Kroomi peamine \u00fclesanne on h\u00f5lbustada gl\u00fckoosi imendumist vererakkudesse ja suhelda insuliiniga. See v\u00f5ib takistada II t\u00fc\u00fcbi diabeedi arengut. Kroom avaldab m\u00f5ju ainevahetusele ja selle elemendi puudus v\u00e4hendab maksas vabade rasvhapete kasutamist. Stabiilne veresuhkru tase t\u00e4hendab, et meil pole j\u00e4rsku n\u00e4ljastreikuid ja harva j\u00f5uab maiustuste k\u00e4tte. Lisaks aitab Chromium aeglustada ainevahetust ja aitab kaotada rasva.<\/p>\n<p><strong>Kasutamine<\/strong>: 1 kapsel p\u00e4evas peale toidukorda.<\/p>\n<p><strong>Suurus<\/strong>: 100 kapslit<\/p>\n<table>\n<tbody>\n<tr>\n<td width=\"213\"><strong>Aktiivsed toimeained<\/strong><\/td>\n<td width=\"213\"><strong>1 serveering ( 1 kapsel)<\/strong><\/td>\n<td width=\"213\"><strong>SPK%*<\/strong><\/td>\n<\/tr>\n<tr>\n<td width=\"213\">Kroom (<em>Chromium Picolinate<\/em>)<\/td>\n<td width=\"213\">200 \u03bcg<\/td>\n<td width=\"213\">571%<\/td>\n<\/tr>\n<\/tbody>\n<\/table>\n<p>*SPK \u2013 Soovitatud p\u00e4evane kogus<\/p>\n","protected":false},"excerpt":{"rendered":"<h2><strong>Kroom (Chromium) positiivsed m\u00f5jud<\/strong>:<\/h2>\n<ul>\n<li>aitab s\u00e4ilitada makrotoitainete \u00f5iget metabolismi<\/li>\n<li>aitab s\u00e4ilitada normaalset vere gl\u00fckoosisisaldust<\/li>\n<li>aitab v\u00e4hendada s\u00f6\u00f6giisu<\/li>\n<li>aitab kiirendada ainevahetust ja soodustab rasvap\u00f5letust<\/li>\n<\/ul>\n","protected":false},"featured_media":41152,"comment_status":"open","ping_status":"closed","template":"","meta":[],"product_brand":[],"product_cat":[2287,530,2408,1651,536],"product_tag":[2053,2554,2054,1848],"giftcard-category":[],"class_list":{"0":"post-41148","1":"product","2":"type-product","3":"status-publish","4":"has-post-thumbnail","6":"product_cat-chromium-en","7":"product_cat-fat-burners-en","8":"product_cat-stimulant-free-fat-burners-en","9":"product_cat-swanson-en","10":"product_cat-vitamins-and-minerals-en","11":"product_tag-chromium-en","12":"product_tag-chromium-picolinate-en","13":"product_tag-kroom-en","14":"product_tag-swanson-en","15":"pa_toidulisand-branddd-swanson","16":"pa_tootegruppp-kroom-en","17":"pa_tootegruppp-stimulandivaba-en","18":"pa_tootegruppp-vitamins-and-minerals","19":"pa_tootegruppp-weight-loss","21":"first","22":"instock","23":"sale","24":"taxable","25":"shipping-taxable","26":"purchasable","27":"product-type-simple"},"yoast_head":"<!-- This site is optimized with the Yoast SEO plugin v27.3 - https:\/\/yoast.com\/product\/yoast-seo-wordpress\/ -->\n<title>Chromium Picolinate (100caps)- Chrome - Chrome tablets - Fat burn -<\/title>\n<meta name=\"description\" content=\"Chromium Picolinate kapslid aitavad: s\u00f6\u00f6giisu v\u00e4hendada, toitainete \u00f5iget metabolismi s\u00e4ilitada, soodustavad rasvap\u00f5letust jpm. Kiire tarne\" \/>\n<meta name=\"robots\" content=\"index, follow, max-snippet:-1, max-image-preview:large, max-video-preview:-1\" \/>\n<link rel=\"canonical\" href=\"https:\/\/fit360.ee\/en\/pood\/product-groups\/vitamins-and-minerals-en\/chromium-en\/chromium-picolinate-kroom-100caps\/\" \/>\n<meta property=\"og:locale\" content=\"en_US\" \/>\n<meta property=\"og:type\" content=\"article\" \/>\n<meta property=\"og:title\" content=\"Chromium Picolinate (100caps)- Chrome - Chrome tablets - Fat burn -\" \/>\n<meta property=\"og:description\" content=\"Chromium Picolinate kapslid aitavad: s\u00f6\u00f6giisu v\u00e4hendada, toitainete \u00f5iget metabolismi s\u00e4ilitada, soodustavad rasvap\u00f5letust jpm. Kiire tarne\" \/>\n<meta property=\"og:url\" content=\"https:\/\/fit360.ee\/en\/pood\/product-groups\/vitamins-and-minerals-en\/chromium-en\/chromium-picolinate-kroom-100caps\/\" \/>\n<meta property=\"og:site_name\" content=\"Fit360\" \/>\n<meta property=\"article:modified_time\" content=\"2022-09-17T01:56:24+00:00\" \/>\n<meta property=\"og:image\" content=\"https:\/\/fit360.ee\/wp-content\/uploads\/2020\/12\/Swanson-Chromium-Picolinate-Kroom-fit360.ee_.jpg\" \/>\n\t<meta property=\"og:image:width\" content=\"500\" \/>\n\t<meta property=\"og:image:height\" content=\"500\" \/>\n\t<meta property=\"og:image:type\" content=\"image\/jpeg\" \/>\n<meta name=\"twitter:card\" content=\"summary_large_image\" \/>\n<meta name=\"twitter:label1\" content=\"Est. reading time\" \/>\n\t<meta name=\"twitter:data1\" content=\"1 minute\" \/>\n<script type=\"application\/ld+json\" class=\"yoast-schema-graph\">{\"@context\":\"https:\\\/\\\/schema.org\",\"@graph\":[{\"@type\":\"WebPage\",\"@id\":\"https:\\\/\\\/fit360.ee\\\/en\\\/pood\\\/product-groups\\\/vitamins-and-minerals-en\\\/chromium-en\\\/chromium-picolinate-kroom-100caps\\\/\",\"url\":\"https:\\\/\\\/fit360.ee\\\/en\\\/pood\\\/product-groups\\\/vitamins-and-minerals-en\\\/chromium-en\\\/chromium-picolinate-kroom-100caps\\\/\",\"name\":\"Chromium Picolinate (100caps)- Chrome - Chrome tablets - Fat burn -\",\"isPartOf\":{\"@id\":\"https:\\\/\\\/fit360.ee\\\/en\\\/#website\"},\"primaryImageOfPage\":{\"@id\":\"https:\\\/\\\/fit360.ee\\\/en\\\/pood\\\/product-groups\\\/vitamins-and-minerals-en\\\/chromium-en\\\/chromium-picolinate-kroom-100caps\\\/#primaryimage\"},\"image\":{\"@id\":\"https:\\\/\\\/fit360.ee\\\/en\\\/pood\\\/product-groups\\\/vitamins-and-minerals-en\\\/chromium-en\\\/chromium-picolinate-kroom-100caps\\\/#primaryimage\"},\"thumbnailUrl\":\"https:\\\/\\\/fit360.ee\\\/wp-content\\\/uploads\\\/2020\\\/12\\\/Swanson-Chromium-Picolinate-Kroom-fit360.ee_.jpg\",\"datePublished\":\"2020-12-31T11:57:03+00:00\",\"dateModified\":\"2022-09-17T01:56:24+00:00\",\"description\":\"Chromium Picolinate kapslid aitavad: s\u00f6\u00f6giisu v\u00e4hendada, toitainete \u00f5iget metabolismi s\u00e4ilitada, soodustavad rasvap\u00f5letust jpm. Kiire tarne\",\"breadcrumb\":{\"@id\":\"https:\\\/\\\/fit360.ee\\\/en\\\/pood\\\/product-groups\\\/vitamins-and-minerals-en\\\/chromium-en\\\/chromium-picolinate-kroom-100caps\\\/#breadcrumb\"},\"inLanguage\":\"en-US\",\"potentialAction\":[{\"@type\":\"ReadAction\",\"target\":[\"https:\\\/\\\/fit360.ee\\\/en\\\/pood\\\/product-groups\\\/vitamins-and-minerals-en\\\/chromium-en\\\/chromium-picolinate-kroom-100caps\\\/\"]}]},{\"@type\":\"ImageObject\",\"inLanguage\":\"en-US\",\"@id\":\"https:\\\/\\\/fit360.ee\\\/en\\\/pood\\\/product-groups\\\/vitamins-and-minerals-en\\\/chromium-en\\\/chromium-picolinate-kroom-100caps\\\/#primaryimage\",\"url\":\"https:\\\/\\\/fit360.ee\\\/wp-content\\\/uploads\\\/2020\\\/12\\\/Swanson-Chromium-Picolinate-Kroom-fit360.ee_.jpg\",\"contentUrl\":\"https:\\\/\\\/fit360.ee\\\/wp-content\\\/uploads\\\/2020\\\/12\\\/Swanson-Chromium-Picolinate-Kroom-fit360.ee_.jpg\",\"width\":500,\"height\":500,\"caption\":\"Swanson Chromium Picolinate Kroom - fit360.ee\"},{\"@type\":\"BreadcrumbList\",\"@id\":\"https:\\\/\\\/fit360.ee\\\/en\\\/pood\\\/product-groups\\\/vitamins-and-minerals-en\\\/chromium-en\\\/chromium-picolinate-kroom-100caps\\\/#breadcrumb\",\"itemListElement\":[{\"@type\":\"ListItem\",\"position\":1,\"name\":\"Home\",\"item\":\"https:\\\/\\\/fit360.ee\\\/en\\\/\"},{\"@type\":\"ListItem\",\"position\":2,\"name\":\"Shop\",\"item\":\"https:\\\/\\\/fit360.ee\\\/en\\\/shop\\\/\"},{\"@type\":\"ListItem\",\"position\":3,\"name\":\"Swanson Chromium Picolinate &#8211; Kroom (100caps)\"}]},{\"@type\":\"WebSite\",\"@id\":\"https:\\\/\\\/fit360.ee\\\/en\\\/#website\",\"url\":\"https:\\\/\\\/fit360.ee\\\/en\\\/\",\"name\":\"Fit360\",\"description\":\"\",\"publisher\":{\"@id\":\"https:\\\/\\\/fit360.ee\\\/en\\\/#organization\"},\"potentialAction\":[{\"@type\":\"SearchAction\",\"target\":{\"@type\":\"EntryPoint\",\"urlTemplate\":\"https:\\\/\\\/fit360.ee\\\/en\\\/?s={search_term_string}\"},\"query-input\":{\"@type\":\"PropertyValueSpecification\",\"valueRequired\":true,\"valueName\":\"search_term_string\"}}],\"inLanguage\":\"en-US\"},{\"@type\":\"Organization\",\"@id\":\"https:\\\/\\\/fit360.ee\\\/en\\\/#organization\",\"name\":\"Fit360\",\"url\":\"https:\\\/\\\/fit360.ee\\\/en\\\/\",\"logo\":{\"@type\":\"ImageObject\",\"inLanguage\":\"en-US\",\"@id\":\"https:\\\/\\\/fit360.ee\\\/en\\\/#\\\/schema\\\/logo\\\/image\\\/\",\"url\":\"https:\\\/\\\/fit360.ee\\\/wp-content\\\/uploads\\\/2017\\\/01\\\/logo-fit360.png\",\"contentUrl\":\"https:\\\/\\\/fit360.ee\\\/wp-content\\\/uploads\\\/2017\\\/01\\\/logo-fit360.png\",\"width\":180,\"height\":66,\"caption\":\"Fit360\"},\"image\":{\"@id\":\"https:\\\/\\\/fit360.ee\\\/en\\\/#\\\/schema\\\/logo\\\/image\\\/\"}}]}<\/script>\n<!-- \/ Yoast SEO plugin. -->","yoast_head_json":{"title":"Chromium Picolinate (100caps)- Chrome - Chrome tablets - Fat burn -","description":"Chromium Picolinate kapslid aitavad: s\u00f6\u00f6giisu v\u00e4hendada, toitainete \u00f5iget metabolismi s\u00e4ilitada, soodustavad rasvap\u00f5letust jpm. Kiire tarne","robots":{"index":"index","follow":"follow","max-snippet":"max-snippet:-1","max-image-preview":"max-image-preview:large","max-video-preview":"max-video-preview:-1"},"canonical":"https:\/\/fit360.ee\/en\/pood\/product-groups\/vitamins-and-minerals-en\/chromium-en\/chromium-picolinate-kroom-100caps\/","og_locale":"en_US","og_type":"article","og_title":"Chromium Picolinate (100caps)- Chrome - Chrome tablets - Fat burn -","og_description":"Chromium Picolinate kapslid aitavad: s\u00f6\u00f6giisu v\u00e4hendada, toitainete \u00f5iget metabolismi s\u00e4ilitada, soodustavad rasvap\u00f5letust jpm. Kiire tarne","og_url":"https:\/\/fit360.ee\/en\/pood\/product-groups\/vitamins-and-minerals-en\/chromium-en\/chromium-picolinate-kroom-100caps\/","og_site_name":"Fit360","article_modified_time":"2022-09-17T01:56:24+00:00","og_image":[{"width":500,"height":500,"url":"https:\/\/fit360.ee\/wp-content\/uploads\/2020\/12\/Swanson-Chromium-Picolinate-Kroom-fit360.ee_.jpg","type":"image\/jpeg"}],"twitter_card":"summary_large_image","twitter_misc":{"Est. reading time":"1 minute"},"schema":{"@context":"https:\/\/schema.org","@graph":[{"@type":"WebPage","@id":"https:\/\/fit360.ee\/en\/pood\/product-groups\/vitamins-and-minerals-en\/chromium-en\/chromium-picolinate-kroom-100caps\/","url":"https:\/\/fit360.ee\/en\/pood\/product-groups\/vitamins-and-minerals-en\/chromium-en\/chromium-picolinate-kroom-100caps\/","name":"Chromium Picolinate (100caps)- Chrome - Chrome tablets - Fat burn -","isPartOf":{"@id":"https:\/\/fit360.ee\/en\/#website"},"primaryImageOfPage":{"@id":"https:\/\/fit360.ee\/en\/pood\/product-groups\/vitamins-and-minerals-en\/chromium-en\/chromium-picolinate-kroom-100caps\/#primaryimage"},"image":{"@id":"https:\/\/fit360.ee\/en\/pood\/product-groups\/vitamins-and-minerals-en\/chromium-en\/chromium-picolinate-kroom-100caps\/#primaryimage"},"thumbnailUrl":"https:\/\/fit360.ee\/wp-content\/uploads\/2020\/12\/Swanson-Chromium-Picolinate-Kroom-fit360.ee_.jpg","datePublished":"2020-12-31T11:57:03+00:00","dateModified":"2022-09-17T01:56:24+00:00","description":"Chromium Picolinate kapslid aitavad: s\u00f6\u00f6giisu v\u00e4hendada, toitainete \u00f5iget metabolismi s\u00e4ilitada, soodustavad rasvap\u00f5letust jpm. Kiire tarne","breadcrumb":{"@id":"https:\/\/fit360.ee\/en\/pood\/product-groups\/vitamins-and-minerals-en\/chromium-en\/chromium-picolinate-kroom-100caps\/#breadcrumb"},"inLanguage":"en-US","potentialAction":[{"@type":"ReadAction","target":["https:\/\/fit360.ee\/en\/pood\/product-groups\/vitamins-and-minerals-en\/chromium-en\/chromium-picolinate-kroom-100caps\/"]}]},{"@type":"ImageObject","inLanguage":"en-US","@id":"https:\/\/fit360.ee\/en\/pood\/product-groups\/vitamins-and-minerals-en\/chromium-en\/chromium-picolinate-kroom-100caps\/#primaryimage","url":"https:\/\/fit360.ee\/wp-content\/uploads\/2020\/12\/Swanson-Chromium-Picolinate-Kroom-fit360.ee_.jpg","contentUrl":"https:\/\/fit360.ee\/wp-content\/uploads\/2020\/12\/Swanson-Chromium-Picolinate-Kroom-fit360.ee_.jpg","width":500,"height":500,"caption":"Swanson Chromium Picolinate Kroom - fit360.ee"},{"@type":"BreadcrumbList","@id":"https:\/\/fit360.ee\/en\/pood\/product-groups\/vitamins-and-minerals-en\/chromium-en\/chromium-picolinate-kroom-100caps\/#breadcrumb","itemListElement":[{"@type":"ListItem","position":1,"name":"Home","item":"https:\/\/fit360.ee\/en\/"},{"@type":"ListItem","position":2,"name":"Shop","item":"https:\/\/fit360.ee\/en\/shop\/"},{"@type":"ListItem","position":3,"name":"Swanson Chromium Picolinate &#8211; Kroom (100caps)"}]},{"@type":"WebSite","@id":"https:\/\/fit360.ee\/en\/#website","url":"https:\/\/fit360.ee\/en\/","name":"Fit360","description":"","publisher":{"@id":"https:\/\/fit360.ee\/en\/#organization"},"potentialAction":[{"@type":"SearchAction","target":{"@type":"EntryPoint","urlTemplate":"https:\/\/fit360.ee\/en\/?s={search_term_string}"},"query-input":{"@type":"PropertyValueSpecification","valueRequired":true,"valueName":"search_term_string"}}],"inLanguage":"en-US"},{"@type":"Organization","@id":"https:\/\/fit360.ee\/en\/#organization","name":"Fit360","url":"https:\/\/fit360.ee\/en\/","logo":{"@type":"ImageObject","inLanguage":"en-US","@id":"https:\/\/fit360.ee\/en\/#\/schema\/logo\/image\/","url":"https:\/\/fit360.ee\/wp-content\/uploads\/2017\/01\/logo-fit360.png","contentUrl":"https:\/\/fit360.ee\/wp-content\/uploads\/2017\/01\/logo-fit360.png","width":180,"height":66,"caption":"Fit360"},"image":{"@id":"https:\/\/fit360.ee\/en\/#\/schema\/logo\/image\/"}}]}},"_links":{"self":[{"href":"https:\/\/fit360.ee\/en\/wp-json\/wp\/v2\/product\/41148","targetHints":{"allow":["GET"]}}],"collection":[{"href":"https:\/\/fit360.ee\/en\/wp-json\/wp\/v2\/product"}],"about":[{"href":"https:\/\/fit360.ee\/en\/wp-json\/wp\/v2\/types\/product"}],"replies":[{"embeddable":true,"href":"https:\/\/fit360.ee\/en\/wp-json\/wp\/v2\/comments?post=41148"}],"wp:featuredmedia":[{"embeddable":true,"href":"https:\/\/fit360.ee\/en\/wp-json\/wp\/v2\/media\/41152"}],"wp:attachment":[{"href":"https:\/\/fit360.ee\/en\/wp-json\/wp\/v2\/media?parent=41148"}],"wp:term":[{"taxonomy":"product_brand","embeddable":true,"href":"https:\/\/fit360.ee\/en\/wp-json\/wp\/v2\/product_brand?post=41148"},{"taxonomy":"product_cat","embeddable":true,"href":"https:\/\/fit360.ee\/en\/wp-json\/wp\/v2\/product_cat?post=41148"},{"taxonomy":"product_tag","embeddable":true,"href":"https:\/\/fit360.ee\/en\/wp-json\/wp\/v2\/product_tag?post=41148"},{"taxonomy":"giftcard-category","embeddable":true,"href":"https:\/\/fit360.ee\/en\/wp-json\/wp\/v2\/giftcard-category?post=41148"}],"curies":[{"name":"wp","href":"https:\/\/api.w.org\/{rel}","templated":true}]}}