{"id":41160,"date":"2020-12-31T14:37:33","date_gmt":"2020-12-31T12:37:33","guid":{"rendered":"https:\/\/fit360.ee\/pood\/uncategorized\/swanson-l-ornitiin-500mg-60-vcaps\/"},"modified":"2022-06-16T05:34:13","modified_gmt":"2022-06-16T03:34:13","slug":"swanson-l-ornitiin-500mg-60-vcaps","status":"publish","type":"product","link":"https:\/\/fit360.ee\/en\/pood\/product-groups\/%d0%b2%d0%b5%d0%b3%d0%b0%d0%bd\/vegan-capsules-en\/swanson-l-ornitiin-500mg-60-vcaps\/","title":{"rendered":"Swanson L-Ornitiin 500mg (60 vCaps)"},"content":{"rendered":"<h1>Ornitiin<\/h1>\n<p>L-ornitiin on orgaaniline keemiline \u00fchend (valguvaba aminohape). See on \u00fcks kolmest uurea ts\u00fcklis osalevast aminohappest, mis muudab ornitiinist terve keha toimimise \u00e4\u00e4rmiselt olulise elemendina.<\/p>\n<p><strong>Swanson Ornitiini omadused<\/strong>:<\/p>\n<ul>\n<li>Algatab kehas kasvuhormooni vabanemise, mis soodustab kaalu kaotust ning aitab lihast ehitada.<\/li>\n<li>Toimib meie kehale kahjuliku ammoniaagi peamise saasteainetena.<\/li>\n<li>Aitab maksa hoida t\u00f6\u00f6korras ning kaitseb seda<\/li>\n<li>On tehtud uuringuid ammoniaagi kontsentratsiooni korrelatsiooni kohta veres ja v\u00e4simuse v\u00e4henemise osas.<\/li>\n<\/ul>\n<p>L-ornitiin on toidulisand, mida paljud f\u00fc\u00fcsiliselt aktiivsed inimesed hindavad. Karbamiidi tootmise ajal v\u00e4hendab see t\u00f5husalt toksilise ammoniaagi\u00fchendi taset, mida sageli t\u00e4heldatakse pika ja pingutava f\u00fc\u00fcsilise koormuse ajal.<\/p>\n<p><strong>Teised koostisosad<\/strong>: H\u00fcpromelloos (taimne kapsel), mikrokristalne tselluloos, magneesiumstearaat.<\/p>\n<p><strong>Kasutamine<\/strong>: 1 kapsel 2 korda p\u00e4evas koos veega.<\/p>\n<p><strong>Suurus<\/strong>: 60 vege kapslit<\/p>\n<table>\n<tbody>\n<tr>\n<td width=\"319\"><strong>Aktiivsed toimeained<\/strong><\/td>\n<td width=\"319\"><strong>1 kapsel<\/strong><\/td>\n<\/tr>\n<tr>\n<td width=\"319\">L-Ornitiin (L-ornitiini h\u00fcdrokloriidist)<\/td>\n<td width=\"319\">500mg<\/td>\n<\/tr>\n<\/tbody>\n<\/table>\n","protected":false},"excerpt":{"rendered":"<p><strong>L-Ornitiini omadused<\/strong>:<\/p>\n<ul>\n<li>Algatab kehas kasvuhormooni vabanemise, mis soodustab kaalu kaotust ning aitab lihast ehitada.<\/li>\n<li>Toimib meie kehale kahjuliku ammoniaagi peamise saasteainetena.<\/li>\n<li>Aitab maksa hoida t\u00f6\u00f6korras ning kaitseb seda<\/li>\n<li>On tehtud uuringuid ammoniaagi kontsentratsiooni korrelatsiooni kohta veres ja v\u00e4simuse v\u00e4henemise osas.<\/li>\n<\/ul>\n<p>L-ornitiin on toidulisand, mida paljud f\u00fc\u00fcsiliselt aktiivsed inimesed hindavad. Karbamiidi tootmise ajal v\u00e4hendab see t\u00f5husalt toksilise ammoniaagi\u00fchendi taset, mida sageli t\u00e4heldatakse pika ja pingutava f\u00fc\u00fcsilise koormuse ajal.<\/p>\n","protected":false},"featured_media":41164,"comment_status":"open","ping_status":"closed","template":"","meta":[],"product_brand":[],"product_cat":[520,3030,3195,1651,2664,536,1201],"product_tag":[2558,2559,2560,1848],"giftcard-category":[],"class_list":{"0":"post-41160","1":"product","2":"type-product","3":"status-publish","4":"has-post-thumbnail","6":"product_cat-amino-acids-bcaa","7":"product_cat-best-before-en","8":"product_cat-last-in-stock-en","9":"product_cat-swanson-en","10":"product_cat-vegan-capsules-en","11":"product_cat-vitamins-and-minerals-en","12":"product_cat-1201","13":"product_tag-l-ornithine-en","14":"product_tag-l-ornitiin-en","15":"product_tag-ornitiin-en","16":"product_tag-swanson-en","17":"pa_kogus-60-vcaps-en","18":"pa_toidulisand-branddd-swanson","19":"pa_tootegruppp-amino-acidsbcaa","20":"pa_tootegruppp-lopumuuk-en","21":"pa_tootegruppp-vcaps-vegan-kapslid-en","22":"pa_tootegruppp-vegan-en","23":"pa_tootegruppp-vitamins-and-minerals","25":"first","26":"outofstock","27":"sale","28":"taxable","29":"shipping-taxable","30":"purchasable","31":"product-type-simple"},"yoast_head":"<!-- This site is optimized with the Yoast SEO plugin v27.5 - https:\/\/yoast.com\/product\/yoast-seo-wordpress\/ -->\n<title>L-Ornithine (60 vCaps) - Ornithine - Amino Acids - Fast Delivery - Fit360<\/title>\n<meta name=\"description\" content=\"L-Ornitiin algatab kehas kasvuhormooni vabanemise, mis soodustab kaalu kaotust ning aitab lihast ehitada.Lisaks aitab maksa hoida t\u00f6\u00f6korras\" \/>\n<meta name=\"robots\" content=\"index, follow, max-snippet:-1, max-image-preview:large, max-video-preview:-1\" \/>\n<link rel=\"canonical\" href=\"https:\/\/fit360.ee\/en\/pood\/product-groups\/\u0432\u0435\u0433\u0430\u043d\/vegan-capsules-en\/swanson-l-ornitiin-500mg-60-vcaps\/\" \/>\n<meta property=\"og:locale\" content=\"en_US\" \/>\n<meta property=\"og:type\" content=\"article\" \/>\n<meta property=\"og:title\" content=\"L-Ornithine (60 vCaps) - Ornithine - Amino Acids - Fast Delivery - Fit360\" \/>\n<meta property=\"og:description\" content=\"L-Ornitiin algatab kehas kasvuhormooni vabanemise, mis soodustab kaalu kaotust ning aitab lihast ehitada.Lisaks aitab maksa hoida t\u00f6\u00f6korras\" \/>\n<meta property=\"og:url\" content=\"https:\/\/fit360.ee\/en\/pood\/product-groups\/\u0432\u0435\u0433\u0430\u043d\/vegan-capsules-en\/swanson-l-ornitiin-500mg-60-vcaps\/\" \/>\n<meta property=\"og:site_name\" content=\"Fit360\" \/>\n<meta property=\"article:modified_time\" content=\"2022-06-16T03:34:13+00:00\" \/>\n<meta property=\"og:image\" content=\"https:\/\/fit360.ee\/wp-content\/uploads\/2020\/12\/L-Ornitiin-Ornitiin-Swanson-fit360.ee_-1.jpg\" \/>\n\t<meta property=\"og:image:width\" content=\"650\" \/>\n\t<meta property=\"og:image:height\" content=\"650\" \/>\n\t<meta property=\"og:image:type\" content=\"image\/jpeg\" \/>\n<meta name=\"twitter:card\" content=\"summary_large_image\" \/>\n<meta name=\"twitter:label1\" content=\"Est. reading time\" \/>\n\t<meta name=\"twitter:data1\" content=\"1 minute\" \/>\n<script type=\"application\/ld+json\" class=\"yoast-schema-graph\">{\"@context\":\"https:\\\/\\\/schema.org\",\"@graph\":[{\"@type\":\"WebPage\",\"@id\":\"https:\\\/\\\/fit360.ee\\\/en\\\/pood\\\/product-groups\\\/%d0%b2%d0%b5%d0%b3%d0%b0%d0%bd\\\/vegan-capsules-en\\\/swanson-l-ornitiin-500mg-60-vcaps\\\/\",\"url\":\"https:\\\/\\\/fit360.ee\\\/en\\\/pood\\\/product-groups\\\/%d0%b2%d0%b5%d0%b3%d0%b0%d0%bd\\\/vegan-capsules-en\\\/swanson-l-ornitiin-500mg-60-vcaps\\\/\",\"name\":\"L-Ornithine (60 vCaps) - Ornithine - Amino Acids - Fast Delivery - Fit360\",\"isPartOf\":{\"@id\":\"https:\\\/\\\/fit360.ee\\\/en\\\/#website\"},\"primaryImageOfPage\":{\"@id\":\"https:\\\/\\\/fit360.ee\\\/en\\\/pood\\\/product-groups\\\/%d0%b2%d0%b5%d0%b3%d0%b0%d0%bd\\\/vegan-capsules-en\\\/swanson-l-ornitiin-500mg-60-vcaps\\\/#primaryimage\"},\"image\":{\"@id\":\"https:\\\/\\\/fit360.ee\\\/en\\\/pood\\\/product-groups\\\/%d0%b2%d0%b5%d0%b3%d0%b0%d0%bd\\\/vegan-capsules-en\\\/swanson-l-ornitiin-500mg-60-vcaps\\\/#primaryimage\"},\"thumbnailUrl\":\"https:\\\/\\\/fit360.ee\\\/wp-content\\\/uploads\\\/2020\\\/12\\\/L-Ornitiin-Ornitiin-Swanson-fit360.ee_-1.jpg\",\"datePublished\":\"2020-12-31T12:37:33+00:00\",\"dateModified\":\"2022-06-16T03:34:13+00:00\",\"description\":\"L-Ornitiin algatab kehas kasvuhormooni vabanemise, mis soodustab kaalu kaotust ning aitab lihast ehitada.Lisaks aitab maksa hoida t\u00f6\u00f6korras\",\"breadcrumb\":{\"@id\":\"https:\\\/\\\/fit360.ee\\\/en\\\/pood\\\/product-groups\\\/%d0%b2%d0%b5%d0%b3%d0%b0%d0%bd\\\/vegan-capsules-en\\\/swanson-l-ornitiin-500mg-60-vcaps\\\/#breadcrumb\"},\"inLanguage\":\"en-US\",\"potentialAction\":[{\"@type\":\"ReadAction\",\"target\":[\"https:\\\/\\\/fit360.ee\\\/en\\\/pood\\\/product-groups\\\/%d0%b2%d0%b5%d0%b3%d0%b0%d0%bd\\\/vegan-capsules-en\\\/swanson-l-ornitiin-500mg-60-vcaps\\\/\"]}]},{\"@type\":\"ImageObject\",\"inLanguage\":\"en-US\",\"@id\":\"https:\\\/\\\/fit360.ee\\\/en\\\/pood\\\/product-groups\\\/%d0%b2%d0%b5%d0%b3%d0%b0%d0%bd\\\/vegan-capsules-en\\\/swanson-l-ornitiin-500mg-60-vcaps\\\/#primaryimage\",\"url\":\"https:\\\/\\\/fit360.ee\\\/wp-content\\\/uploads\\\/2020\\\/12\\\/L-Ornitiin-Ornitiin-Swanson-fit360.ee_-1.jpg\",\"contentUrl\":\"https:\\\/\\\/fit360.ee\\\/wp-content\\\/uploads\\\/2020\\\/12\\\/L-Ornitiin-Ornitiin-Swanson-fit360.ee_-1.jpg\",\"width\":650,\"height\":650,\"caption\":\"L-Ornitiin Ornitiin Swanson - fit360.ee\"},{\"@type\":\"BreadcrumbList\",\"@id\":\"https:\\\/\\\/fit360.ee\\\/en\\\/pood\\\/product-groups\\\/%d0%b2%d0%b5%d0%b3%d0%b0%d0%bd\\\/vegan-capsules-en\\\/swanson-l-ornitiin-500mg-60-vcaps\\\/#breadcrumb\",\"itemListElement\":[{\"@type\":\"ListItem\",\"position\":1,\"name\":\"Home\",\"item\":\"https:\\\/\\\/fit360.ee\\\/en\\\/\"},{\"@type\":\"ListItem\",\"position\":2,\"name\":\"Shop\",\"item\":\"https:\\\/\\\/fit360.ee\\\/en\\\/shop\\\/\"},{\"@type\":\"ListItem\",\"position\":3,\"name\":\"Swanson L-Ornitiin 500mg (60 vCaps)\"}]},{\"@type\":\"WebSite\",\"@id\":\"https:\\\/\\\/fit360.ee\\\/en\\\/#website\",\"url\":\"https:\\\/\\\/fit360.ee\\\/en\\\/\",\"name\":\"Fit360\",\"description\":\"\",\"publisher\":{\"@id\":\"https:\\\/\\\/fit360.ee\\\/en\\\/#organization\"},\"potentialAction\":[{\"@type\":\"SearchAction\",\"target\":{\"@type\":\"EntryPoint\",\"urlTemplate\":\"https:\\\/\\\/fit360.ee\\\/en\\\/?s={search_term_string}\"},\"query-input\":{\"@type\":\"PropertyValueSpecification\",\"valueRequired\":true,\"valueName\":\"search_term_string\"}}],\"inLanguage\":\"en-US\"},{\"@type\":\"Organization\",\"@id\":\"https:\\\/\\\/fit360.ee\\\/en\\\/#organization\",\"name\":\"Fit360\",\"url\":\"https:\\\/\\\/fit360.ee\\\/en\\\/\",\"logo\":{\"@type\":\"ImageObject\",\"inLanguage\":\"en-US\",\"@id\":\"https:\\\/\\\/fit360.ee\\\/en\\\/#\\\/schema\\\/logo\\\/image\\\/\",\"url\":\"https:\\\/\\\/fit360.ee\\\/wp-content\\\/uploads\\\/2017\\\/01\\\/logo-fit360.png\",\"contentUrl\":\"https:\\\/\\\/fit360.ee\\\/wp-content\\\/uploads\\\/2017\\\/01\\\/logo-fit360.png\",\"width\":180,\"height\":66,\"caption\":\"Fit360\"},\"image\":{\"@id\":\"https:\\\/\\\/fit360.ee\\\/en\\\/#\\\/schema\\\/logo\\\/image\\\/\"}}]}<\/script>\n<!-- \/ Yoast SEO plugin. -->","yoast_head_json":{"title":"L-Ornithine (60 vCaps) - Ornithine - Amino Acids - Fast Delivery - Fit360","description":"L-Ornitiin algatab kehas kasvuhormooni vabanemise, mis soodustab kaalu kaotust ning aitab lihast ehitada.Lisaks aitab maksa hoida t\u00f6\u00f6korras","robots":{"index":"index","follow":"follow","max-snippet":"max-snippet:-1","max-image-preview":"max-image-preview:large","max-video-preview":"max-video-preview:-1"},"canonical":"https:\/\/fit360.ee\/en\/pood\/product-groups\/\u0432\u0435\u0433\u0430\u043d\/vegan-capsules-en\/swanson-l-ornitiin-500mg-60-vcaps\/","og_locale":"en_US","og_type":"article","og_title":"L-Ornithine (60 vCaps) - Ornithine - Amino Acids - Fast Delivery - Fit360","og_description":"L-Ornitiin algatab kehas kasvuhormooni vabanemise, mis soodustab kaalu kaotust ning aitab lihast ehitada.Lisaks aitab maksa hoida t\u00f6\u00f6korras","og_url":"https:\/\/fit360.ee\/en\/pood\/product-groups\/\u0432\u0435\u0433\u0430\u043d\/vegan-capsules-en\/swanson-l-ornitiin-500mg-60-vcaps\/","og_site_name":"Fit360","article_modified_time":"2022-06-16T03:34:13+00:00","og_image":[{"width":650,"height":650,"url":"https:\/\/fit360.ee\/wp-content\/uploads\/2020\/12\/L-Ornitiin-Ornitiin-Swanson-fit360.ee_-1.jpg","type":"image\/jpeg"}],"twitter_card":"summary_large_image","twitter_misc":{"Est. reading time":"1 minute"},"schema":{"@context":"https:\/\/schema.org","@graph":[{"@type":"WebPage","@id":"https:\/\/fit360.ee\/en\/pood\/product-groups\/%d0%b2%d0%b5%d0%b3%d0%b0%d0%bd\/vegan-capsules-en\/swanson-l-ornitiin-500mg-60-vcaps\/","url":"https:\/\/fit360.ee\/en\/pood\/product-groups\/%d0%b2%d0%b5%d0%b3%d0%b0%d0%bd\/vegan-capsules-en\/swanson-l-ornitiin-500mg-60-vcaps\/","name":"L-Ornithine (60 vCaps) - Ornithine - Amino Acids - Fast Delivery - Fit360","isPartOf":{"@id":"https:\/\/fit360.ee\/en\/#website"},"primaryImageOfPage":{"@id":"https:\/\/fit360.ee\/en\/pood\/product-groups\/%d0%b2%d0%b5%d0%b3%d0%b0%d0%bd\/vegan-capsules-en\/swanson-l-ornitiin-500mg-60-vcaps\/#primaryimage"},"image":{"@id":"https:\/\/fit360.ee\/en\/pood\/product-groups\/%d0%b2%d0%b5%d0%b3%d0%b0%d0%bd\/vegan-capsules-en\/swanson-l-ornitiin-500mg-60-vcaps\/#primaryimage"},"thumbnailUrl":"https:\/\/fit360.ee\/wp-content\/uploads\/2020\/12\/L-Ornitiin-Ornitiin-Swanson-fit360.ee_-1.jpg","datePublished":"2020-12-31T12:37:33+00:00","dateModified":"2022-06-16T03:34:13+00:00","description":"L-Ornitiin algatab kehas kasvuhormooni vabanemise, mis soodustab kaalu kaotust ning aitab lihast ehitada.Lisaks aitab maksa hoida t\u00f6\u00f6korras","breadcrumb":{"@id":"https:\/\/fit360.ee\/en\/pood\/product-groups\/%d0%b2%d0%b5%d0%b3%d0%b0%d0%bd\/vegan-capsules-en\/swanson-l-ornitiin-500mg-60-vcaps\/#breadcrumb"},"inLanguage":"en-US","potentialAction":[{"@type":"ReadAction","target":["https:\/\/fit360.ee\/en\/pood\/product-groups\/%d0%b2%d0%b5%d0%b3%d0%b0%d0%bd\/vegan-capsules-en\/swanson-l-ornitiin-500mg-60-vcaps\/"]}]},{"@type":"ImageObject","inLanguage":"en-US","@id":"https:\/\/fit360.ee\/en\/pood\/product-groups\/%d0%b2%d0%b5%d0%b3%d0%b0%d0%bd\/vegan-capsules-en\/swanson-l-ornitiin-500mg-60-vcaps\/#primaryimage","url":"https:\/\/fit360.ee\/wp-content\/uploads\/2020\/12\/L-Ornitiin-Ornitiin-Swanson-fit360.ee_-1.jpg","contentUrl":"https:\/\/fit360.ee\/wp-content\/uploads\/2020\/12\/L-Ornitiin-Ornitiin-Swanson-fit360.ee_-1.jpg","width":650,"height":650,"caption":"L-Ornitiin Ornitiin Swanson - fit360.ee"},{"@type":"BreadcrumbList","@id":"https:\/\/fit360.ee\/en\/pood\/product-groups\/%d0%b2%d0%b5%d0%b3%d0%b0%d0%bd\/vegan-capsules-en\/swanson-l-ornitiin-500mg-60-vcaps\/#breadcrumb","itemListElement":[{"@type":"ListItem","position":1,"name":"Home","item":"https:\/\/fit360.ee\/en\/"},{"@type":"ListItem","position":2,"name":"Shop","item":"https:\/\/fit360.ee\/en\/shop\/"},{"@type":"ListItem","position":3,"name":"Swanson L-Ornitiin 500mg (60 vCaps)"}]},{"@type":"WebSite","@id":"https:\/\/fit360.ee\/en\/#website","url":"https:\/\/fit360.ee\/en\/","name":"Fit360","description":"","publisher":{"@id":"https:\/\/fit360.ee\/en\/#organization"},"potentialAction":[{"@type":"SearchAction","target":{"@type":"EntryPoint","urlTemplate":"https:\/\/fit360.ee\/en\/?s={search_term_string}"},"query-input":{"@type":"PropertyValueSpecification","valueRequired":true,"valueName":"search_term_string"}}],"inLanguage":"en-US"},{"@type":"Organization","@id":"https:\/\/fit360.ee\/en\/#organization","name":"Fit360","url":"https:\/\/fit360.ee\/en\/","logo":{"@type":"ImageObject","inLanguage":"en-US","@id":"https:\/\/fit360.ee\/en\/#\/schema\/logo\/image\/","url":"https:\/\/fit360.ee\/wp-content\/uploads\/2017\/01\/logo-fit360.png","contentUrl":"https:\/\/fit360.ee\/wp-content\/uploads\/2017\/01\/logo-fit360.png","width":180,"height":66,"caption":"Fit360"},"image":{"@id":"https:\/\/fit360.ee\/en\/#\/schema\/logo\/image\/"}}]}},"_links":{"self":[{"href":"https:\/\/fit360.ee\/en\/wp-json\/wp\/v2\/product\/41160","targetHints":{"allow":["GET"]}}],"collection":[{"href":"https:\/\/fit360.ee\/en\/wp-json\/wp\/v2\/product"}],"about":[{"href":"https:\/\/fit360.ee\/en\/wp-json\/wp\/v2\/types\/product"}],"replies":[{"embeddable":true,"href":"https:\/\/fit360.ee\/en\/wp-json\/wp\/v2\/comments?post=41160"}],"wp:featuredmedia":[{"embeddable":true,"href":"https:\/\/fit360.ee\/en\/wp-json\/wp\/v2\/media\/41164"}],"wp:attachment":[{"href":"https:\/\/fit360.ee\/en\/wp-json\/wp\/v2\/media?parent=41160"}],"wp:term":[{"taxonomy":"product_brand","embeddable":true,"href":"https:\/\/fit360.ee\/en\/wp-json\/wp\/v2\/product_brand?post=41160"},{"taxonomy":"product_cat","embeddable":true,"href":"https:\/\/fit360.ee\/en\/wp-json\/wp\/v2\/product_cat?post=41160"},{"taxonomy":"product_tag","embeddable":true,"href":"https:\/\/fit360.ee\/en\/wp-json\/wp\/v2\/product_tag?post=41160"},{"taxonomy":"giftcard-category","embeddable":true,"href":"https:\/\/fit360.ee\/en\/wp-json\/wp\/v2\/giftcard-category?post=41160"}],"curies":[{"name":"wp","href":"https:\/\/api.w.org\/{rel}","templated":true}]}}