{"id":41169,"date":"2020-12-31T17:50:32","date_gmt":"2020-12-31T15:50:32","guid":{"rendered":"https:\/\/fit360.ee\/pood\/uncategorized\/saw-palmetto-evolite-90caps\/"},"modified":"2026-04-11T10:42:26","modified_gmt":"2026-04-11T08:42:26","slug":"saw-palmetto-evolite-90caps","status":"publish","type":"product","link":"https:\/\/fit360.ee\/en\/pood\/product-groups\/testosterone-boosters-en\/saw-palmetto-evolite-90caps\/","title":{"rendered":"Evolite Saw Palmetto (90caps)"},"content":{"rendered":"<h2><strong>SAW PALMETTO &#8211; Serenoapalmi ekstrakt<\/strong><\/h2>\n<p>Saw Palmetto ehk K\u00e4\u00e4buspalm Sabal (<em>Serenoa repens<\/em>) kasvab eelk\u00f5ige USA l\u00f5unarannikutel. Selle vilju on kasutatud iidsetest aegadest p\u00f5ie-, ureetra- ja eesn\u00e4\u00e4rme probleemide korral. T\u00e4nap\u00e4eval on see \u00fcheks populaarsematest taimsetest preparaatidest eesn\u00e4\u00e4rme korrashoiul.<\/p>\n<p>Paljudes Euroopa riikides on serenoapalmi\u00a0 ekstrakt leidnud kasutust eesn\u00e4\u00e4rme normaalse funktsioneerimise toetamisel. Rasvlahustuv (liposterool) serenoapalmi marjade ekstrakt on tuntud looduslik alternatiiv eesn\u00e4\u00e4rme heaolu s\u00e4ilitamisel. Serenoapalmi ekstrakti kasutamine v\u00f5ib aidata kaasa uriinivoo soodustamisele. Naistel on serenoapalmi ekstrakt leidnud kasutust igakuise hormonaalse tasakaalu toetamiseks. Serenoapalmi ekstrakti kapslid sobivad\u00a0 kasutamiseks nii meestel kui naistel.<\/p>\n<h4 class=\"cm__heading\"><strong>Kellele Saw Palmettot soovitatakse?<\/strong><\/h4>\n<p class=\"cm__text\">Saw Palmetto, mida nimetatakse ka k\u00e4\u00e4buspalmiks, on palmitaim.\u00a0Tema looduslik elupaik on P\u00f5hja- ja L\u00f5una-Ameerika, aga ka L\u00e4\u00e4ne-India, kus Saw Palmettot on kasutanud eesn\u00e4\u00e4rme h\u00fcpertroofia, munandite atroofia ja erektsioonih\u00e4iretega\u00a0 mehed alates XIX sajandist.<\/p>\n<p class=\"cm__text\">Palmi viljades sisalduvad trigl\u00fctseriidid ja f\u00fctosterool reguleerivad eesn\u00e4\u00e4rme funktsioone. Lisaks v\u00f5ivad need aidata kaasa vere kolesteroolisisalduse v\u00e4hendamisele. Teaduslikud uuringud n\u00e4itavad, et palmetto v\u00f5ib toetada juuste kasvu nii naistel kui meestel, kes kannatavad juuste v\u00e4ljalangemise all. Evolite Saw Palmetto ekstrakt on parim valik, kui:<\/p>\n<ul class=\"cm__list\">\n<li>p\u00f5ete eesn\u00e4\u00e4rmehaigusi<\/li>\n<li>on erektsioonih\u00e4ired<\/li>\n<li>teie kolesteroolitase on liiga k\u00f5rge<\/li>\n<li>Teie juuksed langevad v\u00e4lja<\/li>\n<\/ul>\n<p class=\"cm__heading\"><strong>Omadused<\/strong>:<\/p>\n<p class=\"cm__text\">Palmetto viljadel on androgeenivastane toime, st DTH taseme reguleerimine.\u00a0Selle hormooni liiga k\u00f5rge tase v\u00f5ib p\u00f5hjustada eesn\u00e4\u00e4rme h\u00fcpertroofiat ja juuste v\u00e4ljalangemist.\u00a0<strong>M\u00e4rkus:<\/strong>\u00a0preparaati ei tohi kasutada fertiilses eas naised!<\/p>\n<p class=\"cm__text\"><strong>Saw Palmetto Extract omadused<\/strong>:<\/p>\n<ul class=\"cm__list\">\n<li><strong>EESM\u00c4RME TOETUS<\/strong>\u00a0\u2013 Saw palmettot kasutavad mehed, kes kannatavad eesn\u00e4\u00e4rme h\u00fcpertroofia all.\u00a0T\u00e4nu DTH taseme reguleerimisele v\u00f5ib see olla oluline eesn\u00e4\u00e4rmev\u00e4hi ennetamise element.<\/li>\n<li><strong>JUUSTE V\u00c4LJALANGEMISE M\u00d5JU LEEVENDAMINE<\/strong>\u00a0\u2013 Uuringud kinnitavad, et palmetto viljad v\u00f5ivad soodustada juuste taastamist, v\u00e4hendada taanduvat juuksepiiri ja takistada juuste esijoone v\u00e4ljat\u00f5mbumist, mis on \u00fclimalt oluline inimestele, kes v\u00f5itlevad mustri juuste v\u00e4ljalangemisega.<\/li>\n<li><strong>LOODUSLIK KOOSTIS<\/strong> \u2013 Evolite Saw Palmetto Extract on \u00fchest koostisosast koosnev toode, mis p\u00f5hineb looduslikul saepalmi ekstraktil. Toode ei sisalda t\u00e4iteaineid ja s\u00e4ilitusaineid.<\/li>\n<li><strong>KONTSENTREERITUD VALEM<\/strong>\u00a0\u2013 Vaid v\u00e4ikesest kogusest toidulisandist p\u00e4evas piisab, et varustada teid soovitatava igap\u00e4evase portsjoniga palmettot.\u00a0Parimate tulemuste saavutamiseks v\u00f5tke seda s\u00f6\u00f6gi ajal ja jooge vett.<\/li>\n<\/ul>\n<p><strong>Kes v\u00f5iksid tarvitada Serenoapalmi ekstrakti kapsleid:<\/strong><\/p>\n<ul>\n<li>mehed, kes soovivad toetada eesn\u00e4\u00e4rme heaolu;<\/li>\n<li>mehed \u00fcldise heaolu ja tervise s\u00e4ilitamise eesm\u00e4rgil;<\/li>\n<li>naised igakuise hormonaalse tasakaalu toetamiseks.<\/li>\n<\/ul>\n<p><strong>Koostisosad<\/strong>: SawPalmetto puuvilja ekstrakt (<em>Serenoa Repens<\/em>), \u017eelatiin (kapsli \u00fcmbris).<\/p>\n<p><strong>Kasutamine<\/strong>: Tarbi 1 kapsel p\u00e4evas koos veega.<\/p>\n<p><strong>Suurus<\/strong>: 90 kapslit &#8211; 90 serveeringut<\/p>\n<table>\n<tbody>\n<tr>\n<td width=\"319\"><strong>Aktiivsed toimeained<\/strong><\/td>\n<td width=\"319\"><strong>1 kapsel<\/strong><\/td>\n<\/tr>\n<tr>\n<td width=\"319\">Saw Palmetto ekstrakt (<em>Serenoa Repens<\/em>)<\/td>\n<td width=\"319\">450mg<\/td>\n<\/tr>\n<\/tbody>\n<\/table>\n<p>Vaata ka meie Teisi Supertoite <a href=\"https:\/\/fit360.ee\/en\/product-category\/product-groups\/superfoods-health-foods-en\/\"><strong>SIIT<\/strong><\/a> v\u00f5i Testosterooni T\u00f5stjaid <strong><a href=\"https:\/\/fit360.ee\/en\/product-category\/product-groups\/testosterone-boosters-en\/\">SIIT<\/a><\/strong>!<\/p>\n<p>Soovid teha suuremat tellimust? Vaata antud toodet meie HULGI lehelt\u00a0<a href=\"https:\/\/toidulisandidhulgi.ee\/product\/saw-palmetto-evolite-90caps\/\"><strong>SIIT<\/strong><\/a>!<\/p>\n","protected":false},"excerpt":{"rendered":"<ul>\n<li>Eesn\u00e4\u00e4rme toetus<\/li>\n<li>Juuste v\u00e4ljalangemise leevendus<\/li>\n<li>Looduslik koostis<\/li>\n<li>Konsentreeritud valem<\/li>\n<\/ul>\n","protected":false},"featured_media":85392,"comment_status":"open","ping_status":"closed","template":"","meta":[],"product_brand":[],"product_cat":[1618,1454,532,536],"product_tag":[1773,2565,2566,2567,2568],"giftcard-category":[],"class_list":{"0":"post-41169","1":"product","2":"type-product","3":"status-publish","4":"has-post-thumbnail","6":"product_cat-evolite-en","7":"product_cat-superfoods-health-foods-en","8":"product_cat-testosterone-boosters-en","9":"product_cat-vitamins-and-minerals-en","10":"product_tag-evolite-en","11":"product_tag-saw-palmetto-en","12":"product_tag-serenoa-repens-en","13":"product_tag-serenoapalm-en","14":"product_tag-serenoapalmi-ekstrakt-en","15":"pa_toidulisand-branddd-evolite","16":"pa_tootegruppp-supertoit-tervisetoit-en","17":"pa_tootegruppp-testosterone-enhancers","18":"pa_tootegruppp-vitamins-and-minerals","20":"first","21":"instock","22":"sale","23":"taxable","24":"shipping-taxable","25":"purchasable","26":"product-type-simple"},"yoast_head":"<!-- This site is optimized with the Yoast SEO plugin v27.3 - https:\/\/yoast.com\/product\/yoast-seo-wordpress\/ -->\n<title>Evolite Saw Palmetto (90caps) - Serenoapalm - Saw Palmetto kapslid<\/title>\n<meta name=\"description\" content=\"Saw Palmetto ehk K\u00e4\u00e4buspalmi kasutatakse iidsetest aegadest p\u00f5ie-, ureetra- ja eesn\u00e4\u00e4rme probleemide korral. \u00dclikiire kauba tarne.\" \/>\n<meta name=\"robots\" content=\"index, follow, max-snippet:-1, max-image-preview:large, max-video-preview:-1\" \/>\n<link rel=\"canonical\" href=\"https:\/\/fit360.ee\/en\/pood\/product-groups\/testosterone-boosters-en\/saw-palmetto-evolite-90caps\/\" \/>\n<meta property=\"og:locale\" content=\"en_US\" \/>\n<meta property=\"og:type\" content=\"article\" \/>\n<meta property=\"og:title\" content=\"Evolite Saw Palmetto (90caps) - Serenoapalm - Saw Palmetto kapslid\" \/>\n<meta property=\"og:description\" content=\"Saw Palmetto ehk K\u00e4\u00e4buspalmi kasutatakse iidsetest aegadest p\u00f5ie-, ureetra- ja eesn\u00e4\u00e4rme probleemide korral. \u00dclikiire kauba tarne.\" \/>\n<meta property=\"og:url\" content=\"https:\/\/fit360.ee\/en\/pood\/product-groups\/testosterone-boosters-en\/saw-palmetto-evolite-90caps\/\" \/>\n<meta property=\"og:site_name\" content=\"Fit360\" \/>\n<meta property=\"article:modified_time\" content=\"2026-04-11T08:42:26+00:00\" \/>\n<meta property=\"og:image\" content=\"https:\/\/fit360.ee\/wp-content\/uploads\/2020\/12\/saw-palmetto-kapslid-fit360.ee_.jpg\" \/>\n\t<meta property=\"og:image:width\" content=\"800\" \/>\n\t<meta property=\"og:image:height\" content=\"800\" \/>\n\t<meta property=\"og:image:type\" content=\"image\/jpeg\" \/>\n<meta name=\"twitter:card\" content=\"summary_large_image\" \/>\n<meta name=\"twitter:label1\" content=\"Est. reading time\" \/>\n\t<meta name=\"twitter:data1\" content=\"2 minutes\" \/>\n<script type=\"application\/ld+json\" class=\"yoast-schema-graph\">{\"@context\":\"https:\\\/\\\/schema.org\",\"@graph\":[{\"@type\":\"WebPage\",\"@id\":\"https:\\\/\\\/fit360.ee\\\/en\\\/pood\\\/product-groups\\\/testosterone-boosters-en\\\/saw-palmetto-evolite-90caps\\\/\",\"url\":\"https:\\\/\\\/fit360.ee\\\/en\\\/pood\\\/product-groups\\\/testosterone-boosters-en\\\/saw-palmetto-evolite-90caps\\\/\",\"name\":\"Evolite Saw Palmetto (90caps) - Serenoapalm - Saw Palmetto kapslid\",\"isPartOf\":{\"@id\":\"https:\\\/\\\/fit360.ee\\\/en\\\/#website\"},\"primaryImageOfPage\":{\"@id\":\"https:\\\/\\\/fit360.ee\\\/en\\\/pood\\\/product-groups\\\/testosterone-boosters-en\\\/saw-palmetto-evolite-90caps\\\/#primaryimage\"},\"image\":{\"@id\":\"https:\\\/\\\/fit360.ee\\\/en\\\/pood\\\/product-groups\\\/testosterone-boosters-en\\\/saw-palmetto-evolite-90caps\\\/#primaryimage\"},\"thumbnailUrl\":\"https:\\\/\\\/fit360.ee\\\/wp-content\\\/uploads\\\/2020\\\/12\\\/saw-palmetto-kapslid-fit360.ee_.jpg\",\"datePublished\":\"2020-12-31T15:50:32+00:00\",\"dateModified\":\"2026-04-11T08:42:26+00:00\",\"description\":\"Saw Palmetto ehk K\u00e4\u00e4buspalmi kasutatakse iidsetest aegadest p\u00f5ie-, ureetra- ja eesn\u00e4\u00e4rme probleemide korral. \u00dclikiire kauba tarne.\",\"breadcrumb\":{\"@id\":\"https:\\\/\\\/fit360.ee\\\/en\\\/pood\\\/product-groups\\\/testosterone-boosters-en\\\/saw-palmetto-evolite-90caps\\\/#breadcrumb\"},\"inLanguage\":\"en-US\",\"potentialAction\":[{\"@type\":\"ReadAction\",\"target\":[\"https:\\\/\\\/fit360.ee\\\/en\\\/pood\\\/product-groups\\\/testosterone-boosters-en\\\/saw-palmetto-evolite-90caps\\\/\"]}]},{\"@type\":\"ImageObject\",\"inLanguage\":\"en-US\",\"@id\":\"https:\\\/\\\/fit360.ee\\\/en\\\/pood\\\/product-groups\\\/testosterone-boosters-en\\\/saw-palmetto-evolite-90caps\\\/#primaryimage\",\"url\":\"https:\\\/\\\/fit360.ee\\\/wp-content\\\/uploads\\\/2020\\\/12\\\/saw-palmetto-kapslid-fit360.ee_.jpg\",\"contentUrl\":\"https:\\\/\\\/fit360.ee\\\/wp-content\\\/uploads\\\/2020\\\/12\\\/saw-palmetto-kapslid-fit360.ee_.jpg\",\"width\":800,\"height\":800,\"caption\":\"saw palmetto kapslid - fit360.ee\"},{\"@type\":\"BreadcrumbList\",\"@id\":\"https:\\\/\\\/fit360.ee\\\/en\\\/pood\\\/product-groups\\\/testosterone-boosters-en\\\/saw-palmetto-evolite-90caps\\\/#breadcrumb\",\"itemListElement\":[{\"@type\":\"ListItem\",\"position\":1,\"name\":\"Home\",\"item\":\"https:\\\/\\\/fit360.ee\\\/en\\\/\"},{\"@type\":\"ListItem\",\"position\":2,\"name\":\"Shop\",\"item\":\"https:\\\/\\\/fit360.ee\\\/en\\\/shop\\\/\"},{\"@type\":\"ListItem\",\"position\":3,\"name\":\"Evolite Saw Palmetto (90caps)\"}]},{\"@type\":\"WebSite\",\"@id\":\"https:\\\/\\\/fit360.ee\\\/en\\\/#website\",\"url\":\"https:\\\/\\\/fit360.ee\\\/en\\\/\",\"name\":\"Fit360\",\"description\":\"\",\"publisher\":{\"@id\":\"https:\\\/\\\/fit360.ee\\\/en\\\/#organization\"},\"potentialAction\":[{\"@type\":\"SearchAction\",\"target\":{\"@type\":\"EntryPoint\",\"urlTemplate\":\"https:\\\/\\\/fit360.ee\\\/en\\\/?s={search_term_string}\"},\"query-input\":{\"@type\":\"PropertyValueSpecification\",\"valueRequired\":true,\"valueName\":\"search_term_string\"}}],\"inLanguage\":\"en-US\"},{\"@type\":\"Organization\",\"@id\":\"https:\\\/\\\/fit360.ee\\\/en\\\/#organization\",\"name\":\"Fit360\",\"url\":\"https:\\\/\\\/fit360.ee\\\/en\\\/\",\"logo\":{\"@type\":\"ImageObject\",\"inLanguage\":\"en-US\",\"@id\":\"https:\\\/\\\/fit360.ee\\\/en\\\/#\\\/schema\\\/logo\\\/image\\\/\",\"url\":\"https:\\\/\\\/fit360.ee\\\/wp-content\\\/uploads\\\/2017\\\/01\\\/logo-fit360.png\",\"contentUrl\":\"https:\\\/\\\/fit360.ee\\\/wp-content\\\/uploads\\\/2017\\\/01\\\/logo-fit360.png\",\"width\":180,\"height\":66,\"caption\":\"Fit360\"},\"image\":{\"@id\":\"https:\\\/\\\/fit360.ee\\\/en\\\/#\\\/schema\\\/logo\\\/image\\\/\"}}]}<\/script>\n<!-- \/ Yoast SEO plugin. -->","yoast_head_json":{"title":"Evolite Saw Palmetto (90caps) - Serenoapalm - Saw Palmetto kapslid","description":"Saw Palmetto ehk K\u00e4\u00e4buspalmi kasutatakse iidsetest aegadest p\u00f5ie-, ureetra- ja eesn\u00e4\u00e4rme probleemide korral. \u00dclikiire kauba tarne.","robots":{"index":"index","follow":"follow","max-snippet":"max-snippet:-1","max-image-preview":"max-image-preview:large","max-video-preview":"max-video-preview:-1"},"canonical":"https:\/\/fit360.ee\/en\/pood\/product-groups\/testosterone-boosters-en\/saw-palmetto-evolite-90caps\/","og_locale":"en_US","og_type":"article","og_title":"Evolite Saw Palmetto (90caps) - Serenoapalm - Saw Palmetto kapslid","og_description":"Saw Palmetto ehk K\u00e4\u00e4buspalmi kasutatakse iidsetest aegadest p\u00f5ie-, ureetra- ja eesn\u00e4\u00e4rme probleemide korral. \u00dclikiire kauba tarne.","og_url":"https:\/\/fit360.ee\/en\/pood\/product-groups\/testosterone-boosters-en\/saw-palmetto-evolite-90caps\/","og_site_name":"Fit360","article_modified_time":"2026-04-11T08:42:26+00:00","og_image":[{"width":800,"height":800,"url":"https:\/\/fit360.ee\/wp-content\/uploads\/2020\/12\/saw-palmetto-kapslid-fit360.ee_.jpg","type":"image\/jpeg"}],"twitter_card":"summary_large_image","twitter_misc":{"Est. reading time":"2 minutes"},"schema":{"@context":"https:\/\/schema.org","@graph":[{"@type":"WebPage","@id":"https:\/\/fit360.ee\/en\/pood\/product-groups\/testosterone-boosters-en\/saw-palmetto-evolite-90caps\/","url":"https:\/\/fit360.ee\/en\/pood\/product-groups\/testosterone-boosters-en\/saw-palmetto-evolite-90caps\/","name":"Evolite Saw Palmetto (90caps) - Serenoapalm - Saw Palmetto kapslid","isPartOf":{"@id":"https:\/\/fit360.ee\/en\/#website"},"primaryImageOfPage":{"@id":"https:\/\/fit360.ee\/en\/pood\/product-groups\/testosterone-boosters-en\/saw-palmetto-evolite-90caps\/#primaryimage"},"image":{"@id":"https:\/\/fit360.ee\/en\/pood\/product-groups\/testosterone-boosters-en\/saw-palmetto-evolite-90caps\/#primaryimage"},"thumbnailUrl":"https:\/\/fit360.ee\/wp-content\/uploads\/2020\/12\/saw-palmetto-kapslid-fit360.ee_.jpg","datePublished":"2020-12-31T15:50:32+00:00","dateModified":"2026-04-11T08:42:26+00:00","description":"Saw Palmetto ehk K\u00e4\u00e4buspalmi kasutatakse iidsetest aegadest p\u00f5ie-, ureetra- ja eesn\u00e4\u00e4rme probleemide korral. \u00dclikiire kauba tarne.","breadcrumb":{"@id":"https:\/\/fit360.ee\/en\/pood\/product-groups\/testosterone-boosters-en\/saw-palmetto-evolite-90caps\/#breadcrumb"},"inLanguage":"en-US","potentialAction":[{"@type":"ReadAction","target":["https:\/\/fit360.ee\/en\/pood\/product-groups\/testosterone-boosters-en\/saw-palmetto-evolite-90caps\/"]}]},{"@type":"ImageObject","inLanguage":"en-US","@id":"https:\/\/fit360.ee\/en\/pood\/product-groups\/testosterone-boosters-en\/saw-palmetto-evolite-90caps\/#primaryimage","url":"https:\/\/fit360.ee\/wp-content\/uploads\/2020\/12\/saw-palmetto-kapslid-fit360.ee_.jpg","contentUrl":"https:\/\/fit360.ee\/wp-content\/uploads\/2020\/12\/saw-palmetto-kapslid-fit360.ee_.jpg","width":800,"height":800,"caption":"saw palmetto kapslid - fit360.ee"},{"@type":"BreadcrumbList","@id":"https:\/\/fit360.ee\/en\/pood\/product-groups\/testosterone-boosters-en\/saw-palmetto-evolite-90caps\/#breadcrumb","itemListElement":[{"@type":"ListItem","position":1,"name":"Home","item":"https:\/\/fit360.ee\/en\/"},{"@type":"ListItem","position":2,"name":"Shop","item":"https:\/\/fit360.ee\/en\/shop\/"},{"@type":"ListItem","position":3,"name":"Evolite Saw Palmetto (90caps)"}]},{"@type":"WebSite","@id":"https:\/\/fit360.ee\/en\/#website","url":"https:\/\/fit360.ee\/en\/","name":"Fit360","description":"","publisher":{"@id":"https:\/\/fit360.ee\/en\/#organization"},"potentialAction":[{"@type":"SearchAction","target":{"@type":"EntryPoint","urlTemplate":"https:\/\/fit360.ee\/en\/?s={search_term_string}"},"query-input":{"@type":"PropertyValueSpecification","valueRequired":true,"valueName":"search_term_string"}}],"inLanguage":"en-US"},{"@type":"Organization","@id":"https:\/\/fit360.ee\/en\/#organization","name":"Fit360","url":"https:\/\/fit360.ee\/en\/","logo":{"@type":"ImageObject","inLanguage":"en-US","@id":"https:\/\/fit360.ee\/en\/#\/schema\/logo\/image\/","url":"https:\/\/fit360.ee\/wp-content\/uploads\/2017\/01\/logo-fit360.png","contentUrl":"https:\/\/fit360.ee\/wp-content\/uploads\/2017\/01\/logo-fit360.png","width":180,"height":66,"caption":"Fit360"},"image":{"@id":"https:\/\/fit360.ee\/en\/#\/schema\/logo\/image\/"}}]}},"_links":{"self":[{"href":"https:\/\/fit360.ee\/en\/wp-json\/wp\/v2\/product\/41169","targetHints":{"allow":["GET"]}}],"collection":[{"href":"https:\/\/fit360.ee\/en\/wp-json\/wp\/v2\/product"}],"about":[{"href":"https:\/\/fit360.ee\/en\/wp-json\/wp\/v2\/types\/product"}],"replies":[{"embeddable":true,"href":"https:\/\/fit360.ee\/en\/wp-json\/wp\/v2\/comments?post=41169"}],"wp:featuredmedia":[{"embeddable":true,"href":"https:\/\/fit360.ee\/en\/wp-json\/wp\/v2\/media\/85392"}],"wp:attachment":[{"href":"https:\/\/fit360.ee\/en\/wp-json\/wp\/v2\/media?parent=41169"}],"wp:term":[{"taxonomy":"product_brand","embeddable":true,"href":"https:\/\/fit360.ee\/en\/wp-json\/wp\/v2\/product_brand?post=41169"},{"taxonomy":"product_cat","embeddable":true,"href":"https:\/\/fit360.ee\/en\/wp-json\/wp\/v2\/product_cat?post=41169"},{"taxonomy":"product_tag","embeddable":true,"href":"https:\/\/fit360.ee\/en\/wp-json\/wp\/v2\/product_tag?post=41169"},{"taxonomy":"giftcard-category","embeddable":true,"href":"https:\/\/fit360.ee\/en\/wp-json\/wp\/v2\/giftcard-category?post=41169"}],"curies":[{"name":"wp","href":"https:\/\/api.w.org\/{rel}","templated":true}]}}