{"id":41182,"date":"2020-12-31T18:21:34","date_gmt":"2020-12-31T16:21:34","guid":{"rendered":"https:\/\/fit360.ee\/?post_type=product&#038;p=41182"},"modified":"2026-04-10T16:26:18","modified_gmt":"2026-04-10T14:26:18","slug":"ostrovit-maca-90tab","status":"publish","type":"product","link":"https:\/\/fit360.ee\/en\/pood\/product-groups\/superfoods-health-foods-en\/maca-en\/ostrovit-maca-90tab\/","title":{"rendered":"Maca (90tab)"},"content":{"rendered":"<h1>Maca<\/h1>\n<p><strong>Ostrovit Maca tabletid<\/strong> &#8211; Maca taime juur on p\u00e4rit Peruu k\u00f5rgetelt m\u00e4gialadelt ja on ajalooliselt olnud t\u00e4htsal kohal iidsete Inkade men\u00fc\u00fcs. Maca juures on palju kasulikke toitaineid nagu Omega3 ja Omega9 rasvhapped, aminohapped, vitamiinid ja mineraalid.<\/p>\n<p><a href=\"https:\/\/iconfit.eu\/wp-content\/uploads\/2019\/05\/maca.jpg\" data-caption=\"\"><img decoding=\"async\" class=\"alignleft size-full wp-image-18303\" src=\"https:\/\/iconfit.eu\/wp-content\/uploads\/2019\/05\/maca.jpg\" sizes=\"(max-width: 700px) 100vw, 700px\" srcset=\"https:\/\/iconfit.eu\/wp-content\/uploads\/2019\/05\/maca-200x67.jpg 200w, https:\/\/iconfit.eu\/wp-content\/uploads\/2019\/05\/maca-300x100.jpg 300w, https:\/\/iconfit.eu\/wp-content\/uploads\/2019\/05\/maca-400x133.jpg 400w, https:\/\/iconfit.eu\/wp-content\/uploads\/2019\/05\/maca-500x166.jpg 500w, https:\/\/iconfit.eu\/wp-content\/uploads\/2019\/05\/maca-600x200.jpg 600w, https:\/\/iconfit.eu\/wp-content\/uploads\/2019\/05\/maca.jpg 700w\" alt=\"\" width=\"100%\" height=\"\" \/><\/a><\/p>\n<table>\n<tbody>\n<tr>\n<td width=\"205\"><strong>Koostisosad<\/strong><\/td>\n<td width=\"205\"><strong>1 tablett<\/strong><\/td>\n<td width=\"205\"><strong>3 tabletti<\/strong><\/td>\n<\/tr>\n<tr>\n<td width=\"205\">Maca<\/td>\n<td width=\"205\">500 mg<\/td>\n<td width=\"205\">1500 mg<\/td>\n<\/tr>\n<\/tbody>\n<\/table>\n<p><strong>Koostisosad: <\/strong>maca juureekstrakt (Lepidium meyenii), t\u00e4iteaine: mikrokristalne tselluloos, kartulit\u00e4rklis, paakumisvastased ained: kaltsiumkarbonaat, magneesiumstearaat, r\u00e4nidioksiid.<\/p>\n<p><strong>Kasutamine: <\/strong>1 tablett 3 korda p\u00e4evas koos einega. \u00e4ra \u00fcleta soovitatud p\u00e4evast kogust (3 tabletti)<\/p>\n<p><strong>Hoiustamine: <\/strong>Hoia eemal otsesest p\u00e4ikesevalgusest, kuivas ja jahedas kohas, Hoia lastele k\u00e4ttesaamatus kohas.<\/p>\n<p><strong>Suurus: <\/strong>90tabletti<\/p>\n<p>Vaata ka teisi Maca tooteid <a href=\"https:\/\/fit360.ee\/en\/product-category\/product-groups\/superfoods-health-foods-en\/maca-en\/\"><strong>SIIT<\/strong><\/a>!<\/p>\n<div class=\"woocommerce-tabs wc-tabs-wrapper container tabbed-content\">\n<div class=\"tab-panels\">\n<div id=\"tab-description\" class=\"woocommerce-Tabs-panel woocommerce-Tabs-panel--description panel entry-content active\" role=\"tabpanel\" aria-labelledby=\"tab-title-description\">\n<p>Soovid kaupa osta suuremas koguses? Vaata antud toodet ka meie HULGI poest\u00a0<a href=\"https:\/\/toidulisandidhulgi.ee\/product\/ostrovit-maca-90tab\/\"><strong>SIIT<\/strong><\/a>!<\/p>\n<\/div>\n<\/div>\n<\/div>\n","protected":false},"excerpt":{"rendered":"<h2><strong>Maca juure kasulikud omadused<\/strong>:<\/h2>\n<ul>\n<li>Maca sisaldab aminohapet nimega t\u00fcrosiin, mis aitab uuendada endokriins\u00fcsteemi nii naistel kui meestel. T\u00fcrosiini s\u00fcnteesitakse fen\u00fc\u00fclalaniinist inimkehas mis toetab ka n\u00e4rvis\u00fcsteemi t\u00f6\u00f6d.<\/li>\n<li>Aitab taastada neerupeliste t\u00f6\u00f6d, olles suureka abiks neerupeliste kurnatuse korral.<\/li>\n<li>T\u00f5stab efektiivselt libiidot ja viljakust nii naistel kui meestel.<\/li>\n<li>Parandab sportlikku v\u00f5imekust ja vastupidavust ning sisaldab taimseid steroole, olles seega asendamatu toitaine sportlaste men\u00fc\u00fcs.<\/li>\n<li>T\u00f5stab vitaalsust ja annab j\u00f5udu ka vanematele inimestele.<\/li>\n<li>Stimuleerib ja reguleerib endokriins\u00fcsteemi<\/li>\n<li>Toetab immuuns\u00fcsteemi.<\/li>\n<li>T\u00f5stab raua taset veres.<\/li>\n<li>Maca annab palju energiat, mis v\u00f5ib tuleneda tema v\u00f5imest t\u00f5sta kasvuhormooni taset seerumis.<\/li>\n<\/ul>\n<p><strong>Maca juurt<\/strong> on kasutatud aastatuhandeid Andide p\u00f5liselanike poolt toidu ja ravimina ning maca on siiani \u00fcks maailma k\u00f5ige v\u00f5imsamad supertoite. Maca on k\u00f5ige k\u00f5rgemal kasvav s\u00f6\u00f6dav taim maakeral. Just oma kasvukoha t\u00f5ttu keerulistes ja rasketes tingimustes k\u00f5rgel Andides on see taim kujunenud vintskeks, vastupidavaks ja h\u00e4sti kohanevaks ja seda mitte vaid elluj\u00e4\u00e4mise tarbeks vaid ka h\u00e4sti ja j\u00f5udsalt kasvamiseks.<\/p>\n<p>&nbsp;<\/p>\n","protected":false},"featured_media":76649,"comment_status":"open","ping_status":"closed","template":"","meta":[],"product_brand":[],"product_cat":[2358,1329,1454,532,536],"product_tag":[2057,2572,1924],"giftcard-category":[],"class_list":{"0":"post-41182","1":"product","2":"type-product","3":"status-publish","4":"has-post-thumbnail","6":"product_cat-maca-en","7":"product_cat-ostrovit-en","8":"product_cat-superfoods-health-foods-en","9":"product_cat-testosterone-boosters-en","10":"product_cat-vitamins-and-minerals-en","11":"product_tag-maca-en","12":"product_tag-maca-tabletid-en","13":"product_tag-ostrovit-en","14":"pa_kogus-90-tablets","15":"pa_toidulisand-branddd-ostrovit","16":"pa_tootegruppp-maca-en","17":"pa_tootegruppp-supertoit-tervisetoit-en","18":"pa_tootegruppp-testosterone-enhancers","19":"pa_tootegruppp-vitamins-and-minerals","21":"first","22":"outofstock","23":"sale","24":"taxable","25":"shipping-taxable","26":"purchasable","27":"product-type-simple"},"yoast_head":"<!-- This site is optimized with the Yoast SEO plugin v27.3 - https:\/\/yoast.com\/product\/yoast-seo-wordpress\/ -->\n<title>Ostrovit Maca tabletid (90tab) - Maca - Maca juur - Kiire tarne - Fit360<\/title>\n<meta name=\"description\" content=\"Ostrovit Maca tabletid - T\u00f5stab vitaalsust ja annab j\u00f5udu ka vanematele inimestele. Samuti toetab immuuns\u00fcsteemi ja t\u00f5stab raua taset veres\" \/>\n<meta name=\"robots\" content=\"index, follow, max-snippet:-1, max-image-preview:large, max-video-preview:-1\" \/>\n<link rel=\"canonical\" href=\"https:\/\/fit360.ee\/en\/pood\/product-groups\/superfoods-health-foods-en\/maca-en\/ostrovit-maca-90tab\/\" \/>\n<meta property=\"og:locale\" content=\"en_US\" \/>\n<meta property=\"og:type\" content=\"article\" \/>\n<meta property=\"og:title\" content=\"Ostrovit Maca tabletid (90tab) - Maca - Maca juur - Kiire tarne - Fit360\" \/>\n<meta property=\"og:description\" content=\"Ostrovit Maca tabletid - T\u00f5stab vitaalsust ja annab j\u00f5udu ka vanematele inimestele. Samuti toetab immuuns\u00fcsteemi ja t\u00f5stab raua taset veres\" \/>\n<meta property=\"og:url\" content=\"https:\/\/fit360.ee\/en\/pood\/product-groups\/superfoods-health-foods-en\/maca-en\/ostrovit-maca-90tab\/\" \/>\n<meta property=\"og:site_name\" content=\"Fit360\" \/>\n<meta property=\"article:modified_time\" content=\"2026-04-10T14:26:18+00:00\" \/>\n<meta property=\"og:image\" content=\"https:\/\/fit360.ee\/wp-content\/uploads\/2020\/12\/ostrovit-maca-tabletid-fit360.ee-1.png\" \/>\n\t<meta property=\"og:image:width\" content=\"450\" \/>\n\t<meta property=\"og:image:height\" content=\"450\" \/>\n\t<meta property=\"og:image:type\" content=\"image\/png\" \/>\n<meta name=\"twitter:card\" content=\"summary_large_image\" \/>\n<meta name=\"twitter:label1\" content=\"Est. reading time\" \/>\n\t<meta name=\"twitter:data1\" content=\"1 minute\" \/>\n<script type=\"application\/ld+json\" class=\"yoast-schema-graph\">{\"@context\":\"https:\\\/\\\/schema.org\",\"@graph\":[{\"@type\":\"WebPage\",\"@id\":\"https:\\\/\\\/fit360.ee\\\/en\\\/pood\\\/product-groups\\\/superfoods-health-foods-en\\\/maca-en\\\/ostrovit-maca-90tab\\\/\",\"url\":\"https:\\\/\\\/fit360.ee\\\/en\\\/pood\\\/product-groups\\\/superfoods-health-foods-en\\\/maca-en\\\/ostrovit-maca-90tab\\\/\",\"name\":\"Ostrovit Maca tabletid (90tab) - Maca - Maca juur - Kiire tarne - Fit360\",\"isPartOf\":{\"@id\":\"https:\\\/\\\/fit360.ee\\\/en\\\/#website\"},\"primaryImageOfPage\":{\"@id\":\"https:\\\/\\\/fit360.ee\\\/en\\\/pood\\\/product-groups\\\/superfoods-health-foods-en\\\/maca-en\\\/ostrovit-maca-90tab\\\/#primaryimage\"},\"image\":{\"@id\":\"https:\\\/\\\/fit360.ee\\\/en\\\/pood\\\/product-groups\\\/superfoods-health-foods-en\\\/maca-en\\\/ostrovit-maca-90tab\\\/#primaryimage\"},\"thumbnailUrl\":\"https:\\\/\\\/fit360.ee\\\/wp-content\\\/uploads\\\/2020\\\/12\\\/ostrovit-maca-tabletid-fit360.ee-1.png\",\"datePublished\":\"2020-12-31T16:21:34+00:00\",\"dateModified\":\"2026-04-10T14:26:18+00:00\",\"description\":\"Ostrovit Maca tabletid - T\u00f5stab vitaalsust ja annab j\u00f5udu ka vanematele inimestele. Samuti toetab immuuns\u00fcsteemi ja t\u00f5stab raua taset veres\",\"breadcrumb\":{\"@id\":\"https:\\\/\\\/fit360.ee\\\/en\\\/pood\\\/product-groups\\\/superfoods-health-foods-en\\\/maca-en\\\/ostrovit-maca-90tab\\\/#breadcrumb\"},\"inLanguage\":\"en-US\",\"potentialAction\":[{\"@type\":\"ReadAction\",\"target\":[\"https:\\\/\\\/fit360.ee\\\/en\\\/pood\\\/product-groups\\\/superfoods-health-foods-en\\\/maca-en\\\/ostrovit-maca-90tab\\\/\"]}]},{\"@type\":\"ImageObject\",\"inLanguage\":\"en-US\",\"@id\":\"https:\\\/\\\/fit360.ee\\\/en\\\/pood\\\/product-groups\\\/superfoods-health-foods-en\\\/maca-en\\\/ostrovit-maca-90tab\\\/#primaryimage\",\"url\":\"https:\\\/\\\/fit360.ee\\\/wp-content\\\/uploads\\\/2020\\\/12\\\/ostrovit-maca-tabletid-fit360.ee-1.png\",\"contentUrl\":\"https:\\\/\\\/fit360.ee\\\/wp-content\\\/uploads\\\/2020\\\/12\\\/ostrovit-maca-tabletid-fit360.ee-1.png\",\"width\":450,\"height\":450,\"caption\":\"ostrovit maca tabletid - fit360.ee\"},{\"@type\":\"BreadcrumbList\",\"@id\":\"https:\\\/\\\/fit360.ee\\\/en\\\/pood\\\/product-groups\\\/superfoods-health-foods-en\\\/maca-en\\\/ostrovit-maca-90tab\\\/#breadcrumb\",\"itemListElement\":[{\"@type\":\"ListItem\",\"position\":1,\"name\":\"Home\",\"item\":\"https:\\\/\\\/fit360.ee\\\/en\\\/\"},{\"@type\":\"ListItem\",\"position\":2,\"name\":\"Shop\",\"item\":\"https:\\\/\\\/fit360.ee\\\/en\\\/shop\\\/\"},{\"@type\":\"ListItem\",\"position\":3,\"name\":\"Maca (90tab)\"}]},{\"@type\":\"WebSite\",\"@id\":\"https:\\\/\\\/fit360.ee\\\/en\\\/#website\",\"url\":\"https:\\\/\\\/fit360.ee\\\/en\\\/\",\"name\":\"Fit360\",\"description\":\"\",\"publisher\":{\"@id\":\"https:\\\/\\\/fit360.ee\\\/en\\\/#organization\"},\"potentialAction\":[{\"@type\":\"SearchAction\",\"target\":{\"@type\":\"EntryPoint\",\"urlTemplate\":\"https:\\\/\\\/fit360.ee\\\/en\\\/?s={search_term_string}\"},\"query-input\":{\"@type\":\"PropertyValueSpecification\",\"valueRequired\":true,\"valueName\":\"search_term_string\"}}],\"inLanguage\":\"en-US\"},{\"@type\":\"Organization\",\"@id\":\"https:\\\/\\\/fit360.ee\\\/en\\\/#organization\",\"name\":\"Fit360\",\"url\":\"https:\\\/\\\/fit360.ee\\\/en\\\/\",\"logo\":{\"@type\":\"ImageObject\",\"inLanguage\":\"en-US\",\"@id\":\"https:\\\/\\\/fit360.ee\\\/en\\\/#\\\/schema\\\/logo\\\/image\\\/\",\"url\":\"https:\\\/\\\/fit360.ee\\\/wp-content\\\/uploads\\\/2017\\\/01\\\/logo-fit360.png\",\"contentUrl\":\"https:\\\/\\\/fit360.ee\\\/wp-content\\\/uploads\\\/2017\\\/01\\\/logo-fit360.png\",\"width\":180,\"height\":66,\"caption\":\"Fit360\"},\"image\":{\"@id\":\"https:\\\/\\\/fit360.ee\\\/en\\\/#\\\/schema\\\/logo\\\/image\\\/\"}}]}<\/script>\n<!-- \/ Yoast SEO plugin. -->","yoast_head_json":{"title":"Ostrovit Maca tabletid (90tab) - Maca - Maca juur - Kiire tarne - Fit360","description":"Ostrovit Maca tabletid - T\u00f5stab vitaalsust ja annab j\u00f5udu ka vanematele inimestele. Samuti toetab immuuns\u00fcsteemi ja t\u00f5stab raua taset veres","robots":{"index":"index","follow":"follow","max-snippet":"max-snippet:-1","max-image-preview":"max-image-preview:large","max-video-preview":"max-video-preview:-1"},"canonical":"https:\/\/fit360.ee\/en\/pood\/product-groups\/superfoods-health-foods-en\/maca-en\/ostrovit-maca-90tab\/","og_locale":"en_US","og_type":"article","og_title":"Ostrovit Maca tabletid (90tab) - Maca - Maca juur - Kiire tarne - Fit360","og_description":"Ostrovit Maca tabletid - T\u00f5stab vitaalsust ja annab j\u00f5udu ka vanematele inimestele. Samuti toetab immuuns\u00fcsteemi ja t\u00f5stab raua taset veres","og_url":"https:\/\/fit360.ee\/en\/pood\/product-groups\/superfoods-health-foods-en\/maca-en\/ostrovit-maca-90tab\/","og_site_name":"Fit360","article_modified_time":"2026-04-10T14:26:18+00:00","og_image":[{"width":450,"height":450,"url":"https:\/\/fit360.ee\/wp-content\/uploads\/2020\/12\/ostrovit-maca-tabletid-fit360.ee-1.png","type":"image\/png"}],"twitter_card":"summary_large_image","twitter_misc":{"Est. reading time":"1 minute"},"schema":{"@context":"https:\/\/schema.org","@graph":[{"@type":"WebPage","@id":"https:\/\/fit360.ee\/en\/pood\/product-groups\/superfoods-health-foods-en\/maca-en\/ostrovit-maca-90tab\/","url":"https:\/\/fit360.ee\/en\/pood\/product-groups\/superfoods-health-foods-en\/maca-en\/ostrovit-maca-90tab\/","name":"Ostrovit Maca tabletid (90tab) - Maca - Maca juur - Kiire tarne - Fit360","isPartOf":{"@id":"https:\/\/fit360.ee\/en\/#website"},"primaryImageOfPage":{"@id":"https:\/\/fit360.ee\/en\/pood\/product-groups\/superfoods-health-foods-en\/maca-en\/ostrovit-maca-90tab\/#primaryimage"},"image":{"@id":"https:\/\/fit360.ee\/en\/pood\/product-groups\/superfoods-health-foods-en\/maca-en\/ostrovit-maca-90tab\/#primaryimage"},"thumbnailUrl":"https:\/\/fit360.ee\/wp-content\/uploads\/2020\/12\/ostrovit-maca-tabletid-fit360.ee-1.png","datePublished":"2020-12-31T16:21:34+00:00","dateModified":"2026-04-10T14:26:18+00:00","description":"Ostrovit Maca tabletid - T\u00f5stab vitaalsust ja annab j\u00f5udu ka vanematele inimestele. Samuti toetab immuuns\u00fcsteemi ja t\u00f5stab raua taset veres","breadcrumb":{"@id":"https:\/\/fit360.ee\/en\/pood\/product-groups\/superfoods-health-foods-en\/maca-en\/ostrovit-maca-90tab\/#breadcrumb"},"inLanguage":"en-US","potentialAction":[{"@type":"ReadAction","target":["https:\/\/fit360.ee\/en\/pood\/product-groups\/superfoods-health-foods-en\/maca-en\/ostrovit-maca-90tab\/"]}]},{"@type":"ImageObject","inLanguage":"en-US","@id":"https:\/\/fit360.ee\/en\/pood\/product-groups\/superfoods-health-foods-en\/maca-en\/ostrovit-maca-90tab\/#primaryimage","url":"https:\/\/fit360.ee\/wp-content\/uploads\/2020\/12\/ostrovit-maca-tabletid-fit360.ee-1.png","contentUrl":"https:\/\/fit360.ee\/wp-content\/uploads\/2020\/12\/ostrovit-maca-tabletid-fit360.ee-1.png","width":450,"height":450,"caption":"ostrovit maca tabletid - fit360.ee"},{"@type":"BreadcrumbList","@id":"https:\/\/fit360.ee\/en\/pood\/product-groups\/superfoods-health-foods-en\/maca-en\/ostrovit-maca-90tab\/#breadcrumb","itemListElement":[{"@type":"ListItem","position":1,"name":"Home","item":"https:\/\/fit360.ee\/en\/"},{"@type":"ListItem","position":2,"name":"Shop","item":"https:\/\/fit360.ee\/en\/shop\/"},{"@type":"ListItem","position":3,"name":"Maca (90tab)"}]},{"@type":"WebSite","@id":"https:\/\/fit360.ee\/en\/#website","url":"https:\/\/fit360.ee\/en\/","name":"Fit360","description":"","publisher":{"@id":"https:\/\/fit360.ee\/en\/#organization"},"potentialAction":[{"@type":"SearchAction","target":{"@type":"EntryPoint","urlTemplate":"https:\/\/fit360.ee\/en\/?s={search_term_string}"},"query-input":{"@type":"PropertyValueSpecification","valueRequired":true,"valueName":"search_term_string"}}],"inLanguage":"en-US"},{"@type":"Organization","@id":"https:\/\/fit360.ee\/en\/#organization","name":"Fit360","url":"https:\/\/fit360.ee\/en\/","logo":{"@type":"ImageObject","inLanguage":"en-US","@id":"https:\/\/fit360.ee\/en\/#\/schema\/logo\/image\/","url":"https:\/\/fit360.ee\/wp-content\/uploads\/2017\/01\/logo-fit360.png","contentUrl":"https:\/\/fit360.ee\/wp-content\/uploads\/2017\/01\/logo-fit360.png","width":180,"height":66,"caption":"Fit360"},"image":{"@id":"https:\/\/fit360.ee\/en\/#\/schema\/logo\/image\/"}}]}},"_links":{"self":[{"href":"https:\/\/fit360.ee\/en\/wp-json\/wp\/v2\/product\/41182","targetHints":{"allow":["GET"]}}],"collection":[{"href":"https:\/\/fit360.ee\/en\/wp-json\/wp\/v2\/product"}],"about":[{"href":"https:\/\/fit360.ee\/en\/wp-json\/wp\/v2\/types\/product"}],"replies":[{"embeddable":true,"href":"https:\/\/fit360.ee\/en\/wp-json\/wp\/v2\/comments?post=41182"}],"wp:featuredmedia":[{"embeddable":true,"href":"https:\/\/fit360.ee\/en\/wp-json\/wp\/v2\/media\/76649"}],"wp:attachment":[{"href":"https:\/\/fit360.ee\/en\/wp-json\/wp\/v2\/media?parent=41182"}],"wp:term":[{"taxonomy":"product_brand","embeddable":true,"href":"https:\/\/fit360.ee\/en\/wp-json\/wp\/v2\/product_brand?post=41182"},{"taxonomy":"product_cat","embeddable":true,"href":"https:\/\/fit360.ee\/en\/wp-json\/wp\/v2\/product_cat?post=41182"},{"taxonomy":"product_tag","embeddable":true,"href":"https:\/\/fit360.ee\/en\/wp-json\/wp\/v2\/product_tag?post=41182"},{"taxonomy":"giftcard-category","embeddable":true,"href":"https:\/\/fit360.ee\/en\/wp-json\/wp\/v2\/giftcard-category?post=41182"}],"curies":[{"name":"wp","href":"https:\/\/api.w.org\/{rel}","templated":true}]}}