{"id":41198,"date":"2020-12-31T19:04:12","date_gmt":"2020-12-31T17:04:12","guid":{"rendered":"https:\/\/fit360.ee\/?post_type=product&#038;p=41198"},"modified":"2022-09-13T15:45:28","modified_gmt":"2022-09-13T13:45:28","slug":"evolite-l-glutamiin-mega-caps-300caps","status":"publish","type":"product","link":"https:\/\/fit360.ee\/en\/pood\/product-groups\/amino-acids-bcaa\/l-glutamine-en\/evolite-l-glutamiin-mega-caps-300caps\/","title":{"rendered":"Evolite Glutamiin Mega Caps (300caps)"},"content":{"rendered":"<h1>Glutamiini mega kapslid &#8211; puhas ja naturaalne Glutamiin<\/h1>\n<p>Evolite Glutamiini kapslid stimuleerivad lihasgl\u00fckogeeni s\u00fcnteesi. Soodusadavad lihasvalkude s\u00fcnteesi ja lihasmassi suurenemist. Meil on parimad hinnad!<\/p>\n<p><strong>Evolite Glutamiini kapslid<\/strong>:<\/p>\n<ul>\n<li>Toetab immuunsuss\u00fcsteemi ja aitab ennetada nakatumist haigustesse.<\/li>\n<li>Aitab s\u00e4ilitada vedeliku tasakaalu rakkus.<\/li>\n<li>Kiirendab vedelikku imendumist soolestikust.<\/li>\n<li>Stimuleerib lihasgl\u00fckogeeni s\u00fcnteesi.<\/li>\n<li>Stimuleerib lihasvalkude s\u00fcnteesi ja lihasmassi suurenemist.<\/li>\n<li>V\u00e4hendab lihaste kangust ja kiirendab lihaste taastumist p\u00e4rast treeningut.<\/li>\n<li>Parandab kehalist t\u00f6\u00f6v\u00f5imet k\u00f5rge intensiivsusega treeningutel.<\/li>\n<\/ul>\n<p><strong>L-Glutamiin <\/strong>on toode just neile, kes soovivad parandada kehalist t\u00f6\u00f6v\u00f5imet k\u00f5rge intensiivsusega treeningutel ja ka paremini f\u00fc\u00fcsilisest tegevusest taastuda.\u00a0Glutamiin on k\u00f5ige levinum aminohape nii vereplasmas kui ka skeletilihastes, sisaldades rohkem kui 60% kogu lihases leiduvast vabast aminohapete hulgast (Kreider, 1999). Ta on lisaks sellele veel l\u00e4hteaine aminohapete, valkude, nukleotiidide ja paljude teiste bioloogiliste \u00fchendite tarbeks. Glutamiini s\u00fcnteesitakse organismis glutamaadist ja ammoniaagist ens\u00fc\u00fcmi glutamiini poolt ja lagundatakse ens\u00fc\u00fcmi glutaminaasi poolt.<\/p>\n<p><strong>Koostis<\/strong>: L-Glutamiin,\u00a0 \u017eelatiin (kapsel), titaanoksiid (v\u00e4rvaine).<\/p>\n<p><strong>Kasutamine<\/strong>: v\u00f5ta 1 serveering \u2013 4 kapslit \u00fcks kord p\u00e4evas. \u00c4ra \u00fcleta soovitatud 1 serveeringut ( 4 kapslit) p\u00e4evas.<\/p>\n<p><strong>Suurus<\/strong>: 300 kapslit \u2013 75 serveeringut<\/p>\n<p><strong>Hoiusta<\/strong> kuivas ja jahedas kohas, eemal otsest p\u00e4evavalgusest.<\/p>\n<table>\n<tbody>\n<tr>\n<td width=\"154\"><strong>Anal\u00fc\u00fcs<\/strong><\/td>\n<td width=\"154\"><strong>1 kapsel<\/strong><\/td>\n<td width=\"154\"><strong>4 kapslit<\/strong><\/td>\n<td width=\"154\"><strong>%SPK<\/strong><\/td>\n<\/tr>\n<tr>\n<td width=\"154\">L-Glutamiin<\/td>\n<td width=\"154\">1250mg<\/td>\n<td width=\"154\">5000mg<\/td>\n<td width=\"154\">**<\/td>\n<\/tr>\n<\/tbody>\n<\/table>\n<p>SPK \u2013 p\u00e4evane soovitatav kogus keskmise t\u00e4iskasvanu kohta.<\/p>\n<p>** SPK pole kindlaks tehtud<\/p>\n","protected":false},"excerpt":{"rendered":"<h2><strong>Glutamiini kapslid:<\/strong><\/h2>\n<ul>\n<li>Toetab immuunsuss\u00fcsteemi ja aitab ennetada nakatumist haigustesse.<\/li>\n<li>Aitab s\u00e4ilitada vedeliku tasakaalu rakkus.<\/li>\n<li>Kiirendab vedelikku imendumist soolestikust.<\/li>\n<li>Stimuleerib lihasgl\u00fckogeeni s\u00fcnteesi.<\/li>\n<li>Stimuleerib lihasvalkude s\u00fcnteesi ja lihasmassi suurenemist.<\/li>\n<li>V\u00e4hendab lihaste kangust ja kiirendab lihaste taastumist p\u00e4rast treeningut.<\/li>\n<li>Parandab kehalist t\u00f6\u00f6v\u00f5imet k\u00f5rge intensiivsusega treeningutel.<\/li>\n<\/ul>\n<p><strong>Glutamiin\u00a0<\/strong>on toode just neile, kes soovivad parandada kehalist t\u00f6\u00f6v\u00f5imet k\u00f5rge intensiivsusega treeningutel ja ka paremini f\u00fc\u00fcsilisest tegevusest taastuda.\u00a0Glutamiin on k\u00f5ige levinum aminohape nii vereplasmas kui ka skeletilihastes, sisaldades rohkem kui 60% kogu lihases leiduvast vabast aminohapete hulgast (Kreider, 1999). Ta on lisaks sellele veel l\u00e4hteaine aminohapete, valkude, nukleotiidide ja paljude teiste bioloogiliste \u00fchendite tarbeks. Glutamiini s\u00fcnteesitakse organismis glutamaadist ja ammoniaagist ens\u00fc\u00fcmi glutamiini poolt ja lagundatakse ens\u00fc\u00fcmi glutaminaasi poolt.<\/p>\n","protected":false},"featured_media":85394,"comment_status":"open","ping_status":"closed","template":"","meta":[],"product_brand":[],"product_cat":[520,3030,1618,2307],"product_tag":[1787,1773,1820,1821],"giftcard-category":[],"class_list":{"0":"post-41198","1":"product","2":"type-product","3":"status-publish","4":"has-post-thumbnail","6":"product_cat-amino-acids-bcaa","7":"product_cat-best-before-en","8":"product_cat-evolite-en","9":"product_cat-l-glutamine-en","10":"product_tag-aminohapped-en","11":"product_tag-evolite-en","12":"product_tag-glutamiin-en","13":"product_tag-glutamine-en","14":"pa_toidulisand-branddd-evolite","15":"pa_tootegruppp-amino-acidsbcaa","16":"pa_tootegruppp-l-glutamiin-en","18":"first","19":"outofstock","20":"sale","21":"taxable","22":"shipping-taxable","23":"purchasable","24":"product-type-simple"},"yoast_head":"<!-- This site is optimized with the Yoast SEO plugin v27.3 - https:\/\/yoast.com\/product\/yoast-seo-wordpress\/ -->\n<title>Evolite Glutamiini kapslid (300caps) - L-Glutamiin - Kiire tarne - Fit360<\/title>\n<meta name=\"description\" content=\"Evolite Glutamiini kapslid stimuleerivad lihasgl\u00fckogeeni s\u00fcnteesi. Soodusadavad lihasvalkude s\u00fcnteesi ja lihasmassi suurenemist.\" \/>\n<meta name=\"robots\" content=\"index, follow, max-snippet:-1, max-image-preview:large, max-video-preview:-1\" \/>\n<link rel=\"canonical\" href=\"https:\/\/fit360.ee\/en\/pood\/product-groups\/amino-acids-bcaa\/l-glutamine-en\/evolite-l-glutamiin-mega-caps-300caps\/\" \/>\n<meta property=\"og:locale\" content=\"en_US\" \/>\n<meta property=\"og:type\" content=\"article\" \/>\n<meta property=\"og:title\" content=\"Evolite Glutamiini kapslid (300caps) - L-Glutamiin - Kiire tarne - Fit360\" \/>\n<meta property=\"og:description\" content=\"Evolite Glutamiini kapslid stimuleerivad lihasgl\u00fckogeeni s\u00fcnteesi. Soodusadavad lihasvalkude s\u00fcnteesi ja lihasmassi suurenemist.\" \/>\n<meta property=\"og:url\" content=\"https:\/\/fit360.ee\/en\/pood\/product-groups\/amino-acids-bcaa\/l-glutamine-en\/evolite-l-glutamiin-mega-caps-300caps\/\" \/>\n<meta property=\"og:site_name\" content=\"Fit360\" \/>\n<meta property=\"article:modified_time\" content=\"2022-09-13T13:45:28+00:00\" \/>\n<meta property=\"og:image\" content=\"https:\/\/fit360.ee\/wp-content\/uploads\/2020\/12\/evolite-glutamiini-kapslid-fit360.ee_.png\" \/>\n\t<meta property=\"og:image:width\" content=\"800\" \/>\n\t<meta property=\"og:image:height\" content=\"800\" \/>\n\t<meta property=\"og:image:type\" content=\"image\/png\" \/>\n<meta name=\"twitter:card\" content=\"summary_large_image\" \/>\n<meta name=\"twitter:label1\" content=\"Est. reading time\" \/>\n\t<meta name=\"twitter:data1\" content=\"1 minute\" \/>\n<script type=\"application\/ld+json\" class=\"yoast-schema-graph\">{\"@context\":\"https:\\\/\\\/schema.org\",\"@graph\":[{\"@type\":\"WebPage\",\"@id\":\"https:\\\/\\\/fit360.ee\\\/en\\\/pood\\\/product-groups\\\/amino-acids-bcaa\\\/l-glutamine-en\\\/evolite-l-glutamiin-mega-caps-300caps\\\/\",\"url\":\"https:\\\/\\\/fit360.ee\\\/en\\\/pood\\\/product-groups\\\/amino-acids-bcaa\\\/l-glutamine-en\\\/evolite-l-glutamiin-mega-caps-300caps\\\/\",\"name\":\"Evolite Glutamiini kapslid (300caps) - L-Glutamiin - Kiire tarne - Fit360\",\"isPartOf\":{\"@id\":\"https:\\\/\\\/fit360.ee\\\/en\\\/#website\"},\"primaryImageOfPage\":{\"@id\":\"https:\\\/\\\/fit360.ee\\\/en\\\/pood\\\/product-groups\\\/amino-acids-bcaa\\\/l-glutamine-en\\\/evolite-l-glutamiin-mega-caps-300caps\\\/#primaryimage\"},\"image\":{\"@id\":\"https:\\\/\\\/fit360.ee\\\/en\\\/pood\\\/product-groups\\\/amino-acids-bcaa\\\/l-glutamine-en\\\/evolite-l-glutamiin-mega-caps-300caps\\\/#primaryimage\"},\"thumbnailUrl\":\"https:\\\/\\\/fit360.ee\\\/wp-content\\\/uploads\\\/2020\\\/12\\\/evolite-glutamiini-kapslid-fit360.ee_.png\",\"datePublished\":\"2020-12-31T17:04:12+00:00\",\"dateModified\":\"2022-09-13T13:45:28+00:00\",\"description\":\"Evolite Glutamiini kapslid stimuleerivad lihasgl\u00fckogeeni s\u00fcnteesi. Soodusadavad lihasvalkude s\u00fcnteesi ja lihasmassi suurenemist.\",\"breadcrumb\":{\"@id\":\"https:\\\/\\\/fit360.ee\\\/en\\\/pood\\\/product-groups\\\/amino-acids-bcaa\\\/l-glutamine-en\\\/evolite-l-glutamiin-mega-caps-300caps\\\/#breadcrumb\"},\"inLanguage\":\"en-US\",\"potentialAction\":[{\"@type\":\"ReadAction\",\"target\":[\"https:\\\/\\\/fit360.ee\\\/en\\\/pood\\\/product-groups\\\/amino-acids-bcaa\\\/l-glutamine-en\\\/evolite-l-glutamiin-mega-caps-300caps\\\/\"]}]},{\"@type\":\"ImageObject\",\"inLanguage\":\"en-US\",\"@id\":\"https:\\\/\\\/fit360.ee\\\/en\\\/pood\\\/product-groups\\\/amino-acids-bcaa\\\/l-glutamine-en\\\/evolite-l-glutamiin-mega-caps-300caps\\\/#primaryimage\",\"url\":\"https:\\\/\\\/fit360.ee\\\/wp-content\\\/uploads\\\/2020\\\/12\\\/evolite-glutamiini-kapslid-fit360.ee_.png\",\"contentUrl\":\"https:\\\/\\\/fit360.ee\\\/wp-content\\\/uploads\\\/2020\\\/12\\\/evolite-glutamiini-kapslid-fit360.ee_.png\",\"width\":800,\"height\":800,\"caption\":\"evolite glutamiini kapslid - fit360.ee\"},{\"@type\":\"BreadcrumbList\",\"@id\":\"https:\\\/\\\/fit360.ee\\\/en\\\/pood\\\/product-groups\\\/amino-acids-bcaa\\\/l-glutamine-en\\\/evolite-l-glutamiin-mega-caps-300caps\\\/#breadcrumb\",\"itemListElement\":[{\"@type\":\"ListItem\",\"position\":1,\"name\":\"Home\",\"item\":\"https:\\\/\\\/fit360.ee\\\/en\\\/\"},{\"@type\":\"ListItem\",\"position\":2,\"name\":\"Shop\",\"item\":\"https:\\\/\\\/fit360.ee\\\/en\\\/shop\\\/\"},{\"@type\":\"ListItem\",\"position\":3,\"name\":\"Evolite Glutamiin Mega Caps (300caps)\"}]},{\"@type\":\"WebSite\",\"@id\":\"https:\\\/\\\/fit360.ee\\\/en\\\/#website\",\"url\":\"https:\\\/\\\/fit360.ee\\\/en\\\/\",\"name\":\"Fit360\",\"description\":\"\",\"publisher\":{\"@id\":\"https:\\\/\\\/fit360.ee\\\/en\\\/#organization\"},\"potentialAction\":[{\"@type\":\"SearchAction\",\"target\":{\"@type\":\"EntryPoint\",\"urlTemplate\":\"https:\\\/\\\/fit360.ee\\\/en\\\/?s={search_term_string}\"},\"query-input\":{\"@type\":\"PropertyValueSpecification\",\"valueRequired\":true,\"valueName\":\"search_term_string\"}}],\"inLanguage\":\"en-US\"},{\"@type\":\"Organization\",\"@id\":\"https:\\\/\\\/fit360.ee\\\/en\\\/#organization\",\"name\":\"Fit360\",\"url\":\"https:\\\/\\\/fit360.ee\\\/en\\\/\",\"logo\":{\"@type\":\"ImageObject\",\"inLanguage\":\"en-US\",\"@id\":\"https:\\\/\\\/fit360.ee\\\/en\\\/#\\\/schema\\\/logo\\\/image\\\/\",\"url\":\"https:\\\/\\\/fit360.ee\\\/wp-content\\\/uploads\\\/2017\\\/01\\\/logo-fit360.png\",\"contentUrl\":\"https:\\\/\\\/fit360.ee\\\/wp-content\\\/uploads\\\/2017\\\/01\\\/logo-fit360.png\",\"width\":180,\"height\":66,\"caption\":\"Fit360\"},\"image\":{\"@id\":\"https:\\\/\\\/fit360.ee\\\/en\\\/#\\\/schema\\\/logo\\\/image\\\/\"}}]}<\/script>\n<!-- \/ Yoast SEO plugin. -->","yoast_head_json":{"title":"Evolite Glutamiini kapslid (300caps) - L-Glutamiin - Kiire tarne - Fit360","description":"Evolite Glutamiini kapslid stimuleerivad lihasgl\u00fckogeeni s\u00fcnteesi. Soodusadavad lihasvalkude s\u00fcnteesi ja lihasmassi suurenemist.","robots":{"index":"index","follow":"follow","max-snippet":"max-snippet:-1","max-image-preview":"max-image-preview:large","max-video-preview":"max-video-preview:-1"},"canonical":"https:\/\/fit360.ee\/en\/pood\/product-groups\/amino-acids-bcaa\/l-glutamine-en\/evolite-l-glutamiin-mega-caps-300caps\/","og_locale":"en_US","og_type":"article","og_title":"Evolite Glutamiini kapslid (300caps) - L-Glutamiin - Kiire tarne - Fit360","og_description":"Evolite Glutamiini kapslid stimuleerivad lihasgl\u00fckogeeni s\u00fcnteesi. Soodusadavad lihasvalkude s\u00fcnteesi ja lihasmassi suurenemist.","og_url":"https:\/\/fit360.ee\/en\/pood\/product-groups\/amino-acids-bcaa\/l-glutamine-en\/evolite-l-glutamiin-mega-caps-300caps\/","og_site_name":"Fit360","article_modified_time":"2022-09-13T13:45:28+00:00","og_image":[{"width":800,"height":800,"url":"https:\/\/fit360.ee\/wp-content\/uploads\/2020\/12\/evolite-glutamiini-kapslid-fit360.ee_.png","type":"image\/png"}],"twitter_card":"summary_large_image","twitter_misc":{"Est. reading time":"1 minute"},"schema":{"@context":"https:\/\/schema.org","@graph":[{"@type":"WebPage","@id":"https:\/\/fit360.ee\/en\/pood\/product-groups\/amino-acids-bcaa\/l-glutamine-en\/evolite-l-glutamiin-mega-caps-300caps\/","url":"https:\/\/fit360.ee\/en\/pood\/product-groups\/amino-acids-bcaa\/l-glutamine-en\/evolite-l-glutamiin-mega-caps-300caps\/","name":"Evolite Glutamiini kapslid (300caps) - L-Glutamiin - Kiire tarne - Fit360","isPartOf":{"@id":"https:\/\/fit360.ee\/en\/#website"},"primaryImageOfPage":{"@id":"https:\/\/fit360.ee\/en\/pood\/product-groups\/amino-acids-bcaa\/l-glutamine-en\/evolite-l-glutamiin-mega-caps-300caps\/#primaryimage"},"image":{"@id":"https:\/\/fit360.ee\/en\/pood\/product-groups\/amino-acids-bcaa\/l-glutamine-en\/evolite-l-glutamiin-mega-caps-300caps\/#primaryimage"},"thumbnailUrl":"https:\/\/fit360.ee\/wp-content\/uploads\/2020\/12\/evolite-glutamiini-kapslid-fit360.ee_.png","datePublished":"2020-12-31T17:04:12+00:00","dateModified":"2022-09-13T13:45:28+00:00","description":"Evolite Glutamiini kapslid stimuleerivad lihasgl\u00fckogeeni s\u00fcnteesi. Soodusadavad lihasvalkude s\u00fcnteesi ja lihasmassi suurenemist.","breadcrumb":{"@id":"https:\/\/fit360.ee\/en\/pood\/product-groups\/amino-acids-bcaa\/l-glutamine-en\/evolite-l-glutamiin-mega-caps-300caps\/#breadcrumb"},"inLanguage":"en-US","potentialAction":[{"@type":"ReadAction","target":["https:\/\/fit360.ee\/en\/pood\/product-groups\/amino-acids-bcaa\/l-glutamine-en\/evolite-l-glutamiin-mega-caps-300caps\/"]}]},{"@type":"ImageObject","inLanguage":"en-US","@id":"https:\/\/fit360.ee\/en\/pood\/product-groups\/amino-acids-bcaa\/l-glutamine-en\/evolite-l-glutamiin-mega-caps-300caps\/#primaryimage","url":"https:\/\/fit360.ee\/wp-content\/uploads\/2020\/12\/evolite-glutamiini-kapslid-fit360.ee_.png","contentUrl":"https:\/\/fit360.ee\/wp-content\/uploads\/2020\/12\/evolite-glutamiini-kapslid-fit360.ee_.png","width":800,"height":800,"caption":"evolite glutamiini kapslid - fit360.ee"},{"@type":"BreadcrumbList","@id":"https:\/\/fit360.ee\/en\/pood\/product-groups\/amino-acids-bcaa\/l-glutamine-en\/evolite-l-glutamiin-mega-caps-300caps\/#breadcrumb","itemListElement":[{"@type":"ListItem","position":1,"name":"Home","item":"https:\/\/fit360.ee\/en\/"},{"@type":"ListItem","position":2,"name":"Shop","item":"https:\/\/fit360.ee\/en\/shop\/"},{"@type":"ListItem","position":3,"name":"Evolite Glutamiin Mega Caps (300caps)"}]},{"@type":"WebSite","@id":"https:\/\/fit360.ee\/en\/#website","url":"https:\/\/fit360.ee\/en\/","name":"Fit360","description":"","publisher":{"@id":"https:\/\/fit360.ee\/en\/#organization"},"potentialAction":[{"@type":"SearchAction","target":{"@type":"EntryPoint","urlTemplate":"https:\/\/fit360.ee\/en\/?s={search_term_string}"},"query-input":{"@type":"PropertyValueSpecification","valueRequired":true,"valueName":"search_term_string"}}],"inLanguage":"en-US"},{"@type":"Organization","@id":"https:\/\/fit360.ee\/en\/#organization","name":"Fit360","url":"https:\/\/fit360.ee\/en\/","logo":{"@type":"ImageObject","inLanguage":"en-US","@id":"https:\/\/fit360.ee\/en\/#\/schema\/logo\/image\/","url":"https:\/\/fit360.ee\/wp-content\/uploads\/2017\/01\/logo-fit360.png","contentUrl":"https:\/\/fit360.ee\/wp-content\/uploads\/2017\/01\/logo-fit360.png","width":180,"height":66,"caption":"Fit360"},"image":{"@id":"https:\/\/fit360.ee\/en\/#\/schema\/logo\/image\/"}}]}},"_links":{"self":[{"href":"https:\/\/fit360.ee\/en\/wp-json\/wp\/v2\/product\/41198","targetHints":{"allow":["GET"]}}],"collection":[{"href":"https:\/\/fit360.ee\/en\/wp-json\/wp\/v2\/product"}],"about":[{"href":"https:\/\/fit360.ee\/en\/wp-json\/wp\/v2\/types\/product"}],"replies":[{"embeddable":true,"href":"https:\/\/fit360.ee\/en\/wp-json\/wp\/v2\/comments?post=41198"}],"wp:featuredmedia":[{"embeddable":true,"href":"https:\/\/fit360.ee\/en\/wp-json\/wp\/v2\/media\/85394"}],"wp:attachment":[{"href":"https:\/\/fit360.ee\/en\/wp-json\/wp\/v2\/media?parent=41198"}],"wp:term":[{"taxonomy":"product_brand","embeddable":true,"href":"https:\/\/fit360.ee\/en\/wp-json\/wp\/v2\/product_brand?post=41198"},{"taxonomy":"product_cat","embeddable":true,"href":"https:\/\/fit360.ee\/en\/wp-json\/wp\/v2\/product_cat?post=41198"},{"taxonomy":"product_tag","embeddable":true,"href":"https:\/\/fit360.ee\/en\/wp-json\/wp\/v2\/product_tag?post=41198"},{"taxonomy":"giftcard-category","embeddable":true,"href":"https:\/\/fit360.ee\/en\/wp-json\/wp\/v2\/giftcard-category?post=41198"}],"curies":[{"name":"wp","href":"https:\/\/api.w.org\/{rel}","templated":true}]}}