{"id":41403,"date":"2021-01-13T18:09:57","date_gmt":"2021-01-13T16:09:57","guid":{"rendered":"https:\/\/fit360.ee\/pood\/uncategorized\/collagen-vitamin-c-nahk-kuuned-300g\/"},"modified":"2026-02-27T15:16:00","modified_gmt":"2026-02-27T13:16:00","slug":"collagen-vitamin-c-nahk-kuuned-300g","status":"publish","type":"product","link":"https:\/\/fit360.ee\/en\/pood\/product-groups\/vitamins-and-minerals-en\/c-vitamin-en\/collagen-vitamin-c-nahk-kuuned-300g\/","title":{"rendered":"Collagen + Vitamiin C (Nahk, K\u00fc\u00fcned, 300g)"},"content":{"rendered":"<h1>ICONFIT Collagen + Vitamin C<\/h1>\n<p>K\u00f5rgelt hinnatud Collagen + Vitamin C\u00a0 n\u00fc\u00fcd saadaval koos imendumist veelgi parandava C vitamiiniga \u2013 teaduslikud uuringud on t\u00f5estanud, et parimaks toimeks peame tarbima 10g kollageeni p\u00e4evas. Kollageen on tuntud oma \u00e4\u00e4rmiselt kasulike omaduste poolest. Kaitseb liigeseid ja aitab neid kiiremini taastada, parandab luude elastsust ja vastupidavust, aitab moodustada lihaskudedele kvaliteetset struktuuri. Maailmakuulus on kollageen ka naha elastsuse parandamise ja kortsudevastase toimega.<\/p>\n<p>Kergesti seeditav, allergiavaba ja keha poolt v\u00e4ga h\u00e4sti omastatav. Sobib h\u00e4sti segamiseks erinevate toitude, smuutide ja jookidega.<\/p>\n<p><strong>Kvaliteedist ja kemikaalidest<\/strong><\/p>\n<p>ICONFIT kollageen on toodetud ainulaadse kemikaalivaba protsessiga. Eesti turule on tekkinud m\u00f5ned tooted mis v\u00e4idavad, et on soodsama hinnaga kui ICONFIT paljukiidetud kollageen. Nende toodete napilt odavam hind on aga t\u00e4nu kemikaalidega tootmisprotsessile ning seet\u00f5ttu madalamale puhtusele kus on vaid 80%-90% kollageeni ning 10%-20% muid j\u00e4\u00e4ke. Seda saab h\u00e4sti selgeks teha vaadates puhta kollageeni puhul toitainete infost valgusisaldust (kollageen on valk). Meie Collagen + Vitamin C maitsestamata tootes on 95% kollageeni ja seega ka 95% valku. \u00dclej\u00e4\u00e4nud 5% koostisest on C vitamiin.<\/p>\n<p>Ole ettevaatlik kollageenidega kus tootmisprotsessi ja puhtuse taset ei panda kirja sest need on tavaliselt toodetud odavama happeid ja kemikaale kasutava protsessiga!\u00a0<strong>ICONFIT kollageen toodetakse erilise kemikaalivaba protsessiga ning puhtus on praktiliselt 100% mida n\u00e4itab ka valgusisalduse tase.<\/strong><\/p>\n<p><a href=\"https:\/\/iconfit.eu\/wp-content\/uploads\/2020\/11\/collagen-vitamin-c-img.jpg\" data-caption=\"\"><img decoding=\"async\" class=\"alignnone size-full wp-image-75250\" src=\"https:\/\/iconfit.eu\/wp-content\/uploads\/2020\/11\/collagen-vitamin-c-img.jpg\" sizes=\"(max-width: 923px) 100vw, 923px\" srcset=\"https:\/\/iconfit.eu\/wp-content\/uploads\/2020\/11\/collagen-vitamin-c-img-200x61.jpg 200w, https:\/\/iconfit.eu\/wp-content\/uploads\/2020\/11\/collagen-vitamin-c-img-300x91.jpg 300w, https:\/\/iconfit.eu\/wp-content\/uploads\/2020\/11\/collagen-vitamin-c-img-400x121.jpg 400w, https:\/\/iconfit.eu\/wp-content\/uploads\/2020\/11\/collagen-vitamin-c-img-500x152.jpg 500w, https:\/\/iconfit.eu\/wp-content\/uploads\/2020\/11\/collagen-vitamin-c-img-600x182.jpg 600w, https:\/\/iconfit.eu\/wp-content\/uploads\/2020\/11\/collagen-vitamin-c-img-768x233.jpg 768w, https:\/\/iconfit.eu\/wp-content\/uploads\/2020\/11\/collagen-vitamin-c-img-800x243.jpg 800w, https:\/\/iconfit.eu\/wp-content\/uploads\/2020\/11\/collagen-vitamin-c-img.jpg 923w\" alt=\"\" width=\"100%\" height=\"\" \/><\/a><\/p>\n<p>.<\/p>\n<table width=\"100%\">\n<tbody>\n<tr>\n<td width=\"100\">\u00a0<a class=\"fusion-no-lightbox\" href=\"https:\/\/iconfit.eu\/toode\/collagen-inulin-250g\/\"><img loading=\"lazy\" decoding=\"async\" class=\"alignleft wp-image-59128 size-full\" src=\"https:\/\/iconfit.eu\/wp-content\/uploads\/2019\/03\/ICONFIT-Collagen-Superfoods.jpg\" sizes=\"auto, (max-width: 200px) 100vw, 200px\" srcset=\"https:\/\/iconfit.eu\/wp-content\/uploads\/2019\/03\/ICONFIT-Collagen-Superfoods-66x66.jpg 66w, https:\/\/iconfit.eu\/wp-content\/uploads\/2019\/03\/ICONFIT-Collagen-Superfoods-100x100.jpg 100w, https:\/\/iconfit.eu\/wp-content\/uploads\/2019\/03\/ICONFIT-Collagen-Superfoods-150x150.jpg 150w, https:\/\/iconfit.eu\/wp-content\/uploads\/2019\/03\/ICONFIT-Collagen-Superfoods.jpg 200w\" alt=\"\" width=\"200\" height=\"200\" \/><\/a><\/td>\n<td width=\"72\">\n<ul>\n<li>Kui soovid aga\u00a0<strong>maitsvat kollageenijooki\u00a0<\/strong>siis meie looduslik\u00a0<strong>Collagen Superfoods<\/strong>\u00a0sobib ideaalselt smuutisse v\u00f5i lihtsalt veega segamiseks ja nautimiseks. Selles on sama kollageen koos k\u00f5htu paremini t\u00e4is hoidvate kiudainetega (looduslik inuliin) ning k\u00fclmkuivatatud marjadega. Kliki\u00a0<strong><a href=\"https:\/\/fit360.ee\/en\/pood\/product-groups\/superfoods-health-foods-en\/fiber-en\/collagen-superfoods-inulin-250g\/\">SIIA<\/a><\/strong>, et lisa lugeda.<\/li>\n<li>Kui Sinu eesm\u00e4rgiks on liigeste tervis siis vaata ka\u00a0<strong>MSM Collagen + Vitamin C<\/strong>\u00a0toodet kus \u00fchendasime meie kiidetud kollageeni MSMi ning C vitamiiniga. MSM on kollageeniga sarnaste omadustega kuid lisaks aitab liigestes ka p\u00f5letikulisi protsesse v\u00e4hendada. Vitamiin C aga aitab m\u00f5lemal paremini imenduda ja toimida. Kliki\u00a0<strong><a href=\"https:\/\/fit360.ee\/en\/?post_type=product&#038;p=21290\">SIIA<\/a><\/strong>, et lisa lugeda.<\/li>\n<\/ul>\n<\/td>\n<\/tr>\n<tr>\n<td width=\"100\">\u00a0<a href=\"https:\/\/iconfit.eu\/wp-content\/uploads\/2019\/03\/knees.jpg\" data-caption=\"\"><img loading=\"lazy\" decoding=\"async\" class=\"alignleft wp-image-18570 size-full\" src=\"https:\/\/iconfit.eu\/wp-content\/uploads\/2019\/03\/knees.jpg\" sizes=\"auto, (max-width: 200px) 100vw, 200px\" srcset=\"https:\/\/iconfit.eu\/wp-content\/uploads\/2019\/03\/knees-66x66.jpg 66w, https:\/\/iconfit.eu\/wp-content\/uploads\/2019\/03\/knees-100x100.jpg 100w, https:\/\/iconfit.eu\/wp-content\/uploads\/2019\/03\/knees-150x150.jpg 150w, https:\/\/iconfit.eu\/wp-content\/uploads\/2019\/03\/knees.jpg 200w\" alt=\"\" width=\"200\" height=\"200\" \/><\/a><\/td>\n<td width=\"72\">\n<ul>\n<li>Tarbides iga p\u00e4ev kollageeni kaitsed oma liigeseid, luid ja lihaseid vigastuste eest. ICONFIT kollageen on puhtaimal v\u00f5imalikul kujul ja peaaegu 100% puhas proteiin.<\/li>\n<li>Sisaldab suures koguses t\u00e4htsaid aminohappeid arginiin (7,5%) ja gl\u00fctsiin (22,4%), mis koost\u00f6\u00f6s stimuleerivad kehas kreatiini tootmist ning aitavad sportlastel saavutada paremaid tulemusi. Lisaks aitavad kaasa kiiremale liigeste ja luude taastumisele.<\/li>\n<\/ul>\n<\/td>\n<\/tr>\n<tr>\n<td width=\"100\">\u00a0<a href=\"https:\/\/iconfit.eu\/wp-content\/uploads\/2019\/03\/skin.jpg\" data-caption=\"\"><img loading=\"lazy\" decoding=\"async\" class=\"alignleft wp-image-18568 size-full\" src=\"https:\/\/iconfit.eu\/wp-content\/uploads\/2019\/03\/skin.jpg\" sizes=\"auto, (max-width: 200px) 100vw, 200px\" srcset=\"https:\/\/iconfit.eu\/wp-content\/uploads\/2019\/03\/skin-66x66.jpg 66w, https:\/\/iconfit.eu\/wp-content\/uploads\/2019\/03\/skin-100x100.jpg 100w, https:\/\/iconfit.eu\/wp-content\/uploads\/2019\/03\/skin-150x150.jpg 150w, https:\/\/iconfit.eu\/wp-content\/uploads\/2019\/03\/skin.jpg 200w\" alt=\"\" width=\"200\" height=\"200\" \/><\/a><\/td>\n<td width=\"72\">\n<ul>\n<li>Uuringud on t\u00f5estanud, et kollageeni tarbimine on kasulik naha elastsusele, v\u00e4hendab kortsude teket ja niisutab nahka.<\/li>\n<li>Kuigi naha jaoks kasutatakse kollageeni ka mitmetes kreemides siis kahjuks kollageen ei imendu sel viisil h\u00e4sti ja j\u00e4\u00e4b enamuses lihtsalt naha pinnale. Toiduga-joogiga tarbitav h\u00fcdrol\u00fc\u00fcsitud kollageen on aga kergesti ja kiiresti imenduv ja annab nahale maksimaalse tulemuse.<\/li>\n<\/ul>\n<\/td>\n<\/tr>\n<\/tbody>\n<\/table>\n<p>&nbsp;<\/p>\n<p><strong>Kasutamine:<\/strong>\u00a0Lisa iga p\u00e4ev 10g pulbrit (2 m\u00f5\u00f5dulusikat, m\u00f5\u00f5dulusikas purgis kaasas) smuutisse, pudrusse v\u00f5i sega mahla vm. joogiga. Kollageeni ei pea tarbima kuuridena ja tuleks regulaarselt pikema aja jooksul tarbida.<\/p>\n<div class=\"fusion-text\">\n<p><strong>KOOSTISOSAD:\u00a0<\/strong><\/p>\n<p>Maitsestamata tootes: H\u00fcdrol\u00fc\u00fcsitud kollageen (95%), C vitamiin (5%, askorbiinhape).<\/p>\n<\/div>\n<div class=\"table-2\">\n<table width=\"100%\">\n<thead>\n<tr>\n<th align=\"left\"><strong>TOITAINED (Maitsestamata tootes):<\/strong><\/th>\n<th align=\"left\">\/ 10 g<\/th>\n<th align=\"left\">\/ 100 g<\/th>\n<\/tr>\n<\/thead>\n<tbody>\n<tr>\n<td align=\"left\">Energia (kJ\/kcal)<\/td>\n<td align=\"left\">159\/38<\/td>\n<td align=\"left\">1595\/381<\/td>\n<\/tr>\n<tr>\n<td align=\"left\"><strong>Valgud(g)<\/strong><\/td>\n<td align=\"left\">9,5<\/td>\n<td align=\"left\">94,5<\/td>\n<\/tr>\n<tr>\n<td align=\"left\">S\u00fcsivesikud(g)<\/td>\n<td align=\"left\">0,0<\/td>\n<td align=\"left\">&lt;0,5<\/td>\n<\/tr>\n<tr>\n<td align=\"left\">..millest suhkruid(g)<\/td>\n<td align=\"left\">0,0<\/td>\n<td align=\"left\">&lt;0,5<\/td>\n<\/tr>\n<tr>\n<td align=\"left\">Rasvad(g)<\/td>\n<td align=\"left\">0,0<\/td>\n<td align=\"left\">0,1<\/td>\n<\/tr>\n<tr>\n<td align=\"left\">..millest k\u00fcllast.(g)<\/td>\n<td align=\"left\">0,0<\/td>\n<td align=\"left\">0,04<\/td>\n<\/tr>\n<tr>\n<td align=\"left\">Sool (g, ei ole lisatud)<\/td>\n<td align=\"left\">0,05<\/td>\n<td align=\"left\">0,5<\/td>\n<\/tr>\n<\/tbody>\n<\/table>\n<\/div>\n<p>&nbsp;<\/p>\n<hr \/>\n<p>Soovid teha suuremat tellimust? Vaata antud toodet meie HULGI lehelt\u00a0<a href=\"https:\/\/toidulisandidhulgi.ee\/product\/collagen-vitamin\u2026nahk-kuuned-300g\/\"><strong>SIIT<\/strong><\/a>!<\/p>\n","protected":false},"excerpt":{"rendered":"<h2>Kollageen + Vitamiin C:<\/h2>\n<p><strong>ICONFIT Collagen + Vitamin C<\/strong>\u00a0on Eestis toodetud ning koostises 95\/5 suhtes h\u00fcdrol\u00fc\u00fcsitud kollageen koos C vitamiiniga. Selles kombinatsioonis on uuringud n\u00e4idanud, et kollageen imendub veel paremini kui ilma vitamiinita ja seel\u00e4bi annab veel parema tulemuse Sinu nahale, juustele, k\u00fc\u00fcntele.<\/p>\n<ul>\n<li><strong>Eesti puhtaim kollageen mille valgusisaldus ligi 100% ning toodetud ilma kemikaalideta.<\/strong> Kombineeritud C vitamiiniga (95% kollageeni \/ 5% C vitamiini) veel paremaks imendumiseks.<\/li>\n<li><strong style=\"font-size: 14.4px;\">Purgis 30 p\u00e4eva (300g) kogus!\u00a0<\/strong><span style=\"font-size: 14.4px;\">Meie kollageen on toodetud ilma kemikaalideta looduslike protsesside abil.<\/span><\/li>\n<li>V\u00e4ldi vaid ~0,5g\u00a0 kollageenisisaldusega kalleid kapsleid kus 10g saamiseks oleks vaja ~20 kapslit p\u00e4evas.<\/li>\n<li>Lisa 10g (m\u00f5\u00f5dulusikas kaasas) p\u00e4evas mahlale, toidule, smuutile v\u00f5i spordijoogile.<\/li>\n<li><strong style=\"font-size: 14.4px;\">Meie tootevalikus on ka spetsiaalselt liigestele m\u00f5eldud MSM Collagen joogisegud.<\/strong><a style=\"font-size: 14.4px;\" href=\"https:\/\/fit360.ee\/en\/?post_type=product&#038;p=21290\">(LINK SIIN)<\/a><\/li>\n<li><strong style=\"font-size: 14.4px;\">EESTI TOODE.<\/strong><span style=\"font-size: 14.4px;\">\u00a0<\/span><\/li>\n<\/ul>\n","protected":false},"featured_media":74510,"comment_status":"open","ping_status":"closed","template":"","meta":[],"product_brand":[],"product_cat":[1911,1636,1318,527,1454,536],"product_tag":[2584,1681,1724,2178],"giftcard-category":[],"class_list":{"0":"post-41403","1":"product","2":"type-product","3":"status-publish","4":"has-post-thumbnail","6":"product_cat-c-vitamin-en","7":"product_cat-collagen-en","8":"product_cat-iconfit-en","9":"product_cat-joint-support-en","10":"product_cat-superfoods-health-foods-en","11":"product_cat-vitamins-and-minerals-en","12":"product_tag-collagen-vitamin-c-en","13":"product_tag-iconfit-en","14":"product_tag-kollageen-en","15":"product_tag-vitamiin-c-en","16":"pa_kogus-300g-en","17":"pa_toidulisand-branddd-iconfit","18":"pa_tootegruppp-c-vitamiin-en","19":"pa_tootegruppp-for-joints","20":"pa_tootegruppp-kollageenid-en","21":"pa_tootegruppp-supertoit-tervisetoit-en","22":"pa_tootegruppp-vitamins-and-minerals","24":"first","25":"instock","26":"sale","27":"taxable","28":"shipping-taxable","29":"purchasable","30":"product-type-simple"},"yoast_head":"<!-- This site is optimized with the Yoast SEO plugin v27.3 - https:\/\/yoast.com\/product\/yoast-seo-wordpress\/ -->\n<title>Collagen + Vitamin C - Kollageen - Vitamiin C - Eesti toode - Kiire tarne<\/title>\n<meta name=\"description\" content=\"Collagen + Vitamin C on tuntud oma \u00e4\u00e4rmiselt kasulike omaduste poolest. Kaitseb liigeseid ja aitab neid kiiremini taastada. Kiire tarne!\" \/>\n<meta name=\"robots\" content=\"index, follow, max-snippet:-1, max-image-preview:large, max-video-preview:-1\" \/>\n<link rel=\"canonical\" href=\"https:\/\/fit360.ee\/en\/pood\/product-groups\/vitamins-and-minerals-en\/c-vitamin-en\/collagen-vitamin-c-nahk-kuuned-300g\/\" \/>\n<meta property=\"og:locale\" content=\"en_US\" \/>\n<meta property=\"og:type\" content=\"article\" \/>\n<meta property=\"og:title\" content=\"Collagen + Vitamin C - Kollageen - Vitamiin C - Eesti toode - Kiire tarne\" \/>\n<meta property=\"og:description\" content=\"Collagen + Vitamin C on tuntud oma \u00e4\u00e4rmiselt kasulike omaduste poolest. Kaitseb liigeseid ja aitab neid kiiremini taastada. Kiire tarne!\" \/>\n<meta property=\"og:url\" content=\"https:\/\/fit360.ee\/en\/pood\/product-groups\/vitamins-and-minerals-en\/c-vitamin-en\/collagen-vitamin-c-nahk-kuuned-300g\/\" \/>\n<meta property=\"og:site_name\" content=\"Fit360\" \/>\n<meta property=\"article:modified_time\" content=\"2026-02-27T13:16:00+00:00\" \/>\n<meta property=\"og:image\" content=\"https:\/\/fit360.ee\/wp-content\/uploads\/2021\/01\/collagen-vitamin-c-fit360.ee_-scaled.jpg\" \/>\n\t<meta property=\"og:image:width\" content=\"2560\" \/>\n\t<meta property=\"og:image:height\" content=\"2560\" \/>\n\t<meta property=\"og:image:type\" content=\"image\/jpeg\" \/>\n<meta name=\"twitter:card\" content=\"summary_large_image\" \/>\n<meta name=\"twitter:label1\" content=\"Est. reading time\" \/>\n\t<meta name=\"twitter:data1\" content=\"3 minutes\" \/>\n<script type=\"application\/ld+json\" class=\"yoast-schema-graph\">{\"@context\":\"https:\\\/\\\/schema.org\",\"@graph\":[{\"@type\":\"WebPage\",\"@id\":\"https:\\\/\\\/fit360.ee\\\/en\\\/pood\\\/product-groups\\\/vitamins-and-minerals-en\\\/c-vitamin-en\\\/collagen-vitamin-c-nahk-kuuned-300g\\\/\",\"url\":\"https:\\\/\\\/fit360.ee\\\/en\\\/pood\\\/product-groups\\\/vitamins-and-minerals-en\\\/c-vitamin-en\\\/collagen-vitamin-c-nahk-kuuned-300g\\\/\",\"name\":\"Collagen + Vitamin C - Kollageen - Vitamiin C - Eesti toode - Kiire tarne\",\"isPartOf\":{\"@id\":\"https:\\\/\\\/fit360.ee\\\/en\\\/#website\"},\"primaryImageOfPage\":{\"@id\":\"https:\\\/\\\/fit360.ee\\\/en\\\/pood\\\/product-groups\\\/vitamins-and-minerals-en\\\/c-vitamin-en\\\/collagen-vitamin-c-nahk-kuuned-300g\\\/#primaryimage\"},\"image\":{\"@id\":\"https:\\\/\\\/fit360.ee\\\/en\\\/pood\\\/product-groups\\\/vitamins-and-minerals-en\\\/c-vitamin-en\\\/collagen-vitamin-c-nahk-kuuned-300g\\\/#primaryimage\"},\"thumbnailUrl\":\"https:\\\/\\\/fit360.ee\\\/wp-content\\\/uploads\\\/2021\\\/01\\\/collagen-vitamin-c-fit360.ee_-scaled.jpg\",\"datePublished\":\"2021-01-13T16:09:57+00:00\",\"dateModified\":\"2026-02-27T13:16:00+00:00\",\"description\":\"Collagen + Vitamin C on tuntud oma \u00e4\u00e4rmiselt kasulike omaduste poolest. Kaitseb liigeseid ja aitab neid kiiremini taastada. Kiire tarne!\",\"breadcrumb\":{\"@id\":\"https:\\\/\\\/fit360.ee\\\/en\\\/pood\\\/product-groups\\\/vitamins-and-minerals-en\\\/c-vitamin-en\\\/collagen-vitamin-c-nahk-kuuned-300g\\\/#breadcrumb\"},\"inLanguage\":\"en-US\",\"potentialAction\":[{\"@type\":\"ReadAction\",\"target\":[\"https:\\\/\\\/fit360.ee\\\/en\\\/pood\\\/product-groups\\\/vitamins-and-minerals-en\\\/c-vitamin-en\\\/collagen-vitamin-c-nahk-kuuned-300g\\\/\"]}]},{\"@type\":\"ImageObject\",\"inLanguage\":\"en-US\",\"@id\":\"https:\\\/\\\/fit360.ee\\\/en\\\/pood\\\/product-groups\\\/vitamins-and-minerals-en\\\/c-vitamin-en\\\/collagen-vitamin-c-nahk-kuuned-300g\\\/#primaryimage\",\"url\":\"https:\\\/\\\/fit360.ee\\\/wp-content\\\/uploads\\\/2021\\\/01\\\/collagen-vitamin-c-fit360.ee_-scaled.jpg\",\"contentUrl\":\"https:\\\/\\\/fit360.ee\\\/wp-content\\\/uploads\\\/2021\\\/01\\\/collagen-vitamin-c-fit360.ee_-scaled.jpg\",\"width\":2560,\"height\":2560,\"caption\":\"collagen + vitamin c - fit360.ee\"},{\"@type\":\"BreadcrumbList\",\"@id\":\"https:\\\/\\\/fit360.ee\\\/en\\\/pood\\\/product-groups\\\/vitamins-and-minerals-en\\\/c-vitamin-en\\\/collagen-vitamin-c-nahk-kuuned-300g\\\/#breadcrumb\",\"itemListElement\":[{\"@type\":\"ListItem\",\"position\":1,\"name\":\"Home\",\"item\":\"https:\\\/\\\/fit360.ee\\\/en\\\/\"},{\"@type\":\"ListItem\",\"position\":2,\"name\":\"Shop\",\"item\":\"https:\\\/\\\/fit360.ee\\\/en\\\/shop\\\/\"},{\"@type\":\"ListItem\",\"position\":3,\"name\":\"Collagen + Vitamiin C (Nahk, K\u00fc\u00fcned, 300g)\"}]},{\"@type\":\"WebSite\",\"@id\":\"https:\\\/\\\/fit360.ee\\\/en\\\/#website\",\"url\":\"https:\\\/\\\/fit360.ee\\\/en\\\/\",\"name\":\"Fit360\",\"description\":\"\",\"publisher\":{\"@id\":\"https:\\\/\\\/fit360.ee\\\/en\\\/#organization\"},\"potentialAction\":[{\"@type\":\"SearchAction\",\"target\":{\"@type\":\"EntryPoint\",\"urlTemplate\":\"https:\\\/\\\/fit360.ee\\\/en\\\/?s={search_term_string}\"},\"query-input\":{\"@type\":\"PropertyValueSpecification\",\"valueRequired\":true,\"valueName\":\"search_term_string\"}}],\"inLanguage\":\"en-US\"},{\"@type\":\"Organization\",\"@id\":\"https:\\\/\\\/fit360.ee\\\/en\\\/#organization\",\"name\":\"Fit360\",\"url\":\"https:\\\/\\\/fit360.ee\\\/en\\\/\",\"logo\":{\"@type\":\"ImageObject\",\"inLanguage\":\"en-US\",\"@id\":\"https:\\\/\\\/fit360.ee\\\/en\\\/#\\\/schema\\\/logo\\\/image\\\/\",\"url\":\"https:\\\/\\\/fit360.ee\\\/wp-content\\\/uploads\\\/2017\\\/01\\\/logo-fit360.png\",\"contentUrl\":\"https:\\\/\\\/fit360.ee\\\/wp-content\\\/uploads\\\/2017\\\/01\\\/logo-fit360.png\",\"width\":180,\"height\":66,\"caption\":\"Fit360\"},\"image\":{\"@id\":\"https:\\\/\\\/fit360.ee\\\/en\\\/#\\\/schema\\\/logo\\\/image\\\/\"}}]}<\/script>\n<!-- \/ Yoast SEO plugin. -->","yoast_head_json":{"title":"Collagen + Vitamin C - Kollageen - Vitamiin C - Eesti toode - Kiire tarne","description":"Collagen + Vitamin C on tuntud oma \u00e4\u00e4rmiselt kasulike omaduste poolest. Kaitseb liigeseid ja aitab neid kiiremini taastada. Kiire tarne!","robots":{"index":"index","follow":"follow","max-snippet":"max-snippet:-1","max-image-preview":"max-image-preview:large","max-video-preview":"max-video-preview:-1"},"canonical":"https:\/\/fit360.ee\/en\/pood\/product-groups\/vitamins-and-minerals-en\/c-vitamin-en\/collagen-vitamin-c-nahk-kuuned-300g\/","og_locale":"en_US","og_type":"article","og_title":"Collagen + Vitamin C - Kollageen - Vitamiin C - Eesti toode - Kiire tarne","og_description":"Collagen + Vitamin C on tuntud oma \u00e4\u00e4rmiselt kasulike omaduste poolest. Kaitseb liigeseid ja aitab neid kiiremini taastada. Kiire tarne!","og_url":"https:\/\/fit360.ee\/en\/pood\/product-groups\/vitamins-and-minerals-en\/c-vitamin-en\/collagen-vitamin-c-nahk-kuuned-300g\/","og_site_name":"Fit360","article_modified_time":"2026-02-27T13:16:00+00:00","og_image":[{"width":2560,"height":2560,"url":"https:\/\/fit360.ee\/wp-content\/uploads\/2021\/01\/collagen-vitamin-c-fit360.ee_-scaled.jpg","type":"image\/jpeg"}],"twitter_card":"summary_large_image","twitter_misc":{"Est. reading time":"3 minutes"},"schema":{"@context":"https:\/\/schema.org","@graph":[{"@type":"WebPage","@id":"https:\/\/fit360.ee\/en\/pood\/product-groups\/vitamins-and-minerals-en\/c-vitamin-en\/collagen-vitamin-c-nahk-kuuned-300g\/","url":"https:\/\/fit360.ee\/en\/pood\/product-groups\/vitamins-and-minerals-en\/c-vitamin-en\/collagen-vitamin-c-nahk-kuuned-300g\/","name":"Collagen + Vitamin C - Kollageen - Vitamiin C - Eesti toode - Kiire tarne","isPartOf":{"@id":"https:\/\/fit360.ee\/en\/#website"},"primaryImageOfPage":{"@id":"https:\/\/fit360.ee\/en\/pood\/product-groups\/vitamins-and-minerals-en\/c-vitamin-en\/collagen-vitamin-c-nahk-kuuned-300g\/#primaryimage"},"image":{"@id":"https:\/\/fit360.ee\/en\/pood\/product-groups\/vitamins-and-minerals-en\/c-vitamin-en\/collagen-vitamin-c-nahk-kuuned-300g\/#primaryimage"},"thumbnailUrl":"https:\/\/fit360.ee\/wp-content\/uploads\/2021\/01\/collagen-vitamin-c-fit360.ee_-scaled.jpg","datePublished":"2021-01-13T16:09:57+00:00","dateModified":"2026-02-27T13:16:00+00:00","description":"Collagen + Vitamin C on tuntud oma \u00e4\u00e4rmiselt kasulike omaduste poolest. Kaitseb liigeseid ja aitab neid kiiremini taastada. Kiire tarne!","breadcrumb":{"@id":"https:\/\/fit360.ee\/en\/pood\/product-groups\/vitamins-and-minerals-en\/c-vitamin-en\/collagen-vitamin-c-nahk-kuuned-300g\/#breadcrumb"},"inLanguage":"en-US","potentialAction":[{"@type":"ReadAction","target":["https:\/\/fit360.ee\/en\/pood\/product-groups\/vitamins-and-minerals-en\/c-vitamin-en\/collagen-vitamin-c-nahk-kuuned-300g\/"]}]},{"@type":"ImageObject","inLanguage":"en-US","@id":"https:\/\/fit360.ee\/en\/pood\/product-groups\/vitamins-and-minerals-en\/c-vitamin-en\/collagen-vitamin-c-nahk-kuuned-300g\/#primaryimage","url":"https:\/\/fit360.ee\/wp-content\/uploads\/2021\/01\/collagen-vitamin-c-fit360.ee_-scaled.jpg","contentUrl":"https:\/\/fit360.ee\/wp-content\/uploads\/2021\/01\/collagen-vitamin-c-fit360.ee_-scaled.jpg","width":2560,"height":2560,"caption":"collagen + vitamin c - fit360.ee"},{"@type":"BreadcrumbList","@id":"https:\/\/fit360.ee\/en\/pood\/product-groups\/vitamins-and-minerals-en\/c-vitamin-en\/collagen-vitamin-c-nahk-kuuned-300g\/#breadcrumb","itemListElement":[{"@type":"ListItem","position":1,"name":"Home","item":"https:\/\/fit360.ee\/en\/"},{"@type":"ListItem","position":2,"name":"Shop","item":"https:\/\/fit360.ee\/en\/shop\/"},{"@type":"ListItem","position":3,"name":"Collagen + Vitamiin C (Nahk, K\u00fc\u00fcned, 300g)"}]},{"@type":"WebSite","@id":"https:\/\/fit360.ee\/en\/#website","url":"https:\/\/fit360.ee\/en\/","name":"Fit360","description":"","publisher":{"@id":"https:\/\/fit360.ee\/en\/#organization"},"potentialAction":[{"@type":"SearchAction","target":{"@type":"EntryPoint","urlTemplate":"https:\/\/fit360.ee\/en\/?s={search_term_string}"},"query-input":{"@type":"PropertyValueSpecification","valueRequired":true,"valueName":"search_term_string"}}],"inLanguage":"en-US"},{"@type":"Organization","@id":"https:\/\/fit360.ee\/en\/#organization","name":"Fit360","url":"https:\/\/fit360.ee\/en\/","logo":{"@type":"ImageObject","inLanguage":"en-US","@id":"https:\/\/fit360.ee\/en\/#\/schema\/logo\/image\/","url":"https:\/\/fit360.ee\/wp-content\/uploads\/2017\/01\/logo-fit360.png","contentUrl":"https:\/\/fit360.ee\/wp-content\/uploads\/2017\/01\/logo-fit360.png","width":180,"height":66,"caption":"Fit360"},"image":{"@id":"https:\/\/fit360.ee\/en\/#\/schema\/logo\/image\/"}}]}},"_links":{"self":[{"href":"https:\/\/fit360.ee\/en\/wp-json\/wp\/v2\/product\/41403","targetHints":{"allow":["GET"]}}],"collection":[{"href":"https:\/\/fit360.ee\/en\/wp-json\/wp\/v2\/product"}],"about":[{"href":"https:\/\/fit360.ee\/en\/wp-json\/wp\/v2\/types\/product"}],"replies":[{"embeddable":true,"href":"https:\/\/fit360.ee\/en\/wp-json\/wp\/v2\/comments?post=41403"}],"wp:featuredmedia":[{"embeddable":true,"href":"https:\/\/fit360.ee\/en\/wp-json\/wp\/v2\/media\/74510"}],"wp:attachment":[{"href":"https:\/\/fit360.ee\/en\/wp-json\/wp\/v2\/media?parent=41403"}],"wp:term":[{"taxonomy":"product_brand","embeddable":true,"href":"https:\/\/fit360.ee\/en\/wp-json\/wp\/v2\/product_brand?post=41403"},{"taxonomy":"product_cat","embeddable":true,"href":"https:\/\/fit360.ee\/en\/wp-json\/wp\/v2\/product_cat?post=41403"},{"taxonomy":"product_tag","embeddable":true,"href":"https:\/\/fit360.ee\/en\/wp-json\/wp\/v2\/product_tag?post=41403"},{"taxonomy":"giftcard-category","embeddable":true,"href":"https:\/\/fit360.ee\/en\/wp-json\/wp\/v2\/giftcard-category?post=41403"}],"curies":[{"name":"wp","href":"https:\/\/api.w.org\/{rel}","templated":true}]}}