{"id":50196,"date":"2021-02-19T12:30:25","date_gmt":"2021-02-19T10:30:25","guid":{"rendered":"https:\/\/fit360.ee\/pood\/uncategorized\/gotu-kola-90tabs\/"},"modified":"2025-08-13T07:38:04","modified_gmt":"2025-08-13T05:38:04","slug":"gotu-kola-90tabs","status":"publish","type":"product","link":"https:\/\/fit360.ee\/en\/pood\/product-groups\/vitamins-and-minerals-en\/gotu-kola-90tabs\/","title":{"rendered":"Gotu Kola (90tabs)"},"content":{"rendered":"<h1>Gotu Kola<\/h1>\n<p><strong>Gotu Kola<\/strong> ehk Aasia vesinaba ehk <em>Centella asiatica\u00a0<\/em>on tuntud rohttaim, mis kasvab k\u00f5ikjal Indias, Hiinas, Indoneesias, Aafrikas, Tseilonil ja Madagaskaril. Ammustest aegadest tarvitatakse aasia vesinaba nahahaiguste, artriidi, hemorroidide raviks, verer\u00f5hu alandamiseks, ps\u00fc\u00fchikah\u00e4irete korral. See ravimtaim on tuntud kui tugev looduslik immunomodulaator ja popularne suguiha suurendav vahend.<br \/>\nRegulaarsel tarvitamisel kiirendab m\u00f5tlemisprotsesse, parandab taju ja aktiviseerib m\u00e4lu. Kasutatakse rahustava ja n\u00e4rvis\u00fcsteemi funktsioone taastava vahendina. On pehmetoimeline uriinieritust soodustav vahend, kasutatakse ka k\u00f5rget verer\u00f5hku alandava vahendina.<\/p>\n<p><strong>Positiivsed omadused<\/strong>:<\/p>\n<ul>\n<li><strong>Parandab m\u00e4lu<\/strong><\/li>\n<li>Stimuleerib m\u00f5tteprotsesse<\/li>\n<li>Toetab aju &#8211; ja perifeerset vereringet<\/li>\n<li>Toetab haavade paranemise protsessi<\/li>\n<li>Alandab k\u00f5rget verer\u00f5hku<\/li>\n<li>Rahustava toimega<\/li>\n<\/ul>\n<p><strong>NOOTROPILINE koostisosa<\/strong><\/p>\n<p>Sobib kasutamiseks intensiivsemat ajutegevust vajaval perioodil. Aasia Vesinaba\u00a0 toetab ja tasakaalustab m\u00e4lu ja n\u00e4rvis\u00fcsteemi. V\u00f5ib v\u00e4hendada kehalist ja vaimset kurnatust, leevendada unetust ja stressi ning parandada keskendumisv\u00f5imet.<\/p>\n<p>Vaata ka teisi Aju tegevust toetavaid toidulisandeid <a href=\"https:\/\/fit360.ee\/en\/product-category\/product-groups\/brain-support-nootropics-en\/\"><strong>SIIT<\/strong><\/a>!<\/p>\n<p><strong>Koostisosad<\/strong>: GotuKola (<em>Centella Asiatica<\/em>) ekstrakt 4: 1, t\u00e4iteained: mikrokristalne tselluloos, kartulit\u00e4rklis; paakumisvastane aine: magneesiumstereaat, r\u00e4nidioksiid<\/p>\n<p><strong>Kasutamine<\/strong>: 1 tablett 3 korda p\u00e4evas.<\/p>\n<p><strong>Suurus<\/strong>: 90 tabletti<\/p>\n<table>\n<tbody>\n<tr>\n<td width=\"160\"><strong>\u00a0Aktiivsed toimeained<\/strong><\/td>\n<td width=\"160\"><strong>1 tablett<\/strong><\/td>\n<td width=\"160\"><strong>2 tabletti<\/strong><\/td>\n<td width=\"160\"><strong>3 tabletti<\/strong><\/td>\n<\/tr>\n<tr>\n<td width=\"160\">Gotu Kola<\/td>\n<td width=\"160\">400mg<\/td>\n<td width=\"160\">800mg<\/td>\n<td width=\"160\">1200mg<\/td>\n<\/tr>\n<tr>\n<td width=\"160\">sealhulgas: asiaticoside<\/td>\n<td width=\"160\">40mg<\/td>\n<td width=\"160\">80mg<\/td>\n<td width=\"160\">120mg<\/td>\n<\/tr>\n<\/tbody>\n<\/table>\n<p>Soovid kaupa osta suuremas koguses? Vaata antud toodet ka meie HULGI poest\u00a0<a href=\"https:\/\/toidulisandidhulgi.ee\/product\/gotu-kola-90tabs\/\"><strong>SIIT<\/strong><\/a>!<\/p>\n","protected":false},"excerpt":{"rendered":"<h2>GOTU KOLA &#8211; AASIA VESINABA<\/h2>\n<p><strong>Positiivsed omadused<\/strong>:<\/p>\n<ul>\n<li><strong>Parandab m\u00e4lu<\/strong><\/li>\n<li>Stimuleerib m\u00f5tteprotsesse<\/li>\n<li>Toetab aju &#8211; ja perifeerset vereringet<\/li>\n<li>Toetab haavade paranemise protsessi<\/li>\n<li>Alandab k\u00f5rget verer\u00f5hku<\/li>\n<li>Rahustava toimega<\/li>\n<\/ul>\n","protected":false},"featured_media":50193,"comment_status":"closed","ping_status":"closed","template":"","meta":[],"product_brand":[],"product_cat":[2485,515,1454,536],"product_tag":[2638,2639,2640,1803],"giftcard-category":[],"class_list":{"0":"post-50196","1":"product","2":"type-product","3":"status-publish","4":"has-post-thumbnail","6":"product_cat-brain-support-nootropics-en","7":"product_cat-real-pharm","8":"product_cat-superfoods-health-foods-en","9":"product_cat-vitamins-and-minerals-en","10":"product_tag-aasia-vesinaba-en","11":"product_tag-centella-asiatica-en","12":"product_tag-gotu-kola-en","13":"product_tag-real-pharm-en","14":"pa_toidulisand-branddd-real-pharm","15":"pa_tootegruppp-aju-tegevus-nootropics-en","16":"pa_tootegruppp-supertoit-tervisetoit-en","17":"pa_tootegruppp-vitamins-and-minerals","19":"first","20":"outofstock","21":"sale","22":"taxable","23":"shipping-taxable","24":"purchasable","25":"product-type-simple"},"yoast_head":"<!-- This site is optimized with the Yoast SEO plugin v27.3 - https:\/\/yoast.com\/product\/yoast-seo-wordpress\/ -->\n<title>Gotu Kola (90tabs) - Aasia Vesinaba - Centella Asiatica - Kiire Tarne<\/title>\n<meta name=\"description\" content=\"Gotu Kola parandab m\u00e4lu, stimuleerib m\u00f5tteprotsesse, toetab aju - ja perifeerset vereringet ning alandab k\u00f5rget verer\u00f5hku. Parimad hinnad!\" \/>\n<meta name=\"robots\" content=\"index, follow, max-snippet:-1, max-image-preview:large, max-video-preview:-1\" \/>\n<link rel=\"canonical\" href=\"https:\/\/fit360.ee\/en\/pood\/product-groups\/vitamins-and-minerals-en\/gotu-kola-90tabs\/\" \/>\n<meta property=\"og:locale\" content=\"en_US\" \/>\n<meta property=\"og:type\" content=\"article\" \/>\n<meta property=\"og:title\" content=\"Gotu Kola (90tabs) - Aasia Vesinaba - Centella Asiatica - Kiire Tarne\" \/>\n<meta property=\"og:description\" content=\"Gotu Kola parandab m\u00e4lu, stimuleerib m\u00f5tteprotsesse, toetab aju - ja perifeerset vereringet ning alandab k\u00f5rget verer\u00f5hku. Parimad hinnad!\" \/>\n<meta property=\"og:url\" content=\"https:\/\/fit360.ee\/en\/pood\/product-groups\/vitamins-and-minerals-en\/gotu-kola-90tabs\/\" \/>\n<meta property=\"og:site_name\" content=\"Fit360\" \/>\n<meta property=\"article:modified_time\" content=\"2025-08-13T05:38:04+00:00\" \/>\n<meta property=\"og:image\" content=\"https:\/\/fit360.ee\/wp-content\/uploads\/2021\/02\/gotu-kola-aasia-vesinaba-toidulisandidhulgi.ee_.png\" \/>\n\t<meta property=\"og:image:width\" content=\"800\" \/>\n\t<meta property=\"og:image:height\" content=\"800\" \/>\n\t<meta property=\"og:image:type\" content=\"image\/png\" \/>\n<meta name=\"twitter:card\" content=\"summary_large_image\" \/>\n<meta name=\"twitter:label1\" content=\"Est. reading time\" \/>\n\t<meta name=\"twitter:data1\" content=\"1 minute\" \/>\n<script type=\"application\/ld+json\" class=\"yoast-schema-graph\">{\"@context\":\"https:\\\/\\\/schema.org\",\"@graph\":[{\"@type\":\"WebPage\",\"@id\":\"https:\\\/\\\/fit360.ee\\\/en\\\/pood\\\/product-groups\\\/vitamins-and-minerals-en\\\/gotu-kola-90tabs\\\/\",\"url\":\"https:\\\/\\\/fit360.ee\\\/en\\\/pood\\\/product-groups\\\/vitamins-and-minerals-en\\\/gotu-kola-90tabs\\\/\",\"name\":\"Gotu Kola (90tabs) - Aasia Vesinaba - Centella Asiatica - Kiire Tarne\",\"isPartOf\":{\"@id\":\"https:\\\/\\\/fit360.ee\\\/en\\\/#website\"},\"primaryImageOfPage\":{\"@id\":\"https:\\\/\\\/fit360.ee\\\/en\\\/pood\\\/product-groups\\\/vitamins-and-minerals-en\\\/gotu-kola-90tabs\\\/#primaryimage\"},\"image\":{\"@id\":\"https:\\\/\\\/fit360.ee\\\/en\\\/pood\\\/product-groups\\\/vitamins-and-minerals-en\\\/gotu-kola-90tabs\\\/#primaryimage\"},\"thumbnailUrl\":\"https:\\\/\\\/fit360.ee\\\/wp-content\\\/uploads\\\/2021\\\/02\\\/gotu-kola-aasia-vesinaba-toidulisandidhulgi.ee_.png\",\"datePublished\":\"2021-02-19T10:30:25+00:00\",\"dateModified\":\"2025-08-13T05:38:04+00:00\",\"description\":\"Gotu Kola parandab m\u00e4lu, stimuleerib m\u00f5tteprotsesse, toetab aju - ja perifeerset vereringet ning alandab k\u00f5rget verer\u00f5hku. Parimad hinnad!\",\"breadcrumb\":{\"@id\":\"https:\\\/\\\/fit360.ee\\\/en\\\/pood\\\/product-groups\\\/vitamins-and-minerals-en\\\/gotu-kola-90tabs\\\/#breadcrumb\"},\"inLanguage\":\"en-US\",\"potentialAction\":[{\"@type\":\"ReadAction\",\"target\":[\"https:\\\/\\\/fit360.ee\\\/en\\\/pood\\\/product-groups\\\/vitamins-and-minerals-en\\\/gotu-kola-90tabs\\\/\"]}]},{\"@type\":\"ImageObject\",\"inLanguage\":\"en-US\",\"@id\":\"https:\\\/\\\/fit360.ee\\\/en\\\/pood\\\/product-groups\\\/vitamins-and-minerals-en\\\/gotu-kola-90tabs\\\/#primaryimage\",\"url\":\"https:\\\/\\\/fit360.ee\\\/wp-content\\\/uploads\\\/2021\\\/02\\\/gotu-kola-aasia-vesinaba-toidulisandidhulgi.ee_.png\",\"contentUrl\":\"https:\\\/\\\/fit360.ee\\\/wp-content\\\/uploads\\\/2021\\\/02\\\/gotu-kola-aasia-vesinaba-toidulisandidhulgi.ee_.png\",\"width\":800,\"height\":800,\"caption\":\"gotu kola aasia vesinaba - fit360.ee\"},{\"@type\":\"BreadcrumbList\",\"@id\":\"https:\\\/\\\/fit360.ee\\\/en\\\/pood\\\/product-groups\\\/vitamins-and-minerals-en\\\/gotu-kola-90tabs\\\/#breadcrumb\",\"itemListElement\":[{\"@type\":\"ListItem\",\"position\":1,\"name\":\"Home\",\"item\":\"https:\\\/\\\/fit360.ee\\\/en\\\/\"},{\"@type\":\"ListItem\",\"position\":2,\"name\":\"Shop\",\"item\":\"https:\\\/\\\/fit360.ee\\\/en\\\/shop\\\/\"},{\"@type\":\"ListItem\",\"position\":3,\"name\":\"Gotu Kola (90tabs)\"}]},{\"@type\":\"WebSite\",\"@id\":\"https:\\\/\\\/fit360.ee\\\/en\\\/#website\",\"url\":\"https:\\\/\\\/fit360.ee\\\/en\\\/\",\"name\":\"Fit360\",\"description\":\"\",\"publisher\":{\"@id\":\"https:\\\/\\\/fit360.ee\\\/en\\\/#organization\"},\"potentialAction\":[{\"@type\":\"SearchAction\",\"target\":{\"@type\":\"EntryPoint\",\"urlTemplate\":\"https:\\\/\\\/fit360.ee\\\/en\\\/?s={search_term_string}\"},\"query-input\":{\"@type\":\"PropertyValueSpecification\",\"valueRequired\":true,\"valueName\":\"search_term_string\"}}],\"inLanguage\":\"en-US\"},{\"@type\":\"Organization\",\"@id\":\"https:\\\/\\\/fit360.ee\\\/en\\\/#organization\",\"name\":\"Fit360\",\"url\":\"https:\\\/\\\/fit360.ee\\\/en\\\/\",\"logo\":{\"@type\":\"ImageObject\",\"inLanguage\":\"en-US\",\"@id\":\"https:\\\/\\\/fit360.ee\\\/en\\\/#\\\/schema\\\/logo\\\/image\\\/\",\"url\":\"https:\\\/\\\/fit360.ee\\\/wp-content\\\/uploads\\\/2017\\\/01\\\/logo-fit360.png\",\"contentUrl\":\"https:\\\/\\\/fit360.ee\\\/wp-content\\\/uploads\\\/2017\\\/01\\\/logo-fit360.png\",\"width\":180,\"height\":66,\"caption\":\"Fit360\"},\"image\":{\"@id\":\"https:\\\/\\\/fit360.ee\\\/en\\\/#\\\/schema\\\/logo\\\/image\\\/\"}}]}<\/script>\n<!-- \/ Yoast SEO plugin. -->","yoast_head_json":{"title":"Gotu Kola (90tabs) - Aasia Vesinaba - Centella Asiatica - Kiire Tarne","description":"Gotu Kola parandab m\u00e4lu, stimuleerib m\u00f5tteprotsesse, toetab aju - ja perifeerset vereringet ning alandab k\u00f5rget verer\u00f5hku. Parimad hinnad!","robots":{"index":"index","follow":"follow","max-snippet":"max-snippet:-1","max-image-preview":"max-image-preview:large","max-video-preview":"max-video-preview:-1"},"canonical":"https:\/\/fit360.ee\/en\/pood\/product-groups\/vitamins-and-minerals-en\/gotu-kola-90tabs\/","og_locale":"en_US","og_type":"article","og_title":"Gotu Kola (90tabs) - Aasia Vesinaba - Centella Asiatica - Kiire Tarne","og_description":"Gotu Kola parandab m\u00e4lu, stimuleerib m\u00f5tteprotsesse, toetab aju - ja perifeerset vereringet ning alandab k\u00f5rget verer\u00f5hku. Parimad hinnad!","og_url":"https:\/\/fit360.ee\/en\/pood\/product-groups\/vitamins-and-minerals-en\/gotu-kola-90tabs\/","og_site_name":"Fit360","article_modified_time":"2025-08-13T05:38:04+00:00","og_image":[{"width":800,"height":800,"url":"https:\/\/fit360.ee\/wp-content\/uploads\/2021\/02\/gotu-kola-aasia-vesinaba-toidulisandidhulgi.ee_.png","type":"image\/png"}],"twitter_card":"summary_large_image","twitter_misc":{"Est. reading time":"1 minute"},"schema":{"@context":"https:\/\/schema.org","@graph":[{"@type":"WebPage","@id":"https:\/\/fit360.ee\/en\/pood\/product-groups\/vitamins-and-minerals-en\/gotu-kola-90tabs\/","url":"https:\/\/fit360.ee\/en\/pood\/product-groups\/vitamins-and-minerals-en\/gotu-kola-90tabs\/","name":"Gotu Kola (90tabs) - Aasia Vesinaba - Centella Asiatica - Kiire Tarne","isPartOf":{"@id":"https:\/\/fit360.ee\/en\/#website"},"primaryImageOfPage":{"@id":"https:\/\/fit360.ee\/en\/pood\/product-groups\/vitamins-and-minerals-en\/gotu-kola-90tabs\/#primaryimage"},"image":{"@id":"https:\/\/fit360.ee\/en\/pood\/product-groups\/vitamins-and-minerals-en\/gotu-kola-90tabs\/#primaryimage"},"thumbnailUrl":"https:\/\/fit360.ee\/wp-content\/uploads\/2021\/02\/gotu-kola-aasia-vesinaba-toidulisandidhulgi.ee_.png","datePublished":"2021-02-19T10:30:25+00:00","dateModified":"2025-08-13T05:38:04+00:00","description":"Gotu Kola parandab m\u00e4lu, stimuleerib m\u00f5tteprotsesse, toetab aju - ja perifeerset vereringet ning alandab k\u00f5rget verer\u00f5hku. Parimad hinnad!","breadcrumb":{"@id":"https:\/\/fit360.ee\/en\/pood\/product-groups\/vitamins-and-minerals-en\/gotu-kola-90tabs\/#breadcrumb"},"inLanguage":"en-US","potentialAction":[{"@type":"ReadAction","target":["https:\/\/fit360.ee\/en\/pood\/product-groups\/vitamins-and-minerals-en\/gotu-kola-90tabs\/"]}]},{"@type":"ImageObject","inLanguage":"en-US","@id":"https:\/\/fit360.ee\/en\/pood\/product-groups\/vitamins-and-minerals-en\/gotu-kola-90tabs\/#primaryimage","url":"https:\/\/fit360.ee\/wp-content\/uploads\/2021\/02\/gotu-kola-aasia-vesinaba-toidulisandidhulgi.ee_.png","contentUrl":"https:\/\/fit360.ee\/wp-content\/uploads\/2021\/02\/gotu-kola-aasia-vesinaba-toidulisandidhulgi.ee_.png","width":800,"height":800,"caption":"gotu kola aasia vesinaba - fit360.ee"},{"@type":"BreadcrumbList","@id":"https:\/\/fit360.ee\/en\/pood\/product-groups\/vitamins-and-minerals-en\/gotu-kola-90tabs\/#breadcrumb","itemListElement":[{"@type":"ListItem","position":1,"name":"Home","item":"https:\/\/fit360.ee\/en\/"},{"@type":"ListItem","position":2,"name":"Shop","item":"https:\/\/fit360.ee\/en\/shop\/"},{"@type":"ListItem","position":3,"name":"Gotu Kola (90tabs)"}]},{"@type":"WebSite","@id":"https:\/\/fit360.ee\/en\/#website","url":"https:\/\/fit360.ee\/en\/","name":"Fit360","description":"","publisher":{"@id":"https:\/\/fit360.ee\/en\/#organization"},"potentialAction":[{"@type":"SearchAction","target":{"@type":"EntryPoint","urlTemplate":"https:\/\/fit360.ee\/en\/?s={search_term_string}"},"query-input":{"@type":"PropertyValueSpecification","valueRequired":true,"valueName":"search_term_string"}}],"inLanguage":"en-US"},{"@type":"Organization","@id":"https:\/\/fit360.ee\/en\/#organization","name":"Fit360","url":"https:\/\/fit360.ee\/en\/","logo":{"@type":"ImageObject","inLanguage":"en-US","@id":"https:\/\/fit360.ee\/en\/#\/schema\/logo\/image\/","url":"https:\/\/fit360.ee\/wp-content\/uploads\/2017\/01\/logo-fit360.png","contentUrl":"https:\/\/fit360.ee\/wp-content\/uploads\/2017\/01\/logo-fit360.png","width":180,"height":66,"caption":"Fit360"},"image":{"@id":"https:\/\/fit360.ee\/en\/#\/schema\/logo\/image\/"}}]}},"_links":{"self":[{"href":"https:\/\/fit360.ee\/en\/wp-json\/wp\/v2\/product\/50196","targetHints":{"allow":["GET"]}}],"collection":[{"href":"https:\/\/fit360.ee\/en\/wp-json\/wp\/v2\/product"}],"about":[{"href":"https:\/\/fit360.ee\/en\/wp-json\/wp\/v2\/types\/product"}],"replies":[{"embeddable":true,"href":"https:\/\/fit360.ee\/en\/wp-json\/wp\/v2\/comments?post=50196"}],"wp:featuredmedia":[{"embeddable":true,"href":"https:\/\/fit360.ee\/en\/wp-json\/wp\/v2\/media\/50193"}],"wp:attachment":[{"href":"https:\/\/fit360.ee\/en\/wp-json\/wp\/v2\/media?parent=50196"}],"wp:term":[{"taxonomy":"product_brand","embeddable":true,"href":"https:\/\/fit360.ee\/en\/wp-json\/wp\/v2\/product_brand?post=50196"},{"taxonomy":"product_cat","embeddable":true,"href":"https:\/\/fit360.ee\/en\/wp-json\/wp\/v2\/product_cat?post=50196"},{"taxonomy":"product_tag","embeddable":true,"href":"https:\/\/fit360.ee\/en\/wp-json\/wp\/v2\/product_tag?post=50196"},{"taxonomy":"giftcard-category","embeddable":true,"href":"https:\/\/fit360.ee\/en\/wp-json\/wp\/v2\/giftcard-category?post=50196"}],"curies":[{"name":"wp","href":"https:\/\/api.w.org\/{rel}","templated":true}]}}