{"id":50213,"date":"2021-02-19T12:57:01","date_gmt":"2021-02-19T10:57:01","guid":{"rendered":"https:\/\/fit360.ee\/pood\/uncategorized\/triple-magnesium-magneesiumikompleks-100g\/"},"modified":"2026-01-26T14:49:19","modified_gmt":"2026-01-26T12:49:19","slug":"triple-magnesium-magneesiumikompleks-100g","status":"publish","type":"product","link":"https:\/\/fit360.ee\/en\/pood\/product-groups\/vitamins-and-minerals-en\/magnesium-en\/triple-magnesium-magneesiumikompleks-100g\/","title":{"rendered":"Triple Magnesium &#8211; Magneesiumikompleks (100g)"},"content":{"rendered":"<h1>TRIPLE MAGNESIUM<\/h1>\n<p>Triple Magnesium on toode, kus on \u00fcendatud 3 erinevat magneesiumi vormi pulbri kujul &#8211; Magneesiumtsitraat, Magneesiumlaktaat ja Magneesiumkarbonaat.<\/p>\n<p><strong>Magneesiumi on vaja<\/strong>:<\/p>\n<ul>\n<li><strong><a href=\"https:\/\/fit360.ee\/en\/product-category\/product-groups\/energy-carbohydrates\/\">S\u00fcsivesikute<\/a><\/strong>, <a href=\"https:\/\/fit360.ee\/en\/product-category\/product-groups\/essential-fats-en\/\"><strong>rasvade<\/strong><\/a> ja <a href=\"https:\/\/fit360.ee\/en\/product-category\/product-groups\/amino-acids-bcaa\/\"><strong>aminohapete<\/strong><\/a> normaalseks ainevahetuseks<\/li>\n<li>Organismis soolade koostises luukoe tekkes, kaltsiumi rolli soodustamiseks inimorganismis (nt luukoe areng, uuenemine),<\/li>\n<li>S\u00fcdamelihaste t\u00f6\u00f6ks ja vereringe reguleerimiseks,<\/li>\n<li>Normaalseks n\u00e4rvitalitluseks,<\/li>\n<li>Elektrol\u00fc\u00fctide tasakaalu s\u00e4ilitamiseks<\/li>\n<li>V\u00e4hendada v\u00e4simust<\/li>\n<\/ul>\n<p>Magneesium on kahtlemata k\u00f5ige t\u00e4htsam mineraal, sellepuudus v\u00f5ib tekitada t\u00f5siseid probleeme. Dr Norman Shealy (USA neurokirurg ja pioneer valumeditsiinis) s\u00f5nul iga tuntud haigus on seotud magneesiumi puudusega ning magneesiumi tarbimine aitab ravida palju haigusi. Magneesium aitab reguleerida kaltsiumi, kaaliumi ja sodiumi taset ning ta on oluline raku toimimise jaoks. Magneesium on oluline komponent rohkem kui 300 biokeemilisesfunktsioonis kehas.<\/p>\n<p><strong>Koostisosad<\/strong>: Magneesiumkarbonaat (magneesium), Magneesiumtsitraat (magneesium), Magneesiumlaktaat (magneesium), paakumisvastane aine: r\u00e4nidioksiid.<\/p>\n<p><strong>Kasutamine<\/strong>: Lisa \u00fcks serveering 1,5g pulbrit (3\/4 m\u00f5\u00f5dulusikast) 100-150ml vee v\u00f5i mahlaga. Tarbi \u00fcks kord p\u00e4evas.<\/p>\n<p><strong>Suurus<\/strong>: 100g<\/p>\n<table>\n<tbody>\n<tr>\n<td width=\"226\"><strong>Aktiivsed toimeained<\/strong><\/td>\n<td width=\"214\"><strong>1,5g<\/strong><\/td>\n<td width=\"198\"><strong>100g<\/strong><\/td>\n<\/tr>\n<tr>\n<td width=\"226\"><strong>Magneesiumikompleks<\/strong> \u2013 magneesiumkarbonaat, magneesiumlaktaat, magneesiumtsitraat<\/td>\n<td width=\"214\">1485mg<\/td>\n<td width=\"198\">99g<\/td>\n<\/tr>\n<tr>\n<td width=\"226\">sealhulgas: Magneesium<\/td>\n<td width=\"214\">375mg<\/td>\n<td width=\"198\">25g<\/td>\n<\/tr>\n<\/tbody>\n<\/table>\n<div class=\"woocommerce-tabs wc-tabs-wrapper container tabbed-content\">\n<div class=\"tab-panels\">\n<div id=\"tab-description\" class=\"woocommerce-Tabs-panel woocommerce-Tabs-panel--description panel entry-content active\" role=\"tabpanel\" aria-labelledby=\"tab-title-description\">\n<p>Soovid kaupa osta suuremas koguses? Vaata antud toodet ka meie HULGI poest\u00a0<a href=\"https:\/\/toidulisandidhulgi.ee\/product\/triple-magnesium-100g\/\"><strong>SIIT<\/strong><\/a>!<\/p>\n<\/div>\n<\/div>\n<\/div>\n<div class=\"woocommerce yith-similar-products cols-4 \" data-slider=\"1\" data-autoplay=\"1\" data-numcolumns=\"4\" data-autoplayspeed=\"3000\"><\/div>\n","protected":false},"excerpt":{"rendered":"<h2><strong>Magneesiumi on vaja<\/strong>:<\/h2>\n<ul>\n<li><strong><a href=\"https:\/\/fit360.ee\/en\/product-category\/product-groups\/energy-carbohydrates\/\">S\u00fcsivesikute<\/a><\/strong>, <a href=\"https:\/\/fit360.ee\/en\/product-category\/product-groups\/essential-fats-en\/\"><strong>rasvade<\/strong><\/a> ja <a href=\"https:\/\/fit360.ee\/en\/product-category\/product-groups\/amino-acids-bcaa\/\"><strong>aminohapete<\/strong><\/a> normaalseks ainevahetuseks<\/li>\n<li>Organismis soolade koostises luukoe tekkes, kaltsiumi rolli soodustamiseks inimorganismis (nt luukoe areng, uuenemine),<\/li>\n<li>S\u00fcdamelihaste t\u00f6\u00f6ks ja vereringe reguleerimiseks,<\/li>\n<li>Normaalseks n\u00e4rvitalitluseks,<\/li>\n<li>Elektrol\u00fc\u00fctide tasakaalu s\u00e4ilitamiseks<\/li>\n<li>V\u00e4hendada v\u00e4simust<\/li>\n<\/ul>\n","protected":false},"featured_media":84372,"comment_status":"closed","ping_status":"closed","template":"","meta":[],"product_brand":[],"product_cat":[1915,1329,1454,536],"product_tag":[2650,1924,2651],"giftcard-category":[],"class_list":{"0":"post-50213","1":"product","2":"type-product","3":"status-publish","4":"has-post-thumbnail","6":"product_cat-magnesium-en","7":"product_cat-ostrovit-en","8":"product_cat-superfoods-health-foods-en","9":"product_cat-vitamins-and-minerals-en","10":"product_tag-magneesiumikompleks-en","11":"product_tag-ostrovit-en","12":"product_tag-triple-magnesium-en","13":"pa_toidulisand-branddd-ostrovit","14":"pa_tootegruppp-magneesium-en","15":"pa_tootegruppp-supertoit-tervisetoit-en","16":"pa_tootegruppp-vitamins-and-minerals","18":"first","19":"outofstock","20":"sale","21":"taxable","22":"shipping-taxable","23":"purchasable","24":"product-type-simple"},"yoast_head":"<!-- This site is optimized with the Yoast SEO plugin v27.3 - https:\/\/yoast.com\/product\/yoast-seo-wordpress\/ -->\n<title>Triple Magnesium (100g) - Magneesiumikompleks - Kiire tarne - Parim Hind<\/title>\n<meta name=\"description\" content=\"Triple Magnesium on toode, kus on \u00fcendatud 3 erinevat magneesiumi vormi pulbri kujul: Magneesiumtsitraat, -laktaat ja -karbonaat.\" \/>\n<meta name=\"robots\" content=\"index, follow, max-snippet:-1, max-image-preview:large, max-video-preview:-1\" \/>\n<link rel=\"canonical\" href=\"https:\/\/fit360.ee\/en\/pood\/product-groups\/vitamins-and-minerals-en\/magnesium-en\/triple-magnesium-magneesiumikompleks-100g\/\" \/>\n<meta property=\"og:locale\" content=\"en_US\" \/>\n<meta property=\"og:type\" content=\"article\" \/>\n<meta property=\"og:title\" content=\"Triple Magnesium (100g) - Magneesiumikompleks - Kiire tarne - Parim Hind\" \/>\n<meta property=\"og:description\" content=\"Triple Magnesium on toode, kus on \u00fcendatud 3 erinevat magneesiumi vormi pulbri kujul: Magneesiumtsitraat, -laktaat ja -karbonaat.\" \/>\n<meta property=\"og:url\" content=\"https:\/\/fit360.ee\/en\/pood\/product-groups\/vitamins-and-minerals-en\/magnesium-en\/triple-magnesium-magneesiumikompleks-100g\/\" \/>\n<meta property=\"og:site_name\" content=\"Fit360\" \/>\n<meta property=\"article:modified_time\" content=\"2026-01-26T12:49:19+00:00\" \/>\n<meta property=\"og:image\" content=\"https:\/\/fit360.ee\/wp-content\/uploads\/2021\/02\/triple-magnesium-magneesiumi-kompleks-fit360.ee-1.png\" \/>\n\t<meta property=\"og:image:width\" content=\"450\" \/>\n\t<meta property=\"og:image:height\" content=\"450\" \/>\n\t<meta property=\"og:image:type\" content=\"image\/png\" \/>\n<meta name=\"twitter:card\" content=\"summary_large_image\" \/>\n<meta name=\"twitter:label1\" content=\"Est. reading time\" \/>\n\t<meta name=\"twitter:data1\" content=\"1 minute\" \/>\n<script type=\"application\/ld+json\" class=\"yoast-schema-graph\">{\"@context\":\"https:\\\/\\\/schema.org\",\"@graph\":[{\"@type\":\"WebPage\",\"@id\":\"https:\\\/\\\/fit360.ee\\\/en\\\/pood\\\/product-groups\\\/vitamins-and-minerals-en\\\/magnesium-en\\\/triple-magnesium-magneesiumikompleks-100g\\\/\",\"url\":\"https:\\\/\\\/fit360.ee\\\/en\\\/pood\\\/product-groups\\\/vitamins-and-minerals-en\\\/magnesium-en\\\/triple-magnesium-magneesiumikompleks-100g\\\/\",\"name\":\"Triple Magnesium (100g) - Magneesiumikompleks - Kiire tarne - Parim Hind\",\"isPartOf\":{\"@id\":\"https:\\\/\\\/fit360.ee\\\/en\\\/#website\"},\"primaryImageOfPage\":{\"@id\":\"https:\\\/\\\/fit360.ee\\\/en\\\/pood\\\/product-groups\\\/vitamins-and-minerals-en\\\/magnesium-en\\\/triple-magnesium-magneesiumikompleks-100g\\\/#primaryimage\"},\"image\":{\"@id\":\"https:\\\/\\\/fit360.ee\\\/en\\\/pood\\\/product-groups\\\/vitamins-and-minerals-en\\\/magnesium-en\\\/triple-magnesium-magneesiumikompleks-100g\\\/#primaryimage\"},\"thumbnailUrl\":\"https:\\\/\\\/fit360.ee\\\/wp-content\\\/uploads\\\/2021\\\/02\\\/triple-magnesium-magneesiumi-kompleks-fit360.ee-1.png\",\"datePublished\":\"2021-02-19T10:57:01+00:00\",\"dateModified\":\"2026-01-26T12:49:19+00:00\",\"description\":\"Triple Magnesium on toode, kus on \u00fcendatud 3 erinevat magneesiumi vormi pulbri kujul: Magneesiumtsitraat, -laktaat ja -karbonaat.\",\"breadcrumb\":{\"@id\":\"https:\\\/\\\/fit360.ee\\\/en\\\/pood\\\/product-groups\\\/vitamins-and-minerals-en\\\/magnesium-en\\\/triple-magnesium-magneesiumikompleks-100g\\\/#breadcrumb\"},\"inLanguage\":\"en-US\",\"potentialAction\":[{\"@type\":\"ReadAction\",\"target\":[\"https:\\\/\\\/fit360.ee\\\/en\\\/pood\\\/product-groups\\\/vitamins-and-minerals-en\\\/magnesium-en\\\/triple-magnesium-magneesiumikompleks-100g\\\/\"]}]},{\"@type\":\"ImageObject\",\"inLanguage\":\"en-US\",\"@id\":\"https:\\\/\\\/fit360.ee\\\/en\\\/pood\\\/product-groups\\\/vitamins-and-minerals-en\\\/magnesium-en\\\/triple-magnesium-magneesiumikompleks-100g\\\/#primaryimage\",\"url\":\"https:\\\/\\\/fit360.ee\\\/wp-content\\\/uploads\\\/2021\\\/02\\\/triple-magnesium-magneesiumi-kompleks-fit360.ee-1.png\",\"contentUrl\":\"https:\\\/\\\/fit360.ee\\\/wp-content\\\/uploads\\\/2021\\\/02\\\/triple-magnesium-magneesiumi-kompleks-fit360.ee-1.png\",\"width\":450,\"height\":450,\"caption\":\"triple magnesium magneesiumi kompleks - fit360.ee\"},{\"@type\":\"BreadcrumbList\",\"@id\":\"https:\\\/\\\/fit360.ee\\\/en\\\/pood\\\/product-groups\\\/vitamins-and-minerals-en\\\/magnesium-en\\\/triple-magnesium-magneesiumikompleks-100g\\\/#breadcrumb\",\"itemListElement\":[{\"@type\":\"ListItem\",\"position\":1,\"name\":\"Home\",\"item\":\"https:\\\/\\\/fit360.ee\\\/en\\\/\"},{\"@type\":\"ListItem\",\"position\":2,\"name\":\"Shop\",\"item\":\"https:\\\/\\\/fit360.ee\\\/en\\\/shop\\\/\"},{\"@type\":\"ListItem\",\"position\":3,\"name\":\"Triple Magnesium &#8211; Magneesiumikompleks (100g)\"}]},{\"@type\":\"WebSite\",\"@id\":\"https:\\\/\\\/fit360.ee\\\/en\\\/#website\",\"url\":\"https:\\\/\\\/fit360.ee\\\/en\\\/\",\"name\":\"Fit360\",\"description\":\"\",\"publisher\":{\"@id\":\"https:\\\/\\\/fit360.ee\\\/en\\\/#organization\"},\"potentialAction\":[{\"@type\":\"SearchAction\",\"target\":{\"@type\":\"EntryPoint\",\"urlTemplate\":\"https:\\\/\\\/fit360.ee\\\/en\\\/?s={search_term_string}\"},\"query-input\":{\"@type\":\"PropertyValueSpecification\",\"valueRequired\":true,\"valueName\":\"search_term_string\"}}],\"inLanguage\":\"en-US\"},{\"@type\":\"Organization\",\"@id\":\"https:\\\/\\\/fit360.ee\\\/en\\\/#organization\",\"name\":\"Fit360\",\"url\":\"https:\\\/\\\/fit360.ee\\\/en\\\/\",\"logo\":{\"@type\":\"ImageObject\",\"inLanguage\":\"en-US\",\"@id\":\"https:\\\/\\\/fit360.ee\\\/en\\\/#\\\/schema\\\/logo\\\/image\\\/\",\"url\":\"https:\\\/\\\/fit360.ee\\\/wp-content\\\/uploads\\\/2017\\\/01\\\/logo-fit360.png\",\"contentUrl\":\"https:\\\/\\\/fit360.ee\\\/wp-content\\\/uploads\\\/2017\\\/01\\\/logo-fit360.png\",\"width\":180,\"height\":66,\"caption\":\"Fit360\"},\"image\":{\"@id\":\"https:\\\/\\\/fit360.ee\\\/en\\\/#\\\/schema\\\/logo\\\/image\\\/\"}}]}<\/script>\n<!-- \/ Yoast SEO plugin. -->","yoast_head_json":{"title":"Triple Magnesium (100g) - Magneesiumikompleks - Kiire tarne - Parim Hind","description":"Triple Magnesium on toode, kus on \u00fcendatud 3 erinevat magneesiumi vormi pulbri kujul: Magneesiumtsitraat, -laktaat ja -karbonaat.","robots":{"index":"index","follow":"follow","max-snippet":"max-snippet:-1","max-image-preview":"max-image-preview:large","max-video-preview":"max-video-preview:-1"},"canonical":"https:\/\/fit360.ee\/en\/pood\/product-groups\/vitamins-and-minerals-en\/magnesium-en\/triple-magnesium-magneesiumikompleks-100g\/","og_locale":"en_US","og_type":"article","og_title":"Triple Magnesium (100g) - Magneesiumikompleks - Kiire tarne - Parim Hind","og_description":"Triple Magnesium on toode, kus on \u00fcendatud 3 erinevat magneesiumi vormi pulbri kujul: Magneesiumtsitraat, -laktaat ja -karbonaat.","og_url":"https:\/\/fit360.ee\/en\/pood\/product-groups\/vitamins-and-minerals-en\/magnesium-en\/triple-magnesium-magneesiumikompleks-100g\/","og_site_name":"Fit360","article_modified_time":"2026-01-26T12:49:19+00:00","og_image":[{"width":450,"height":450,"url":"https:\/\/fit360.ee\/wp-content\/uploads\/2021\/02\/triple-magnesium-magneesiumi-kompleks-fit360.ee-1.png","type":"image\/png"}],"twitter_card":"summary_large_image","twitter_misc":{"Est. reading time":"1 minute"},"schema":{"@context":"https:\/\/schema.org","@graph":[{"@type":"WebPage","@id":"https:\/\/fit360.ee\/en\/pood\/product-groups\/vitamins-and-minerals-en\/magnesium-en\/triple-magnesium-magneesiumikompleks-100g\/","url":"https:\/\/fit360.ee\/en\/pood\/product-groups\/vitamins-and-minerals-en\/magnesium-en\/triple-magnesium-magneesiumikompleks-100g\/","name":"Triple Magnesium (100g) - Magneesiumikompleks - Kiire tarne - Parim Hind","isPartOf":{"@id":"https:\/\/fit360.ee\/en\/#website"},"primaryImageOfPage":{"@id":"https:\/\/fit360.ee\/en\/pood\/product-groups\/vitamins-and-minerals-en\/magnesium-en\/triple-magnesium-magneesiumikompleks-100g\/#primaryimage"},"image":{"@id":"https:\/\/fit360.ee\/en\/pood\/product-groups\/vitamins-and-minerals-en\/magnesium-en\/triple-magnesium-magneesiumikompleks-100g\/#primaryimage"},"thumbnailUrl":"https:\/\/fit360.ee\/wp-content\/uploads\/2021\/02\/triple-magnesium-magneesiumi-kompleks-fit360.ee-1.png","datePublished":"2021-02-19T10:57:01+00:00","dateModified":"2026-01-26T12:49:19+00:00","description":"Triple Magnesium on toode, kus on \u00fcendatud 3 erinevat magneesiumi vormi pulbri kujul: Magneesiumtsitraat, -laktaat ja -karbonaat.","breadcrumb":{"@id":"https:\/\/fit360.ee\/en\/pood\/product-groups\/vitamins-and-minerals-en\/magnesium-en\/triple-magnesium-magneesiumikompleks-100g\/#breadcrumb"},"inLanguage":"en-US","potentialAction":[{"@type":"ReadAction","target":["https:\/\/fit360.ee\/en\/pood\/product-groups\/vitamins-and-minerals-en\/magnesium-en\/triple-magnesium-magneesiumikompleks-100g\/"]}]},{"@type":"ImageObject","inLanguage":"en-US","@id":"https:\/\/fit360.ee\/en\/pood\/product-groups\/vitamins-and-minerals-en\/magnesium-en\/triple-magnesium-magneesiumikompleks-100g\/#primaryimage","url":"https:\/\/fit360.ee\/wp-content\/uploads\/2021\/02\/triple-magnesium-magneesiumi-kompleks-fit360.ee-1.png","contentUrl":"https:\/\/fit360.ee\/wp-content\/uploads\/2021\/02\/triple-magnesium-magneesiumi-kompleks-fit360.ee-1.png","width":450,"height":450,"caption":"triple magnesium magneesiumi kompleks - fit360.ee"},{"@type":"BreadcrumbList","@id":"https:\/\/fit360.ee\/en\/pood\/product-groups\/vitamins-and-minerals-en\/magnesium-en\/triple-magnesium-magneesiumikompleks-100g\/#breadcrumb","itemListElement":[{"@type":"ListItem","position":1,"name":"Home","item":"https:\/\/fit360.ee\/en\/"},{"@type":"ListItem","position":2,"name":"Shop","item":"https:\/\/fit360.ee\/en\/shop\/"},{"@type":"ListItem","position":3,"name":"Triple Magnesium &#8211; Magneesiumikompleks (100g)"}]},{"@type":"WebSite","@id":"https:\/\/fit360.ee\/en\/#website","url":"https:\/\/fit360.ee\/en\/","name":"Fit360","description":"","publisher":{"@id":"https:\/\/fit360.ee\/en\/#organization"},"potentialAction":[{"@type":"SearchAction","target":{"@type":"EntryPoint","urlTemplate":"https:\/\/fit360.ee\/en\/?s={search_term_string}"},"query-input":{"@type":"PropertyValueSpecification","valueRequired":true,"valueName":"search_term_string"}}],"inLanguage":"en-US"},{"@type":"Organization","@id":"https:\/\/fit360.ee\/en\/#organization","name":"Fit360","url":"https:\/\/fit360.ee\/en\/","logo":{"@type":"ImageObject","inLanguage":"en-US","@id":"https:\/\/fit360.ee\/en\/#\/schema\/logo\/image\/","url":"https:\/\/fit360.ee\/wp-content\/uploads\/2017\/01\/logo-fit360.png","contentUrl":"https:\/\/fit360.ee\/wp-content\/uploads\/2017\/01\/logo-fit360.png","width":180,"height":66,"caption":"Fit360"},"image":{"@id":"https:\/\/fit360.ee\/en\/#\/schema\/logo\/image\/"}}]}},"_links":{"self":[{"href":"https:\/\/fit360.ee\/en\/wp-json\/wp\/v2\/product\/50213","targetHints":{"allow":["GET"]}}],"collection":[{"href":"https:\/\/fit360.ee\/en\/wp-json\/wp\/v2\/product"}],"about":[{"href":"https:\/\/fit360.ee\/en\/wp-json\/wp\/v2\/types\/product"}],"replies":[{"embeddable":true,"href":"https:\/\/fit360.ee\/en\/wp-json\/wp\/v2\/comments?post=50213"}],"wp:featuredmedia":[{"embeddable":true,"href":"https:\/\/fit360.ee\/en\/wp-json\/wp\/v2\/media\/84372"}],"wp:attachment":[{"href":"https:\/\/fit360.ee\/en\/wp-json\/wp\/v2\/media?parent=50213"}],"wp:term":[{"taxonomy":"product_brand","embeddable":true,"href":"https:\/\/fit360.ee\/en\/wp-json\/wp\/v2\/product_brand?post=50213"},{"taxonomy":"product_cat","embeddable":true,"href":"https:\/\/fit360.ee\/en\/wp-json\/wp\/v2\/product_cat?post=50213"},{"taxonomy":"product_tag","embeddable":true,"href":"https:\/\/fit360.ee\/en\/wp-json\/wp\/v2\/product_tag?post=50213"},{"taxonomy":"giftcard-category","embeddable":true,"href":"https:\/\/fit360.ee\/en\/wp-json\/wp\/v2\/giftcard-category?post=50213"}],"curies":[{"name":"wp","href":"https:\/\/api.w.org\/{rel}","templated":true}]}}