{"id":50227,"date":"2021-02-19T13:37:06","date_gmt":"2021-02-19T11:37:06","guid":{"rendered":"https:\/\/fit360.ee\/pood\/uncategorized\/reco-taastusjook-1200g\/"},"modified":"2026-03-16T16:50:45","modified_gmt":"2026-03-16T14:50:45","slug":"reco-taastusjook-1200g","status":"publish","type":"product","link":"https:\/\/fit360.ee\/en\/pood\/product-groups\/creatine-en\/reco-taastusjook-1200g\/","title":{"rendered":"RECO Taastusjook (1000g)"},"content":{"rendered":"<h1>TAASTUSJOOK RECO<\/h1>\n<p><strong>ICONFIT RECO Taastusjook on segu, milles on 1:1 suhtes proteiin ja s\u00fcsivesikud ning 5% kvaliteetset mikroniseeritud kreatiini. <\/strong>Proteiini annab kvaliteetne ja kiirestilahustuv vadakuvalgu kontsentraat ning s\u00fcsivesikud tulevad maltodekstriini ja dekstroosi kombinatsioonist.<\/p>\n<p>Lisasime ka 5% kvaliteetset mikroniseeritud kreatiini, et aidata kaasa j\u00f5un\u00e4itajate ja plahvatusliku j\u00f5u arendamisele. Nii saad oma treeningutest k\u00e4tte maksimaalse tulemuse.\u00a0<strong>Kasuta kohe peale trenni\u00a0<\/strong>ja saad korraliku koguse proteiini lihaste taastumiseks ja arenguks ning taastad energiataseme s\u00fcsivesikute abil.<\/p>\n<p><strong>Valmistamine<\/strong><\/p>\n<p>Vala shakerisse esiteks u. 400ml vett. Lisa 2 servani m\u00f5\u00f5dulusikat (kokku 70g) RECO segu, sulge shaker tihedalt ja raputa u. 10 sekundit kuni \u00fchtlase lahustumiseni.<\/p>\n<p><strong>Proovi ka Hydro Recovery Pro- v\u00f5i Real Pharm MUSCLE ON Segu<\/strong><\/p>\n<p>ICONFIT valikus on ka tippklassi Hydro Recovery Pro taastusjoogi segu, milles on k\u00f5rgh\u00fcdrol\u00fc\u00fcsiga valgud ning tippkoostisosad veel kiiremaks taastumiseks ja f\u00fc\u00fcsilise arengu jaoks. Proovi m\u00f5lemaid ja leia endale parim taastusjook.\u00a0<a href=\"https:\/\/fit360.ee\/en\/pood\/product-groups\/protein-poweders-en\/whey-protein-en\/iconfit-hydro-recovery-pro-1kg-2\/\"><strong>KLIKI SIIA<\/strong><\/a><\/p>\n<p><strong>MUSCLE ON<\/strong> on 50\/50 Valkude ja s\u00fcsivesikute suhtega taastusjook &#8211; <a href=\"https:\/\/fit360.ee\/en\/pood\/product-groups\/recovery-post-workout-en\/muscle-on-2270g-2\/\"><strong>VAATA TOODET<\/strong> <\/a>(2270g); <a href=\"https:\/\/fit360.ee\/en\/pood\/product-groups\/recovery-post-workout-en\/muscle-on-1000g-2\/\"><strong>VAATA TOODET<\/strong><\/a> (1000g)<\/p>\n<div class=\"table-2\">\n<table width=\"100%\">\n<thead>\n<tr>\n<th align=\"left\"><strong>Toitained<\/strong><\/th>\n<th align=\"left\"><strong>\u0160okolaadi 70g<\/strong><\/th>\n<th align=\"left\"><strong>\u0160okolaadi 100g<\/strong><\/th>\n<th align=\"left\"><strong>Teised Maitsed 70g<\/strong><\/th>\n<th align=\"left\"><strong>Teised Maitsed 100g<\/strong><\/th>\n<\/tr>\n<\/thead>\n<tbody>\n<tr>\n<td align=\"left\"><strong>Energia (kJ\/kcal)<\/strong><\/td>\n<td align=\"left\">1068\/255<\/td>\n<td align=\"left\">1526\/364<\/td>\n<td align=\"left\">1086\/259<\/td>\n<td align=\"left\">1552\/370<\/td>\n<\/tr>\n<tr>\n<td align=\"left\"><strong>Valgud(g)<\/strong><\/td>\n<td align=\"left\">29,0<\/td>\n<td align=\"left\">41,5<\/td>\n<td align=\"left\">29,7<\/td>\n<td align=\"left\">42,5<\/td>\n<\/tr>\n<tr>\n<td align=\"left\">S\u00fcsivesikud(g)<\/td>\n<td align=\"left\">28,8<\/td>\n<td align=\"left\">41,1<\/td>\n<td align=\"left\">30,7<\/td>\n<td align=\"left\">43,8<\/td>\n<\/tr>\n<tr>\n<td align=\"left\">..millest suhkrud(g)<\/td>\n<td align=\"left\">7,8<\/td>\n<td align=\"left\">11,1<\/td>\n<td align=\"left\">8,7<\/td>\n<td align=\"left\">12,4<\/td>\n<\/tr>\n<tr>\n<td align=\"left\">Rasvad(g)<\/td>\n<td align=\"left\">2,2<\/td>\n<td align=\"left\">3,1<\/td>\n<td align=\"left\">1,9<\/td>\n<td align=\"left\">2,7<\/td>\n<\/tr>\n<tr>\n<td align=\"left\">..millest k\u00fcllastunud(g)<\/td>\n<td align=\"left\">1,1<\/td>\n<td align=\"left\">1,6<\/td>\n<td align=\"left\">1,1<\/td>\n<td align=\"left\">1,6<\/td>\n<\/tr>\n<tr>\n<td align=\"left\">Kreatiin(g)<\/td>\n<td align=\"left\">3,5<\/td>\n<td align=\"left\">5,0<\/td>\n<td align=\"left\">3,5<\/td>\n<td align=\"left\">5,0<\/td>\n<\/tr>\n<tr>\n<td align=\"left\">Sool(g)<\/td>\n<td align=\"left\">0,2<\/td>\n<td align=\"left\">0,34<\/td>\n<td align=\"left\">0,2<\/td>\n<td align=\"left\">0,34<\/td>\n<\/tr>\n<\/tbody>\n<\/table>\n<\/div>\n<p><strong>KOOSTISOSAD: Kiirestilahustuv vadakuvalgu kontsentraat,\u00a0<\/strong>maltodekstriin, dekstroos, mikroniseeritud kreatiin, kakaopulber (ainult \u0161okolaadimaitselises), maitse- ja l\u00f5hnaaine, magusaine sukraloos.\u00a0<strong>Toodetud Eestis.<\/strong><\/p>\n<p>Soovid teha suuremat tellimust? Vaata antud toodet meie HULGI lehelt\u00a0<a href=\"https:\/\/toidulisandidhulgi.ee\/product\/reco-taastusjook-1200g\/\"><strong>SIIT<\/strong><\/a>!<\/p>\n","protected":false},"excerpt":{"rendered":"<h2><strong>ICONFIT RECO Taastusjook<\/strong>:<\/h2>\n<p><strong>ICONFIT RECO on Eestis v\u00e4lja arendatud ja toodetud taastusjoogi segu.\u00a0<\/strong>Selles on 1:1 suhtes proteiin ja s\u00fcsivesikud ning 5% kvaliteetset mikroniseeritud kreatiini. Kasuta kohe peale trenni ja saad korraliku koguse proteiini lihaste taastumiseks ja arenguks ning taastad energiataseme s\u00fcsivesikute abil.<\/p>\n<ul class=\"fusion-checklist fusion-checklist-1\">\n<li class=\"fusion-li-item\">\n<div class=\"fusion-li-item-content\"><b>Proteiin ja s\u00fcsivesikud 1:1 suhtes<\/b>\u00a0taastumise jaoks ja 5% mikroniseeritud kreatiini plahvatusliku j\u00f5u arendamiseks.<\/div>\n<\/li>\n<li class=\"fusion-li-item\">\n<div class=\"fusion-li-item-content\">Tarbi alati kohe peale treeningut, et anda lihastele taastumiseks proteiin ning energiatase kehas s\u00fcsivesikute abil taastada.<\/div>\n<\/li>\n<li class=\"fusion-li-item\">\n<div class=\"fusion-li-item-content\"><b>Eestis toodetud\u00a0<\/b><\/div>\n<\/li>\n<\/ul>\n<p>&nbsp;<\/p>\n","protected":false},"featured_media":91133,"comment_status":"closed","ping_status":"closed","template":"","meta":[],"product_brand":[],"product_cat":[526,1318,528,535,531],"product_tag":[1681,2657,2658],"giftcard-category":[],"class_list":{"0":"post-50227","1":"product","2":"type-product","3":"status-publish","4":"has-post-thumbnail","6":"product_cat-creatine-en","7":"product_cat-iconfit-en","8":"product_cat-mass-gainers-en","9":"product_cat-protein-poweders-en","10":"product_cat-recovery-post-workout-en","11":"product_tag-iconfit-en","12":"product_tag-reco-taastusjook-en","13":"product_tag-taastusjook-en","14":"pa_maitse-chocolate","15":"pa_maitse-strawberry-2","17":"first","18":"instock","19":"sale","20":"taxable","21":"shipping-taxable","22":"purchasable","23":"product-type-variable"},"yoast_head":"<!-- This site is optimized with the Yoast SEO plugin v27.3 - https:\/\/yoast.com\/product\/yoast-seo-wordpress\/ -->\n<title>RECO Taastusjook (1000g) - Valgud-S\u00fcsivesikud-Kreatiin - Kiire tarne<\/title>\n<meta name=\"description\" content=\"Taastusjook RECO on segu, milles on 1:1 suhtes proteiin ja s\u00fcsivesikud ning 5% kvaliteetset mikroniseeritud kreatiini.\u00a0Parim Hind!\" \/>\n<meta name=\"robots\" content=\"index, follow, max-snippet:-1, max-image-preview:large, max-video-preview:-1\" \/>\n<link rel=\"canonical\" href=\"https:\/\/fit360.ee\/en\/pood\/product-groups\/creatine-en\/reco-taastusjook-1200g\/\" \/>\n<meta property=\"og:locale\" content=\"en_US\" \/>\n<meta property=\"og:type\" content=\"article\" \/>\n<meta property=\"og:title\" content=\"RECO Taastusjook (1000g) - Valgud-S\u00fcsivesikud-Kreatiin - Kiire tarne\" \/>\n<meta property=\"og:description\" content=\"Taastusjook RECO on segu, milles on 1:1 suhtes proteiin ja s\u00fcsivesikud ning 5% kvaliteetset mikroniseeritud kreatiini.\u00a0Parim Hind!\" \/>\n<meta property=\"og:url\" content=\"https:\/\/fit360.ee\/en\/pood\/product-groups\/creatine-en\/reco-taastusjook-1200g\/\" \/>\n<meta property=\"og:site_name\" content=\"Fit360\" \/>\n<meta property=\"article:modified_time\" content=\"2026-03-16T14:50:45+00:00\" \/>\n<meta property=\"og:image\" content=\"https:\/\/fit360.ee\/wp-content\/uploads\/2021\/02\/taastusjook-reco-iconfit-fit360.ee_.jpg\" \/>\n\t<meta property=\"og:image:width\" content=\"695\" \/>\n\t<meta property=\"og:image:height\" content=\"695\" \/>\n\t<meta property=\"og:image:type\" content=\"image\/jpeg\" \/>\n<meta name=\"twitter:card\" content=\"summary_large_image\" \/>\n<meta name=\"twitter:label1\" content=\"Est. reading time\" \/>\n\t<meta name=\"twitter:data1\" content=\"2 minutes\" \/>\n<script type=\"application\/ld+json\" class=\"yoast-schema-graph\">{\"@context\":\"https:\\\/\\\/schema.org\",\"@graph\":[{\"@type\":\"WebPage\",\"@id\":\"https:\\\/\\\/fit360.ee\\\/en\\\/pood\\\/product-groups\\\/creatine-en\\\/reco-taastusjook-1200g\\\/\",\"url\":\"https:\\\/\\\/fit360.ee\\\/en\\\/pood\\\/product-groups\\\/creatine-en\\\/reco-taastusjook-1200g\\\/\",\"name\":\"RECO Taastusjook (1000g) - Valgud-S\u00fcsivesikud-Kreatiin - Kiire tarne\",\"isPartOf\":{\"@id\":\"https:\\\/\\\/fit360.ee\\\/en\\\/#website\"},\"primaryImageOfPage\":{\"@id\":\"https:\\\/\\\/fit360.ee\\\/en\\\/pood\\\/product-groups\\\/creatine-en\\\/reco-taastusjook-1200g\\\/#primaryimage\"},\"image\":{\"@id\":\"https:\\\/\\\/fit360.ee\\\/en\\\/pood\\\/product-groups\\\/creatine-en\\\/reco-taastusjook-1200g\\\/#primaryimage\"},\"thumbnailUrl\":\"https:\\\/\\\/fit360.ee\\\/wp-content\\\/uploads\\\/2021\\\/02\\\/taastusjook-reco-iconfit-fit360.ee_.jpg\",\"datePublished\":\"2021-02-19T11:37:06+00:00\",\"dateModified\":\"2026-03-16T14:50:45+00:00\",\"description\":\"Taastusjook RECO on segu, milles on 1:1 suhtes proteiin ja s\u00fcsivesikud ning 5% kvaliteetset mikroniseeritud kreatiini.\u00a0Parim Hind!\",\"breadcrumb\":{\"@id\":\"https:\\\/\\\/fit360.ee\\\/en\\\/pood\\\/product-groups\\\/creatine-en\\\/reco-taastusjook-1200g\\\/#breadcrumb\"},\"inLanguage\":\"en-US\",\"potentialAction\":[{\"@type\":\"ReadAction\",\"target\":[\"https:\\\/\\\/fit360.ee\\\/en\\\/pood\\\/product-groups\\\/creatine-en\\\/reco-taastusjook-1200g\\\/\"]}]},{\"@type\":\"ImageObject\",\"inLanguage\":\"en-US\",\"@id\":\"https:\\\/\\\/fit360.ee\\\/en\\\/pood\\\/product-groups\\\/creatine-en\\\/reco-taastusjook-1200g\\\/#primaryimage\",\"url\":\"https:\\\/\\\/fit360.ee\\\/wp-content\\\/uploads\\\/2021\\\/02\\\/taastusjook-reco-iconfit-fit360.ee_.jpg\",\"contentUrl\":\"https:\\\/\\\/fit360.ee\\\/wp-content\\\/uploads\\\/2021\\\/02\\\/taastusjook-reco-iconfit-fit360.ee_.jpg\",\"width\":695,\"height\":695,\"caption\":\"taastusjook reco iconfit - fit360.ee\"},{\"@type\":\"BreadcrumbList\",\"@id\":\"https:\\\/\\\/fit360.ee\\\/en\\\/pood\\\/product-groups\\\/creatine-en\\\/reco-taastusjook-1200g\\\/#breadcrumb\",\"itemListElement\":[{\"@type\":\"ListItem\",\"position\":1,\"name\":\"Home\",\"item\":\"https:\\\/\\\/fit360.ee\\\/en\\\/\"},{\"@type\":\"ListItem\",\"position\":2,\"name\":\"Shop\",\"item\":\"https:\\\/\\\/fit360.ee\\\/en\\\/shop\\\/\"},{\"@type\":\"ListItem\",\"position\":3,\"name\":\"RECO Taastusjook (1000g)\"}]},{\"@type\":\"WebSite\",\"@id\":\"https:\\\/\\\/fit360.ee\\\/en\\\/#website\",\"url\":\"https:\\\/\\\/fit360.ee\\\/en\\\/\",\"name\":\"Fit360\",\"description\":\"\",\"publisher\":{\"@id\":\"https:\\\/\\\/fit360.ee\\\/en\\\/#organization\"},\"potentialAction\":[{\"@type\":\"SearchAction\",\"target\":{\"@type\":\"EntryPoint\",\"urlTemplate\":\"https:\\\/\\\/fit360.ee\\\/en\\\/?s={search_term_string}\"},\"query-input\":{\"@type\":\"PropertyValueSpecification\",\"valueRequired\":true,\"valueName\":\"search_term_string\"}}],\"inLanguage\":\"en-US\"},{\"@type\":\"Organization\",\"@id\":\"https:\\\/\\\/fit360.ee\\\/en\\\/#organization\",\"name\":\"Fit360\",\"url\":\"https:\\\/\\\/fit360.ee\\\/en\\\/\",\"logo\":{\"@type\":\"ImageObject\",\"inLanguage\":\"en-US\",\"@id\":\"https:\\\/\\\/fit360.ee\\\/en\\\/#\\\/schema\\\/logo\\\/image\\\/\",\"url\":\"https:\\\/\\\/fit360.ee\\\/wp-content\\\/uploads\\\/2017\\\/01\\\/logo-fit360.png\",\"contentUrl\":\"https:\\\/\\\/fit360.ee\\\/wp-content\\\/uploads\\\/2017\\\/01\\\/logo-fit360.png\",\"width\":180,\"height\":66,\"caption\":\"Fit360\"},\"image\":{\"@id\":\"https:\\\/\\\/fit360.ee\\\/en\\\/#\\\/schema\\\/logo\\\/image\\\/\"}}]}<\/script>\n<!-- \/ Yoast SEO plugin. -->","yoast_head_json":{"title":"RECO Taastusjook (1000g) - Valgud-S\u00fcsivesikud-Kreatiin - Kiire tarne","description":"Taastusjook RECO on segu, milles on 1:1 suhtes proteiin ja s\u00fcsivesikud ning 5% kvaliteetset mikroniseeritud kreatiini.\u00a0Parim Hind!","robots":{"index":"index","follow":"follow","max-snippet":"max-snippet:-1","max-image-preview":"max-image-preview:large","max-video-preview":"max-video-preview:-1"},"canonical":"https:\/\/fit360.ee\/en\/pood\/product-groups\/creatine-en\/reco-taastusjook-1200g\/","og_locale":"en_US","og_type":"article","og_title":"RECO Taastusjook (1000g) - Valgud-S\u00fcsivesikud-Kreatiin - Kiire tarne","og_description":"Taastusjook RECO on segu, milles on 1:1 suhtes proteiin ja s\u00fcsivesikud ning 5% kvaliteetset mikroniseeritud kreatiini.\u00a0Parim Hind!","og_url":"https:\/\/fit360.ee\/en\/pood\/product-groups\/creatine-en\/reco-taastusjook-1200g\/","og_site_name":"Fit360","article_modified_time":"2026-03-16T14:50:45+00:00","og_image":[{"width":695,"height":695,"url":"https:\/\/fit360.ee\/wp-content\/uploads\/2021\/02\/taastusjook-reco-iconfit-fit360.ee_.jpg","type":"image\/jpeg"}],"twitter_card":"summary_large_image","twitter_misc":{"Est. reading time":"2 minutes"},"schema":{"@context":"https:\/\/schema.org","@graph":[{"@type":"WebPage","@id":"https:\/\/fit360.ee\/en\/pood\/product-groups\/creatine-en\/reco-taastusjook-1200g\/","url":"https:\/\/fit360.ee\/en\/pood\/product-groups\/creatine-en\/reco-taastusjook-1200g\/","name":"RECO Taastusjook (1000g) - Valgud-S\u00fcsivesikud-Kreatiin - Kiire tarne","isPartOf":{"@id":"https:\/\/fit360.ee\/en\/#website"},"primaryImageOfPage":{"@id":"https:\/\/fit360.ee\/en\/pood\/product-groups\/creatine-en\/reco-taastusjook-1200g\/#primaryimage"},"image":{"@id":"https:\/\/fit360.ee\/en\/pood\/product-groups\/creatine-en\/reco-taastusjook-1200g\/#primaryimage"},"thumbnailUrl":"https:\/\/fit360.ee\/wp-content\/uploads\/2021\/02\/taastusjook-reco-iconfit-fit360.ee_.jpg","datePublished":"2021-02-19T11:37:06+00:00","dateModified":"2026-03-16T14:50:45+00:00","description":"Taastusjook RECO on segu, milles on 1:1 suhtes proteiin ja s\u00fcsivesikud ning 5% kvaliteetset mikroniseeritud kreatiini.\u00a0Parim Hind!","breadcrumb":{"@id":"https:\/\/fit360.ee\/en\/pood\/product-groups\/creatine-en\/reco-taastusjook-1200g\/#breadcrumb"},"inLanguage":"en-US","potentialAction":[{"@type":"ReadAction","target":["https:\/\/fit360.ee\/en\/pood\/product-groups\/creatine-en\/reco-taastusjook-1200g\/"]}]},{"@type":"ImageObject","inLanguage":"en-US","@id":"https:\/\/fit360.ee\/en\/pood\/product-groups\/creatine-en\/reco-taastusjook-1200g\/#primaryimage","url":"https:\/\/fit360.ee\/wp-content\/uploads\/2021\/02\/taastusjook-reco-iconfit-fit360.ee_.jpg","contentUrl":"https:\/\/fit360.ee\/wp-content\/uploads\/2021\/02\/taastusjook-reco-iconfit-fit360.ee_.jpg","width":695,"height":695,"caption":"taastusjook reco iconfit - fit360.ee"},{"@type":"BreadcrumbList","@id":"https:\/\/fit360.ee\/en\/pood\/product-groups\/creatine-en\/reco-taastusjook-1200g\/#breadcrumb","itemListElement":[{"@type":"ListItem","position":1,"name":"Home","item":"https:\/\/fit360.ee\/en\/"},{"@type":"ListItem","position":2,"name":"Shop","item":"https:\/\/fit360.ee\/en\/shop\/"},{"@type":"ListItem","position":3,"name":"RECO Taastusjook (1000g)"}]},{"@type":"WebSite","@id":"https:\/\/fit360.ee\/en\/#website","url":"https:\/\/fit360.ee\/en\/","name":"Fit360","description":"","publisher":{"@id":"https:\/\/fit360.ee\/en\/#organization"},"potentialAction":[{"@type":"SearchAction","target":{"@type":"EntryPoint","urlTemplate":"https:\/\/fit360.ee\/en\/?s={search_term_string}"},"query-input":{"@type":"PropertyValueSpecification","valueRequired":true,"valueName":"search_term_string"}}],"inLanguage":"en-US"},{"@type":"Organization","@id":"https:\/\/fit360.ee\/en\/#organization","name":"Fit360","url":"https:\/\/fit360.ee\/en\/","logo":{"@type":"ImageObject","inLanguage":"en-US","@id":"https:\/\/fit360.ee\/en\/#\/schema\/logo\/image\/","url":"https:\/\/fit360.ee\/wp-content\/uploads\/2017\/01\/logo-fit360.png","contentUrl":"https:\/\/fit360.ee\/wp-content\/uploads\/2017\/01\/logo-fit360.png","width":180,"height":66,"caption":"Fit360"},"image":{"@id":"https:\/\/fit360.ee\/en\/#\/schema\/logo\/image\/"}}]}},"_links":{"self":[{"href":"https:\/\/fit360.ee\/en\/wp-json\/wp\/v2\/product\/50227","targetHints":{"allow":["GET"]}}],"collection":[{"href":"https:\/\/fit360.ee\/en\/wp-json\/wp\/v2\/product"}],"about":[{"href":"https:\/\/fit360.ee\/en\/wp-json\/wp\/v2\/types\/product"}],"replies":[{"embeddable":true,"href":"https:\/\/fit360.ee\/en\/wp-json\/wp\/v2\/comments?post=50227"}],"wp:featuredmedia":[{"embeddable":true,"href":"https:\/\/fit360.ee\/en\/wp-json\/wp\/v2\/media\/91133"}],"wp:attachment":[{"href":"https:\/\/fit360.ee\/en\/wp-json\/wp\/v2\/media?parent=50227"}],"wp:term":[{"taxonomy":"product_brand","embeddable":true,"href":"https:\/\/fit360.ee\/en\/wp-json\/wp\/v2\/product_brand?post=50227"},{"taxonomy":"product_cat","embeddable":true,"href":"https:\/\/fit360.ee\/en\/wp-json\/wp\/v2\/product_cat?post=50227"},{"taxonomy":"product_tag","embeddable":true,"href":"https:\/\/fit360.ee\/en\/wp-json\/wp\/v2\/product_tag?post=50227"},{"taxonomy":"giftcard-category","embeddable":true,"href":"https:\/\/fit360.ee\/en\/wp-json\/wp\/v2\/giftcard-category?post=50227"}],"curies":[{"name":"wp","href":"https:\/\/api.w.org\/{rel}","templated":true}]}}