{"id":50507,"date":"2021-02-25T19:37:45","date_gmt":"2021-02-25T17:37:45","guid":{"rendered":"https:\/\/fit360.ee\/?post_type=product&#038;p=50507"},"modified":"2025-08-13T07:37:40","modified_gmt":"2025-08-13T05:37:40","slug":"seleen-120tabs","status":"publish","type":"product","link":"https:\/\/fit360.ee\/en\/pood\/product-groups\/vitamins-and-minerals-en\/selen-en\/seleen-120tabs\/","title":{"rendered":"Seleen (120tabs)"},"content":{"rendered":"<h1><strong>Seleen<\/strong><\/h1>\n<p>Toidulisand Seleenium, mis sisaldab h\u00e4sti omastatavat orgaanilist seleeni. Seleen on <strong>v\u00f5imas antioks\u00fcdant<\/strong>, mis kaitseb keharakke vabade radikaalide eest. Seleen alandab p\u00f5letikelisi protsesse. Seleen osaleb kilpn\u00e4\u00e4rme talituse reguleerimises ning stimuleerib raskemetallide v\u00e4ljutamist kehast. Seleen on vajalik kudede elastsuse s\u00e4ilitamiseks ja vananemise aeglustamiseks. Parandab meeleolu.<\/p>\n<p>Real Pharm Selenium toidulisandit soovitatakse <strong>sportlastele<\/strong>, eriti algajatele, kuna seleen v\u00e4hendab \u00fclekoormuse ohtu ning alandab oks\u00fcdatiivset stressi, aidates<strong>\u00a0paremini taastuda.\u00a0<\/strong>Toode sobib ka menopausis naistele, sest see leevendab kuumahoogudega kaasnevaid terviseh\u00e4ired.<\/p>\n<p><strong>Teised koostisosad<\/strong>: t\u00e4iteaine &#8211; tselluloos, riisit\u00e4rklis, paakumisvastane aine: rasvhapete magneesiumisoolad, r\u00e4nidioksiid.<\/p>\n<p><strong>Kasutamine:<\/strong> 1 tablett 2 korda p\u00e4evas.<\/p>\n<p><strong>Suurus:<\/strong> 120 tabletti<\/p>\n<table>\n<tbody>\n<tr>\n<td width=\"226\"><strong>Toimeained<\/strong><\/td>\n<td width=\"217\"><strong>1 tablett<\/strong><\/td>\n<td width=\"195\"><strong>2 tabletti<\/strong><\/td>\n<\/tr>\n<tr>\n<td width=\"226\">Seleenium<\/td>\n<td width=\"217\">100 (182%*)<\/td>\n<td width=\"195\">200\u03bcg (364%*)<\/td>\n<\/tr>\n<\/tbody>\n<\/table>\n<p>*SPK \u2013 Soovitatud p\u00e4evane kogus.<\/p>\n<p>Vaata ka teisi Seleene <a href=\"https:\/\/fit360.ee\/en\/product-category\/product-groups\/vitamins-and-minerals-en\/selen-en\/\"><strong>SIIT<\/strong><\/a>!<\/p>\n<p>Soovid teha suuremat tellimust? Vaata antud toodet ka meie HULGI poes <a href=\"https:\/\/toidulisandidhulgi.ee\/product\/seleen-120tabs\/\"><strong>SIIT<\/strong><\/a>!<\/p>\n","protected":false},"excerpt":{"rendered":"<h2>Seleenium:<\/h2>\n<ul>\n<li>V\u00f5imas antioks\u00fcdant<\/li>\n<li>Osaleb kilpn\u00e4\u00e4rme talituse reguleerimises<\/li>\n<li>S\u00e4ilitab kudede elastsust<\/li>\n<li>Parandab meeleolu<\/li>\n<\/ul>\n<p><strong>Real Pharm Selenium<\/strong>\u00a0on toidulisand, mis sisaldab h\u00e4sti omastatavat orgaanilist seleeni. Seleen on\u00a0<strong>v\u00f5imas antioks\u00fcdant<\/strong>, mis kaitseb keharakke vabade radikaalide eest.\u00a0Seleen alandab p\u00f5letikelisi protsesse.\u00a0Seleen osaleb kilpn\u00e4\u00e4rme talituse reguleerimises ning stimuleerib raskemetallide v\u00e4ljutamist kehast. Seleen on vajalik kudede elastsuse s\u00e4ilitamiseks ja vananemise aeglustamiseks. Parandab meeleolu.<\/p>\n<p>Real Pharm Selenium toidulisandit soovitatakse <strong>sportlastele<\/strong>, eriti algajatele, kuna seleen v\u00e4hendab \u00fclekoormuse ohtu ning alandab oks\u00fcdatiivset stressi, aidates<strong>\u00a0paremini taastuda.\u00a0<\/strong>Toode sobib ka menopausis naistele, sest see leevendab kuumahoogudega kaasnevaid terviseh\u00e4ired.<\/p>\n<p>&nbsp;<\/p>\n","protected":false},"featured_media":50511,"comment_status":"open","ping_status":"closed","template":"","meta":[],"product_brand":[],"product_cat":[5311,515,2244,536],"product_tag":[1896,1803,2245,2004,1933],"giftcard-category":[],"class_list":{"0":"post-50507","1":"product","2":"type-product","3":"status-publish","4":"has-post-thumbnail","6":"product_cat-antioxidants-en","7":"product_cat-real-pharm","8":"product_cat-selen-en","9":"product_cat-vitamins-and-minerals-en","10":"product_tag-mineraalid-en","11":"product_tag-real-pharm-en","12":"product_tag-seleen-en","13":"product_tag-seleenium-en","14":"product_tag-vitamiinid-en","15":"pa_toidulisand-branddd-real-pharm","16":"pa_tootegruppp-antioksudandid-en","17":"pa_tootegruppp-seleen-en","18":"pa_tootegruppp-vitamins-and-minerals","20":"first","21":"instock","22":"sale","23":"taxable","24":"shipping-taxable","25":"purchasable","26":"product-type-simple"},"yoast_head":"<!-- This site is optimized with the Yoast SEO plugin v27.3 - https:\/\/yoast.com\/product\/yoast-seo-wordpress\/ -->\n<title>Seleenium (90tab) - Seleen - Kiire tarne - Vitamiinid-mineraalid - Fit360<\/title>\n<meta name=\"description\" content=\"Seleenium on\u00a0v\u00f5imas antioks\u00fcdant, mis kaitseb keharakke vabade radikaalide eest.\u00a0Seleen alandab p\u00f5letikelisi protsesse.\u00a0Kiire tarne\" \/>\n<meta name=\"robots\" content=\"index, follow, max-snippet:-1, max-image-preview:large, max-video-preview:-1\" \/>\n<link rel=\"canonical\" href=\"https:\/\/fit360.ee\/en\/pood\/product-groups\/vitamins-and-minerals-en\/selen-en\/seleen-120tabs\/\" \/>\n<meta property=\"og:locale\" content=\"en_US\" \/>\n<meta property=\"og:type\" content=\"article\" \/>\n<meta property=\"og:title\" content=\"Seleenium (90tab) - Seleen - Kiire tarne - Vitamiinid-mineraalid - Fit360\" \/>\n<meta property=\"og:description\" content=\"Seleenium on\u00a0v\u00f5imas antioks\u00fcdant, mis kaitseb keharakke vabade radikaalide eest.\u00a0Seleen alandab p\u00f5letikelisi protsesse.\u00a0Kiire tarne\" \/>\n<meta property=\"og:url\" content=\"https:\/\/fit360.ee\/en\/pood\/product-groups\/vitamins-and-minerals-en\/selen-en\/seleen-120tabs\/\" \/>\n<meta property=\"og:site_name\" content=\"Fit360\" \/>\n<meta property=\"article:modified_time\" content=\"2025-08-13T05:37:40+00:00\" \/>\n<meta property=\"og:image\" content=\"https:\/\/fit360.ee\/wp-content\/uploads\/2021\/02\/Seleen-Seleenium-fit360.ee_.png\" \/>\n\t<meta property=\"og:image:width\" content=\"800\" \/>\n\t<meta property=\"og:image:height\" content=\"800\" \/>\n\t<meta property=\"og:image:type\" content=\"image\/png\" \/>\n<meta name=\"twitter:card\" content=\"summary_large_image\" \/>\n<meta name=\"twitter:label1\" content=\"Est. reading time\" \/>\n\t<meta name=\"twitter:data1\" content=\"1 minute\" \/>\n<script type=\"application\/ld+json\" class=\"yoast-schema-graph\">{\"@context\":\"https:\\\/\\\/schema.org\",\"@graph\":[{\"@type\":\"WebPage\",\"@id\":\"https:\\\/\\\/fit360.ee\\\/en\\\/pood\\\/product-groups\\\/vitamins-and-minerals-en\\\/selen-en\\\/seleen-120tabs\\\/\",\"url\":\"https:\\\/\\\/fit360.ee\\\/en\\\/pood\\\/product-groups\\\/vitamins-and-minerals-en\\\/selen-en\\\/seleen-120tabs\\\/\",\"name\":\"Seleenium (90tab) - Seleen - Kiire tarne - Vitamiinid-mineraalid - Fit360\",\"isPartOf\":{\"@id\":\"https:\\\/\\\/fit360.ee\\\/en\\\/#website\"},\"primaryImageOfPage\":{\"@id\":\"https:\\\/\\\/fit360.ee\\\/en\\\/pood\\\/product-groups\\\/vitamins-and-minerals-en\\\/selen-en\\\/seleen-120tabs\\\/#primaryimage\"},\"image\":{\"@id\":\"https:\\\/\\\/fit360.ee\\\/en\\\/pood\\\/product-groups\\\/vitamins-and-minerals-en\\\/selen-en\\\/seleen-120tabs\\\/#primaryimage\"},\"thumbnailUrl\":\"https:\\\/\\\/fit360.ee\\\/wp-content\\\/uploads\\\/2021\\\/02\\\/Seleen-Seleenium-fit360.ee_.png\",\"datePublished\":\"2021-02-25T17:37:45+00:00\",\"dateModified\":\"2025-08-13T05:37:40+00:00\",\"description\":\"Seleenium on\u00a0v\u00f5imas antioks\u00fcdant, mis kaitseb keharakke vabade radikaalide eest.\u00a0Seleen alandab p\u00f5letikelisi protsesse.\u00a0Kiire tarne\",\"breadcrumb\":{\"@id\":\"https:\\\/\\\/fit360.ee\\\/en\\\/pood\\\/product-groups\\\/vitamins-and-minerals-en\\\/selen-en\\\/seleen-120tabs\\\/#breadcrumb\"},\"inLanguage\":\"en-US\",\"potentialAction\":[{\"@type\":\"ReadAction\",\"target\":[\"https:\\\/\\\/fit360.ee\\\/en\\\/pood\\\/product-groups\\\/vitamins-and-minerals-en\\\/selen-en\\\/seleen-120tabs\\\/\"]}]},{\"@type\":\"ImageObject\",\"inLanguage\":\"en-US\",\"@id\":\"https:\\\/\\\/fit360.ee\\\/en\\\/pood\\\/product-groups\\\/vitamins-and-minerals-en\\\/selen-en\\\/seleen-120tabs\\\/#primaryimage\",\"url\":\"https:\\\/\\\/fit360.ee\\\/wp-content\\\/uploads\\\/2021\\\/02\\\/Seleen-Seleenium-fit360.ee_.png\",\"contentUrl\":\"https:\\\/\\\/fit360.ee\\\/wp-content\\\/uploads\\\/2021\\\/02\\\/Seleen-Seleenium-fit360.ee_.png\",\"width\":800,\"height\":800,\"caption\":\"Seleen Seleenium - fit360.ee\"},{\"@type\":\"BreadcrumbList\",\"@id\":\"https:\\\/\\\/fit360.ee\\\/en\\\/pood\\\/product-groups\\\/vitamins-and-minerals-en\\\/selen-en\\\/seleen-120tabs\\\/#breadcrumb\",\"itemListElement\":[{\"@type\":\"ListItem\",\"position\":1,\"name\":\"Home\",\"item\":\"https:\\\/\\\/fit360.ee\\\/en\\\/\"},{\"@type\":\"ListItem\",\"position\":2,\"name\":\"Shop\",\"item\":\"https:\\\/\\\/fit360.ee\\\/en\\\/shop\\\/\"},{\"@type\":\"ListItem\",\"position\":3,\"name\":\"Seleen (120tabs)\"}]},{\"@type\":\"WebSite\",\"@id\":\"https:\\\/\\\/fit360.ee\\\/en\\\/#website\",\"url\":\"https:\\\/\\\/fit360.ee\\\/en\\\/\",\"name\":\"Fit360\",\"description\":\"\",\"publisher\":{\"@id\":\"https:\\\/\\\/fit360.ee\\\/en\\\/#organization\"},\"potentialAction\":[{\"@type\":\"SearchAction\",\"target\":{\"@type\":\"EntryPoint\",\"urlTemplate\":\"https:\\\/\\\/fit360.ee\\\/en\\\/?s={search_term_string}\"},\"query-input\":{\"@type\":\"PropertyValueSpecification\",\"valueRequired\":true,\"valueName\":\"search_term_string\"}}],\"inLanguage\":\"en-US\"},{\"@type\":\"Organization\",\"@id\":\"https:\\\/\\\/fit360.ee\\\/en\\\/#organization\",\"name\":\"Fit360\",\"url\":\"https:\\\/\\\/fit360.ee\\\/en\\\/\",\"logo\":{\"@type\":\"ImageObject\",\"inLanguage\":\"en-US\",\"@id\":\"https:\\\/\\\/fit360.ee\\\/en\\\/#\\\/schema\\\/logo\\\/image\\\/\",\"url\":\"https:\\\/\\\/fit360.ee\\\/wp-content\\\/uploads\\\/2017\\\/01\\\/logo-fit360.png\",\"contentUrl\":\"https:\\\/\\\/fit360.ee\\\/wp-content\\\/uploads\\\/2017\\\/01\\\/logo-fit360.png\",\"width\":180,\"height\":66,\"caption\":\"Fit360\"},\"image\":{\"@id\":\"https:\\\/\\\/fit360.ee\\\/en\\\/#\\\/schema\\\/logo\\\/image\\\/\"}}]}<\/script>\n<!-- \/ Yoast SEO plugin. -->","yoast_head_json":{"title":"Seleenium (90tab) - Seleen - Kiire tarne - Vitamiinid-mineraalid - Fit360","description":"Seleenium on\u00a0v\u00f5imas antioks\u00fcdant, mis kaitseb keharakke vabade radikaalide eest.\u00a0Seleen alandab p\u00f5letikelisi protsesse.\u00a0Kiire tarne","robots":{"index":"index","follow":"follow","max-snippet":"max-snippet:-1","max-image-preview":"max-image-preview:large","max-video-preview":"max-video-preview:-1"},"canonical":"https:\/\/fit360.ee\/en\/pood\/product-groups\/vitamins-and-minerals-en\/selen-en\/seleen-120tabs\/","og_locale":"en_US","og_type":"article","og_title":"Seleenium (90tab) - Seleen - Kiire tarne - Vitamiinid-mineraalid - Fit360","og_description":"Seleenium on\u00a0v\u00f5imas antioks\u00fcdant, mis kaitseb keharakke vabade radikaalide eest.\u00a0Seleen alandab p\u00f5letikelisi protsesse.\u00a0Kiire tarne","og_url":"https:\/\/fit360.ee\/en\/pood\/product-groups\/vitamins-and-minerals-en\/selen-en\/seleen-120tabs\/","og_site_name":"Fit360","article_modified_time":"2025-08-13T05:37:40+00:00","og_image":[{"width":800,"height":800,"url":"https:\/\/fit360.ee\/wp-content\/uploads\/2021\/02\/Seleen-Seleenium-fit360.ee_.png","type":"image\/png"}],"twitter_card":"summary_large_image","twitter_misc":{"Est. reading time":"1 minute"},"schema":{"@context":"https:\/\/schema.org","@graph":[{"@type":"WebPage","@id":"https:\/\/fit360.ee\/en\/pood\/product-groups\/vitamins-and-minerals-en\/selen-en\/seleen-120tabs\/","url":"https:\/\/fit360.ee\/en\/pood\/product-groups\/vitamins-and-minerals-en\/selen-en\/seleen-120tabs\/","name":"Seleenium (90tab) - Seleen - Kiire tarne - Vitamiinid-mineraalid - Fit360","isPartOf":{"@id":"https:\/\/fit360.ee\/en\/#website"},"primaryImageOfPage":{"@id":"https:\/\/fit360.ee\/en\/pood\/product-groups\/vitamins-and-minerals-en\/selen-en\/seleen-120tabs\/#primaryimage"},"image":{"@id":"https:\/\/fit360.ee\/en\/pood\/product-groups\/vitamins-and-minerals-en\/selen-en\/seleen-120tabs\/#primaryimage"},"thumbnailUrl":"https:\/\/fit360.ee\/wp-content\/uploads\/2021\/02\/Seleen-Seleenium-fit360.ee_.png","datePublished":"2021-02-25T17:37:45+00:00","dateModified":"2025-08-13T05:37:40+00:00","description":"Seleenium on\u00a0v\u00f5imas antioks\u00fcdant, mis kaitseb keharakke vabade radikaalide eest.\u00a0Seleen alandab p\u00f5letikelisi protsesse.\u00a0Kiire tarne","breadcrumb":{"@id":"https:\/\/fit360.ee\/en\/pood\/product-groups\/vitamins-and-minerals-en\/selen-en\/seleen-120tabs\/#breadcrumb"},"inLanguage":"en-US","potentialAction":[{"@type":"ReadAction","target":["https:\/\/fit360.ee\/en\/pood\/product-groups\/vitamins-and-minerals-en\/selen-en\/seleen-120tabs\/"]}]},{"@type":"ImageObject","inLanguage":"en-US","@id":"https:\/\/fit360.ee\/en\/pood\/product-groups\/vitamins-and-minerals-en\/selen-en\/seleen-120tabs\/#primaryimage","url":"https:\/\/fit360.ee\/wp-content\/uploads\/2021\/02\/Seleen-Seleenium-fit360.ee_.png","contentUrl":"https:\/\/fit360.ee\/wp-content\/uploads\/2021\/02\/Seleen-Seleenium-fit360.ee_.png","width":800,"height":800,"caption":"Seleen Seleenium - fit360.ee"},{"@type":"BreadcrumbList","@id":"https:\/\/fit360.ee\/en\/pood\/product-groups\/vitamins-and-minerals-en\/selen-en\/seleen-120tabs\/#breadcrumb","itemListElement":[{"@type":"ListItem","position":1,"name":"Home","item":"https:\/\/fit360.ee\/en\/"},{"@type":"ListItem","position":2,"name":"Shop","item":"https:\/\/fit360.ee\/en\/shop\/"},{"@type":"ListItem","position":3,"name":"Seleen (120tabs)"}]},{"@type":"WebSite","@id":"https:\/\/fit360.ee\/en\/#website","url":"https:\/\/fit360.ee\/en\/","name":"Fit360","description":"","publisher":{"@id":"https:\/\/fit360.ee\/en\/#organization"},"potentialAction":[{"@type":"SearchAction","target":{"@type":"EntryPoint","urlTemplate":"https:\/\/fit360.ee\/en\/?s={search_term_string}"},"query-input":{"@type":"PropertyValueSpecification","valueRequired":true,"valueName":"search_term_string"}}],"inLanguage":"en-US"},{"@type":"Organization","@id":"https:\/\/fit360.ee\/en\/#organization","name":"Fit360","url":"https:\/\/fit360.ee\/en\/","logo":{"@type":"ImageObject","inLanguage":"en-US","@id":"https:\/\/fit360.ee\/en\/#\/schema\/logo\/image\/","url":"https:\/\/fit360.ee\/wp-content\/uploads\/2017\/01\/logo-fit360.png","contentUrl":"https:\/\/fit360.ee\/wp-content\/uploads\/2017\/01\/logo-fit360.png","width":180,"height":66,"caption":"Fit360"},"image":{"@id":"https:\/\/fit360.ee\/en\/#\/schema\/logo\/image\/"}}]}},"_links":{"self":[{"href":"https:\/\/fit360.ee\/en\/wp-json\/wp\/v2\/product\/50507","targetHints":{"allow":["GET"]}}],"collection":[{"href":"https:\/\/fit360.ee\/en\/wp-json\/wp\/v2\/product"}],"about":[{"href":"https:\/\/fit360.ee\/en\/wp-json\/wp\/v2\/types\/product"}],"replies":[{"embeddable":true,"href":"https:\/\/fit360.ee\/en\/wp-json\/wp\/v2\/comments?post=50507"}],"wp:featuredmedia":[{"embeddable":true,"href":"https:\/\/fit360.ee\/en\/wp-json\/wp\/v2\/media\/50511"}],"wp:attachment":[{"href":"https:\/\/fit360.ee\/en\/wp-json\/wp\/v2\/media?parent=50507"}],"wp:term":[{"taxonomy":"product_brand","embeddable":true,"href":"https:\/\/fit360.ee\/en\/wp-json\/wp\/v2\/product_brand?post=50507"},{"taxonomy":"product_cat","embeddable":true,"href":"https:\/\/fit360.ee\/en\/wp-json\/wp\/v2\/product_cat?post=50507"},{"taxonomy":"product_tag","embeddable":true,"href":"https:\/\/fit360.ee\/en\/wp-json\/wp\/v2\/product_tag?post=50507"},{"taxonomy":"giftcard-category","embeddable":true,"href":"https:\/\/fit360.ee\/en\/wp-json\/wp\/v2\/giftcard-category?post=50507"}],"curies":[{"name":"wp","href":"https:\/\/api.w.org\/{rel}","templated":true}]}}