{"id":50528,"date":"2021-02-25T20:19:27","date_gmt":"2021-02-25T18:19:27","guid":{"rendered":"https:\/\/fit360.ee\/?post_type=product&#038;p=50528"},"modified":"2025-08-13T07:36:18","modified_gmt":"2025-08-13T05:36:18","slug":"piperiin-90tabs","status":"publish","type":"product","link":"https:\/\/fit360.ee\/en\/pood\/product-groups\/fat-burners-en\/stimulant-free-fat-burners-en\/piperiin-90tabs\/","title":{"rendered":"Piperiin (90tabs)"},"content":{"rendered":"<h1>Piperiin<\/h1>\n<p>Real Pharm Piperiin on k\u00f5rgekvaliteediline toidulisand tableti kujul, mis sisaldab musta pipra puuviljaekstrakti, mis sisaldab piperiini &#8211; pipraga looduslikult esinevat alkaloidi, mis mitte ainult ei anna sellele teravat, p\u00f5letavat maitset, vaid ka iseloomulikku aroomi, t\u00f5husat rasvap\u00f5letust ja tuge tegevuses muud ained.<\/p>\n<ul>\n<li>93% piperiini standardimine<\/li>\n<li>90 tabletti<\/li>\n<li>1 portsjon = 1 tablett<\/li>\n<li>Toetab t\u00f5husalt lipol\u00fc\u00fcsi<\/li>\n<\/ul>\n<div class=\"h3\"><strong>REAL PHARM PIPERIIN\u00a0<\/strong><\/div>\n<p>Must pipar on v\u00fcrts, mida kasutatakse praktiliselt kogu maailmas, et anda roogadele omap\u00e4rane maitse ja v\u00fcrtsikus. Selles sisalduv alkaloid &#8211; piperiin kiirendab \u00fcksikute ainete metabolismi. Musta pipra viljades sisalduv piperiin v\u00f5imendab termogeneesi protsessi &#8211; s.o soojuse tootmist, mille k\u00e4igus keha p\u00f5letab kaloreid, samuti lipol\u00fc\u00fcsi protsessi adrenergiliste retseptorite kaudu, st rasvkoe oks\u00fcdeerumist. Piperine stimuleerib seedeelundite sensoorseid l\u00f5ppu, suurendades seel\u00e4bi maomahla eritust ja see aitab parandada seedimist. Piperine aitab kaasa ka m\u00f5nede <a href=\"https:\/\/fit360.ee\/en\/product-category\/product-groups\/vitamins-and-minerals-en\/\"><strong>vitamiinide ja mineraalide<\/strong><\/a>, nt n\u00e4o, imendumise intensiivistamisele. <a href=\"https:\/\/fit360.ee\/en\/product-category\/product-groups\/vitamins-and-minerals-en\/selen-en\/\"><strong>seleen<\/strong><\/a>, <a href=\"https:\/\/fit360.ee\/en\/product-category\/product-groups\/vegan-en\/vegan-capsules-en\/\"><strong>B-vitamiinid<\/strong><\/a> ja beetakaroteen. Lisaks h\u00f5lbustab see <a href=\"https:\/\/fit360.ee\/en\/product-category\/product-groups\/vitamins-and-minerals-en\/coenzyme-q10-en\/\"><strong>koens\u00fc\u00fcmi Q10<\/strong> <\/a>imendumist ja suurendab resveratrooli v\u00f5i kurkumiini imendumist. Piperine v\u00f5ib suurendada ka m\u00f5nede ravimite imendumist.<\/p>\n<div class=\"h3\"><strong>REAL PHARM PIPERRIIN OMADUSED<\/strong>:<\/div>\n<ul>\n<li>See v\u00f5ib aidata kiirendada ainevahetust<\/li>\n<li>See toetab t\u00f5husalt termogeneesi protsessi<\/li>\n<li>Soodustab teatud toidulisandite ja ravimite imendumist<\/li>\n<li>Aitab reguleerida soolestikku<\/li>\n<li>Kiirendab ja toetab lipol\u00fc\u00fcsi protsessi<\/li>\n<li>See parandab keha f\u00fc\u00fcsilist vormi<\/li>\n<\/ul>\n<p><strong>Koostisosad<\/strong>: Musta Pipra puuviljaekstrakt (<em> Piper Nigrum L<\/em>.) standariseeritud 93% Piperiinile, t\u00e4iteained &#8211; mikrokristalne tselluloos, kaltsiumkarbonaat, paakumisvastane aine &#8211; r\u00e4nidioksiid, magneesiumstearaat<\/p>\n<p><strong>Kasutamine<\/strong>: V\u00f5ta 1 tablett p\u00e4evas koos veega.<\/p>\n<p><strong>Suurus<\/strong>: 90 tabletti &#8211; 90 serveeringut<\/p>\n<table>\n<tbody>\n<tr>\n<td width=\"319\"><strong>Aktiivsed toimeained<\/strong><\/td>\n<td width=\"319\"><strong>1 kapsel<\/strong><\/td>\n<\/tr>\n<tr>\n<td width=\"319\">Musta Pipra puuviljaekstrakt<\/td>\n<td width=\"319\">10,55mg<\/td>\n<\/tr>\n<tr>\n<td width=\"319\"><em>millest<\/em> Piperiin 95%<\/td>\n<td width=\"319\">10mg<\/td>\n<\/tr>\n<\/tbody>\n<\/table>\n<p>Soovid teha suuremat tellimust? Vaata antud toodet ka meie HULGI poest <a href=\"https:\/\/toidulisandidhulgi.ee\/product\/piperiin-90tabs\/\"><strong>SIIT<\/strong><\/a>!<\/p>\n","protected":false},"excerpt":{"rendered":"<h2 class=\"h3\"><strong>PIPERIINI OMADUSED<\/strong>:<\/h2>\n<ul>\n<li>See v\u00f5ib aidata kiirendada ainevahetust<\/li>\n<li>See toetab t\u00f5husalt termogeneesi protsessi<\/li>\n<li>Soodustab teatud toidulisandite ja ravimite imendumist<\/li>\n<li>Aitab reguleerida soolestikku<\/li>\n<li>Kiirendab ja toetab lipol\u00fc\u00fcsi protsessi<\/li>\n<li>See parandab keha f\u00fc\u00fcsilist vormi<\/li>\n<\/ul>\n<p>&nbsp;<\/p>\n","protected":false},"featured_media":50532,"comment_status":"open","ping_status":"closed","template":"","meta":[],"product_brand":[],"product_cat":[530,515,2408,536],"product_tag":[2221,2676,1803],"giftcard-category":[],"class_list":{"0":"post-50528","1":"product","2":"type-product","3":"status-publish","4":"has-post-thumbnail","6":"product_cat-fat-burners-en","7":"product_cat-real-pharm","8":"product_cat-stimulant-free-fat-burners-en","9":"product_cat-vitamins-and-minerals-en","10":"product_tag-piperiin-en","11":"product_tag-piperine-en","12":"product_tag-real-pharm-en","13":"pa_toidulisand-branddd-real-pharm","14":"pa_tootegruppp-stimulandivaba-en","15":"pa_tootegruppp-vitamins-and-minerals","16":"pa_tootegruppp-weight-loss","18":"first","19":"outofstock","20":"sale","21":"taxable","22":"shipping-taxable","23":"purchasable","24":"product-type-simple"},"yoast_head":"<!-- This site is optimized with the Yoast SEO plugin v27.3 - https:\/\/yoast.com\/product\/yoast-seo-wordpress\/ -->\n<title>Piperiin (90tabs) - Piperine - Kiire tarne - Parim hind - Fit360<\/title>\n<meta name=\"description\" content=\"Piperiin sisaldab musta pipra puuviljaekstrakti, mis v\u00f5imendab termogeneesi protsessi ehk aitab langetada kaalu. Kiire tarne!\" \/>\n<meta name=\"robots\" content=\"index, follow, max-snippet:-1, max-image-preview:large, max-video-preview:-1\" \/>\n<link rel=\"canonical\" href=\"https:\/\/fit360.ee\/en\/pood\/product-groups\/fat-burners-en\/stimulant-free-fat-burners-en\/piperiin-90tabs\/\" \/>\n<meta property=\"og:locale\" content=\"en_US\" \/>\n<meta property=\"og:type\" content=\"article\" \/>\n<meta property=\"og:title\" content=\"Piperiin (90tabs) - Piperine - Kiire tarne - Parim hind - Fit360\" \/>\n<meta property=\"og:description\" content=\"Piperiin sisaldab musta pipra puuviljaekstrakti, mis v\u00f5imendab termogeneesi protsessi ehk aitab langetada kaalu. Kiire tarne!\" \/>\n<meta property=\"og:url\" content=\"https:\/\/fit360.ee\/en\/pood\/product-groups\/fat-burners-en\/stimulant-free-fat-burners-en\/piperiin-90tabs\/\" \/>\n<meta property=\"og:site_name\" content=\"Fit360\" \/>\n<meta property=\"article:modified_time\" content=\"2025-08-13T05:36:18+00:00\" \/>\n<meta property=\"og:image\" content=\"https:\/\/fit360.ee\/wp-content\/uploads\/2021\/02\/Piperiin-Piperine-fit360.ee_.png\" \/>\n\t<meta property=\"og:image:width\" content=\"800\" \/>\n\t<meta property=\"og:image:height\" content=\"800\" \/>\n\t<meta property=\"og:image:type\" content=\"image\/png\" \/>\n<meta name=\"twitter:card\" content=\"summary_large_image\" \/>\n<meta name=\"twitter:label1\" content=\"Est. reading time\" \/>\n\t<meta name=\"twitter:data1\" content=\"2 minutes\" \/>\n<script type=\"application\/ld+json\" class=\"yoast-schema-graph\">{\"@context\":\"https:\\\/\\\/schema.org\",\"@graph\":[{\"@type\":\"WebPage\",\"@id\":\"https:\\\/\\\/fit360.ee\\\/en\\\/pood\\\/product-groups\\\/fat-burners-en\\\/stimulant-free-fat-burners-en\\\/piperiin-90tabs\\\/\",\"url\":\"https:\\\/\\\/fit360.ee\\\/en\\\/pood\\\/product-groups\\\/fat-burners-en\\\/stimulant-free-fat-burners-en\\\/piperiin-90tabs\\\/\",\"name\":\"Piperiin (90tabs) - Piperine - Kiire tarne - Parim hind - Fit360\",\"isPartOf\":{\"@id\":\"https:\\\/\\\/fit360.ee\\\/en\\\/#website\"},\"primaryImageOfPage\":{\"@id\":\"https:\\\/\\\/fit360.ee\\\/en\\\/pood\\\/product-groups\\\/fat-burners-en\\\/stimulant-free-fat-burners-en\\\/piperiin-90tabs\\\/#primaryimage\"},\"image\":{\"@id\":\"https:\\\/\\\/fit360.ee\\\/en\\\/pood\\\/product-groups\\\/fat-burners-en\\\/stimulant-free-fat-burners-en\\\/piperiin-90tabs\\\/#primaryimage\"},\"thumbnailUrl\":\"https:\\\/\\\/fit360.ee\\\/wp-content\\\/uploads\\\/2021\\\/02\\\/Piperiin-Piperine-fit360.ee_.png\",\"datePublished\":\"2021-02-25T18:19:27+00:00\",\"dateModified\":\"2025-08-13T05:36:18+00:00\",\"description\":\"Piperiin sisaldab musta pipra puuviljaekstrakti, mis v\u00f5imendab termogeneesi protsessi ehk aitab langetada kaalu. Kiire tarne!\",\"breadcrumb\":{\"@id\":\"https:\\\/\\\/fit360.ee\\\/en\\\/pood\\\/product-groups\\\/fat-burners-en\\\/stimulant-free-fat-burners-en\\\/piperiin-90tabs\\\/#breadcrumb\"},\"inLanguage\":\"en-US\",\"potentialAction\":[{\"@type\":\"ReadAction\",\"target\":[\"https:\\\/\\\/fit360.ee\\\/en\\\/pood\\\/product-groups\\\/fat-burners-en\\\/stimulant-free-fat-burners-en\\\/piperiin-90tabs\\\/\"]}]},{\"@type\":\"ImageObject\",\"inLanguage\":\"en-US\",\"@id\":\"https:\\\/\\\/fit360.ee\\\/en\\\/pood\\\/product-groups\\\/fat-burners-en\\\/stimulant-free-fat-burners-en\\\/piperiin-90tabs\\\/#primaryimage\",\"url\":\"https:\\\/\\\/fit360.ee\\\/wp-content\\\/uploads\\\/2021\\\/02\\\/Piperiin-Piperine-fit360.ee_.png\",\"contentUrl\":\"https:\\\/\\\/fit360.ee\\\/wp-content\\\/uploads\\\/2021\\\/02\\\/Piperiin-Piperine-fit360.ee_.png\",\"width\":800,\"height\":800,\"caption\":\"Piperiin Piperine - fit360.ee\"},{\"@type\":\"BreadcrumbList\",\"@id\":\"https:\\\/\\\/fit360.ee\\\/en\\\/pood\\\/product-groups\\\/fat-burners-en\\\/stimulant-free-fat-burners-en\\\/piperiin-90tabs\\\/#breadcrumb\",\"itemListElement\":[{\"@type\":\"ListItem\",\"position\":1,\"name\":\"Home\",\"item\":\"https:\\\/\\\/fit360.ee\\\/en\\\/\"},{\"@type\":\"ListItem\",\"position\":2,\"name\":\"Shop\",\"item\":\"https:\\\/\\\/fit360.ee\\\/en\\\/shop\\\/\"},{\"@type\":\"ListItem\",\"position\":3,\"name\":\"Piperiin (90tabs)\"}]},{\"@type\":\"WebSite\",\"@id\":\"https:\\\/\\\/fit360.ee\\\/en\\\/#website\",\"url\":\"https:\\\/\\\/fit360.ee\\\/en\\\/\",\"name\":\"Fit360\",\"description\":\"\",\"publisher\":{\"@id\":\"https:\\\/\\\/fit360.ee\\\/en\\\/#organization\"},\"potentialAction\":[{\"@type\":\"SearchAction\",\"target\":{\"@type\":\"EntryPoint\",\"urlTemplate\":\"https:\\\/\\\/fit360.ee\\\/en\\\/?s={search_term_string}\"},\"query-input\":{\"@type\":\"PropertyValueSpecification\",\"valueRequired\":true,\"valueName\":\"search_term_string\"}}],\"inLanguage\":\"en-US\"},{\"@type\":\"Organization\",\"@id\":\"https:\\\/\\\/fit360.ee\\\/en\\\/#organization\",\"name\":\"Fit360\",\"url\":\"https:\\\/\\\/fit360.ee\\\/en\\\/\",\"logo\":{\"@type\":\"ImageObject\",\"inLanguage\":\"en-US\",\"@id\":\"https:\\\/\\\/fit360.ee\\\/en\\\/#\\\/schema\\\/logo\\\/image\\\/\",\"url\":\"https:\\\/\\\/fit360.ee\\\/wp-content\\\/uploads\\\/2017\\\/01\\\/logo-fit360.png\",\"contentUrl\":\"https:\\\/\\\/fit360.ee\\\/wp-content\\\/uploads\\\/2017\\\/01\\\/logo-fit360.png\",\"width\":180,\"height\":66,\"caption\":\"Fit360\"},\"image\":{\"@id\":\"https:\\\/\\\/fit360.ee\\\/en\\\/#\\\/schema\\\/logo\\\/image\\\/\"}}]}<\/script>\n<!-- \/ Yoast SEO plugin. -->","yoast_head_json":{"title":"Piperiin (90tabs) - Piperine - Kiire tarne - Parim hind - Fit360","description":"Piperiin sisaldab musta pipra puuviljaekstrakti, mis v\u00f5imendab termogeneesi protsessi ehk aitab langetada kaalu. Kiire tarne!","robots":{"index":"index","follow":"follow","max-snippet":"max-snippet:-1","max-image-preview":"max-image-preview:large","max-video-preview":"max-video-preview:-1"},"canonical":"https:\/\/fit360.ee\/en\/pood\/product-groups\/fat-burners-en\/stimulant-free-fat-burners-en\/piperiin-90tabs\/","og_locale":"en_US","og_type":"article","og_title":"Piperiin (90tabs) - Piperine - Kiire tarne - Parim hind - Fit360","og_description":"Piperiin sisaldab musta pipra puuviljaekstrakti, mis v\u00f5imendab termogeneesi protsessi ehk aitab langetada kaalu. Kiire tarne!","og_url":"https:\/\/fit360.ee\/en\/pood\/product-groups\/fat-burners-en\/stimulant-free-fat-burners-en\/piperiin-90tabs\/","og_site_name":"Fit360","article_modified_time":"2025-08-13T05:36:18+00:00","og_image":[{"width":800,"height":800,"url":"https:\/\/fit360.ee\/wp-content\/uploads\/2021\/02\/Piperiin-Piperine-fit360.ee_.png","type":"image\/png"}],"twitter_card":"summary_large_image","twitter_misc":{"Est. reading time":"2 minutes"},"schema":{"@context":"https:\/\/schema.org","@graph":[{"@type":"WebPage","@id":"https:\/\/fit360.ee\/en\/pood\/product-groups\/fat-burners-en\/stimulant-free-fat-burners-en\/piperiin-90tabs\/","url":"https:\/\/fit360.ee\/en\/pood\/product-groups\/fat-burners-en\/stimulant-free-fat-burners-en\/piperiin-90tabs\/","name":"Piperiin (90tabs) - Piperine - Kiire tarne - Parim hind - Fit360","isPartOf":{"@id":"https:\/\/fit360.ee\/en\/#website"},"primaryImageOfPage":{"@id":"https:\/\/fit360.ee\/en\/pood\/product-groups\/fat-burners-en\/stimulant-free-fat-burners-en\/piperiin-90tabs\/#primaryimage"},"image":{"@id":"https:\/\/fit360.ee\/en\/pood\/product-groups\/fat-burners-en\/stimulant-free-fat-burners-en\/piperiin-90tabs\/#primaryimage"},"thumbnailUrl":"https:\/\/fit360.ee\/wp-content\/uploads\/2021\/02\/Piperiin-Piperine-fit360.ee_.png","datePublished":"2021-02-25T18:19:27+00:00","dateModified":"2025-08-13T05:36:18+00:00","description":"Piperiin sisaldab musta pipra puuviljaekstrakti, mis v\u00f5imendab termogeneesi protsessi ehk aitab langetada kaalu. Kiire tarne!","breadcrumb":{"@id":"https:\/\/fit360.ee\/en\/pood\/product-groups\/fat-burners-en\/stimulant-free-fat-burners-en\/piperiin-90tabs\/#breadcrumb"},"inLanguage":"en-US","potentialAction":[{"@type":"ReadAction","target":["https:\/\/fit360.ee\/en\/pood\/product-groups\/fat-burners-en\/stimulant-free-fat-burners-en\/piperiin-90tabs\/"]}]},{"@type":"ImageObject","inLanguage":"en-US","@id":"https:\/\/fit360.ee\/en\/pood\/product-groups\/fat-burners-en\/stimulant-free-fat-burners-en\/piperiin-90tabs\/#primaryimage","url":"https:\/\/fit360.ee\/wp-content\/uploads\/2021\/02\/Piperiin-Piperine-fit360.ee_.png","contentUrl":"https:\/\/fit360.ee\/wp-content\/uploads\/2021\/02\/Piperiin-Piperine-fit360.ee_.png","width":800,"height":800,"caption":"Piperiin Piperine - fit360.ee"},{"@type":"BreadcrumbList","@id":"https:\/\/fit360.ee\/en\/pood\/product-groups\/fat-burners-en\/stimulant-free-fat-burners-en\/piperiin-90tabs\/#breadcrumb","itemListElement":[{"@type":"ListItem","position":1,"name":"Home","item":"https:\/\/fit360.ee\/en\/"},{"@type":"ListItem","position":2,"name":"Shop","item":"https:\/\/fit360.ee\/en\/shop\/"},{"@type":"ListItem","position":3,"name":"Piperiin (90tabs)"}]},{"@type":"WebSite","@id":"https:\/\/fit360.ee\/en\/#website","url":"https:\/\/fit360.ee\/en\/","name":"Fit360","description":"","publisher":{"@id":"https:\/\/fit360.ee\/en\/#organization"},"potentialAction":[{"@type":"SearchAction","target":{"@type":"EntryPoint","urlTemplate":"https:\/\/fit360.ee\/en\/?s={search_term_string}"},"query-input":{"@type":"PropertyValueSpecification","valueRequired":true,"valueName":"search_term_string"}}],"inLanguage":"en-US"},{"@type":"Organization","@id":"https:\/\/fit360.ee\/en\/#organization","name":"Fit360","url":"https:\/\/fit360.ee\/en\/","logo":{"@type":"ImageObject","inLanguage":"en-US","@id":"https:\/\/fit360.ee\/en\/#\/schema\/logo\/image\/","url":"https:\/\/fit360.ee\/wp-content\/uploads\/2017\/01\/logo-fit360.png","contentUrl":"https:\/\/fit360.ee\/wp-content\/uploads\/2017\/01\/logo-fit360.png","width":180,"height":66,"caption":"Fit360"},"image":{"@id":"https:\/\/fit360.ee\/en\/#\/schema\/logo\/image\/"}}]}},"_links":{"self":[{"href":"https:\/\/fit360.ee\/en\/wp-json\/wp\/v2\/product\/50528","targetHints":{"allow":["GET"]}}],"collection":[{"href":"https:\/\/fit360.ee\/en\/wp-json\/wp\/v2\/product"}],"about":[{"href":"https:\/\/fit360.ee\/en\/wp-json\/wp\/v2\/types\/product"}],"replies":[{"embeddable":true,"href":"https:\/\/fit360.ee\/en\/wp-json\/wp\/v2\/comments?post=50528"}],"wp:featuredmedia":[{"embeddable":true,"href":"https:\/\/fit360.ee\/en\/wp-json\/wp\/v2\/media\/50532"}],"wp:attachment":[{"href":"https:\/\/fit360.ee\/en\/wp-json\/wp\/v2\/media?parent=50528"}],"wp:term":[{"taxonomy":"product_brand","embeddable":true,"href":"https:\/\/fit360.ee\/en\/wp-json\/wp\/v2\/product_brand?post=50528"},{"taxonomy":"product_cat","embeddable":true,"href":"https:\/\/fit360.ee\/en\/wp-json\/wp\/v2\/product_cat?post=50528"},{"taxonomy":"product_tag","embeddable":true,"href":"https:\/\/fit360.ee\/en\/wp-json\/wp\/v2\/product_tag?post=50528"},{"taxonomy":"giftcard-category","embeddable":true,"href":"https:\/\/fit360.ee\/en\/wp-json\/wp\/v2\/giftcard-category?post=50528"}],"curies":[{"name":"wp","href":"https:\/\/api.w.org\/{rel}","templated":true}]}}