{"id":50545,"date":"2021-02-26T12:18:08","date_gmt":"2021-02-26T10:18:08","guid":{"rendered":"https:\/\/fit360.ee\/?post_type=product&#038;p=50545"},"modified":"2025-08-13T07:35:02","modified_gmt":"2025-08-13T05:35:02","slug":"tribulus-terrestris-95-60caps","status":"publish","type":"product","link":"https:\/\/fit360.ee\/en\/pood\/product-groups\/testosterone-boosters-en\/tribulus-en\/tribulus-terrestris-95-60caps\/","title":{"rendered":"Tribulus Terrestris 95 (60caps)"},"content":{"rendered":"<h2><strong>Tribulus Terrestris 95<\/strong><\/h2>\n<p>Evolite Tribulus Terrestris standardiseeritud 95% saponiini tasemele.\u00a0 Selle taime juuri ja viljasid on meditsiinis kasutatud sajandeid ning on tuntud tervist toetavate omaduste poolest.<\/p>\n<p><strong><em>Tribulus terrestris<\/em><\/strong> on loomne taim, mis kasvab laialdaselt \u00fcle maailma, eriti kuiva kliimaga kohtades. Toode on m\u00f5eldud f\u00fc\u00fcsiliselt aktiivsetele inimestele, kelle eesm\u00e4rk on parandada oma f\u00fc\u00fcsilist ja seksuaalv\u00f5imekust. Tribuluse taime juuri ja viljasid on meditsiinis kasutatud sajandeid ning on tuntud tervist toetavate omaduste poolest. Eriti aga just meeste libiido ja testosterooni osas. Tribulust kasutavad ka paljud v\u00f5istlevad sportlased oma men\u00fc\u00fcs populaarse toidulisandina. Kindlasti sobib see ka harrastajatele.<\/p>\n<p><strong>Tribuluse omadused<\/strong>:<\/p>\n<ul>\n<li>T\u00f5stab testosteroonitaset.<\/li>\n<li>Muudab seksuaalselt aktiivsemaks ja parandab seksuaalv\u00f5imekust.<\/li>\n<li>Soodustab lihasmassi kasvu.<\/li>\n<li>Standardiseeritud 95% steroidse saponiini tasemele.<\/li>\n<\/ul>\n<p><strong>Koostisosad<\/strong>: Tribulus Terrestrise puuviljaekstrakt standardiseeritud 95% saponiini tasemele, kapsli \u00fcmbris &#8211; \u017eelatiin.<\/p>\n<p><strong>Kasutamine<\/strong>: 1-2 kapslit p\u00e4evas<\/p>\n<p><strong>NB! Toode ei asenda mitmek\u00fclgset toitumist. Hoida lastele k\u00e4ttesaamatus kohas.<\/strong><\/p>\n<p><strong>Suurus<\/strong>: 60 kapslit<\/p>\n<table>\n<tbody>\n<tr>\n<td width=\"319\"><strong>Aktiivne toimeaine<\/strong><\/td>\n<td width=\"319\"><strong>1 kapsel<\/strong><\/td>\n<\/tr>\n<tr>\n<td width=\"319\">Tribulus<\/td>\n<td width=\"319\">1000mg<\/td>\n<\/tr>\n<tr>\n<td width=\"319\">millest Saponiiid (90%)<\/td>\n<td width=\"319\">950mg<\/td>\n<\/tr>\n<\/tbody>\n<\/table>\n<p>Vaata ka meie teisi Tribulus tooteid <a href=\"https:\/\/fit360.ee\/en\/product-category\/product-groups\/testosterone-boosters-en\/tribulus-en\/\"><strong>SIIT<\/strong><\/a>\u00a0v\u00f5i Testosterooni T\u00f5stjaid <a href=\"https:\/\/fit360.ee\/en\/product-category\/product-groups\/testosterone-boosters-en\/\"><strong>SIIT<\/strong><\/a>!<\/p>\n<p>Soovid osta suuremas koguses? Vaata antud toodet ka meie HULGI lehelt <a href=\"https:\/\/toidulisandidhulgi.ee\/product\/tribulus-terrestris-95-60caps\/\"><strong>SIIT<\/strong><\/a>!<\/p>\n","protected":false},"excerpt":{"rendered":"<ul>\n<li>T\u00f5stab testosteroonitaset.<\/li>\n<li>Muudab seksuaalselt aktiivsemaks ja parandab seksuaalv\u00f5imekust.<\/li>\n<li>Soodustab lihasmassi kasvu.<\/li>\n<li>Aitab parandada meeleolu<\/li>\n<\/ul>\n","protected":false},"featured_media":85398,"comment_status":"open","ping_status":"closed","template":"","meta":[],"product_brand":[],"product_cat":[1618,532,2450],"product_tag":[1773,2167,2168],"giftcard-category":[],"class_list":{"0":"post-50545","1":"product","2":"type-product","3":"status-publish","4":"has-post-thumbnail","6":"product_cat-evolite-en","7":"product_cat-testosterone-boosters-en","8":"product_cat-tribulus-en","9":"product_tag-evolite-en","10":"product_tag-tribulus-en","11":"product_tag-tribulus-terrestris-en","12":"pa_toidulisand-branddd-evolite","13":"pa_tootegruppp-testosterone-enhancers","14":"pa_tootegruppp-tribulus-en","16":"first","17":"instock","18":"sale","19":"taxable","20":"shipping-taxable","21":"purchasable","22":"product-type-simple"},"yoast_head":"<!-- This site is optimized with the Yoast SEO plugin v27.3 - https:\/\/yoast.com\/product\/yoast-seo-wordpress\/ -->\n<title>Tribulus Terrestris 95 (60caps) - Tribulus - Testosteroon - Kiire tarne<\/title>\n<meta name=\"description\" content=\"Tribulus Terrestris aitab t\u00f5sta testosteroonitaset, muudab seksuaalselt aktiivsemaks ning soodustab lihasmassi kasvu. Kiire tarne\" \/>\n<meta name=\"robots\" content=\"index, follow, max-snippet:-1, max-image-preview:large, max-video-preview:-1\" \/>\n<link rel=\"canonical\" href=\"https:\/\/fit360.ee\/en\/pood\/product-groups\/testosterone-boosters-en\/tribulus-en\/tribulus-terrestris-95-60caps\/\" \/>\n<meta property=\"og:locale\" content=\"en_US\" \/>\n<meta property=\"og:type\" content=\"article\" \/>\n<meta property=\"og:title\" content=\"Tribulus Terrestris 95 (60caps) - Tribulus - Testosteroon - Kiire tarne\" \/>\n<meta property=\"og:description\" content=\"Tribulus Terrestris aitab t\u00f5sta testosteroonitaset, muudab seksuaalselt aktiivsemaks ning soodustab lihasmassi kasvu. Kiire tarne\" \/>\n<meta property=\"og:url\" content=\"https:\/\/fit360.ee\/en\/pood\/product-groups\/testosterone-boosters-en\/tribulus-en\/tribulus-terrestris-95-60caps\/\" \/>\n<meta property=\"og:site_name\" content=\"Fit360\" \/>\n<meta property=\"article:modified_time\" content=\"2025-08-13T05:35:02+00:00\" \/>\n<meta property=\"og:image\" content=\"https:\/\/fit360.ee\/wp-content\/uploads\/2021\/02\/tribulus-terrestris-kapslid-fit360.ee_.jpg\" \/>\n\t<meta property=\"og:image:width\" content=\"800\" \/>\n\t<meta property=\"og:image:height\" content=\"800\" \/>\n\t<meta property=\"og:image:type\" content=\"image\/jpeg\" \/>\n<meta name=\"twitter:card\" content=\"summary_large_image\" \/>\n<meta name=\"twitter:label1\" content=\"Est. reading time\" \/>\n\t<meta name=\"twitter:data1\" content=\"1 minute\" \/>\n<script type=\"application\/ld+json\" class=\"yoast-schema-graph\">{\"@context\":\"https:\\\/\\\/schema.org\",\"@graph\":[{\"@type\":\"WebPage\",\"@id\":\"https:\\\/\\\/fit360.ee\\\/en\\\/pood\\\/product-groups\\\/testosterone-boosters-en\\\/tribulus-en\\\/tribulus-terrestris-95-60caps\\\/\",\"url\":\"https:\\\/\\\/fit360.ee\\\/en\\\/pood\\\/product-groups\\\/testosterone-boosters-en\\\/tribulus-en\\\/tribulus-terrestris-95-60caps\\\/\",\"name\":\"Tribulus Terrestris 95 (60caps) - Tribulus - Testosteroon - Kiire tarne\",\"isPartOf\":{\"@id\":\"https:\\\/\\\/fit360.ee\\\/en\\\/#website\"},\"primaryImageOfPage\":{\"@id\":\"https:\\\/\\\/fit360.ee\\\/en\\\/pood\\\/product-groups\\\/testosterone-boosters-en\\\/tribulus-en\\\/tribulus-terrestris-95-60caps\\\/#primaryimage\"},\"image\":{\"@id\":\"https:\\\/\\\/fit360.ee\\\/en\\\/pood\\\/product-groups\\\/testosterone-boosters-en\\\/tribulus-en\\\/tribulus-terrestris-95-60caps\\\/#primaryimage\"},\"thumbnailUrl\":\"https:\\\/\\\/fit360.ee\\\/wp-content\\\/uploads\\\/2021\\\/02\\\/tribulus-terrestris-kapslid-fit360.ee_.jpg\",\"datePublished\":\"2021-02-26T10:18:08+00:00\",\"dateModified\":\"2025-08-13T05:35:02+00:00\",\"description\":\"Tribulus Terrestris aitab t\u00f5sta testosteroonitaset, muudab seksuaalselt aktiivsemaks ning soodustab lihasmassi kasvu. Kiire tarne\",\"breadcrumb\":{\"@id\":\"https:\\\/\\\/fit360.ee\\\/en\\\/pood\\\/product-groups\\\/testosterone-boosters-en\\\/tribulus-en\\\/tribulus-terrestris-95-60caps\\\/#breadcrumb\"},\"inLanguage\":\"en-US\",\"potentialAction\":[{\"@type\":\"ReadAction\",\"target\":[\"https:\\\/\\\/fit360.ee\\\/en\\\/pood\\\/product-groups\\\/testosterone-boosters-en\\\/tribulus-en\\\/tribulus-terrestris-95-60caps\\\/\"]}]},{\"@type\":\"ImageObject\",\"inLanguage\":\"en-US\",\"@id\":\"https:\\\/\\\/fit360.ee\\\/en\\\/pood\\\/product-groups\\\/testosterone-boosters-en\\\/tribulus-en\\\/tribulus-terrestris-95-60caps\\\/#primaryimage\",\"url\":\"https:\\\/\\\/fit360.ee\\\/wp-content\\\/uploads\\\/2021\\\/02\\\/tribulus-terrestris-kapslid-fit360.ee_.jpg\",\"contentUrl\":\"https:\\\/\\\/fit360.ee\\\/wp-content\\\/uploads\\\/2021\\\/02\\\/tribulus-terrestris-kapslid-fit360.ee_.jpg\",\"width\":800,\"height\":800,\"caption\":\"tribulus terrestris kapslid - fit360.ee\"},{\"@type\":\"BreadcrumbList\",\"@id\":\"https:\\\/\\\/fit360.ee\\\/en\\\/pood\\\/product-groups\\\/testosterone-boosters-en\\\/tribulus-en\\\/tribulus-terrestris-95-60caps\\\/#breadcrumb\",\"itemListElement\":[{\"@type\":\"ListItem\",\"position\":1,\"name\":\"Home\",\"item\":\"https:\\\/\\\/fit360.ee\\\/en\\\/\"},{\"@type\":\"ListItem\",\"position\":2,\"name\":\"Shop\",\"item\":\"https:\\\/\\\/fit360.ee\\\/en\\\/shop\\\/\"},{\"@type\":\"ListItem\",\"position\":3,\"name\":\"Tribulus Terrestris 95 (60caps)\"}]},{\"@type\":\"WebSite\",\"@id\":\"https:\\\/\\\/fit360.ee\\\/en\\\/#website\",\"url\":\"https:\\\/\\\/fit360.ee\\\/en\\\/\",\"name\":\"Fit360\",\"description\":\"\",\"publisher\":{\"@id\":\"https:\\\/\\\/fit360.ee\\\/en\\\/#organization\"},\"potentialAction\":[{\"@type\":\"SearchAction\",\"target\":{\"@type\":\"EntryPoint\",\"urlTemplate\":\"https:\\\/\\\/fit360.ee\\\/en\\\/?s={search_term_string}\"},\"query-input\":{\"@type\":\"PropertyValueSpecification\",\"valueRequired\":true,\"valueName\":\"search_term_string\"}}],\"inLanguage\":\"en-US\"},{\"@type\":\"Organization\",\"@id\":\"https:\\\/\\\/fit360.ee\\\/en\\\/#organization\",\"name\":\"Fit360\",\"url\":\"https:\\\/\\\/fit360.ee\\\/en\\\/\",\"logo\":{\"@type\":\"ImageObject\",\"inLanguage\":\"en-US\",\"@id\":\"https:\\\/\\\/fit360.ee\\\/en\\\/#\\\/schema\\\/logo\\\/image\\\/\",\"url\":\"https:\\\/\\\/fit360.ee\\\/wp-content\\\/uploads\\\/2017\\\/01\\\/logo-fit360.png\",\"contentUrl\":\"https:\\\/\\\/fit360.ee\\\/wp-content\\\/uploads\\\/2017\\\/01\\\/logo-fit360.png\",\"width\":180,\"height\":66,\"caption\":\"Fit360\"},\"image\":{\"@id\":\"https:\\\/\\\/fit360.ee\\\/en\\\/#\\\/schema\\\/logo\\\/image\\\/\"}}]}<\/script>\n<!-- \/ Yoast SEO plugin. -->","yoast_head_json":{"title":"Tribulus Terrestris 95 (60caps) - Tribulus - Testosteroon - Kiire tarne","description":"Tribulus Terrestris aitab t\u00f5sta testosteroonitaset, muudab seksuaalselt aktiivsemaks ning soodustab lihasmassi kasvu. Kiire tarne","robots":{"index":"index","follow":"follow","max-snippet":"max-snippet:-1","max-image-preview":"max-image-preview:large","max-video-preview":"max-video-preview:-1"},"canonical":"https:\/\/fit360.ee\/en\/pood\/product-groups\/testosterone-boosters-en\/tribulus-en\/tribulus-terrestris-95-60caps\/","og_locale":"en_US","og_type":"article","og_title":"Tribulus Terrestris 95 (60caps) - Tribulus - Testosteroon - Kiire tarne","og_description":"Tribulus Terrestris aitab t\u00f5sta testosteroonitaset, muudab seksuaalselt aktiivsemaks ning soodustab lihasmassi kasvu. Kiire tarne","og_url":"https:\/\/fit360.ee\/en\/pood\/product-groups\/testosterone-boosters-en\/tribulus-en\/tribulus-terrestris-95-60caps\/","og_site_name":"Fit360","article_modified_time":"2025-08-13T05:35:02+00:00","og_image":[{"width":800,"height":800,"url":"https:\/\/fit360.ee\/wp-content\/uploads\/2021\/02\/tribulus-terrestris-kapslid-fit360.ee_.jpg","type":"image\/jpeg"}],"twitter_card":"summary_large_image","twitter_misc":{"Est. reading time":"1 minute"},"schema":{"@context":"https:\/\/schema.org","@graph":[{"@type":"WebPage","@id":"https:\/\/fit360.ee\/en\/pood\/product-groups\/testosterone-boosters-en\/tribulus-en\/tribulus-terrestris-95-60caps\/","url":"https:\/\/fit360.ee\/en\/pood\/product-groups\/testosterone-boosters-en\/tribulus-en\/tribulus-terrestris-95-60caps\/","name":"Tribulus Terrestris 95 (60caps) - Tribulus - Testosteroon - Kiire tarne","isPartOf":{"@id":"https:\/\/fit360.ee\/en\/#website"},"primaryImageOfPage":{"@id":"https:\/\/fit360.ee\/en\/pood\/product-groups\/testosterone-boosters-en\/tribulus-en\/tribulus-terrestris-95-60caps\/#primaryimage"},"image":{"@id":"https:\/\/fit360.ee\/en\/pood\/product-groups\/testosterone-boosters-en\/tribulus-en\/tribulus-terrestris-95-60caps\/#primaryimage"},"thumbnailUrl":"https:\/\/fit360.ee\/wp-content\/uploads\/2021\/02\/tribulus-terrestris-kapslid-fit360.ee_.jpg","datePublished":"2021-02-26T10:18:08+00:00","dateModified":"2025-08-13T05:35:02+00:00","description":"Tribulus Terrestris aitab t\u00f5sta testosteroonitaset, muudab seksuaalselt aktiivsemaks ning soodustab lihasmassi kasvu. Kiire tarne","breadcrumb":{"@id":"https:\/\/fit360.ee\/en\/pood\/product-groups\/testosterone-boosters-en\/tribulus-en\/tribulus-terrestris-95-60caps\/#breadcrumb"},"inLanguage":"en-US","potentialAction":[{"@type":"ReadAction","target":["https:\/\/fit360.ee\/en\/pood\/product-groups\/testosterone-boosters-en\/tribulus-en\/tribulus-terrestris-95-60caps\/"]}]},{"@type":"ImageObject","inLanguage":"en-US","@id":"https:\/\/fit360.ee\/en\/pood\/product-groups\/testosterone-boosters-en\/tribulus-en\/tribulus-terrestris-95-60caps\/#primaryimage","url":"https:\/\/fit360.ee\/wp-content\/uploads\/2021\/02\/tribulus-terrestris-kapslid-fit360.ee_.jpg","contentUrl":"https:\/\/fit360.ee\/wp-content\/uploads\/2021\/02\/tribulus-terrestris-kapslid-fit360.ee_.jpg","width":800,"height":800,"caption":"tribulus terrestris kapslid - fit360.ee"},{"@type":"BreadcrumbList","@id":"https:\/\/fit360.ee\/en\/pood\/product-groups\/testosterone-boosters-en\/tribulus-en\/tribulus-terrestris-95-60caps\/#breadcrumb","itemListElement":[{"@type":"ListItem","position":1,"name":"Home","item":"https:\/\/fit360.ee\/en\/"},{"@type":"ListItem","position":2,"name":"Shop","item":"https:\/\/fit360.ee\/en\/shop\/"},{"@type":"ListItem","position":3,"name":"Tribulus Terrestris 95 (60caps)"}]},{"@type":"WebSite","@id":"https:\/\/fit360.ee\/en\/#website","url":"https:\/\/fit360.ee\/en\/","name":"Fit360","description":"","publisher":{"@id":"https:\/\/fit360.ee\/en\/#organization"},"potentialAction":[{"@type":"SearchAction","target":{"@type":"EntryPoint","urlTemplate":"https:\/\/fit360.ee\/en\/?s={search_term_string}"},"query-input":{"@type":"PropertyValueSpecification","valueRequired":true,"valueName":"search_term_string"}}],"inLanguage":"en-US"},{"@type":"Organization","@id":"https:\/\/fit360.ee\/en\/#organization","name":"Fit360","url":"https:\/\/fit360.ee\/en\/","logo":{"@type":"ImageObject","inLanguage":"en-US","@id":"https:\/\/fit360.ee\/en\/#\/schema\/logo\/image\/","url":"https:\/\/fit360.ee\/wp-content\/uploads\/2017\/01\/logo-fit360.png","contentUrl":"https:\/\/fit360.ee\/wp-content\/uploads\/2017\/01\/logo-fit360.png","width":180,"height":66,"caption":"Fit360"},"image":{"@id":"https:\/\/fit360.ee\/en\/#\/schema\/logo\/image\/"}}]}},"_links":{"self":[{"href":"https:\/\/fit360.ee\/en\/wp-json\/wp\/v2\/product\/50545","targetHints":{"allow":["GET"]}}],"collection":[{"href":"https:\/\/fit360.ee\/en\/wp-json\/wp\/v2\/product"}],"about":[{"href":"https:\/\/fit360.ee\/en\/wp-json\/wp\/v2\/types\/product"}],"replies":[{"embeddable":true,"href":"https:\/\/fit360.ee\/en\/wp-json\/wp\/v2\/comments?post=50545"}],"wp:featuredmedia":[{"embeddable":true,"href":"https:\/\/fit360.ee\/en\/wp-json\/wp\/v2\/media\/85398"}],"wp:attachment":[{"href":"https:\/\/fit360.ee\/en\/wp-json\/wp\/v2\/media?parent=50545"}],"wp:term":[{"taxonomy":"product_brand","embeddable":true,"href":"https:\/\/fit360.ee\/en\/wp-json\/wp\/v2\/product_brand?post=50545"},{"taxonomy":"product_cat","embeddable":true,"href":"https:\/\/fit360.ee\/en\/wp-json\/wp\/v2\/product_cat?post=50545"},{"taxonomy":"product_tag","embeddable":true,"href":"https:\/\/fit360.ee\/en\/wp-json\/wp\/v2\/product_tag?post=50545"},{"taxonomy":"giftcard-category","embeddable":true,"href":"https:\/\/fit360.ee\/en\/wp-json\/wp\/v2\/giftcard-category?post=50545"}],"curies":[{"name":"wp","href":"https:\/\/api.w.org\/{rel}","templated":true}]}}