{"id":50567,"date":"2021-02-26T12:38:27","date_gmt":"2021-02-26T10:38:27","guid":{"rendered":"https:\/\/fit360.ee\/pood\/uncategorized\/pahklikreem-best-cream-ever-500g\/"},"modified":"2025-08-13T07:36:38","modified_gmt":"2025-08-13T05:36:38","slug":"pahklikreem-best-cream-ever-500g","status":"publish","type":"product","link":"https:\/\/fit360.ee\/en\/pood\/product-groups\/peanut-butters-en\/pahklikreem-best-cream-ever-500g\/","title":{"rendered":"P\u00e4hklikreem Best Cream Ever 500g)"},"content":{"rendered":"<h1>P\u00e4hklikreem<\/h1>\n<p>Real Pharm P\u00e4hklikreem on lihtsalt s\u00f5ltuvust tekitav. Selle imeline maitse paneb arvama, et s\u00f6\u00f6dki p\u00e4ris Nutella p\u00e4hklireemi v\u00f5i Rafaello komme. Tegelikult s\u00f6\u00f6dki, kuid meie toode on t\u00e4iesti patuvaba, sisaldades suhkrut vaid 8-10%<\/p>\n<p><strong>Koostisosad*<\/strong>:kookosevaht 34,8%, magusaine: malitool, shea\u00f5li, l\u00f5ssipulber, rafineerimata kookose\u00f5li, kookoshelbed, demineraliseeritud vadakupulber ( piimast), p\u00e4evalille\u00f5li, emulgaator: letsitiin (sojast). Liigne tarbimine v\u00f5ib tekitada puhituse tunde. K\u00fcsi t\u00e4psemalt ka allergeenide informatisooni.<\/p>\n<p>* t\u00f5lgitud on p\u00e4hklikreem kookoshelveste maitse. Teiste maitsete koostisosad v\u00f5ivad varieeruda. T\u00e4psema info jaoks kirjutage: info@thulgi.ee.<\/p>\n<p><strong>Kasutamine<\/strong>: Tarbi vastavalt vajadusele<\/p>\n<p><strong>Suurus:\u00a0<\/strong>500g<\/p>\n<table>\n<tbody>\n<tr>\n<td width=\"205\"><strong>Toiteained<\/strong><\/td>\n<td width=\"205\"><strong>100g kohta<\/strong><\/td>\n<\/tr>\n<tr>\n<td width=\"205\">Energia<\/td>\n<td width=\"205\">622 kcal \/ 2577 kJ<\/td>\n<\/tr>\n<tr>\n<td width=\"205\">Rasvad<\/td>\n<td width=\"205\">51g<\/td>\n<\/tr>\n<tr>\n<td width=\"205\"><em>millest k\u00fcllastunud<\/em><\/td>\n<td width=\"205\">33g<\/td>\n<\/tr>\n<tr>\n<td width=\"205\">S\u00fcsivesikud<\/td>\n<td width=\"205\">34g<\/td>\n<\/tr>\n<tr>\n<td width=\"205\"><em>millest suhkur<\/em><\/td>\n<td width=\"205\">9g<\/td>\n<\/tr>\n<tr>\n<td width=\"205\">Kiudained<\/td>\n<td width=\"205\">3g<\/td>\n<\/tr>\n<tr>\n<td width=\"205\">Valgud<\/td>\n<td width=\"205\">5,2g<\/td>\n<\/tr>\n<tr>\n<td width=\"205\">Soolad<\/td>\n<td width=\"205\">0,02g<\/td>\n<\/tr>\n<\/tbody>\n<\/table>\n<p>Vaata ka meie teisi <a href=\"https:\/\/fit360.ee\/en\/product-category\/product-groups\/peanut-butters-en\/\"><strong>P\u00c4HKLIV\u00d5ISI .<\/strong><\/a><\/p>\n<p>Soovid kaupa osta suuremas koguses? Vaata antud toodet ka meie HULGI lehelt <a href=\"https:\/\/toidulisandidhulgi.ee\/product\/pahklikreem-best-cream-ever-500g\/\"><strong>SIIT<\/strong><\/a>!<\/p>\n","protected":false},"excerpt":{"rendered":"<h2><strong>P\u00e4hklikreem<\/strong>:<\/h2>\n<ul>\n<li>Hea ja maitsev vahepala<\/li>\n<li>Kordades v\u00e4hem rasva ja suhkrut kui supermarketi alternatiivides<\/li>\n<li>4 imehead maitset<\/li>\n<li>Ilma palmi\u00f5lita<\/li>\n<\/ul>\n<p>Real Pharm P\u00e4hklikreem on lihtsalt s\u00f5ltuvust tekitav. Selle imeline maitse paneb arvama, et s\u00f6\u00f6dki p\u00e4ris Nutella p\u00e4hklireemi v\u00f5i Rafaello komme. Tegelikult s\u00f6\u00f6dki, kuid meie toode on t\u00e4iesti patuvaba, sisaldades suhkrut vaid 8-10%<\/p>\n","protected":false},"featured_media":50556,"comment_status":"open","ping_status":"closed","template":"","meta":[],"product_brand":[],"product_cat":[529,534,515],"product_tag":[2678,2679,1803],"giftcard-category":[],"class_list":{"0":"post-50567","1":"product","2":"type-product","3":"status-publish","4":"has-post-thumbnail","6":"product_cat-peanut-butters-en","7":"product_cat-protein-bars-and-snacks","8":"product_cat-real-pharm","9":"product_tag-pahklivoi-en","10":"product_tag-paklikreem-en","11":"product_tag-real-pharm-en","12":"pa_maitse-banana","13":"pa_maitse-dark-chocolate","14":"pa_maitse-kookoshelbed-en","15":"pa_maitse-milk-chocolate","16":"pa_maitse-salted-caramel-en","17":"pa_maitse-white-chocolate-en","19":"first","20":"outofstock","21":"sale","22":"taxable","23":"shipping-taxable","24":"purchasable","25":"product-type-variable"},"yoast_head":"<!-- This site is optimized with the Yoast SEO plugin v27.3 - https:\/\/yoast.com\/product\/yoast-seo-wordpress\/ -->\n<title>P\u00e4hklikreem Best Cream Ever 500g) - P\u00e4hkliv\u00f5i - Kiire Tarne<\/title>\n<meta name=\"description\" content=\"P\u00e4hklikreem on lihtsalt s\u00f5ltuvust tekitav. Selle imeline maitse paneb arvama, et s\u00f6\u00f6dki p\u00e4ris Nutella p\u00e4hklireemi v\u00f5i Rafaello komme.\" \/>\n<meta name=\"robots\" content=\"index, follow, max-snippet:-1, max-image-preview:large, max-video-preview:-1\" \/>\n<link rel=\"canonical\" href=\"https:\/\/fit360.ee\/en\/pood\/product-groups\/peanut-butters-en\/pahklikreem-best-cream-ever-500g\/\" \/>\n<meta property=\"og:locale\" content=\"en_US\" \/>\n<meta property=\"og:type\" content=\"article\" \/>\n<meta property=\"og:title\" content=\"P\u00e4hklikreem Best Cream Ever 500g) - P\u00e4hkliv\u00f5i - Kiire Tarne\" \/>\n<meta property=\"og:description\" content=\"P\u00e4hklikreem on lihtsalt s\u00f5ltuvust tekitav. Selle imeline maitse paneb arvama, et s\u00f6\u00f6dki p\u00e4ris Nutella p\u00e4hklireemi v\u00f5i Rafaello komme.\" \/>\n<meta property=\"og:url\" content=\"https:\/\/fit360.ee\/en\/pood\/product-groups\/peanut-butters-en\/pahklikreem-best-cream-ever-500g\/\" \/>\n<meta property=\"og:site_name\" content=\"Fit360\" \/>\n<meta property=\"article:modified_time\" content=\"2025-08-13T05:36:38+00:00\" \/>\n<meta property=\"og:image\" content=\"https:\/\/fit360.ee\/wp-content\/uploads\/2021\/02\/kookose-pahklikreem-pahklivoi-fit360.ee_.png\" \/>\n\t<meta property=\"og:image:width\" content=\"600\" \/>\n\t<meta property=\"og:image:height\" content=\"600\" \/>\n\t<meta property=\"og:image:type\" content=\"image\/png\" \/>\n<meta name=\"twitter:card\" content=\"summary_large_image\" \/>\n<meta name=\"twitter:label1\" content=\"Est. reading time\" \/>\n\t<meta name=\"twitter:data1\" content=\"1 minute\" \/>\n<script type=\"application\/ld+json\" class=\"yoast-schema-graph\">{\"@context\":\"https:\\\/\\\/schema.org\",\"@graph\":[{\"@type\":\"WebPage\",\"@id\":\"https:\\\/\\\/fit360.ee\\\/en\\\/pood\\\/product-groups\\\/peanut-butters-en\\\/pahklikreem-best-cream-ever-500g\\\/\",\"url\":\"https:\\\/\\\/fit360.ee\\\/en\\\/pood\\\/product-groups\\\/peanut-butters-en\\\/pahklikreem-best-cream-ever-500g\\\/\",\"name\":\"P\u00e4hklikreem Best Cream Ever 500g) - P\u00e4hkliv\u00f5i - Kiire Tarne\",\"isPartOf\":{\"@id\":\"https:\\\/\\\/fit360.ee\\\/en\\\/#website\"},\"primaryImageOfPage\":{\"@id\":\"https:\\\/\\\/fit360.ee\\\/en\\\/pood\\\/product-groups\\\/peanut-butters-en\\\/pahklikreem-best-cream-ever-500g\\\/#primaryimage\"},\"image\":{\"@id\":\"https:\\\/\\\/fit360.ee\\\/en\\\/pood\\\/product-groups\\\/peanut-butters-en\\\/pahklikreem-best-cream-ever-500g\\\/#primaryimage\"},\"thumbnailUrl\":\"https:\\\/\\\/fit360.ee\\\/wp-content\\\/uploads\\\/2021\\\/02\\\/kookose-pahklikreem-pahklivoi-fit360.ee_.png\",\"datePublished\":\"2021-02-26T10:38:27+00:00\",\"dateModified\":\"2025-08-13T05:36:38+00:00\",\"description\":\"P\u00e4hklikreem on lihtsalt s\u00f5ltuvust tekitav. Selle imeline maitse paneb arvama, et s\u00f6\u00f6dki p\u00e4ris Nutella p\u00e4hklireemi v\u00f5i Rafaello komme.\",\"breadcrumb\":{\"@id\":\"https:\\\/\\\/fit360.ee\\\/en\\\/pood\\\/product-groups\\\/peanut-butters-en\\\/pahklikreem-best-cream-ever-500g\\\/#breadcrumb\"},\"inLanguage\":\"en-US\",\"potentialAction\":[{\"@type\":\"ReadAction\",\"target\":[\"https:\\\/\\\/fit360.ee\\\/en\\\/pood\\\/product-groups\\\/peanut-butters-en\\\/pahklikreem-best-cream-ever-500g\\\/\"]}]},{\"@type\":\"ImageObject\",\"inLanguage\":\"en-US\",\"@id\":\"https:\\\/\\\/fit360.ee\\\/en\\\/pood\\\/product-groups\\\/peanut-butters-en\\\/pahklikreem-best-cream-ever-500g\\\/#primaryimage\",\"url\":\"https:\\\/\\\/fit360.ee\\\/wp-content\\\/uploads\\\/2021\\\/02\\\/kookose-pahklikreem-pahklivoi-fit360.ee_.png\",\"contentUrl\":\"https:\\\/\\\/fit360.ee\\\/wp-content\\\/uploads\\\/2021\\\/02\\\/kookose-pahklikreem-pahklivoi-fit360.ee_.png\",\"width\":600,\"height\":600,\"caption\":\"kookose p\u00e4hklikreem p\u00e4hkliv\u00f5i - fit360.ee\"},{\"@type\":\"BreadcrumbList\",\"@id\":\"https:\\\/\\\/fit360.ee\\\/en\\\/pood\\\/product-groups\\\/peanut-butters-en\\\/pahklikreem-best-cream-ever-500g\\\/#breadcrumb\",\"itemListElement\":[{\"@type\":\"ListItem\",\"position\":1,\"name\":\"Home\",\"item\":\"https:\\\/\\\/fit360.ee\\\/en\\\/\"},{\"@type\":\"ListItem\",\"position\":2,\"name\":\"Shop\",\"item\":\"https:\\\/\\\/fit360.ee\\\/en\\\/shop\\\/\"},{\"@type\":\"ListItem\",\"position\":3,\"name\":\"P\u00e4hklikreem Best Cream Ever 500g)\"}]},{\"@type\":\"WebSite\",\"@id\":\"https:\\\/\\\/fit360.ee\\\/en\\\/#website\",\"url\":\"https:\\\/\\\/fit360.ee\\\/en\\\/\",\"name\":\"Fit360\",\"description\":\"\",\"publisher\":{\"@id\":\"https:\\\/\\\/fit360.ee\\\/en\\\/#organization\"},\"potentialAction\":[{\"@type\":\"SearchAction\",\"target\":{\"@type\":\"EntryPoint\",\"urlTemplate\":\"https:\\\/\\\/fit360.ee\\\/en\\\/?s={search_term_string}\"},\"query-input\":{\"@type\":\"PropertyValueSpecification\",\"valueRequired\":true,\"valueName\":\"search_term_string\"}}],\"inLanguage\":\"en-US\"},{\"@type\":\"Organization\",\"@id\":\"https:\\\/\\\/fit360.ee\\\/en\\\/#organization\",\"name\":\"Fit360\",\"url\":\"https:\\\/\\\/fit360.ee\\\/en\\\/\",\"logo\":{\"@type\":\"ImageObject\",\"inLanguage\":\"en-US\",\"@id\":\"https:\\\/\\\/fit360.ee\\\/en\\\/#\\\/schema\\\/logo\\\/image\\\/\",\"url\":\"https:\\\/\\\/fit360.ee\\\/wp-content\\\/uploads\\\/2017\\\/01\\\/logo-fit360.png\",\"contentUrl\":\"https:\\\/\\\/fit360.ee\\\/wp-content\\\/uploads\\\/2017\\\/01\\\/logo-fit360.png\",\"width\":180,\"height\":66,\"caption\":\"Fit360\"},\"image\":{\"@id\":\"https:\\\/\\\/fit360.ee\\\/en\\\/#\\\/schema\\\/logo\\\/image\\\/\"}}]}<\/script>\n<!-- \/ Yoast SEO plugin. -->","yoast_head_json":{"title":"P\u00e4hklikreem Best Cream Ever 500g) - P\u00e4hkliv\u00f5i - Kiire Tarne","description":"P\u00e4hklikreem on lihtsalt s\u00f5ltuvust tekitav. Selle imeline maitse paneb arvama, et s\u00f6\u00f6dki p\u00e4ris Nutella p\u00e4hklireemi v\u00f5i Rafaello komme.","robots":{"index":"index","follow":"follow","max-snippet":"max-snippet:-1","max-image-preview":"max-image-preview:large","max-video-preview":"max-video-preview:-1"},"canonical":"https:\/\/fit360.ee\/en\/pood\/product-groups\/peanut-butters-en\/pahklikreem-best-cream-ever-500g\/","og_locale":"en_US","og_type":"article","og_title":"P\u00e4hklikreem Best Cream Ever 500g) - P\u00e4hkliv\u00f5i - Kiire Tarne","og_description":"P\u00e4hklikreem on lihtsalt s\u00f5ltuvust tekitav. Selle imeline maitse paneb arvama, et s\u00f6\u00f6dki p\u00e4ris Nutella p\u00e4hklireemi v\u00f5i Rafaello komme.","og_url":"https:\/\/fit360.ee\/en\/pood\/product-groups\/peanut-butters-en\/pahklikreem-best-cream-ever-500g\/","og_site_name":"Fit360","article_modified_time":"2025-08-13T05:36:38+00:00","og_image":[{"width":600,"height":600,"url":"https:\/\/fit360.ee\/wp-content\/uploads\/2021\/02\/kookose-pahklikreem-pahklivoi-fit360.ee_.png","type":"image\/png"}],"twitter_card":"summary_large_image","twitter_misc":{"Est. reading time":"1 minute"},"schema":{"@context":"https:\/\/schema.org","@graph":[{"@type":"WebPage","@id":"https:\/\/fit360.ee\/en\/pood\/product-groups\/peanut-butters-en\/pahklikreem-best-cream-ever-500g\/","url":"https:\/\/fit360.ee\/en\/pood\/product-groups\/peanut-butters-en\/pahklikreem-best-cream-ever-500g\/","name":"P\u00e4hklikreem Best Cream Ever 500g) - P\u00e4hkliv\u00f5i - Kiire Tarne","isPartOf":{"@id":"https:\/\/fit360.ee\/en\/#website"},"primaryImageOfPage":{"@id":"https:\/\/fit360.ee\/en\/pood\/product-groups\/peanut-butters-en\/pahklikreem-best-cream-ever-500g\/#primaryimage"},"image":{"@id":"https:\/\/fit360.ee\/en\/pood\/product-groups\/peanut-butters-en\/pahklikreem-best-cream-ever-500g\/#primaryimage"},"thumbnailUrl":"https:\/\/fit360.ee\/wp-content\/uploads\/2021\/02\/kookose-pahklikreem-pahklivoi-fit360.ee_.png","datePublished":"2021-02-26T10:38:27+00:00","dateModified":"2025-08-13T05:36:38+00:00","description":"P\u00e4hklikreem on lihtsalt s\u00f5ltuvust tekitav. Selle imeline maitse paneb arvama, et s\u00f6\u00f6dki p\u00e4ris Nutella p\u00e4hklireemi v\u00f5i Rafaello komme.","breadcrumb":{"@id":"https:\/\/fit360.ee\/en\/pood\/product-groups\/peanut-butters-en\/pahklikreem-best-cream-ever-500g\/#breadcrumb"},"inLanguage":"en-US","potentialAction":[{"@type":"ReadAction","target":["https:\/\/fit360.ee\/en\/pood\/product-groups\/peanut-butters-en\/pahklikreem-best-cream-ever-500g\/"]}]},{"@type":"ImageObject","inLanguage":"en-US","@id":"https:\/\/fit360.ee\/en\/pood\/product-groups\/peanut-butters-en\/pahklikreem-best-cream-ever-500g\/#primaryimage","url":"https:\/\/fit360.ee\/wp-content\/uploads\/2021\/02\/kookose-pahklikreem-pahklivoi-fit360.ee_.png","contentUrl":"https:\/\/fit360.ee\/wp-content\/uploads\/2021\/02\/kookose-pahklikreem-pahklivoi-fit360.ee_.png","width":600,"height":600,"caption":"kookose p\u00e4hklikreem p\u00e4hkliv\u00f5i - fit360.ee"},{"@type":"BreadcrumbList","@id":"https:\/\/fit360.ee\/en\/pood\/product-groups\/peanut-butters-en\/pahklikreem-best-cream-ever-500g\/#breadcrumb","itemListElement":[{"@type":"ListItem","position":1,"name":"Home","item":"https:\/\/fit360.ee\/en\/"},{"@type":"ListItem","position":2,"name":"Shop","item":"https:\/\/fit360.ee\/en\/shop\/"},{"@type":"ListItem","position":3,"name":"P\u00e4hklikreem Best Cream Ever 500g)"}]},{"@type":"WebSite","@id":"https:\/\/fit360.ee\/en\/#website","url":"https:\/\/fit360.ee\/en\/","name":"Fit360","description":"","publisher":{"@id":"https:\/\/fit360.ee\/en\/#organization"},"potentialAction":[{"@type":"SearchAction","target":{"@type":"EntryPoint","urlTemplate":"https:\/\/fit360.ee\/en\/?s={search_term_string}"},"query-input":{"@type":"PropertyValueSpecification","valueRequired":true,"valueName":"search_term_string"}}],"inLanguage":"en-US"},{"@type":"Organization","@id":"https:\/\/fit360.ee\/en\/#organization","name":"Fit360","url":"https:\/\/fit360.ee\/en\/","logo":{"@type":"ImageObject","inLanguage":"en-US","@id":"https:\/\/fit360.ee\/en\/#\/schema\/logo\/image\/","url":"https:\/\/fit360.ee\/wp-content\/uploads\/2017\/01\/logo-fit360.png","contentUrl":"https:\/\/fit360.ee\/wp-content\/uploads\/2017\/01\/logo-fit360.png","width":180,"height":66,"caption":"Fit360"},"image":{"@id":"https:\/\/fit360.ee\/en\/#\/schema\/logo\/image\/"}}]}},"_links":{"self":[{"href":"https:\/\/fit360.ee\/en\/wp-json\/wp\/v2\/product\/50567","targetHints":{"allow":["GET"]}}],"collection":[{"href":"https:\/\/fit360.ee\/en\/wp-json\/wp\/v2\/product"}],"about":[{"href":"https:\/\/fit360.ee\/en\/wp-json\/wp\/v2\/types\/product"}],"replies":[{"embeddable":true,"href":"https:\/\/fit360.ee\/en\/wp-json\/wp\/v2\/comments?post=50567"}],"wp:featuredmedia":[{"embeddable":true,"href":"https:\/\/fit360.ee\/en\/wp-json\/wp\/v2\/media\/50556"}],"wp:attachment":[{"href":"https:\/\/fit360.ee\/en\/wp-json\/wp\/v2\/media?parent=50567"}],"wp:term":[{"taxonomy":"product_brand","embeddable":true,"href":"https:\/\/fit360.ee\/en\/wp-json\/wp\/v2\/product_brand?post=50567"},{"taxonomy":"product_cat","embeddable":true,"href":"https:\/\/fit360.ee\/en\/wp-json\/wp\/v2\/product_cat?post=50567"},{"taxonomy":"product_tag","embeddable":true,"href":"https:\/\/fit360.ee\/en\/wp-json\/wp\/v2\/product_tag?post=50567"},{"taxonomy":"giftcard-category","embeddable":true,"href":"https:\/\/fit360.ee\/en\/wp-json\/wp\/v2\/giftcard-category?post=50567"}],"curies":[{"name":"wp","href":"https:\/\/api.w.org\/{rel}","templated":true}]}}