{"id":50594,"date":"2021-02-26T14:08:47","date_gmt":"2021-02-26T12:08:47","guid":{"rendered":"https:\/\/fit360.ee\/?post_type=product&#038;p=50594"},"modified":"2025-08-13T07:38:07","modified_gmt":"2025-08-13T05:38:07","slug":"l-turosiin-100caps","status":"publish","type":"product","link":"https:\/\/fit360.ee\/en\/pood\/product-groups\/amino-acids-bcaa\/tyrosine-en\/l-turosiin-100caps\/","title":{"rendered":"Swanson L-T\u00fcrosiin 500mg (100caps)"},"content":{"rendered":"<h1>T\u00fcrosiin<\/h1>\n<p>L-T\u00fcrosiin 500mg kapsli kujul.<\/p>\n<p>T\u00fcrosiin on asendatav aminohape, mis moodustub organismis asendamatust aminohappest fen\u00fc\u00fclalaniinist.<br \/>\nAminohapped on meie keha peamiseks ehitusmaterjaliks, millest moodustatakse k\u00f5ik meie kehas olevad valgud. Samuti moodustatakse aminohapetest neuromediaatorid &#8211; ained, mis vastutavad sidemete loomise eest neuronite (keskn\u00e4rvis\u00fcsteemi rakkude) vahel. Tihti kutsutakse teatud toiduaineid &#8220;<a href=\"https:\/\/fit360.ee\/en\/product-category\/product-groups\/brain-support-nootropics-en\/\"><strong>ajutoiduks<\/strong><\/a>&#8221; v\u00f5i &#8220;tarkadeks toidulisanditeks&#8221;, sest nendes sisaldub suuremas koguses ja kergelt k\u00e4ttesaadavas vormis aminohappeid, mis on eriti vajalikud aju biokeemia jaoks ja emotsioonideks.<\/p>\n<p><a href=\"https:\/\/fit360.ee\/en\/pood\/product-groups\/amino-acids-bcaa\/tyrosine-en\/tyrosine-90-tbl\/\"><strong>T\u00fcrosiin<\/strong> <\/a>soodustab head tuju ja aitab sellega organismil vastu panna stressile. T\u00fcrosiinist moodustub meie kehas ka aminohape levodopa (L-DOPA), mis edastab signaale ajus. Kui me ei saa piisavalt t\u00fcrosiini, siis viib see norepinefriini puuduseni ajus, mis omakorda tekitab depressiivset seisundit. Mida suurem varu meil kehas t\u00fcrosiini leidub, seda paremini me suudame v\u00f5idelda tuju langusega.<\/p>\n<p><strong>L-T\u00fcrosiin<\/strong> aitab v\u00e4ltida laiskust, apaatiat, kurvameelsust ja migreeni. L-t\u00fcrosiini tarbimist toidulisandina soovitatakse stressi maha v\u00f5tmiseks, peavalude ja n\u00e4rvis\u00fcsteemih\u00e4irete korral. V\u00f5ib edukalt aidata kroonilise v\u00e4simuse s\u00fcndroomi korral. Veresoonte d\u00fcstoonia on seotud aju n\u00f5rgenenud t\u00f6\u00f6ga, sest talle ei piisa t\u00fcrosiini. Need ajuosad on seotud lastel p\u00fcsivuse ja kannatlikkusega. T\u00fcrosiin t\u00f5stab aju t\u00f6\u00f6v\u00f5imet : aitab kaasa t\u00e4helepanu koondamisele ja m\u00e4lule.<\/p>\n<p>Samuti v\u00e4hendab ta s\u00f6\u00f6giisu ja rasva kogust meie kehas; parandab neerupealsete, h\u00fcpof\u00fc\u00fcsi ja kilpn\u00e4\u00e4rme t\u00f6\u00f6d. Me tunneme energiapuudust, kuid tavaline s\u00fcsivesikuterikas toit ei suuda meile anda piisavas koguses t\u00fcrosiini. Selle tagaj\u00e4rjel ilmneb kilpn\u00e4\u00e4rme puudulik tegevus : ainevahetus aeglustub (inimene tunneb end loiuna, on &#8220;k\u00fclmavares&#8221; ja kosub), verer\u00f5hk ja keha temperatuur alanevad (k\u00e4ed-jalad k\u00fclmad), tunneb raskust s\u00e4\u00e4remarjades ja kaasneb ka &#8220;rahutute jalgade s\u00fcndroom&#8221;.<\/p>\n<p>T\u00fcrosiin normaliseerib kilpn\u00e4\u00e4rme t\u00f6\u00f6d : loob joodi aatomitega sidemed ning moodustuvad aktiivsed kilpn\u00e4\u00e4rme hormoonid. T\u00fcrosiin on ka antiallergilise toimega ja samuti on tal v\u00f5\u00f5rutav efekt (suitsetamine ja alkoholis\u00f5ltuvus).<br \/>\nParimad tulemused t\u00fcrosiiniga on saadud koos <a href=\"https:\/\/fit360.ee\/en\/product-category\/product-groups\/vitamins-and-minerals-en\/b-vitamin-en\/\"><strong>B grupi vitamiinidega<\/strong><\/a>. Pealegi ei teki kehal s\u00f5ltuvust t\u00fcrosiini suhtes.<\/p>\n<p><strong>Teised Koostisosad<\/strong>: \u017eelatiin, mikrokristalne tselluloos (taimsest kiudainest), magneesiumstearaat, r\u00e4nidioksiid.<\/p>\n<p><strong>Kasutamine<\/strong>: 1-2 kapslit p\u00e4evas koos veega<\/p>\n<p><strong>Suurus:<\/strong> 100 kapslit &#8211; 50 serveeringut<\/p>\n<table>\n<tbody>\n<tr>\n<td width=\"205\"><strong>Toimeained<\/strong><\/td>\n<td width=\"205\"><strong>1 kapsel<\/strong><\/td>\n<td width=\"205\"><strong>2 kapsel<\/strong><\/td>\n<\/tr>\n<tr>\n<td width=\"205\">T\u00fcrosiin<\/td>\n<td width=\"205\">500mg<\/td>\n<td width=\"205\">1000mg<\/td>\n<\/tr>\n<\/tbody>\n<\/table>\n<p>Vaata ka teisi T\u00fcrosiine <a href=\"https:\/\/fit360.ee\/en\/product-category\/product-groups\/amino-acids-bcaa\/tyrosine-en\/\"><strong>SIIT<\/strong><\/a>!<\/p>\n<p>Soovid kaupa osta suuremas koguses? Vaata antud toodet ka meie HULGI lehelt <a href=\"https:\/\/toidulisandidhulgi.ee\/product\/l-turosiin-100caps\/\"><strong>SIIT<\/strong><\/a>!<\/p>\n","protected":false},"excerpt":{"rendered":"<h2><strong>T\u00fcrosiin:<\/strong><\/h2>\n<ul>\n<li>Suurendab t\u00e4helepanuv\u00f5imet ja fookust<\/li>\n<li>T\u00f5stab motivatsiooni<\/li>\n<li>Annab energiat<\/li>\n<li>V\u00e4hendab s\u00f6\u00f6giisu<\/li>\n<li>Muudab treeningu efektiivsemaks<\/li>\n<li>Parandab meeleolu<\/li>\n<\/ul>\n<p>Suurep\u00e4rane toode, mis sobib: treeningueelseks &#8220;pump&#8221; efekti andmiseks, dieedi kergemaks l\u00e4biviimiseks ja kasutamiseks energiaallikana.<\/p>\n","protected":false},"featured_media":50599,"comment_status":"open","ping_status":"closed","template":"","meta":[],"product_brand":[],"product_cat":[520,533,1651,2327],"product_tag":[1787,2683,1848,1809,1810],"giftcard-category":[],"class_list":{"0":"post-50594","1":"product","2":"type-product","3":"status-publish","4":"has-post-thumbnail","6":"product_cat-amino-acids-bcaa","7":"product_cat-pre-workout-en","8":"product_cat-swanson-en","9":"product_cat-tyrosine-en","10":"product_tag-aminohapped-en","11":"product_tag-l-turosiin-en","12":"product_tag-swanson-en","13":"product_tag-turosiin-en","14":"product_tag-tyrosine-en","15":"pa_toidulisand-branddd-swanson","16":"pa_tootegruppp-amino-acidsbcaa","17":"pa_tootegruppp-pre-workout","18":"pa_tootegruppp-turosiin-en","20":"first","21":"instock","22":"sale","23":"taxable","24":"shipping-taxable","25":"purchasable","26":"product-type-simple"},"yoast_head":"<!-- This site is optimized with the Yoast SEO plugin v27.3 - https:\/\/yoast.com\/product\/yoast-seo-wordpress\/ -->\n<title>L-T\u00fcrosiin 500mg (100caps) - Aminohapped - T\u00fcrosiin - Kiire tarne<\/title>\n<meta name=\"description\" content=\"L-T\u00fcrosiin suurendab t\u00e4helepanuv\u00f5imet ja fookust. Samuti annavad nad palju lisaenergiat. Samuti aitab t\u00fcrosiin parandada meeleolu.\" \/>\n<meta name=\"robots\" content=\"index, follow, max-snippet:-1, max-image-preview:large, max-video-preview:-1\" \/>\n<link rel=\"canonical\" href=\"https:\/\/fit360.ee\/en\/pood\/product-groups\/amino-acids-bcaa\/tyrosine-en\/l-turosiin-100caps\/\" \/>\n<meta property=\"og:locale\" content=\"en_US\" \/>\n<meta property=\"og:type\" content=\"article\" \/>\n<meta property=\"og:title\" content=\"L-T\u00fcrosiin 500mg (100caps) - Aminohapped - T\u00fcrosiin - Kiire tarne\" \/>\n<meta property=\"og:description\" content=\"L-T\u00fcrosiin suurendab t\u00e4helepanuv\u00f5imet ja fookust. Samuti annavad nad palju lisaenergiat. Samuti aitab t\u00fcrosiin parandada meeleolu.\" \/>\n<meta property=\"og:url\" content=\"https:\/\/fit360.ee\/en\/pood\/product-groups\/amino-acids-bcaa\/tyrosine-en\/l-turosiin-100caps\/\" \/>\n<meta property=\"og:site_name\" content=\"Fit360\" \/>\n<meta property=\"article:modified_time\" content=\"2025-08-13T05:38:07+00:00\" \/>\n<meta property=\"og:image\" content=\"https:\/\/fit360.ee\/wp-content\/uploads\/2021\/02\/L-Turosiin-Tyrosine-fit360.ee_.jpg\" \/>\n\t<meta property=\"og:image:width\" content=\"458\" \/>\n\t<meta property=\"og:image:height\" content=\"458\" \/>\n\t<meta property=\"og:image:type\" content=\"image\/jpeg\" \/>\n<meta name=\"twitter:card\" content=\"summary_large_image\" \/>\n<meta name=\"twitter:label1\" content=\"Est. reading time\" \/>\n\t<meta name=\"twitter:data1\" content=\"2 minutes\" \/>\n<script type=\"application\/ld+json\" class=\"yoast-schema-graph\">{\"@context\":\"https:\\\/\\\/schema.org\",\"@graph\":[{\"@type\":\"WebPage\",\"@id\":\"https:\\\/\\\/fit360.ee\\\/en\\\/pood\\\/product-groups\\\/amino-acids-bcaa\\\/tyrosine-en\\\/l-turosiin-100caps\\\/\",\"url\":\"https:\\\/\\\/fit360.ee\\\/en\\\/pood\\\/product-groups\\\/amino-acids-bcaa\\\/tyrosine-en\\\/l-turosiin-100caps\\\/\",\"name\":\"L-T\u00fcrosiin 500mg (100caps) - Aminohapped - T\u00fcrosiin - Kiire tarne\",\"isPartOf\":{\"@id\":\"https:\\\/\\\/fit360.ee\\\/en\\\/#website\"},\"primaryImageOfPage\":{\"@id\":\"https:\\\/\\\/fit360.ee\\\/en\\\/pood\\\/product-groups\\\/amino-acids-bcaa\\\/tyrosine-en\\\/l-turosiin-100caps\\\/#primaryimage\"},\"image\":{\"@id\":\"https:\\\/\\\/fit360.ee\\\/en\\\/pood\\\/product-groups\\\/amino-acids-bcaa\\\/tyrosine-en\\\/l-turosiin-100caps\\\/#primaryimage\"},\"thumbnailUrl\":\"https:\\\/\\\/fit360.ee\\\/wp-content\\\/uploads\\\/2021\\\/02\\\/L-Turosiin-Tyrosine-fit360.ee_.jpg\",\"datePublished\":\"2021-02-26T12:08:47+00:00\",\"dateModified\":\"2025-08-13T05:38:07+00:00\",\"description\":\"L-T\u00fcrosiin suurendab t\u00e4helepanuv\u00f5imet ja fookust. Samuti annavad nad palju lisaenergiat. Samuti aitab t\u00fcrosiin parandada meeleolu.\",\"breadcrumb\":{\"@id\":\"https:\\\/\\\/fit360.ee\\\/en\\\/pood\\\/product-groups\\\/amino-acids-bcaa\\\/tyrosine-en\\\/l-turosiin-100caps\\\/#breadcrumb\"},\"inLanguage\":\"en-US\",\"potentialAction\":[{\"@type\":\"ReadAction\",\"target\":[\"https:\\\/\\\/fit360.ee\\\/en\\\/pood\\\/product-groups\\\/amino-acids-bcaa\\\/tyrosine-en\\\/l-turosiin-100caps\\\/\"]}]},{\"@type\":\"ImageObject\",\"inLanguage\":\"en-US\",\"@id\":\"https:\\\/\\\/fit360.ee\\\/en\\\/pood\\\/product-groups\\\/amino-acids-bcaa\\\/tyrosine-en\\\/l-turosiin-100caps\\\/#primaryimage\",\"url\":\"https:\\\/\\\/fit360.ee\\\/wp-content\\\/uploads\\\/2021\\\/02\\\/L-Turosiin-Tyrosine-fit360.ee_.jpg\",\"contentUrl\":\"https:\\\/\\\/fit360.ee\\\/wp-content\\\/uploads\\\/2021\\\/02\\\/L-Turosiin-Tyrosine-fit360.ee_.jpg\",\"width\":458,\"height\":458,\"caption\":\"L-T\u00fcrosiin Tyrosine - fit360.ee\"},{\"@type\":\"BreadcrumbList\",\"@id\":\"https:\\\/\\\/fit360.ee\\\/en\\\/pood\\\/product-groups\\\/amino-acids-bcaa\\\/tyrosine-en\\\/l-turosiin-100caps\\\/#breadcrumb\",\"itemListElement\":[{\"@type\":\"ListItem\",\"position\":1,\"name\":\"Home\",\"item\":\"https:\\\/\\\/fit360.ee\\\/en\\\/\"},{\"@type\":\"ListItem\",\"position\":2,\"name\":\"Shop\",\"item\":\"https:\\\/\\\/fit360.ee\\\/en\\\/shop\\\/\"},{\"@type\":\"ListItem\",\"position\":3,\"name\":\"Swanson L-T\u00fcrosiin 500mg (100caps)\"}]},{\"@type\":\"WebSite\",\"@id\":\"https:\\\/\\\/fit360.ee\\\/en\\\/#website\",\"url\":\"https:\\\/\\\/fit360.ee\\\/en\\\/\",\"name\":\"Fit360\",\"description\":\"\",\"publisher\":{\"@id\":\"https:\\\/\\\/fit360.ee\\\/en\\\/#organization\"},\"potentialAction\":[{\"@type\":\"SearchAction\",\"target\":{\"@type\":\"EntryPoint\",\"urlTemplate\":\"https:\\\/\\\/fit360.ee\\\/en\\\/?s={search_term_string}\"},\"query-input\":{\"@type\":\"PropertyValueSpecification\",\"valueRequired\":true,\"valueName\":\"search_term_string\"}}],\"inLanguage\":\"en-US\"},{\"@type\":\"Organization\",\"@id\":\"https:\\\/\\\/fit360.ee\\\/en\\\/#organization\",\"name\":\"Fit360\",\"url\":\"https:\\\/\\\/fit360.ee\\\/en\\\/\",\"logo\":{\"@type\":\"ImageObject\",\"inLanguage\":\"en-US\",\"@id\":\"https:\\\/\\\/fit360.ee\\\/en\\\/#\\\/schema\\\/logo\\\/image\\\/\",\"url\":\"https:\\\/\\\/fit360.ee\\\/wp-content\\\/uploads\\\/2017\\\/01\\\/logo-fit360.png\",\"contentUrl\":\"https:\\\/\\\/fit360.ee\\\/wp-content\\\/uploads\\\/2017\\\/01\\\/logo-fit360.png\",\"width\":180,\"height\":66,\"caption\":\"Fit360\"},\"image\":{\"@id\":\"https:\\\/\\\/fit360.ee\\\/en\\\/#\\\/schema\\\/logo\\\/image\\\/\"}}]}<\/script>\n<!-- \/ Yoast SEO plugin. -->","yoast_head_json":{"title":"L-T\u00fcrosiin 500mg (100caps) - Aminohapped - T\u00fcrosiin - Kiire tarne","description":"L-T\u00fcrosiin suurendab t\u00e4helepanuv\u00f5imet ja fookust. Samuti annavad nad palju lisaenergiat. Samuti aitab t\u00fcrosiin parandada meeleolu.","robots":{"index":"index","follow":"follow","max-snippet":"max-snippet:-1","max-image-preview":"max-image-preview:large","max-video-preview":"max-video-preview:-1"},"canonical":"https:\/\/fit360.ee\/en\/pood\/product-groups\/amino-acids-bcaa\/tyrosine-en\/l-turosiin-100caps\/","og_locale":"en_US","og_type":"article","og_title":"L-T\u00fcrosiin 500mg (100caps) - Aminohapped - T\u00fcrosiin - Kiire tarne","og_description":"L-T\u00fcrosiin suurendab t\u00e4helepanuv\u00f5imet ja fookust. Samuti annavad nad palju lisaenergiat. Samuti aitab t\u00fcrosiin parandada meeleolu.","og_url":"https:\/\/fit360.ee\/en\/pood\/product-groups\/amino-acids-bcaa\/tyrosine-en\/l-turosiin-100caps\/","og_site_name":"Fit360","article_modified_time":"2025-08-13T05:38:07+00:00","og_image":[{"width":458,"height":458,"url":"https:\/\/fit360.ee\/wp-content\/uploads\/2021\/02\/L-Turosiin-Tyrosine-fit360.ee_.jpg","type":"image\/jpeg"}],"twitter_card":"summary_large_image","twitter_misc":{"Est. reading time":"2 minutes"},"schema":{"@context":"https:\/\/schema.org","@graph":[{"@type":"WebPage","@id":"https:\/\/fit360.ee\/en\/pood\/product-groups\/amino-acids-bcaa\/tyrosine-en\/l-turosiin-100caps\/","url":"https:\/\/fit360.ee\/en\/pood\/product-groups\/amino-acids-bcaa\/tyrosine-en\/l-turosiin-100caps\/","name":"L-T\u00fcrosiin 500mg (100caps) - Aminohapped - T\u00fcrosiin - Kiire tarne","isPartOf":{"@id":"https:\/\/fit360.ee\/en\/#website"},"primaryImageOfPage":{"@id":"https:\/\/fit360.ee\/en\/pood\/product-groups\/amino-acids-bcaa\/tyrosine-en\/l-turosiin-100caps\/#primaryimage"},"image":{"@id":"https:\/\/fit360.ee\/en\/pood\/product-groups\/amino-acids-bcaa\/tyrosine-en\/l-turosiin-100caps\/#primaryimage"},"thumbnailUrl":"https:\/\/fit360.ee\/wp-content\/uploads\/2021\/02\/L-Turosiin-Tyrosine-fit360.ee_.jpg","datePublished":"2021-02-26T12:08:47+00:00","dateModified":"2025-08-13T05:38:07+00:00","description":"L-T\u00fcrosiin suurendab t\u00e4helepanuv\u00f5imet ja fookust. Samuti annavad nad palju lisaenergiat. Samuti aitab t\u00fcrosiin parandada meeleolu.","breadcrumb":{"@id":"https:\/\/fit360.ee\/en\/pood\/product-groups\/amino-acids-bcaa\/tyrosine-en\/l-turosiin-100caps\/#breadcrumb"},"inLanguage":"en-US","potentialAction":[{"@type":"ReadAction","target":["https:\/\/fit360.ee\/en\/pood\/product-groups\/amino-acids-bcaa\/tyrosine-en\/l-turosiin-100caps\/"]}]},{"@type":"ImageObject","inLanguage":"en-US","@id":"https:\/\/fit360.ee\/en\/pood\/product-groups\/amino-acids-bcaa\/tyrosine-en\/l-turosiin-100caps\/#primaryimage","url":"https:\/\/fit360.ee\/wp-content\/uploads\/2021\/02\/L-Turosiin-Tyrosine-fit360.ee_.jpg","contentUrl":"https:\/\/fit360.ee\/wp-content\/uploads\/2021\/02\/L-Turosiin-Tyrosine-fit360.ee_.jpg","width":458,"height":458,"caption":"L-T\u00fcrosiin Tyrosine - fit360.ee"},{"@type":"BreadcrumbList","@id":"https:\/\/fit360.ee\/en\/pood\/product-groups\/amino-acids-bcaa\/tyrosine-en\/l-turosiin-100caps\/#breadcrumb","itemListElement":[{"@type":"ListItem","position":1,"name":"Home","item":"https:\/\/fit360.ee\/en\/"},{"@type":"ListItem","position":2,"name":"Shop","item":"https:\/\/fit360.ee\/en\/shop\/"},{"@type":"ListItem","position":3,"name":"Swanson L-T\u00fcrosiin 500mg (100caps)"}]},{"@type":"WebSite","@id":"https:\/\/fit360.ee\/en\/#website","url":"https:\/\/fit360.ee\/en\/","name":"Fit360","description":"","publisher":{"@id":"https:\/\/fit360.ee\/en\/#organization"},"potentialAction":[{"@type":"SearchAction","target":{"@type":"EntryPoint","urlTemplate":"https:\/\/fit360.ee\/en\/?s={search_term_string}"},"query-input":{"@type":"PropertyValueSpecification","valueRequired":true,"valueName":"search_term_string"}}],"inLanguage":"en-US"},{"@type":"Organization","@id":"https:\/\/fit360.ee\/en\/#organization","name":"Fit360","url":"https:\/\/fit360.ee\/en\/","logo":{"@type":"ImageObject","inLanguage":"en-US","@id":"https:\/\/fit360.ee\/en\/#\/schema\/logo\/image\/","url":"https:\/\/fit360.ee\/wp-content\/uploads\/2017\/01\/logo-fit360.png","contentUrl":"https:\/\/fit360.ee\/wp-content\/uploads\/2017\/01\/logo-fit360.png","width":180,"height":66,"caption":"Fit360"},"image":{"@id":"https:\/\/fit360.ee\/en\/#\/schema\/logo\/image\/"}}]}},"_links":{"self":[{"href":"https:\/\/fit360.ee\/en\/wp-json\/wp\/v2\/product\/50594","targetHints":{"allow":["GET"]}}],"collection":[{"href":"https:\/\/fit360.ee\/en\/wp-json\/wp\/v2\/product"}],"about":[{"href":"https:\/\/fit360.ee\/en\/wp-json\/wp\/v2\/types\/product"}],"replies":[{"embeddable":true,"href":"https:\/\/fit360.ee\/en\/wp-json\/wp\/v2\/comments?post=50594"}],"wp:featuredmedia":[{"embeddable":true,"href":"https:\/\/fit360.ee\/en\/wp-json\/wp\/v2\/media\/50599"}],"wp:attachment":[{"href":"https:\/\/fit360.ee\/en\/wp-json\/wp\/v2\/media?parent=50594"}],"wp:term":[{"taxonomy":"product_brand","embeddable":true,"href":"https:\/\/fit360.ee\/en\/wp-json\/wp\/v2\/product_brand?post=50594"},{"taxonomy":"product_cat","embeddable":true,"href":"https:\/\/fit360.ee\/en\/wp-json\/wp\/v2\/product_cat?post=50594"},{"taxonomy":"product_tag","embeddable":true,"href":"https:\/\/fit360.ee\/en\/wp-json\/wp\/v2\/product_tag?post=50594"},{"taxonomy":"giftcard-category","embeddable":true,"href":"https:\/\/fit360.ee\/en\/wp-json\/wp\/v2\/giftcard-category?post=50594"}],"curies":[{"name":"wp","href":"https:\/\/api.w.org\/{rel}","templated":true}]}}