{"id":50622,"date":"2021-02-26T16:07:41","date_gmt":"2021-02-26T14:07:41","guid":{"rendered":"https:\/\/fit360.ee\/?post_type=product&#038;p=50622"},"modified":"2024-11-26T14:24:57","modified_gmt":"2024-11-26T12:24:57","slug":"magneesium-100caps","status":"publish","type":"product","link":"https:\/\/fit360.ee\/en\/pood\/product-groups\/vitamins-and-minerals-en\/magnesium-en\/magneesium-100caps\/","title":{"rendered":"Triple Magneesium Complex (100caps)"},"content":{"rendered":"<h1>Magneesium<\/h1>\n<p>Triple Magneesium on toode, kus on \u00fchendatud 3 erinevat magneesiumi vormi pulbri kujul &#8211; Magneesiumtsitraat, Magneesiumoksiid ja Magneesiumaspartaat.<\/p>\n<p><strong>Magneesiumi on vaja<\/strong>:<\/p>\n<ul>\n<li><strong><a href=\"\/?product_cat=energycarbs\">S\u00fcsivesikute<\/a><\/strong>, <a href=\"\/?product_cat=useful-fatty-acids\"><strong>rasvade<\/strong><\/a> ja <a href=\"\/?product_cat=amino-acidsbcaa\"><strong>aminohapete<\/strong><\/a> normaalseks ainevahetuseks<\/li>\n<li>Organismis soolade koostises luukoe tekkes, kaltsiumi rolli soodustamiseks inimorganismis (nt luukoe areng, uuenemine),<\/li>\n<li>S\u00fcdamelihaste t\u00f6\u00f6ks ja vereringe reguleerimiseks,<\/li>\n<li>Normaalseks n\u00e4rvitalitluseks,<\/li>\n<li>Elektrol\u00fc\u00fctide tasakaalu s\u00e4ilitamiseks<\/li>\n<li>V\u00e4hendada v\u00e4simust<\/li>\n<\/ul>\n<p>Magneesium on kahtlemata k\u00f5ige t\u00e4htsam mineraal, sellepuudus v\u00f5ib tekitada t\u00f5siseid probleeme. Dr Norman Shealy (USA neurokirurg ja pioneer valumeditsiinis) s\u00f5nul iga tuntud haigus on seotud magneesiumi puudusega ning magneesiumi tarbimine aitab ravida palju haigusi. Samuti aitab Magnesium reguleerida<a href=\"https:\/\/fit360.ee\/tootekategooria\/tootegrupid\/vitamiinid-mineraalid-ja-muu\/kaltsium\/\"><strong> kaltsiumi<\/strong><\/a>, <a href=\"https:\/\/fit360.ee\/tootekategooria\/tootegrupid\/vitamiinid-mineraalid-ja-muu\/kaalium\/\"><strong>kaaliumi<\/strong><\/a> ja sodiumi taset ning ta on oluline raku toimimise jaoks. Magneesium on oluline komponent rohkem kui 300 biokeemilisesfunktsioonis kehas.<\/p>\n<p><strong>Koostisosad<\/strong>: Magneesiumoksiid , Magneesiumtsitraat , Magneesiumaspartaat\u00a0 \u017eelatiin (kapsli \u00fcmbris), magneesiumstearaat, riisijahu.<\/p>\n<p><strong>Kasutamine<\/strong>: V\u00f5ta 1-2 kapslit p\u00e4evas koos veega<\/p>\n<p><strong>Suurus<\/strong>: 100g<\/p>\n<table>\n<tbody>\n<tr>\n<td width=\"226\"><strong>Aktiivsed toimeained<\/strong><\/td>\n<td width=\"214\"><strong>1 kapsel<\/strong><\/td>\n<td width=\"198\"><strong>SPK%<\/strong><\/td>\n<\/tr>\n<tr>\n<td width=\"226\"><strong>Magneesiumikompleks<\/strong> \u2013 magneesiumoksiid, magneesiumaspartaat, magneesiumtsitraat<\/td>\n<td width=\"214\">400mg<\/td>\n<td width=\"198\">95%<\/td>\n<\/tr>\n<\/tbody>\n<\/table>\n<p>SPK &#8211; Soovitatud p\u00e4evane kogus.<\/p>\n<p>Soovid teha suuremat tellimust? K\u00fclasta meie HULGI poodi &#8211; <a href=\"https:\/\/toidulisandidhulgi.ee\/product\/triple-magnesium-100g\/\"><strong>VAATA TOODET<\/strong><\/a>!<\/p>\n","protected":false},"excerpt":{"rendered":"<h2><strong>Magneesiumi on vaja<\/strong>:<\/h2>\n<ul>\n<li><strong><a href=\"https:\/\/fit360.ee\/tootekategooria\/tootegrupid\/energiasusivesikud\/\">S\u00fcsivesikute<\/a><\/strong>, <a href=\"https:\/\/fit360.ee\/tootekategooria\/tootegrupid\/kasulikud-rasvhapped\/\"><strong>rasvade<\/strong><\/a> ja <a href=\"https:\/\/fit360.ee\/tootekategooria\/tootegrupid\/aminohapped-ja-bcaa-joogipulbrid\/\"><strong>aminohapete<\/strong><\/a> normaalseks ainevahetuseks<\/li>\n<li>Organismis soolade koostises luukoe tekkes, kaltsiumi rolli soodustamiseks inimorganismis (nt luukoe areng, uuenemine),<\/li>\n<li>S\u00fcdamelihaste t\u00f6\u00f6ks ja vereringe reguleerimiseks,<\/li>\n<li>Normaalseks n\u00e4rvitalitluseks,<\/li>\n<li>Elektrol\u00fc\u00fctide tasakaalu s\u00e4ilitamiseks<\/li>\n<li>V\u00e4hendada v\u00e4simust<\/li>\n<\/ul>\n","protected":false},"featured_media":50626,"comment_status":"closed","ping_status":"closed","template":"","meta":[],"product_brand":[],"product_cat":[1915,1454,1651,536],"product_tag":[2190,2650,1848,2651],"giftcard-category":[],"class_list":{"0":"post-50622","1":"product","2":"type-product","3":"status-publish","4":"has-post-thumbnail","6":"product_cat-magnesium-en","7":"product_cat-superfoods-health-foods-en","8":"product_cat-swanson-en","9":"product_cat-vitamins-and-minerals-en","10":"product_tag-magneesium-en","11":"product_tag-magneesiumikompleks-en","12":"product_tag-swanson-en","13":"product_tag-triple-magnesium-en","14":"pa_toidulisand-branddd-swanson","15":"pa_tootegruppp-magneesium-en","16":"pa_tootegruppp-supertoit-tervisetoit-en","17":"pa_tootegruppp-vitamins-and-minerals","19":"first","20":"instock","21":"sale","22":"taxable","23":"shipping-taxable","24":"purchasable","25":"product-type-simple"},"yoast_head":"<!-- This site is optimized with the Yoast SEO plugin v27.3 - https:\/\/yoast.com\/product\/yoast-seo-wordpress\/ -->\n<title>Magneesium Triple complex (100caps)- Magneesiumikompleks - Kiire tarne<\/title>\n<meta name=\"description\" content=\"Magneesium Triple Complex on toode, kus on \u00fcendatud 3 erinevat magneesiumi vormi pulbri kujul: Magneesiumtsitraat, -oksiid ja -aspartaat\" \/>\n<meta name=\"robots\" content=\"index, follow, max-snippet:-1, max-image-preview:large, max-video-preview:-1\" \/>\n<link rel=\"canonical\" href=\"https:\/\/fit360.ee\/en\/pood\/product-groups\/vitamins-and-minerals-en\/magnesium-en\/magneesium-100caps\/\" \/>\n<meta property=\"og:locale\" content=\"en_US\" \/>\n<meta property=\"og:type\" content=\"article\" \/>\n<meta property=\"og:title\" content=\"Magneesium Triple complex (100caps)- Magneesiumikompleks - Kiire tarne\" \/>\n<meta property=\"og:description\" content=\"Magneesium Triple Complex on toode, kus on \u00fcendatud 3 erinevat magneesiumi vormi pulbri kujul: Magneesiumtsitraat, -oksiid ja -aspartaat\" \/>\n<meta property=\"og:url\" content=\"https:\/\/fit360.ee\/en\/pood\/product-groups\/vitamins-and-minerals-en\/magnesium-en\/magneesium-100caps\/\" \/>\n<meta property=\"og:site_name\" content=\"Fit360\" \/>\n<meta property=\"article:modified_time\" content=\"2024-11-26T12:24:57+00:00\" \/>\n<meta property=\"og:image\" content=\"https:\/\/fit360.ee\/wp-content\/uploads\/2021\/02\/magneesium-triple-magnesium-fit360.ee_.jpg\" \/>\n\t<meta property=\"og:image:width\" content=\"1500\" \/>\n\t<meta property=\"og:image:height\" content=\"1500\" \/>\n\t<meta property=\"og:image:type\" content=\"image\/jpeg\" \/>\n<meta name=\"twitter:card\" content=\"summary_large_image\" \/>\n<meta name=\"twitter:label1\" content=\"Est. reading time\" \/>\n\t<meta name=\"twitter:data1\" content=\"1 minute\" \/>\n<script type=\"application\/ld+json\" class=\"yoast-schema-graph\">{\"@context\":\"https:\\\/\\\/schema.org\",\"@graph\":[{\"@type\":\"WebPage\",\"@id\":\"https:\\\/\\\/fit360.ee\\\/en\\\/pood\\\/product-groups\\\/vitamins-and-minerals-en\\\/magnesium-en\\\/magneesium-100caps\\\/\",\"url\":\"https:\\\/\\\/fit360.ee\\\/en\\\/pood\\\/product-groups\\\/vitamins-and-minerals-en\\\/magnesium-en\\\/magneesium-100caps\\\/\",\"name\":\"Magneesium Triple complex (100caps)- Magneesiumikompleks - Kiire tarne\",\"isPartOf\":{\"@id\":\"https:\\\/\\\/fit360.ee\\\/en\\\/#website\"},\"primaryImageOfPage\":{\"@id\":\"https:\\\/\\\/fit360.ee\\\/en\\\/pood\\\/product-groups\\\/vitamins-and-minerals-en\\\/magnesium-en\\\/magneesium-100caps\\\/#primaryimage\"},\"image\":{\"@id\":\"https:\\\/\\\/fit360.ee\\\/en\\\/pood\\\/product-groups\\\/vitamins-and-minerals-en\\\/magnesium-en\\\/magneesium-100caps\\\/#primaryimage\"},\"thumbnailUrl\":\"https:\\\/\\\/fit360.ee\\\/wp-content\\\/uploads\\\/2021\\\/02\\\/magneesium-triple-magnesium-fit360.ee_.jpg\",\"datePublished\":\"2021-02-26T14:07:41+00:00\",\"dateModified\":\"2024-11-26T12:24:57+00:00\",\"description\":\"Magneesium Triple Complex on toode, kus on \u00fcendatud 3 erinevat magneesiumi vormi pulbri kujul: Magneesiumtsitraat, -oksiid ja -aspartaat\",\"breadcrumb\":{\"@id\":\"https:\\\/\\\/fit360.ee\\\/en\\\/pood\\\/product-groups\\\/vitamins-and-minerals-en\\\/magnesium-en\\\/magneesium-100caps\\\/#breadcrumb\"},\"inLanguage\":\"en-US\",\"potentialAction\":[{\"@type\":\"ReadAction\",\"target\":[\"https:\\\/\\\/fit360.ee\\\/en\\\/pood\\\/product-groups\\\/vitamins-and-minerals-en\\\/magnesium-en\\\/magneesium-100caps\\\/\"]}]},{\"@type\":\"ImageObject\",\"inLanguage\":\"en-US\",\"@id\":\"https:\\\/\\\/fit360.ee\\\/en\\\/pood\\\/product-groups\\\/vitamins-and-minerals-en\\\/magnesium-en\\\/magneesium-100caps\\\/#primaryimage\",\"url\":\"https:\\\/\\\/fit360.ee\\\/wp-content\\\/uploads\\\/2021\\\/02\\\/magneesium-triple-magnesium-fit360.ee_.jpg\",\"contentUrl\":\"https:\\\/\\\/fit360.ee\\\/wp-content\\\/uploads\\\/2021\\\/02\\\/magneesium-triple-magnesium-fit360.ee_.jpg\",\"width\":1500,\"height\":1500,\"caption\":\"magneesium triple magnesium - fit360.ee\"},{\"@type\":\"BreadcrumbList\",\"@id\":\"https:\\\/\\\/fit360.ee\\\/en\\\/pood\\\/product-groups\\\/vitamins-and-minerals-en\\\/magnesium-en\\\/magneesium-100caps\\\/#breadcrumb\",\"itemListElement\":[{\"@type\":\"ListItem\",\"position\":1,\"name\":\"Home\",\"item\":\"https:\\\/\\\/fit360.ee\\\/en\\\/\"},{\"@type\":\"ListItem\",\"position\":2,\"name\":\"Shop\",\"item\":\"https:\\\/\\\/fit360.ee\\\/en\\\/shop\\\/\"},{\"@type\":\"ListItem\",\"position\":3,\"name\":\"Triple Magneesium Complex (100caps)\"}]},{\"@type\":\"WebSite\",\"@id\":\"https:\\\/\\\/fit360.ee\\\/en\\\/#website\",\"url\":\"https:\\\/\\\/fit360.ee\\\/en\\\/\",\"name\":\"Fit360\",\"description\":\"\",\"publisher\":{\"@id\":\"https:\\\/\\\/fit360.ee\\\/en\\\/#organization\"},\"potentialAction\":[{\"@type\":\"SearchAction\",\"target\":{\"@type\":\"EntryPoint\",\"urlTemplate\":\"https:\\\/\\\/fit360.ee\\\/en\\\/?s={search_term_string}\"},\"query-input\":{\"@type\":\"PropertyValueSpecification\",\"valueRequired\":true,\"valueName\":\"search_term_string\"}}],\"inLanguage\":\"en-US\"},{\"@type\":\"Organization\",\"@id\":\"https:\\\/\\\/fit360.ee\\\/en\\\/#organization\",\"name\":\"Fit360\",\"url\":\"https:\\\/\\\/fit360.ee\\\/en\\\/\",\"logo\":{\"@type\":\"ImageObject\",\"inLanguage\":\"en-US\",\"@id\":\"https:\\\/\\\/fit360.ee\\\/en\\\/#\\\/schema\\\/logo\\\/image\\\/\",\"url\":\"https:\\\/\\\/fit360.ee\\\/wp-content\\\/uploads\\\/2017\\\/01\\\/logo-fit360.png\",\"contentUrl\":\"https:\\\/\\\/fit360.ee\\\/wp-content\\\/uploads\\\/2017\\\/01\\\/logo-fit360.png\",\"width\":180,\"height\":66,\"caption\":\"Fit360\"},\"image\":{\"@id\":\"https:\\\/\\\/fit360.ee\\\/en\\\/#\\\/schema\\\/logo\\\/image\\\/\"}}]}<\/script>\n<!-- \/ Yoast SEO plugin. -->","yoast_head_json":{"title":"Magneesium Triple complex (100caps)- Magneesiumikompleks - Kiire tarne","description":"Magneesium Triple Complex on toode, kus on \u00fcendatud 3 erinevat magneesiumi vormi pulbri kujul: Magneesiumtsitraat, -oksiid ja -aspartaat","robots":{"index":"index","follow":"follow","max-snippet":"max-snippet:-1","max-image-preview":"max-image-preview:large","max-video-preview":"max-video-preview:-1"},"canonical":"https:\/\/fit360.ee\/en\/pood\/product-groups\/vitamins-and-minerals-en\/magnesium-en\/magneesium-100caps\/","og_locale":"en_US","og_type":"article","og_title":"Magneesium Triple complex (100caps)- Magneesiumikompleks - Kiire tarne","og_description":"Magneesium Triple Complex on toode, kus on \u00fcendatud 3 erinevat magneesiumi vormi pulbri kujul: Magneesiumtsitraat, -oksiid ja -aspartaat","og_url":"https:\/\/fit360.ee\/en\/pood\/product-groups\/vitamins-and-minerals-en\/magnesium-en\/magneesium-100caps\/","og_site_name":"Fit360","article_modified_time":"2024-11-26T12:24:57+00:00","og_image":[{"width":1500,"height":1500,"url":"https:\/\/fit360.ee\/wp-content\/uploads\/2021\/02\/magneesium-triple-magnesium-fit360.ee_.jpg","type":"image\/jpeg"}],"twitter_card":"summary_large_image","twitter_misc":{"Est. reading time":"1 minute"},"schema":{"@context":"https:\/\/schema.org","@graph":[{"@type":"WebPage","@id":"https:\/\/fit360.ee\/en\/pood\/product-groups\/vitamins-and-minerals-en\/magnesium-en\/magneesium-100caps\/","url":"https:\/\/fit360.ee\/en\/pood\/product-groups\/vitamins-and-minerals-en\/magnesium-en\/magneesium-100caps\/","name":"Magneesium Triple complex (100caps)- Magneesiumikompleks - Kiire tarne","isPartOf":{"@id":"https:\/\/fit360.ee\/en\/#website"},"primaryImageOfPage":{"@id":"https:\/\/fit360.ee\/en\/pood\/product-groups\/vitamins-and-minerals-en\/magnesium-en\/magneesium-100caps\/#primaryimage"},"image":{"@id":"https:\/\/fit360.ee\/en\/pood\/product-groups\/vitamins-and-minerals-en\/magnesium-en\/magneesium-100caps\/#primaryimage"},"thumbnailUrl":"https:\/\/fit360.ee\/wp-content\/uploads\/2021\/02\/magneesium-triple-magnesium-fit360.ee_.jpg","datePublished":"2021-02-26T14:07:41+00:00","dateModified":"2024-11-26T12:24:57+00:00","description":"Magneesium Triple Complex on toode, kus on \u00fcendatud 3 erinevat magneesiumi vormi pulbri kujul: Magneesiumtsitraat, -oksiid ja -aspartaat","breadcrumb":{"@id":"https:\/\/fit360.ee\/en\/pood\/product-groups\/vitamins-and-minerals-en\/magnesium-en\/magneesium-100caps\/#breadcrumb"},"inLanguage":"en-US","potentialAction":[{"@type":"ReadAction","target":["https:\/\/fit360.ee\/en\/pood\/product-groups\/vitamins-and-minerals-en\/magnesium-en\/magneesium-100caps\/"]}]},{"@type":"ImageObject","inLanguage":"en-US","@id":"https:\/\/fit360.ee\/en\/pood\/product-groups\/vitamins-and-minerals-en\/magnesium-en\/magneesium-100caps\/#primaryimage","url":"https:\/\/fit360.ee\/wp-content\/uploads\/2021\/02\/magneesium-triple-magnesium-fit360.ee_.jpg","contentUrl":"https:\/\/fit360.ee\/wp-content\/uploads\/2021\/02\/magneesium-triple-magnesium-fit360.ee_.jpg","width":1500,"height":1500,"caption":"magneesium triple magnesium - fit360.ee"},{"@type":"BreadcrumbList","@id":"https:\/\/fit360.ee\/en\/pood\/product-groups\/vitamins-and-minerals-en\/magnesium-en\/magneesium-100caps\/#breadcrumb","itemListElement":[{"@type":"ListItem","position":1,"name":"Home","item":"https:\/\/fit360.ee\/en\/"},{"@type":"ListItem","position":2,"name":"Shop","item":"https:\/\/fit360.ee\/en\/shop\/"},{"@type":"ListItem","position":3,"name":"Triple Magneesium Complex (100caps)"}]},{"@type":"WebSite","@id":"https:\/\/fit360.ee\/en\/#website","url":"https:\/\/fit360.ee\/en\/","name":"Fit360","description":"","publisher":{"@id":"https:\/\/fit360.ee\/en\/#organization"},"potentialAction":[{"@type":"SearchAction","target":{"@type":"EntryPoint","urlTemplate":"https:\/\/fit360.ee\/en\/?s={search_term_string}"},"query-input":{"@type":"PropertyValueSpecification","valueRequired":true,"valueName":"search_term_string"}}],"inLanguage":"en-US"},{"@type":"Organization","@id":"https:\/\/fit360.ee\/en\/#organization","name":"Fit360","url":"https:\/\/fit360.ee\/en\/","logo":{"@type":"ImageObject","inLanguage":"en-US","@id":"https:\/\/fit360.ee\/en\/#\/schema\/logo\/image\/","url":"https:\/\/fit360.ee\/wp-content\/uploads\/2017\/01\/logo-fit360.png","contentUrl":"https:\/\/fit360.ee\/wp-content\/uploads\/2017\/01\/logo-fit360.png","width":180,"height":66,"caption":"Fit360"},"image":{"@id":"https:\/\/fit360.ee\/en\/#\/schema\/logo\/image\/"}}]}},"_links":{"self":[{"href":"https:\/\/fit360.ee\/en\/wp-json\/wp\/v2\/product\/50622","targetHints":{"allow":["GET"]}}],"collection":[{"href":"https:\/\/fit360.ee\/en\/wp-json\/wp\/v2\/product"}],"about":[{"href":"https:\/\/fit360.ee\/en\/wp-json\/wp\/v2\/types\/product"}],"replies":[{"embeddable":true,"href":"https:\/\/fit360.ee\/en\/wp-json\/wp\/v2\/comments?post=50622"}],"wp:featuredmedia":[{"embeddable":true,"href":"https:\/\/fit360.ee\/en\/wp-json\/wp\/v2\/media\/50626"}],"wp:attachment":[{"href":"https:\/\/fit360.ee\/en\/wp-json\/wp\/v2\/media?parent=50622"}],"wp:term":[{"taxonomy":"product_brand","embeddable":true,"href":"https:\/\/fit360.ee\/en\/wp-json\/wp\/v2\/product_brand?post=50622"},{"taxonomy":"product_cat","embeddable":true,"href":"https:\/\/fit360.ee\/en\/wp-json\/wp\/v2\/product_cat?post=50622"},{"taxonomy":"product_tag","embeddable":true,"href":"https:\/\/fit360.ee\/en\/wp-json\/wp\/v2\/product_tag?post=50622"},{"taxonomy":"giftcard-category","embeddable":true,"href":"https:\/\/fit360.ee\/en\/wp-json\/wp\/v2\/giftcard-category?post=50622"}],"curies":[{"name":"wp","href":"https:\/\/api.w.org\/{rel}","templated":true}]}}