{"id":50852,"date":"2021-03-05T16:09:25","date_gmt":"2021-03-05T14:09:25","guid":{"rendered":"https:\/\/fit360.ee\/?post_type=product&#038;p=50852"},"modified":"2025-08-19T09:22:02","modified_gmt":"2025-08-19T07:22:02","slug":"truptofaan-vege-kapslid","status":"publish","type":"product","link":"https:\/\/fit360.ee\/en\/pood\/product-groups\/%d0%b2%d0%b5%d0%b3%d0%b0%d0%bd\/vegan-capsules-en\/truptofaan-vege-kapslid\/","title":{"rendered":"Tr\u00fcptofaan Vege kapslid (90 vCaps)"},"content":{"rendered":"<h1>Tr\u00fcptofaan<\/h1>\n<p><strong>Tr\u00fcptofaan<\/strong> ehk <strong>L-tr\u00fcptofaan<\/strong> on aminohape, mis on vajalik serotoniini \u2013 nn \u00f5nnehormooni tootmiseks, mis uuringute alusel m\u00f5jutab hooajalisi meeleoluh\u00e4ireid<strong>. L-tr\u00fcptofaan<\/strong>\u00a0on asendamatu aminohape. Asendamatuid aminohappeid ei suuda keha ise toota ning neid peab saama toidust. L-tr\u00fcptofaan on serotoniini eelaine. Serotoniin m\u00e4ngib t\u00e4htsat rolli l\u00f5dvestumises, s\u00fcgavas unes ja positiivses meeleolus.<\/p>\n<p><strong>Koostisosad<\/strong>: L-Tr\u00fcpptofaan, kapsli \u00fcmbris (h\u00fcdroks\u00fcprop\u00fc\u00fclmet\u00fc\u00fcltselluloos)<\/p>\n<p><strong>Kasutamine<\/strong>: 1 kapsel p\u00e4evas koos vega<\/p>\n<p><strong>Suurus<\/strong>: 90 kapsli &#8211; 90 serveeringut<\/p>\n<table>\n<tbody>\n<tr>\n<td width=\"307\"><strong>Anal\u00fc\u00fcs<\/strong><\/td>\n<td width=\"307\"><strong>1 kapsel<\/strong><\/td>\n<\/tr>\n<tr>\n<td width=\"307\">L-Tr\u00fcptofaan<\/td>\n<td width=\"307\">300mg<\/td>\n<\/tr>\n<\/tbody>\n<\/table>\n<p>Vaata ka meie teisi Tr\u00fcptofaane <a href=\"https:\/\/fit360.ee\/en\/product-category\/product-groups\/amino-acids-bcaa\/tryptophan-en\/\"><strong>SIIT<\/strong><\/a>!<\/p>\n<p>Soovid teha suuremat tellimust? Vaata antud toodet meie HULGI lehelt <a href=\"https:\/\/toidulisandidhulgi.ee\/product\/truptofaan-vege-kapslid\/\"><strong>SIIT<\/strong><\/a>!<\/p>\n","protected":false},"excerpt":{"rendered":"<h2><strong>L-Tr\u00fcptofaan:<\/strong><\/h2>\n<ul>\n<li>Parandab une kvaliteeti<\/li>\n<li>Aitab parandada meeleolu<\/li>\n<li>Aitab treeningutest taastuda<\/li>\n<\/ul>\n<p><strong>L-tr\u00fcptofaan<\/strong> on aminohape, mis on vajalik serotoniini \u2013 nn \u00f5nnehormooni tootmiseks, mis uuringute alusel m\u00f5jutab hooajalisi meeleoluh\u00e4ireid<strong>. L-tr\u00fcptofaan<\/strong>\u00a0on asendamatu aminohape. Asendamatuid aminohappeid ei suuda keha ise toota ning neid peab saama toidust. L-tr\u00fcptofaan on serotoniini eelaine. Serotoniin m\u00e4ngib t\u00e4htsat rolli l\u00f5dvestumises, s\u00fcgavas unes ja positiivses meeleolus.<\/p>\n","protected":false},"featured_media":84374,"comment_status":"open","ping_status":"closed","template":"","meta":[],"product_brand":[],"product_cat":[520,2331,1329,2476,2323,2664,536,1201],"product_tag":[1787,1847,1924,1849],"giftcard-category":[],"class_list":{"0":"post-50852","1":"product","2":"type-product","3":"status-publish","4":"has-post-thumbnail","6":"product_cat-amino-acids-bcaa","7":"product_cat-essential-amino-acids-eaa-en","8":"product_cat-ostrovit-en","9":"product_cat-sleep-enhancers-en","10":"product_cat-tryptophan-en","11":"product_cat-vegan-capsules-en","12":"product_cat-vitamins-and-minerals-en","13":"product_cat-1201","14":"product_tag-aminohapped-en","15":"product_tag-l-truptofaan-en","16":"product_tag-ostrovit-en","17":"product_tag-truptofaan-en","18":"pa_toidulisand-branddd-ostrovit","19":"pa_tootegruppp-amino-acidsbcaa","20":"pa_tootegruppp-asendamatud-aminohapped-eaa-en","21":"pa_tootegruppp-truptofaan-en","22":"pa_tootegruppp-uni-en","23":"pa_tootegruppp-vcaps-vegan-kapslid-en","24":"pa_tootegruppp-vegan-en","25":"pa_tootegruppp-vitamins-and-minerals","27":"first","28":"instock","29":"sale","30":"taxable","31":"shipping-taxable","32":"purchasable","33":"product-type-simple"},"yoast_head":"<!-- This site is optimized with the Yoast SEO plugin v27.3 - https:\/\/yoast.com\/product\/yoast-seo-wordpress\/ -->\n<title>Tr\u00fcptofaan Vege kapslid (90 vCaps) - Tryptophan - L-Tr\u00fcptofaan - Fit360<\/title>\n<meta name=\"description\" content=\"Tr\u00fcptofaan on aminohape, mis on vajalik serotoniini \u2013 \u00f5nnehormooni tootmiseks, mis uuringute alusel m\u00f5jutab meeleoluh\u00e4ireid. Kiire tarne\" \/>\n<meta name=\"robots\" content=\"index, follow, max-snippet:-1, max-image-preview:large, max-video-preview:-1\" \/>\n<link rel=\"canonical\" href=\"https:\/\/fit360.ee\/en\/pood\/product-groups\/\u0432\u0435\u0433\u0430\u043d\/vegan-capsules-en\/truptofaan-vege-kapslid\/\" \/>\n<meta property=\"og:locale\" content=\"en_US\" \/>\n<meta property=\"og:type\" content=\"article\" \/>\n<meta property=\"og:title\" content=\"Tr\u00fcptofaan Vege kapslid (90 vCaps) - Tryptophan - L-Tr\u00fcptofaan - Fit360\" \/>\n<meta property=\"og:description\" content=\"Tr\u00fcptofaan on aminohape, mis on vajalik serotoniini \u2013 \u00f5nnehormooni tootmiseks, mis uuringute alusel m\u00f5jutab meeleoluh\u00e4ireid. Kiire tarne\" \/>\n<meta property=\"og:url\" content=\"https:\/\/fit360.ee\/en\/pood\/product-groups\/\u0432\u0435\u0433\u0430\u043d\/vegan-capsules-en\/truptofaan-vege-kapslid\/\" \/>\n<meta property=\"og:site_name\" content=\"Fit360\" \/>\n<meta property=\"article:modified_time\" content=\"2025-08-19T07:22:02+00:00\" \/>\n<meta property=\"og:image\" content=\"https:\/\/fit360.ee\/wp-content\/uploads\/2021\/03\/truptofaan-fit360.ee-1.png\" \/>\n\t<meta property=\"og:image:width\" content=\"450\" \/>\n\t<meta property=\"og:image:height\" content=\"450\" \/>\n\t<meta property=\"og:image:type\" content=\"image\/png\" \/>\n<meta name=\"twitter:card\" content=\"summary_large_image\" \/>\n<meta name=\"twitter:label1\" content=\"Est. reading time\" \/>\n\t<meta name=\"twitter:data1\" content=\"1 minute\" \/>\n<script type=\"application\/ld+json\" class=\"yoast-schema-graph\">{\"@context\":\"https:\\\/\\\/schema.org\",\"@graph\":[{\"@type\":\"WebPage\",\"@id\":\"https:\\\/\\\/fit360.ee\\\/en\\\/pood\\\/product-groups\\\/%d0%b2%d0%b5%d0%b3%d0%b0%d0%bd\\\/vegan-capsules-en\\\/truptofaan-vege-kapslid\\\/\",\"url\":\"https:\\\/\\\/fit360.ee\\\/en\\\/pood\\\/product-groups\\\/%d0%b2%d0%b5%d0%b3%d0%b0%d0%bd\\\/vegan-capsules-en\\\/truptofaan-vege-kapslid\\\/\",\"name\":\"Tr\u00fcptofaan Vege kapslid (90 vCaps) - Tryptophan - L-Tr\u00fcptofaan - Fit360\",\"isPartOf\":{\"@id\":\"https:\\\/\\\/fit360.ee\\\/en\\\/#website\"},\"primaryImageOfPage\":{\"@id\":\"https:\\\/\\\/fit360.ee\\\/en\\\/pood\\\/product-groups\\\/%d0%b2%d0%b5%d0%b3%d0%b0%d0%bd\\\/vegan-capsules-en\\\/truptofaan-vege-kapslid\\\/#primaryimage\"},\"image\":{\"@id\":\"https:\\\/\\\/fit360.ee\\\/en\\\/pood\\\/product-groups\\\/%d0%b2%d0%b5%d0%b3%d0%b0%d0%bd\\\/vegan-capsules-en\\\/truptofaan-vege-kapslid\\\/#primaryimage\"},\"thumbnailUrl\":\"https:\\\/\\\/fit360.ee\\\/wp-content\\\/uploads\\\/2021\\\/03\\\/truptofaan-fit360.ee-1.png\",\"datePublished\":\"2021-03-05T14:09:25+00:00\",\"dateModified\":\"2025-08-19T07:22:02+00:00\",\"description\":\"Tr\u00fcptofaan on aminohape, mis on vajalik serotoniini \u2013 \u00f5nnehormooni tootmiseks, mis uuringute alusel m\u00f5jutab meeleoluh\u00e4ireid. Kiire tarne\",\"breadcrumb\":{\"@id\":\"https:\\\/\\\/fit360.ee\\\/en\\\/pood\\\/product-groups\\\/%d0%b2%d0%b5%d0%b3%d0%b0%d0%bd\\\/vegan-capsules-en\\\/truptofaan-vege-kapslid\\\/#breadcrumb\"},\"inLanguage\":\"en-US\",\"potentialAction\":[{\"@type\":\"ReadAction\",\"target\":[\"https:\\\/\\\/fit360.ee\\\/en\\\/pood\\\/product-groups\\\/%d0%b2%d0%b5%d0%b3%d0%b0%d0%bd\\\/vegan-capsules-en\\\/truptofaan-vege-kapslid\\\/\"]}]},{\"@type\":\"ImageObject\",\"inLanguage\":\"en-US\",\"@id\":\"https:\\\/\\\/fit360.ee\\\/en\\\/pood\\\/product-groups\\\/%d0%b2%d0%b5%d0%b3%d0%b0%d0%bd\\\/vegan-capsules-en\\\/truptofaan-vege-kapslid\\\/#primaryimage\",\"url\":\"https:\\\/\\\/fit360.ee\\\/wp-content\\\/uploads\\\/2021\\\/03\\\/truptofaan-fit360.ee-1.png\",\"contentUrl\":\"https:\\\/\\\/fit360.ee\\\/wp-content\\\/uploads\\\/2021\\\/03\\\/truptofaan-fit360.ee-1.png\",\"width\":450,\"height\":450,\"caption\":\"tr\u00fcptofaan - fit360.ee\"},{\"@type\":\"BreadcrumbList\",\"@id\":\"https:\\\/\\\/fit360.ee\\\/en\\\/pood\\\/product-groups\\\/%d0%b2%d0%b5%d0%b3%d0%b0%d0%bd\\\/vegan-capsules-en\\\/truptofaan-vege-kapslid\\\/#breadcrumb\",\"itemListElement\":[{\"@type\":\"ListItem\",\"position\":1,\"name\":\"Home\",\"item\":\"https:\\\/\\\/fit360.ee\\\/en\\\/\"},{\"@type\":\"ListItem\",\"position\":2,\"name\":\"Shop\",\"item\":\"https:\\\/\\\/fit360.ee\\\/en\\\/shop\\\/\"},{\"@type\":\"ListItem\",\"position\":3,\"name\":\"Tr\u00fcptofaan Vege kapslid (90 vCaps)\"}]},{\"@type\":\"WebSite\",\"@id\":\"https:\\\/\\\/fit360.ee\\\/en\\\/#website\",\"url\":\"https:\\\/\\\/fit360.ee\\\/en\\\/\",\"name\":\"Fit360\",\"description\":\"\",\"publisher\":{\"@id\":\"https:\\\/\\\/fit360.ee\\\/en\\\/#organization\"},\"potentialAction\":[{\"@type\":\"SearchAction\",\"target\":{\"@type\":\"EntryPoint\",\"urlTemplate\":\"https:\\\/\\\/fit360.ee\\\/en\\\/?s={search_term_string}\"},\"query-input\":{\"@type\":\"PropertyValueSpecification\",\"valueRequired\":true,\"valueName\":\"search_term_string\"}}],\"inLanguage\":\"en-US\"},{\"@type\":\"Organization\",\"@id\":\"https:\\\/\\\/fit360.ee\\\/en\\\/#organization\",\"name\":\"Fit360\",\"url\":\"https:\\\/\\\/fit360.ee\\\/en\\\/\",\"logo\":{\"@type\":\"ImageObject\",\"inLanguage\":\"en-US\",\"@id\":\"https:\\\/\\\/fit360.ee\\\/en\\\/#\\\/schema\\\/logo\\\/image\\\/\",\"url\":\"https:\\\/\\\/fit360.ee\\\/wp-content\\\/uploads\\\/2017\\\/01\\\/logo-fit360.png\",\"contentUrl\":\"https:\\\/\\\/fit360.ee\\\/wp-content\\\/uploads\\\/2017\\\/01\\\/logo-fit360.png\",\"width\":180,\"height\":66,\"caption\":\"Fit360\"},\"image\":{\"@id\":\"https:\\\/\\\/fit360.ee\\\/en\\\/#\\\/schema\\\/logo\\\/image\\\/\"}}]}<\/script>\n<!-- \/ Yoast SEO plugin. -->","yoast_head_json":{"title":"Tr\u00fcptofaan Vege kapslid (90 vCaps) - Tryptophan - L-Tr\u00fcptofaan - Fit360","description":"Tr\u00fcptofaan on aminohape, mis on vajalik serotoniini \u2013 \u00f5nnehormooni tootmiseks, mis uuringute alusel m\u00f5jutab meeleoluh\u00e4ireid. Kiire tarne","robots":{"index":"index","follow":"follow","max-snippet":"max-snippet:-1","max-image-preview":"max-image-preview:large","max-video-preview":"max-video-preview:-1"},"canonical":"https:\/\/fit360.ee\/en\/pood\/product-groups\/\u0432\u0435\u0433\u0430\u043d\/vegan-capsules-en\/truptofaan-vege-kapslid\/","og_locale":"en_US","og_type":"article","og_title":"Tr\u00fcptofaan Vege kapslid (90 vCaps) - Tryptophan - L-Tr\u00fcptofaan - Fit360","og_description":"Tr\u00fcptofaan on aminohape, mis on vajalik serotoniini \u2013 \u00f5nnehormooni tootmiseks, mis uuringute alusel m\u00f5jutab meeleoluh\u00e4ireid. Kiire tarne","og_url":"https:\/\/fit360.ee\/en\/pood\/product-groups\/\u0432\u0435\u0433\u0430\u043d\/vegan-capsules-en\/truptofaan-vege-kapslid\/","og_site_name":"Fit360","article_modified_time":"2025-08-19T07:22:02+00:00","og_image":[{"width":450,"height":450,"url":"https:\/\/fit360.ee\/wp-content\/uploads\/2021\/03\/truptofaan-fit360.ee-1.png","type":"image\/png"}],"twitter_card":"summary_large_image","twitter_misc":{"Est. reading time":"1 minute"},"schema":{"@context":"https:\/\/schema.org","@graph":[{"@type":"WebPage","@id":"https:\/\/fit360.ee\/en\/pood\/product-groups\/%d0%b2%d0%b5%d0%b3%d0%b0%d0%bd\/vegan-capsules-en\/truptofaan-vege-kapslid\/","url":"https:\/\/fit360.ee\/en\/pood\/product-groups\/%d0%b2%d0%b5%d0%b3%d0%b0%d0%bd\/vegan-capsules-en\/truptofaan-vege-kapslid\/","name":"Tr\u00fcptofaan Vege kapslid (90 vCaps) - Tryptophan - L-Tr\u00fcptofaan - Fit360","isPartOf":{"@id":"https:\/\/fit360.ee\/en\/#website"},"primaryImageOfPage":{"@id":"https:\/\/fit360.ee\/en\/pood\/product-groups\/%d0%b2%d0%b5%d0%b3%d0%b0%d0%bd\/vegan-capsules-en\/truptofaan-vege-kapslid\/#primaryimage"},"image":{"@id":"https:\/\/fit360.ee\/en\/pood\/product-groups\/%d0%b2%d0%b5%d0%b3%d0%b0%d0%bd\/vegan-capsules-en\/truptofaan-vege-kapslid\/#primaryimage"},"thumbnailUrl":"https:\/\/fit360.ee\/wp-content\/uploads\/2021\/03\/truptofaan-fit360.ee-1.png","datePublished":"2021-03-05T14:09:25+00:00","dateModified":"2025-08-19T07:22:02+00:00","description":"Tr\u00fcptofaan on aminohape, mis on vajalik serotoniini \u2013 \u00f5nnehormooni tootmiseks, mis uuringute alusel m\u00f5jutab meeleoluh\u00e4ireid. Kiire tarne","breadcrumb":{"@id":"https:\/\/fit360.ee\/en\/pood\/product-groups\/%d0%b2%d0%b5%d0%b3%d0%b0%d0%bd\/vegan-capsules-en\/truptofaan-vege-kapslid\/#breadcrumb"},"inLanguage":"en-US","potentialAction":[{"@type":"ReadAction","target":["https:\/\/fit360.ee\/en\/pood\/product-groups\/%d0%b2%d0%b5%d0%b3%d0%b0%d0%bd\/vegan-capsules-en\/truptofaan-vege-kapslid\/"]}]},{"@type":"ImageObject","inLanguage":"en-US","@id":"https:\/\/fit360.ee\/en\/pood\/product-groups\/%d0%b2%d0%b5%d0%b3%d0%b0%d0%bd\/vegan-capsules-en\/truptofaan-vege-kapslid\/#primaryimage","url":"https:\/\/fit360.ee\/wp-content\/uploads\/2021\/03\/truptofaan-fit360.ee-1.png","contentUrl":"https:\/\/fit360.ee\/wp-content\/uploads\/2021\/03\/truptofaan-fit360.ee-1.png","width":450,"height":450,"caption":"tr\u00fcptofaan - fit360.ee"},{"@type":"BreadcrumbList","@id":"https:\/\/fit360.ee\/en\/pood\/product-groups\/%d0%b2%d0%b5%d0%b3%d0%b0%d0%bd\/vegan-capsules-en\/truptofaan-vege-kapslid\/#breadcrumb","itemListElement":[{"@type":"ListItem","position":1,"name":"Home","item":"https:\/\/fit360.ee\/en\/"},{"@type":"ListItem","position":2,"name":"Shop","item":"https:\/\/fit360.ee\/en\/shop\/"},{"@type":"ListItem","position":3,"name":"Tr\u00fcptofaan Vege kapslid (90 vCaps)"}]},{"@type":"WebSite","@id":"https:\/\/fit360.ee\/en\/#website","url":"https:\/\/fit360.ee\/en\/","name":"Fit360","description":"","publisher":{"@id":"https:\/\/fit360.ee\/en\/#organization"},"potentialAction":[{"@type":"SearchAction","target":{"@type":"EntryPoint","urlTemplate":"https:\/\/fit360.ee\/en\/?s={search_term_string}"},"query-input":{"@type":"PropertyValueSpecification","valueRequired":true,"valueName":"search_term_string"}}],"inLanguage":"en-US"},{"@type":"Organization","@id":"https:\/\/fit360.ee\/en\/#organization","name":"Fit360","url":"https:\/\/fit360.ee\/en\/","logo":{"@type":"ImageObject","inLanguage":"en-US","@id":"https:\/\/fit360.ee\/en\/#\/schema\/logo\/image\/","url":"https:\/\/fit360.ee\/wp-content\/uploads\/2017\/01\/logo-fit360.png","contentUrl":"https:\/\/fit360.ee\/wp-content\/uploads\/2017\/01\/logo-fit360.png","width":180,"height":66,"caption":"Fit360"},"image":{"@id":"https:\/\/fit360.ee\/en\/#\/schema\/logo\/image\/"}}]}},"_links":{"self":[{"href":"https:\/\/fit360.ee\/en\/wp-json\/wp\/v2\/product\/50852","targetHints":{"allow":["GET"]}}],"collection":[{"href":"https:\/\/fit360.ee\/en\/wp-json\/wp\/v2\/product"}],"about":[{"href":"https:\/\/fit360.ee\/en\/wp-json\/wp\/v2\/types\/product"}],"replies":[{"embeddable":true,"href":"https:\/\/fit360.ee\/en\/wp-json\/wp\/v2\/comments?post=50852"}],"wp:featuredmedia":[{"embeddable":true,"href":"https:\/\/fit360.ee\/en\/wp-json\/wp\/v2\/media\/84374"}],"wp:attachment":[{"href":"https:\/\/fit360.ee\/en\/wp-json\/wp\/v2\/media?parent=50852"}],"wp:term":[{"taxonomy":"product_brand","embeddable":true,"href":"https:\/\/fit360.ee\/en\/wp-json\/wp\/v2\/product_brand?post=50852"},{"taxonomy":"product_cat","embeddable":true,"href":"https:\/\/fit360.ee\/en\/wp-json\/wp\/v2\/product_cat?post=50852"},{"taxonomy":"product_tag","embeddable":true,"href":"https:\/\/fit360.ee\/en\/wp-json\/wp\/v2\/product_tag?post=50852"},{"taxonomy":"giftcard-category","embeddable":true,"href":"https:\/\/fit360.ee\/en\/wp-json\/wp\/v2\/giftcard-category?post=50852"}],"curies":[{"name":"wp","href":"https:\/\/api.w.org\/{rel}","templated":true}]}}