{"id":50859,"date":"2021-03-05T16:31:31","date_gmt":"2021-03-05T14:31:31","guid":{"rendered":"https:\/\/fit360.ee\/?post_type=product&#038;p=50859"},"modified":"2026-04-11T12:42:08","modified_gmt":"2026-04-11T10:42:08","slug":"glukosamiin-pulber-210g","status":"publish","type":"product","link":"https:\/\/fit360.ee\/en\/pood\/product-groups\/superfoods-health-foods-en\/glucosamine-en\/glukosamiin-pulber-210g\/","title":{"rendered":"Gl\u00fckosamiin Pulber (210g)"},"content":{"rendered":"<h1>Gl\u00fckosamiin<\/h1>\n<p><strong>Gl\u00fckosamiin<\/strong>\u00a0on liigeste tervise seisukohalt k\u00f5ige olulisem toidulisand, mis aitab taastada liigese k\u00f5hre ning kahjustatud liigese. Gl\u00fckosamiin on sidekoe komponent, millest moodustatakse sidemed, k\u00f5\u00f5lused, k\u00f5hred ja liigesevaheline vedelik.<\/p>\n<p><strong>Mis on gl\u00fckoosamiin?<\/strong><\/p>\n<p>Gl\u00fckoosamiini kasutatakse liigesek\u00f5hre kahjustuste ennetamiseks ning aina rohkem ka reumahaigete ravis ja liigeste kulumise korral.<\/p>\n<p>Gl\u00fckoosamiin on k\u00f5hre, liigesepindade, selgroo l\u00fclivaheketaste ja ka liigesevedeliku koostisosa, mis tagab k\u00f5hre paindlikkuse ja vastupidavuse. Vananedes gl\u00fckoosamiini sisaldus sidekudedes v\u00e4heneb ja seet\u00f5ttu \u00f5henevad ka k\u00f5hrepinnad \u2013 neisse tekib v\u00e4ikesi auke ja pragusid. K\u00f5hr laguneb ja ilmnevad liigesekahjustuse s\u00fcmptomid. Selgroo l\u00fclisammaste vahekettad on samuti k\u00f5hrkoest, nii puudutab sama t\u00f5de ka neid.<\/p>\n<p><strong>Milline m\u00f5juaeg?<\/strong><\/p>\n<p>Gl\u00fckoosamiin on aeglase toimega aine, mis leevendab liigesep\u00f5letikku ja v\u00f5ib pika aja kestel aidata v\u00e4hesel m\u00e4\u00e4ral ka liigesek\u00f5hre kahjustustest taastuda. Nende raviv toime j\u00e4tkub sageli m\u00f5nda aega ka p\u00e4rast preparaatide tarbimise l\u00f5petamist, isegi kuni kolme kuu jooksul. T\u00e4nu pikale m\u00f5jule v\u00f5ib gl\u00fckoosamiini tarvitada ka ts\u00fcklitena.<\/p>\n<p><strong>Kuidas Gl\u00fckosamiin toimib?<\/strong><\/p>\n<p>G\u00fckoosamiin aitab stimuleerida organismis nende ainete tootmist, mis on vajalikud lagunenud k\u00f5hrekoe asendamiseks. \u00dchtlasi h\u00e4vitab gl\u00fckoosamiin liigesevedelikust p\u00f5letikurakke (T-l\u00fcmfos\u00fc\u00fcte).<\/p>\n<p>Uurimuste kohaselt on gl\u00fckoosamiinid sama efektiivsed kui klassikalised p\u00f5letikuvastased ravimid, nagu atset\u00fc\u00fclsalits\u00fc\u00fclhape, ibuprofeen v\u00f5i diklofenak. Gl\u00fckoosamiinid v\u00f5imendavad nende p\u00f5letikuvastaste ravimite toimet ja v\u00e4hendavad vajadust nende j\u00e4rele. Seet\u00f5ttu tarvitatakse neid sageli samal ajal.<\/p>\n<p>&nbsp;<\/p>\n<p><strong>Koostisosad<\/strong>: D-gl\u00fckoosamiinsulfaat kaaliumkloriid 2 KCL<\/p>\n<p><strong>Kasutamine<\/strong>: Lahusta 1 serveering (1g) 100-150ml vees v\u00f5i mahlas. <strong>NB!<\/strong> Toidulisandid ei asenda mitmek\u00fclgset toitumist. Hoida lastele k\u00e4ttesaamatus kohas. Toode on m\u00f5eldud tervetele t\u00e4iskasvanud inimestele.\u00a0 Mitte soovitatud lastele ja imetavatele emadele. Mitmek\u00fclgne toitumine ja terve elustiil on oluline.<\/p>\n<p><strong>Pakendi suurus<\/strong> 210g \u2013 210 serveeringut<\/p>\n<p>Hoiusta kuivas ja jahedas kohas, eemal otsesest p\u00e4evavalgusest.<\/p>\n<table width=\"631\">\n<tbody>\n<tr>\n<td width=\"204\"><strong>Anal\u00fc\u00fcs<\/strong><\/td>\n<td width=\"204\"><strong>1g (1 serveering)<\/strong><\/td>\n<td width=\"204\"><strong>100g<\/strong><\/td>\n<\/tr>\n<tr>\n<td width=\"204\">D-gl\u00fckoosamiinsulfaat kaaliumkloriid 2 KCL<\/td>\n<td width=\"204\">1000mg<\/td>\n<td width=\"204\">100g<\/td>\n<\/tr>\n<tr>\n<td width=\"204\"><em>millest<\/em> Gl\u00fckosamiin<\/td>\n<td width=\"204\">590mg<\/td>\n<td width=\"204\">59g<\/td>\n<\/tr>\n<\/tbody>\n<\/table>\n<p>Vaata ka meie teisi Gl\u00fckosamiine <a href=\"https:\/\/fit360.ee\/en\/product-category\/product-groups\/superfoods-health-foods-en\/glucosamine-en\/\"><strong>SIIT<\/strong><\/a>!<\/p>\n<p>Soovid teha suuremat tellimust? Vaata antud toodet ka meie HULGI lehelt <a href=\"https:\/\/toidulisandidhulgi.ee\/product\/glukosamiin-pulber-210g\/\"><strong>SIIT<\/strong><\/a>!<\/p>\n","protected":false},"excerpt":{"rendered":"<h2><strong>Gl\u00fckosamiin Pulber<\/strong>:<\/h2>\n<ul>\n<li>Omab head toimet liigesek\u00f5hre kulumisest tingitud liigesevalude v\u00e4hendamisele.<\/li>\n<li>Aitab pidurdada east tingitud liigesek\u00f5hre kulumise arengut ning stimuleerida uue k\u00f5hre moodustumist.<\/li>\n<\/ul>\n<p><strong>Gl\u00fckosamiin<\/strong> on liigeste tervise seisukohalt k\u00f5ige olulisem toidulisand, mis aitab taastada liigese k\u00f5hre ning kahjustatud liigese. Gl\u00fckosamiin on sidekoe komponent, millest moodustatakse sidemed, k\u00f5\u00f5lused, k\u00f5hred ja liigesevaheline vedelik.<\/p>\n","protected":false},"featured_media":50863,"comment_status":"open","ping_status":"closed","template":"","meta":[],"product_brand":[],"product_cat":[2341,527,1329,1454],"product_tag":[2706,2707,2708,1924],"giftcard-category":[],"class_list":{"0":"post-50859","1":"product","2":"type-product","3":"status-publish","4":"has-post-thumbnail","6":"product_cat-glucosamine-en","7":"product_cat-joint-support-en","8":"product_cat-ostrovit-en","9":"product_cat-superfoods-health-foods-en","10":"product_tag-glucosamine-en","11":"product_tag-glukosamiin-en","12":"product_tag-glukosamiin-pulber-en","13":"product_tag-ostrovit-en","14":"pa_toidulisand-branddd-ostrovit","15":"pa_tootegruppp-for-joints","16":"pa_tootegruppp-glukosamiin-en","17":"pa_tootegruppp-supertoit-tervisetoit-en","19":"first","20":"instock","21":"sale","22":"taxable","23":"shipping-taxable","24":"purchasable","25":"product-type-simple"},"yoast_head":"<!-- This site is optimized with the Yoast SEO plugin v27.3 - https:\/\/yoast.com\/product\/yoast-seo-wordpress\/ -->\n<title>Gl\u00fckosamiin Pulber (210g) - Gl\u00fckosamiin - Glucosamine - Kiire Tarne<\/title>\n<meta name=\"description\" content=\"Gl\u00fckosamiin pulbri kujul. Gl\u00fckosamiin\u00a0on liigeste tervise seisukohalt k\u00f5ige olulisem toidulisand, mis aitab taastada liigese k\u00f5hre.\" \/>\n<meta name=\"robots\" content=\"index, follow, max-snippet:-1, max-image-preview:large, max-video-preview:-1\" \/>\n<link rel=\"canonical\" href=\"https:\/\/fit360.ee\/en\/pood\/product-groups\/superfoods-health-foods-en\/glucosamine-en\/glukosamiin-pulber-210g\/\" \/>\n<meta property=\"og:locale\" content=\"en_US\" \/>\n<meta property=\"og:type\" content=\"article\" \/>\n<meta property=\"og:title\" content=\"Gl\u00fckosamiin Pulber (210g) - Gl\u00fckosamiin - Glucosamine - Kiire Tarne\" \/>\n<meta property=\"og:description\" content=\"Gl\u00fckosamiin pulbri kujul. Gl\u00fckosamiin\u00a0on liigeste tervise seisukohalt k\u00f5ige olulisem toidulisand, mis aitab taastada liigese k\u00f5hre.\" \/>\n<meta property=\"og:url\" content=\"https:\/\/fit360.ee\/en\/pood\/product-groups\/superfoods-health-foods-en\/glucosamine-en\/glukosamiin-pulber-210g\/\" \/>\n<meta property=\"og:site_name\" content=\"Fit360\" \/>\n<meta property=\"article:modified_time\" content=\"2026-04-11T10:42:08+00:00\" \/>\n<meta property=\"og:image\" content=\"https:\/\/fit360.ee\/wp-content\/uploads\/2021\/03\/Glukosamiin-pulber-Ostrovit-210g-fit360.ee_.jpg\" \/>\n\t<meta property=\"og:image:width\" content=\"800\" \/>\n\t<meta property=\"og:image:height\" content=\"800\" \/>\n\t<meta property=\"og:image:type\" content=\"image\/jpeg\" \/>\n<meta name=\"twitter:card\" content=\"summary_large_image\" \/>\n<meta name=\"twitter:label1\" content=\"Est. reading time\" \/>\n\t<meta name=\"twitter:data1\" content=\"2 minutes\" \/>\n<script type=\"application\/ld+json\" class=\"yoast-schema-graph\">{\"@context\":\"https:\\\/\\\/schema.org\",\"@graph\":[{\"@type\":\"WebPage\",\"@id\":\"https:\\\/\\\/fit360.ee\\\/en\\\/pood\\\/product-groups\\\/superfoods-health-foods-en\\\/glucosamine-en\\\/glukosamiin-pulber-210g\\\/\",\"url\":\"https:\\\/\\\/fit360.ee\\\/en\\\/pood\\\/product-groups\\\/superfoods-health-foods-en\\\/glucosamine-en\\\/glukosamiin-pulber-210g\\\/\",\"name\":\"Gl\u00fckosamiin Pulber (210g) - Gl\u00fckosamiin - Glucosamine - Kiire Tarne\",\"isPartOf\":{\"@id\":\"https:\\\/\\\/fit360.ee\\\/en\\\/#website\"},\"primaryImageOfPage\":{\"@id\":\"https:\\\/\\\/fit360.ee\\\/en\\\/pood\\\/product-groups\\\/superfoods-health-foods-en\\\/glucosamine-en\\\/glukosamiin-pulber-210g\\\/#primaryimage\"},\"image\":{\"@id\":\"https:\\\/\\\/fit360.ee\\\/en\\\/pood\\\/product-groups\\\/superfoods-health-foods-en\\\/glucosamine-en\\\/glukosamiin-pulber-210g\\\/#primaryimage\"},\"thumbnailUrl\":\"https:\\\/\\\/fit360.ee\\\/wp-content\\\/uploads\\\/2021\\\/03\\\/Glukosamiin-pulber-Ostrovit-210g-fit360.ee_.jpg\",\"datePublished\":\"2021-03-05T14:31:31+00:00\",\"dateModified\":\"2026-04-11T10:42:08+00:00\",\"description\":\"Gl\u00fckosamiin pulbri kujul. Gl\u00fckosamiin\u00a0on liigeste tervise seisukohalt k\u00f5ige olulisem toidulisand, mis aitab taastada liigese k\u00f5hre.\",\"breadcrumb\":{\"@id\":\"https:\\\/\\\/fit360.ee\\\/en\\\/pood\\\/product-groups\\\/superfoods-health-foods-en\\\/glucosamine-en\\\/glukosamiin-pulber-210g\\\/#breadcrumb\"},\"inLanguage\":\"en-US\",\"potentialAction\":[{\"@type\":\"ReadAction\",\"target\":[\"https:\\\/\\\/fit360.ee\\\/en\\\/pood\\\/product-groups\\\/superfoods-health-foods-en\\\/glucosamine-en\\\/glukosamiin-pulber-210g\\\/\"]}]},{\"@type\":\"ImageObject\",\"inLanguage\":\"en-US\",\"@id\":\"https:\\\/\\\/fit360.ee\\\/en\\\/pood\\\/product-groups\\\/superfoods-health-foods-en\\\/glucosamine-en\\\/glukosamiin-pulber-210g\\\/#primaryimage\",\"url\":\"https:\\\/\\\/fit360.ee\\\/wp-content\\\/uploads\\\/2021\\\/03\\\/Glukosamiin-pulber-Ostrovit-210g-fit360.ee_.jpg\",\"contentUrl\":\"https:\\\/\\\/fit360.ee\\\/wp-content\\\/uploads\\\/2021\\\/03\\\/Glukosamiin-pulber-Ostrovit-210g-fit360.ee_.jpg\",\"width\":800,\"height\":800,\"caption\":\"Gl\u00fckosamiin pulber Ostrovit 210g - fit360.ee\"},{\"@type\":\"BreadcrumbList\",\"@id\":\"https:\\\/\\\/fit360.ee\\\/en\\\/pood\\\/product-groups\\\/superfoods-health-foods-en\\\/glucosamine-en\\\/glukosamiin-pulber-210g\\\/#breadcrumb\",\"itemListElement\":[{\"@type\":\"ListItem\",\"position\":1,\"name\":\"Home\",\"item\":\"https:\\\/\\\/fit360.ee\\\/en\\\/\"},{\"@type\":\"ListItem\",\"position\":2,\"name\":\"Shop\",\"item\":\"https:\\\/\\\/fit360.ee\\\/en\\\/shop\\\/\"},{\"@type\":\"ListItem\",\"position\":3,\"name\":\"Gl\u00fckosamiin Pulber (210g)\"}]},{\"@type\":\"WebSite\",\"@id\":\"https:\\\/\\\/fit360.ee\\\/en\\\/#website\",\"url\":\"https:\\\/\\\/fit360.ee\\\/en\\\/\",\"name\":\"Fit360\",\"description\":\"\",\"publisher\":{\"@id\":\"https:\\\/\\\/fit360.ee\\\/en\\\/#organization\"},\"potentialAction\":[{\"@type\":\"SearchAction\",\"target\":{\"@type\":\"EntryPoint\",\"urlTemplate\":\"https:\\\/\\\/fit360.ee\\\/en\\\/?s={search_term_string}\"},\"query-input\":{\"@type\":\"PropertyValueSpecification\",\"valueRequired\":true,\"valueName\":\"search_term_string\"}}],\"inLanguage\":\"en-US\"},{\"@type\":\"Organization\",\"@id\":\"https:\\\/\\\/fit360.ee\\\/en\\\/#organization\",\"name\":\"Fit360\",\"url\":\"https:\\\/\\\/fit360.ee\\\/en\\\/\",\"logo\":{\"@type\":\"ImageObject\",\"inLanguage\":\"en-US\",\"@id\":\"https:\\\/\\\/fit360.ee\\\/en\\\/#\\\/schema\\\/logo\\\/image\\\/\",\"url\":\"https:\\\/\\\/fit360.ee\\\/wp-content\\\/uploads\\\/2017\\\/01\\\/logo-fit360.png\",\"contentUrl\":\"https:\\\/\\\/fit360.ee\\\/wp-content\\\/uploads\\\/2017\\\/01\\\/logo-fit360.png\",\"width\":180,\"height\":66,\"caption\":\"Fit360\"},\"image\":{\"@id\":\"https:\\\/\\\/fit360.ee\\\/en\\\/#\\\/schema\\\/logo\\\/image\\\/\"}}]}<\/script>\n<!-- \/ Yoast SEO plugin. -->","yoast_head_json":{"title":"Gl\u00fckosamiin Pulber (210g) - Gl\u00fckosamiin - Glucosamine - Kiire Tarne","description":"Gl\u00fckosamiin pulbri kujul. Gl\u00fckosamiin\u00a0on liigeste tervise seisukohalt k\u00f5ige olulisem toidulisand, mis aitab taastada liigese k\u00f5hre.","robots":{"index":"index","follow":"follow","max-snippet":"max-snippet:-1","max-image-preview":"max-image-preview:large","max-video-preview":"max-video-preview:-1"},"canonical":"https:\/\/fit360.ee\/en\/pood\/product-groups\/superfoods-health-foods-en\/glucosamine-en\/glukosamiin-pulber-210g\/","og_locale":"en_US","og_type":"article","og_title":"Gl\u00fckosamiin Pulber (210g) - Gl\u00fckosamiin - Glucosamine - Kiire Tarne","og_description":"Gl\u00fckosamiin pulbri kujul. Gl\u00fckosamiin\u00a0on liigeste tervise seisukohalt k\u00f5ige olulisem toidulisand, mis aitab taastada liigese k\u00f5hre.","og_url":"https:\/\/fit360.ee\/en\/pood\/product-groups\/superfoods-health-foods-en\/glucosamine-en\/glukosamiin-pulber-210g\/","og_site_name":"Fit360","article_modified_time":"2026-04-11T10:42:08+00:00","og_image":[{"width":800,"height":800,"url":"https:\/\/fit360.ee\/wp-content\/uploads\/2021\/03\/Glukosamiin-pulber-Ostrovit-210g-fit360.ee_.jpg","type":"image\/jpeg"}],"twitter_card":"summary_large_image","twitter_misc":{"Est. reading time":"2 minutes"},"schema":{"@context":"https:\/\/schema.org","@graph":[{"@type":"WebPage","@id":"https:\/\/fit360.ee\/en\/pood\/product-groups\/superfoods-health-foods-en\/glucosamine-en\/glukosamiin-pulber-210g\/","url":"https:\/\/fit360.ee\/en\/pood\/product-groups\/superfoods-health-foods-en\/glucosamine-en\/glukosamiin-pulber-210g\/","name":"Gl\u00fckosamiin Pulber (210g) - Gl\u00fckosamiin - Glucosamine - Kiire Tarne","isPartOf":{"@id":"https:\/\/fit360.ee\/en\/#website"},"primaryImageOfPage":{"@id":"https:\/\/fit360.ee\/en\/pood\/product-groups\/superfoods-health-foods-en\/glucosamine-en\/glukosamiin-pulber-210g\/#primaryimage"},"image":{"@id":"https:\/\/fit360.ee\/en\/pood\/product-groups\/superfoods-health-foods-en\/glucosamine-en\/glukosamiin-pulber-210g\/#primaryimage"},"thumbnailUrl":"https:\/\/fit360.ee\/wp-content\/uploads\/2021\/03\/Glukosamiin-pulber-Ostrovit-210g-fit360.ee_.jpg","datePublished":"2021-03-05T14:31:31+00:00","dateModified":"2026-04-11T10:42:08+00:00","description":"Gl\u00fckosamiin pulbri kujul. Gl\u00fckosamiin\u00a0on liigeste tervise seisukohalt k\u00f5ige olulisem toidulisand, mis aitab taastada liigese k\u00f5hre.","breadcrumb":{"@id":"https:\/\/fit360.ee\/en\/pood\/product-groups\/superfoods-health-foods-en\/glucosamine-en\/glukosamiin-pulber-210g\/#breadcrumb"},"inLanguage":"en-US","potentialAction":[{"@type":"ReadAction","target":["https:\/\/fit360.ee\/en\/pood\/product-groups\/superfoods-health-foods-en\/glucosamine-en\/glukosamiin-pulber-210g\/"]}]},{"@type":"ImageObject","inLanguage":"en-US","@id":"https:\/\/fit360.ee\/en\/pood\/product-groups\/superfoods-health-foods-en\/glucosamine-en\/glukosamiin-pulber-210g\/#primaryimage","url":"https:\/\/fit360.ee\/wp-content\/uploads\/2021\/03\/Glukosamiin-pulber-Ostrovit-210g-fit360.ee_.jpg","contentUrl":"https:\/\/fit360.ee\/wp-content\/uploads\/2021\/03\/Glukosamiin-pulber-Ostrovit-210g-fit360.ee_.jpg","width":800,"height":800,"caption":"Gl\u00fckosamiin pulber Ostrovit 210g - fit360.ee"},{"@type":"BreadcrumbList","@id":"https:\/\/fit360.ee\/en\/pood\/product-groups\/superfoods-health-foods-en\/glucosamine-en\/glukosamiin-pulber-210g\/#breadcrumb","itemListElement":[{"@type":"ListItem","position":1,"name":"Home","item":"https:\/\/fit360.ee\/en\/"},{"@type":"ListItem","position":2,"name":"Shop","item":"https:\/\/fit360.ee\/en\/shop\/"},{"@type":"ListItem","position":3,"name":"Gl\u00fckosamiin Pulber (210g)"}]},{"@type":"WebSite","@id":"https:\/\/fit360.ee\/en\/#website","url":"https:\/\/fit360.ee\/en\/","name":"Fit360","description":"","publisher":{"@id":"https:\/\/fit360.ee\/en\/#organization"},"potentialAction":[{"@type":"SearchAction","target":{"@type":"EntryPoint","urlTemplate":"https:\/\/fit360.ee\/en\/?s={search_term_string}"},"query-input":{"@type":"PropertyValueSpecification","valueRequired":true,"valueName":"search_term_string"}}],"inLanguage":"en-US"},{"@type":"Organization","@id":"https:\/\/fit360.ee\/en\/#organization","name":"Fit360","url":"https:\/\/fit360.ee\/en\/","logo":{"@type":"ImageObject","inLanguage":"en-US","@id":"https:\/\/fit360.ee\/en\/#\/schema\/logo\/image\/","url":"https:\/\/fit360.ee\/wp-content\/uploads\/2017\/01\/logo-fit360.png","contentUrl":"https:\/\/fit360.ee\/wp-content\/uploads\/2017\/01\/logo-fit360.png","width":180,"height":66,"caption":"Fit360"},"image":{"@id":"https:\/\/fit360.ee\/en\/#\/schema\/logo\/image\/"}}]}},"_links":{"self":[{"href":"https:\/\/fit360.ee\/en\/wp-json\/wp\/v2\/product\/50859","targetHints":{"allow":["GET"]}}],"collection":[{"href":"https:\/\/fit360.ee\/en\/wp-json\/wp\/v2\/product"}],"about":[{"href":"https:\/\/fit360.ee\/en\/wp-json\/wp\/v2\/types\/product"}],"replies":[{"embeddable":true,"href":"https:\/\/fit360.ee\/en\/wp-json\/wp\/v2\/comments?post=50859"}],"wp:featuredmedia":[{"embeddable":true,"href":"https:\/\/fit360.ee\/en\/wp-json\/wp\/v2\/media\/50863"}],"wp:attachment":[{"href":"https:\/\/fit360.ee\/en\/wp-json\/wp\/v2\/media?parent=50859"}],"wp:term":[{"taxonomy":"product_brand","embeddable":true,"href":"https:\/\/fit360.ee\/en\/wp-json\/wp\/v2\/product_brand?post=50859"},{"taxonomy":"product_cat","embeddable":true,"href":"https:\/\/fit360.ee\/en\/wp-json\/wp\/v2\/product_cat?post=50859"},{"taxonomy":"product_tag","embeddable":true,"href":"https:\/\/fit360.ee\/en\/wp-json\/wp\/v2\/product_tag?post=50859"},{"taxonomy":"giftcard-category","embeddable":true,"href":"https:\/\/fit360.ee\/en\/wp-json\/wp\/v2\/giftcard-category?post=50859"}],"curies":[{"name":"wp","href":"https:\/\/api.w.org\/{rel}","templated":true}]}}