{"id":50867,"date":"2021-03-05T16:52:44","date_gmt":"2021-03-05T14:52:44","guid":{"rendered":"https:\/\/fit360.ee\/?post_type=product&#038;p=50867"},"modified":"2026-04-13T13:43:01","modified_gmt":"2026-04-13T11:43:01","slug":"testo-booster-90caps","status":"publish","type":"product","link":"https:\/\/fit360.ee\/en\/pood\/product-groups\/testosterone-boosters-en\/tribulus-en\/testo-booster-90caps\/","title":{"rendered":"Testo Booster (90caps)"},"content":{"rendered":"<h1>Testo Booster Ostrovit<\/h1>\n<p>OstroVit Testo Booster on toidulisand, mis spetsiaalselt v\u00e4lja t\u00f6\u00f6tatud valemiga soodustab Teie testosterooni taseme t\u00f5usu.<\/p>\n<p>Testosteroon on androgeenide r\u00fchma kuuluv orgaaniline keemiline \u00fchend, esmane meessteroidne suguhormoon. Testosteroon soodustab eluj\u00f5udu ja heaolu. See on seotud hea tuju s\u00e4ilitamise, seksuaalse iha v\u00f5i k\u00f5rge libiido suurendamise, samuti lihasmassi ja j\u00f5u arendamisega. Vanusega hakkab selle meessuguhormooni tase langema, mist\u00f5ttu on nii oluline hoida seda k\u00f5rgemas f\u00fcsioloogilises vahemikus.<\/p>\n<p><strong>Ainult 3 kapslit p\u00e4evas, mis koosneb looduslikest \u00fcrdiekstraktidest ja p\u00f5hilistest mineraalidest, n\u00e4iteks:<\/strong><\/p>\n<ul>\n<li>Toetab loodusliku kasvuhormooni sekretsiooni<\/li>\n<li>Te suurendate oma f\u00fc\u00fcsilise testosterooni taset<\/li>\n<li>Parem tuju<\/li>\n<li>Veelgi parem m\u00e4lu ja keskendumisv\u00f5ime<\/li>\n<li>Suurendab libiido ja \u00fcldist seksuaalset j\u00f5udlust<\/li>\n<li>Parem vastupidavus ja sobivus treenimisel<\/li>\n<li>Suurem anabolism t\u00e4hendab suuremaid lihaseid, rohkem j\u00f5udu ja energiat<\/li>\n<\/ul>\n<h4><strong>Testo Boosteris olevad toimeained<\/strong><\/h4>\n<p><a href=\"https:\/\/fit360.ee\/en\/product-category\/product-groups\/testosterone-boosters-en\/tribulus-en\/\"><strong>Tribulus terrestris<\/strong><\/a>\u00a0on loomne taim, mis kasvab laialdaselt \u00fcle maailma, eriti kuiva kliimaga kohtades. Toode on m\u00f5eldud f\u00fc\u00fcsiliselt aktiivsetele inimestele, kelle eesm\u00e4rk on parandada oma f\u00fc\u00fcsilist ja seksuaalv\u00f5imekust. Tribuluse taime juuri ja viljasid on meditsiinis kasutatud sajandeid ning on tuntud tervist toetavate omaduste poolest.<\/p>\n<p><a href=\"https:\/\/fit360.ee\/en\/product-category\/product-groups\/testosterone-boosters-en\/daa-en\/\"><strong>D -asparagiinhape<\/strong><\/a> suurendab\u00a0<strong>testosteroon<\/strong>i ja\u00a0<strong>luteiniseeriva hormoon<\/strong>i (testosterooni reguleeriv hormoon) taset. Luteiniseeriv hormoon stimuleerib Leydigi rakke, mis p\u00f5hjustab testosterooni teket.<\/p>\n<p><strong>Lambal\u00e4\u00e4tsel<\/strong> on kliiniliste uuringutega leitud kehakompositsiooni parandav, insuliinitundlikkust suurendav ning vaba testosterooni hulka t\u00f5stev toime.<\/p>\n<p><a href=\"https:\/\/fit360.ee\/en\/product-category\/product-groups\/superfoods-health-foods-en\/maca-en\/\"><strong>Maca<\/strong><\/a> parandadab sportlikke saavutusi, t\u00f5stab vitaalsust. Maca tugevdab immuuns\u00fcsteemi, m\u00f5jub antioks\u00fcdatiivselt ning\u00a0 t\u00f5stab toonust ehk m\u00f5jub kroonilise v\u00e4simuse vastu v\u00e4ga h\u00e4sti.\u00a0<strong>Maca<\/strong>\u00a0juur on \u00fclimalt rikas erinevate mineraalainete poolest. Ta sisaldab peaaegu k\u00f5iki vitamiine, aga ka flavonoide, eeterlikke \u00f5lisid ja teisi organismile v\u00e4ga kasulikke aineid.<\/p>\n<p><a href=\"https:\/\/fit360.ee\/en\/product-category\/product-groups\/vitamins-and-minerals-en\/zinc-en\/\"><strong>Tsink<\/strong><\/a> on oluline mineraal, mis osaleb paljudes organismide protsessides. See\u00a0on t\u00e4htis tervislikuks ens\u00fc\u00fcmifunktsiooniks ning m\u00e4ngib rolli ka valgus\u00fcnteesis. Tsink on samuti oluline inimkeas naturaalse testosteroonitaseme hoidmisel. Mitmed uuringud on n\u00e4idanud, et tsingip\u00f5hised toidulisandid v\u00f5ivad t\u00f5sta testosteroonitaset kuni 40%.<\/p>\n<h4><strong>Toote Sisu<\/strong><\/h4>\n<p><strong>Koostisosad<\/strong>: Tribulus terrestris (<em>Tribulus terrestris L<\/em>.) puuviljaekstrakt, mis on standarditud 90% saponiinidel, lambal\u00e4\u00e4tse seemneekstrakt (Trigonella foenum-graecum L.) DER 4: 1, maka juureekstrakt (<em>Lepidium meyenii Walp<\/em>.) DER 10: 1, magneesiumtsitraat (magneesium) ), D-aspraathape (DAA), tsinkpikolinaat (tsink), panaxi \u017een\u0161enni lehtede ja varte ekstrakt (Panax \u017een\u0161enni CA Mey.) &#8211; 20% ginsenosiide, paakumisvastane aine: r\u00e4nidioksiid; p\u00fcridoksiinvesinikkloriid (vit. B6), kapsli kest (\u017eelatiin, vesi, v\u00e4rvid: titaandioksiid, punane raudoksiid, alluurapunane AC *, ko\u0161enillipunane A *, kinoliinkollane *).<\/p>\n<p>* alluurapunane AC, ko\u0161enillipunane A, kinoliinikollane v\u00f5ib avaldada kahjulikku m\u00f5ju laste aktiivsusele ja t\u00e4helepanule.<\/p>\n<p>Toode v\u00f5ib sisaldada piima (sh laktoosi), soja, maap\u00e4hkleid, muid p\u00e4hkleid, seesamiseemneid, kaera, mune, koorikloomi, kalu.<\/p>\n<p><strong>Kasutamine<\/strong>: V\u00f5ta 3 kapslit, \u00fcks kord p\u00e4evas. \u00c4ra \u00fcleta soovitatud p\u00e4eva kogust (3 kapslit).<\/p>\n<p><strong>Pakendi suurus<\/strong> 90 kapslit \u2013 30 serveeringut<\/p>\n<p>Hoiusta kuivas ja jahedas kohas, eemal otsesest p\u00e4evavalgusest.<\/p>\n<p><strong>\u00a0<\/strong><\/p>\n<table>\n<tbody>\n<tr>\n<td width=\"205\"><strong>Aktiivsed toimeained<\/strong><\/td>\n<td width=\"205\"><strong>3 kapslit \u2013 1 serveering (% SPK*)<\/strong><\/td>\n<\/tr>\n<tr>\n<td width=\"205\">Tribulus terrestis ekstrakt standardiseeritud 90% saponiinile<\/td>\n<td width=\"205\">800mg<\/td>\n<\/tr>\n<tr>\n<td width=\"205\"><em>millest<\/em> saponiinid<\/td>\n<td width=\"205\">720mg<\/td>\n<\/tr>\n<tr>\n<td width=\"205\">Lambal\u00e4\u00e4tse ekstrakt 4:1<\/td>\n<td width=\"205\">400mg<\/td>\n<\/tr>\n<tr>\n<td width=\"205\">Maca juure ekstrakt 4:1<\/td>\n<td width=\"205\">200mg<\/td>\n<\/tr>\n<tr>\n<td width=\"205\">D-aspraathape &#8211; DAA<\/td>\n<td width=\"205\">150mg<\/td>\n<\/tr>\n<tr>\n<td width=\"205\">Panax \u017ee\u0161ennijuureekstrakt<\/td>\n<td width=\"205\">40mg<\/td>\n<\/tr>\n<tr>\n<td width=\"205\">millest ginsenosiid 20%<\/td>\n<td width=\"205\">8mg<\/td>\n<\/tr>\n<tr>\n<td width=\"205\">Magneesium<\/td>\n<td width=\"205\">56,25mg (15% SPK)<\/td>\n<\/tr>\n<tr>\n<td width=\"205\">Tsink<\/td>\n<td width=\"205\">10mg (100% SPK)<\/td>\n<\/tr>\n<tr>\n<td width=\"205\">Vitamiin B6<\/td>\n<td width=\"205\">1,4mg (100% SPK<\/td>\n<\/tr>\n<\/tbody>\n<\/table>\n<p>SPK \u2013 Soovitatud p\u00e4evane kogus.<\/p>\n<figure id=\"attachment_50875\" aria-describedby=\"caption-attachment-50875\" style=\"width: 800px\" class=\"wp-caption alignnone\"><a href=\"https:\/\/fit360.ee\/wp-content\/uploads\/2021\/03\/Ostrovit-Testo-booster-testosterooni-tostja-fit360.ee-1-800x800.jpg\"><img loading=\"lazy\" decoding=\"async\" class=\"size-medium wp-image-50875\" src=\"https:\/\/fit360.ee\/wp-content\/uploads\/2021\/03\/Ostrovit-Testo-booster-testosterooni-tostja-fit360.ee-1-800x800.jpg\" alt=\"Ostrovit Testo booster testosterooni t\u00f5stja - fit360.ee\" width=\"800\" height=\"800\" srcset=\"https:\/\/fit360.ee\/wp-content\/uploads\/2021\/03\/Ostrovit-Testo-booster-testosterooni-tostja-fit360.ee-1.jpg 800w, https:\/\/fit360.ee\/wp-content\/uploads\/2021\/03\/Ostrovit-Testo-booster-testosterooni-tostja-fit360.ee-1-247x247.jpg 247w, https:\/\/fit360.ee\/wp-content\/uploads\/2021\/03\/Ostrovit-Testo-booster-testosterooni-tostja-fit360.ee-1-100x100.jpg 100w, https:\/\/fit360.ee\/wp-content\/uploads\/2021\/03\/Ostrovit-Testo-booster-testosterooni-tostja-fit360.ee-1-510x510.jpg 510w, https:\/\/fit360.ee\/wp-content\/uploads\/2021\/03\/Ostrovit-Testo-booster-testosterooni-tostja-fit360.ee-1-340x340.jpg 340w, https:\/\/fit360.ee\/wp-content\/uploads\/2021\/03\/Ostrovit-Testo-booster-testosterooni-tostja-fit360.ee-1-768x768.jpg 768w, https:\/\/fit360.ee\/wp-content\/uploads\/2021\/03\/Ostrovit-Testo-booster-testosterooni-tostja-fit360.ee-1-80x80.jpg 80w\" sizes=\"auto, (max-width: 800px) 100vw, 800px\" \/><\/a><figcaption id=\"caption-attachment-50875\" class=\"wp-caption-text\">Vaata ka meie teisi Testosterooni T\u00f5stjaid <a href=\"https:\/\/fit360.ee\/en\/product-category\/product-groups\/testosterone-boosters-en\/\"><strong>SIIT<\/strong><\/a>!<\/figcaption><\/figure>\n<p>Soovid kaupa osta suuremas koguses? Vaata antud toodet ka meie HULGI poest <strong><a href=\"https:\/\/toidulisandidhulgi.ee\/product\/testo-booster-90caps\/\">SIIT<\/a>!<\/strong><\/p>\n","protected":false},"excerpt":{"rendered":"<h2><strong>TESTO BOOSTER<\/strong>:<\/h2>\n<ul>\n<li>Suurep\u00e4rane kooslus laboratoorselt\u00a0t\u00f5estatud koostisosadest<\/li>\n<li>Suurendab lihas- ja v\u00e4hendab rasvamassi<\/li>\n<li>Parandab vaimset suutlikkust<\/li>\n<li>V\u00e4hendab v\u00e4simustunnet<\/li>\n<li>Optimeerib hormonaaltasakaalu<\/li>\n<li>V\u00e4hendab p\u00f5letikulisi protsesse<\/li>\n<li>Panustab s\u00fcdame veresoonkonna tervisesse.<\/li>\n<li>Parandab libiidot<\/li>\n<\/ul>\n<p>&nbsp;<\/p>\n","protected":false},"featured_media":84385,"comment_status":"open","ping_status":"closed","template":"","meta":[],"product_brand":[],"product_cat":[2712,1329,532,2450],"product_tag":[1924,2713,2714,2715],"giftcard-category":[],"class_list":{"0":"post-50867","1":"product","2":"type-product","3":"status-publish","4":"has-post-thumbnail","6":"product_cat-daa-en","7":"product_cat-ostrovit-en","8":"product_cat-testosterone-boosters-en","9":"product_cat-tribulus-en","10":"product_tag-ostrovit-en","11":"product_tag-testo-booster-en","12":"product_tag-testosterooni-tostja-en","13":"product_tag-testosterooni-tostmine-en","14":"pa_toidulisand-branddd-ostrovit","15":"pa_tootegruppp-daa-en","16":"pa_tootegruppp-testosterone-enhancers","17":"pa_tootegruppp-tribulus-en","19":"first","20":"instock","21":"sale","22":"taxable","23":"shipping-taxable","24":"purchasable","25":"product-type-simple"},"yoast_head":"<!-- This site is optimized with the Yoast SEO plugin v27.3 - https:\/\/yoast.com\/product\/yoast-seo-wordpress\/ -->\n<title>Testo Booster (90caps) - Testosterooni T\u00f5stja - Kiire Tarne - Fit360<\/title>\n<meta name=\"description\" content=\"Testo Booster Ostrovit on toidulisand, mis spetsiaalselt v\u00e4lja t\u00f6\u00f6tatud valemiga soodustab Teie testosterooni taseme t\u00f5usu.\u00a0 Kiire Tarne!\" \/>\n<meta name=\"robots\" content=\"index, follow, max-snippet:-1, max-image-preview:large, max-video-preview:-1\" \/>\n<link rel=\"canonical\" href=\"https:\/\/fit360.ee\/en\/pood\/product-groups\/testosterone-boosters-en\/tribulus-en\/testo-booster-90caps\/\" \/>\n<meta property=\"og:locale\" content=\"en_US\" \/>\n<meta property=\"og:type\" content=\"article\" \/>\n<meta property=\"og:title\" content=\"Testo Booster (90caps) - Testosterooni T\u00f5stja - Kiire Tarne - Fit360\" \/>\n<meta property=\"og:description\" content=\"Testo Booster Ostrovit on toidulisand, mis spetsiaalselt v\u00e4lja t\u00f6\u00f6tatud valemiga soodustab Teie testosterooni taseme t\u00f5usu.\u00a0 Kiire Tarne!\" \/>\n<meta property=\"og:url\" content=\"https:\/\/fit360.ee\/en\/pood\/product-groups\/testosterone-boosters-en\/tribulus-en\/testo-booster-90caps\/\" \/>\n<meta property=\"og:site_name\" content=\"Fit360\" \/>\n<meta property=\"article:modified_time\" content=\"2026-04-13T11:43:01+00:00\" \/>\n<meta property=\"og:image\" content=\"https:\/\/fit360.ee\/wp-content\/uploads\/2021\/03\/ostrovit-testo-booster-fit360.ee_.jpg\" \/>\n\t<meta property=\"og:image:width\" content=\"800\" \/>\n\t<meta property=\"og:image:height\" content=\"800\" \/>\n\t<meta property=\"og:image:type\" content=\"image\/jpeg\" \/>\n<meta name=\"twitter:card\" content=\"summary_large_image\" \/>\n<meta name=\"twitter:label1\" content=\"Est. reading time\" \/>\n\t<meta name=\"twitter:data1\" content=\"3 minutes\" \/>\n<script type=\"application\/ld+json\" class=\"yoast-schema-graph\">{\"@context\":\"https:\\\/\\\/schema.org\",\"@graph\":[{\"@type\":\"WebPage\",\"@id\":\"https:\\\/\\\/fit360.ee\\\/en\\\/pood\\\/product-groups\\\/testosterone-boosters-en\\\/tribulus-en\\\/testo-booster-90caps\\\/\",\"url\":\"https:\\\/\\\/fit360.ee\\\/en\\\/pood\\\/product-groups\\\/testosterone-boosters-en\\\/tribulus-en\\\/testo-booster-90caps\\\/\",\"name\":\"Testo Booster (90caps) - Testosterooni T\u00f5stja - Kiire Tarne - Fit360\",\"isPartOf\":{\"@id\":\"https:\\\/\\\/fit360.ee\\\/en\\\/#website\"},\"primaryImageOfPage\":{\"@id\":\"https:\\\/\\\/fit360.ee\\\/en\\\/pood\\\/product-groups\\\/testosterone-boosters-en\\\/tribulus-en\\\/testo-booster-90caps\\\/#primaryimage\"},\"image\":{\"@id\":\"https:\\\/\\\/fit360.ee\\\/en\\\/pood\\\/product-groups\\\/testosterone-boosters-en\\\/tribulus-en\\\/testo-booster-90caps\\\/#primaryimage\"},\"thumbnailUrl\":\"https:\\\/\\\/fit360.ee\\\/wp-content\\\/uploads\\\/2021\\\/03\\\/ostrovit-testo-booster-fit360.ee_.jpg\",\"datePublished\":\"2021-03-05T14:52:44+00:00\",\"dateModified\":\"2026-04-13T11:43:01+00:00\",\"description\":\"Testo Booster Ostrovit on toidulisand, mis spetsiaalselt v\u00e4lja t\u00f6\u00f6tatud valemiga soodustab Teie testosterooni taseme t\u00f5usu.\u00a0 Kiire Tarne!\",\"breadcrumb\":{\"@id\":\"https:\\\/\\\/fit360.ee\\\/en\\\/pood\\\/product-groups\\\/testosterone-boosters-en\\\/tribulus-en\\\/testo-booster-90caps\\\/#breadcrumb\"},\"inLanguage\":\"en-US\",\"potentialAction\":[{\"@type\":\"ReadAction\",\"target\":[\"https:\\\/\\\/fit360.ee\\\/en\\\/pood\\\/product-groups\\\/testosterone-boosters-en\\\/tribulus-en\\\/testo-booster-90caps\\\/\"]}]},{\"@type\":\"ImageObject\",\"inLanguage\":\"en-US\",\"@id\":\"https:\\\/\\\/fit360.ee\\\/en\\\/pood\\\/product-groups\\\/testosterone-boosters-en\\\/tribulus-en\\\/testo-booster-90caps\\\/#primaryimage\",\"url\":\"https:\\\/\\\/fit360.ee\\\/wp-content\\\/uploads\\\/2021\\\/03\\\/ostrovit-testo-booster-fit360.ee_.jpg\",\"contentUrl\":\"https:\\\/\\\/fit360.ee\\\/wp-content\\\/uploads\\\/2021\\\/03\\\/ostrovit-testo-booster-fit360.ee_.jpg\",\"width\":800,\"height\":800,\"caption\":\"ostrovit testo booster - fit360.ee\"},{\"@type\":\"BreadcrumbList\",\"@id\":\"https:\\\/\\\/fit360.ee\\\/en\\\/pood\\\/product-groups\\\/testosterone-boosters-en\\\/tribulus-en\\\/testo-booster-90caps\\\/#breadcrumb\",\"itemListElement\":[{\"@type\":\"ListItem\",\"position\":1,\"name\":\"Home\",\"item\":\"https:\\\/\\\/fit360.ee\\\/en\\\/\"},{\"@type\":\"ListItem\",\"position\":2,\"name\":\"Shop\",\"item\":\"https:\\\/\\\/fit360.ee\\\/en\\\/shop\\\/\"},{\"@type\":\"ListItem\",\"position\":3,\"name\":\"Testo Booster (90caps)\"}]},{\"@type\":\"WebSite\",\"@id\":\"https:\\\/\\\/fit360.ee\\\/en\\\/#website\",\"url\":\"https:\\\/\\\/fit360.ee\\\/en\\\/\",\"name\":\"Fit360\",\"description\":\"\",\"publisher\":{\"@id\":\"https:\\\/\\\/fit360.ee\\\/en\\\/#organization\"},\"potentialAction\":[{\"@type\":\"SearchAction\",\"target\":{\"@type\":\"EntryPoint\",\"urlTemplate\":\"https:\\\/\\\/fit360.ee\\\/en\\\/?s={search_term_string}\"},\"query-input\":{\"@type\":\"PropertyValueSpecification\",\"valueRequired\":true,\"valueName\":\"search_term_string\"}}],\"inLanguage\":\"en-US\"},{\"@type\":\"Organization\",\"@id\":\"https:\\\/\\\/fit360.ee\\\/en\\\/#organization\",\"name\":\"Fit360\",\"url\":\"https:\\\/\\\/fit360.ee\\\/en\\\/\",\"logo\":{\"@type\":\"ImageObject\",\"inLanguage\":\"en-US\",\"@id\":\"https:\\\/\\\/fit360.ee\\\/en\\\/#\\\/schema\\\/logo\\\/image\\\/\",\"url\":\"https:\\\/\\\/fit360.ee\\\/wp-content\\\/uploads\\\/2017\\\/01\\\/logo-fit360.png\",\"contentUrl\":\"https:\\\/\\\/fit360.ee\\\/wp-content\\\/uploads\\\/2017\\\/01\\\/logo-fit360.png\",\"width\":180,\"height\":66,\"caption\":\"Fit360\"},\"image\":{\"@id\":\"https:\\\/\\\/fit360.ee\\\/en\\\/#\\\/schema\\\/logo\\\/image\\\/\"}}]}<\/script>\n<!-- \/ Yoast SEO plugin. -->","yoast_head_json":{"title":"Testo Booster (90caps) - Testosterooni T\u00f5stja - Kiire Tarne - Fit360","description":"Testo Booster Ostrovit on toidulisand, mis spetsiaalselt v\u00e4lja t\u00f6\u00f6tatud valemiga soodustab Teie testosterooni taseme t\u00f5usu.\u00a0 Kiire Tarne!","robots":{"index":"index","follow":"follow","max-snippet":"max-snippet:-1","max-image-preview":"max-image-preview:large","max-video-preview":"max-video-preview:-1"},"canonical":"https:\/\/fit360.ee\/en\/pood\/product-groups\/testosterone-boosters-en\/tribulus-en\/testo-booster-90caps\/","og_locale":"en_US","og_type":"article","og_title":"Testo Booster (90caps) - Testosterooni T\u00f5stja - Kiire Tarne - Fit360","og_description":"Testo Booster Ostrovit on toidulisand, mis spetsiaalselt v\u00e4lja t\u00f6\u00f6tatud valemiga soodustab Teie testosterooni taseme t\u00f5usu.\u00a0 Kiire Tarne!","og_url":"https:\/\/fit360.ee\/en\/pood\/product-groups\/testosterone-boosters-en\/tribulus-en\/testo-booster-90caps\/","og_site_name":"Fit360","article_modified_time":"2026-04-13T11:43:01+00:00","og_image":[{"width":800,"height":800,"url":"https:\/\/fit360.ee\/wp-content\/uploads\/2021\/03\/ostrovit-testo-booster-fit360.ee_.jpg","type":"image\/jpeg"}],"twitter_card":"summary_large_image","twitter_misc":{"Est. reading time":"3 minutes"},"schema":{"@context":"https:\/\/schema.org","@graph":[{"@type":"WebPage","@id":"https:\/\/fit360.ee\/en\/pood\/product-groups\/testosterone-boosters-en\/tribulus-en\/testo-booster-90caps\/","url":"https:\/\/fit360.ee\/en\/pood\/product-groups\/testosterone-boosters-en\/tribulus-en\/testo-booster-90caps\/","name":"Testo Booster (90caps) - Testosterooni T\u00f5stja - Kiire Tarne - Fit360","isPartOf":{"@id":"https:\/\/fit360.ee\/en\/#website"},"primaryImageOfPage":{"@id":"https:\/\/fit360.ee\/en\/pood\/product-groups\/testosterone-boosters-en\/tribulus-en\/testo-booster-90caps\/#primaryimage"},"image":{"@id":"https:\/\/fit360.ee\/en\/pood\/product-groups\/testosterone-boosters-en\/tribulus-en\/testo-booster-90caps\/#primaryimage"},"thumbnailUrl":"https:\/\/fit360.ee\/wp-content\/uploads\/2021\/03\/ostrovit-testo-booster-fit360.ee_.jpg","datePublished":"2021-03-05T14:52:44+00:00","dateModified":"2026-04-13T11:43:01+00:00","description":"Testo Booster Ostrovit on toidulisand, mis spetsiaalselt v\u00e4lja t\u00f6\u00f6tatud valemiga soodustab Teie testosterooni taseme t\u00f5usu.\u00a0 Kiire Tarne!","breadcrumb":{"@id":"https:\/\/fit360.ee\/en\/pood\/product-groups\/testosterone-boosters-en\/tribulus-en\/testo-booster-90caps\/#breadcrumb"},"inLanguage":"en-US","potentialAction":[{"@type":"ReadAction","target":["https:\/\/fit360.ee\/en\/pood\/product-groups\/testosterone-boosters-en\/tribulus-en\/testo-booster-90caps\/"]}]},{"@type":"ImageObject","inLanguage":"en-US","@id":"https:\/\/fit360.ee\/en\/pood\/product-groups\/testosterone-boosters-en\/tribulus-en\/testo-booster-90caps\/#primaryimage","url":"https:\/\/fit360.ee\/wp-content\/uploads\/2021\/03\/ostrovit-testo-booster-fit360.ee_.jpg","contentUrl":"https:\/\/fit360.ee\/wp-content\/uploads\/2021\/03\/ostrovit-testo-booster-fit360.ee_.jpg","width":800,"height":800,"caption":"ostrovit testo booster - fit360.ee"},{"@type":"BreadcrumbList","@id":"https:\/\/fit360.ee\/en\/pood\/product-groups\/testosterone-boosters-en\/tribulus-en\/testo-booster-90caps\/#breadcrumb","itemListElement":[{"@type":"ListItem","position":1,"name":"Home","item":"https:\/\/fit360.ee\/en\/"},{"@type":"ListItem","position":2,"name":"Shop","item":"https:\/\/fit360.ee\/en\/shop\/"},{"@type":"ListItem","position":3,"name":"Testo Booster (90caps)"}]},{"@type":"WebSite","@id":"https:\/\/fit360.ee\/en\/#website","url":"https:\/\/fit360.ee\/en\/","name":"Fit360","description":"","publisher":{"@id":"https:\/\/fit360.ee\/en\/#organization"},"potentialAction":[{"@type":"SearchAction","target":{"@type":"EntryPoint","urlTemplate":"https:\/\/fit360.ee\/en\/?s={search_term_string}"},"query-input":{"@type":"PropertyValueSpecification","valueRequired":true,"valueName":"search_term_string"}}],"inLanguage":"en-US"},{"@type":"Organization","@id":"https:\/\/fit360.ee\/en\/#organization","name":"Fit360","url":"https:\/\/fit360.ee\/en\/","logo":{"@type":"ImageObject","inLanguage":"en-US","@id":"https:\/\/fit360.ee\/en\/#\/schema\/logo\/image\/","url":"https:\/\/fit360.ee\/wp-content\/uploads\/2017\/01\/logo-fit360.png","contentUrl":"https:\/\/fit360.ee\/wp-content\/uploads\/2017\/01\/logo-fit360.png","width":180,"height":66,"caption":"Fit360"},"image":{"@id":"https:\/\/fit360.ee\/en\/#\/schema\/logo\/image\/"}}]}},"_links":{"self":[{"href":"https:\/\/fit360.ee\/en\/wp-json\/wp\/v2\/product\/50867","targetHints":{"allow":["GET"]}}],"collection":[{"href":"https:\/\/fit360.ee\/en\/wp-json\/wp\/v2\/product"}],"about":[{"href":"https:\/\/fit360.ee\/en\/wp-json\/wp\/v2\/types\/product"}],"replies":[{"embeddable":true,"href":"https:\/\/fit360.ee\/en\/wp-json\/wp\/v2\/comments?post=50867"}],"wp:featuredmedia":[{"embeddable":true,"href":"https:\/\/fit360.ee\/en\/wp-json\/wp\/v2\/media\/84385"}],"wp:attachment":[{"href":"https:\/\/fit360.ee\/en\/wp-json\/wp\/v2\/media?parent=50867"}],"wp:term":[{"taxonomy":"product_brand","embeddable":true,"href":"https:\/\/fit360.ee\/en\/wp-json\/wp\/v2\/product_brand?post=50867"},{"taxonomy":"product_cat","embeddable":true,"href":"https:\/\/fit360.ee\/en\/wp-json\/wp\/v2\/product_cat?post=50867"},{"taxonomy":"product_tag","embeddable":true,"href":"https:\/\/fit360.ee\/en\/wp-json\/wp\/v2\/product_tag?post=50867"},{"taxonomy":"giftcard-category","embeddable":true,"href":"https:\/\/fit360.ee\/en\/wp-json\/wp\/v2\/giftcard-category?post=50867"}],"curies":[{"name":"wp","href":"https:\/\/api.w.org\/{rel}","templated":true}]}}