{"id":50941,"date":"2021-03-06T15:41:16","date_gmt":"2021-03-06T13:41:16","guid":{"rendered":"https:\/\/fit360.ee\/pood\/uncategorized\/braintus-focus-90caps\/"},"modified":"2026-02-10T15:51:26","modified_gmt":"2026-02-10T13:51:26","slug":"braintus-focus-90caps","status":"publish","type":"product","link":"https:\/\/fit360.ee\/en\/pood\/product-groups\/superfoods-health-foods-en\/ashwagandha-en\/braintus-focus-90caps\/","title":{"rendered":"Braintus Focus (90caps)"},"content":{"rendered":"<h1>Braintus Focus<\/h1>\n<p><strong>OstroVit Braintus Focus<\/strong> on toidulisand, mille toimeained toetavad aju \u00f5iget t\u00f6\u00f6d. <strong>OstroVit Braintus Focus<\/strong>e valem sisaldab koguni<strong>\u00a09 hoolikalt valitud toimeainet<\/strong>, mis aitavad teil m\u00e4lu ergutada, korralikult kontsentreeruda ja energiat saada.<br \/>\n\u00d5ppige neid paremini tundma ja kasutage uusi v\u00f5imalusi.<\/p>\n<p><strong>Mis on OstroVit Braintus Focus?<\/strong><\/p>\n<p><strong>OstroVit Braintus Focus<\/strong>\u00a0on kaasaegne toidulisand. See on m\u00f5eldud eriti\u00a0<strong>inimestele, kes vajavad terviklikku meele stimuleerimist<\/strong>. Uuenduslik koostis sisaldab 9 toimeainet, mis toetavad organismi \u00f5iget t\u00f6\u00f6d v\u00f5tmepiirkondades.<\/p>\n<p><strong>Braintus Focus<\/strong>:<\/p>\n<ul>\n<li>Sisaldab parima kvaliteediga koostisosi &#8211; vastavalt Euroopa Liidus kehtivatele normidele ja standarditele<\/li>\n<li>On laboris ohutu kasutamise osas testitud<\/li>\n<li>On kergesti neelatavate kapslite kujul &#8211; pakend sisaldab 90 kapslit 30-p\u00e4evase kuuri jaoks<\/li>\n<\/ul>\n<h3><strong>Kellele on m\u00f5eldud OstroVit Braintus Focus?<\/strong><\/h3>\n<p>OstroVit Braintus Focus on kindlasti vajalik toode, kui soovite teha j\u00e4rgmist:<\/p>\n<ul>\n<li>Parandab keskendumisv\u00f5imet &#8211; et saaksite t\u00f5husamalt omandada uut teavet ja paremini toime tulla t\u00f6\u00f6- ja eraelus<\/li>\n<li>nautige energiat, et j\u00e4tkata &#8211; nii et pikad ja tegusad p\u00e4evad pole enam teie mureks<\/li>\n<li>Aitab \u00f5ppida t\u00f5husamalt ja rohkem meelde j\u00e4tta<\/li>\n<li>Aitab paremini toime tulla stressiga<\/li>\n<li>Aitab parandada oma meeleolu<\/li>\n<\/ul>\n<p>Valemi toimeained toetavad organismi \u00f5iget t\u00f6\u00f6d k\u00f5igis \u00fclalnimetatud piirkondades.<\/p>\n<h4><strong>Valem on v\u00e4lja t\u00f6\u00f6tatud vaimset stimulatsiooni silmas pidades.<\/strong><\/h4>\n<p><strong>OstroVit Braintus Focus<\/strong>\u00a0koosneb koguni 9 toimeainest, mis loomulikult toetavad teie meele \u00f5iget t\u00f6\u00f6d.<\/p>\n<ul>\n<li><strong>Guaraanaseemne ekstrakt<\/strong>. See on kofeiini looduslik allikas. See aitab v\u00e4hendada f\u00fc\u00fcsilist ja vaimset v\u00e4simust ning toetab igak\u00fclgselt teie aju t\u00f6\u00f6d. See aitab teil parandada m\u00e4lu ja keskendumisv\u00f5imet ning suurendada energiat.<\/li>\n<li><a href=\"https:\/\/fit360.ee\/en\/product-category\/product-groups\/amino-acids-bcaa\/tyrosine-en\/\"><strong>L-t\u00fcrosiin<\/strong><\/a>. See toetab organismi prokognitiivseid funktsioone, see t\u00e4hendab keskendumist, m\u00e4lu ja uue teabe hankimist. See aitab teil v\u00e4hendada f\u00fc\u00fcsilise ja vaimse v\u00e4simuse, samuti kroonilise stressi ja kurnatuse tagaj\u00e4rgi.<\/li>\n<li><strong>L-teaniin<\/strong>. See suurendab keskendumist ja l\u00f5\u00f5gastumist. See viib stressi v\u00e4henemiseni, mis v\u00f5ib n\u00e4iteks kaasneda rasket \u00f5ppimist v\u00f5i t\u00e4htsa uuringu jaoks toppimist.<\/li>\n<li><a href=\"https:\/\/fit360.ee\/en\/?post_type=product&#038;p=50205\"><strong>Vesisoopi (Bacopa Monnieri) ekstrakt<\/strong>.<\/a> See toetab igak\u00fclgselt aju kognitiivseid funktsioone, see t\u00e4hendab m\u00e4lu, keskendumisv\u00f5imet ja teabe omandamise oskusi. See aitab teil v\u00e4hendada stressi m\u00f5ju, kui teete palju f\u00fc\u00fcsilist pingutust. See on looduslik antioks\u00fcdant, mis kaitseb teid vabade radikaalide eest.<\/li>\n<li><a href=\"https:\/\/fit360.ee\/en\/product-category\/product-groups\/superfoods-health-foods-en\/ashwagandha-en\/\"><strong>Ashwagandha juureekstrakt<\/strong><\/a>. Ashwagandhat on Ayurvedas kasutatud juba l\u00e4bi aegade. See h\u00f5lbustab meeldej\u00e4tmist ja viivitab vananemisprotsessi.<\/li>\n<li><a href=\"https:\/\/fit360.ee\/en\/product-category\/product-groups\/vitamins-and-minerals-en\/rhodiola-rosea-en\/\"><strong>Rhodiola rosea\u00a0juureekstrakt<\/strong><\/a>. See suurendab aju kognitiivseid protsesse, eriti m\u00e4lu ja keskendumisv\u00f5imet, samuti aitab teil piirata negatiivset reaktsiooni stressile.<\/li>\n<li><strong>Koliini bitartraat<\/strong>. See aitab teil heas tujus p\u00fcsida ja toetab meeldej\u00e4tmist. See soodustab organismi v\u00f5\u00f5rutust.<\/li>\n<li><strong>\u017den\u0161enni juureekstrakt<\/strong>. See m\u00f5jutab positiivselt \u00f5ppimist ja meeldej\u00e4tmist. See kaitseb teid ka stressi eest.<\/li>\n<li><strong>Vitamiin B6<\/strong>. See m\u00f5jutab v\u00e4simuse ja v\u00e4simuse v\u00e4henemist ning toetab n\u00e4rvis\u00fcsteemi ja vaimsete funktsioonide \u00f5iget toimimist.<\/li>\n<\/ul>\n<h4><strong>Mida see t\u00e4psemalt sisaldab?<\/strong><\/h4>\n<p><strong>Koostisosad<\/strong>: kapsli \u00fcmbris(t\u00e4idisena: h\u00fcdroks\u00fcprop\u00fc\u00fclmet\u00fc\u00fcltselluloos), guaraanaseemneekstrakt (22% kofeiini &#8211; 55 mg), L-t\u00fcrosiin, L-t\u00fcrosiin, Bacopa ekstrakt (50% bakosiide), Ashwagandha juureekstrakt (7,2% koos ananoliididega, 1% alkaloidid ja 0,25% vitaferiin A), Rhodiola rosea juureekstrakt (1% salidroosiide), koliinibitartraat, \u017een\u0161enni juureekstrakt (20% ginsenoside), vitamiin B6 (p\u00fcridoksaal 5&#8242;-P-5-P-fosfaat).<\/p>\n<p><strong>Kasutamine<\/strong>: 3 kapslit p\u00e4evas koos veega<\/p>\n<p><strong>Suurus<\/strong>: 90 kapslit &#8211; 30 serveeringut<\/p>\n<table>\n<tbody>\n<tr>\n<th>Aktiivsed toimeained<\/th>\n<th>1 serveering (3 kapslit)<\/th>\n<th>% SPK*<\/th>\n<\/tr>\n<tr>\n<td>Guaraanaseemne ekstrakt<\/td>\n<td>250 mg<\/td>\n<td>&#8211;<\/td>\n<\/tr>\n<tr>\n<td>&#8211; sealhulgas 22% kofeiini<\/td>\n<td>55 mg<\/td>\n<td>&#8211;<\/td>\n<\/tr>\n<tr>\n<td>L-t\u00fcrosiin<\/td>\n<td>200 mg<\/td>\n<td>&#8211;<\/td>\n<\/tr>\n<tr>\n<td>L-teaniin<\/td>\n<td>200 mg<\/td>\n<td>&#8211;<\/td>\n<\/tr>\n<tr>\n<td>Bacopa ekstrakt (50% bakosiide)<\/td>\n<td>150 mg<\/td>\n<td>&#8211;<\/td>\n<\/tr>\n<tr>\n<td>Ashwagandha juureekstrakt<\/td>\n<td>135 mg<\/td>\n<td>&#8211;<\/td>\n<\/tr>\n<tr>\n<td>Rhodiola rosea juureekstrakt (1% salidroside)<\/td>\n<td>100 mg<\/td>\n<td>&#8211;<\/td>\n<\/tr>\n<tr>\n<td>Koliini bitartraat<\/td>\n<td>100 mg<\/td>\n<td>&#8211;<\/td>\n<\/tr>\n<tr>\n<td>\u017den\u0161enni juureekstrakt (20% ginsenoside)<\/td>\n<td>100 mg<\/td>\n<td>&#8211;<\/td>\n<\/tr>\n<tr>\n<td>Vitamiin B6 (p\u00fcridoksaal-5&#8242;-fosfaat P-5-P)<\/td>\n<td>18 mg<\/td>\n<td>1268%<\/td>\n<\/tr>\n<\/tbody>\n<\/table>\n<p>* SPK \u2013 Soovitatud p\u00e4evane kogus.<\/p>\n<p>Vaata ka teisi Aju Tegevust toetavaid toidulisandeid <a href=\"https:\/\/fit360.ee\/en\/product-category\/product-groups\/brain-support-nootropics-en\/\"><strong>SIIT<\/strong><\/a>!<\/p>\n<p>Soovid kaupa osta suuremas koguses? Vaata antud toodet ka meie HULGI lehelt <a href=\"https:\/\/toidulisandidhulgi.ee\/product\/braintus-focus-90caps\/\"><strong>SIIT<\/strong><\/a>!<\/p>\n","protected":false},"excerpt":{"rendered":"<h2>OstroVit Braintus Focus:<\/h2>\n<ul>\n<li>Parandab keskendumisv\u00f5imet &#8211; et saaksite t\u00f5husamalt omandada uut teavet ja paremini toime tulla t\u00f6\u00f6- ja eraelus<\/li>\n<li>nautige energiat, et j\u00e4tkata &#8211; nii et pikad ja tegusad p\u00e4evad pole enam teie mureks<\/li>\n<li>Aitab \u00f5ppida t\u00f5husamalt ja rohkem meelde j\u00e4tta<\/li>\n<li>Aitab paremini toime tulla stressiga<\/li>\n<li>Aitab parandada oma meeleolu<\/li>\n<\/ul>\n","protected":false},"featured_media":84387,"comment_status":"closed","ping_status":"closed","template":"","meta":[],"product_brand":[],"product_cat":[2347,2485,1329,2291,1454,2327,536],"product_tag":[2719,1924,2720],"giftcard-category":[],"class_list":{"0":"post-50941","1":"product","2":"type-product","3":"status-publish","4":"has-post-thumbnail","6":"product_cat-ashwagandha-en","7":"product_cat-brain-support-nootropics-en","8":"product_cat-ostrovit-en","9":"product_cat-rhodiola-rosea-en","10":"product_cat-superfoods-health-foods-en","11":"product_cat-tyrosine-en","12":"product_cat-vitamins-and-minerals-en","13":"product_tag-braintus-focus-en","14":"product_tag-ostrovit-en","15":"product_tag-ostrovit-braintus-focus-en","16":"pa_toidulisand-branddd-ostrovit","17":"pa_tootegruppp-aju-tegevus-nootropics-en","18":"pa_tootegruppp-ashwagandha-en","19":"pa_tootegruppp-rhodiola-rosea-en","20":"pa_tootegruppp-supertoit-tervisetoit-en","21":"pa_tootegruppp-turosiin-en","23":"first","24":"instock","25":"sale","26":"taxable","27":"shipping-taxable","28":"purchasable","29":"product-type-simple"},"yoast_head":"<!-- This site is optimized with the Yoast SEO plugin v27.3 - https:\/\/yoast.com\/product\/yoast-seo-wordpress\/ -->\n<title>Braintus Focus (90caps) - Aju T\u00f6\u00f6 - Kiire Tarne - Nootropics - Fit360<\/title>\n<meta name=\"description\" content=\"Braintus Focus\u00a0on on m\u00f5eldud eriti\u00a0inimestele, kes vajavad terviklikku meele stimuleerimist. Uuenduslik koostis sisaldab 9 toimeainet.\" \/>\n<meta name=\"robots\" content=\"index, follow, max-snippet:-1, max-image-preview:large, max-video-preview:-1\" \/>\n<link rel=\"canonical\" href=\"https:\/\/fit360.ee\/en\/pood\/product-groups\/superfoods-health-foods-en\/ashwagandha-en\/braintus-focus-90caps\/\" \/>\n<meta property=\"og:locale\" content=\"en_US\" \/>\n<meta property=\"og:type\" content=\"article\" \/>\n<meta property=\"og:title\" content=\"Braintus Focus (90caps) - Aju T\u00f6\u00f6 - Kiire Tarne - Nootropics - Fit360\" \/>\n<meta property=\"og:description\" content=\"Braintus Focus\u00a0on on m\u00f5eldud eriti\u00a0inimestele, kes vajavad terviklikku meele stimuleerimist. Uuenduslik koostis sisaldab 9 toimeainet.\" \/>\n<meta property=\"og:url\" content=\"https:\/\/fit360.ee\/en\/pood\/product-groups\/superfoods-health-foods-en\/ashwagandha-en\/braintus-focus-90caps\/\" \/>\n<meta property=\"og:site_name\" content=\"Fit360\" \/>\n<meta property=\"article:modified_time\" content=\"2026-02-10T13:51:26+00:00\" \/>\n<meta property=\"og:image\" content=\"https:\/\/fit360.ee\/wp-content\/uploads\/2021\/03\/ostrovit-braintus-focus-fit360.ee-1.png\" \/>\n\t<meta property=\"og:image:width\" content=\"450\" \/>\n\t<meta property=\"og:image:height\" content=\"450\" \/>\n\t<meta property=\"og:image:type\" content=\"image\/png\" \/>\n<meta name=\"twitter:card\" content=\"summary_large_image\" \/>\n<meta name=\"twitter:label1\" content=\"Est. reading time\" \/>\n\t<meta name=\"twitter:data1\" content=\"3 minutes\" \/>\n<script type=\"application\/ld+json\" class=\"yoast-schema-graph\">{\"@context\":\"https:\\\/\\\/schema.org\",\"@graph\":[{\"@type\":\"WebPage\",\"@id\":\"https:\\\/\\\/fit360.ee\\\/en\\\/pood\\\/product-groups\\\/superfoods-health-foods-en\\\/ashwagandha-en\\\/braintus-focus-90caps\\\/\",\"url\":\"https:\\\/\\\/fit360.ee\\\/en\\\/pood\\\/product-groups\\\/superfoods-health-foods-en\\\/ashwagandha-en\\\/braintus-focus-90caps\\\/\",\"name\":\"Braintus Focus (90caps) - Aju T\u00f6\u00f6 - Kiire Tarne - Nootropics - Fit360\",\"isPartOf\":{\"@id\":\"https:\\\/\\\/fit360.ee\\\/en\\\/#website\"},\"primaryImageOfPage\":{\"@id\":\"https:\\\/\\\/fit360.ee\\\/en\\\/pood\\\/product-groups\\\/superfoods-health-foods-en\\\/ashwagandha-en\\\/braintus-focus-90caps\\\/#primaryimage\"},\"image\":{\"@id\":\"https:\\\/\\\/fit360.ee\\\/en\\\/pood\\\/product-groups\\\/superfoods-health-foods-en\\\/ashwagandha-en\\\/braintus-focus-90caps\\\/#primaryimage\"},\"thumbnailUrl\":\"https:\\\/\\\/fit360.ee\\\/wp-content\\\/uploads\\\/2021\\\/03\\\/ostrovit-braintus-focus-fit360.ee-1.png\",\"datePublished\":\"2021-03-06T13:41:16+00:00\",\"dateModified\":\"2026-02-10T13:51:26+00:00\",\"description\":\"Braintus Focus\u00a0on on m\u00f5eldud eriti\u00a0inimestele, kes vajavad terviklikku meele stimuleerimist. Uuenduslik koostis sisaldab 9 toimeainet.\",\"breadcrumb\":{\"@id\":\"https:\\\/\\\/fit360.ee\\\/en\\\/pood\\\/product-groups\\\/superfoods-health-foods-en\\\/ashwagandha-en\\\/braintus-focus-90caps\\\/#breadcrumb\"},\"inLanguage\":\"en-US\",\"potentialAction\":[{\"@type\":\"ReadAction\",\"target\":[\"https:\\\/\\\/fit360.ee\\\/en\\\/pood\\\/product-groups\\\/superfoods-health-foods-en\\\/ashwagandha-en\\\/braintus-focus-90caps\\\/\"]}]},{\"@type\":\"ImageObject\",\"inLanguage\":\"en-US\",\"@id\":\"https:\\\/\\\/fit360.ee\\\/en\\\/pood\\\/product-groups\\\/superfoods-health-foods-en\\\/ashwagandha-en\\\/braintus-focus-90caps\\\/#primaryimage\",\"url\":\"https:\\\/\\\/fit360.ee\\\/wp-content\\\/uploads\\\/2021\\\/03\\\/ostrovit-braintus-focus-fit360.ee-1.png\",\"contentUrl\":\"https:\\\/\\\/fit360.ee\\\/wp-content\\\/uploads\\\/2021\\\/03\\\/ostrovit-braintus-focus-fit360.ee-1.png\",\"width\":450,\"height\":450,\"caption\":\"ostrovit braintus focus - fit360.ee\"},{\"@type\":\"BreadcrumbList\",\"@id\":\"https:\\\/\\\/fit360.ee\\\/en\\\/pood\\\/product-groups\\\/superfoods-health-foods-en\\\/ashwagandha-en\\\/braintus-focus-90caps\\\/#breadcrumb\",\"itemListElement\":[{\"@type\":\"ListItem\",\"position\":1,\"name\":\"Home\",\"item\":\"https:\\\/\\\/fit360.ee\\\/en\\\/\"},{\"@type\":\"ListItem\",\"position\":2,\"name\":\"Shop\",\"item\":\"https:\\\/\\\/fit360.ee\\\/en\\\/shop\\\/\"},{\"@type\":\"ListItem\",\"position\":3,\"name\":\"Braintus Focus (90caps)\"}]},{\"@type\":\"WebSite\",\"@id\":\"https:\\\/\\\/fit360.ee\\\/en\\\/#website\",\"url\":\"https:\\\/\\\/fit360.ee\\\/en\\\/\",\"name\":\"Fit360\",\"description\":\"\",\"publisher\":{\"@id\":\"https:\\\/\\\/fit360.ee\\\/en\\\/#organization\"},\"potentialAction\":[{\"@type\":\"SearchAction\",\"target\":{\"@type\":\"EntryPoint\",\"urlTemplate\":\"https:\\\/\\\/fit360.ee\\\/en\\\/?s={search_term_string}\"},\"query-input\":{\"@type\":\"PropertyValueSpecification\",\"valueRequired\":true,\"valueName\":\"search_term_string\"}}],\"inLanguage\":\"en-US\"},{\"@type\":\"Organization\",\"@id\":\"https:\\\/\\\/fit360.ee\\\/en\\\/#organization\",\"name\":\"Fit360\",\"url\":\"https:\\\/\\\/fit360.ee\\\/en\\\/\",\"logo\":{\"@type\":\"ImageObject\",\"inLanguage\":\"en-US\",\"@id\":\"https:\\\/\\\/fit360.ee\\\/en\\\/#\\\/schema\\\/logo\\\/image\\\/\",\"url\":\"https:\\\/\\\/fit360.ee\\\/wp-content\\\/uploads\\\/2017\\\/01\\\/logo-fit360.png\",\"contentUrl\":\"https:\\\/\\\/fit360.ee\\\/wp-content\\\/uploads\\\/2017\\\/01\\\/logo-fit360.png\",\"width\":180,\"height\":66,\"caption\":\"Fit360\"},\"image\":{\"@id\":\"https:\\\/\\\/fit360.ee\\\/en\\\/#\\\/schema\\\/logo\\\/image\\\/\"}}]}<\/script>\n<!-- \/ Yoast SEO plugin. -->","yoast_head_json":{"title":"Braintus Focus (90caps) - Aju T\u00f6\u00f6 - Kiire Tarne - Nootropics - Fit360","description":"Braintus Focus\u00a0on on m\u00f5eldud eriti\u00a0inimestele, kes vajavad terviklikku meele stimuleerimist. Uuenduslik koostis sisaldab 9 toimeainet.","robots":{"index":"index","follow":"follow","max-snippet":"max-snippet:-1","max-image-preview":"max-image-preview:large","max-video-preview":"max-video-preview:-1"},"canonical":"https:\/\/fit360.ee\/en\/pood\/product-groups\/superfoods-health-foods-en\/ashwagandha-en\/braintus-focus-90caps\/","og_locale":"en_US","og_type":"article","og_title":"Braintus Focus (90caps) - Aju T\u00f6\u00f6 - Kiire Tarne - Nootropics - Fit360","og_description":"Braintus Focus\u00a0on on m\u00f5eldud eriti\u00a0inimestele, kes vajavad terviklikku meele stimuleerimist. Uuenduslik koostis sisaldab 9 toimeainet.","og_url":"https:\/\/fit360.ee\/en\/pood\/product-groups\/superfoods-health-foods-en\/ashwagandha-en\/braintus-focus-90caps\/","og_site_name":"Fit360","article_modified_time":"2026-02-10T13:51:26+00:00","og_image":[{"width":450,"height":450,"url":"https:\/\/fit360.ee\/wp-content\/uploads\/2021\/03\/ostrovit-braintus-focus-fit360.ee-1.png","type":"image\/png"}],"twitter_card":"summary_large_image","twitter_misc":{"Est. reading time":"3 minutes"},"schema":{"@context":"https:\/\/schema.org","@graph":[{"@type":"WebPage","@id":"https:\/\/fit360.ee\/en\/pood\/product-groups\/superfoods-health-foods-en\/ashwagandha-en\/braintus-focus-90caps\/","url":"https:\/\/fit360.ee\/en\/pood\/product-groups\/superfoods-health-foods-en\/ashwagandha-en\/braintus-focus-90caps\/","name":"Braintus Focus (90caps) - Aju T\u00f6\u00f6 - Kiire Tarne - Nootropics - Fit360","isPartOf":{"@id":"https:\/\/fit360.ee\/en\/#website"},"primaryImageOfPage":{"@id":"https:\/\/fit360.ee\/en\/pood\/product-groups\/superfoods-health-foods-en\/ashwagandha-en\/braintus-focus-90caps\/#primaryimage"},"image":{"@id":"https:\/\/fit360.ee\/en\/pood\/product-groups\/superfoods-health-foods-en\/ashwagandha-en\/braintus-focus-90caps\/#primaryimage"},"thumbnailUrl":"https:\/\/fit360.ee\/wp-content\/uploads\/2021\/03\/ostrovit-braintus-focus-fit360.ee-1.png","datePublished":"2021-03-06T13:41:16+00:00","dateModified":"2026-02-10T13:51:26+00:00","description":"Braintus Focus\u00a0on on m\u00f5eldud eriti\u00a0inimestele, kes vajavad terviklikku meele stimuleerimist. Uuenduslik koostis sisaldab 9 toimeainet.","breadcrumb":{"@id":"https:\/\/fit360.ee\/en\/pood\/product-groups\/superfoods-health-foods-en\/ashwagandha-en\/braintus-focus-90caps\/#breadcrumb"},"inLanguage":"en-US","potentialAction":[{"@type":"ReadAction","target":["https:\/\/fit360.ee\/en\/pood\/product-groups\/superfoods-health-foods-en\/ashwagandha-en\/braintus-focus-90caps\/"]}]},{"@type":"ImageObject","inLanguage":"en-US","@id":"https:\/\/fit360.ee\/en\/pood\/product-groups\/superfoods-health-foods-en\/ashwagandha-en\/braintus-focus-90caps\/#primaryimage","url":"https:\/\/fit360.ee\/wp-content\/uploads\/2021\/03\/ostrovit-braintus-focus-fit360.ee-1.png","contentUrl":"https:\/\/fit360.ee\/wp-content\/uploads\/2021\/03\/ostrovit-braintus-focus-fit360.ee-1.png","width":450,"height":450,"caption":"ostrovit braintus focus - fit360.ee"},{"@type":"BreadcrumbList","@id":"https:\/\/fit360.ee\/en\/pood\/product-groups\/superfoods-health-foods-en\/ashwagandha-en\/braintus-focus-90caps\/#breadcrumb","itemListElement":[{"@type":"ListItem","position":1,"name":"Home","item":"https:\/\/fit360.ee\/en\/"},{"@type":"ListItem","position":2,"name":"Shop","item":"https:\/\/fit360.ee\/en\/shop\/"},{"@type":"ListItem","position":3,"name":"Braintus Focus (90caps)"}]},{"@type":"WebSite","@id":"https:\/\/fit360.ee\/en\/#website","url":"https:\/\/fit360.ee\/en\/","name":"Fit360","description":"","publisher":{"@id":"https:\/\/fit360.ee\/en\/#organization"},"potentialAction":[{"@type":"SearchAction","target":{"@type":"EntryPoint","urlTemplate":"https:\/\/fit360.ee\/en\/?s={search_term_string}"},"query-input":{"@type":"PropertyValueSpecification","valueRequired":true,"valueName":"search_term_string"}}],"inLanguage":"en-US"},{"@type":"Organization","@id":"https:\/\/fit360.ee\/en\/#organization","name":"Fit360","url":"https:\/\/fit360.ee\/en\/","logo":{"@type":"ImageObject","inLanguage":"en-US","@id":"https:\/\/fit360.ee\/en\/#\/schema\/logo\/image\/","url":"https:\/\/fit360.ee\/wp-content\/uploads\/2017\/01\/logo-fit360.png","contentUrl":"https:\/\/fit360.ee\/wp-content\/uploads\/2017\/01\/logo-fit360.png","width":180,"height":66,"caption":"Fit360"},"image":{"@id":"https:\/\/fit360.ee\/en\/#\/schema\/logo\/image\/"}}]}},"_links":{"self":[{"href":"https:\/\/fit360.ee\/en\/wp-json\/wp\/v2\/product\/50941","targetHints":{"allow":["GET"]}}],"collection":[{"href":"https:\/\/fit360.ee\/en\/wp-json\/wp\/v2\/product"}],"about":[{"href":"https:\/\/fit360.ee\/en\/wp-json\/wp\/v2\/types\/product"}],"replies":[{"embeddable":true,"href":"https:\/\/fit360.ee\/en\/wp-json\/wp\/v2\/comments?post=50941"}],"wp:featuredmedia":[{"embeddable":true,"href":"https:\/\/fit360.ee\/en\/wp-json\/wp\/v2\/media\/84387"}],"wp:attachment":[{"href":"https:\/\/fit360.ee\/en\/wp-json\/wp\/v2\/media?parent=50941"}],"wp:term":[{"taxonomy":"product_brand","embeddable":true,"href":"https:\/\/fit360.ee\/en\/wp-json\/wp\/v2\/product_brand?post=50941"},{"taxonomy":"product_cat","embeddable":true,"href":"https:\/\/fit360.ee\/en\/wp-json\/wp\/v2\/product_cat?post=50941"},{"taxonomy":"product_tag","embeddable":true,"href":"https:\/\/fit360.ee\/en\/wp-json\/wp\/v2\/product_tag?post=50941"},{"taxonomy":"giftcard-category","embeddable":true,"href":"https:\/\/fit360.ee\/en\/wp-json\/wp\/v2\/giftcard-category?post=50941"}],"curies":[{"name":"wp","href":"https:\/\/api.w.org\/{rel}","templated":true}]}}