{"id":50949,"date":"2021-03-06T15:54:31","date_gmt":"2021-03-06T13:54:31","guid":{"rendered":"https:\/\/fit360.ee\/?post_type=product&#038;p=50949"},"modified":"2025-08-13T07:35:49","modified_gmt":"2025-08-13T05:35:49","slug":"rohelise-tee-kapslid-90vcap","status":"publish","type":"product","link":"https:\/\/fit360.ee\/en\/pood\/product-groups\/superfoods-health-foods-en\/green-tea-extract-en\/rohelise-tee-kapslid-90vcap\/","title":{"rendered":"Rohelise Tee kapslid (90 vCaps)"},"content":{"rendered":"<h1>Rohelise Tee Ekstrakt<\/h1>\n<p><strong>Ostrovit Rohelise Tee Kapslid &#8211; Vegan Kapsli kujul, on sobilikud ka taimetoitlastele.<\/strong><\/p>\n<p>Green tea extract ehk rohelise tee ekstrakti on soovitatav kasutada loomuliku ainevahetuse ja rasvap\u00f5letuse kiirendamiseks, mitte ainult f\u00fc\u00fcsiliselt aktiivsetele inimestel. T\u00e4iendavalt rikastab rohelise tee ekstrakt igap\u00e4evase toidu tugevate antioks\u00fcdantidega ja tagab keha loomuliku <em>detox<\/em>i protsessi.<\/p>\n<p><a href=\"https:\/\/fit360.ee\/en\/product-category\/product-groups\/superfoods-health-foods-en\/green-tea-extract-en\/\"><strong>Rohelise tee ekstrakti<\/strong>\u00a0<\/a>kaitse v\u00e4hi vastu tuleneb peamiselt selles sisalduvatest antioks\u00fcdantidest (need seovad vabu radikaale ja teevad kahjutuks kahjulikke j\u00e4\u00e4kprodukte). Flavonoidide hulgas on EGCG \u00fcks tugevama toimega atioks\u00fcdante, mis aktiveerib ka antioks\u00fcdantseid ens\u00fc\u00fcme soolestikus, kopsudes ja maksas. Rohelise tee koostisosad v\u00e4hendavad ka v\u00e4hkitekitavate ainete (n\u00e4iteks nitrosoamiinide) aktiivsust ning tugevdavad detoksifikatsiooni. Paljud uuringud viitavad sellele, et rohelise tee tarbimine v\u00f5ib v\u00e4hendada munasarja-, rinna-, mao-, soole-, kopsu, eesn\u00e4\u00e4rme- jt. v\u00e4hkide riski, roheline tee suurendab ka v\u00e4hiravis kasutatavate ravimite toimet. Katehiin on flavonoidide gruppi kuuluv aine, mis kaitseb taimi haiguste eest.<\/p>\n<h4><strong>Rohelise tee kapslid<\/strong>:<\/h4>\n<ul>\n<li>Soodustavad rasvap\u00f5letust, takistades rasvade ladestumist<\/li>\n<li>Annavad lisaenergiat<\/li>\n<li>Suurendavad termogeneesi ja energiakulutust<\/li>\n<li>Toimivad t\u00f5husa antioks\u00fcdandina<\/li>\n<li>Vegan kapslid &#8211; Sobib ka taimetoitlastele<\/li>\n<\/ul>\n<h4><strong>Mida toode sisaldab?<\/strong><\/h4>\n<p><strong>Koostisosad<\/strong>: Rohelise tee lehtede ekstrakt (Camellia sinensis L.), standardiseeritud 50% pol\u00fcfenoolide jaoks, kapsli kest (t\u00e4iteaine: h\u00fcdroks\u00fcprop\u00fc\u00fclmet\u00fc\u00fcltselluloos).<\/p>\n<p><strong>Kasutamine<\/strong>: V\u00f5tke 1 kapsel p\u00e4evas. Mitte \u00fcletada tarbimiseks soovitatud p\u00e4evast annust.<\/p>\n<p><strong>Suurus<\/strong>: 90 <a href=\"https:\/\/fit360.ee\/en\/product-category\/product-groups\/vegan-en\/vegan-capsules-en\/\"><strong>vCaps &#8211; Vegan kapslit<\/strong><\/a>.<\/p>\n<table>\n<tbody>\n<tr>\n<td width=\"307\"><strong>Anal\u00fc\u00fcs<\/strong><\/td>\n<td width=\"307\"><strong>1 kapsel<\/strong><\/p>\n<p><strong>\u00a0<\/strong><\/td>\n<\/tr>\n<tr>\n<td width=\"307\">Rohelise tee ekstrakt<\/td>\n<td width=\"307\">500 mg<\/p>\n<p>&nbsp;<\/td>\n<\/tr>\n<tr>\n<td width=\"307\">millest 50% pol\u00fcfenoolid \/ 50% pol\u00fcfenoolid<\/td>\n<td width=\"307\">150mg<\/td>\n<\/tr>\n<\/tbody>\n<\/table>\n<p><strong>NB:<\/strong> \u00c4rge kasutage, kui olete m\u00f5ne koostisosa suhtes allergiline. Toidulisandit ei saa kasutada mitmekesise toitumise ja tervisliku eluviisi asendajana. Toidulisandeid tuleb hoida v\u00e4ikelastele k\u00e4ttesaamatus kohas. Toode on m\u00f5eldud t\u00e4iskasvanutele ja tervetele inimestele. Toode ei ole ette n\u00e4htud lastele ja imetavatele v\u00f5i rasedatele naistele.<\/p>\n<p>Vaata ka teisi Rohelise Tee Ekstrakte <a href=\"https:\/\/fit360.ee\/en\/product-category\/product-groups\/superfoods-health-foods-en\/green-tea-extract-en\/\"><strong>SIIT<\/strong><\/a>!<\/p>\n<p>Soovi teha suuremat tellimust? Vaata antud toodet ka meie HULGI poest <a href=\"https:\/\/toidulisandidhulgi.ee\/product\/rohelise-tee-kapslid-90vcaps\/\"><strong>SIIT<\/strong><\/a>!<\/p>\n","protected":false},"excerpt":{"rendered":"<h2><strong>Rohelise tee kapslid<\/strong>:<\/h2>\n<ul>\n<li>Soodustavad rasvap\u00f5letust, takistades rasvade ladestumist<\/li>\n<li>Annavad lisaenergiat<\/li>\n<li>Suurendavad termogeneesi ja energiakulutust<\/li>\n<li>Toimivad t\u00f5husa antioks\u00fcdandina<\/li>\n<li>Vegan kapslid &#8211; Sobib ka taimetoitlastele<\/li>\n<\/ul>\n<p><strong>Green Tea<\/strong> kapslid sisaldavad rohelise tee ekstrakti ning selles leiduvaid toimeaineid kontsentreeritud ja puhastatud kujul ning \u00f5iges vahekorras. Green Tea kapsleid on kiire ja lihtne tarbida.<\/p>\n<p><strong>Rohelise tee lehtede ekstrakt<\/strong> on soovitatav kasutada loomuliku ainevahetuse ja rasvap\u00f5letuse kiirendamiseks, mitte ainult f\u00fc\u00fcsiliselt aktiivsetele inimestel. T\u00e4iendavalt rikastab rohelise tee ekstrakt igap\u00e4evase toidu tugevate antioks\u00fcdantidega ja tagab keha loomuliku <em>detox<\/em>i protsessi.<\/p>\n","protected":false},"featured_media":71962,"comment_status":"open","ping_status":"closed","template":"","meta":[],"product_brand":[],"product_cat":[530,2371,1329,2408,1454,2664,536,1201],"product_tag":[2061,1924,2062,2722],"giftcard-category":[],"class_list":{"0":"post-50949","1":"product","2":"type-product","3":"status-publish","4":"has-post-thumbnail","6":"product_cat-fat-burners-en","7":"product_cat-green-tea-extract-en","8":"product_cat-ostrovit-en","9":"product_cat-stimulant-free-fat-burners-en","10":"product_cat-superfoods-health-foods-en","11":"product_cat-vegan-capsules-en","12":"product_cat-vitamins-and-minerals-en","13":"product_cat-1201","14":"product_tag-green-tea-en","15":"product_tag-ostrovit-en","16":"product_tag-rohelise-tee-ekstrakt-en","17":"product_tag-rohelise-tee-kapslid-en","18":"pa_toidulisand-branddd-ostrovit","19":"pa_tootegruppp-rohelise-tee-ekstrakt-en","20":"pa_tootegruppp-stimulandivaba-en","21":"pa_tootegruppp-supertoit-tervisetoit-en","22":"pa_tootegruppp-vcaps-vegan-kapslid-en","23":"pa_tootegruppp-vegan-en","24":"pa_tootegruppp-vitamins-and-minerals","25":"pa_tootegruppp-weight-loss","27":"first","28":"outofstock","29":"sale","30":"taxable","31":"shipping-taxable","32":"purchasable","33":"product-type-simple"},"yoast_head":"<!-- This site is optimized with the Yoast SEO plugin v27.3 - https:\/\/yoast.com\/product\/yoast-seo-wordpress\/ -->\n<title>Rohelise Tee Kapslid (90vCaps) - Rohelise tee ekstrakt - Kiire tarne<\/title>\n<meta name=\"description\" content=\"Rohelise Tee kapslid sisaldavad rohelise tee ekstrakti ning selles leiduvaid toimeaineid kontsentreeritud ja puhastatud kujul.\" \/>\n<meta name=\"robots\" content=\"index, follow, max-snippet:-1, max-image-preview:large, max-video-preview:-1\" \/>\n<link rel=\"canonical\" href=\"https:\/\/fit360.ee\/en\/pood\/product-groups\/superfoods-health-foods-en\/green-tea-extract-en\/rohelise-tee-kapslid-90vcap\/\" \/>\n<meta property=\"og:locale\" content=\"en_US\" \/>\n<meta property=\"og:type\" content=\"article\" \/>\n<meta property=\"og:title\" content=\"Rohelise Tee Kapslid (90vCaps) - Rohelise tee ekstrakt - Kiire tarne\" \/>\n<meta property=\"og:description\" content=\"Rohelise Tee kapslid sisaldavad rohelise tee ekstrakti ning selles leiduvaid toimeaineid kontsentreeritud ja puhastatud kujul.\" \/>\n<meta property=\"og:url\" content=\"https:\/\/fit360.ee\/en\/pood\/product-groups\/superfoods-health-foods-en\/green-tea-extract-en\/rohelise-tee-kapslid-90vcap\/\" \/>\n<meta property=\"og:site_name\" content=\"Fit360\" \/>\n<meta property=\"article:modified_time\" content=\"2025-08-13T05:35:49+00:00\" \/>\n<meta property=\"og:image\" content=\"https:\/\/fit360.ee\/wp-content\/uploads\/2021\/03\/Rohelise-Tee-kapslid-Ostrovit-fit360.ee-1.png\" \/>\n\t<meta property=\"og:image:width\" content=\"450\" \/>\n\t<meta property=\"og:image:height\" content=\"450\" \/>\n\t<meta property=\"og:image:type\" content=\"image\/png\" \/>\n<meta name=\"twitter:card\" content=\"summary_large_image\" \/>\n<meta name=\"twitter:label1\" content=\"Est. reading time\" \/>\n\t<meta name=\"twitter:data1\" content=\"2 minutes\" \/>\n<script type=\"application\/ld+json\" class=\"yoast-schema-graph\">{\"@context\":\"https:\\\/\\\/schema.org\",\"@graph\":[{\"@type\":\"WebPage\",\"@id\":\"https:\\\/\\\/fit360.ee\\\/en\\\/pood\\\/product-groups\\\/superfoods-health-foods-en\\\/green-tea-extract-en\\\/rohelise-tee-kapslid-90vcap\\\/\",\"url\":\"https:\\\/\\\/fit360.ee\\\/en\\\/pood\\\/product-groups\\\/superfoods-health-foods-en\\\/green-tea-extract-en\\\/rohelise-tee-kapslid-90vcap\\\/\",\"name\":\"Rohelise Tee Kapslid (90vCaps) - Rohelise tee ekstrakt - Kiire tarne\",\"isPartOf\":{\"@id\":\"https:\\\/\\\/fit360.ee\\\/en\\\/#website\"},\"primaryImageOfPage\":{\"@id\":\"https:\\\/\\\/fit360.ee\\\/en\\\/pood\\\/product-groups\\\/superfoods-health-foods-en\\\/green-tea-extract-en\\\/rohelise-tee-kapslid-90vcap\\\/#primaryimage\"},\"image\":{\"@id\":\"https:\\\/\\\/fit360.ee\\\/en\\\/pood\\\/product-groups\\\/superfoods-health-foods-en\\\/green-tea-extract-en\\\/rohelise-tee-kapslid-90vcap\\\/#primaryimage\"},\"thumbnailUrl\":\"https:\\\/\\\/fit360.ee\\\/wp-content\\\/uploads\\\/2021\\\/03\\\/Rohelise-Tee-kapslid-Ostrovit-fit360.ee-1.png\",\"datePublished\":\"2021-03-06T13:54:31+00:00\",\"dateModified\":\"2025-08-13T05:35:49+00:00\",\"description\":\"Rohelise Tee kapslid sisaldavad rohelise tee ekstrakti ning selles leiduvaid toimeaineid kontsentreeritud ja puhastatud kujul.\",\"breadcrumb\":{\"@id\":\"https:\\\/\\\/fit360.ee\\\/en\\\/pood\\\/product-groups\\\/superfoods-health-foods-en\\\/green-tea-extract-en\\\/rohelise-tee-kapslid-90vcap\\\/#breadcrumb\"},\"inLanguage\":\"en-US\",\"potentialAction\":[{\"@type\":\"ReadAction\",\"target\":[\"https:\\\/\\\/fit360.ee\\\/en\\\/pood\\\/product-groups\\\/superfoods-health-foods-en\\\/green-tea-extract-en\\\/rohelise-tee-kapslid-90vcap\\\/\"]}]},{\"@type\":\"ImageObject\",\"inLanguage\":\"en-US\",\"@id\":\"https:\\\/\\\/fit360.ee\\\/en\\\/pood\\\/product-groups\\\/superfoods-health-foods-en\\\/green-tea-extract-en\\\/rohelise-tee-kapslid-90vcap\\\/#primaryimage\",\"url\":\"https:\\\/\\\/fit360.ee\\\/wp-content\\\/uploads\\\/2021\\\/03\\\/Rohelise-Tee-kapslid-Ostrovit-fit360.ee-1.png\",\"contentUrl\":\"https:\\\/\\\/fit360.ee\\\/wp-content\\\/uploads\\\/2021\\\/03\\\/Rohelise-Tee-kapslid-Ostrovit-fit360.ee-1.png\",\"width\":450,\"height\":450,\"caption\":\"Rohelise Tee kapslid Ostrovit - fit360.ee\"},{\"@type\":\"BreadcrumbList\",\"@id\":\"https:\\\/\\\/fit360.ee\\\/en\\\/pood\\\/product-groups\\\/superfoods-health-foods-en\\\/green-tea-extract-en\\\/rohelise-tee-kapslid-90vcap\\\/#breadcrumb\",\"itemListElement\":[{\"@type\":\"ListItem\",\"position\":1,\"name\":\"Home\",\"item\":\"https:\\\/\\\/fit360.ee\\\/en\\\/\"},{\"@type\":\"ListItem\",\"position\":2,\"name\":\"Shop\",\"item\":\"https:\\\/\\\/fit360.ee\\\/en\\\/shop\\\/\"},{\"@type\":\"ListItem\",\"position\":3,\"name\":\"Rohelise Tee kapslid (90 vCaps)\"}]},{\"@type\":\"WebSite\",\"@id\":\"https:\\\/\\\/fit360.ee\\\/en\\\/#website\",\"url\":\"https:\\\/\\\/fit360.ee\\\/en\\\/\",\"name\":\"Fit360\",\"description\":\"\",\"publisher\":{\"@id\":\"https:\\\/\\\/fit360.ee\\\/en\\\/#organization\"},\"potentialAction\":[{\"@type\":\"SearchAction\",\"target\":{\"@type\":\"EntryPoint\",\"urlTemplate\":\"https:\\\/\\\/fit360.ee\\\/en\\\/?s={search_term_string}\"},\"query-input\":{\"@type\":\"PropertyValueSpecification\",\"valueRequired\":true,\"valueName\":\"search_term_string\"}}],\"inLanguage\":\"en-US\"},{\"@type\":\"Organization\",\"@id\":\"https:\\\/\\\/fit360.ee\\\/en\\\/#organization\",\"name\":\"Fit360\",\"url\":\"https:\\\/\\\/fit360.ee\\\/en\\\/\",\"logo\":{\"@type\":\"ImageObject\",\"inLanguage\":\"en-US\",\"@id\":\"https:\\\/\\\/fit360.ee\\\/en\\\/#\\\/schema\\\/logo\\\/image\\\/\",\"url\":\"https:\\\/\\\/fit360.ee\\\/wp-content\\\/uploads\\\/2017\\\/01\\\/logo-fit360.png\",\"contentUrl\":\"https:\\\/\\\/fit360.ee\\\/wp-content\\\/uploads\\\/2017\\\/01\\\/logo-fit360.png\",\"width\":180,\"height\":66,\"caption\":\"Fit360\"},\"image\":{\"@id\":\"https:\\\/\\\/fit360.ee\\\/en\\\/#\\\/schema\\\/logo\\\/image\\\/\"}}]}<\/script>\n<!-- \/ Yoast SEO plugin. -->","yoast_head_json":{"title":"Rohelise Tee Kapslid (90vCaps) - Rohelise tee ekstrakt - Kiire tarne","description":"Rohelise Tee kapslid sisaldavad rohelise tee ekstrakti ning selles leiduvaid toimeaineid kontsentreeritud ja puhastatud kujul.","robots":{"index":"index","follow":"follow","max-snippet":"max-snippet:-1","max-image-preview":"max-image-preview:large","max-video-preview":"max-video-preview:-1"},"canonical":"https:\/\/fit360.ee\/en\/pood\/product-groups\/superfoods-health-foods-en\/green-tea-extract-en\/rohelise-tee-kapslid-90vcap\/","og_locale":"en_US","og_type":"article","og_title":"Rohelise Tee Kapslid (90vCaps) - Rohelise tee ekstrakt - Kiire tarne","og_description":"Rohelise Tee kapslid sisaldavad rohelise tee ekstrakti ning selles leiduvaid toimeaineid kontsentreeritud ja puhastatud kujul.","og_url":"https:\/\/fit360.ee\/en\/pood\/product-groups\/superfoods-health-foods-en\/green-tea-extract-en\/rohelise-tee-kapslid-90vcap\/","og_site_name":"Fit360","article_modified_time":"2025-08-13T05:35:49+00:00","og_image":[{"width":450,"height":450,"url":"https:\/\/fit360.ee\/wp-content\/uploads\/2021\/03\/Rohelise-Tee-kapslid-Ostrovit-fit360.ee-1.png","type":"image\/png"}],"twitter_card":"summary_large_image","twitter_misc":{"Est. reading time":"2 minutes"},"schema":{"@context":"https:\/\/schema.org","@graph":[{"@type":"WebPage","@id":"https:\/\/fit360.ee\/en\/pood\/product-groups\/superfoods-health-foods-en\/green-tea-extract-en\/rohelise-tee-kapslid-90vcap\/","url":"https:\/\/fit360.ee\/en\/pood\/product-groups\/superfoods-health-foods-en\/green-tea-extract-en\/rohelise-tee-kapslid-90vcap\/","name":"Rohelise Tee Kapslid (90vCaps) - Rohelise tee ekstrakt - Kiire tarne","isPartOf":{"@id":"https:\/\/fit360.ee\/en\/#website"},"primaryImageOfPage":{"@id":"https:\/\/fit360.ee\/en\/pood\/product-groups\/superfoods-health-foods-en\/green-tea-extract-en\/rohelise-tee-kapslid-90vcap\/#primaryimage"},"image":{"@id":"https:\/\/fit360.ee\/en\/pood\/product-groups\/superfoods-health-foods-en\/green-tea-extract-en\/rohelise-tee-kapslid-90vcap\/#primaryimage"},"thumbnailUrl":"https:\/\/fit360.ee\/wp-content\/uploads\/2021\/03\/Rohelise-Tee-kapslid-Ostrovit-fit360.ee-1.png","datePublished":"2021-03-06T13:54:31+00:00","dateModified":"2025-08-13T05:35:49+00:00","description":"Rohelise Tee kapslid sisaldavad rohelise tee ekstrakti ning selles leiduvaid toimeaineid kontsentreeritud ja puhastatud kujul.","breadcrumb":{"@id":"https:\/\/fit360.ee\/en\/pood\/product-groups\/superfoods-health-foods-en\/green-tea-extract-en\/rohelise-tee-kapslid-90vcap\/#breadcrumb"},"inLanguage":"en-US","potentialAction":[{"@type":"ReadAction","target":["https:\/\/fit360.ee\/en\/pood\/product-groups\/superfoods-health-foods-en\/green-tea-extract-en\/rohelise-tee-kapslid-90vcap\/"]}]},{"@type":"ImageObject","inLanguage":"en-US","@id":"https:\/\/fit360.ee\/en\/pood\/product-groups\/superfoods-health-foods-en\/green-tea-extract-en\/rohelise-tee-kapslid-90vcap\/#primaryimage","url":"https:\/\/fit360.ee\/wp-content\/uploads\/2021\/03\/Rohelise-Tee-kapslid-Ostrovit-fit360.ee-1.png","contentUrl":"https:\/\/fit360.ee\/wp-content\/uploads\/2021\/03\/Rohelise-Tee-kapslid-Ostrovit-fit360.ee-1.png","width":450,"height":450,"caption":"Rohelise Tee kapslid Ostrovit - fit360.ee"},{"@type":"BreadcrumbList","@id":"https:\/\/fit360.ee\/en\/pood\/product-groups\/superfoods-health-foods-en\/green-tea-extract-en\/rohelise-tee-kapslid-90vcap\/#breadcrumb","itemListElement":[{"@type":"ListItem","position":1,"name":"Home","item":"https:\/\/fit360.ee\/en\/"},{"@type":"ListItem","position":2,"name":"Shop","item":"https:\/\/fit360.ee\/en\/shop\/"},{"@type":"ListItem","position":3,"name":"Rohelise Tee kapslid (90 vCaps)"}]},{"@type":"WebSite","@id":"https:\/\/fit360.ee\/en\/#website","url":"https:\/\/fit360.ee\/en\/","name":"Fit360","description":"","publisher":{"@id":"https:\/\/fit360.ee\/en\/#organization"},"potentialAction":[{"@type":"SearchAction","target":{"@type":"EntryPoint","urlTemplate":"https:\/\/fit360.ee\/en\/?s={search_term_string}"},"query-input":{"@type":"PropertyValueSpecification","valueRequired":true,"valueName":"search_term_string"}}],"inLanguage":"en-US"},{"@type":"Organization","@id":"https:\/\/fit360.ee\/en\/#organization","name":"Fit360","url":"https:\/\/fit360.ee\/en\/","logo":{"@type":"ImageObject","inLanguage":"en-US","@id":"https:\/\/fit360.ee\/en\/#\/schema\/logo\/image\/","url":"https:\/\/fit360.ee\/wp-content\/uploads\/2017\/01\/logo-fit360.png","contentUrl":"https:\/\/fit360.ee\/wp-content\/uploads\/2017\/01\/logo-fit360.png","width":180,"height":66,"caption":"Fit360"},"image":{"@id":"https:\/\/fit360.ee\/en\/#\/schema\/logo\/image\/"}}]}},"_links":{"self":[{"href":"https:\/\/fit360.ee\/en\/wp-json\/wp\/v2\/product\/50949","targetHints":{"allow":["GET"]}}],"collection":[{"href":"https:\/\/fit360.ee\/en\/wp-json\/wp\/v2\/product"}],"about":[{"href":"https:\/\/fit360.ee\/en\/wp-json\/wp\/v2\/types\/product"}],"replies":[{"embeddable":true,"href":"https:\/\/fit360.ee\/en\/wp-json\/wp\/v2\/comments?post=50949"}],"wp:featuredmedia":[{"embeddable":true,"href":"https:\/\/fit360.ee\/en\/wp-json\/wp\/v2\/media\/71962"}],"wp:attachment":[{"href":"https:\/\/fit360.ee\/en\/wp-json\/wp\/v2\/media?parent=50949"}],"wp:term":[{"taxonomy":"product_brand","embeddable":true,"href":"https:\/\/fit360.ee\/en\/wp-json\/wp\/v2\/product_brand?post=50949"},{"taxonomy":"product_cat","embeddable":true,"href":"https:\/\/fit360.ee\/en\/wp-json\/wp\/v2\/product_cat?post=50949"},{"taxonomy":"product_tag","embeddable":true,"href":"https:\/\/fit360.ee\/en\/wp-json\/wp\/v2\/product_tag?post=50949"},{"taxonomy":"giftcard-category","embeddable":true,"href":"https:\/\/fit360.ee\/en\/wp-json\/wp\/v2\/giftcard-category?post=50949"}],"curies":[{"name":"wp","href":"https:\/\/api.w.org\/{rel}","templated":true}]}}