{"id":50963,"date":"2021-03-06T16:56:09","date_gmt":"2021-03-06T14:56:09","guid":{"rendered":"https:\/\/fit360.ee\/?post_type=product&#038;p=50963"},"modified":"2025-08-13T07:38:36","modified_gmt":"2025-08-13T05:38:36","slug":"roheline-kohvi-90vcaps","status":"publish","type":"product","link":"https:\/\/fit360.ee\/en\/pood\/product-groups\/superfoods-health-foods-en\/green-tea-extract-en\/roheline-kohvi-90vcaps\/","title":{"rendered":"Roheline Kohvi (90 vCaps)"},"content":{"rendered":"<h2><strong>GREEN COFFEE<\/strong><\/h2>\n<p>Roheline Kohvi &#8211; Vegan Kapsli kujul.<\/p>\n<p>Toidulisandina kasutatav Roheline Kohvi preparaat on vallutanud kogu maailma oma efektiivsusega alandada kaalu. Kaalu alandamiseks m\u00f5eldud roheline kohv avastati hiljuti \u2013 2012. aastal, mil Ameerika teadlased Scranton \u00fclikoolist viisid l\u00e4bi uuringuid, mille k\u00e4igus avastati<strong> rohelise kohvi rasvap\u00f5letav toime<\/strong>. Efektiivne m\u00f5ju tuleneb t\u00e4nu k\u00f5rgele <strong>klorogeenhappe<\/strong> sisaldusele rohelise kohvi ubades.<\/p>\n<h3><strong>Klorogeenhape<\/strong><\/h3>\n<p><strong>Klorogeenhape<\/strong> sunnib organismi p\u00f5letama energia saamiseks rasva, mitte s\u00fcsivesikuid. Selle tagaj\u00e4rjel kulgeb kaalulangetamisprotsess naturaalsel ning ohutul viisil.<\/p>\n<p><strong>Klorogeenhapped<\/strong> muudavad kahjutuks inimorganismis leiduvaid v\u00e4hki tekitavaid vabu radikaale. V\u00f5rreldes rohelise tee ja viinamarjaseemnetega on rohelises kohvis\u00a0<strong>2x\u00a0<\/strong>rohkem antioks\u00fcdante, mis aeglustavad vananemisprotsessi, aitavad \u00fcle saada v\u00e4simusest, v\u00e4ltida veresoonte ummistumist, puhastavad organismi ning parandavad immuuns\u00fcsteemi. Rohelises kohvis on 2x rohkem aminohappeid kui r\u00f6stitud kohvis. Teised rohelise kohvi kasutegurid on seedimise kiirendamine, mis langetab \u00fcleliigset kaalu, valuvaigistite efektiivsuse suurendamine (eriti migreeniravimite puhul) ning diabeediriski v\u00e4henemine. Sportlastel v\u00e4hendab roheline kohv lihasv\u00e4simust, sest aitab kehal p\u00f5letada suurema koguse rasvu v\u00f5rreldes s\u00fcsivesikutega. Rohelise kohvi joomine kiirendab seedimist. Kaalu langetav toime p\u00f5hineb omadustel v\u00e4hendada suhkru imendumist maos ning suurendada rasvap\u00f5letuskiirust. Rohelise kohvi tarvitamisel v\u00e4heneb gl\u00fckoosi imendumine toidust umbes poole v\u00f5rra. See reguleerib efek-tiivselt veresuhkru taset ja v\u00e4hendab magusaisu, nii ladestuvad rasvad v\u00e4hem.<\/p>\n<h4><strong>Mida see sisaldab?<\/strong><\/h4>\n<p><strong>Koostisosad: <\/strong>Rohelise kohvi ekstrakt (<em>coffea arabica<\/em>) standariseeritud 50% klorogeenappele ja 5% kofeiinile, kattekompositsioon (t\u00e4idisena: h\u00fcdroks\u00fcprop\u00fc\u00fclmet\u00fc\u00fcltselluloos; geelistuv aine: gellaankummi)<\/p>\n<p><strong>Kasutamine: <\/strong>1 kapsel p\u00e4evas. <strong>NB<\/strong> toode ei asenda tasakaalustatud dieeti! Mitte \u00fcletada lubatud p\u00e4evast kogust!<\/p>\n<p><strong>Suurus:<\/strong> 90 <a href=\"https:\/\/fit360.ee\/en\/product-category\/product-groups\/vegan-en\/vegan-capsules-en\/\"><strong>vCaps &#8211; Vegan kapslit<\/strong><\/a> &#8211; 90 serveeringut<\/p>\n<table>\n<tbody>\n<tr>\n<td width=\"221\"><strong>Anal\u00fc\u00fcs<\/strong><\/td>\n<td width=\"186\"><strong>1 kapsel (1 serveering)<\/strong><\/td>\n<\/tr>\n<tr>\n<td width=\"221\">Rohelise kohvioa ekstrakt<\/td>\n<td width=\"186\">500 mg<\/td>\n<\/tr>\n<tr>\n<td width=\"221\"><em>millest<\/em> klorogeenhape (50%)<\/td>\n<td width=\"186\">250 mg<\/td>\n<\/tr>\n<tr>\n<td width=\"221\"><em>millest <\/em>kofeiin (5%)<\/td>\n<td width=\"186\">25mg<\/td>\n<\/tr>\n<\/tbody>\n<\/table>\n<p>Vaata ka teisi Rohelise Tee baasil olevaid tooteid <a href=\"https:\/\/fit360.ee\/en\/product-category\/product-groups\/superfoods-health-foods-en\/green-tea-extract-en\/\"><strong>SIIT<\/strong><\/a>!<\/p>\n<p>Soovid tooteid osta suuremas koguses? Vaata toodet ka meie HULGI poes <a href=\"https:\/\/toidulisandidhulgi.ee\/product\/roheline-kohvi-90vcaps\/\"><strong>SIIT<\/strong><\/a>!<\/p>\n","protected":false},"excerpt":{"rendered":"<h2><strong>Roheline Kohvi:<\/strong><\/h2>\n<ul>\n<li>500 mg rohelise kohvioa ekstrakti \u00fches kapslis<\/li>\n<li>Soodustab kehakaalu alanemist<\/li>\n<li>Kiirendab ainevahetust<\/li>\n<li>V\u00e4hendab gl\u00fckoosi imendumist<\/li>\n<\/ul>\n<p>Toidulisandina kasutatav preparaat on vallutanud kogu maailma oma efektiivsusega alandada kaalu. Kaalu alandamiseks m\u00f5eldud roheline kohv avastati hiljuti \u2013 2012. aastal, mil Ameerika teadlased Scranton \u00fclikoolist viisid l\u00e4bi uuringuid, mille k\u00e4igus avastati<strong> rohelise kohvi rasvap\u00f5letav toime<\/strong>. Efektiivne m\u00f5ju tuleneb t\u00e4nu k\u00f5rgele <strong>klorogeenhappe<\/strong> sisaldusele rohelise kohvi ubades.<\/p>\n<p><strong>Klorogeenhape<\/strong> sunnib organismi p\u00f5letama energia saamiseks rasva, mitte s\u00fcsivesikuid. Selle tagaj\u00e4rjel kulgeb kaalulangetamisprotsess naturaalsel ning ohutul viisil.<\/p>\n","protected":false},"featured_media":84389,"comment_status":"open","ping_status":"closed","template":"","meta":[],"product_brand":[],"product_cat":[530,2371,1329,1454,2664,536,1201],"product_tag":[2731,1924,2732],"giftcard-category":[],"class_list":{"0":"post-50963","1":"product","2":"type-product","3":"status-publish","4":"has-post-thumbnail","6":"product_cat-fat-burners-en","7":"product_cat-green-tea-extract-en","8":"product_cat-ostrovit-en","9":"product_cat-superfoods-health-foods-en","10":"product_cat-vegan-capsules-en","11":"product_cat-vitamins-and-minerals-en","12":"product_cat-1201","13":"product_tag-green-coffee-en","14":"product_tag-ostrovit-en","15":"product_tag-roheline-kohvi-en","16":"pa_toidulisand-branddd-ostrovit","17":"pa_tootegruppp-rohelise-tee-ekstrakt-en","18":"pa_tootegruppp-supertoit-tervisetoit-en","19":"pa_tootegruppp-vcaps-vegan-kapslid-en","20":"pa_tootegruppp-vegan-en","21":"pa_tootegruppp-vitamins-and-minerals","22":"pa_tootegruppp-weight-loss","24":"first","25":"outofstock","26":"sale","27":"taxable","28":"shipping-taxable","29":"purchasable","30":"product-type-simple"},"yoast_head":"<!-- This site is optimized with the Yoast SEO plugin v27.3 - https:\/\/yoast.com\/product\/yoast-seo-wordpress\/ -->\n<title>Roheline Kohvi (90 vCaps) - Green Coffee - Rohelise kohvi Ekstrakt -<\/title>\n<meta name=\"description\" content=\"Roheline Kohvi ehk Green coffee ekstrakt soodustab kehakaalu langust, kiirendab ainevahetust ning v\u00e4hendab gl\u00fckoosi imendumist. Kiire tarne.\" \/>\n<meta name=\"robots\" content=\"index, follow, max-snippet:-1, max-image-preview:large, max-video-preview:-1\" \/>\n<link rel=\"canonical\" href=\"https:\/\/fit360.ee\/en\/pood\/product-groups\/superfoods-health-foods-en\/green-tea-extract-en\/roheline-kohvi-90vcaps\/\" \/>\n<meta property=\"og:locale\" content=\"en_US\" \/>\n<meta property=\"og:type\" content=\"article\" \/>\n<meta property=\"og:title\" content=\"Roheline Kohvi (90 vCaps) - Green Coffee - Rohelise kohvi Ekstrakt -\" \/>\n<meta property=\"og:description\" content=\"Roheline Kohvi ehk Green coffee ekstrakt soodustab kehakaalu langust, kiirendab ainevahetust ning v\u00e4hendab gl\u00fckoosi imendumist. Kiire tarne.\" \/>\n<meta property=\"og:url\" content=\"https:\/\/fit360.ee\/en\/pood\/product-groups\/superfoods-health-foods-en\/green-tea-extract-en\/roheline-kohvi-90vcaps\/\" \/>\n<meta property=\"og:site_name\" content=\"Fit360\" \/>\n<meta property=\"article:modified_time\" content=\"2025-08-13T05:38:36+00:00\" \/>\n<meta property=\"og:image\" content=\"https:\/\/fit360.ee\/wp-content\/uploads\/2021\/03\/roheline-kohvi-kapslid-fit360.ee-1.png\" \/>\n\t<meta property=\"og:image:width\" content=\"450\" \/>\n\t<meta property=\"og:image:height\" content=\"450\" \/>\n\t<meta property=\"og:image:type\" content=\"image\/png\" \/>\n<meta name=\"twitter:card\" content=\"summary_large_image\" \/>\n<meta name=\"twitter:label1\" content=\"Est. reading time\" \/>\n\t<meta name=\"twitter:data1\" content=\"2 minutes\" \/>\n<script type=\"application\/ld+json\" class=\"yoast-schema-graph\">{\"@context\":\"https:\\\/\\\/schema.org\",\"@graph\":[{\"@type\":\"WebPage\",\"@id\":\"https:\\\/\\\/fit360.ee\\\/en\\\/pood\\\/product-groups\\\/superfoods-health-foods-en\\\/green-tea-extract-en\\\/roheline-kohvi-90vcaps\\\/\",\"url\":\"https:\\\/\\\/fit360.ee\\\/en\\\/pood\\\/product-groups\\\/superfoods-health-foods-en\\\/green-tea-extract-en\\\/roheline-kohvi-90vcaps\\\/\",\"name\":\"Roheline Kohvi (90 vCaps) - Green Coffee - Rohelise kohvi Ekstrakt -\",\"isPartOf\":{\"@id\":\"https:\\\/\\\/fit360.ee\\\/en\\\/#website\"},\"primaryImageOfPage\":{\"@id\":\"https:\\\/\\\/fit360.ee\\\/en\\\/pood\\\/product-groups\\\/superfoods-health-foods-en\\\/green-tea-extract-en\\\/roheline-kohvi-90vcaps\\\/#primaryimage\"},\"image\":{\"@id\":\"https:\\\/\\\/fit360.ee\\\/en\\\/pood\\\/product-groups\\\/superfoods-health-foods-en\\\/green-tea-extract-en\\\/roheline-kohvi-90vcaps\\\/#primaryimage\"},\"thumbnailUrl\":\"https:\\\/\\\/fit360.ee\\\/wp-content\\\/uploads\\\/2021\\\/03\\\/roheline-kohvi-kapslid-fit360.ee-1.png\",\"datePublished\":\"2021-03-06T14:56:09+00:00\",\"dateModified\":\"2025-08-13T05:38:36+00:00\",\"description\":\"Roheline Kohvi ehk Green coffee ekstrakt soodustab kehakaalu langust, kiirendab ainevahetust ning v\u00e4hendab gl\u00fckoosi imendumist. Kiire tarne.\",\"breadcrumb\":{\"@id\":\"https:\\\/\\\/fit360.ee\\\/en\\\/pood\\\/product-groups\\\/superfoods-health-foods-en\\\/green-tea-extract-en\\\/roheline-kohvi-90vcaps\\\/#breadcrumb\"},\"inLanguage\":\"en-US\",\"potentialAction\":[{\"@type\":\"ReadAction\",\"target\":[\"https:\\\/\\\/fit360.ee\\\/en\\\/pood\\\/product-groups\\\/superfoods-health-foods-en\\\/green-tea-extract-en\\\/roheline-kohvi-90vcaps\\\/\"]}]},{\"@type\":\"ImageObject\",\"inLanguage\":\"en-US\",\"@id\":\"https:\\\/\\\/fit360.ee\\\/en\\\/pood\\\/product-groups\\\/superfoods-health-foods-en\\\/green-tea-extract-en\\\/roheline-kohvi-90vcaps\\\/#primaryimage\",\"url\":\"https:\\\/\\\/fit360.ee\\\/wp-content\\\/uploads\\\/2021\\\/03\\\/roheline-kohvi-kapslid-fit360.ee-1.png\",\"contentUrl\":\"https:\\\/\\\/fit360.ee\\\/wp-content\\\/uploads\\\/2021\\\/03\\\/roheline-kohvi-kapslid-fit360.ee-1.png\",\"width\":450,\"height\":450,\"caption\":\"roheline kohvi kapslid - fit360.ee\"},{\"@type\":\"BreadcrumbList\",\"@id\":\"https:\\\/\\\/fit360.ee\\\/en\\\/pood\\\/product-groups\\\/superfoods-health-foods-en\\\/green-tea-extract-en\\\/roheline-kohvi-90vcaps\\\/#breadcrumb\",\"itemListElement\":[{\"@type\":\"ListItem\",\"position\":1,\"name\":\"Home\",\"item\":\"https:\\\/\\\/fit360.ee\\\/en\\\/\"},{\"@type\":\"ListItem\",\"position\":2,\"name\":\"Shop\",\"item\":\"https:\\\/\\\/fit360.ee\\\/en\\\/shop\\\/\"},{\"@type\":\"ListItem\",\"position\":3,\"name\":\"Roheline Kohvi (90 vCaps)\"}]},{\"@type\":\"WebSite\",\"@id\":\"https:\\\/\\\/fit360.ee\\\/en\\\/#website\",\"url\":\"https:\\\/\\\/fit360.ee\\\/en\\\/\",\"name\":\"Fit360\",\"description\":\"\",\"publisher\":{\"@id\":\"https:\\\/\\\/fit360.ee\\\/en\\\/#organization\"},\"potentialAction\":[{\"@type\":\"SearchAction\",\"target\":{\"@type\":\"EntryPoint\",\"urlTemplate\":\"https:\\\/\\\/fit360.ee\\\/en\\\/?s={search_term_string}\"},\"query-input\":{\"@type\":\"PropertyValueSpecification\",\"valueRequired\":true,\"valueName\":\"search_term_string\"}}],\"inLanguage\":\"en-US\"},{\"@type\":\"Organization\",\"@id\":\"https:\\\/\\\/fit360.ee\\\/en\\\/#organization\",\"name\":\"Fit360\",\"url\":\"https:\\\/\\\/fit360.ee\\\/en\\\/\",\"logo\":{\"@type\":\"ImageObject\",\"inLanguage\":\"en-US\",\"@id\":\"https:\\\/\\\/fit360.ee\\\/en\\\/#\\\/schema\\\/logo\\\/image\\\/\",\"url\":\"https:\\\/\\\/fit360.ee\\\/wp-content\\\/uploads\\\/2017\\\/01\\\/logo-fit360.png\",\"contentUrl\":\"https:\\\/\\\/fit360.ee\\\/wp-content\\\/uploads\\\/2017\\\/01\\\/logo-fit360.png\",\"width\":180,\"height\":66,\"caption\":\"Fit360\"},\"image\":{\"@id\":\"https:\\\/\\\/fit360.ee\\\/en\\\/#\\\/schema\\\/logo\\\/image\\\/\"}}]}<\/script>\n<!-- \/ Yoast SEO plugin. -->","yoast_head_json":{"title":"Roheline Kohvi (90 vCaps) - Green Coffee - Rohelise kohvi Ekstrakt -","description":"Roheline Kohvi ehk Green coffee ekstrakt soodustab kehakaalu langust, kiirendab ainevahetust ning v\u00e4hendab gl\u00fckoosi imendumist. Kiire tarne.","robots":{"index":"index","follow":"follow","max-snippet":"max-snippet:-1","max-image-preview":"max-image-preview:large","max-video-preview":"max-video-preview:-1"},"canonical":"https:\/\/fit360.ee\/en\/pood\/product-groups\/superfoods-health-foods-en\/green-tea-extract-en\/roheline-kohvi-90vcaps\/","og_locale":"en_US","og_type":"article","og_title":"Roheline Kohvi (90 vCaps) - Green Coffee - Rohelise kohvi Ekstrakt -","og_description":"Roheline Kohvi ehk Green coffee ekstrakt soodustab kehakaalu langust, kiirendab ainevahetust ning v\u00e4hendab gl\u00fckoosi imendumist. Kiire tarne.","og_url":"https:\/\/fit360.ee\/en\/pood\/product-groups\/superfoods-health-foods-en\/green-tea-extract-en\/roheline-kohvi-90vcaps\/","og_site_name":"Fit360","article_modified_time":"2025-08-13T05:38:36+00:00","og_image":[{"width":450,"height":450,"url":"https:\/\/fit360.ee\/wp-content\/uploads\/2021\/03\/roheline-kohvi-kapslid-fit360.ee-1.png","type":"image\/png"}],"twitter_card":"summary_large_image","twitter_misc":{"Est. reading time":"2 minutes"},"schema":{"@context":"https:\/\/schema.org","@graph":[{"@type":"WebPage","@id":"https:\/\/fit360.ee\/en\/pood\/product-groups\/superfoods-health-foods-en\/green-tea-extract-en\/roheline-kohvi-90vcaps\/","url":"https:\/\/fit360.ee\/en\/pood\/product-groups\/superfoods-health-foods-en\/green-tea-extract-en\/roheline-kohvi-90vcaps\/","name":"Roheline Kohvi (90 vCaps) - Green Coffee - Rohelise kohvi Ekstrakt -","isPartOf":{"@id":"https:\/\/fit360.ee\/en\/#website"},"primaryImageOfPage":{"@id":"https:\/\/fit360.ee\/en\/pood\/product-groups\/superfoods-health-foods-en\/green-tea-extract-en\/roheline-kohvi-90vcaps\/#primaryimage"},"image":{"@id":"https:\/\/fit360.ee\/en\/pood\/product-groups\/superfoods-health-foods-en\/green-tea-extract-en\/roheline-kohvi-90vcaps\/#primaryimage"},"thumbnailUrl":"https:\/\/fit360.ee\/wp-content\/uploads\/2021\/03\/roheline-kohvi-kapslid-fit360.ee-1.png","datePublished":"2021-03-06T14:56:09+00:00","dateModified":"2025-08-13T05:38:36+00:00","description":"Roheline Kohvi ehk Green coffee ekstrakt soodustab kehakaalu langust, kiirendab ainevahetust ning v\u00e4hendab gl\u00fckoosi imendumist. Kiire tarne.","breadcrumb":{"@id":"https:\/\/fit360.ee\/en\/pood\/product-groups\/superfoods-health-foods-en\/green-tea-extract-en\/roheline-kohvi-90vcaps\/#breadcrumb"},"inLanguage":"en-US","potentialAction":[{"@type":"ReadAction","target":["https:\/\/fit360.ee\/en\/pood\/product-groups\/superfoods-health-foods-en\/green-tea-extract-en\/roheline-kohvi-90vcaps\/"]}]},{"@type":"ImageObject","inLanguage":"en-US","@id":"https:\/\/fit360.ee\/en\/pood\/product-groups\/superfoods-health-foods-en\/green-tea-extract-en\/roheline-kohvi-90vcaps\/#primaryimage","url":"https:\/\/fit360.ee\/wp-content\/uploads\/2021\/03\/roheline-kohvi-kapslid-fit360.ee-1.png","contentUrl":"https:\/\/fit360.ee\/wp-content\/uploads\/2021\/03\/roheline-kohvi-kapslid-fit360.ee-1.png","width":450,"height":450,"caption":"roheline kohvi kapslid - fit360.ee"},{"@type":"BreadcrumbList","@id":"https:\/\/fit360.ee\/en\/pood\/product-groups\/superfoods-health-foods-en\/green-tea-extract-en\/roheline-kohvi-90vcaps\/#breadcrumb","itemListElement":[{"@type":"ListItem","position":1,"name":"Home","item":"https:\/\/fit360.ee\/en\/"},{"@type":"ListItem","position":2,"name":"Shop","item":"https:\/\/fit360.ee\/en\/shop\/"},{"@type":"ListItem","position":3,"name":"Roheline Kohvi (90 vCaps)"}]},{"@type":"WebSite","@id":"https:\/\/fit360.ee\/en\/#website","url":"https:\/\/fit360.ee\/en\/","name":"Fit360","description":"","publisher":{"@id":"https:\/\/fit360.ee\/en\/#organization"},"potentialAction":[{"@type":"SearchAction","target":{"@type":"EntryPoint","urlTemplate":"https:\/\/fit360.ee\/en\/?s={search_term_string}"},"query-input":{"@type":"PropertyValueSpecification","valueRequired":true,"valueName":"search_term_string"}}],"inLanguage":"en-US"},{"@type":"Organization","@id":"https:\/\/fit360.ee\/en\/#organization","name":"Fit360","url":"https:\/\/fit360.ee\/en\/","logo":{"@type":"ImageObject","inLanguage":"en-US","@id":"https:\/\/fit360.ee\/en\/#\/schema\/logo\/image\/","url":"https:\/\/fit360.ee\/wp-content\/uploads\/2017\/01\/logo-fit360.png","contentUrl":"https:\/\/fit360.ee\/wp-content\/uploads\/2017\/01\/logo-fit360.png","width":180,"height":66,"caption":"Fit360"},"image":{"@id":"https:\/\/fit360.ee\/en\/#\/schema\/logo\/image\/"}}]}},"_links":{"self":[{"href":"https:\/\/fit360.ee\/en\/wp-json\/wp\/v2\/product\/50963","targetHints":{"allow":["GET"]}}],"collection":[{"href":"https:\/\/fit360.ee\/en\/wp-json\/wp\/v2\/product"}],"about":[{"href":"https:\/\/fit360.ee\/en\/wp-json\/wp\/v2\/types\/product"}],"replies":[{"embeddable":true,"href":"https:\/\/fit360.ee\/en\/wp-json\/wp\/v2\/comments?post=50963"}],"wp:featuredmedia":[{"embeddable":true,"href":"https:\/\/fit360.ee\/en\/wp-json\/wp\/v2\/media\/84389"}],"wp:attachment":[{"href":"https:\/\/fit360.ee\/en\/wp-json\/wp\/v2\/media?parent=50963"}],"wp:term":[{"taxonomy":"product_brand","embeddable":true,"href":"https:\/\/fit360.ee\/en\/wp-json\/wp\/v2\/product_brand?post=50963"},{"taxonomy":"product_cat","embeddable":true,"href":"https:\/\/fit360.ee\/en\/wp-json\/wp\/v2\/product_cat?post=50963"},{"taxonomy":"product_tag","embeddable":true,"href":"https:\/\/fit360.ee\/en\/wp-json\/wp\/v2\/product_tag?post=50963"},{"taxonomy":"giftcard-category","embeddable":true,"href":"https:\/\/fit360.ee\/en\/wp-json\/wp\/v2\/giftcard-category?post=50963"}],"curies":[{"name":"wp","href":"https:\/\/api.w.org\/{rel}","templated":true}]}}