{"id":50974,"date":"2021-03-06T18:04:29","date_gmt":"2021-03-06T16:04:29","guid":{"rendered":"https:\/\/fit360.ee\/?post_type=product&#038;p=50974"},"modified":"2026-01-26T15:04:17","modified_gmt":"2026-01-26T13:04:17","slug":"triple-magnesium-b6-p-5-p-90caps","status":"publish","type":"product","link":"https:\/\/fit360.ee\/en\/pood\/product-groups\/vitamins-and-minerals-en\/magnesium-en\/triple-magnesium-b6-p-5-p-90caps\/","title":{"rendered":"Triple Magnesium + B6 P-5-P (90caps)"},"content":{"rendered":"<h1>TRIPLE MAGNESIUM<\/h1>\n<p><strong>Triple Magnesium P-5-P<\/strong> on toidulisand kapsli kujul.<\/p>\n<p>Triple Magnesium P-5-P on toode, kus on \u00fcendatud 3 erinevat magneesiumi vormi pulbri kujul &#8211; Magneesiumtsitraat, Magneesiumlaktaat ja Magneesiumkarbonaat.<\/p>\n<p><strong>Magneesiumi on vaja<\/strong>:<\/p>\n<ul>\n<li><strong><a href=\"https:\/\/fit360.ee\/en\/product-category\/product-groups\/energy-carbohydrates\/\">S\u00fcsivesikute<\/a><\/strong>, <a href=\"https:\/\/fit360.ee\/en\/product-category\/product-groups\/essential-fats-en\/\"><strong>rasvade<\/strong><\/a> ja <a href=\"https:\/\/fit360.ee\/en\/product-category\/product-groups\/amino-acids-bcaa\/\"><strong>aminohapete<\/strong><\/a> normaalseks ainevahetuseks<\/li>\n<li>Organismis soolade koostises luukoe tekkes, kaltsiumi rolli soodustamiseks inimorganismis (nt luukoe areng, uuenemine),<\/li>\n<li>S\u00fcdamelihaste t\u00f6\u00f6ks ja vereringe reguleerimiseks,<\/li>\n<li>Normaalseks n\u00e4rvitalitluseks,<\/li>\n<li>Elektrol\u00fc\u00fctide tasakaalu s\u00e4ilitamiseks<\/li>\n<li>V\u00e4hendada v\u00e4simust<\/li>\n<\/ul>\n<p>Magneesium on kahtlemata k\u00f5ige t\u00e4htsam mineraal, sellepuudus v\u00f5ib tekitada t\u00f5siseid probleeme. Dr Norman Shealy (USA neurokirurg ja pioneer valumeditsiinis) s\u00f5nul iga tuntud haigus on seotud magneesiumi puudusega ning magneesiumi tarbimine aitab ravida palju haigusi. Magneesium aitab reguleerida kaltsiumi, kaaliumi ja sodiumi taset ning ta on oluline raku toimimise jaoks. Magneesium on oluline komponent rohkem kui 300 biokeemilisesfunktsioonis kehas.<\/p>\n<p><strong>Koostisosad<\/strong>: Magneesiumkarbonaat (magneesium), Magneesiumtsitraat (magneesium), Magneesiumlaktaat (magneesium), paakumisvastane aine: r\u00e4nidioksiid, kattekompositsioon (t\u00e4iteaine: h\u00fcdroks\u00fcprop\u00fc\u00fclmet\u00fc\u00fcltselluloos), p\u00fcridoksaal-5\u2019-fosfaat P-5-P (vitamiin B6).<\/p>\n<p><strong>Kasutamine<\/strong>: V\u00f5ta \u00fcks serveering &#8211; 3 kapslit koos veega \u00fcks kord p\u00e4evas.<\/p>\n<p><strong>Suurus<\/strong>: 90 kapslit &#8211; 30 serveeringut<\/p>\n<table>\n<tbody>\n<tr>\n<td width=\"226\"><strong>Aktiivsed toimeained<\/strong><\/td>\n<td width=\"214\"><strong>3 kapslit<\/strong><\/td>\n<td width=\"198\"><strong>SPK %*<\/strong><\/td>\n<\/tr>\n<tr>\n<td width=\"226\"><strong>Magneesium<\/strong> \u2013<\/td>\n<td width=\"214\">375mg<\/td>\n<td width=\"198\">100%<\/td>\n<\/tr>\n<tr>\n<td width=\"226\">Magneesiumkarbonaadist<\/td>\n<td width=\"214\">297mg<\/td>\n<td width=\"198\">&#8211;<\/td>\n<\/tr>\n<tr>\n<td width=\"226\">Magneesiumtsitraadist<\/td>\n<td width=\"214\">41mg<\/td>\n<td width=\"198\">&#8211;<\/td>\n<\/tr>\n<tr>\n<td width=\"226\">Magneesiumlaktaadist<\/td>\n<td width=\"214\">37mg<\/td>\n<td width=\"198\">&#8211;<\/td>\n<\/tr>\n<tr>\n<td width=\"226\">Vitamiin B6 P-5P<\/td>\n<td width=\"214\">4,2mg<\/td>\n<td width=\"198\">300%<\/td>\n<\/tr>\n<\/tbody>\n<\/table>\n<p>*-Soovitatud p\u00e4evane kogus %<\/p>\n<p>Vaata ka meie Teisi Magneesiume <a href=\"https:\/\/fit360.ee\/en\/product-category\/product-groups\/vitamins-and-minerals-en\/magnesium-en\/\"><strong>SIIT<\/strong><\/a>!<\/p>\n<p>soovid teha suuremat tellimust? Vaata antud toodet ka meie HULGI lehelt <a href=\"https:\/\/toidulisandidhulgi.ee\/product\/triple-magnesium-b6-p-5-p-90caps\/\"><strong>SIIT<\/strong><\/a>!<\/p>\n","protected":false},"excerpt":{"rendered":"<h2><strong>Magneesiumi on vaja<\/strong>:<\/h2>\n<ul>\n<li><strong>S\u00fcsivesikute<\/strong>, <strong>rasvade<\/strong> ja <strong>aminohapete<\/strong> normaalseks ainevahetuseks<\/li>\n<li>Organismis soolade koostises luukoe tekkes, kaltsiumi rolli soodustamiseks inimorganismis (nt luukoe areng, uuenemine),<\/li>\n<li>S\u00fcdamelihaste t\u00f6\u00f6ks ja vereringe reguleerimiseks,<\/li>\n<li>Normaalseks n\u00e4rvitalitluseks,<\/li>\n<li>Elektrol\u00fc\u00fctide tasakaalu s\u00e4ilitamiseks<\/li>\n<li>V\u00e4hendada v\u00e4simust<\/li>\n<\/ul>\n","protected":false},"featured_media":76651,"comment_status":"closed","ping_status":"closed","template":"","meta":[],"product_brand":[],"product_cat":[1915,1329,1454,536],"product_tag":[2650,1924,2651],"giftcard-category":[],"class_list":{"0":"post-50974","1":"product","2":"type-product","3":"status-publish","4":"has-post-thumbnail","6":"product_cat-magnesium-en","7":"product_cat-ostrovit-en","8":"product_cat-superfoods-health-foods-en","9":"product_cat-vitamins-and-minerals-en","10":"product_tag-magneesiumikompleks-en","11":"product_tag-ostrovit-en","12":"product_tag-triple-magnesium-en","13":"pa_toidulisand-branddd-ostrovit","14":"pa_tootegruppp-magneesium-en","15":"pa_tootegruppp-supertoit-tervisetoit-en","16":"pa_tootegruppp-vitamins-and-minerals","18":"first","19":"instock","20":"sale","21":"taxable","22":"shipping-taxable","23":"purchasable","24":"product-type-simple"},"yoast_head":"<!-- This site is optimized with the Yoast SEO plugin v27.3 - https:\/\/yoast.com\/product\/yoast-seo-wordpress\/ -->\n<title>Triple Magnesium P-5-P (90caps) - Magneesiumikompleks - Kiire tarne -<\/title>\n<meta name=\"description\" content=\"Triple Magnesium P-5-P on toode, kus on \u00fcendatud 3 erinevat magneesiumi vormi pulbri kujul: Magneesiumtsitraat, -laktaat ja -karbonaat.\" \/>\n<meta name=\"robots\" content=\"index, follow, max-snippet:-1, max-image-preview:large, max-video-preview:-1\" \/>\n<link rel=\"canonical\" href=\"https:\/\/fit360.ee\/en\/pood\/product-groups\/vitamins-and-minerals-en\/magnesium-en\/triple-magnesium-b6-p-5-p-90caps\/\" \/>\n<meta property=\"og:locale\" content=\"en_US\" \/>\n<meta property=\"og:type\" content=\"article\" \/>\n<meta property=\"og:title\" content=\"Triple Magnesium P-5-P (90caps) - Magneesiumikompleks - Kiire tarne -\" \/>\n<meta property=\"og:description\" content=\"Triple Magnesium P-5-P on toode, kus on \u00fcendatud 3 erinevat magneesiumi vormi pulbri kujul: Magneesiumtsitraat, -laktaat ja -karbonaat.\" \/>\n<meta property=\"og:url\" content=\"https:\/\/fit360.ee\/en\/pood\/product-groups\/vitamins-and-minerals-en\/magnesium-en\/triple-magnesium-b6-p-5-p-90caps\/\" \/>\n<meta property=\"og:site_name\" content=\"Fit360\" \/>\n<meta property=\"article:modified_time\" content=\"2026-01-26T13:04:17+00:00\" \/>\n<meta property=\"og:image\" content=\"https:\/\/fit360.ee\/wp-content\/uploads\/2021\/03\/ostrovit-triple-magnesium-fit360.ee-1.png\" \/>\n\t<meta property=\"og:image:width\" content=\"450\" \/>\n\t<meta property=\"og:image:height\" content=\"450\" \/>\n\t<meta property=\"og:image:type\" content=\"image\/png\" \/>\n<meta name=\"twitter:card\" content=\"summary_large_image\" \/>\n<meta name=\"twitter:label1\" content=\"Est. reading time\" \/>\n\t<meta name=\"twitter:data1\" content=\"1 minute\" \/>\n<script type=\"application\/ld+json\" class=\"yoast-schema-graph\">{\"@context\":\"https:\\\/\\\/schema.org\",\"@graph\":[{\"@type\":\"WebPage\",\"@id\":\"https:\\\/\\\/fit360.ee\\\/en\\\/pood\\\/product-groups\\\/vitamins-and-minerals-en\\\/magnesium-en\\\/triple-magnesium-b6-p-5-p-90caps\\\/\",\"url\":\"https:\\\/\\\/fit360.ee\\\/en\\\/pood\\\/product-groups\\\/vitamins-and-minerals-en\\\/magnesium-en\\\/triple-magnesium-b6-p-5-p-90caps\\\/\",\"name\":\"Triple Magnesium P-5-P (90caps) - Magneesiumikompleks - Kiire tarne -\",\"isPartOf\":{\"@id\":\"https:\\\/\\\/fit360.ee\\\/en\\\/#website\"},\"primaryImageOfPage\":{\"@id\":\"https:\\\/\\\/fit360.ee\\\/en\\\/pood\\\/product-groups\\\/vitamins-and-minerals-en\\\/magnesium-en\\\/triple-magnesium-b6-p-5-p-90caps\\\/#primaryimage\"},\"image\":{\"@id\":\"https:\\\/\\\/fit360.ee\\\/en\\\/pood\\\/product-groups\\\/vitamins-and-minerals-en\\\/magnesium-en\\\/triple-magnesium-b6-p-5-p-90caps\\\/#primaryimage\"},\"thumbnailUrl\":\"https:\\\/\\\/fit360.ee\\\/wp-content\\\/uploads\\\/2021\\\/03\\\/ostrovit-triple-magnesium-fit360.ee-1.png\",\"datePublished\":\"2021-03-06T16:04:29+00:00\",\"dateModified\":\"2026-01-26T13:04:17+00:00\",\"description\":\"Triple Magnesium P-5-P on toode, kus on \u00fcendatud 3 erinevat magneesiumi vormi pulbri kujul: Magneesiumtsitraat, -laktaat ja -karbonaat.\",\"breadcrumb\":{\"@id\":\"https:\\\/\\\/fit360.ee\\\/en\\\/pood\\\/product-groups\\\/vitamins-and-minerals-en\\\/magnesium-en\\\/triple-magnesium-b6-p-5-p-90caps\\\/#breadcrumb\"},\"inLanguage\":\"en-US\",\"potentialAction\":[{\"@type\":\"ReadAction\",\"target\":[\"https:\\\/\\\/fit360.ee\\\/en\\\/pood\\\/product-groups\\\/vitamins-and-minerals-en\\\/magnesium-en\\\/triple-magnesium-b6-p-5-p-90caps\\\/\"]}]},{\"@type\":\"ImageObject\",\"inLanguage\":\"en-US\",\"@id\":\"https:\\\/\\\/fit360.ee\\\/en\\\/pood\\\/product-groups\\\/vitamins-and-minerals-en\\\/magnesium-en\\\/triple-magnesium-b6-p-5-p-90caps\\\/#primaryimage\",\"url\":\"https:\\\/\\\/fit360.ee\\\/wp-content\\\/uploads\\\/2021\\\/03\\\/ostrovit-triple-magnesium-fit360.ee-1.png\",\"contentUrl\":\"https:\\\/\\\/fit360.ee\\\/wp-content\\\/uploads\\\/2021\\\/03\\\/ostrovit-triple-magnesium-fit360.ee-1.png\",\"width\":450,\"height\":450,\"caption\":\"ostrovit triple magnesium - fit360.ee\"},{\"@type\":\"BreadcrumbList\",\"@id\":\"https:\\\/\\\/fit360.ee\\\/en\\\/pood\\\/product-groups\\\/vitamins-and-minerals-en\\\/magnesium-en\\\/triple-magnesium-b6-p-5-p-90caps\\\/#breadcrumb\",\"itemListElement\":[{\"@type\":\"ListItem\",\"position\":1,\"name\":\"Home\",\"item\":\"https:\\\/\\\/fit360.ee\\\/en\\\/\"},{\"@type\":\"ListItem\",\"position\":2,\"name\":\"Shop\",\"item\":\"https:\\\/\\\/fit360.ee\\\/en\\\/shop\\\/\"},{\"@type\":\"ListItem\",\"position\":3,\"name\":\"Triple Magnesium + B6 P-5-P (90caps)\"}]},{\"@type\":\"WebSite\",\"@id\":\"https:\\\/\\\/fit360.ee\\\/en\\\/#website\",\"url\":\"https:\\\/\\\/fit360.ee\\\/en\\\/\",\"name\":\"Fit360\",\"description\":\"\",\"publisher\":{\"@id\":\"https:\\\/\\\/fit360.ee\\\/en\\\/#organization\"},\"potentialAction\":[{\"@type\":\"SearchAction\",\"target\":{\"@type\":\"EntryPoint\",\"urlTemplate\":\"https:\\\/\\\/fit360.ee\\\/en\\\/?s={search_term_string}\"},\"query-input\":{\"@type\":\"PropertyValueSpecification\",\"valueRequired\":true,\"valueName\":\"search_term_string\"}}],\"inLanguage\":\"en-US\"},{\"@type\":\"Organization\",\"@id\":\"https:\\\/\\\/fit360.ee\\\/en\\\/#organization\",\"name\":\"Fit360\",\"url\":\"https:\\\/\\\/fit360.ee\\\/en\\\/\",\"logo\":{\"@type\":\"ImageObject\",\"inLanguage\":\"en-US\",\"@id\":\"https:\\\/\\\/fit360.ee\\\/en\\\/#\\\/schema\\\/logo\\\/image\\\/\",\"url\":\"https:\\\/\\\/fit360.ee\\\/wp-content\\\/uploads\\\/2017\\\/01\\\/logo-fit360.png\",\"contentUrl\":\"https:\\\/\\\/fit360.ee\\\/wp-content\\\/uploads\\\/2017\\\/01\\\/logo-fit360.png\",\"width\":180,\"height\":66,\"caption\":\"Fit360\"},\"image\":{\"@id\":\"https:\\\/\\\/fit360.ee\\\/en\\\/#\\\/schema\\\/logo\\\/image\\\/\"}}]}<\/script>\n<!-- \/ Yoast SEO plugin. -->","yoast_head_json":{"title":"Triple Magnesium P-5-P (90caps) - Magneesiumikompleks - Kiire tarne -","description":"Triple Magnesium P-5-P on toode, kus on \u00fcendatud 3 erinevat magneesiumi vormi pulbri kujul: Magneesiumtsitraat, -laktaat ja -karbonaat.","robots":{"index":"index","follow":"follow","max-snippet":"max-snippet:-1","max-image-preview":"max-image-preview:large","max-video-preview":"max-video-preview:-1"},"canonical":"https:\/\/fit360.ee\/en\/pood\/product-groups\/vitamins-and-minerals-en\/magnesium-en\/triple-magnesium-b6-p-5-p-90caps\/","og_locale":"en_US","og_type":"article","og_title":"Triple Magnesium P-5-P (90caps) - Magneesiumikompleks - Kiire tarne -","og_description":"Triple Magnesium P-5-P on toode, kus on \u00fcendatud 3 erinevat magneesiumi vormi pulbri kujul: Magneesiumtsitraat, -laktaat ja -karbonaat.","og_url":"https:\/\/fit360.ee\/en\/pood\/product-groups\/vitamins-and-minerals-en\/magnesium-en\/triple-magnesium-b6-p-5-p-90caps\/","og_site_name":"Fit360","article_modified_time":"2026-01-26T13:04:17+00:00","og_image":[{"width":450,"height":450,"url":"https:\/\/fit360.ee\/wp-content\/uploads\/2021\/03\/ostrovit-triple-magnesium-fit360.ee-1.png","type":"image\/png"}],"twitter_card":"summary_large_image","twitter_misc":{"Est. reading time":"1 minute"},"schema":{"@context":"https:\/\/schema.org","@graph":[{"@type":"WebPage","@id":"https:\/\/fit360.ee\/en\/pood\/product-groups\/vitamins-and-minerals-en\/magnesium-en\/triple-magnesium-b6-p-5-p-90caps\/","url":"https:\/\/fit360.ee\/en\/pood\/product-groups\/vitamins-and-minerals-en\/magnesium-en\/triple-magnesium-b6-p-5-p-90caps\/","name":"Triple Magnesium P-5-P (90caps) - Magneesiumikompleks - Kiire tarne -","isPartOf":{"@id":"https:\/\/fit360.ee\/en\/#website"},"primaryImageOfPage":{"@id":"https:\/\/fit360.ee\/en\/pood\/product-groups\/vitamins-and-minerals-en\/magnesium-en\/triple-magnesium-b6-p-5-p-90caps\/#primaryimage"},"image":{"@id":"https:\/\/fit360.ee\/en\/pood\/product-groups\/vitamins-and-minerals-en\/magnesium-en\/triple-magnesium-b6-p-5-p-90caps\/#primaryimage"},"thumbnailUrl":"https:\/\/fit360.ee\/wp-content\/uploads\/2021\/03\/ostrovit-triple-magnesium-fit360.ee-1.png","datePublished":"2021-03-06T16:04:29+00:00","dateModified":"2026-01-26T13:04:17+00:00","description":"Triple Magnesium P-5-P on toode, kus on \u00fcendatud 3 erinevat magneesiumi vormi pulbri kujul: Magneesiumtsitraat, -laktaat ja -karbonaat.","breadcrumb":{"@id":"https:\/\/fit360.ee\/en\/pood\/product-groups\/vitamins-and-minerals-en\/magnesium-en\/triple-magnesium-b6-p-5-p-90caps\/#breadcrumb"},"inLanguage":"en-US","potentialAction":[{"@type":"ReadAction","target":["https:\/\/fit360.ee\/en\/pood\/product-groups\/vitamins-and-minerals-en\/magnesium-en\/triple-magnesium-b6-p-5-p-90caps\/"]}]},{"@type":"ImageObject","inLanguage":"en-US","@id":"https:\/\/fit360.ee\/en\/pood\/product-groups\/vitamins-and-minerals-en\/magnesium-en\/triple-magnesium-b6-p-5-p-90caps\/#primaryimage","url":"https:\/\/fit360.ee\/wp-content\/uploads\/2021\/03\/ostrovit-triple-magnesium-fit360.ee-1.png","contentUrl":"https:\/\/fit360.ee\/wp-content\/uploads\/2021\/03\/ostrovit-triple-magnesium-fit360.ee-1.png","width":450,"height":450,"caption":"ostrovit triple magnesium - fit360.ee"},{"@type":"BreadcrumbList","@id":"https:\/\/fit360.ee\/en\/pood\/product-groups\/vitamins-and-minerals-en\/magnesium-en\/triple-magnesium-b6-p-5-p-90caps\/#breadcrumb","itemListElement":[{"@type":"ListItem","position":1,"name":"Home","item":"https:\/\/fit360.ee\/en\/"},{"@type":"ListItem","position":2,"name":"Shop","item":"https:\/\/fit360.ee\/en\/shop\/"},{"@type":"ListItem","position":3,"name":"Triple Magnesium + B6 P-5-P (90caps)"}]},{"@type":"WebSite","@id":"https:\/\/fit360.ee\/en\/#website","url":"https:\/\/fit360.ee\/en\/","name":"Fit360","description":"","publisher":{"@id":"https:\/\/fit360.ee\/en\/#organization"},"potentialAction":[{"@type":"SearchAction","target":{"@type":"EntryPoint","urlTemplate":"https:\/\/fit360.ee\/en\/?s={search_term_string}"},"query-input":{"@type":"PropertyValueSpecification","valueRequired":true,"valueName":"search_term_string"}}],"inLanguage":"en-US"},{"@type":"Organization","@id":"https:\/\/fit360.ee\/en\/#organization","name":"Fit360","url":"https:\/\/fit360.ee\/en\/","logo":{"@type":"ImageObject","inLanguage":"en-US","@id":"https:\/\/fit360.ee\/en\/#\/schema\/logo\/image\/","url":"https:\/\/fit360.ee\/wp-content\/uploads\/2017\/01\/logo-fit360.png","contentUrl":"https:\/\/fit360.ee\/wp-content\/uploads\/2017\/01\/logo-fit360.png","width":180,"height":66,"caption":"Fit360"},"image":{"@id":"https:\/\/fit360.ee\/en\/#\/schema\/logo\/image\/"}}]}},"_links":{"self":[{"href":"https:\/\/fit360.ee\/en\/wp-json\/wp\/v2\/product\/50974","targetHints":{"allow":["GET"]}}],"collection":[{"href":"https:\/\/fit360.ee\/en\/wp-json\/wp\/v2\/product"}],"about":[{"href":"https:\/\/fit360.ee\/en\/wp-json\/wp\/v2\/types\/product"}],"replies":[{"embeddable":true,"href":"https:\/\/fit360.ee\/en\/wp-json\/wp\/v2\/comments?post=50974"}],"wp:featuredmedia":[{"embeddable":true,"href":"https:\/\/fit360.ee\/en\/wp-json\/wp\/v2\/media\/76651"}],"wp:attachment":[{"href":"https:\/\/fit360.ee\/en\/wp-json\/wp\/v2\/media?parent=50974"}],"wp:term":[{"taxonomy":"product_brand","embeddable":true,"href":"https:\/\/fit360.ee\/en\/wp-json\/wp\/v2\/product_brand?post=50974"},{"taxonomy":"product_cat","embeddable":true,"href":"https:\/\/fit360.ee\/en\/wp-json\/wp\/v2\/product_cat?post=50974"},{"taxonomy":"product_tag","embeddable":true,"href":"https:\/\/fit360.ee\/en\/wp-json\/wp\/v2\/product_tag?post=50974"},{"taxonomy":"giftcard-category","embeddable":true,"href":"https:\/\/fit360.ee\/en\/wp-json\/wp\/v2\/giftcard-category?post=50974"}],"curies":[{"name":"wp","href":"https:\/\/api.w.org\/{rel}","templated":true}]}}